{"id":82,"date":"2025-03-19T16:10:06","date_gmt":"2025-03-19T15:10:06","guid":{"rendered":"http:\/\/51.68.119.59\/AmandineBarois\/Insolite\/?page_id=82"},"modified":"2025-03-20T16:04:10","modified_gmt":"2025-03-20T15:04:10","slug":"hebergements","status":"publish","type":"page","link":"http:\/\/51.68.119.59\/AmandineBarois\/Insolite\/index.php\/hebergements\/","title":{"rendered":"H\u00e9bergements"},"content":{"rendered":"\t\t<div data-elementor-type=\"wp-page\" data-elementor-id=\"82\" class=\"elementor elementor-82\">\n\t\t\t\t<div class=\"elementor-element elementor-element-dd2886f e-flex e-con-boxed e-con e-parent\" data-id=\"dd2886f\" data-element_type=\"container\">\n\t\t\t\t\t<div class=\"e-con-inner\">\n\t\t\t\t<div class=\"elementor-element elementor-element-7e6bc57 elementor-widget elementor-widget-es-listings-widget\" data-id=\"7e6bc57\" data-element_type=\"widget\" data-widget_type=\"es-listings-widget.default\">\n\t\t\t\t<div class=\"elementor-widget-container\">\n\t\t\t\t\t    <div data-search-form-selector='.js-es-search:not(.es-search--ignore-ajax)'>\n\n<div class=\"es-properties js-es-properties js-es-entities-wrap es-properties--hfm--full-width\">\n    \n    <div class=\"es-properties__list\">\n\t    \n<div class=\"es-listings__wrap-inner js-es-listings__wrap-inner js-es-entities__wrap_inner et_smooth_scroll_disabled\">\n    <div class=\"es-listings-filter js-es-listings-filter\">\n            <span class=\"es-title\">H\u00e9bergements<\/span>\n    \n            <span class=\"es-total\">\n            4 r\u00e9sultats        <\/span>\n    \n                                    <div class=\"es-form\">\n                \n                               <div class='js-es-field es-field es-field__sort es-field--select '>\n                                   <label for='es-field-sort'><div class='es-field__label'>Trier par<\/div>\n\t\t\t<select id=\"es-field-sort\" name=\"sort\" class=\"js-es-sort es-field__input\" ><option value='newest'  selected='selected'>Le plus r\u00e9cent<\/option><option value='lowest_price' >Prix \u200b\u200ble plus bas<\/option><option value='highest_price' >Le prix le plus \u00e9lev\u00e9<\/option><option value='largest_sq_ft' >Le plus grand pied carr\u00e9\n<\/option><option value='lowest_sq_ft' >Lowest sq ft<\/option><option value='bedrooms' >Des chambres<\/option><option value='bathrooms' >Salles de bains<\/option><\/select>\n\t\t<\/label>\n                               <\/div>\n                                       <\/div>\n                                    <ul class=\"js-es-control--layouts es-control es-control--layouts\">\n    <li class=\"es-control__grid\">\n        <a href=\"\/AmandineBarois\/Insolite\/index.php\/wp-json\/wp\/v2\/pages\/82?layout=grid-3\" data-layout=\"grid-3\" class=\"js-es-change-layout es-btn es-btn--icon es-btn--gray es-btn--big es-btn--active\">\n            <span class=\"es-icon es-icon_grid\"><\/span>\n        <\/a>\n    <\/li>\n    <li class=\"es-control__list\">\n        <a href=\"\/AmandineBarois\/Insolite\/index.php\/wp-json\/wp\/v2\/pages\/82?layout=list\" data-layout=\"list\" class=\"js-es-change-layout es-btn es-btn--icon es-btn--gray es-btn--big \">\n            <span class=\"es-icon es-icon_grid-row\"><\/span>\n        <\/a>\n    <\/li>\n    <li class=\"es-control__hfm\">\n        <a href=\"\/AmandineBarois\/Insolite\/index.php\/wp-json\/wp\/v2\/pages\/82?layout=half_map\" data-layout=\"half_map\" class=\"js-es-change-layout es-btn es-btn--icon es-btn--gray es-btn--big \">\n            <span class=\"es-icon es-icon_marker\"><\/span>\n        <\/a>\n    <\/li>\n<\/ul>\n            <\/div>\n\n\n    <div data-entity=\"listings\" class=\"js-es-listings js-es-entities es-listings es-listings--grid-3\" data-layout=\"es-listings--grid-3\" data-hash=\"bGF5b3V0PWdyaWQtMyZwb3N0c19wZXJfcGFnZT00MCZkaXNhYmxlX25hdmJhcj0wJnNob3dfc29ydD0xJnNob3dfdG90YWw9MSZzaG93X3BhZ2VfdGl0bGU9MSZzaG93X2xheW91dHM9MSZzb3J0PW5ld2VzdCZsaW1pdD0wJmxvb3BfdWlkPTEmcGFnZV90aXRsZT1Iw6liZXJnZW1lbnRzJmlnbm9yZV9zZWFyY2g9MCZzZWFyY2hfZm9ybV9zZWxlY3Rvcj0uanMtZXMtc2VhcmNoOm5vdCguZXMtc2VhcmNoLS1pZ25vcmUtYWpheCkmZW5hYmxlX3NlYXJjaD0wJnNlYXJjaF90eXBlPXNpbXBsZSZlbmFibGVfYWpheD0xJnZpZXdfYWxsX2xpbmtfbmFtZT1Wb2lyIHRvdXQKJnZpZXdfYWxsX3BhZ2VfaWQ9JmRpc2FibGVfcGFnaW5hdGlvbj0wJndpc2hsaXN0X2NvbmZpcm09MCZoZm1fZnVsbF93aWR0aD0xJl9pZ25vcmVfY29vcmRpbmF0ZXM9MCZmaWVsZHNfZGVsaW1pdGVyPSwmc3RyaWN0X2FkZHJlc3M9MCZtYXBfc2hvdz0wJmF1dGhvcnM9MCZtYWluX2ZpZWxkcyU1QjAlNUQ9cHJpY2UmbWFpbl9maWVsZHMlNUIxJTVEPWVzX3R5cGUmbWFpbl9maWVsZHMlNUIyJTVEPWJlZHJvb21zJm1haW5fZmllbGRzJTVCMyU1RD1iYXRocm9vbXMmY29sbGFwc2VkX2ZpZWxkcyU1QjAlNUQ9aGFsZl9iYXRocyZjb2xsYXBzZWRfZmllbGRzJTVCMSU1RD1lc19hbWVuaXR5JmNvbGxhcHNlZF9maWVsZHMlNUIyJTVEPWVzX2ZlYXR1cmUmY29sbGFwc2VkX2ZpZWxkcyU1QjMlNUQ9YXJlYSZjb2xsYXBzZWRfZmllbGRzJTVCNCU1RD1sb3Rfc2l6ZSZjb2xsYXBzZWRfZmllbGRzJTVCNSU1RD1mbG9vcnMmcHJvcF9pZD0mZXNfY2F0ZWdvcnk9ODkmZXNfdHlwZT0mZXNfc3RhdHVzPSZlc19sYWJlbD0=\">\n                                        <div id=\"post-211\" class=\"post-211 properties type-properties status-publish has-post-thumbnail hentry es_location-provence es_category-hebergements es-post-entity\">\n    <div class=\"js-es-listing es-listing es-listing--211\" data-post-id=\"211\">\n        \n<div class=\"es-listing__image\">\n        <div class=\"es-property__control es-listing--hide-on-list\">\n        \n<ul class=\"js-es-control es-control es-control--property-image\">\n            <li class=\"es-control__item es-control__item--wishlist\">\n                            <a href=\"#\" data-popup-id=\"#es-authentication-popup\" class=\"es-btn__wishlist es-btn es-btn--default es-btn--small es-btn--icon js-es-popup-link\">\n                            <span class=\"es-icon es-icon_heart\"><\/span>\n                <span class=\"es-btn__label\">Enregistrer<\/span>\n            <\/a>\n        <\/li>\n            <\/ul>\n    <\/div>\n            <div class=\"es-listing__image__background\" style=\"background-image: url('http:\/\/51.68.119.59\/AmandineBarois\/Insolite\/wp-content\/uploads\/2025\/03\/Tiny-house.jpg')\">\n            <a class=\"es-listings__image__link\"  href=\"http:\/\/51.68.119.59\/AmandineBarois\/Insolite\/index.php\/property\/tiny-house\/\"><\/a>\n        <\/div>\n    <\/div>\n        <div class=\"es-listing__content\">\n            <div class=\"es-listing__content__inner\">\n                <div class=\"es-listing__content__left\">\n                                        <div class='es-badges es-listing--hide-on-list'>\n                        <span class=\"es-price\">80\u20ac<\/span><\/div>\n                    <ul class=\"es-listing__meta\">            <li class=\"es-listing__meta-area\">\n\t\t\t\t\t\t\t\t\t\t\t\t\t\t\t<svg width=\"16\" height=\"16\" viewBox=\"0 0 16 16\" fill=\"none\" xmlns=\"http:\/\/www.w3.org\/2000\/svg\">\n                            <path fill-rule=\"evenodd\" clip-rule=\"evenodd\" d=\"M15.3334 10.6667V5.33333C15.3334 4.59695 14.7364 4 14 4H2.00002C1.26364 4 0.666687 4.59695 0.666687 5.33333V10.6667C0.666687 11.403 1.26364 12 2.00002 12H14C14.7364 12 15.3334 11.403 15.3334 10.6667ZM2.00002 5.33333H3.33335V7.33333H4.66669V5.33333H6.00002V8.66667H7.33335V5.33333H8.66669V7.33333H10V5.33333H11.3334V8.66667H12.6667V5.33333H14V10.6667H2.00002V5.33333Z\" fill=\"#B0BEC5\"\/>\n                        <\/svg>\t\t\t\t\t\t\t\t\t\t\t\t\t<b>32<\/b> <span>m\u00b2<\/span>            <\/li>\n\t\t<\/ul>                <\/div>\n                <div class=\"es-listing__content__right es-listing--hide-on-grid\">\n                    <div class=\"es-property__control es-listing--hide-on-grid\">\n                        \n<ul class=\"js-es-control es-control es-control--property-content\">\n            <li class=\"es-control__item es-control__item--wishlist\">\n                            <a href=\"#\" data-popup-id=\"#es-authentication-popup\" class=\"es-btn__wishlist es-btn es-btn--default es-btn--big es-btn--icon js-es-popup-link\">\n                            <span class=\"es-icon es-icon_heart\"><\/span>\n                <span class=\"es-btn__label\">Enregistrer<\/span>\n            <\/a>\n        <\/li>\n            <\/ul>\n                    <\/div>\n                    <span class=\"es-price\">80\u20ac<\/span>                                    <\/div>\n            <\/div>\n            <div class=\"es-listing__footer\">\n                <ul class=\"es-listing__terms\">\n                                    <li><a href=\"http:\/\/51.68.119.59\/AmandineBarois\/Insolite\/index.php\/property-category\/hebergements\/\">h\u00e9bergements<\/a><\/li>\n                        <\/ul>\n            <\/div>\n\n        <\/div>\n    <\/div>\n    <\/div>\n                                <div id=\"post-125\" class=\"post-125 properties type-properties status-publish has-post-thumbnail hentry es_category-hebergements es-post-entity\">\n    <div class=\"js-es-listing es-listing es-listing--125\" data-post-id=\"125\">\n        \n<div class=\"es-listing__image\">\n        <div class=\"es-property__control es-listing--hide-on-list\">\n        \n<ul class=\"js-es-control es-control es-control--property-image\">\n            <li class=\"es-control__item es-control__item--wishlist\">\n                            <a href=\"#\" data-popup-id=\"#es-authentication-popup\" class=\"es-btn__wishlist es-btn es-btn--default es-btn--small es-btn--icon js-es-popup-link\">\n                            <span class=\"es-icon es-icon_heart\"><\/span>\n                <span class=\"es-btn__label\">Enregistrer<\/span>\n            <\/a>\n        <\/li>\n            <\/ul>\n    <\/div>\n            <div class=\"es-listing__image__background\" style=\"background-image: url('http:\/\/51.68.119.59\/AmandineBarois\/Insolite\/wp-content\/uploads\/2025\/03\/Chalet-redim-1024x576.jpg')\">\n            <a class=\"es-listings__image__link\"  href=\"http:\/\/51.68.119.59\/AmandineBarois\/Insolite\/index.php\/property\/chalet\/\"><\/a>\n        <\/div>\n    <\/div>\n        <div class=\"es-listing__content\">\n            <div class=\"es-listing__content__inner\">\n                <div class=\"es-listing__content__left\">\n                    <h3 class=\"es-listing__title\">\n                        <a href=\"http:\/\/51.68.119.59\/AmandineBarois\/Insolite\/index.php\/property\/chalet\/\" >Souillac<\/a><\/h3>                    <div class='es-badges es-listing--hide-on-list'>\n                        <span class=\"es-price\">100\u20ac<\/span><\/div>\n                    <div class=\"es-address es-listing--hide-on-grid\">Souillac<\/div>                        <p class=\"es-excerpt es-listing--hide-on-grid\">Offrez-vous un s\u00e9jour de d\u00e9tente et de confort avec notre...<\/p>\n                    <ul class=\"es-listing__meta\"><\/ul><div class=\"es-address es-listing--hide-on-list\">Souillac<\/div>                <\/div>\n                <div class=\"es-listing__content__right es-listing--hide-on-grid\">\n                    <div class=\"es-property__control es-listing--hide-on-grid\">\n                        \n<ul class=\"js-es-control es-control es-control--property-content\">\n            <li class=\"es-control__item es-control__item--wishlist\">\n                            <a href=\"#\" data-popup-id=\"#es-authentication-popup\" class=\"es-btn__wishlist es-btn es-btn--default es-btn--big es-btn--icon js-es-popup-link\">\n                            <span class=\"es-icon es-icon_heart\"><\/span>\n                <span class=\"es-btn__label\">Enregistrer<\/span>\n            <\/a>\n        <\/li>\n            <\/ul>\n                    <\/div>\n                    <span class=\"es-price\">100\u20ac<\/span>                                    <\/div>\n            <\/div>\n            <div class=\"es-listing__footer\">\n                <ul class=\"es-listing__terms\">\n                                    <li><a href=\"http:\/\/51.68.119.59\/AmandineBarois\/Insolite\/index.php\/property-category\/hebergements\/\">h\u00e9bergements<\/a><\/li>\n                        <\/ul>\n            <\/div>\n\n        <\/div>\n    <\/div>\n    <\/div>\n                                <div id=\"post-122\" class=\"post-122 properties type-properties status-publish has-post-thumbnail hentry es_category-hebergements es-post-entity\">\n    <div class=\"js-es-listing es-listing es-listing--122\" data-post-id=\"122\">\n        \n<div class=\"es-listing__image\">\n        <div class=\"es-property__control es-listing--hide-on-list\">\n        \n<ul class=\"js-es-control es-control es-control--property-image\">\n            <li class=\"es-control__item es-control__item--wishlist\">\n                            <a href=\"#\" data-popup-id=\"#es-authentication-popup\" class=\"es-btn__wishlist es-btn es-btn--default es-btn--small es-btn--icon js-es-popup-link\">\n                            <span class=\"es-icon es-icon_heart\"><\/span>\n                <span class=\"es-btn__label\">Enregistrer<\/span>\n            <\/a>\n        <\/li>\n            <\/ul>\n    <\/div>\n            <div class=\"es-listing__image__slider js-es-slick\" data-slick=\"{&quot;slidesToShow&quot;:1,&quot;dots&quot;:true,&quot;infinite&quot;:true,&quot;arrows&quot;:true,&quot;prevArrow&quot;:&quot;&lt;button class=&#039;slick-prev&#039;&gt;&lt;span class=&#039;es-icon es-icon_chevron-left slick-prev&#039;&gt;&lt;\\\/span&gt;&lt;\\\/button&gt;&quot;,&quot;nextArrow&quot;:&quot;&lt;button class=&#039;slick-next&#039;&gt;&lt;span class=&#039;es-icon es-icon_chevron-right slick-next&#039;&gt;&lt;\\\/span&gt;&lt;\\\/button&gt;&quot;,&quot;slide&quot;:&quot;div&quot;,&quot;rows&quot;:0,&quot;adaptiveHeight&quot;:true,&quot;dotsClass&quot;:&quot;es-slick-dots&quot;,&quot;lazyLoad&quot;:&quot;ondemand&quot;}\">\n                            <div>\n                    <a class=\"es-listings__image__link\"  href=\"http:\/\/51.68.119.59\/AmandineBarois\/Insolite\/index.php\/property\/tente-bulle\/\">\n                        <img data-lazy=\"http:\/\/51.68.119.59\/AmandineBarois\/Insolite\/wp-content\/uploads\/2025\/03\/tente-bulle-redim.jpg\"\/>\n                    <\/a>\n                <\/div>\n                            <div>\n                    <a class=\"es-listings__image__link\"  href=\"http:\/\/51.68.119.59\/AmandineBarois\/Insolite\/index.php\/property\/tente-bulle\/\">\n                        <img data-lazy=\"http:\/\/51.68.119.59\/AmandineBarois\/Insolite\/wp-content\/uploads\/2025\/03\/lcbybgatlqhll7euqz8s.webp\"\/>\n                    <\/a>\n                <\/div>\n                            <div>\n                    <a class=\"es-listings__image__link\"  href=\"http:\/\/51.68.119.59\/AmandineBarois\/Insolite\/index.php\/property\/tente-bulle\/\">\n                        <img data-lazy=\"http:\/\/51.68.119.59\/AmandineBarois\/Insolite\/wp-content\/uploads\/2025\/03\/ngdo49yei6syyfmav51c.webp\"\/>\n                    <\/a>\n                <\/div>\n                    <\/div>\n    <\/div>\n        <div class=\"es-listing__content\">\n            <div class=\"es-listing__content__inner\">\n                <div class=\"es-listing__content__left\">\n                    <h3 class=\"es-listing__title\">\n                        <a href=\"http:\/\/51.68.119.59\/AmandineBarois\/Insolite\/index.php\/property\/tente-bulle\/\" >Royan<\/a><\/h3>                    <div class='es-badges es-listing--hide-on-list'>\n                        <span class=\"es-price\">80\u20ac<\/span><\/div>\n                    <div class=\"es-address es-listing--hide-on-grid\">Royan<\/div>                        <p class=\"es-excerpt es-listing--hide-on-grid\">Vivez une exp\u00e9rience de camping unique et inoubliable avec notre...<\/p>\n                    <ul class=\"es-listing__meta\">            <li class=\"es-listing__meta-area\">\n\t\t\t\t\t\t\t\t\t\t\t\t\t\t\t<svg width=\"16\" height=\"16\" viewBox=\"0 0 16 16\" fill=\"none\" xmlns=\"http:\/\/www.w3.org\/2000\/svg\">\n                            <path fill-rule=\"evenodd\" clip-rule=\"evenodd\" d=\"M15.3334 10.6667V5.33333C15.3334 4.59695 14.7364 4 14 4H2.00002C1.26364 4 0.666687 4.59695 0.666687 5.33333V10.6667C0.666687 11.403 1.26364 12 2.00002 12H14C14.7364 12 15.3334 11.403 15.3334 10.6667ZM2.00002 5.33333H3.33335V7.33333H4.66669V5.33333H6.00002V8.66667H7.33335V5.33333H8.66669V7.33333H10V5.33333H11.3334V8.66667H12.6667V5.33333H14V10.6667H2.00002V5.33333Z\" fill=\"#B0BEC5\"\/>\n                        <\/svg>\t\t\t\t\t\t\t\t\t\t\t\t\t<b>20<\/b> <span>m\u00b2<\/span>            <\/li>\n\t\t<\/ul><div class=\"es-address es-listing--hide-on-list\">Royan<\/div>                <\/div>\n                <div class=\"es-listing__content__right es-listing--hide-on-grid\">\n                    <div class=\"es-property__control es-listing--hide-on-grid\">\n                        \n<ul class=\"js-es-control es-control es-control--property-content\">\n            <li class=\"es-control__item es-control__item--wishlist\">\n                            <a href=\"#\" data-popup-id=\"#es-authentication-popup\" class=\"es-btn__wishlist es-btn es-btn--default es-btn--big es-btn--icon js-es-popup-link\">\n                            <span class=\"es-icon es-icon_heart\"><\/span>\n                <span class=\"es-btn__label\">Enregistrer<\/span>\n            <\/a>\n        <\/li>\n            <\/ul>\n                    <\/div>\n                    <span class=\"es-price\">80\u20ac<\/span>                                    <\/div>\n            <\/div>\n            <div class=\"es-listing__footer\">\n                <ul class=\"es-listing__terms\">\n                                    <li><a href=\"http:\/\/51.68.119.59\/AmandineBarois\/Insolite\/index.php\/property-category\/hebergements\/\">h\u00e9bergements<\/a><\/li>\n                        <\/ul>\n            <\/div>\n\n        <\/div>\n    <\/div>\n    <\/div>\n                                <div id=\"post-23\" class=\"post-23 properties type-properties status-publish has-post-thumbnail hentry es_location-france es_location-sarlat es_category-hebergements es-post-entity\">\n    <div class=\"js-es-listing es-listing es-listing--23\" data-post-id=\"23\">\n        \n<div class=\"es-listing__image\">\n        <div class=\"es-property__control es-listing--hide-on-list\">\n        \n<ul class=\"js-es-control es-control es-control--property-image\">\n            <li class=\"es-control__item es-control__item--wishlist\">\n                            <a href=\"#\" data-popup-id=\"#es-authentication-popup\" class=\"es-btn__wishlist es-btn es-btn--default es-btn--small es-btn--icon js-es-popup-link\">\n                            <span class=\"es-icon es-icon_heart\"><\/span>\n                <span class=\"es-btn__label\">Enregistrer<\/span>\n            <\/a>\n        <\/li>\n            <\/ul>\n    <\/div>\n            <div class=\"es-listing__image__background\" style=\"background-image: url('http:\/\/51.68.119.59\/AmandineBarois\/Insolite\/wp-content\/uploads\/2025\/03\/tente-redim.jpg')\">\n            <a class=\"es-listings__image__link\"  href=\"http:\/\/51.68.119.59\/AmandineBarois\/Insolite\/index.php\/property\/tente\/\"><\/a>\n        <\/div>\n    <\/div>\n        <div class=\"es-listing__content\">\n            <div class=\"es-listing__content__inner\">\n                <div class=\"es-listing__content__left\">\n                    <h3 class=\"es-listing__title\">\n                        <a href=\"http:\/\/51.68.119.59\/AmandineBarois\/Insolite\/index.php\/property\/tente\/\" >Sarlat-la-Can\u00e9da<\/a><\/h3>                    <div class='es-badges es-listing--hide-on-list'>\n                        <span class=\"es-price\">60\u20ac<\/span><\/div>\n                    <div class=\"es-address es-listing--hide-on-grid\">Sarlat-la-Can\u00e9da<\/div>                        <p class=\"es-excerpt es-listing--hide-on-grid\">Pour une exp\u00e9rience en pleine nature tout en b\u00e9n\u00e9ficiant du...<\/p>\n                    <ul class=\"es-listing__meta\">            <li class=\"es-listing__meta-area\">\n\t\t\t\t\t\t\t\t\t\t\t\t\t\t\t<svg width=\"16\" height=\"16\" viewBox=\"0 0 16 16\" fill=\"none\" xmlns=\"http:\/\/www.w3.org\/2000\/svg\">\n                            <path fill-rule=\"evenodd\" clip-rule=\"evenodd\" d=\"M15.3334 10.6667V5.33333C15.3334 4.59695 14.7364 4 14 4H2.00002C1.26364 4 0.666687 4.59695 0.666687 5.33333V10.6667C0.666687 11.403 1.26364 12 2.00002 12H14C14.7364 12 15.3334 11.403 15.3334 10.6667ZM2.00002 5.33333H3.33335V7.33333H4.66669V5.33333H6.00002V8.66667H7.33335V5.33333H8.66669V7.33333H10V5.33333H11.3334V8.66667H12.6667V5.33333H14V10.6667H2.00002V5.33333Z\" fill=\"#B0BEC5\"\/>\n                        <\/svg>\t\t\t\t\t\t\t\t\t\t\t\t\t<b>20<\/b> <span>m\u00b2<\/span>            <\/li>\n\t\t<\/ul><div class=\"es-address es-listing--hide-on-list\">Sarlat-la-Can\u00e9da<\/div>                <\/div>\n                <div class=\"es-listing__content__right es-listing--hide-on-grid\">\n                    <div class=\"es-property__control es-listing--hide-on-grid\">\n                        \n<ul class=\"js-es-control es-control es-control--property-content\">\n            <li class=\"es-control__item es-control__item--wishlist\">\n                            <a href=\"#\" data-popup-id=\"#es-authentication-popup\" class=\"es-btn__wishlist es-btn es-btn--default es-btn--big es-btn--icon js-es-popup-link\">\n                            <span class=\"es-icon es-icon_heart\"><\/span>\n                <span class=\"es-btn__label\">Enregistrer<\/span>\n            <\/a>\n        <\/li>\n            <\/ul>\n                    <\/div>\n                    <span class=\"es-price\">60\u20ac<\/span>                                    <\/div>\n            <\/div>\n            <div class=\"es-listing__footer\">\n                <ul class=\"es-listing__terms\">\n                                    <li><a href=\"http:\/\/51.68.119.59\/AmandineBarois\/Insolite\/index.php\/property-category\/hebergements\/\">h\u00e9bergements<\/a><\/li>\n                        <\/ul>\n            <\/div>\n\n        <\/div>\n    <\/div>\n    <\/div>\n                        <\/div>\n\t    <div class='es-powered content-font'>Powered by <a target='_blank' href='https:\/\/estatik.net'>Estatik<\/a><\/div><\/div>\n    <\/div>\n    <div class=\"js-es-properties__map es-properties__map \">\n\t        <div class=\"js-es-map es-map\" data-listings=\"{&quot;23&quot;:{&quot;lat&quot;:&quot;44.887915&quot;,&quot;lng&quot;:&quot;1.222302&quot;,&quot;post_id&quot;:23}}\"><\/div>\n    <\/div>\n<\/div>\n\n    <\/div>\n\t\t\t\t<\/div>\n\t\t\t\t<\/div>\n\t\t\t\t\t<\/div>\n\t\t\t\t<\/div>\n\t\t\t\t<\/div>\n\t\t","protected":false},"excerpt":{"rendered":"H\u00e9bergements 3 r\u00e9sultats Trier par Le plus r\u00e9centPrix \u200b\u200ble plus...","protected":false},"author":1,"featured_media":0,"parent":0,"menu_order":0,"comment_status":"closed","ping_status":"closed","template":"","meta":{"site-sidebar-layout":"no-sidebar","site-content-layout":"","ast-site-content-layout":"full-width-container","site-content-style":"default","site-sidebar-style":"default","ast-global-header-display":"","ast-banner-title-visibility":"","ast-main-header-display":"","ast-hfb-above-header-display":"","ast-hfb-below-header-display":"","ast-hfb-mobile-header-display":"","site-post-title":"disabled","ast-breadcrumbs-content":"","ast-featured-img":"disabled","footer-sml-layout":"","theme-transparent-header-meta":"","adv-header-id-meta":"","stick-header-meta":"","header-above-stick-meta":"","header-main-stick-meta":"","header-below-stick-meta":"","astra-migrate-meta-layouts":"default","ast-page-background-enabled":"default","ast-page-background-meta":{"desktop":{"background-color":"var(--ast-global-color-5)","background-image":"","background-repeat":"repeat","background-position":"center center","background-size":"auto","background-attachment":"scroll","background-type":"","background-media":"","overlay-type":"","overlay-color":"","overlay-opacity":"","overlay-gradient":""},"tablet":{"background-color":"","background-image":"","background-repeat":"repeat","background-position":"center center","background-size":"auto","background-attachment":"scroll","background-type":"","background-media":"","overlay-type":"","overlay-color":"","overlay-opacity":"","overlay-gradient":""},"mobile":{"background-color":"","background-image":"","background-repeat":"repeat","background-position":"center center","background-size":"auto","background-attachment":"scroll","background-type":"","background-media":"","overlay-type":"","overlay-color":"","overlay-opacity":"","overlay-gradient":""}},"ast-content-background-meta":{"desktop":{"background-color":"var(--ast-global-color-4)","background-image":"","background-repeat":"repeat","background-position":"center center","background-size":"auto","background-attachment":"scroll","background-type":"","background-media":"","overlay-type":"","overlay-color":"","overlay-opacity":"","overlay-gradient":""},"tablet":{"background-color":"var(--ast-global-color-4)","background-image":"","background-repeat":"repeat","background-position":"center center","background-size":"auto","background-attachment":"scroll","background-type":"","background-media":"","overlay-type":"","overlay-color":"","overlay-opacity":"","overlay-gradient":""},"mobile":{"background-color":"var(--ast-global-color-4)","background-image":"","background-repeat":"repeat","background-position":"center center","background-size":"auto","background-attachment":"scroll","background-type":"","background-media":"","overlay-type":"","overlay-color":"","overlay-opacity":"","overlay-gradient":""}},"footnotes":""},"class_list":["post-82","page","type-page","status-publish","hentry"],"_links":{"self":[{"href":"http:\/\/51.68.119.59\/AmandineBarois\/Insolite\/index.php\/wp-json\/wp\/v2\/pages\/82","targetHints":{"allow":["GET"]}}],"collection":[{"href":"http:\/\/51.68.119.59\/AmandineBarois\/Insolite\/index.php\/wp-json\/wp\/v2\/pages"}],"about":[{"href":"http:\/\/51.68.119.59\/AmandineBarois\/Insolite\/index.php\/wp-json\/wp\/v2\/types\/page"}],"author":[{"embeddable":true,"href":"http:\/\/51.68.119.59\/AmandineBarois\/Insolite\/index.php\/wp-json\/wp\/v2\/users\/1"}],"replies":[{"embeddable":true,"href":"http:\/\/51.68.119.59\/AmandineBarois\/Insolite\/index.php\/wp-json\/wp\/v2\/comments?post=82"}],"version-history":[{"count":7,"href":"http:\/\/51.68.119.59\/AmandineBarois\/Insolite\/index.php\/wp-json\/wp\/v2\/pages\/82\/revisions"}],"predecessor-version":[{"id":199,"href":"http:\/\/51.68.119.59\/AmandineBarois\/Insolite\/index.php\/wp-json\/wp\/v2\/pages\/82\/revisions\/199"}],"wp:attachment":[{"href":"http:\/\/51.68.119.59\/AmandineBarois\/Insolite\/index.php\/wp-json\/wp\/v2\/media?parent=82"}],"curies":[{"name":"wp","href":"https:\/\/api.w.org\/{rel}","templated":true}]}}