{"id":736,"date":"2025-11-06T14:25:59","date_gmt":"2025-11-06T13:25:59","guid":{"rendered":"http:\/\/art-et-communication-2026.local\/?page_id=736"},"modified":"2025-12-12T16:33:25","modified_gmt":"2025-12-12T15:33:25","slug":"accessibilite-et-handicap","status":"publish","type":"page","link":"http:\/\/51.68.119.59\/Artetcom\/wordpress\/?page_id=736","title":{"rendered":"Accessibilit\u00e9 et Handicap"},"content":{"rendered":"\t\t<div data-elementor-type=\"wp-page\" data-elementor-id=\"736\" class=\"elementor elementor-736\" data-elementor-post-type=\"page\">\n\t\t\t\t<div class=\"elementor-element elementor-element-577cfc75 e-flex e-con-boxed e-con e-parent\" data-id=\"577cfc75\" data-element_type=\"container\" data-settings=\"{&quot;background_background&quot;:&quot;classic&quot;}\">\n\t\t\t\t\t<div class=\"e-con-inner\">\n\t\t\t\t<div class=\"elementor-element elementor-element-277d608d elementor-widget elementor-widget-heading\" data-id=\"277d608d\" data-element_type=\"widget\" data-widget_type=\"heading.default\">\n\t\t\t\t\t<h2 class=\"elementor-heading-title elementor-size-default\">Accessibilit\u00e9 et Handicap<\/h2>\t\t\t\t<\/div>\n\t\t\t\t\t<\/div>\n\t\t\t\t<\/div>\n\t\t<div class=\"elementor-element elementor-element-603ebe35 e-flex e-con-boxed e-con e-parent\" data-id=\"603ebe35\" data-element_type=\"container\" data-settings=\"{&quot;background_background&quot;:&quot;classic&quot;}\">\n\t\t\t\t\t<div class=\"e-con-inner\">\n\t\t<div class=\"elementor-element elementor-element-2a1e9d00 e-con-full e-flex e-con e-child\" data-id=\"2a1e9d00\" data-element_type=\"container\">\n\t\t\t\t<div class=\"elementor-element elementor-element-2415d38d elementor-widget elementor-widget-heading\" data-id=\"2415d38d\" data-element_type=\"widget\" data-widget_type=\"heading.default\">\n\t\t\t\t\t<h2 class=\"elementor-heading-title elementor-size-default\">Nous nous mobilisons pour   \n <span style=\"color:#ee9c26\">  l'inclusion et l'accessibilit\u00e9<\/span> de nos formations<\/h2>\t\t\t\t<\/div>\n\t\t\t\t<div class=\"elementor-element elementor-element-1bdebc21 elementor-widget__width-initial elementor-widget elementor-widget-spacer\" data-id=\"1bdebc21\" data-element_type=\"widget\" data-widget_type=\"spacer.default\">\n\t\t\t\t\t\t\t<div class=\"elementor-spacer\">\n\t\t\t<div class=\"elementor-spacer-inner\"><\/div>\n\t\t<\/div>\n\t\t\t\t\t\t<\/div>\n\t\t\t\t<div class=\"elementor-element elementor-element-7a73152e elementor-widget elementor-widget-text-editor\" data-id=\"7a73152e\" data-element_type=\"widget\" data-widget_type=\"text-editor.default\">\n\t\t\t\t\t\t\t\t\t<p>ART &amp; COMMUNICATION a \u00e0 c\u0153ur d\u2019accompagner chaque apprenant dans son parcours de formation et ainsi favoriser ses chances de r\u00e9ussite et de retour \u00e0 l\u2019emploi.<\/p><p>C\u2019est pourquoi, chaque candidat ayant un handicap est invit\u00e9 \u00e0 se signaler d\u00e8s le premier contact. Ainsi, nous mobiliserons notre r\u00e9f\u00e9rent handicap qui veillera \u00e0 prendre en consid\u00e9ration ses difficult\u00e9s et mettre en place des solutions d\u2019am\u00e9nagement.<\/p>\t\t\t\t\t\t\t\t<\/div>\n\t\t\t\t<\/div>\n\t\t<div class=\"elementor-element elementor-element-34f5ad78 e-con-full e-flex e-con e-child\" data-id=\"34f5ad78\" data-element_type=\"container\">\n\t\t\t\t<div class=\"elementor-element elementor-element-d1dc875 elementor-widget elementor-widget-image\" data-id=\"d1dc875\" data-element_type=\"widget\" data-widget_type=\"image.default\">\n\t\t\t\t\t\t\t\t\t\t\t\t\t\t\t<img fetchpriority=\"high\" decoding=\"async\" width=\"800\" height=\"534\" src=\"http:\/\/51.68.119.59\/Artetcom\/wordpress\/wp-content\/uploads\/2025\/12\/gros-plan-adulte-femme-tenue-tablette-1024x683.jpg\" class=\"attachment-large size-large wp-image-1546\" alt=\"\" srcset=\"http:\/\/51.68.119.59\/Artetcom\/wordpress\/wp-content\/uploads\/2025\/12\/gros-plan-adulte-femme-tenue-tablette-1024x683.jpg 1024w, http:\/\/51.68.119.59\/Artetcom\/wordpress\/wp-content\/uploads\/2025\/12\/gros-plan-adulte-femme-tenue-tablette-300x200.jpg 300w, http:\/\/51.68.119.59\/Artetcom\/wordpress\/wp-content\/uploads\/2025\/12\/gros-plan-adulte-femme-tenue-tablette-768x512.jpg 768w, http:\/\/51.68.119.59\/Artetcom\/wordpress\/wp-content\/uploads\/2025\/12\/gros-plan-adulte-femme-tenue-tablette-1536x1025.jpg 1536w, http:\/\/51.68.119.59\/Artetcom\/wordpress\/wp-content\/uploads\/2025\/12\/gros-plan-adulte-femme-tenue-tablette.jpg 1920w\" sizes=\"(max-width: 800px) 100vw, 800px\" \/>\t\t\t\t\t\t\t\t\t\t\t\t\t\t\t<\/div>\n\t\t\t\t<\/div>\n\t\t\t\t\t<\/div>\n\t\t\t\t<\/div>\n\t\t<div class=\"elementor-element elementor-element-25c4df7 e-flex e-con-boxed e-con e-parent\" data-id=\"25c4df7\" data-element_type=\"container\">\n\t\t\t\t\t<div class=\"e-con-inner\">\n\t\t\t\t<div class=\"elementor-element elementor-element-b053cb8 elementor-widget elementor-widget-heading\" data-id=\"b053cb8\" data-element_type=\"widget\" data-widget_type=\"heading.default\">\n\t\t\t\t\t<h2 class=\"elementor-heading-title elementor-size-default\">Nos  <span style=\"color:#ee9c26\">partenaires<\/span> pour les personnes en situation de handicap\n<\/h2>\t\t\t\t<\/div>\n\t\t\t\t<div class=\"elementor-element elementor-element-24982c0 elementor-widget__width-initial elementor-widget elementor-widget-spacer\" data-id=\"24982c0\" data-element_type=\"widget\" data-widget_type=\"spacer.default\">\n\t\t\t\t\t\t\t<div class=\"elementor-spacer\">\n\t\t\t<div class=\"elementor-spacer-inner\"><\/div>\n\t\t<\/div>\n\t\t\t\t\t\t<\/div>\n\t\t<div class=\"elementor-element elementor-element-c23263c e-grid e-con-full e-con e-child\" data-id=\"c23263c\" data-element_type=\"container\">\n\t\t<div class=\"elementor-element elementor-element-6826a77 e-con-full e-flex e-con e-child\" data-id=\"6826a77\" data-element_type=\"container\" data-settings=\"{&quot;background_background&quot;:&quot;classic&quot;}\">\n\t\t\t\t<div class=\"elementor-element elementor-element-bbe54b4 elementor-widget elementor-widget-image\" data-id=\"bbe54b4\" data-element_type=\"widget\" data-widget_type=\"image.default\">\n\t\t\t\t\t\t\t\t\t\t\t\t\t\t\t<img decoding=\"async\" width=\"585\" height=\"229\" src=\"http:\/\/51.68.119.59\/Artetcom\/wordpress\/wp-content\/uploads\/2025\/12\/Logo-formationaccompagne.png\" class=\"attachment-large size-large wp-image-1545\" alt=\"Formation accompagn\u00e9\" srcset=\"http:\/\/51.68.119.59\/Artetcom\/wordpress\/wp-content\/uploads\/2025\/12\/Logo-formationaccompagne.png 585w, http:\/\/51.68.119.59\/Artetcom\/wordpress\/wp-content\/uploads\/2025\/12\/Logo-formationaccompagne-300x117.png 300w\" sizes=\"(max-width: 585px) 100vw, 585px\" \/>\t\t\t\t\t\t\t\t\t\t\t\t\t\t\t<\/div>\n\t\t\t\t<div class=\"elementor-element elementor-element-30191bc elementor-widget elementor-widget-heading\" data-id=\"30191bc\" data-element_type=\"widget\" data-widget_type=\"heading.default\">\n\t\t\t\t\t<h2 class=\"elementor-heading-title elementor-size-default\">Accompagnement m\u00e9dico psycho-social<\/h2>\t\t\t\t<\/div>\n\t\t\t\t<div class=\"elementor-element elementor-element-beab7e6 elementor-widget elementor-widget-text-editor\" data-id=\"beab7e6\" data-element_type=\"widget\" data-widget_type=\"text-editor.default\">\n\t\t\t\t\t\t\t\t\t<p>Depuis plusieurs ann\u00e9es, ART &amp; COMMUNICATION collabore avec le Dispositif Formation Accompagn\u00e9e qui propose un accompagnement m\u00e9dico psycho-social coordonn\u00e9 par un r\u00e9f\u00e9rent de parcours de proximit\u00e9 aux apprenants b\u00e9n\u00e9ficiant d\u2019un financement R\u00e9gion.<\/p>\t\t\t\t\t\t\t\t<\/div>\n\t\t\t\t<\/div>\n\t\t<div class=\"elementor-element elementor-element-7225d13 e-con-full e-flex e-con e-child\" data-id=\"7225d13\" data-element_type=\"container\" data-settings=\"{&quot;background_background&quot;:&quot;classic&quot;}\">\n\t\t\t\t<div class=\"elementor-element elementor-element-4e6b0d8 elementor-widget elementor-widget-image\" data-id=\"4e6b0d8\" data-element_type=\"widget\" data-widget_type=\"image.default\">\n\t\t\t\t\t\t\t\t\t\t\t\t\t\t\t<img decoding=\"async\" width=\"114\" height=\"114\" src=\"http:\/\/51.68.119.59\/Artetcom\/wordpress\/wp-content\/uploads\/2022\/03\/Logo-EPNAK-ESRP-Oissel-2-e1717057547611.png\" class=\"attachment-large size-large wp-image-237\" alt=\"\" \/>\t\t\t\t\t\t\t\t\t\t\t\t\t\t\t<\/div>\n\t\t\t\t<div class=\"elementor-element elementor-element-1b478e4 elementor-widget elementor-widget-heading\" data-id=\"1b478e4\" data-element_type=\"widget\" data-widget_type=\"heading.default\">\n\t\t\t\t\t<h2 class=\"elementor-heading-title elementor-size-default\">Favoriser l'acc\u00e8s \u00e0 la formation\n<\/h2>\t\t\t\t<\/div>\n\t\t\t\t<div class=\"elementor-element elementor-element-090304b elementor-widget elementor-widget-text-editor\" data-id=\"090304b\" data-element_type=\"widget\" data-widget_type=\"text-editor.default\">\n\t\t\t\t\t\t\t\t\t<p>Depuis 2022, ART &amp; COMMUNICATION et l\u2019EPNAK de Oissel s\u2019engagent au travers d\u2019un partenariat \u00e0 favoriser l\u2019acc\u00e8s \u00e0 la formation et \u00e0 l\u2019emploi des personnes en situation de handicap. Ce partenariat a d\u00e9j\u00e0 permis \u00e0 de nombreux stagiaires d\u2019acc\u00e9der \u00e0 une suite de parcours, d\u2019obtenir un niveau 5 et de retrouver un emploi<\/p>\t\t\t\t\t\t\t\t<\/div>\n\t\t\t\t<\/div>\n\t\t\t\t<\/div>\n\t\t\t\t\t<\/div>\n\t\t\t\t<\/div>\n\t\t\t\t<\/div>\n\t\t","protected":false},"excerpt":{"rendered":"<p>Accessibilit\u00e9 et Handicap Nous nous mobilisons pour l&#8217;inclusion et l&#8217;accessibilit\u00e9 de nos formations ART &amp; COMMUNICATION a \u00e0 c\u0153ur d\u2019accompagner chaque apprenant dans son parcours de formation et ainsi favoriser ses chances de r\u00e9ussite et de retour \u00e0 l\u2019emploi. C\u2019est pourquoi, chaque candidat ayant un handicap est invit\u00e9 \u00e0 se signaler d\u00e8s le premier contact. [&hellip;]<\/p>\n","protected":false},"author":1,"featured_media":0,"parent":0,"menu_order":0,"comment_status":"closed","ping_status":"closed","template":"","meta":{"_acf_changed":false,"footnotes":""},"class_list":["post-736","page","type-page","status-publish","hentry"],"acf":[],"_links":{"self":[{"href":"http:\/\/51.68.119.59\/Artetcom\/wordpress\/index.php?rest_route=\/wp\/v2\/pages\/736","targetHints":{"allow":["GET"]}}],"collection":[{"href":"http:\/\/51.68.119.59\/Artetcom\/wordpress\/index.php?rest_route=\/wp\/v2\/pages"}],"about":[{"href":"http:\/\/51.68.119.59\/Artetcom\/wordpress\/index.php?rest_route=\/wp\/v2\/types\/page"}],"author":[{"embeddable":true,"href":"http:\/\/51.68.119.59\/Artetcom\/wordpress\/index.php?rest_route=\/wp\/v2\/users\/1"}],"replies":[{"embeddable":true,"href":"http:\/\/51.68.119.59\/Artetcom\/wordpress\/index.php?rest_route=%2Fwp%2Fv2%2Fcomments&post=736"}],"version-history":[{"count":10,"href":"http:\/\/51.68.119.59\/Artetcom\/wordpress\/index.php?rest_route=\/wp\/v2\/pages\/736\/revisions"}],"predecessor-version":[{"id":1558,"href":"http:\/\/51.68.119.59\/Artetcom\/wordpress\/index.php?rest_route=\/wp\/v2\/pages\/736\/revisions\/1558"}],"wp:attachment":[{"href":"http:\/\/51.68.119.59\/Artetcom\/wordpress\/index.php?rest_route=%2Fwp%2Fv2%2Fmedia&parent=736"}],"curies":[{"name":"wp","href":"https:\/\/api.w.org\/{rel}","templated":true}]}}