{"id":773,"date":"2025-11-06T16:01:13","date_gmt":"2025-11-06T15:01:13","guid":{"rendered":"http:\/\/art-et-communication-2026.local\/?page_id=773"},"modified":"2025-12-15T12:17:41","modified_gmt":"2025-12-15T11:17:41","slug":"mentions-legales","status":"publish","type":"page","link":"http:\/\/51.68.119.59\/Artetcom\/wordpress\/?page_id=773","title":{"rendered":"Mentions L\u00e9gales"},"content":{"rendered":"\t\t<div data-elementor-type=\"wp-page\" data-elementor-id=\"773\" class=\"elementor elementor-773\" data-elementor-post-type=\"page\">\n\t\t\t\t<div class=\"elementor-element elementor-element-140685d0 e-flex e-con-boxed e-con e-parent\" data-id=\"140685d0\" data-element_type=\"container\" data-settings=\"{&quot;background_background&quot;:&quot;classic&quot;}\">\n\t\t\t\t\t<div class=\"e-con-inner\">\n\t\t\t\t<div class=\"elementor-element elementor-element-5e4aa4fd elementor-widget elementor-widget-heading\" data-id=\"5e4aa4fd\" data-element_type=\"widget\" data-widget_type=\"heading.default\">\n\t\t\t\t\t<h2 class=\"elementor-heading-title elementor-size-default\">Mentions L\u00e9gales<\/h2>\t\t\t\t<\/div>\n\t\t\t\t\t<\/div>\n\t\t\t\t<\/div>\n\t\t<div class=\"elementor-element elementor-element-e14d93f e-flex e-con-boxed e-con e-parent\" data-id=\"e14d93f\" data-element_type=\"container\">\n\t\t\t\t\t<div class=\"e-con-inner\">\n\t\t\t\t<div class=\"elementor-element elementor-element-9a4f88c elementor-widget elementor-widget-text-editor\" data-id=\"9a4f88c\" data-element_type=\"widget\" data-widget_type=\"text-editor.default\">\n\t\t\t\t\t\t\t\t\t<p>Conform\u00e9ment aux dispositions de la loi n\u00b0 2004-575 du 21 juin 2004 pour la confiance en l\u2019\u00e9conomie num\u00e9rique, il est pr\u00e9cis\u00e9 aux utilisateurs du site <strong>Art et Communication<\/strong> l\u2019identit\u00e9 des diff\u00e9rents intervenants dans le cadre de sa r\u00e9alisation et de son suivi.<\/p>\t\t\t\t\t\t\t\t<\/div>\n\t\t\t\t<div class=\"elementor-element elementor-element-6f96db7 elementor-widget elementor-widget-heading\" data-id=\"6f96db7\" data-element_type=\"widget\" data-widget_type=\"heading.default\">\n\t\t\t\t\t<h2 class=\"elementor-heading-title elementor-size-default\">Edition du site<\/h2>\t\t\t\t<\/div>\n\t\t\t\t<div class=\"elementor-element elementor-element-283a9ab elementor-widget elementor-widget-text-editor\" data-id=\"283a9ab\" data-element_type=\"widget\" data-widget_type=\"text-editor.default\">\n\t\t\t\t\t\t\t\t\t<p>Le pr\u00e9sent site, accessible \u00e0 l\u2019URL\u00a0<a href=\"https:\/\/www.art-et-communication.com\/\"><u>https:\/\/www.art-et-communication.com <\/u><\/a>, est \u00e9dit\u00e9 par :<\/p><p>Art et Communication, soci\u00e9t\u00e9 au capital de 10 000 euros, inscrite au R.C.S. de ROUEN sous le num\u00e9ro Rouen B 387 475 288, dont le si\u00e8ge social est situ\u00e9 au :<\/p><p>\u00a0<\/p><p><strong>Le Hastings<\/strong>,<\/p><p>27 Rue du 74\u00e9me R\u00e9giment d&#8217;infanterie<\/p><p>76100 ROUEN<\/p><p>\u00a0<\/p><p>Repr\u00e9sent\u00e9e par Yann Fouray d\u00fbment habilit\u00e9e.<\/p>\t\t\t\t\t\t\t\t<\/div>\n\t\t\t\t<div class=\"elementor-element elementor-element-2295f92 elementor-widget elementor-widget-heading\" data-id=\"2295f92\" data-element_type=\"widget\" data-widget_type=\"heading.default\">\n\t\t\t\t\t<h2 class=\"elementor-heading-title elementor-size-default\">H\u00e9bergement<\/h2>\t\t\t\t<\/div>\n\t\t\t\t<div class=\"elementor-element elementor-element-91a9331 elementor-widget elementor-widget-text-editor\" data-id=\"91a9331\" data-element_type=\"widget\" data-widget_type=\"text-editor.default\">\n\t\t\t\t\t\t\t\t\t<p>Le Site est h\u00e9berg\u00e9 par la soci\u00e9t\u00e9 :<\/p><p><strong> OVH SAS<\/strong><\/p><p>2 rue Kellermann \u2013 BP 80157 \u2013 59053 Roubaix Cedex 1<\/p><p>(contact t\u00e9l\u00e9phonique ou email : 1007).<\/p>\t\t\t\t\t\t\t\t<\/div>\n\t\t\t\t<div class=\"elementor-element elementor-element-3f722c7 elementor-widget elementor-widget-heading\" data-id=\"3f722c7\" data-element_type=\"widget\" data-widget_type=\"heading.default\">\n\t\t\t\t\t<h2 class=\"elementor-heading-title elementor-size-default\">Directeur de publication<\/h2>\t\t\t\t<\/div>\n\t\t\t\t<div class=\"elementor-element elementor-element-4656555 elementor-widget elementor-widget-text-editor\" data-id=\"4656555\" data-element_type=\"widget\" data-widget_type=\"text-editor.default\">\n\t\t\t\t\t\t\t\t\t<p>Le directeur de la publication du site est Yann Fouray.<\/p>\t\t\t\t\t\t\t\t<\/div>\n\t\t\t\t<div class=\"elementor-element elementor-element-6698c6f elementor-widget elementor-widget-heading\" data-id=\"6698c6f\" data-element_type=\"widget\" data-widget_type=\"heading.default\">\n\t\t\t\t\t<h2 class=\"elementor-heading-title elementor-size-default\">Nous contacter<\/h2>\t\t\t\t<\/div>\n\t\t\t\t<div class=\"elementor-element elementor-element-97fe531 elementor-widget elementor-widget-text-editor\" data-id=\"97fe531\" data-element_type=\"widget\" data-widget_type=\"text-editor.default\">\n\t\t\t\t\t\t\t\t\t<ul><li>Par t\u00e9l\u00e9phone : +33235038709<\/li><li>Par email : RGPD@art-et-communication.com<\/li><li>Par courrier : Le Hastings, 27 Rue du 74\u00e9me R\u00e9giment d&#8217;infanterie<\/li><\/ul>\t\t\t\t\t\t\t\t<\/div>\n\t\t\t\t<div class=\"elementor-element elementor-element-a886c6d elementor-widget elementor-widget-heading\" data-id=\"a886c6d\" data-element_type=\"widget\" data-widget_type=\"heading.default\">\n\t\t\t\t\t<h2 class=\"elementor-heading-title elementor-size-default\">Donn\u00e9es Personnelles<\/h2>\t\t\t\t<\/div>\n\t\t\t\t<div class=\"elementor-element elementor-element-d6c50fd elementor-widget elementor-widget-text-editor\" data-id=\"d6c50fd\" data-element_type=\"widget\" data-widget_type=\"text-editor.default\">\n\t\t\t\t\t\t\t\t\t<p>Le traitement de vos donn\u00e9es \u00e0 caract\u00e8re personnel est r\u00e9gi par notre politique de confidentialit\u00e9, disponible depuis la section \u00ab\u00a0politique de confidentialit\u00e9\u00a0\u00bb, conform\u00e9ment au R\u00e8glement G\u00e9n\u00e9ral sur la Protection des Donn\u00e9es 2016\/679 du 27 avril 2016 (\u00abRGPD\u00bb).<\/p>\t\t\t\t\t\t\t\t<\/div>\n\t\t\t\t\t<\/div>\n\t\t\t\t<\/div>\n\t\t\t\t<\/div>\n\t\t","protected":false},"excerpt":{"rendered":"<p>Mentions L\u00e9gales Conform\u00e9ment aux dispositions de la loi n\u00b0 2004-575 du 21 juin 2004 pour la confiance en l\u2019\u00e9conomie num\u00e9rique, il est pr\u00e9cis\u00e9 aux utilisateurs du site Art et Communication l\u2019identit\u00e9 des diff\u00e9rents intervenants dans le cadre de sa r\u00e9alisation et de son suivi. Edition du site Le pr\u00e9sent site, accessible \u00e0 l\u2019URL\u00a0https:\/\/www.art-et-communication.com , est [&hellip;]<\/p>\n","protected":false},"author":1,"featured_media":0,"parent":0,"menu_order":0,"comment_status":"closed","ping_status":"closed","template":"","meta":{"_acf_changed":false,"footnotes":""},"class_list":["post-773","page","type-page","status-publish","hentry"],"acf":[],"_links":{"self":[{"href":"http:\/\/51.68.119.59\/Artetcom\/wordpress\/index.php?rest_route=\/wp\/v2\/pages\/773","targetHints":{"allow":["GET"]}}],"collection":[{"href":"http:\/\/51.68.119.59\/Artetcom\/wordpress\/index.php?rest_route=\/wp\/v2\/pages"}],"about":[{"href":"http:\/\/51.68.119.59\/Artetcom\/wordpress\/index.php?rest_route=\/wp\/v2\/types\/page"}],"author":[{"embeddable":true,"href":"http:\/\/51.68.119.59\/Artetcom\/wordpress\/index.php?rest_route=\/wp\/v2\/users\/1"}],"replies":[{"embeddable":true,"href":"http:\/\/51.68.119.59\/Artetcom\/wordpress\/index.php?rest_route=%2Fwp%2Fv2%2Fcomments&post=773"}],"version-history":[{"count":4,"href":"http:\/\/51.68.119.59\/Artetcom\/wordpress\/index.php?rest_route=\/wp\/v2\/pages\/773\/revisions"}],"predecessor-version":[{"id":1576,"href":"http:\/\/51.68.119.59\/Artetcom\/wordpress\/index.php?rest_route=\/wp\/v2\/pages\/773\/revisions\/1576"}],"wp:attachment":[{"href":"http:\/\/51.68.119.59\/Artetcom\/wordpress\/index.php?rest_route=%2Fwp%2Fv2%2Fmedia&parent=773"}],"curies":[{"name":"wp","href":"https:\/\/api.w.org\/{rel}","templated":true}]}}