{"id":775,"date":"2025-11-06T16:01:31","date_gmt":"2025-11-06T15:01:31","guid":{"rendered":"http:\/\/art-et-communication-2026.local\/?page_id=775"},"modified":"2025-12-15T12:41:20","modified_gmt":"2025-12-15T11:41:20","slug":"politique-de-confidentialite-3","status":"publish","type":"page","link":"http:\/\/51.68.119.59\/Artetcom\/wordpress\/?page_id=775","title":{"rendered":"Politique de confidentialit\u00e9"},"content":{"rendered":"\t\t<div data-elementor-type=\"wp-page\" data-elementor-id=\"775\" class=\"elementor elementor-775\" data-elementor-post-type=\"page\">\n\t\t\t\t<div class=\"elementor-element elementor-element-6da48240 e-flex e-con-boxed e-con e-parent\" data-id=\"6da48240\" data-element_type=\"container\" data-settings=\"{&quot;background_background&quot;:&quot;classic&quot;}\">\n\t\t\t\t\t<div class=\"e-con-inner\">\n\t\t\t\t<div class=\"elementor-element elementor-element-6b87d796 elementor-widget elementor-widget-heading\" data-id=\"6b87d796\" data-element_type=\"widget\" data-widget_type=\"heading.default\">\n\t\t\t\t\t<h2 class=\"elementor-heading-title elementor-size-default\">Politique de confidentialit\u00e9<\/h2>\t\t\t\t<\/div>\n\t\t\t\t\t<\/div>\n\t\t\t\t<\/div>\n\t\t<div class=\"elementor-element elementor-element-93f2943 e-flex e-con-boxed e-con e-parent\" data-id=\"93f2943\" data-element_type=\"container\">\n\t\t\t\t\t<div class=\"e-con-inner\">\n\t\t\t\t<div class=\"elementor-element elementor-element-6e87666 elementor-widget elementor-widget-text-editor\" data-id=\"6e87666\" data-element_type=\"widget\" data-widget_type=\"text-editor.default\">\n\t\t\t\t\t\t\t\t\t<section class=\"elementor-section elementor-top-section elementor-element elementor-element-7e7eb6c elementor-section-stretched elementor-section-boxed elementor-section-height-default elementor-section-height-default\" data-id=\"7e7eb6c\" data-element_type=\"section\" data-settings=\"{&quot;stretch_section&quot;:&quot;section-stretched&quot;}\"><div class=\"elementor-container elementor-column-gap-default\"><div class=\"elementor-column elementor-col-100 elementor-top-column elementor-element elementor-element-fb96541\" data-id=\"fb96541\" data-element_type=\"column\"><div class=\"elementor-widget-wrap elementor-element-populated\"><div class=\"elementor-element elementor-element-31c1716 elementor-widget elementor-widget-heading\" data-id=\"31c1716\" data-element_type=\"widget\" data-widget_type=\"heading.default\"><div class=\"elementor-widget-container\"><h2 class=\"elementor-heading-title elementor-size-default\">ARTICLE 1 : Pr\u00e9ambule<\/h2><\/div><\/div><div class=\"elementor-element elementor-element-65b25c5 elementor-widget elementor-widget-text-editor\" data-id=\"65b25c5\" data-element_type=\"widget\" data-widget_type=\"text-editor.default\"><div class=\"elementor-widget-container\"><p class=\"western\">La pr\u00e9sente politique de confidentialit\u00e9 a pour but d\u2019informer les utilisateurs du site :<\/p><ul><li><ul><li class=\"western\">Sur la mani\u00e8re dont sont collect\u00e9es leurs donn\u00e9es personnelles. Sont consid\u00e9r\u00e9es comme des donn\u00e9es personnelles, toute information permettant d\u2019identifier un utilisateur. A ce titre, il peut s\u2019agir : de ses noms et pr\u00e9noms, de son \u00e2ge, de son adresse postale ou email, de sa localisation ou encore de son adresse IP (liste non-exhaustive) ;<\/li><li class=\"western\">Sur les droits dont ils disposent concernant ces donn\u00e9es ;<\/li><li class=\"western\">Sur la personne responsable du traitement des donn\u00e9es \u00e0 caract\u00e8re personnel collect\u00e9es et trait\u00e9es ;<\/li><li class=\"western\">Sur les destinataires de ces donn\u00e9es personnelles ;<\/li><li class=\"western\">Sur la politique du site en mati\u00e8re de cookies.<\/li><\/ul><\/li><\/ul><p class=\"western\">Cette politique compl\u00e8te les mentions l\u00e9gales et les Conditions G\u00e9n\u00e9rales d\u2019Utilisation consultables par les utilisateurs \u00e0 l\u2019adresse suivante :<\/p><p class=\"western\" align=\"center\"><a href=\"https:\/\/www.art-et-communication.com\/centre-de-formation-a-rouen\/mentions-legales\/\">Acc\u00e9der \u00e0 la pages des mentions l\u00e9gales<\/a><\/p><\/div><\/div><\/div><\/div><\/div><\/section><section class=\"elementor-section elementor-top-section elementor-element elementor-element-ba11c17 elementor-section-stretched elementor-section-boxed elementor-section-height-default elementor-section-height-default\" data-id=\"ba11c17\" data-element_type=\"section\" data-settings=\"{&quot;stretch_section&quot;:&quot;section-stretched&quot;}\"><div class=\"elementor-container elementor-column-gap-default\"><div class=\"elementor-column elementor-col-100 elementor-top-column elementor-element elementor-element-b939e87\" data-id=\"b939e87\" data-element_type=\"column\"><div class=\"elementor-widget-wrap elementor-element-populated\"><div class=\"elementor-element elementor-element-2d3a325 elementor-widget elementor-widget-heading\" data-id=\"2d3a325\" data-element_type=\"widget\" data-widget_type=\"heading.default\"><div class=\"elementor-widget-container\"><h3 class=\"elementor-heading-title elementor-size-default\">ARTICLE 2 : Principes relatifs \u00e0 la collecte et au traitement des donn\u00e9es personnelles<\/h3><\/div><\/div><div class=\"elementor-element elementor-element-5b903bc elementor-widget elementor-widget-text-editor\" data-id=\"5b903bc\" data-element_type=\"widget\" data-widget_type=\"text-editor.default\"><div class=\"elementor-widget-container\"><p class=\"western\">Conform\u00e9ment \u00e0 l\u2019article 5 du R\u00e8glement europ\u00e9en 2016\/679, les donn\u00e9es \u00e0 caract\u00e8re personnel sont :<\/p><ul><li><ul><li class=\"western\">Trait\u00e9es de mani\u00e8re licite, loyale et transparente au regard de la personne concern\u00e9e ;<\/li><li class=\"western\">Collect\u00e9es pour des finalit\u00e9s d\u00e9termin\u00e9es (cf. Article 3.1 des pr\u00e9sentes), explicites et l\u00e9gitimes, et ne pas \u00eatre trait\u00e9es ult\u00e9rieurement d\u2019une mani\u00e8re incompatible avec ces finalit\u00e9s ;<\/li><li class=\"western\">Ad\u00e9quates, pertinentes et limit\u00e9es \u00e0 ce qui est n\u00e9cessaire au regard des finalit\u00e9s pour lesquelles elles sont trait\u00e9es ;<\/li><li class=\"western\">Exactes et, si n\u00e9cessaire, tenues \u00e0 jour. Toutes les mesures raisonnables doivent \u00eatre prises pour que les donn\u00e9es \u00e0 caract\u00e8re personnel qui sont inexactes, eu \u00e9gard aux finalit\u00e9s pour lesquelles elles sont trait\u00e9es, soient effac\u00e9es ou rectifi\u00e9es sans tarder ;<\/li><li class=\"western\">Conserv\u00e9es sous une forme permettant l\u2019identification des personnes concern\u00e9es pendant une dur\u00e9e n\u2019exc\u00e9dant pas celle n\u00e9cessaire au regard des finalit\u00e9s pour lesquelles elles sont trait\u00e9es ;<\/li><li class=\"western\">Trait\u00e9es de fa\u00e7on \u00e0 garantir une s\u00e9curit\u00e9 appropri\u00e9e des donn\u00e9es collect\u00e9es, y compris la protection contre le traitement non autoris\u00e9 ou illicite et contre la perte, la destruction ou les d\u00e9g\u00e2ts d\u2019origine accidentelle, \u00e0 l\u2019aide de mesures techniques ou organisationnelles appropri\u00e9es.<\/li><\/ul><\/li><\/ul><p class=\"western\">Le traitement n\u2019est licite que si, et dans la mesure o\u00f9, au moins une des conditions suivantes est remplie :<\/p><ul><li><ul><li class=\"western\">La personne concern\u00e9e a consenti au traitement de ses donn\u00e9es \u00e0 caract\u00e8re personnel pour une ou plusieurs finalit\u00e9s sp\u00e9cifiques ;<\/li><li class=\"western\">Le traitement est n\u00e9cessaire \u00e0 l\u2019ex\u00e9cution d\u2019un contrat auquel la personne concern\u00e9e est partie ou \u00e0 l\u2019ex\u00e9cution de mesures contractuelles prises \u00e0 la demande de celle-ci ;<\/li><li class=\"western\">Le traitement est n\u00e9cessaire au respect d\u2019une obligation l\u00e9gale \u00e0 laquelle le responsable du traitement est soumis ;<\/li><li class=\"western\">Le traitement est n\u00e9cessaire \u00e0 l\u2019ex\u00e9cution d\u2019une mission d\u2019int\u00e9r\u00eat public ou relevant de l\u2019exercice de l\u2019autorit\u00e9 publique dont est investi le responsable du traitement ;<\/li><li class=\"western\">Le traitement est n\u00e9cessaire aux fins des int\u00e9r\u00eats l\u00e9gitimes poursuivis par le responsable du traitement ou par un tiers, \u00e0 moins que ne pr\u00e9valent les int\u00e9r\u00eats ou les libert\u00e9s et droits fondamentaux de la personne concern\u00e9e qui exigent une protection des donn\u00e9es \u00e0 caract\u00e8re personnel, notamment lorsque la personne concern\u00e9e est un enfant.<\/li><\/ul><\/li><\/ul><\/div><\/div><\/div><\/div><\/div><\/section><section class=\"elementor-section elementor-top-section elementor-element elementor-element-051fcf7 elementor-section-stretched elementor-section-boxed elementor-section-height-default elementor-section-height-default\" data-id=\"051fcf7\" data-element_type=\"section\" data-settings=\"{&quot;stretch_section&quot;:&quot;section-stretched&quot;}\"><div class=\"elementor-container elementor-column-gap-default\"><div class=\"elementor-column elementor-col-100 elementor-top-column elementor-element elementor-element-6918b09\" data-id=\"6918b09\" data-element_type=\"column\"><div class=\"elementor-widget-wrap elementor-element-populated\"><div class=\"elementor-element elementor-element-f33c653 elementor-widget elementor-widget-heading\" data-id=\"f33c653\" data-element_type=\"widget\" data-widget_type=\"heading.default\"><div class=\"elementor-widget-container\"><h3 class=\"elementor-heading-title elementor-size-default\">ARTICLE 3 : Donn\u00e9es \u00e0 caract\u00e8re personnelles collect\u00e9es et trait\u00e9es dans le cadre de la navigation sur le site<\/h3><\/div><\/div><div class=\"elementor-element elementor-element-6ae73b3 elementor-widget elementor-widget-text-editor\" data-id=\"6ae73b3\" data-element_type=\"widget\" data-widget_type=\"text-editor.default\"><div class=\"elementor-widget-container\"><h4 class=\"western\"><b>Article 3.1 : Donn\u00e9es collect\u00e9es<\/b><\/h4><p class=\"western\">Les donn\u00e9es personnelles collect\u00e9es dans le cadre de notre activit\u00e9 sont les suivantes : Nom, pr\u00e9nom, Adresse postal, ville, code postal, adresse email, num\u00e9ro de t\u00e9l\u00e9phone, CV.<\/p><p class=\"western\">La collecte et le traitement de ces donn\u00e9es r\u00e9pond aux finalit\u00e9s suivantes :<\/p><p class=\"western\">La collecte de donn\u00e9es personnelles est n\u00e9cessaire dans le cadre de notre activit\u00e9 de formation. Ces informations permettent d\u2019\u00e9tablir une fiche de positionnement, un devis et de g\u00e9rer notre espace client.<\/p><h4 class=\"western\"><b>Article 3.2 : Mode de collecte des donn\u00e9es<\/b><\/h4><p class=\"western\">Lorsque vous utilisez notre site, sont automatiquement collect\u00e9es les donn\u00e9es suivantes :<\/p><p class=\"western\">Identifiant unique, type de navigateur, type d\u2019appareil, dur\u00e9e de visite, page consult\u00e9e.<\/p><p class=\"western\">D\u2019autres donn\u00e9es personnelles sont collect\u00e9es lorsque vous envoyez une demande via le formulaire de contact pr\u00e9sent sur le site. Les donn\u00e9es personnelles suivantes sont\u00a0collect\u00e9es : Nom, pr\u00e9nom, Adresse postal, ville, code postal, adresse email, num\u00e9ro de t\u00e9l\u00e9phone, CV.<\/p><p class=\"western\">Elles sont conserv\u00e9es par le responsable du traitement dans des conditions raisonnables de s\u00e9curit\u00e9, pour une dur\u00e9e de 36 mois.<\/p><p class=\"western\">La soci\u00e9t\u00e9 est susceptible de conserver certaines donn\u00e9es \u00e0 caract\u00e8re personnel au-del\u00e0 des d\u00e9lais annonc\u00e9s ci-dessus afin de remplir ses obligations l\u00e9gales ou r\u00e9glementaires.<\/p><h4 class=\"western\"><b>Article 3.3 : H\u00e9bergement des donn\u00e9es<\/b><\/h4><p class=\"western\">Le site Art &amp; Communication<i>\u00a0<\/i>est h\u00e9berg\u00e9 par OVH\u00a0<i>2 rue Kellermann \u2013 59100 Roubaix, France<\/i><\/p><h4 class=\"western\"><b>Article 3.4 : Politique en mati\u00e8re de cookies<\/b><\/h4><h5 class=\"western\"><b>Article 3.4.1 Qu\u2019est ce qu\u2019un cookie\u00a0?<\/b><\/h5><p class=\"western\">Un cookie est un petit fichier texte et recouvre tout type de traceurs \u00ab\u00a0d\u00e9pos\u00e9s et lus par exemple lors de la consultation d\u2019un site internet, de la lecture d\u2019un courrier \u00e9lectronique, de l\u2019installation ou de l\u2019utilisation d\u2018un logiciel ou d\u2019une application mobile et ce, quel que soit le type de terminal utilis\u00e9\u00a0\u00bb, Il peut \u00eatre d\u00e9pos\u00e9 par le serveur tiers (r\u00e9gie publicitaire, service web analytique, etc.) Les cookies ne compromettent pas la s\u00e9curit\u00e9 du site<\/p><h5 class=\"western\"><b>Article 3.4.2 Les cookies d\u00e9pos\u00e9s par WWF France<\/b><\/h5><p class=\"western\">Lorsque vous vous connectez sur notre Site, nous sommes susceptibles d\u2019installer divers cookies sur votre terminal. Les cookies que nous \u00e9mettons nous permettent de maintenir le bon fonctionnement du site, d\u2019enregistrer et adapter les fonctionnalit\u00e9s du site en fonction de vos pr\u00e9f\u00e9rences de navigation et de g\u00e9rer l\u2019acceptation et la dur\u00e9e de conservation des cookies. Conform\u00e9ment \u00e0 la r\u00e9glementation, les cookies ont une dur\u00e9e de vie de maximum 13mois.<\/p><h5 class=\"western\"><b>Article 3.4.3 Les cookies \u00e9mis par l\u2019interm\u00e9diaire de tiers<\/b><\/h5><h6 class=\"western\"><b>Les cookies analytics<\/b><\/h6><p class=\"western\">Ils nous permettent de suivre les audiences de notre Site et de conna\u00eetre votre navigation sur notre site internet (cookies Google Analytics) et de g\u00e9n\u00e9rer des donn\u00e9es statistiques quant aux utilisations du cela nous permet d\u2019en am\u00e9liorer sa performance.<\/p><h6 class=\"western\"><b>Les cookies des r\u00e9seaux sociaux<\/b><\/h6><p class=\"western\">En naviguant sur notre site internet, vous avez la possibilit\u00e9 de cliquer sur les boutons \u00ab r\u00e9seaux sociaux \u00bb afin de consulter nos profils Facebook, Twitter.\u00a0Ces applications tierces sont susceptibles de d\u00e9poser des cookies pour vous proposer de la publicit\u00e9 cibl\u00e9e.<\/p><p class=\"western\">Nous ne pouvons contr\u00f4ler le processus employ\u00e9 par les r\u00e9seaux sociaux pour collecter les informations relatives \u00e0 votre navigation sur notre Site. Nous vous invitons donc \u00e0 consulter leur politique de protection des donn\u00e9es \u00e0 caract\u00e8re personnel afin de conna\u00eetre leur finalit\u00e9 d\u2019utilisation ainsi que les informations de navigation qu\u2019ils peuvent recueillir.<\/p><h5 class=\"western\"><b>Article 3.4.4 La gestion des cookies<\/b><\/h5><p class=\"western\">Lorsque vous visitez\u00a0<u><a href=\"https:\/\/www.art-et-communication.com\/\">www.art-et-communication.com<\/a><\/u>\u00a0pour la premi\u00e8re fois, un bandeau cookies s\u2019affiche vous proposant de consentir ou refuser \u00e0 la pose de ces cookies.<\/p><p class=\"western\">Vous pouvez \u00e0 tout moment modifier votre choix en cliquant sur le lien gestion des cookies en bas de chaque page.<\/p><\/div><\/div><\/div><\/div><\/div><\/section><section class=\"elementor-section elementor-top-section elementor-element elementor-element-dc61e96 elementor-section-stretched elementor-section-boxed elementor-section-height-default elementor-section-height-default\" data-id=\"dc61e96\" data-element_type=\"section\" data-settings=\"{&quot;stretch_section&quot;:&quot;section-stretched&quot;}\"><div class=\"elementor-container elementor-column-gap-default\"><div class=\"elementor-column elementor-col-100 elementor-top-column elementor-element elementor-element-24abf86\" data-id=\"24abf86\" data-element_type=\"column\"><div class=\"elementor-widget-wrap elementor-element-populated\"><div class=\"elementor-element elementor-element-eb8f862 elementor-widget elementor-widget-heading\" data-id=\"eb8f862\" data-element_type=\"widget\" data-widget_type=\"heading.default\"><div class=\"elementor-widget-container\"><h3 class=\"elementor-heading-title elementor-size-default\">ARTICLE 4 : Responsable du traitement des donn\u00e9es et d\u00e9l\u00e9gu\u00e9 \u00e0 la protection des donn\u00e9es<\/h3><\/div><\/div><div class=\"elementor-element elementor-element-1752f44 elementor-widget elementor-widget-text-editor\" data-id=\"1752f44\" data-element_type=\"widget\" data-widget_type=\"text-editor.default\"><div class=\"elementor-widget-container\"><p class=\"western\">Les donn\u00e9es \u00e0 caract\u00e8re personnelles sont collect\u00e9es par Art &amp; Communication, SASU au capital de 10 000\u20ac, dont le num\u00e9ro d\u2019immatriculation est le Rouen B 387 475 288.<\/p><p class=\"western\">Le responsable du traitement des donn\u00e9es \u00e0 caract\u00e8re personnel peut \u00eatre contact\u00e9 de la mani\u00e8re suivante :<\/p><p class=\"western\">Par courrier \u00e0 l\u2019adresse : Normandie II, 55 rue amiral Cecille 76100 ROUEN;<\/p><p class=\"western\">Par mail : rgpd@art-et-communication.com<\/p><p class=\"western\">Si vous estimez, apr\u00e8s nous avoir contact\u00e9s, que vos droits \u201cInformatique et Libert\u00e9s\u201d, ne sont pas respect\u00e9s, vous pouvez adresser une information \u00e0 la CNIL.<\/p><\/div><\/div><\/div><\/div><\/div><\/section><section class=\"elementor-section elementor-top-section elementor-element elementor-element-6233a9f elementor-section-stretched elementor-section-boxed elementor-section-height-default elementor-section-height-default\" data-id=\"6233a9f\" data-element_type=\"section\" data-settings=\"{&quot;stretch_section&quot;:&quot;section-stretched&quot;}\"><div class=\"elementor-container elementor-column-gap-default\"><div class=\"elementor-column elementor-col-100 elementor-top-column elementor-element elementor-element-0d8709d\" data-id=\"0d8709d\" data-element_type=\"column\"><div class=\"elementor-widget-wrap elementor-element-populated\"><div class=\"elementor-element elementor-element-d95a6f6 elementor-widget elementor-widget-heading\" data-id=\"d95a6f6\" data-element_type=\"widget\" data-widget_type=\"heading.default\"><div class=\"elementor-widget-container\"><h3 class=\"elementor-heading-title elementor-size-default\">ARTICLE 5 : Les droits de l&#8217;utilisateur en mati\u00e8re de collecte et de traitements des donn\u00e9es<\/h3><\/div><\/div><div class=\"elementor-element elementor-element-2bc3fff elementor-widget elementor-widget-text-editor\" data-id=\"2bc3fff\" data-element_type=\"widget\" data-widget_type=\"text-editor.default\"><div class=\"elementor-widget-container\"><p class=\"western\">Tout utilisateur concern\u00e9 par le traitement de ses donn\u00e9es personnelles peut se pr\u00e9valoir des droits suivants, en application du r\u00e8glement europ\u00e9en 2016\/679 et de la Loi Informatique et Libert\u00e9 (Loi 78-17 du 6 janvier 1978) :<\/p><ul><li><ul><li>Droit d\u2019acc\u00e8s, de rectification et droit \u00e0 l\u2019effacement des donn\u00e9es (pos\u00e9s respectivement aux articles 15, 16 et 17 du RGPD) ;<\/li><li>Droit \u00e0 la portabilit\u00e9 des donn\u00e9es (article 20 du RGPD) ;<\/li><li>Droit \u00e0 la limitation (article 18 du RGPD) et \u00e0 l\u2019opposition du traitement des donn\u00e9es (article 21 du RGPD) ;<\/li><li>Droit de ne pas faire l\u2019objet d\u2019une d\u00e9cision fond\u00e9e exclusivement sur un proc\u00e9d\u00e9 automatis\u00e9 ;<\/li><li>Droit de d\u00e9terminer le sort des donn\u00e9es apr\u00e8s la mort ;<\/li><li>Droit de saisir l\u2019autorit\u00e9 de contr\u00f4le comp\u00e9tente (article 77 du RGPD).<\/li><\/ul><\/li><\/ul><p class=\"western\">Pour exercer vos droits, veuillez adresser votre courrier au responsable du traitement des donn\u00e9es cit\u00e9 article 4 ou par mail \u00e0 rgpd@art-et-communication.com.<\/p><p class=\"western\">Afin que le responsable du traitement des donn\u00e9es puisse faire droit \u00e0 sa demande, l\u2019utilisateur peut \u00eatre tenu de lui communiquer certaines informations telles que : ses noms et pr\u00e9noms, son adresse e-mail ainsi que son num\u00e9ro de compte, d\u2019espace personnel ou d\u2019abonn\u00e9.<\/p><p class=\"western\">Consultez le site cnil.fr pour plus d\u2019informations sur vos droits.<\/p><\/div><\/div><\/div><\/div><\/div><\/section><section class=\"elementor-section elementor-top-section elementor-element elementor-element-0bec6c5 elementor-section-stretched elementor-section-boxed elementor-section-height-default elementor-section-height-default\" data-id=\"0bec6c5\" data-element_type=\"section\" data-settings=\"{&quot;stretch_section&quot;:&quot;section-stretched&quot;}\"><div class=\"elementor-container elementor-column-gap-default\"><div class=\"elementor-column elementor-col-100 elementor-top-column elementor-element elementor-element-24e515c\" data-id=\"24e515c\" data-element_type=\"column\"><div class=\"elementor-widget-wrap elementor-element-populated\"><div class=\"elementor-element elementor-element-905e457 elementor-widget elementor-widget-heading\" data-id=\"905e457\" data-element_type=\"widget\" data-widget_type=\"heading.default\"><div class=\"elementor-widget-container\"><h3 class=\"elementor-heading-title elementor-size-default\">ARTICLE 6 : Conditions de modification de la politique de confidentialit\u00e9<\/h3><\/div><\/div><div class=\"elementor-element elementor-element-0576d36 elementor-widget elementor-widget-text-editor\" data-id=\"0576d36\" data-element_type=\"widget\" data-widget_type=\"text-editor.default\"><div class=\"elementor-widget-container\"><p class=\"western\">L\u2019\u00e9diteur du site Art et Communication se r\u00e9serve le droit de pouvoir modifier la pr\u00e9sente Politique \u00e0 tout moment afin d\u2019assurer aux utilisateurs du site sa conformit\u00e9 avec le droit en vigueur.<\/p><p class=\"western\">Les \u00e9ventuelles modifications ne sauraient avoir d\u2019incidence sur les achats ant\u00e9rieurement effectu\u00e9s sur le site, lesquels restent soumis \u00e0 la Politique en vigueur au moment de l\u2019achat et telle qu\u2019accept\u00e9e par l\u2019utilisateur lors de la validation de l\u2019achat.<\/p><p class=\"western\">L\u2019utilisateur est invit\u00e9 \u00e0 prendre connaissance de cette Politique \u00e0 chaque fois qu\u2019il utilise nos services, sans qu\u2019il soit n\u00e9cessaire de l\u2019en pr\u00e9venir formellement.<\/p><p class=\"western\" align=\"left\"><a name=\"__DdeLink__811_3617946010\"><\/a>La pr\u00e9sente politique, \u00e9dit\u00e9e le 01\/02\/2021, a \u00e9t\u00e9 mise \u00e0 jour le 11\/10\/2023.<\/p><\/div><\/div><\/div><\/div><\/div><\/section>\t\t\t\t\t\t\t\t<\/div>\n\t\t\t\t\t<\/div>\n\t\t\t\t<\/div>\n\t\t\t\t<\/div>\n\t\t","protected":false},"excerpt":{"rendered":"<p>Politique de confidentialit\u00e9 ARTICLE 1 : Pr\u00e9ambule La pr\u00e9sente politique de confidentialit\u00e9 a pour but d\u2019informer les utilisateurs du site : Sur la mani\u00e8re dont sont collect\u00e9es leurs donn\u00e9es personnelles. Sont consid\u00e9r\u00e9es comme des donn\u00e9es personnelles, toute information permettant d\u2019identifier un utilisateur. A ce titre, il peut s\u2019agir : de ses noms et pr\u00e9noms, de [&hellip;]<\/p>\n","protected":false},"author":1,"featured_media":0,"parent":0,"menu_order":0,"comment_status":"closed","ping_status":"closed","template":"","meta":{"_acf_changed":false,"footnotes":""},"class_list":["post-775","page","type-page","status-publish","hentry"],"acf":[],"_links":{"self":[{"href":"http:\/\/51.68.119.59\/Artetcom\/wordpress\/index.php?rest_route=\/wp\/v2\/pages\/775","targetHints":{"allow":["GET"]}}],"collection":[{"href":"http:\/\/51.68.119.59\/Artetcom\/wordpress\/index.php?rest_route=\/wp\/v2\/pages"}],"about":[{"href":"http:\/\/51.68.119.59\/Artetcom\/wordpress\/index.php?rest_route=\/wp\/v2\/types\/page"}],"author":[{"embeddable":true,"href":"http:\/\/51.68.119.59\/Artetcom\/wordpress\/index.php?rest_route=\/wp\/v2\/users\/1"}],"replies":[{"embeddable":true,"href":"http:\/\/51.68.119.59\/Artetcom\/wordpress\/index.php?rest_route=%2Fwp%2Fv2%2Fcomments&post=775"}],"version-history":[{"count":4,"href":"http:\/\/51.68.119.59\/Artetcom\/wordpress\/index.php?rest_route=\/wp\/v2\/pages\/775\/revisions"}],"predecessor-version":[{"id":1580,"href":"http:\/\/51.68.119.59\/Artetcom\/wordpress\/index.php?rest_route=\/wp\/v2\/pages\/775\/revisions\/1580"}],"wp:attachment":[{"href":"http:\/\/51.68.119.59\/Artetcom\/wordpress\/index.php?rest_route=%2Fwp%2Fv2%2Fmedia&parent=775"}],"curies":[{"name":"wp","href":"https:\/\/api.w.org\/{rel}","templated":true}]}}