{"id":17,"date":"2025-04-14T16:19:42","date_gmt":"2025-04-14T14:19:42","guid":{"rendered":"http:\/\/51.68.119.59\/Chris\/strapontins\/?page_id=17"},"modified":"2025-04-25T13:28:14","modified_gmt":"2025-04-25T11:28:14","slug":"presentation","status":"publish","type":"page","link":"http:\/\/51.68.119.59\/Chris\/strapontins\/?page_id=17","title":{"rendered":"Pr\u00e9sentation"},"content":{"rendered":"\t\t<div data-elementor-type=\"wp-page\" data-elementor-id=\"17\" class=\"elementor elementor-17\">\n\t\t\t\t<div class=\"elementor-element elementor-element-8127d91 e-flex e-con-boxed e-con e-parent\" data-id=\"8127d91\" data-element_type=\"container\">\n\t\t\t\t\t<div class=\"e-con-inner\">\n\t\t\t\t<div class=\"elementor-element elementor-element-2e5fcb8 elementor-widget elementor-widget-spacer\" data-id=\"2e5fcb8\" data-element_type=\"widget\" data-widget_type=\"spacer.default\">\n\t\t\t\t<div class=\"elementor-widget-container\">\n\t\t\t\t\t\t\t<div class=\"elementor-spacer\">\n\t\t\t<div class=\"elementor-spacer-inner\"><\/div>\n\t\t<\/div>\n\t\t\t\t\t\t<\/div>\n\t\t\t\t<\/div>\n\t\t\t\t\t<\/div>\n\t\t\t\t<\/div>\n\t\t<div class=\"elementor-element elementor-element-5423e7f e-flex e-con-boxed e-con e-parent\" data-id=\"5423e7f\" data-element_type=\"container\">\n\t\t\t\t\t<div class=\"e-con-inner\">\n\t\t\t\t<div class=\"elementor-element elementor-element-521535f elementor-widget elementor-widget-heading\" data-id=\"521535f\" data-element_type=\"widget\" data-widget_type=\"heading.default\">\n\t\t\t\t<div class=\"elementor-widget-container\">\n\t\t\t\t\t<h1 class=\"elementor-heading-title elementor-size-default\">Les Strapontins<\/h1>\t\t\t\t<\/div>\n\t\t\t\t<\/div>\n\t\t\t\t\t<\/div>\n\t\t\t\t<\/div>\n\t\t<div class=\"elementor-element elementor-element-0cd642d e-flex e-con-boxed e-con e-parent\" data-id=\"0cd642d\" data-element_type=\"container\" data-settings=\"{&quot;background_background&quot;:&quot;classic&quot;}\">\n\t\t\t\t\t<div class=\"e-con-inner\">\n\t\t\t\t<div class=\"elementor-element elementor-element-732f037 elementor-widget elementor-widget-heading\" data-id=\"732f037\" data-element_type=\"widget\" data-widget_type=\"heading.default\">\n\t\t\t\t<div class=\"elementor-widget-container\">\n\t\t\t\t\t<h2 class=\"elementor-heading-title elementor-size-default\">Qui sommes nous !<\/h2>\t\t\t\t<\/div>\n\t\t\t\t<\/div>\n\t\t\t\t<div class=\"elementor-element elementor-element-f213671 elementor-widget elementor-widget-text-editor\" data-id=\"f213671\" data-element_type=\"widget\" data-widget_type=\"text-editor.default\">\n\t\t\t\t<div class=\"elementor-widget-container\">\n\t\t\t\t\t\t\t\t\t<p>Fusce ipsum elit, bibendum non lobortis vel, dictum vel tellus. In hac habitasse platea dictumst. Mauris ullamcorper dapibus lorem, in laoreet felis tincidunt a. Sed in lectus bibendum, molestie est id, consectetur ante. Vestibulum rhoncus sapien posuere, ornare mi at, convallis nibh.<\/p><p>Quisque venenatis nibh nisl, id bibendum nisl scelerisque mattis. Nam enim augue, gravida id sagittis viverra, condimentum et metus. Suspendisse in velit ornare, convallis libero non, posuere libero. Suspendisse ipsum purus, iaculis sit amet consectetur vitae, finibus vel sapien.<\/p><p>Vivamus neque sem, interdum et ex vel, euismod mollis sapien. Proin malesuada risus eu molestie fringilla. Suspendisse posuere in libero eu convallis. Pellentesque tincidunt justo nec vehicula tristique. In hac habitasse platea dictumst. Proin molestie faucibus risus quis ultricies. Nulla eu felis volutpat, efficitur mauris vitae, interdum urna.<\/p><p>In nunc tortor, molestie ac arcu eu, rutrum fringilla diam. Pellentesque sit amet nibh est. Morbi cursus eleifend velit sed imperdiet. Nulla a orci sed ante mattis ullamcorper sit amet sed risus. Quisque placerat gravida dolor, sed tempus massa pellentesque et.<\/p><p>Vestibulum ante ipsum primis in faucibus orci luctus et ultrices posuere cubilia curae; Cras nec pellentesque nulla, nec fringilla risus. Nunc dapibus ligula consequat nisi placerat, sit amet consectetur nisl tincidunt. Morbi vitae massa non leo posuere sagittis feugiat non diam.<\/p><p>In placerat non risus vel mollis. Maecenas aliquet lorem at tortor aliquam finibus. Ut nec malesuada eros, in sodales mi.<\/p>\t\t\t\t\t\t\t\t<\/div>\n\t\t\t\t<\/div>\n\t\t\t\t\t<\/div>\n\t\t\t\t<\/div>\n\t\t<div class=\"elementor-element elementor-element-83aaccf e-flex e-con-boxed e-con e-parent\" data-id=\"83aaccf\" data-element_type=\"container\" data-settings=\"{&quot;background_background&quot;:&quot;classic&quot;}\">\n\t\t\t\t\t<div class=\"e-con-inner\">\n\t\t<div class=\"elementor-element elementor-element-51f0357 e-con-full e-flex e-con e-child\" data-id=\"51f0357\" data-element_type=\"container\" data-settings=\"{&quot;background_background&quot;:&quot;classic&quot;}\">\n\t\t\t\t<div class=\"elementor-element elementor-element-a6a8f7b elementor-widget elementor-widget-heading\" data-id=\"a6a8f7b\" data-element_type=\"widget\" data-widget_type=\"heading.default\">\n\t\t\t\t<div class=\"elementor-widget-container\">\n\t\t\t\t\t<h2 class=\"elementor-heading-title elementor-size-default\">Actualit\u00e9s<\/h2>\t\t\t\t<\/div>\n\t\t\t\t<\/div>\n\t\t\t\t<div class=\"elementor-element elementor-element-46c07f9 elementor-widget elementor-widget-image\" data-id=\"46c07f9\" data-element_type=\"widget\" data-widget_type=\"image.default\">\n\t\t\t\t<div class=\"elementor-widget-container\">\n\t\t\t\t\t\t\t\t\t\t\t\t\t\t\t<img decoding=\"async\" src=\"http:\/\/51.68.119.59\/Chris\/strapontins\/wp-content\/uploads\/2025\/04\/1745134483675.jpg\" title=\"\" alt=\"Enfants com\u00e9diens sur la sc\u00e8ne\" loading=\"lazy\" \/>\t\t\t\t\t\t\t\t\t\t\t\t\t\t\t<\/div>\n\t\t\t\t<\/div>\n\t\t\t\t<div class=\"elementor-element elementor-element-886a0e3 elementor-widget elementor-widget-text-editor\" data-id=\"886a0e3\" data-element_type=\"widget\" data-widget_type=\"text-editor.default\">\n\t\t\t\t<div class=\"elementor-widget-container\">\n\t\t\t\t\t\t\t\t\t<p>Lorem ipsum dolor sit amet, consectetur adipiscing elit. Suspendisse convallis arcu.<\/p>\t\t\t\t\t\t\t\t<\/div>\n\t\t\t\t<\/div>\n\t\t\t\t<div class=\"elementor-element elementor-element-57b9668 elementor-widget elementor-widget-button\" data-id=\"57b9668\" data-element_type=\"widget\" data-widget_type=\"button.default\">\n\t\t\t\t<div class=\"elementor-widget-container\">\n\t\t\t\t\t\t\t\t\t<div class=\"elementor-button-wrapper\">\n\t\t\t\t\t<a class=\"elementor-button elementor-button-link elementor-size-sm\" href=\"#\">\n\t\t\t\t\t\t<span class=\"elementor-button-content-wrapper\">\n\t\t\t\t\t\t\t\t\t<span class=\"elementor-button-text\">Lire plus...<\/span>\n\t\t\t\t\t<\/span>\n\t\t\t\t\t<\/a>\n\t\t\t\t<\/div>\n\t\t\t\t\t\t\t\t<\/div>\n\t\t\t\t<\/div>\n\t\t\t\t<\/div>\n\t\t<div class=\"elementor-element elementor-element-2adfd9f e-con-full e-flex e-con e-child\" data-id=\"2adfd9f\" data-element_type=\"container\" data-settings=\"{&quot;background_background&quot;:&quot;classic&quot;}\">\n\t\t\t\t<div class=\"elementor-element elementor-element-2d9acf4 elementor-widget elementor-widget-heading\" data-id=\"2d9acf4\" data-element_type=\"widget\" data-widget_type=\"heading.default\">\n\t\t\t\t<div class=\"elementor-widget-container\">\n\t\t\t\t\t<h2 class=\"elementor-heading-title elementor-size-default\">Galerie<\/h2>\t\t\t\t<\/div>\n\t\t\t\t<\/div>\n\t\t\t\t<div class=\"elementor-element elementor-element-4c6ab64 elementor-widget elementor-widget-image\" data-id=\"4c6ab64\" data-element_type=\"widget\" data-widget_type=\"image.default\">\n\t\t\t\t<div class=\"elementor-widget-container\">\n\t\t\t\t\t\t\t\t\t\t\t\t\t\t\t<img decoding=\"async\" src=\"http:\/\/51.68.119.59\/Chris\/strapontins\/wp-content\/uploads\/2025\/04\/1745134483684.jpg\" title=\"\" alt=\"Com\u00e9diennes et com\u00e9diens sur sc\u00e8ne\" loading=\"lazy\" \/>\t\t\t\t\t\t\t\t\t\t\t\t\t\t\t<\/div>\n\t\t\t\t<\/div>\n\t\t\t\t<div class=\"elementor-element elementor-element-9d2507b elementor-widget elementor-widget-text-editor\" data-id=\"9d2507b\" data-element_type=\"widget\" data-widget_type=\"text-editor.default\">\n\t\t\t\t<div class=\"elementor-widget-container\">\n\t\t\t\t\t\t\t\t\t<p>Lorem ipsum dolor sit amet, consectetur adipiscing elit. Suspendisse convallis arcu.<\/p>\t\t\t\t\t\t\t\t<\/div>\n\t\t\t\t<\/div>\n\t\t\t\t<div class=\"elementor-element elementor-element-36538ff elementor-widget elementor-widget-button\" data-id=\"36538ff\" data-element_type=\"widget\" data-widget_type=\"button.default\">\n\t\t\t\t<div class=\"elementor-widget-container\">\n\t\t\t\t\t\t\t\t\t<div class=\"elementor-button-wrapper\">\n\t\t\t\t\t<a class=\"elementor-button elementor-button-link elementor-size-sm\" href=\"#\">\n\t\t\t\t\t\t<span class=\"elementor-button-content-wrapper\">\n\t\t\t\t\t\t\t\t\t<span class=\"elementor-button-text\">D\u00e9couvrir<\/span>\n\t\t\t\t\t<\/span>\n\t\t\t\t\t<\/a>\n\t\t\t\t<\/div>\n\t\t\t\t\t\t\t\t<\/div>\n\t\t\t\t<\/div>\n\t\t\t\t<\/div>\n\t\t\t\t\t<\/div>\n\t\t\t\t<\/div>\n\t\t\t\t<\/div>\n\t\t","protected":false},"excerpt":{"rendered":"<p>Les Strapontins Qui sommes nous ! Fusce ipsum elit, bibendum non lobortis vel, dictum vel tellus. In hac habitasse platea [&hellip;]<\/p>\n","protected":false},"author":1,"featured_media":0,"parent":0,"menu_order":0,"comment_status":"closed","ping_status":"closed","template":"","meta":{"inline_featured_image":false,"site-sidebar-layout":"no-sidebar","site-content-layout":"","ast-site-content-layout":"full-width-container","site-content-style":"default","site-sidebar-style":"default","ast-global-header-display":"","ast-banner-title-visibility":"","ast-main-header-display":"","ast-hfb-above-header-display":"","ast-hfb-below-header-display":"","ast-hfb-mobile-header-display":"","site-post-title":"disabled","ast-breadcrumbs-content":"","ast-featured-img":"disabled","footer-sml-layout":"","theme-transparent-header-meta":"","adv-header-id-meta":"","stick-header-meta":"","header-above-stick-meta":"","header-main-stick-meta":"","header-below-stick-meta":"","astra-migrate-meta-layouts":"default","ast-page-background-enabled":"default","ast-page-background-meta":{"desktop":{"background-color":"var(--ast-global-color-5)","background-image":"","background-repeat":"repeat","background-position":"center center","background-size":"auto","background-attachment":"scroll","background-type":"","background-media":"","overlay-type":"","overlay-color":"","overlay-opacity":"","overlay-gradient":""},"tablet":{"background-color":"","background-image":"","background-repeat":"repeat","background-position":"center center","background-size":"auto","background-attachment":"scroll","background-type":"","background-media":"","overlay-type":"","overlay-color":"","overlay-opacity":"","overlay-gradient":""},"mobile":{"background-color":"","background-image":"","background-repeat":"repeat","background-position":"center center","background-size":"auto","background-attachment":"scroll","background-type":"","background-media":"","overlay-type":"","overlay-color":"","overlay-opacity":"","overlay-gradient":""}},"ast-content-background-meta":{"desktop":{"background-color":"var(--ast-global-color-4)","background-image":"","background-repeat":"repeat","background-position":"center center","background-size":"auto","background-attachment":"scroll","background-type":"","background-media":"","overlay-type":"","overlay-color":"","overlay-opacity":"","overlay-gradient":""},"tablet":{"background-color":"var(--ast-global-color-4)","background-image":"","background-repeat":"repeat","background-position":"center center","background-size":"auto","background-attachment":"scroll","background-type":"","background-media":"","overlay-type":"","overlay-color":"","overlay-opacity":"","overlay-gradient":""},"mobile":{"background-color":"var(--ast-global-color-4)","background-image":"","background-repeat":"repeat","background-position":"center center","background-size":"auto","background-attachment":"scroll","background-type":"","background-media":"","overlay-type":"","overlay-color":"","overlay-opacity":"","overlay-gradient":""}},"footnotes":""},"class_list":["post-17","page","type-page","status-publish","hentry"],"yoast_head":"<!-- This site is optimized with the Yoast SEO plugin v24.9 - https:\/\/yoast.com\/wordpress\/plugins\/seo\/ -->\n<title>Pr\u00e9sentation -<\/title>\n<meta name=\"robots\" content=\"index, follow, max-snippet:-1, max-image-preview:large, max-video-preview:-1\" \/>\n<link rel=\"canonical\" href=\"http:\/\/51.68.119.59\/Chris\/strapontins\/?page_id=17\" \/>\n<meta property=\"og:locale\" content=\"fr_FR\" \/>\n<meta property=\"og:type\" content=\"article\" \/>\n<meta property=\"og:title\" content=\"Pr\u00e9sentation -\" \/>\n<meta property=\"og:description\" content=\"Les Strapontins Qui sommes nous ! Fusce ipsum elit, bibendum non lobortis vel, dictum vel tellus. In hac habitasse platea [&hellip;]\" \/>\n<meta property=\"og:url\" content=\"http:\/\/51.68.119.59\/Chris\/strapontins\/?page_id=17\" \/>\n<meta property=\"article:publisher\" content=\"https:\/\/www.facebook.com\/theatre.lesstrapontins\" \/>\n<meta property=\"article:modified_time\" content=\"2025-04-25T11:28:14+00:00\" \/>\n<meta property=\"og:image\" content=\"http:\/\/51.68.119.59\/Chris\/strapontins\/wp-content\/uploads\/2025\/04\/1745134483675.jpg\" \/>\n<meta name=\"twitter:card\" content=\"summary_large_image\" \/>\n<meta name=\"twitter:label1\" content=\"Dur\u00e9e de lecture estim\u00e9e\" \/>\n\t<meta name=\"twitter:data1\" content=\"2 minutes\" \/>\n<script type=\"application\/ld+json\" class=\"yoast-schema-graph\">{\"@context\":\"https:\/\/schema.org\",\"@graph\":[{\"@type\":\"WebPage\",\"@id\":\"http:\/\/51.68.119.59\/Chris\/strapontins\/?page_id=17\",\"url\":\"http:\/\/51.68.119.59\/Chris\/strapontins\/?page_id=17\",\"name\":\"Pr\u00e9sentation -\",\"isPartOf\":{\"@id\":\"http:\/\/51.68.119.59\/Chris\/strapontins\/#website\"},\"primaryImageOfPage\":{\"@id\":\"http:\/\/51.68.119.59\/Chris\/strapontins\/?page_id=17#primaryimage\"},\"image\":{\"@id\":\"http:\/\/51.68.119.59\/Chris\/strapontins\/?page_id=17#primaryimage\"},\"thumbnailUrl\":\"http:\/\/51.68.119.59\/Chris\/strapontins\/wp-content\/uploads\/2025\/04\/1745134483675.jpg\",\"datePublished\":\"2025-04-14T14:19:42+00:00\",\"dateModified\":\"2025-04-25T11:28:14+00:00\",\"breadcrumb\":{\"@id\":\"http:\/\/51.68.119.59\/Chris\/strapontins\/?page_id=17#breadcrumb\"},\"inLanguage\":\"fr-FR\",\"potentialAction\":[{\"@type\":\"ReadAction\",\"target\":[\"http:\/\/51.68.119.59\/Chris\/strapontins\/?page_id=17\"]}]},{\"@type\":\"ImageObject\",\"inLanguage\":\"fr-FR\",\"@id\":\"http:\/\/51.68.119.59\/Chris\/strapontins\/?page_id=17#primaryimage\",\"url\":\"http:\/\/51.68.119.59\/Chris\/strapontins\/wp-content\/uploads\/2025\/04\/1745134483675.jpg\",\"contentUrl\":\"http:\/\/51.68.119.59\/Chris\/strapontins\/wp-content\/uploads\/2025\/04\/1745134483675.jpg\",\"width\":1600,\"height\":1068,\"caption\":\"Enfants com\u00e9diens sur la sc\u00e8ne de th\u00e9\u00e2tre\"},{\"@type\":\"BreadcrumbList\",\"@id\":\"http:\/\/51.68.119.59\/Chris\/strapontins\/?page_id=17#breadcrumb\",\"itemListElement\":[{\"@type\":\"ListItem\",\"position\":1,\"name\":\"Accueil\",\"item\":\"http:\/\/51.68.119.59\/Chris\/strapontins\/\"},{\"@type\":\"ListItem\",\"position\":2,\"name\":\"Pr\u00e9sentation\"}]},{\"@type\":\"WebSite\",\"@id\":\"http:\/\/51.68.119.59\/Chris\/strapontins\/#website\",\"url\":\"http:\/\/51.68.119.59\/Chris\/strapontins\/\",\"name\":\"Les Strapontins\",\"description\":\"L&#039;\u00e9cole de Th\u00e9\u00e2tre de Franqueville-Saint-Pierre\",\"publisher\":{\"@id\":\"http:\/\/51.68.119.59\/Chris\/strapontins\/#organization\"},\"alternateName\":\"Compagnie de th\u00e9\u00e2tre Les Strapontins\",\"potentialAction\":[{\"@type\":\"SearchAction\",\"target\":{\"@type\":\"EntryPoint\",\"urlTemplate\":\"http:\/\/51.68.119.59\/Chris\/strapontins\/?s={search_term_string}\"},\"query-input\":{\"@type\":\"PropertyValueSpecification\",\"valueRequired\":true,\"valueName\":\"search_term_string\"}}],\"inLanguage\":\"fr-FR\"},{\"@type\":\"Organization\",\"@id\":\"http:\/\/51.68.119.59\/Chris\/strapontins\/#organization\",\"name\":\"Les Strapontins\",\"alternateName\":\"Compagnie de th\u00e9\u00e2tre Les Strapontins\",\"url\":\"http:\/\/51.68.119.59\/Chris\/strapontins\/\",\"logo\":{\"@type\":\"ImageObject\",\"inLanguage\":\"fr-FR\",\"@id\":\"http:\/\/51.68.119.59\/Chris\/strapontins\/#\/schema\/logo\/image\/\",\"url\":\"http:\/\/51.68.119.59\/Chris\/strapontins\/wp-content\/uploads\/2025\/04\/Logo.png\",\"contentUrl\":\"http:\/\/51.68.119.59\/Chris\/strapontins\/wp-content\/uploads\/2025\/04\/Logo.png\",\"width\":167,\"height\":119,\"caption\":\"Les Strapontins\"},\"image\":{\"@id\":\"http:\/\/51.68.119.59\/Chris\/strapontins\/#\/schema\/logo\/image\/\"},\"sameAs\":[\"https:\/\/www.facebook.com\/theatre.lesstrapontins\",\"https:\/\/www.instagram.com\/les.strapontins\/#\"]}]}<\/script>\n<!-- \/ Yoast SEO plugin. -->","yoast_head_json":{"title":"Pr\u00e9sentation -","robots":{"index":"index","follow":"follow","max-snippet":"max-snippet:-1","max-image-preview":"max-image-preview:large","max-video-preview":"max-video-preview:-1"},"canonical":"http:\/\/51.68.119.59\/Chris\/strapontins\/?page_id=17","og_locale":"fr_FR","og_type":"article","og_title":"Pr\u00e9sentation -","og_description":"Les Strapontins Qui sommes nous ! Fusce ipsum elit, bibendum non lobortis vel, dictum vel tellus. In hac habitasse platea [&hellip;]","og_url":"http:\/\/51.68.119.59\/Chris\/strapontins\/?page_id=17","article_publisher":"https:\/\/www.facebook.com\/theatre.lesstrapontins","article_modified_time":"2025-04-25T11:28:14+00:00","og_image":[{"url":"http:\/\/51.68.119.59\/Chris\/strapontins\/wp-content\/uploads\/2025\/04\/1745134483675.jpg","type":"","width":"","height":""}],"twitter_card":"summary_large_image","twitter_misc":{"Dur\u00e9e de lecture estim\u00e9e":"2 minutes"},"schema":{"@context":"https:\/\/schema.org","@graph":[{"@type":"WebPage","@id":"http:\/\/51.68.119.59\/Chris\/strapontins\/?page_id=17","url":"http:\/\/51.68.119.59\/Chris\/strapontins\/?page_id=17","name":"Pr\u00e9sentation -","isPartOf":{"@id":"http:\/\/51.68.119.59\/Chris\/strapontins\/#website"},"primaryImageOfPage":{"@id":"http:\/\/51.68.119.59\/Chris\/strapontins\/?page_id=17#primaryimage"},"image":{"@id":"http:\/\/51.68.119.59\/Chris\/strapontins\/?page_id=17#primaryimage"},"thumbnailUrl":"http:\/\/51.68.119.59\/Chris\/strapontins\/wp-content\/uploads\/2025\/04\/1745134483675.jpg","datePublished":"2025-04-14T14:19:42+00:00","dateModified":"2025-04-25T11:28:14+00:00","breadcrumb":{"@id":"http:\/\/51.68.119.59\/Chris\/strapontins\/?page_id=17#breadcrumb"},"inLanguage":"fr-FR","potentialAction":[{"@type":"ReadAction","target":["http:\/\/51.68.119.59\/Chris\/strapontins\/?page_id=17"]}]},{"@type":"ImageObject","inLanguage":"fr-FR","@id":"http:\/\/51.68.119.59\/Chris\/strapontins\/?page_id=17#primaryimage","url":"http:\/\/51.68.119.59\/Chris\/strapontins\/wp-content\/uploads\/2025\/04\/1745134483675.jpg","contentUrl":"http:\/\/51.68.119.59\/Chris\/strapontins\/wp-content\/uploads\/2025\/04\/1745134483675.jpg","width":1600,"height":1068,"caption":"Enfants com\u00e9diens sur la sc\u00e8ne de th\u00e9\u00e2tre"},{"@type":"BreadcrumbList","@id":"http:\/\/51.68.119.59\/Chris\/strapontins\/?page_id=17#breadcrumb","itemListElement":[{"@type":"ListItem","position":1,"name":"Accueil","item":"http:\/\/51.68.119.59\/Chris\/strapontins\/"},{"@type":"ListItem","position":2,"name":"Pr\u00e9sentation"}]},{"@type":"WebSite","@id":"http:\/\/51.68.119.59\/Chris\/strapontins\/#website","url":"http:\/\/51.68.119.59\/Chris\/strapontins\/","name":"Les Strapontins","description":"L&#039;\u00e9cole de Th\u00e9\u00e2tre de Franqueville-Saint-Pierre","publisher":{"@id":"http:\/\/51.68.119.59\/Chris\/strapontins\/#organization"},"alternateName":"Compagnie de th\u00e9\u00e2tre Les Strapontins","potentialAction":[{"@type":"SearchAction","target":{"@type":"EntryPoint","urlTemplate":"http:\/\/51.68.119.59\/Chris\/strapontins\/?s={search_term_string}"},"query-input":{"@type":"PropertyValueSpecification","valueRequired":true,"valueName":"search_term_string"}}],"inLanguage":"fr-FR"},{"@type":"Organization","@id":"http:\/\/51.68.119.59\/Chris\/strapontins\/#organization","name":"Les Strapontins","alternateName":"Compagnie de th\u00e9\u00e2tre Les Strapontins","url":"http:\/\/51.68.119.59\/Chris\/strapontins\/","logo":{"@type":"ImageObject","inLanguage":"fr-FR","@id":"http:\/\/51.68.119.59\/Chris\/strapontins\/#\/schema\/logo\/image\/","url":"http:\/\/51.68.119.59\/Chris\/strapontins\/wp-content\/uploads\/2025\/04\/Logo.png","contentUrl":"http:\/\/51.68.119.59\/Chris\/strapontins\/wp-content\/uploads\/2025\/04\/Logo.png","width":167,"height":119,"caption":"Les Strapontins"},"image":{"@id":"http:\/\/51.68.119.59\/Chris\/strapontins\/#\/schema\/logo\/image\/"},"sameAs":["https:\/\/www.facebook.com\/theatre.lesstrapontins","https:\/\/www.instagram.com\/les.strapontins\/#"]}]}},"_links":{"self":[{"href":"http:\/\/51.68.119.59\/Chris\/strapontins\/index.php?rest_route=\/wp\/v2\/pages\/17","targetHints":{"allow":["GET"]}}],"collection":[{"href":"http:\/\/51.68.119.59\/Chris\/strapontins\/index.php?rest_route=\/wp\/v2\/pages"}],"about":[{"href":"http:\/\/51.68.119.59\/Chris\/strapontins\/index.php?rest_route=\/wp\/v2\/types\/page"}],"author":[{"embeddable":true,"href":"http:\/\/51.68.119.59\/Chris\/strapontins\/index.php?rest_route=\/wp\/v2\/users\/1"}],"replies":[{"embeddable":true,"href":"http:\/\/51.68.119.59\/Chris\/strapontins\/index.php?rest_route=%2Fwp%2Fv2%2Fcomments&post=17"}],"version-history":[{"count":64,"href":"http:\/\/51.68.119.59\/Chris\/strapontins\/index.php?rest_route=\/wp\/v2\/pages\/17\/revisions"}],"predecessor-version":[{"id":868,"href":"http:\/\/51.68.119.59\/Chris\/strapontins\/index.php?rest_route=\/wp\/v2\/pages\/17\/revisions\/868"}],"wp:attachment":[{"href":"http:\/\/51.68.119.59\/Chris\/strapontins\/index.php?rest_route=%2Fwp%2Fv2%2Fmedia&parent=17"}],"curies":[{"name":"wp","href":"https:\/\/api.w.org\/{rel}","templated":true}]}}