{"id":25,"date":"2025-04-14T16:21:52","date_gmt":"2025-04-14T14:21:52","guid":{"rendered":"http:\/\/51.68.119.59\/Chris\/strapontins\/?page_id=25"},"modified":"2025-04-14T16:21:52","modified_gmt":"2025-04-14T14:21:52","slug":"galerie","status":"publish","type":"page","link":"http:\/\/51.68.119.59\/Chris\/strapontins\/?page_id=25","title":{"rendered":"Galerie"},"content":{"rendered":"","protected":false},"excerpt":{"rendered":"","protected":false},"author":1,"featured_media":0,"parent":0,"menu_order":0,"comment_status":"closed","ping_status":"closed","template":"","meta":{"inline_featured_image":false,"site-sidebar-layout":"no-sidebar","site-content-layout":"","ast-site-content-layout":"full-width-container","site-content-style":"default","site-sidebar-style":"default","ast-global-header-display":"","ast-banner-title-visibility":"","ast-main-header-display":"","ast-hfb-above-header-display":"","ast-hfb-below-header-display":"","ast-hfb-mobile-header-display":"","site-post-title":"disabled","ast-breadcrumbs-content":"","ast-featured-img":"disabled","footer-sml-layout":"","theme-transparent-header-meta":"","adv-header-id-meta":"","stick-header-meta":"","header-above-stick-meta":"","header-main-stick-meta":"","header-below-stick-meta":"","astra-migrate-meta-layouts":"default","ast-page-background-enabled":"default","ast-page-background-meta":{"desktop":{"background-color":"var(--ast-global-color-5)","background-image":"","background-repeat":"repeat","background-position":"center center","background-size":"auto","background-attachment":"scroll","background-type":"","background-media":"","overlay-type":"","overlay-color":"","overlay-opacity":"","overlay-gradient":""},"tablet":{"background-color":"","background-image":"","background-repeat":"repeat","background-position":"center center","background-size":"auto","background-attachment":"scroll","background-type":"","background-media":"","overlay-type":"","overlay-color":"","overlay-opacity":"","overlay-gradient":""},"mobile":{"background-color":"","background-image":"","background-repeat":"repeat","background-position":"center center","background-size":"auto","background-attachment":"scroll","background-type":"","background-media":"","overlay-type":"","overlay-color":"","overlay-opacity":"","overlay-gradient":""}},"ast-content-background-meta":{"desktop":{"background-color":"var(--ast-global-color-4)","background-image":"","background-repeat":"repeat","background-position":"center center","background-size":"auto","background-attachment":"scroll","background-type":"","background-media":"","overlay-type":"","overlay-color":"","overlay-opacity":"","overlay-gradient":""},"tablet":{"background-color":"var(--ast-global-color-4)","background-image":"","background-repeat":"repeat","background-position":"center center","background-size":"auto","background-attachment":"scroll","background-type":"","background-media":"","overlay-type":"","overlay-color":"","overlay-opacity":"","overlay-gradient":""},"mobile":{"background-color":"var(--ast-global-color-4)","background-image":"","background-repeat":"repeat","background-position":"center center","background-size":"auto","background-attachment":"scroll","background-type":"","background-media":"","overlay-type":"","overlay-color":"","overlay-opacity":"","overlay-gradient":""}},"footnotes":""},"class_list":["post-25","page","type-page","status-publish","hentry"],"yoast_head":"<!-- This site is optimized with the Yoast SEO plugin v24.9 - https:\/\/yoast.com\/wordpress\/plugins\/seo\/ -->\n<title>Galerie -<\/title>\n<meta name=\"robots\" content=\"index, follow, max-snippet:-1, max-image-preview:large, max-video-preview:-1\" \/>\n<link rel=\"canonical\" href=\"http:\/\/51.68.119.59\/Chris\/strapontins\/?page_id=25\" \/>\n<meta property=\"og:locale\" content=\"fr_FR\" \/>\n<meta property=\"og:type\" content=\"article\" \/>\n<meta property=\"og:title\" content=\"Galerie -\" \/>\n<meta property=\"og:url\" content=\"http:\/\/51.68.119.59\/Chris\/strapontins\/?page_id=25\" \/>\n<meta property=\"article:publisher\" content=\"https:\/\/www.facebook.com\/theatre.lesstrapontins\" \/>\n<meta name=\"twitter:card\" content=\"summary_large_image\" \/>\n<script type=\"application\/ld+json\" class=\"yoast-schema-graph\">{\"@context\":\"https:\/\/schema.org\",\"@graph\":[{\"@type\":\"WebPage\",\"@id\":\"http:\/\/51.68.119.59\/Chris\/strapontins\/?page_id=25\",\"url\":\"http:\/\/51.68.119.59\/Chris\/strapontins\/?page_id=25\",\"name\":\"Galerie -\",\"isPartOf\":{\"@id\":\"http:\/\/51.68.119.59\/Chris\/strapontins\/#website\"},\"datePublished\":\"2025-04-14T14:21:52+00:00\",\"breadcrumb\":{\"@id\":\"http:\/\/51.68.119.59\/Chris\/strapontins\/?page_id=25#breadcrumb\"},\"inLanguage\":\"fr-FR\",\"potentialAction\":[{\"@type\":\"ReadAction\",\"target\":[\"http:\/\/51.68.119.59\/Chris\/strapontins\/?page_id=25\"]}]},{\"@type\":\"BreadcrumbList\",\"@id\":\"http:\/\/51.68.119.59\/Chris\/strapontins\/?page_id=25#breadcrumb\",\"itemListElement\":[{\"@type\":\"ListItem\",\"position\":1,\"name\":\"Accueil\",\"item\":\"http:\/\/51.68.119.59\/Chris\/strapontins\/\"},{\"@type\":\"ListItem\",\"position\":2,\"name\":\"Galerie\"}]},{\"@type\":\"WebSite\",\"@id\":\"http:\/\/51.68.119.59\/Chris\/strapontins\/#website\",\"url\":\"http:\/\/51.68.119.59\/Chris\/strapontins\/\",\"name\":\"Les Strapontins\",\"description\":\"L&#039;\u00e9cole de Th\u00e9\u00e2tre de Franqueville-Saint-Pierre\",\"publisher\":{\"@id\":\"http:\/\/51.68.119.59\/Chris\/strapontins\/#organization\"},\"alternateName\":\"Compagnie de th\u00e9\u00e2tre Les Strapontins\",\"potentialAction\":[{\"@type\":\"SearchAction\",\"target\":{\"@type\":\"EntryPoint\",\"urlTemplate\":\"http:\/\/51.68.119.59\/Chris\/strapontins\/?s={search_term_string}\"},\"query-input\":{\"@type\":\"PropertyValueSpecification\",\"valueRequired\":true,\"valueName\":\"search_term_string\"}}],\"inLanguage\":\"fr-FR\"},{\"@type\":\"Organization\",\"@id\":\"http:\/\/51.68.119.59\/Chris\/strapontins\/#organization\",\"name\":\"Les Strapontins\",\"alternateName\":\"Compagnie de th\u00e9\u00e2tre Les Strapontins\",\"url\":\"http:\/\/51.68.119.59\/Chris\/strapontins\/\",\"logo\":{\"@type\":\"ImageObject\",\"inLanguage\":\"fr-FR\",\"@id\":\"http:\/\/51.68.119.59\/Chris\/strapontins\/#\/schema\/logo\/image\/\",\"url\":\"http:\/\/51.68.119.59\/Chris\/strapontins\/wp-content\/uploads\/2025\/04\/Logo.png\",\"contentUrl\":\"http:\/\/51.68.119.59\/Chris\/strapontins\/wp-content\/uploads\/2025\/04\/Logo.png\",\"width\":167,\"height\":119,\"caption\":\"Les Strapontins\"},\"image\":{\"@id\":\"http:\/\/51.68.119.59\/Chris\/strapontins\/#\/schema\/logo\/image\/\"},\"sameAs\":[\"https:\/\/www.facebook.com\/theatre.lesstrapontins\",\"https:\/\/www.instagram.com\/les.strapontins\/#\"]}]}<\/script>\n<!-- \/ Yoast SEO plugin. -->","yoast_head_json":{"title":"Galerie -","robots":{"index":"index","follow":"follow","max-snippet":"max-snippet:-1","max-image-preview":"max-image-preview:large","max-video-preview":"max-video-preview:-1"},"canonical":"http:\/\/51.68.119.59\/Chris\/strapontins\/?page_id=25","og_locale":"fr_FR","og_type":"article","og_title":"Galerie -","og_url":"http:\/\/51.68.119.59\/Chris\/strapontins\/?page_id=25","article_publisher":"https:\/\/www.facebook.com\/theatre.lesstrapontins","twitter_card":"summary_large_image","schema":{"@context":"https:\/\/schema.org","@graph":[{"@type":"WebPage","@id":"http:\/\/51.68.119.59\/Chris\/strapontins\/?page_id=25","url":"http:\/\/51.68.119.59\/Chris\/strapontins\/?page_id=25","name":"Galerie -","isPartOf":{"@id":"http:\/\/51.68.119.59\/Chris\/strapontins\/#website"},"datePublished":"2025-04-14T14:21:52+00:00","breadcrumb":{"@id":"http:\/\/51.68.119.59\/Chris\/strapontins\/?page_id=25#breadcrumb"},"inLanguage":"fr-FR","potentialAction":[{"@type":"ReadAction","target":["http:\/\/51.68.119.59\/Chris\/strapontins\/?page_id=25"]}]},{"@type":"BreadcrumbList","@id":"http:\/\/51.68.119.59\/Chris\/strapontins\/?page_id=25#breadcrumb","itemListElement":[{"@type":"ListItem","position":1,"name":"Accueil","item":"http:\/\/51.68.119.59\/Chris\/strapontins\/"},{"@type":"ListItem","position":2,"name":"Galerie"}]},{"@type":"WebSite","@id":"http:\/\/51.68.119.59\/Chris\/strapontins\/#website","url":"http:\/\/51.68.119.59\/Chris\/strapontins\/","name":"Les Strapontins","description":"L&#039;\u00e9cole de Th\u00e9\u00e2tre de Franqueville-Saint-Pierre","publisher":{"@id":"http:\/\/51.68.119.59\/Chris\/strapontins\/#organization"},"alternateName":"Compagnie de th\u00e9\u00e2tre Les Strapontins","potentialAction":[{"@type":"SearchAction","target":{"@type":"EntryPoint","urlTemplate":"http:\/\/51.68.119.59\/Chris\/strapontins\/?s={search_term_string}"},"query-input":{"@type":"PropertyValueSpecification","valueRequired":true,"valueName":"search_term_string"}}],"inLanguage":"fr-FR"},{"@type":"Organization","@id":"http:\/\/51.68.119.59\/Chris\/strapontins\/#organization","name":"Les Strapontins","alternateName":"Compagnie de th\u00e9\u00e2tre Les Strapontins","url":"http:\/\/51.68.119.59\/Chris\/strapontins\/","logo":{"@type":"ImageObject","inLanguage":"fr-FR","@id":"http:\/\/51.68.119.59\/Chris\/strapontins\/#\/schema\/logo\/image\/","url":"http:\/\/51.68.119.59\/Chris\/strapontins\/wp-content\/uploads\/2025\/04\/Logo.png","contentUrl":"http:\/\/51.68.119.59\/Chris\/strapontins\/wp-content\/uploads\/2025\/04\/Logo.png","width":167,"height":119,"caption":"Les Strapontins"},"image":{"@id":"http:\/\/51.68.119.59\/Chris\/strapontins\/#\/schema\/logo\/image\/"},"sameAs":["https:\/\/www.facebook.com\/theatre.lesstrapontins","https:\/\/www.instagram.com\/les.strapontins\/#"]}]}},"_links":{"self":[{"href":"http:\/\/51.68.119.59\/Chris\/strapontins\/index.php?rest_route=\/wp\/v2\/pages\/25","targetHints":{"allow":["GET"]}}],"collection":[{"href":"http:\/\/51.68.119.59\/Chris\/strapontins\/index.php?rest_route=\/wp\/v2\/pages"}],"about":[{"href":"http:\/\/51.68.119.59\/Chris\/strapontins\/index.php?rest_route=\/wp\/v2\/types\/page"}],"author":[{"embeddable":true,"href":"http:\/\/51.68.119.59\/Chris\/strapontins\/index.php?rest_route=\/wp\/v2\/users\/1"}],"replies":[{"embeddable":true,"href":"http:\/\/51.68.119.59\/Chris\/strapontins\/index.php?rest_route=%2Fwp%2Fv2%2Fcomments&post=25"}],"version-history":[{"count":1,"href":"http:\/\/51.68.119.59\/Chris\/strapontins\/index.php?rest_route=\/wp\/v2\/pages\/25\/revisions"}],"predecessor-version":[{"id":26,"href":"http:\/\/51.68.119.59\/Chris\/strapontins\/index.php?rest_route=\/wp\/v2\/pages\/25\/revisions\/26"}],"wp:attachment":[{"href":"http:\/\/51.68.119.59\/Chris\/strapontins\/index.php?rest_route=%2Fwp%2Fv2%2Fmedia&parent=25"}],"curies":[{"name":"wp","href":"https:\/\/api.w.org\/{rel}","templated":true}]}}