{"id":31,"date":"2025-04-14T16:25:38","date_gmt":"2025-04-14T14:25:38","guid":{"rendered":"http:\/\/51.68.119.59\/Chris\/strapontins\/?page_id=31"},"modified":"2025-04-25T13:57:04","modified_gmt":"2025-04-25T11:57:04","slug":"actualites","status":"publish","type":"page","link":"http:\/\/51.68.119.59\/Chris\/strapontins\/?page_id=31","title":{"rendered":"Actualit\u00e9s"},"content":{"rendered":"\t\t<div data-elementor-type=\"wp-page\" data-elementor-id=\"31\" class=\"elementor elementor-31\">\n\t\t\t\t<div class=\"elementor-element elementor-element-e87bac7 e-flex e-con-boxed e-con e-parent\" data-id=\"e87bac7\" data-element_type=\"container\">\n\t\t\t\t\t<div class=\"e-con-inner\">\n\t\t\t\t<div class=\"elementor-element elementor-element-06a9243 elementor-widget elementor-widget-spacer\" data-id=\"06a9243\" data-element_type=\"widget\" data-widget_type=\"spacer.default\">\n\t\t\t\t<div class=\"elementor-widget-container\">\n\t\t\t\t\t\t\t<div class=\"elementor-spacer\">\n\t\t\t<div class=\"elementor-spacer-inner\"><\/div>\n\t\t<\/div>\n\t\t\t\t\t\t<\/div>\n\t\t\t\t<\/div>\n\t\t\t\t\t<\/div>\n\t\t\t\t<\/div>\n\t\t<div class=\"elementor-element elementor-element-5941016 e-flex e-con-boxed e-con e-parent\" data-id=\"5941016\" data-element_type=\"container\">\n\t\t\t\t\t<div class=\"e-con-inner\">\n\t\t\t\t<div class=\"elementor-element elementor-element-2ebea2e elementor-widget elementor-widget-heading\" data-id=\"2ebea2e\" data-element_type=\"widget\" data-widget_type=\"heading.default\">\n\t\t\t\t<div class=\"elementor-widget-container\">\n\t\t\t\t\t<h1 class=\"elementor-heading-title elementor-size-default\">Les actus des Strapontins<\/h1>\t\t\t\t<\/div>\n\t\t\t\t<\/div>\n\t\t\t\t\t<\/div>\n\t\t\t\t<\/div>\n\t\t<div class=\"elementor-element elementor-element-5128844 e-flex e-con-boxed e-con e-parent\" data-id=\"5128844\" data-element_type=\"container\" data-settings=\"{&quot;background_background&quot;:&quot;classic&quot;}\">\n\t\t\t\t\t<div class=\"e-con-inner\">\n\t\t\t\t<div class=\"elementor-element elementor-element-7be0bb9 elementor-grid-eael-col-3 elementor-grid-tablet-eael-col-2 elementor-grid-mobile-eael-col-1 elementor-widget elementor-widget-eael-post-grid\" data-id=\"7be0bb9\" data-element_type=\"widget\" data-settings=\"{&quot;eael_post_grid_columns&quot;:&quot;eael-col-3&quot;,&quot;eael_post_grid_columns_tablet&quot;:&quot;eael-col-2&quot;,&quot;eael_post_grid_columns_mobile&quot;:&quot;eael-col-1&quot;}\" data-widget_type=\"eael-post-grid.default\">\n\t\t\t\t<div class=\"elementor-widget-container\">\n\t\t\t\t\t<div id=\"eael-post-grid-7be0bb9\" class=\"eael-post-grid-container\">\n            <div class=\"eael-post-grid eael-post-appender eael-post-appender-7be0bb9 eael-post-grid-style-one\" data-layout-mode=\"masonry\"><article class=\"eael-grid-post eael-post-grid-column\" data-id=\"820\">\n        <div class=\"eael-grid-post-holder\">\n            <div class=\"eael-grid-post-holder-inner\"><div class=\"eael-entry-wrapper\"><header class=\"eael-entry-header\"><h2 class=\"eael-entry-title\"><a\n                        class=\"eael-grid-post-link\"\n                        href=\"http:\/\/51.68.119.59\/Chris\/strapontins\/?p=820\"\n                        title=\"Bonjour tout le monde\u00a0! Troisi\u00e8me article\">Bonjour tout le monde\u00a0! Troisi\u00e8me article<\/a><\/h2><\/header><div class=\"eael-entry-content\">\n                        <div class=\"eael-grid-post-excerpt\"><p>Bienvenue sur WordPress. Ceci est votre premier article. Modifiez-le ou...<\/p><a href=\"http:\/\/51.68.119.59\/Chris\/strapontins\/?p=820\" class=\"eael-post-elements-readmore-btn\">Read More<\/a><\/div>\n                    <\/div><div class=\"eael-entry-footer\"><div class=\"eael-author-avatar\"><a href=\"http:\/\/51.68.119.59\/Chris\/strapontins\/?author=1\"><img alt='admin-strapontins' src='https:\/\/secure.gravatar.com\/avatar\/a7cba54f7f5cf089c982c479af607e3e5eb3b0874eb125f5b8eb8238883e775d?s=96&#038;d=mm&#038;r=g' srcset='https:\/\/secure.gravatar.com\/avatar\/a7cba54f7f5cf089c982c479af607e3e5eb3b0874eb125f5b8eb8238883e775d?s=192&#038;d=mm&#038;r=g 2x' class='avatar avatar-96 photo' height='96' width='96' \/><\/a><\/div><div class=\"eael-entry-meta\"><span class=\"eael-posted-by\"><a href=\"http:\/\/51.68.119.59\/Chris\/strapontins\/?author=1\" title=\"Posts by admin-strapontins\" rel=\"author\">admin-strapontins<\/a><\/span><span class=\"eael-posted-on\"><time datetime=\"24 avril 2025\">24 avril 2025<\/time><\/span><\/div><\/div><\/div><\/div>\n        <\/div>\n    <\/article><article class=\"eael-grid-post eael-post-grid-column\" data-id=\"819\">\n        <div class=\"eael-grid-post-holder\">\n            <div class=\"eael-grid-post-holder-inner\"><div class=\"eael-entry-wrapper\"><header class=\"eael-entry-header\"><h2 class=\"eael-entry-title\"><a\n                        class=\"eael-grid-post-link\"\n                        href=\"http:\/\/51.68.119.59\/Chris\/strapontins\/?p=819\"\n                        title=\"Bonjour tout le monde\u00a0! Deuxi\u00e8me article\">Bonjour tout le monde\u00a0! Deuxi\u00e8me article<\/a><\/h2><\/header><div class=\"eael-entry-content\">\n                        <div class=\"eael-grid-post-excerpt\"><p>Bienvenue sur WordPress. Ceci est votre premier article. Modifiez-le ou...<\/p><a href=\"http:\/\/51.68.119.59\/Chris\/strapontins\/?p=819\" class=\"eael-post-elements-readmore-btn\">Read More<\/a><\/div>\n                    <\/div><div class=\"eael-entry-footer\"><div class=\"eael-author-avatar\"><a href=\"http:\/\/51.68.119.59\/Chris\/strapontins\/?author=1\"><img alt='admin-strapontins' src='https:\/\/secure.gravatar.com\/avatar\/a7cba54f7f5cf089c982c479af607e3e5eb3b0874eb125f5b8eb8238883e775d?s=96&#038;d=mm&#038;r=g' srcset='https:\/\/secure.gravatar.com\/avatar\/a7cba54f7f5cf089c982c479af607e3e5eb3b0874eb125f5b8eb8238883e775d?s=192&#038;d=mm&#038;r=g 2x' class='avatar avatar-96 photo' height='96' width='96' \/><\/a><\/div><div class=\"eael-entry-meta\"><span class=\"eael-posted-by\"><a href=\"http:\/\/51.68.119.59\/Chris\/strapontins\/?author=1\" title=\"Posts by admin-strapontins\" rel=\"author\">admin-strapontins<\/a><\/span><span class=\"eael-posted-on\"><time datetime=\"24 avril 2025\">24 avril 2025<\/time><\/span><\/div><\/div><\/div><\/div>\n        <\/div>\n    <\/article><article class=\"eael-grid-post eael-post-grid-column\" data-id=\"1\">\n        <div class=\"eael-grid-post-holder\">\n            <div class=\"eael-grid-post-holder-inner\"><div class=\"eael-entry-wrapper\"><header class=\"eael-entry-header\"><h2 class=\"eael-entry-title\"><a\n                        class=\"eael-grid-post-link\"\n                        href=\"http:\/\/51.68.119.59\/Chris\/strapontins\/?p=1\"\n                        title=\"Les enfants en actions\">Les enfants en actions<\/a><\/h2><\/header><div class=\"eael-entry-content\">\n                        <div class=\"eael-grid-post-excerpt\"><p>Les enfants en pleine r\u00e9p\u00e9tition de leur prochain spectacle :...<\/p><a href=\"http:\/\/51.68.119.59\/Chris\/strapontins\/?p=1\" class=\"eael-post-elements-readmore-btn\">Read More<\/a><\/div>\n                    <\/div><div class=\"eael-entry-footer\"><div class=\"eael-author-avatar\"><a href=\"http:\/\/51.68.119.59\/Chris\/strapontins\/?author=1\"><img alt='admin-strapontins' src='https:\/\/secure.gravatar.com\/avatar\/a7cba54f7f5cf089c982c479af607e3e5eb3b0874eb125f5b8eb8238883e775d?s=96&#038;d=mm&#038;r=g' srcset='https:\/\/secure.gravatar.com\/avatar\/a7cba54f7f5cf089c982c479af607e3e5eb3b0874eb125f5b8eb8238883e775d?s=192&#038;d=mm&#038;r=g 2x' class='avatar avatar-96 photo' height='96' width='96' \/><\/a><\/div><div class=\"eael-entry-meta\"><span class=\"eael-posted-by\"><a href=\"http:\/\/51.68.119.59\/Chris\/strapontins\/?author=1\" title=\"Posts by admin-strapontins\" rel=\"author\">admin-strapontins<\/a><\/span><span class=\"eael-posted-on\"><time datetime=\"14 avril 2025\">14 avril 2025<\/time><\/span><\/div><\/div><\/div><\/div>\n        <\/div>\n    <\/article><\/div>\n            <div class=\"clearfix\"><\/div>\n        <\/div>\t\t\t\t<\/div>\n\t\t\t\t<\/div>\n\t\t\t\t\t<\/div>\n\t\t\t\t<\/div>\n\t\t\t\t<\/div>\n\t\t","protected":false},"excerpt":{"rendered":"<p>Les actus des Strapontins Bonjour tout le monde\u00a0! Troisi\u00e8me article Bienvenue sur WordPress. Ceci est votre premier article. Modifiez-le ou&#8230; [&hellip;]<\/p>\n","protected":false},"author":1,"featured_media":0,"parent":0,"menu_order":0,"comment_status":"closed","ping_status":"closed","template":"","meta":{"inline_featured_image":false,"site-sidebar-layout":"no-sidebar","site-content-layout":"","ast-site-content-layout":"full-width-container","site-content-style":"default","site-sidebar-style":"default","ast-global-header-display":"","ast-banner-title-visibility":"","ast-main-header-display":"","ast-hfb-above-header-display":"","ast-hfb-below-header-display":"","ast-hfb-mobile-header-display":"","site-post-title":"disabled","ast-breadcrumbs-content":"","ast-featured-img":"disabled","footer-sml-layout":"","theme-transparent-header-meta":"","adv-header-id-meta":"","stick-header-meta":"","header-above-stick-meta":"","header-main-stick-meta":"","header-below-stick-meta":"","astra-migrate-meta-layouts":"default","ast-page-background-enabled":"default","ast-page-background-meta":{"desktop":{"background-color":"var(--ast-global-color-5)","background-image":"","background-repeat":"repeat","background-position":"center center","background-size":"auto","background-attachment":"scroll","background-type":"","background-media":"","overlay-type":"","overlay-color":"","overlay-opacity":"","overlay-gradient":""},"tablet":{"background-color":"","background-image":"","background-repeat":"repeat","background-position":"center center","background-size":"auto","background-attachment":"scroll","background-type":"","background-media":"","overlay-type":"","overlay-color":"","overlay-opacity":"","overlay-gradient":""},"mobile":{"background-color":"","background-image":"","background-repeat":"repeat","background-position":"center center","background-size":"auto","background-attachment":"scroll","background-type":"","background-media":"","overlay-type":"","overlay-color":"","overlay-opacity":"","overlay-gradient":""}},"ast-content-background-meta":{"desktop":{"background-color":"var(--ast-global-color-4)","background-image":"","background-repeat":"repeat","background-position":"center center","background-size":"auto","background-attachment":"scroll","background-type":"","background-media":"","overlay-type":"","overlay-color":"","overlay-opacity":"","overlay-gradient":""},"tablet":{"background-color":"var(--ast-global-color-4)","background-image":"","background-repeat":"repeat","background-position":"center center","background-size":"auto","background-attachment":"scroll","background-type":"","background-media":"","overlay-type":"","overlay-color":"","overlay-opacity":"","overlay-gradient":""},"mobile":{"background-color":"var(--ast-global-color-4)","background-image":"","background-repeat":"repeat","background-position":"center center","background-size":"auto","background-attachment":"scroll","background-type":"","background-media":"","overlay-type":"","overlay-color":"","overlay-opacity":"","overlay-gradient":""}},"footnotes":""},"class_list":["post-31","page","type-page","status-publish","hentry"],"yoast_head":"<!-- This site is optimized with the Yoast SEO plugin v24.9 - https:\/\/yoast.com\/wordpress\/plugins\/seo\/ -->\n<title>Actualit\u00e9s -<\/title>\n<meta name=\"robots\" content=\"index, follow, max-snippet:-1, max-image-preview:large, max-video-preview:-1\" \/>\n<link rel=\"canonical\" href=\"http:\/\/51.68.119.59\/Chris\/strapontins\/?page_id=31\" \/>\n<meta property=\"og:locale\" content=\"fr_FR\" \/>\n<meta property=\"og:type\" content=\"article\" \/>\n<meta property=\"og:title\" content=\"Actualit\u00e9s -\" \/>\n<meta property=\"og:description\" content=\"Les actus des Strapontins Bonjour tout le monde\u00a0! Troisi\u00e8me article Bienvenue sur WordPress. Ceci est votre premier article. Modifiez-le ou&#8230; [&hellip;]\" \/>\n<meta property=\"og:url\" content=\"http:\/\/51.68.119.59\/Chris\/strapontins\/?page_id=31\" \/>\n<meta property=\"article:publisher\" content=\"https:\/\/www.facebook.com\/theatre.lesstrapontins\" \/>\n<meta property=\"article:modified_time\" content=\"2025-04-25T11:57:04+00:00\" \/>\n<meta property=\"og:image\" content=\"https:\/\/secure.gravatar.com\/avatar\/a7cba54f7f5cf089c982c479af607e3e5eb3b0874eb125f5b8eb8238883e775d?s=96&#038;d=mm&#038;r=g\" \/>\n<meta name=\"twitter:card\" content=\"summary_large_image\" \/>\n<meta name=\"twitter:label1\" content=\"Dur\u00e9e de lecture estim\u00e9e\" \/>\n\t<meta name=\"twitter:data1\" content=\"1 minute\" \/>\n<script type=\"application\/ld+json\" class=\"yoast-schema-graph\">{\"@context\":\"https:\/\/schema.org\",\"@graph\":[{\"@type\":\"WebPage\",\"@id\":\"http:\/\/51.68.119.59\/Chris\/strapontins\/?page_id=31\",\"url\":\"http:\/\/51.68.119.59\/Chris\/strapontins\/?page_id=31\",\"name\":\"Actualit\u00e9s -\",\"isPartOf\":{\"@id\":\"http:\/\/51.68.119.59\/Chris\/strapontins\/#website\"},\"primaryImageOfPage\":{\"@id\":\"http:\/\/51.68.119.59\/Chris\/strapontins\/?page_id=31#primaryimage\"},\"image\":{\"@id\":\"http:\/\/51.68.119.59\/Chris\/strapontins\/?page_id=31#primaryimage\"},\"thumbnailUrl\":\"https:\/\/secure.gravatar.com\/avatar\/a7cba54f7f5cf089c982c479af607e3e5eb3b0874eb125f5b8eb8238883e775d?s=96&#038;d=mm&#038;r=g\",\"datePublished\":\"2025-04-14T14:25:38+00:00\",\"dateModified\":\"2025-04-25T11:57:04+00:00\",\"breadcrumb\":{\"@id\":\"http:\/\/51.68.119.59\/Chris\/strapontins\/?page_id=31#breadcrumb\"},\"inLanguage\":\"fr-FR\",\"potentialAction\":[{\"@type\":\"ReadAction\",\"target\":[\"http:\/\/51.68.119.59\/Chris\/strapontins\/?page_id=31\"]}]},{\"@type\":\"ImageObject\",\"inLanguage\":\"fr-FR\",\"@id\":\"http:\/\/51.68.119.59\/Chris\/strapontins\/?page_id=31#primaryimage\",\"url\":\"https:\/\/secure.gravatar.com\/avatar\/a7cba54f7f5cf089c982c479af607e3e5eb3b0874eb125f5b8eb8238883e775d?s=96&#038;d=mm&#038;r=g\",\"contentUrl\":\"https:\/\/secure.gravatar.com\/avatar\/a7cba54f7f5cf089c982c479af607e3e5eb3b0874eb125f5b8eb8238883e775d?s=96&#038;d=mm&#038;r=g\"},{\"@type\":\"BreadcrumbList\",\"@id\":\"http:\/\/51.68.119.59\/Chris\/strapontins\/?page_id=31#breadcrumb\",\"itemListElement\":[{\"@type\":\"ListItem\",\"position\":1,\"name\":\"Accueil\",\"item\":\"http:\/\/51.68.119.59\/Chris\/strapontins\/\"},{\"@type\":\"ListItem\",\"position\":2,\"name\":\"Actualit\u00e9s\"}]},{\"@type\":\"WebSite\",\"@id\":\"http:\/\/51.68.119.59\/Chris\/strapontins\/#website\",\"url\":\"http:\/\/51.68.119.59\/Chris\/strapontins\/\",\"name\":\"Les Strapontins\",\"description\":\"L&#039;\u00e9cole de Th\u00e9\u00e2tre de Franqueville-Saint-Pierre\",\"publisher\":{\"@id\":\"http:\/\/51.68.119.59\/Chris\/strapontins\/#organization\"},\"alternateName\":\"Compagnie de th\u00e9\u00e2tre Les Strapontins\",\"potentialAction\":[{\"@type\":\"SearchAction\",\"target\":{\"@type\":\"EntryPoint\",\"urlTemplate\":\"http:\/\/51.68.119.59\/Chris\/strapontins\/?s={search_term_string}\"},\"query-input\":{\"@type\":\"PropertyValueSpecification\",\"valueRequired\":true,\"valueName\":\"search_term_string\"}}],\"inLanguage\":\"fr-FR\"},{\"@type\":\"Organization\",\"@id\":\"http:\/\/51.68.119.59\/Chris\/strapontins\/#organization\",\"name\":\"Les Strapontins\",\"alternateName\":\"Compagnie de th\u00e9\u00e2tre Les Strapontins\",\"url\":\"http:\/\/51.68.119.59\/Chris\/strapontins\/\",\"logo\":{\"@type\":\"ImageObject\",\"inLanguage\":\"fr-FR\",\"@id\":\"http:\/\/51.68.119.59\/Chris\/strapontins\/#\/schema\/logo\/image\/\",\"url\":\"http:\/\/51.68.119.59\/Chris\/strapontins\/wp-content\/uploads\/2025\/04\/Logo.png\",\"contentUrl\":\"http:\/\/51.68.119.59\/Chris\/strapontins\/wp-content\/uploads\/2025\/04\/Logo.png\",\"width\":167,\"height\":119,\"caption\":\"Les Strapontins\"},\"image\":{\"@id\":\"http:\/\/51.68.119.59\/Chris\/strapontins\/#\/schema\/logo\/image\/\"},\"sameAs\":[\"https:\/\/www.facebook.com\/theatre.lesstrapontins\",\"https:\/\/www.instagram.com\/les.strapontins\/#\"]}]}<\/script>\n<!-- \/ Yoast SEO plugin. -->","yoast_head_json":{"title":"Actualit\u00e9s -","robots":{"index":"index","follow":"follow","max-snippet":"max-snippet:-1","max-image-preview":"max-image-preview:large","max-video-preview":"max-video-preview:-1"},"canonical":"http:\/\/51.68.119.59\/Chris\/strapontins\/?page_id=31","og_locale":"fr_FR","og_type":"article","og_title":"Actualit\u00e9s -","og_description":"Les actus des Strapontins Bonjour tout le monde\u00a0! Troisi\u00e8me article Bienvenue sur WordPress. Ceci est votre premier article. Modifiez-le ou&#8230; [&hellip;]","og_url":"http:\/\/51.68.119.59\/Chris\/strapontins\/?page_id=31","article_publisher":"https:\/\/www.facebook.com\/theatre.lesstrapontins","article_modified_time":"2025-04-25T11:57:04+00:00","og_image":[{"url":"https:\/\/secure.gravatar.com\/avatar\/a7cba54f7f5cf089c982c479af607e3e5eb3b0874eb125f5b8eb8238883e775d?s=96&#038;d=mm&#038;r=g","type":"","width":"","height":""}],"twitter_card":"summary_large_image","twitter_misc":{"Dur\u00e9e de lecture estim\u00e9e":"1 minute"},"schema":{"@context":"https:\/\/schema.org","@graph":[{"@type":"WebPage","@id":"http:\/\/51.68.119.59\/Chris\/strapontins\/?page_id=31","url":"http:\/\/51.68.119.59\/Chris\/strapontins\/?page_id=31","name":"Actualit\u00e9s -","isPartOf":{"@id":"http:\/\/51.68.119.59\/Chris\/strapontins\/#website"},"primaryImageOfPage":{"@id":"http:\/\/51.68.119.59\/Chris\/strapontins\/?page_id=31#primaryimage"},"image":{"@id":"http:\/\/51.68.119.59\/Chris\/strapontins\/?page_id=31#primaryimage"},"thumbnailUrl":"https:\/\/secure.gravatar.com\/avatar\/a7cba54f7f5cf089c982c479af607e3e5eb3b0874eb125f5b8eb8238883e775d?s=96&#038;d=mm&#038;r=g","datePublished":"2025-04-14T14:25:38+00:00","dateModified":"2025-04-25T11:57:04+00:00","breadcrumb":{"@id":"http:\/\/51.68.119.59\/Chris\/strapontins\/?page_id=31#breadcrumb"},"inLanguage":"fr-FR","potentialAction":[{"@type":"ReadAction","target":["http:\/\/51.68.119.59\/Chris\/strapontins\/?page_id=31"]}]},{"@type":"ImageObject","inLanguage":"fr-FR","@id":"http:\/\/51.68.119.59\/Chris\/strapontins\/?page_id=31#primaryimage","url":"https:\/\/secure.gravatar.com\/avatar\/a7cba54f7f5cf089c982c479af607e3e5eb3b0874eb125f5b8eb8238883e775d?s=96&#038;d=mm&#038;r=g","contentUrl":"https:\/\/secure.gravatar.com\/avatar\/a7cba54f7f5cf089c982c479af607e3e5eb3b0874eb125f5b8eb8238883e775d?s=96&#038;d=mm&#038;r=g"},{"@type":"BreadcrumbList","@id":"http:\/\/51.68.119.59\/Chris\/strapontins\/?page_id=31#breadcrumb","itemListElement":[{"@type":"ListItem","position":1,"name":"Accueil","item":"http:\/\/51.68.119.59\/Chris\/strapontins\/"},{"@type":"ListItem","position":2,"name":"Actualit\u00e9s"}]},{"@type":"WebSite","@id":"http:\/\/51.68.119.59\/Chris\/strapontins\/#website","url":"http:\/\/51.68.119.59\/Chris\/strapontins\/","name":"Les Strapontins","description":"L&#039;\u00e9cole de Th\u00e9\u00e2tre de Franqueville-Saint-Pierre","publisher":{"@id":"http:\/\/51.68.119.59\/Chris\/strapontins\/#organization"},"alternateName":"Compagnie de th\u00e9\u00e2tre Les Strapontins","potentialAction":[{"@type":"SearchAction","target":{"@type":"EntryPoint","urlTemplate":"http:\/\/51.68.119.59\/Chris\/strapontins\/?s={search_term_string}"},"query-input":{"@type":"PropertyValueSpecification","valueRequired":true,"valueName":"search_term_string"}}],"inLanguage":"fr-FR"},{"@type":"Organization","@id":"http:\/\/51.68.119.59\/Chris\/strapontins\/#organization","name":"Les Strapontins","alternateName":"Compagnie de th\u00e9\u00e2tre Les Strapontins","url":"http:\/\/51.68.119.59\/Chris\/strapontins\/","logo":{"@type":"ImageObject","inLanguage":"fr-FR","@id":"http:\/\/51.68.119.59\/Chris\/strapontins\/#\/schema\/logo\/image\/","url":"http:\/\/51.68.119.59\/Chris\/strapontins\/wp-content\/uploads\/2025\/04\/Logo.png","contentUrl":"http:\/\/51.68.119.59\/Chris\/strapontins\/wp-content\/uploads\/2025\/04\/Logo.png","width":167,"height":119,"caption":"Les Strapontins"},"image":{"@id":"http:\/\/51.68.119.59\/Chris\/strapontins\/#\/schema\/logo\/image\/"},"sameAs":["https:\/\/www.facebook.com\/theatre.lesstrapontins","https:\/\/www.instagram.com\/les.strapontins\/#"]}]}},"_links":{"self":[{"href":"http:\/\/51.68.119.59\/Chris\/strapontins\/index.php?rest_route=\/wp\/v2\/pages\/31","targetHints":{"allow":["GET"]}}],"collection":[{"href":"http:\/\/51.68.119.59\/Chris\/strapontins\/index.php?rest_route=\/wp\/v2\/pages"}],"about":[{"href":"http:\/\/51.68.119.59\/Chris\/strapontins\/index.php?rest_route=\/wp\/v2\/types\/page"}],"author":[{"embeddable":true,"href":"http:\/\/51.68.119.59\/Chris\/strapontins\/index.php?rest_route=\/wp\/v2\/users\/1"}],"replies":[{"embeddable":true,"href":"http:\/\/51.68.119.59\/Chris\/strapontins\/index.php?rest_route=%2Fwp%2Fv2%2Fcomments&post=31"}],"version-history":[{"count":31,"href":"http:\/\/51.68.119.59\/Chris\/strapontins\/index.php?rest_route=\/wp\/v2\/pages\/31\/revisions"}],"predecessor-version":[{"id":875,"href":"http:\/\/51.68.119.59\/Chris\/strapontins\/index.php?rest_route=\/wp\/v2\/pages\/31\/revisions\/875"}],"wp:attachment":[{"href":"http:\/\/51.68.119.59\/Chris\/strapontins\/index.php?rest_route=%2Fwp%2Fv2%2Fmedia&parent=31"}],"curies":[{"name":"wp","href":"https:\/\/api.w.org\/{rel}","templated":true}]}}