{"id":174,"date":"2024-12-09T11:07:54","date_gmt":"2024-12-09T10:07:54","guid":{"rendered":"http:\/\/51.68.119.59\/Chris\/woocommerce\/?page_id=174"},"modified":"2024-12-10T10:03:45","modified_gmt":"2024-12-10T09:03:45","slug":"bienvenue-sur-spreadshirt","status":"publish","type":"page","link":"http:\/\/51.68.119.59\/Chris\/woocommerce\/","title":{"rendered":"Accueil"},"content":{"rendered":"\t\t<div data-elementor-type=\"wp-page\" data-elementor-id=\"174\" class=\"elementor elementor-174\">\n\t\t\t\t<div class=\"elementor-element elementor-element-b9421fe e-con-full e-flex e-con e-parent\" data-id=\"b9421fe\" data-element_type=\"container\" data-settings=\"{&quot;background_background&quot;:&quot;classic&quot;}\">\n\t\t\t\t<div class=\"elementor-element elementor-element-aa06a04 elementor-widget__width-initial elementor-widget elementor-widget-text-editor\" data-id=\"aa06a04\" data-element_type=\"widget\" data-widget_type=\"text-editor.default\">\n\t\t\t\t<div class=\"elementor-widget-container\">\n\t\t\t\t\t\t\t<p>Une robe, une chemise, un T-Shirt&#8230;<br \/>\u00c9coutez vos envies<\/p>\t\t\t\t\t\t<\/div>\n\t\t\t\t<\/div>\n\t\t\t\t<div class=\"elementor-element elementor-element-a55c6d8 elementor-widget elementor-widget-image\" data-id=\"a55c6d8\" data-element_type=\"widget\" data-widget_type=\"image.default\">\n\t\t\t\t<div class=\"elementor-widget-container\">\n\t\t\t\t\t\t\t\t\t\t\t\t\t<img decoding=\"async\" width=\"198\" height=\"58\" src=\"http:\/\/51.68.119.59\/Chris\/woocommerce\/wp-content\/uploads\/2024\/12\/logo_spreadshirt_grand.png\" class=\"attachment-large size-large wp-image-390\" alt=\"\" \/>\t\t\t\t\t\t\t\t\t\t\t\t\t<\/div>\n\t\t\t\t<\/div>\n\t\t\t\t<\/div>\n\t\t<div class=\"elementor-element elementor-element-ababde9 e-flex e-con-boxed e-con e-parent\" data-id=\"ababde9\" data-element_type=\"container\" data-settings=\"{&quot;background_background&quot;:&quot;classic&quot;}\">\n\t\t\t\t\t<div class=\"e-con-inner\">\n\t\t\t\t<div class=\"elementor-element elementor-element-67476b0 elementor-widget elementor-widget-heading\" data-id=\"67476b0\" data-element_type=\"widget\" data-widget_type=\"heading.default\">\n\t\t\t\t<div class=\"elementor-widget-container\">\n\t\t\t<h2 class=\"elementor-heading-title elementor-size-default\">Et vos id\u00e9es prennent vies...<\/h2>\t\t<\/div>\n\t\t\t\t<\/div>\n\t\t\t\t\t<\/div>\n\t\t\t\t<\/div>\n\t\t<div class=\"elementor-element elementor-element-380306f e-flex e-con-boxed e-con e-parent\" data-id=\"380306f\" data-element_type=\"container\">\n\t\t\t\t\t<div class=\"e-con-inner\">\n\t\t<a class=\"elementor-element elementor-element-0acec68 e-con-full e-flex e-con e-child\" data-id=\"0acec68\" data-element_type=\"container\" data-settings=\"{&quot;background_background&quot;:&quot;classic&quot;}\" href=\"http:\/\/51.68.119.59\/Chris\/woocommerce\/index.php\/categorie-produit\/femmes\/\">\n\t\t\t\t<div class=\"elementor-element elementor-element-2cd1cda elementor-widget elementor-widget-heading\" data-id=\"2cd1cda\" data-element_type=\"widget\" data-widget_type=\"heading.default\">\n\t\t\t\t<div class=\"elementor-widget-container\">\n\t\t\t<h2 class=\"elementor-heading-title elementor-size-default\">Femme<\/h2>\t\t<\/div>\n\t\t\t\t<\/div>\n\t\t\t\t<\/a>\n\t\t<a class=\"elementor-element elementor-element-d04b99d e-con-full e-flex e-con e-child\" data-id=\"d04b99d\" data-element_type=\"container\" data-settings=\"{&quot;background_background&quot;:&quot;classic&quot;}\" href=\"http:\/\/51.68.119.59\/Chris\/woocommerce\/index.php\/categorie-produit\/hommes\/\">\n\t\t\t\t<div class=\"elementor-element elementor-element-8aefdd9 elementor-widget elementor-widget-heading\" data-id=\"8aefdd9\" data-element_type=\"widget\" data-widget_type=\"heading.default\">\n\t\t\t\t<div class=\"elementor-widget-container\">\n\t\t\t<h2 class=\"elementor-heading-title elementor-size-default\">Homme<\/h2>\t\t<\/div>\n\t\t\t\t<\/div>\n\t\t\t\t<\/a>\n\t\t<a class=\"elementor-element elementor-element-824888b e-con-full e-flex e-con e-child\" data-id=\"824888b\" data-element_type=\"container\" data-settings=\"{&quot;background_background&quot;:&quot;classic&quot;}\" href=\"http:\/\/51.68.119.59\/Chris\/woocommerce\/index.php\/categorie-produit\/bebe\/\">\n\t\t\t\t<div class=\"elementor-element elementor-element-bd91409 elementor-widget elementor-widget-heading\" data-id=\"bd91409\" data-element_type=\"widget\" data-widget_type=\"heading.default\">\n\t\t\t\t<div class=\"elementor-widget-container\">\n\t\t\t<h2 class=\"elementor-heading-title elementor-size-default\">B\u00e9b\u00e9<\/h2>\t\t<\/div>\n\t\t\t\t<\/div>\n\t\t\t\t<\/a>\n\t\t\t\t\t<\/div>\n\t\t\t\t<\/div>\n\t\t<div class=\"elementor-element elementor-element-da4e243 e-flex e-con-boxed e-con e-parent\" data-id=\"da4e243\" data-element_type=\"container\">\n\t\t\t\t\t<div class=\"e-con-inner\">\n\t\t\t\t<div class=\"elementor-element elementor-element-2725daf elementor-widget elementor-widget-heading\" data-id=\"2725daf\" data-element_type=\"widget\" data-widget_type=\"heading.default\">\n\t\t\t\t<div class=\"elementor-widget-container\">\n\t\t\t<h2 class=\"elementor-heading-title elementor-size-default\">Nos derniers articles<\/h2>\t\t<\/div>\n\t\t\t\t<\/div>\n\t\t\t\t\t<\/div>\n\t\t\t\t<\/div>\n\t\t<div class=\"elementor-element elementor-element-3849907 e-flex e-con-boxed e-con e-parent\" data-id=\"3849907\" data-element_type=\"container\">\n\t\t\t\t\t<div class=\"e-con-inner\">\n\t\t<div class=\"elementor-element elementor-element-4c2d1a6 e-con-full e-flex e-con e-child\" data-id=\"4c2d1a6\" data-element_type=\"container\">\n\t\t\t\t<div class=\"elementor-element elementor-element-1f191e3 elementor-widget elementor-widget-image\" data-id=\"1f191e3\" data-element_type=\"widget\" data-widget_type=\"image.default\">\n\t\t\t\t<div class=\"elementor-widget-container\">\n\t\t\t\t\t\t\t\t\t\t\t\t\t\t<a href=\"http:\/\/51.68.119.59\/Chris\/woocommerce\/index.php\/produit\/sweat-rubik-cube\/\">\n\t\t\t\t\t\t\t<img fetchpriority=\"high\" decoding=\"async\" width=\"800\" height=\"800\" src=\"http:\/\/51.68.119.59\/Chris\/woocommerce\/wp-content\/uploads\/2024\/12\/rubiks-cube-en-train-de-fondre-sweat-a-capuche-premium-femme-11.jpg\" class=\"elementor-animation-rotate attachment-large size-large wp-image-102\" alt=\"\" srcset=\"http:\/\/51.68.119.59\/Chris\/woocommerce\/wp-content\/uploads\/2024\/12\/rubiks-cube-en-train-de-fondre-sweat-a-capuche-premium-femme-11.jpg 800w, http:\/\/51.68.119.59\/Chris\/woocommerce\/wp-content\/uploads\/2024\/12\/rubiks-cube-en-train-de-fondre-sweat-a-capuche-premium-femme-11-300x300.jpg 300w, http:\/\/51.68.119.59\/Chris\/woocommerce\/wp-content\/uploads\/2024\/12\/rubiks-cube-en-train-de-fondre-sweat-a-capuche-premium-femme-11-100x100.jpg 100w, http:\/\/51.68.119.59\/Chris\/woocommerce\/wp-content\/uploads\/2024\/12\/rubiks-cube-en-train-de-fondre-sweat-a-capuche-premium-femme-11-600x600.jpg 600w, http:\/\/51.68.119.59\/Chris\/woocommerce\/wp-content\/uploads\/2024\/12\/rubiks-cube-en-train-de-fondre-sweat-a-capuche-premium-femme-11-150x150.jpg 150w, http:\/\/51.68.119.59\/Chris\/woocommerce\/wp-content\/uploads\/2024\/12\/rubiks-cube-en-train-de-fondre-sweat-a-capuche-premium-femme-11-768x768.jpg 768w\" sizes=\"(max-width: 800px) 100vw, 800px\" \/>\t\t\t\t\t\t\t\t<\/a>\n\t\t\t\t\t\t\t\t\t\t\t\t\t<\/div>\n\t\t\t\t<\/div>\n\t\t\t\t<div class=\"elementor-element elementor-element-741abb2 elementor-widget elementor-widget-text-editor\" data-id=\"741abb2\" data-element_type=\"widget\" data-widget_type=\"text-editor.default\">\n\t\t\t\t<div class=\"elementor-widget-container\">\n\t\t\t\t\t\t\t<p><strong>Sweatshirt Rubik Cube<\/strong><\/p>\t\t\t\t\t\t<\/div>\n\t\t\t\t<\/div>\n\t\t\t\t<\/div>\n\t\t<div class=\"elementor-element elementor-element-a0e1e1a e-con-full e-flex e-con e-child\" data-id=\"a0e1e1a\" data-element_type=\"container\">\n\t\t\t\t<div class=\"elementor-element elementor-element-37534b7 elementor-widget elementor-widget-image\" data-id=\"37534b7\" data-element_type=\"widget\" data-widget_type=\"image.default\">\n\t\t\t\t<div class=\"elementor-widget-container\">\n\t\t\t\t\t\t\t\t\t\t\t\t\t\t<a href=\"http:\/\/51.68.119.59\/Chris\/woocommerce\/index.php\/produit\/t-shirt-hamburger\/\">\n\t\t\t\t\t\t\t<img decoding=\"async\" width=\"800\" height=\"800\" src=\"http:\/\/51.68.119.59\/Chris\/woocommerce\/wp-content\/uploads\/2024\/12\/hamburger-t-shirt-homme-6.jpg\" class=\"elementor-animation-rotate attachment-large size-large wp-image-77\" alt=\"\" srcset=\"http:\/\/51.68.119.59\/Chris\/woocommerce\/wp-content\/uploads\/2024\/12\/hamburger-t-shirt-homme-6.jpg 800w, http:\/\/51.68.119.59\/Chris\/woocommerce\/wp-content\/uploads\/2024\/12\/hamburger-t-shirt-homme-6-300x300.jpg 300w, http:\/\/51.68.119.59\/Chris\/woocommerce\/wp-content\/uploads\/2024\/12\/hamburger-t-shirt-homme-6-100x100.jpg 100w, http:\/\/51.68.119.59\/Chris\/woocommerce\/wp-content\/uploads\/2024\/12\/hamburger-t-shirt-homme-6-600x600.jpg 600w, http:\/\/51.68.119.59\/Chris\/woocommerce\/wp-content\/uploads\/2024\/12\/hamburger-t-shirt-homme-6-150x150.jpg 150w, http:\/\/51.68.119.59\/Chris\/woocommerce\/wp-content\/uploads\/2024\/12\/hamburger-t-shirt-homme-6-768x768.jpg 768w\" sizes=\"(max-width: 800px) 100vw, 800px\" \/>\t\t\t\t\t\t\t\t<\/a>\n\t\t\t\t\t\t\t\t\t\t\t\t\t<\/div>\n\t\t\t\t<\/div>\n\t\t\t\t<div class=\"elementor-element elementor-element-94e5b59 elementor-widget elementor-widget-text-editor\" data-id=\"94e5b59\" data-element_type=\"widget\" data-widget_type=\"text-editor.default\">\n\t\t\t\t<div class=\"elementor-widget-container\">\n\t\t\t\t\t\t\t<p><strong>T-Shirt Hamburger<\/strong><\/p>\t\t\t\t\t\t<\/div>\n\t\t\t\t<\/div>\n\t\t\t\t<\/div>\n\t\t<div class=\"elementor-element elementor-element-5878a36 e-con-full e-flex e-con e-child\" data-id=\"5878a36\" data-element_type=\"container\">\n\t\t\t\t<div class=\"elementor-element elementor-element-3098212 elementor-widget elementor-widget-image\" data-id=\"3098212\" data-element_type=\"widget\" data-widget_type=\"image.default\">\n\t\t\t\t<div class=\"elementor-widget-container\">\n\t\t\t\t\t\t\t\t\t\t\t\t\t\t<a href=\"http:\/\/51.68.119.59\/Chris\/woocommerce\/index.php\/produit\/bavoir-comme-papa\/\">\n\t\t\t\t\t\t\t<img loading=\"lazy\" decoding=\"async\" width=\"800\" height=\"800\" src=\"http:\/\/51.68.119.59\/Chris\/woocommerce\/wp-content\/uploads\/2024\/12\/jadore-boire-comme-papa-bavoir-bebe-2.jpg\" class=\"elementor-animation-rotate attachment-large size-large wp-image-120\" alt=\"\" srcset=\"http:\/\/51.68.119.59\/Chris\/woocommerce\/wp-content\/uploads\/2024\/12\/jadore-boire-comme-papa-bavoir-bebe-2.jpg 800w, http:\/\/51.68.119.59\/Chris\/woocommerce\/wp-content\/uploads\/2024\/12\/jadore-boire-comme-papa-bavoir-bebe-2-300x300.jpg 300w, http:\/\/51.68.119.59\/Chris\/woocommerce\/wp-content\/uploads\/2024\/12\/jadore-boire-comme-papa-bavoir-bebe-2-100x100.jpg 100w, http:\/\/51.68.119.59\/Chris\/woocommerce\/wp-content\/uploads\/2024\/12\/jadore-boire-comme-papa-bavoir-bebe-2-600x600.jpg 600w, http:\/\/51.68.119.59\/Chris\/woocommerce\/wp-content\/uploads\/2024\/12\/jadore-boire-comme-papa-bavoir-bebe-2-150x150.jpg 150w, http:\/\/51.68.119.59\/Chris\/woocommerce\/wp-content\/uploads\/2024\/12\/jadore-boire-comme-papa-bavoir-bebe-2-768x768.jpg 768w\" sizes=\"(max-width: 800px) 100vw, 800px\" \/>\t\t\t\t\t\t\t\t<\/a>\n\t\t\t\t\t\t\t\t\t\t\t\t\t<\/div>\n\t\t\t\t<\/div>\n\t\t\t\t<div class=\"elementor-element elementor-element-3bbc95b elementor-widget elementor-widget-text-editor\" data-id=\"3bbc95b\" data-element_type=\"widget\" data-widget_type=\"text-editor.default\">\n\t\t\t\t<div class=\"elementor-widget-container\">\n\t\t\t\t\t\t\t<p><strong>Bavoirs J&rsquo;adore Boire<\/strong><\/p>\t\t\t\t\t\t<\/div>\n\t\t\t\t<\/div>\n\t\t\t\t<\/div>\n\t\t\t\t\t<\/div>\n\t\t\t\t<\/div>\n\t\t\t\t<\/div>\n\t\t","protected":false},"excerpt":{"rendered":"<p>Une robe, une chemise, un T-Shirt&#8230;\u00c9coutez vos envies Et vos id\u00e9es prennent vies&#8230; Femme Homme B\u00e9b\u00e9 Nos derniers articles Sweatshirt Rubik Cube T-Shirt Hamburger Bavoirs J&rsquo;adore Boire<\/p>\n","protected":false},"author":1,"featured_media":0,"parent":0,"menu_order":0,"comment_status":"closed","ping_status":"closed","template":"elementor_header_footer","meta":{"footnotes":""},"class_list":["post-174","page","type-page","status-publish","hentry","entry","owp-thumbs-layout-horizontal","owp-btn-normal","owp-tabs-layout-horizontal","has-no-thumbnails","has-product-nav"],"_links":{"self":[{"href":"http:\/\/51.68.119.59\/Chris\/woocommerce\/index.php\/wp-json\/wp\/v2\/pages\/174","targetHints":{"allow":["GET"]}}],"collection":[{"href":"http:\/\/51.68.119.59\/Chris\/woocommerce\/index.php\/wp-json\/wp\/v2\/pages"}],"about":[{"href":"http:\/\/51.68.119.59\/Chris\/woocommerce\/index.php\/wp-json\/wp\/v2\/types\/page"}],"author":[{"embeddable":true,"href":"http:\/\/51.68.119.59\/Chris\/woocommerce\/index.php\/wp-json\/wp\/v2\/users\/1"}],"replies":[{"embeddable":true,"href":"http:\/\/51.68.119.59\/Chris\/woocommerce\/index.php\/wp-json\/wp\/v2\/comments?post=174"}],"version-history":[{"count":234,"href":"http:\/\/51.68.119.59\/Chris\/woocommerce\/index.php\/wp-json\/wp\/v2\/pages\/174\/revisions"}],"predecessor-version":[{"id":476,"href":"http:\/\/51.68.119.59\/Chris\/woocommerce\/index.php\/wp-json\/wp\/v2\/pages\/174\/revisions\/476"}],"wp:attachment":[{"href":"http:\/\/51.68.119.59\/Chris\/woocommerce\/index.php\/wp-json\/wp\/v2\/media?parent=174"}],"curies":[{"name":"wp","href":"https:\/\/api.w.org\/{rel}","templated":true}]}}