{"id":16,"date":"2025-10-29T13:32:21","date_gmt":"2025-10-29T13:32:21","guid":{"rendered":"http:\/\/influence-2025.local\/?page_id=16"},"modified":"2025-11-19T15:18:57","modified_gmt":"2025-11-19T15:18:57","slug":"architecte-bordeaux","status":"publish","type":"page","link":"http:\/\/51.68.119.59\/Elisabeth\/Influence\/?page_id=16","title":{"rendered":"Agence"},"content":{"rendered":"\t\t<div data-elementor-type=\"wp-page\" data-elementor-id=\"16\" class=\"elementor elementor-16\">\n\t\t\t\t<div class=\"elementor-element elementor-element-e2e1684 e-flex e-con-boxed e-con e-parent\" data-id=\"e2e1684\" data-element_type=\"container\">\n\t\t\t\t\t<div class=\"e-con-inner\">\n\t\t<div class=\"elementor-element elementor-element-b0d821c e-con-full e-flex e-con e-child\" data-id=\"b0d821c\" data-element_type=\"container\">\n\t\t\t\t<div class=\"elementor-element elementor-element-a202e0c elementor-widget elementor-widget-image\" data-id=\"a202e0c\" data-element_type=\"widget\" data-widget_type=\"image.default\">\n\t\t\t\t\t\t\t\t\t\t\t\t\t\t\t<img fetchpriority=\"high\" decoding=\"async\" width=\"1024\" height=\"683\" src=\"http:\/\/51.68.119.59\/Elisabeth\/Influence\/wp-content\/uploads\/2025\/11\/pexels-ron-lach-8086373-modifie.jpg\" class=\"attachment-full size-full wp-image-221\" alt=\"\" srcset=\"http:\/\/51.68.119.59\/Elisabeth\/Influence\/wp-content\/uploads\/2025\/11\/pexels-ron-lach-8086373-modifie.jpg 1024w, http:\/\/51.68.119.59\/Elisabeth\/Influence\/wp-content\/uploads\/2025\/11\/pexels-ron-lach-8086373-modifie-300x200.jpg 300w, http:\/\/51.68.119.59\/Elisabeth\/Influence\/wp-content\/uploads\/2025\/11\/pexels-ron-lach-8086373-modifie-768x512.jpg 768w\" sizes=\"(max-width: 1024px) 100vw, 1024px\" \/>\t\t\t\t\t\t\t\t\t\t\t\t\t\t\t<\/div>\n\t\t\t\t<\/div>\n\t\t<div class=\"elementor-element elementor-element-eafd16e e-con-full e-flex e-con e-child\" data-id=\"eafd16e\" data-element_type=\"container\">\n\t\t\t\t<div class=\"elementor-element elementor-element-3262bd6 elementor-widget elementor-widget-heading\" data-id=\"3262bd6\" data-element_type=\"widget\" data-widget_type=\"heading.default\">\n\t\t\t\t\t<h1 class=\"elementor-heading-title elementor-size-default\">Influence - Une architecture de l'humain<\/h1>\t\t\t\t<\/div>\n\t\t\t\t<div class=\"elementor-element elementor-element-ec36d15 elementor-widget elementor-widget-text-editor\" data-id=\"ec36d15\" data-element_type=\"widget\" data-widget_type=\"text-editor.default\">\n\t\t\t\t\t\t\t\t\t<p>A travers la mise en valeur de l&rsquo;humain, du social, de l&rsquo;environnemental et de l&rsquo;historique, nous affirmons une identit\u00e9 fond\u00e9e sur le savoir-faire, la cr\u00e9ativit\u00e9, l&rsquo;innovation et la sobri\u00e9t\u00e9.<\/p>\t\t\t\t\t\t\t\t<\/div>\n\t\t\t\t<\/div>\n\t\t\t\t\t<\/div>\n\t\t\t\t<\/div>\n\t\t<div class=\"elementor-element elementor-element-3fd86f2 e-flex e-con-boxed e-con e-parent\" data-id=\"3fd86f2\" data-element_type=\"container\" data-settings=\"{&quot;background_background&quot;:&quot;classic&quot;}\">\n\t\t\t\t\t<div class=\"e-con-inner\">\n\t\t\t\t<div class=\"elementor-element elementor-element-2818f63 elementor-widget elementor-widget-heading\" data-id=\"2818f63\" data-element_type=\"widget\" data-widget_type=\"heading.default\">\n\t\t\t\t\t<h1 class=\"elementor-heading-title elementor-size-default\">Install\u00e9e \u00e0 Bordeaux, notre agence d\u2019architecture r\u00e9unit des <br>professionnels passionn\u00e9s par la cr\u00e9ation et l\u2019innovation.<\/h1>\t\t\t\t<\/div>\n\t\t\t\t<div class=\"elementor-element elementor-element-506c8f6 elementor-widget-tablet__width-inherit elementor-widget elementor-widget-text-editor\" data-id=\"506c8f6\" data-element_type=\"widget\" data-widget_type=\"text-editor.default\">\n\t\t\t\t\t\t\t\t\t<p>\u00a0Chez Influence Architecture, chaque projet na\u00eet d\u2019un dialogue attentif avec nos clients \u2014 particuliers ou professionnels \u2014 pour cr\u00e9er des espaces uniques, durables et adapt\u00e9s \u00e0 leurs usages.<\/p><p>De la premi\u00e8re esquisse \u00e0 la livraison, notre \u00e9quipe conjugue rigueur technique, sensibilit\u00e9 artistique et accompagnement humain afin de donner vie \u00e0 des lieux qui ont du sens.<\/p><p>Derri\u00e8re chaque projet, l\u2019\u00e9quipe d\u2019Influence Architecture met son savoir-faire au service de vos ambitions architecturales.<\/p>\t\t\t\t\t\t\t\t<\/div>\n\t\t\t\t\t<\/div>\n\t\t\t\t<\/div>\n\t\t<div class=\"elementor-element elementor-element-e3ec302 e-flex e-con-boxed e-con e-parent\" data-id=\"e3ec302\" data-element_type=\"container\">\n\t\t\t\t\t<div class=\"e-con-inner\">\n\t\t\t\t<div class=\"elementor-element elementor-element-a9a4a18 elementor-widget elementor-widget-heading\" data-id=\"a9a4a18\" data-element_type=\"widget\" data-widget_type=\"heading.default\">\n\t\t\t\t\t<h1 class=\"elementor-heading-title elementor-size-default\">L\u2019\u00e9quipe d\u2019Influence Architecture <\/h1>\t\t\t\t<\/div>\n\t\t\t\t<div class=\"elementor-element elementor-element-bfd50d9 elementor-widget-tablet__width-inherit elementor-widget elementor-widget-text-editor\" data-id=\"bfd50d9\" data-element_type=\"widget\" data-widget_type=\"text-editor.default\">\n\t\t\t\t\t\t\t\t\t<p>\u00a0Des architectes aux profils compl\u00e9mentaires, unis par une m\u00eame exigence : <br \/>concevoir des espaces porteurs de sens, o\u00f9 esth\u00e9tique et usage dialoguent avec harmonie.<\/p>\t\t\t\t\t\t\t\t<\/div>\n\t\t\t\t\t<\/div>\n\t\t\t\t<\/div>\n\t\t<div class=\"elementor-element elementor-element-9334caa e-flex e-con-boxed e-con e-parent\" data-id=\"9334caa\" data-element_type=\"container\">\n\t\t\t\t\t<div class=\"e-con-inner\">\n\t\t<div class=\"elementor-element elementor-element-b57c616 e-con-full e-flex e-con e-child\" data-id=\"b57c616\" data-element_type=\"container\">\n\t\t\t\t<div class=\"elementor-element elementor-element-05b4ebf elementor-widget elementor-widget-image\" data-id=\"05b4ebf\" data-element_type=\"widget\" data-widget_type=\"image.default\">\n\t\t\t\t\t\t\t\t\t\t\t\t\t\t\t<img decoding=\"async\" width=\"150\" height=\"150\" src=\"http:\/\/51.68.119.59\/Elisabeth\/Influence\/wp-content\/uploads\/2025\/11\/pexels-glassesshop-gs-1317359316-26100579-modifie-150x150.jpg\" class=\"attachment-thumbnail size-thumbnail wp-image-220\" alt=\"\" srcset=\"http:\/\/51.68.119.59\/Elisabeth\/Influence\/wp-content\/uploads\/2025\/11\/pexels-glassesshop-gs-1317359316-26100579-modifie-150x150.jpg 150w, http:\/\/51.68.119.59\/Elisabeth\/Influence\/wp-content\/uploads\/2025\/11\/pexels-glassesshop-gs-1317359316-26100579-modifie-300x300.jpg 300w, http:\/\/51.68.119.59\/Elisabeth\/Influence\/wp-content\/uploads\/2025\/11\/pexels-glassesshop-gs-1317359316-26100579-modifie-1024x1024.jpg 1024w, http:\/\/51.68.119.59\/Elisabeth\/Influence\/wp-content\/uploads\/2025\/11\/pexels-glassesshop-gs-1317359316-26100579-modifie-768x768.jpg 768w, http:\/\/51.68.119.59\/Elisabeth\/Influence\/wp-content\/uploads\/2025\/11\/pexels-glassesshop-gs-1317359316-26100579-modifie.jpg 1200w\" sizes=\"(max-width: 150px) 100vw, 150px\" \/>\t\t\t\t\t\t\t\t\t\t\t\t\t\t\t<\/div>\n\t\t\t\t<div class=\"elementor-element elementor-element-20bd25c elementor-widget elementor-widget-heading\" data-id=\"20bd25c\" data-element_type=\"widget\" data-widget_type=\"heading.default\">\n\t\t\t\t\t<h2 class=\"elementor-heading-title elementor-size-default\">Juliette CARADEC<\/h2>\t\t\t\t<\/div>\n\t\t\t\t<div class=\"elementor-element elementor-element-5511cbf elementor-widget elementor-widget-heading\" data-id=\"5511cbf\" data-element_type=\"widget\" data-widget_type=\"heading.default\">\n\t\t\t\t\t<h2 class=\"elementor-heading-title elementor-size-default\">Architecte Int\u00e9rieur<\/h2>\t\t\t\t<\/div>\n\t\t\t\t<div class=\"elementor-element elementor-element-2d05209 elementor-widget__width-initial elementor-widget elementor-widget-text-editor\" data-id=\"2d05209\" data-element_type=\"widget\" data-widget_type=\"text-editor.default\">\n\t\t\t\t\t\t\t\t\t<p>Architecte d\u2019int\u00e9rieur sp\u00e9cialis\u00e9e dans l\u2019habitat, <br \/>Juliette accompagne les particuliers dans leurs projets de r\u00e9novation et d\u2019am\u00e9nagement.<\/p><p>Attentive aux besoins de chaque client, elle con\u00e7oit des espaces chaleureux, fonctionnels et adapt\u00e9s \u00e0 chaque mode de vie.<\/p>\t\t\t\t\t\t\t\t<\/div>\n\t\t\t\t<\/div>\n\t\t<div class=\"elementor-element elementor-element-b06a394 e-con-full e-flex e-con e-child\" data-id=\"b06a394\" data-element_type=\"container\" data-settings=\"{&quot;background_background&quot;:&quot;classic&quot;}\">\n\t\t\t\t<div class=\"elementor-element elementor-element-7c04113 elementor-widget elementor-widget-image\" data-id=\"7c04113\" data-element_type=\"widget\" data-widget_type=\"image.default\">\n\t\t\t\t\t\t\t\t\t\t\t\t\t\t\t<img decoding=\"async\" width=\"150\" height=\"150\" src=\"http:\/\/51.68.119.59\/Elisabeth\/Influence\/wp-content\/uploads\/2025\/11\/pexels-143963679-10761393-modifie-150x150.jpg\" class=\"attachment-thumbnail size-thumbnail wp-image-219\" alt=\"\" srcset=\"http:\/\/51.68.119.59\/Elisabeth\/Influence\/wp-content\/uploads\/2025\/11\/pexels-143963679-10761393-modifie-150x150.jpg 150w, http:\/\/51.68.119.59\/Elisabeth\/Influence\/wp-content\/uploads\/2025\/11\/pexels-143963679-10761393-modifie-300x300.jpg 300w, http:\/\/51.68.119.59\/Elisabeth\/Influence\/wp-content\/uploads\/2025\/11\/pexels-143963679-10761393-modifie.jpg 640w\" sizes=\"(max-width: 150px) 100vw, 150px\" \/>\t\t\t\t\t\t\t\t\t\t\t\t\t\t\t<\/div>\n\t\t\t\t<div class=\"elementor-element elementor-element-031d362 elementor-widget elementor-widget-heading\" data-id=\"031d362\" data-element_type=\"widget\" data-widget_type=\"heading.default\">\n\t\t\t\t\t<h2 class=\"elementor-heading-title elementor-size-default\">Victor ARNAUD<\/h2>\t\t\t\t<\/div>\n\t\t\t\t<div class=\"elementor-element elementor-element-be913f9 elementor-widget elementor-widget-heading\" data-id=\"be913f9\" data-element_type=\"widget\" data-widget_type=\"heading.default\">\n\t\t\t\t\t<h2 class=\"elementor-heading-title elementor-size-default\">Architecte Int\u00e9rieur<\/h2>\t\t\t\t<\/div>\n\t\t\t\t<div class=\"elementor-element elementor-element-84bfa0c elementor-widget__width-initial elementor-widget elementor-widget-text-editor\" data-id=\"84bfa0c\" data-element_type=\"widget\" data-widget_type=\"text-editor.default\">\n\t\t\t\t\t\t\t\t\t<p>Fort d\u2019une exp\u00e9rience de plus de douze ans en ma\u00eetrise d\u2019\u0153uvre, <br \/>Victor con\u00e7oit et suit chaque projet avec pr\u00e9cision et rigueur.<\/p><p>Son approche globale relie conception, technique et accompagnement du client, de la premi\u00e8re esquisse jusqu\u2019\u00e0 la livraison.<\/p>\t\t\t\t\t\t\t\t<\/div>\n\t\t\t\t<\/div>\n\t\t\t\t\t<\/div>\n\t\t\t\t<\/div>\n\t\t<div class=\"elementor-element elementor-element-4894364 e-flex e-con-boxed e-con e-parent\" data-id=\"4894364\" data-element_type=\"container\" data-settings=\"{&quot;background_background&quot;:&quot;classic&quot;}\">\n\t\t\t\t\t<div class=\"e-con-inner\">\n\t\t\t\t<div class=\"elementor-element elementor-element-6dc7482 elementor-widget-mobile__width-inherit elementor-widget elementor-widget-text-editor\" data-id=\"6dc7482\" data-element_type=\"widget\" data-widget_type=\"text-editor.default\">\n\t\t\t\t\t\t\t\t\t<p>Chaque projet commence par une rencontre. \u00c9changeons ensemble autour du v\u00f4tre.<\/p>\t\t\t\t\t\t\t\t<\/div>\n\t\t\t\t<div class=\"elementor-element elementor-element-6ec2106 elementor-align-center elementor-widget elementor-widget-button\" data-id=\"6ec2106\" data-element_type=\"widget\" data-widget_type=\"button.default\">\n\t\t\t\t\t\t\t\t\t\t<a class=\"elementor-button elementor-button-link elementor-size-sm elementor-animation-grow\" href=\"http:\/\/51.68.119.59\/Elisabeth\/Influence\/?page_id=22\">\n\t\t\t\t\t\t<span class=\"elementor-button-content-wrapper\">\n\t\t\t\t\t\t\t\t\t<span class=\"elementor-button-text\">Entrer en contact<\/span>\n\t\t\t\t\t<\/span>\n\t\t\t\t\t<\/a>\n\t\t\t\t\t\t\t\t<\/div>\n\t\t\t\t\t<\/div>\n\t\t\t\t<\/div>\n\t\t\t\t<\/div>\n\t\t","protected":false},"excerpt":{"rendered":"<p>Influence &#8211; Une architecture de l&rsquo;humain A travers la mise en valeur de l&rsquo;humain, du social, de l&rsquo;environnemental et de [&hellip;]<\/p>\n","protected":false},"author":1,"featured_media":0,"parent":0,"menu_order":0,"comment_status":"closed","ping_status":"closed","template":"","meta":{"site-sidebar-layout":"no-sidebar","site-content-layout":"","ast-site-content-layout":"full-width-container","site-content-style":"default","site-sidebar-style":"default","ast-global-header-display":"","ast-banner-title-visibility":"","ast-main-header-display":"","ast-hfb-above-header-display":"","ast-hfb-below-header-display":"","ast-hfb-mobile-header-display":"","site-post-title":"","ast-breadcrumbs-content":"","ast-featured-img":"disabled","footer-sml-layout":"","theme-transparent-header-meta":"","adv-header-id-meta":"","stick-header-meta":"","header-above-stick-meta":"","header-main-stick-meta":"","header-below-stick-meta":"","astra-migrate-meta-layouts":"default","ast-page-background-enabled":"default","ast-page-background-meta":{"desktop":{"background-color":"var(--ast-global-color-5)","background-image":"","background-repeat":"repeat","background-position":"center center","background-size":"auto","background-attachment":"scroll","background-type":"","background-media":"","overlay-type":"","overlay-color":"","overlay-opacity":"","overlay-gradient":""},"tablet":{"background-color":"","background-image":"","background-repeat":"repeat","background-position":"center center","background-size":"auto","background-attachment":"scroll","background-type":"","background-media":"","overlay-type":"","overlay-color":"","overlay-opacity":"","overlay-gradient":""},"mobile":{"background-color":"","background-image":"","background-repeat":"repeat","background-position":"center center","background-size":"auto","background-attachment":"scroll","background-type":"","background-media":"","overlay-type":"","overlay-color":"","overlay-opacity":"","overlay-gradient":""}},"ast-content-background-meta":{"desktop":{"background-color":"var(--ast-global-color-4)","background-image":"","background-repeat":"repeat","background-position":"center center","background-size":"auto","background-attachment":"scroll","background-type":"","background-media":"","overlay-type":"","overlay-color":"","overlay-opacity":"","overlay-gradient":""},"tablet":{"background-color":"var(--ast-global-color-4)","background-image":"","background-repeat":"repeat","background-position":"center center","background-size":"auto","background-attachment":"scroll","background-type":"","background-media":"","overlay-type":"","overlay-color":"","overlay-opacity":"","overlay-gradient":""},"mobile":{"background-color":"var(--ast-global-color-4)","background-image":"","background-repeat":"repeat","background-position":"center center","background-size":"auto","background-attachment":"scroll","background-type":"","background-media":"","overlay-type":"","overlay-color":"","overlay-opacity":"","overlay-gradient":""}},"footnotes":""},"class_list":["post-16","page","type-page","status-publish","hentry"],"yoast_head":"<!-- This site is optimized with the Yoast SEO plugin v26.4 - https:\/\/yoast.com\/wordpress\/plugins\/seo\/ -->\n<title>Agence - Influence - Cabinet d&#039;architecte \u00e0 bordeaux<\/title>\n<meta name=\"description\" content=\"Architecte \u00e0 Bordeaux \u2013 Influence : maisons, r\u00e9novations et extensions sur mesure. Projets durables pour particuliers et professionnels.\" \/>\n<meta name=\"robots\" content=\"index, follow, max-snippet:-1, max-image-preview:large, max-video-preview:-1\" \/>\n<link rel=\"canonical\" href=\"http:\/\/51.68.119.59\/Elisabeth\/Influence\/?page_id=16\" \/>\n<meta property=\"og:locale\" content=\"fr_FR\" \/>\n<meta property=\"og:type\" content=\"article\" \/>\n<meta property=\"og:title\" content=\"Agence - Influence - Cabinet d&#039;architecte \u00e0 bordeaux\" \/>\n<meta property=\"og:description\" content=\"Architecte \u00e0 Bordeaux \u2013 Influence : maisons, r\u00e9novations et extensions sur mesure. Projets durables pour particuliers et professionnels.\" \/>\n<meta property=\"og:url\" content=\"http:\/\/51.68.119.59\/Elisabeth\/Influence\/?page_id=16\" \/>\n<meta property=\"og:site_name\" content=\"Influence - Cabinet d&#039;architecte \u00e0 bordeaux\" \/>\n<meta property=\"article:modified_time\" content=\"2025-11-19T15:18:57+00:00\" \/>\n<meta property=\"og:image\" content=\"http:\/\/51.68.119.59\/Elisabeth\/Influence\/wp-content\/uploads\/2025\/11\/pexels-ron-lach-8086373-modifie.jpg\" \/>\n\t<meta property=\"og:image:width\" content=\"1024\" \/>\n\t<meta property=\"og:image:height\" content=\"683\" \/>\n\t<meta property=\"og:image:type\" content=\"image\/jpeg\" \/>\n<meta name=\"twitter:card\" content=\"summary_large_image\" \/>\n<meta name=\"twitter:label1\" content=\"Dur\u00e9e de lecture estim\u00e9e\" \/>\n\t<meta name=\"twitter:data1\" content=\"2 minutes\" \/>\n<script type=\"application\/ld+json\" class=\"yoast-schema-graph\">{\"@context\":\"https:\/\/schema.org\",\"@graph\":[{\"@type\":\"WebPage\",\"@id\":\"http:\/\/51.68.119.59\/Elisabeth\/Influence\/?page_id=16\",\"url\":\"http:\/\/51.68.119.59\/Elisabeth\/Influence\/?page_id=16\",\"name\":\"Agence - Influence - Cabinet d&#039;architecte \u00e0 bordeaux\",\"isPartOf\":{\"@id\":\"http:\/\/51.68.119.59\/Elisabeth\/Influence\/#website\"},\"primaryImageOfPage\":{\"@id\":\"http:\/\/51.68.119.59\/Elisabeth\/Influence\/?page_id=16#primaryimage\"},\"image\":{\"@id\":\"http:\/\/51.68.119.59\/Elisabeth\/Influence\/?page_id=16#primaryimage\"},\"thumbnailUrl\":\"http:\/\/51.68.119.59\/Elisabeth\/Influence\/wp-content\/uploads\/2025\/11\/pexels-ron-lach-8086373-modifie.jpg\",\"datePublished\":\"2025-10-29T13:32:21+00:00\",\"dateModified\":\"2025-11-19T15:18:57+00:00\",\"description\":\"Architecte \u00e0 Bordeaux \u2013 Influence : maisons, r\u00e9novations et extensions sur mesure. Projets durables pour particuliers et professionnels.\",\"breadcrumb\":{\"@id\":\"http:\/\/51.68.119.59\/Elisabeth\/Influence\/?page_id=16#breadcrumb\"},\"inLanguage\":\"fr-FR\",\"potentialAction\":[{\"@type\":\"ReadAction\",\"target\":[\"http:\/\/51.68.119.59\/Elisabeth\/Influence\/?page_id=16\"]}]},{\"@type\":\"ImageObject\",\"inLanguage\":\"fr-FR\",\"@id\":\"http:\/\/51.68.119.59\/Elisabeth\/Influence\/?page_id=16#primaryimage\",\"url\":\"http:\/\/51.68.119.59\/Elisabeth\/Influence\/wp-content\/uploads\/2025\/11\/pexels-ron-lach-8086373-modifie.jpg\",\"contentUrl\":\"http:\/\/51.68.119.59\/Elisabeth\/Influence\/wp-content\/uploads\/2025\/11\/pexels-ron-lach-8086373-modifie.jpg\",\"width\":1024,\"height\":683},{\"@type\":\"BreadcrumbList\",\"@id\":\"http:\/\/51.68.119.59\/Elisabeth\/Influence\/?page_id=16#breadcrumb\",\"itemListElement\":[{\"@type\":\"ListItem\",\"position\":1,\"name\":\"Accueil\",\"item\":\"http:\/\/51.68.119.59\/Elisabeth\/Influence\/\"},{\"@type\":\"ListItem\",\"position\":2,\"name\":\"Agence\"}]},{\"@type\":\"WebSite\",\"@id\":\"http:\/\/51.68.119.59\/Elisabeth\/Influence\/#website\",\"url\":\"http:\/\/51.68.119.59\/Elisabeth\/Influence\/\",\"name\":\"influence architecture Bordeaux\",\"description\":\"Professionnels Particulier Professionel\",\"publisher\":{\"@id\":\"http:\/\/51.68.119.59\/Elisabeth\/Influence\/#\/schema\/person\/14f536f3519149a680442c9a1ef25982\"},\"potentialAction\":[{\"@type\":\"SearchAction\",\"target\":{\"@type\":\"EntryPoint\",\"urlTemplate\":\"http:\/\/51.68.119.59\/Elisabeth\/Influence\/?s={search_term_string}\"},\"query-input\":{\"@type\":\"PropertyValueSpecification\",\"valueRequired\":true,\"valueName\":\"search_term_string\"}}],\"inLanguage\":\"fr-FR\"},{\"@type\":[\"Person\",\"Organization\"],\"@id\":\"http:\/\/51.68.119.59\/Elisabeth\/Influence\/#\/schema\/person\/14f536f3519149a680442c9a1ef25982\",\"name\":\"admin\",\"image\":{\"@type\":\"ImageObject\",\"inLanguage\":\"fr-FR\",\"@id\":\"http:\/\/51.68.119.59\/Elisabeth\/Influence\/#\/schema\/person\/image\/\",\"url\":\"http:\/\/51.68.119.59\/Elisabeth\/Influence\/wp-content\/uploads\/2025\/11\/cropped-logo-maison-Flammes-FINAL-the-best-scaled-1.png\",\"contentUrl\":\"http:\/\/51.68.119.59\/Elisabeth\/Influence\/wp-content\/uploads\/2025\/11\/cropped-logo-maison-Flammes-FINAL-the-best-scaled-1.png\",\"width\":2559,\"height\":1194,\"caption\":\"admin\"},\"logo\":{\"@id\":\"http:\/\/51.68.119.59\/Elisabeth\/Influence\/#\/schema\/person\/image\/\"},\"sameAs\":[\"http:\/\/51.68.119.59\/Elisabeth\/Influence\"]}]}<\/script>\n<!-- \/ Yoast SEO plugin. -->","yoast_head_json":{"title":"Agence - Influence - Cabinet d&#039;architecte \u00e0 bordeaux","description":"Architecte \u00e0 Bordeaux \u2013 Influence : maisons, r\u00e9novations et extensions sur mesure. Projets durables pour particuliers et professionnels.","robots":{"index":"index","follow":"follow","max-snippet":"max-snippet:-1","max-image-preview":"max-image-preview:large","max-video-preview":"max-video-preview:-1"},"canonical":"http:\/\/51.68.119.59\/Elisabeth\/Influence\/?page_id=16","og_locale":"fr_FR","og_type":"article","og_title":"Agence - Influence - Cabinet d&#039;architecte \u00e0 bordeaux","og_description":"Architecte \u00e0 Bordeaux \u2013 Influence : maisons, r\u00e9novations et extensions sur mesure. Projets durables pour particuliers et professionnels.","og_url":"http:\/\/51.68.119.59\/Elisabeth\/Influence\/?page_id=16","og_site_name":"Influence - Cabinet d&#039;architecte \u00e0 bordeaux","article_modified_time":"2025-11-19T15:18:57+00:00","og_image":[{"width":1024,"height":683,"url":"http:\/\/51.68.119.59\/Elisabeth\/Influence\/wp-content\/uploads\/2025\/11\/pexels-ron-lach-8086373-modifie.jpg","type":"image\/jpeg"}],"twitter_card":"summary_large_image","twitter_misc":{"Dur\u00e9e de lecture estim\u00e9e":"2 minutes"},"schema":{"@context":"https:\/\/schema.org","@graph":[{"@type":"WebPage","@id":"http:\/\/51.68.119.59\/Elisabeth\/Influence\/?page_id=16","url":"http:\/\/51.68.119.59\/Elisabeth\/Influence\/?page_id=16","name":"Agence - Influence - Cabinet d&#039;architecte \u00e0 bordeaux","isPartOf":{"@id":"http:\/\/51.68.119.59\/Elisabeth\/Influence\/#website"},"primaryImageOfPage":{"@id":"http:\/\/51.68.119.59\/Elisabeth\/Influence\/?page_id=16#primaryimage"},"image":{"@id":"http:\/\/51.68.119.59\/Elisabeth\/Influence\/?page_id=16#primaryimage"},"thumbnailUrl":"http:\/\/51.68.119.59\/Elisabeth\/Influence\/wp-content\/uploads\/2025\/11\/pexels-ron-lach-8086373-modifie.jpg","datePublished":"2025-10-29T13:32:21+00:00","dateModified":"2025-11-19T15:18:57+00:00","description":"Architecte \u00e0 Bordeaux \u2013 Influence : maisons, r\u00e9novations et extensions sur mesure. Projets durables pour particuliers et professionnels.","breadcrumb":{"@id":"http:\/\/51.68.119.59\/Elisabeth\/Influence\/?page_id=16#breadcrumb"},"inLanguage":"fr-FR","potentialAction":[{"@type":"ReadAction","target":["http:\/\/51.68.119.59\/Elisabeth\/Influence\/?page_id=16"]}]},{"@type":"ImageObject","inLanguage":"fr-FR","@id":"http:\/\/51.68.119.59\/Elisabeth\/Influence\/?page_id=16#primaryimage","url":"http:\/\/51.68.119.59\/Elisabeth\/Influence\/wp-content\/uploads\/2025\/11\/pexels-ron-lach-8086373-modifie.jpg","contentUrl":"http:\/\/51.68.119.59\/Elisabeth\/Influence\/wp-content\/uploads\/2025\/11\/pexels-ron-lach-8086373-modifie.jpg","width":1024,"height":683},{"@type":"BreadcrumbList","@id":"http:\/\/51.68.119.59\/Elisabeth\/Influence\/?page_id=16#breadcrumb","itemListElement":[{"@type":"ListItem","position":1,"name":"Accueil","item":"http:\/\/51.68.119.59\/Elisabeth\/Influence\/"},{"@type":"ListItem","position":2,"name":"Agence"}]},{"@type":"WebSite","@id":"http:\/\/51.68.119.59\/Elisabeth\/Influence\/#website","url":"http:\/\/51.68.119.59\/Elisabeth\/Influence\/","name":"influence architecture Bordeaux","description":"Professionnels Particulier Professionel","publisher":{"@id":"http:\/\/51.68.119.59\/Elisabeth\/Influence\/#\/schema\/person\/14f536f3519149a680442c9a1ef25982"},"potentialAction":[{"@type":"SearchAction","target":{"@type":"EntryPoint","urlTemplate":"http:\/\/51.68.119.59\/Elisabeth\/Influence\/?s={search_term_string}"},"query-input":{"@type":"PropertyValueSpecification","valueRequired":true,"valueName":"search_term_string"}}],"inLanguage":"fr-FR"},{"@type":["Person","Organization"],"@id":"http:\/\/51.68.119.59\/Elisabeth\/Influence\/#\/schema\/person\/14f536f3519149a680442c9a1ef25982","name":"admin","image":{"@type":"ImageObject","inLanguage":"fr-FR","@id":"http:\/\/51.68.119.59\/Elisabeth\/Influence\/#\/schema\/person\/image\/","url":"http:\/\/51.68.119.59\/Elisabeth\/Influence\/wp-content\/uploads\/2025\/11\/cropped-logo-maison-Flammes-FINAL-the-best-scaled-1.png","contentUrl":"http:\/\/51.68.119.59\/Elisabeth\/Influence\/wp-content\/uploads\/2025\/11\/cropped-logo-maison-Flammes-FINAL-the-best-scaled-1.png","width":2559,"height":1194,"caption":"admin"},"logo":{"@id":"http:\/\/51.68.119.59\/Elisabeth\/Influence\/#\/schema\/person\/image\/"},"sameAs":["http:\/\/51.68.119.59\/Elisabeth\/Influence"]}]}},"_links":{"self":[{"href":"http:\/\/51.68.119.59\/Elisabeth\/Influence\/index.php?rest_route=\/wp\/v2\/pages\/16","targetHints":{"allow":["GET"]}}],"collection":[{"href":"http:\/\/51.68.119.59\/Elisabeth\/Influence\/index.php?rest_route=\/wp\/v2\/pages"}],"about":[{"href":"http:\/\/51.68.119.59\/Elisabeth\/Influence\/index.php?rest_route=\/wp\/v2\/types\/page"}],"author":[{"embeddable":true,"href":"http:\/\/51.68.119.59\/Elisabeth\/Influence\/index.php?rest_route=\/wp\/v2\/users\/1"}],"replies":[{"embeddable":true,"href":"http:\/\/51.68.119.59\/Elisabeth\/Influence\/index.php?rest_route=%2Fwp%2Fv2%2Fcomments&post=16"}],"version-history":[{"count":184,"href":"http:\/\/51.68.119.59\/Elisabeth\/Influence\/index.php?rest_route=\/wp\/v2\/pages\/16\/revisions"}],"predecessor-version":[{"id":1989,"href":"http:\/\/51.68.119.59\/Elisabeth\/Influence\/index.php?rest_route=\/wp\/v2\/pages\/16\/revisions\/1989"}],"wp:attachment":[{"href":"http:\/\/51.68.119.59\/Elisabeth\/Influence\/index.php?rest_route=%2Fwp%2Fv2%2Fmedia&parent=16"}],"curies":[{"name":"wp","href":"https:\/\/api.w.org\/{rel}","templated":true}]}}