{"id":295,"date":"2025-03-24T12:20:49","date_gmt":"2025-03-24T11:20:49","guid":{"rendered":"http:\/\/51.68.119.59\/ElodieDeneuve\/Insolite\/?page_id=295"},"modified":"2025-03-24T12:36:07","modified_gmt":"2025-03-24T11:36:07","slug":"inspirations-deux","status":"publish","type":"page","link":"http:\/\/51.68.119.59\/ElodieDeneuve\/Insolite\/index.php\/inspirations-deux\/","title":{"rendered":"inspirations-deux"},"content":{"rendered":"\t\t<div data-elementor-type=\"wp-page\" data-elementor-id=\"295\" class=\"elementor elementor-295\">\n\t\t\t\t<div class=\"elementor-element elementor-element-1224b3d e-flex e-con-boxed wpr-particle-no wpr-jarallax-no wpr-parallax-no wpr-sticky-section-no e-con e-parent\" data-id=\"1224b3d\" data-element_type=\"container\">\n\t\t\t\t\t<div class=\"e-con-inner\">\n\t\t\t\t<div class=\"elementor-element elementor-element-eda97bb wpr-grid-columns-3 wpr-grid-columns--tablet2 wpr-grid-columns--mobile1 wpr-grid-pagination-center wpr-item-styles-inner elementor-widget elementor-widget-wpr-grid\" data-id=\"eda97bb\" data-element_type=\"widget\" data-widget_type=\"wpr-grid.default\">\n\t\t\t\t<div class=\"elementor-widget-container\">\n\t\t\t\t\t<ul class=\"wpr-grid-filters elementor-clearfix wpr-grid-filters-sep-right\"><li class=\" wpr-pointer-none wpr-pointer-line-fx wpr-pointer-fx-none\"><span  data-filter=\"*\" class=\"wpr-grid-filters-item wpr-active-filter \">All Posts<\/span><em class=\"wpr-grid-filters-sep\"><\/em><\/li><li class=\" wpr-pointer-none wpr-pointer-line-fx wpr-pointer-fx-none\"><span   data-ajax-filter=[\"category\",\"bien-etre\"]  data-filter=\".category-bien-etre\">Bien-\u00eatre<\/span><em class=\"wpr-grid-filters-sep\"><\/em><\/li><li class=\" wpr-pointer-none wpr-pointer-line-fx wpr-pointer-fx-none\"><span   data-ajax-filter=[\"category\",\"cuisine-locale\"]  data-filter=\".category-cuisine-locale\">Cuisine locale<\/span><em class=\"wpr-grid-filters-sep\"><\/em><\/li><li class=\" wpr-pointer-none wpr-pointer-line-fx wpr-pointer-fx-none\"><span   data-ajax-filter=[\"category\",\"nature\"]  data-filter=\".category-nature\">Nature<\/span><em class=\"wpr-grid-filters-sep\"><\/em><\/li><li class=\" wpr-pointer-none wpr-pointer-line-fx wpr-pointer-fx-none\"><span   data-ajax-filter=[\"category\",\"randonnee\"]  data-filter=\".category-randonnee\">Randonn\u00e9e<\/span><em class=\"wpr-grid-filters-sep\"><\/em><\/li><\/ul><section class=\"wpr-grid elementor-clearfix\" data-settings=\"{&quot;layout&quot;:&quot;fitRows&quot;,&quot;stick_last_element_to_bottom&quot;:&quot;&quot;,&quot;columns_desktop&quot;:3,&quot;gutter_hr&quot;:15,&quot;gutter_hr_mobile&quot;:15,&quot;gutter_hr_mobile_extra&quot;:15,&quot;gutter_hr_tablet&quot;:15,&quot;gutter_hr_tablet_extra&quot;:15,&quot;gutter_hr_laptop&quot;:15,&quot;gutter_hr_widescreen&quot;:15,&quot;gutter_vr&quot;:15,&quot;gutter_vr_mobile&quot;:15,&quot;gutter_vr_mobile_extra&quot;:15,&quot;gutter_vr_tablet&quot;:15,&quot;gutter_vr_tablet_extra&quot;:15,&quot;gutter_vr_laptop&quot;:15,&quot;gutter_vr_widescreen&quot;:15,&quot;animation&quot;:&quot;default&quot;,&quot;animation_duration&quot;:0.3,&quot;animation_delay&quot;:0.1,&quot;deeplinking&quot;:&quot;&quot;,&quot;filters_linkable&quot;:&quot;no&quot;,&quot;filters_default_filter&quot;:&quot;&quot;,&quot;filters_count&quot;:&quot;&quot;,&quot;filters_hide_empty&quot;:&quot;no&quot;,&quot;filters_animation&quot;:&quot;default&quot;,&quot;filters_animation_duration&quot;:0.3,&quot;filters_animation_delay&quot;:0.1,&quot;pagination_type&quot;:&quot;load-more&quot;,&quot;pagination_max_pages&quot;:1,&quot;lightbox&quot;:{&quot;selector&quot;:&quot;.wpr-grid-image-wrap&quot;,&quot;iframeMaxWidth&quot;:&quot;60%&quot;,&quot;hash&quot;:false,&quot;autoplay&quot;:&quot;true&quot;,&quot;pause&quot;:5000,&quot;progressBar&quot;:&quot;true&quot;,&quot;counter&quot;:&quot;true&quot;,&quot;controls&quot;:&quot;true&quot;,&quot;getCaptionFromTitleOrAlt&quot;:&quot;true&quot;,&quot;thumbnail&quot;:&quot;&quot;,&quot;showThumbByDefault&quot;:&quot;&quot;,&quot;share&quot;:&quot;&quot;,&quot;zoom&quot;:&quot;true&quot;,&quot;fullScreen&quot;:&quot;true&quot;,&quot;download&quot;:&quot;true&quot;}}\"><article class=\"wpr-grid-item elementor-clearfix post-196 post type-post status-publish format-standard has-post-thumbnail hentry category-nature\"><div class=\"wpr-grid-item-inner\"><div class=\"wpr-grid-media-wrap wpr-effect-size-medium \" data-overlay-link=\"yes\"><div class=\"wpr-grid-image-wrap\" data-src=\"http:\/\/51.68.119.59\/ElodieDeneuve\/Insolite\/wp-content\/uploads\/2025\/03\/A-cheval-scaled.jpg\" data-img-on-hover=\"\"  data-src-secondary=\"\"><img decoding=\"async\" data-no-lazy=\"1\" src=\"http:\/\/51.68.119.59\/ElodieDeneuve\/Insolite\/wp-content\/uploads\/2025\/03\/A-cheval-scaled.jpg\" alt=\"Balade \u00e0 cheval : une connexion unique entre nature et libert\u00e9\" class=\"wpr-anim-timing-ease-default\"><\/div><div class=\"wpr-grid-media-hover wpr-animation-wrap\"><div class=\"wpr-grid-media-hover-bg  wpr-overlay-fade-in wpr-anim-size-large wpr-anim-timing-ease-default wpr-anim-transparency\" data-url=\"http:\/\/51.68.119.59\/ElodieDeneuve\/Insolite\/index.php\/2025\/03\/21\/balade-a-cheval-une-connexion-unique-entre-nature-et-liberte\/\"><\/div><\/div><\/div><div class=\"wpr-grid-item-below-content elementor-clearfix\"><h2 class=\"wpr-grid-item-title elementor-repeater-item-593da07 wpr-grid-item-display-block wpr-grid-item-align-left wpr-pointer-none wpr-pointer-line-fx wpr-pointer-fx-fade\"><div class=\"inner-block\"><a target=\"_self\"  href=\"http:\/\/51.68.119.59\/ElodieDeneuve\/Insolite\/index.php\/2025\/03\/21\/balade-a-cheval-une-connexion-unique-entre-nature-et-liberte\/\">Balade \u00e0 cheval : une connexion unique entre nature et libert\u00e9<\/a><\/div><\/h2><div class=\"wpr-grid-item-date elementor-repeater-item-4d2bd7d wpr-grid-item-display-inline wpr-grid-item-align-left\"><div class=\"inner-block\"><span>21 mars 2025<span class=\"wpr-grid-extra-text-right\">\/<\/span><\/span><\/div><\/div><div class=\"wpr-grid-item-excerpt elementor-repeater-item-2bb2996 wpr-grid-item-display-block wpr-grid-item-align-left\"><div class=\"inner-block\"><p>\u00c9vadez-vous le temps d\u2019un instant hors du commun en optant pour une balade \u00e0 cheval. Que vous soyez un cavalier\u2026<\/p><\/div><\/div><div class=\"wpr-grid-item-read-more elementor-repeater-item-7b404f1 wpr-grid-item-display-block wpr-grid-item-align-right\"><div class=\"inner-block\"><a target=\"_self\" href=\"http:\/\/51.68.119.59\/ElodieDeneuve\/Insolite\/index.php\/2025\/03\/21\/balade-a-cheval-une-connexion-unique-entre-nature-et-liberte\/\" class=\"wpr-button-effect wpr-button-none\"><span>Lire la suite<\/span><\/a><\/div><\/div><\/div><\/div><\/article><article class=\"wpr-grid-item elementor-clearfix post-193 post type-post status-publish format-standard has-post-thumbnail hentry category-bien-etre\"><div class=\"wpr-grid-item-inner\"><div class=\"wpr-grid-media-wrap wpr-effect-size-medium \" data-overlay-link=\"yes\"><div class=\"wpr-grid-image-wrap\" data-src=\"http:\/\/51.68.119.59\/ElodieDeneuve\/Insolite\/wp-content\/uploads\/2025\/03\/WE-Spa-et-Bien-etre-scaled.jpg\" data-img-on-hover=\"\"  data-src-secondary=\"\"><img decoding=\"async\" data-no-lazy=\"1\" src=\"http:\/\/51.68.119.59\/ElodieDeneuve\/Insolite\/wp-content\/uploads\/2025\/03\/WE-Spa-et-Bien-etre-scaled.jpg\" alt=\"Les soins : l&rsquo;art du cocooning\" class=\"wpr-anim-timing-ease-default\"><\/div><div class=\"wpr-grid-media-hover wpr-animation-wrap\"><div class=\"wpr-grid-media-hover-bg  wpr-overlay-fade-in wpr-anim-size-large wpr-anim-timing-ease-default wpr-anim-transparency\" data-url=\"http:\/\/51.68.119.59\/ElodieDeneuve\/Insolite\/index.php\/2025\/03\/21\/les-soins-lart-du-cocooning\/\"><\/div><\/div><\/div><div class=\"wpr-grid-item-below-content elementor-clearfix\"><h2 class=\"wpr-grid-item-title elementor-repeater-item-593da07 wpr-grid-item-display-block wpr-grid-item-align-left wpr-pointer-none wpr-pointer-line-fx wpr-pointer-fx-fade\"><div class=\"inner-block\"><a target=\"_self\"  href=\"http:\/\/51.68.119.59\/ElodieDeneuve\/Insolite\/index.php\/2025\/03\/21\/les-soins-lart-du-cocooning\/\">Les soins : l&rsquo;art du cocooning<\/a><\/div><\/h2><div class=\"wpr-grid-item-date elementor-repeater-item-4d2bd7d wpr-grid-item-display-inline wpr-grid-item-align-left\"><div class=\"inner-block\"><span>21 mars 2025<span class=\"wpr-grid-extra-text-right\">\/<\/span><\/span><\/div><\/div><div class=\"wpr-grid-item-excerpt elementor-repeater-item-2bb2996 wpr-grid-item-display-block wpr-grid-item-align-left\"><div class=\"inner-block\"><p>\u00c9vadez-vous le temps d&rsquo;une escapade bien-\u00eatre dans un spa d&rsquo;exceptionParfois, il suffit de s&rsquo;\u00e9loigner du quotidien pour se recentrer sur\u2026<\/p><\/div><\/div><div class=\"wpr-grid-item-read-more elementor-repeater-item-7b404f1 wpr-grid-item-display-block wpr-grid-item-align-right\"><div class=\"inner-block\"><a target=\"_self\" href=\"http:\/\/51.68.119.59\/ElodieDeneuve\/Insolite\/index.php\/2025\/03\/21\/les-soins-lart-du-cocooning\/\" class=\"wpr-button-effect wpr-button-none\"><span>Lire la suite<\/span><\/a><\/div><\/div><\/div><\/div><\/article><article class=\"wpr-grid-item elementor-clearfix post-190 post type-post status-publish format-standard has-post-thumbnail hentry category-cuisine-locale\"><div class=\"wpr-grid-item-inner\"><div class=\"wpr-grid-media-wrap wpr-effect-size-medium \" data-overlay-link=\"yes\"><div class=\"wpr-grid-image-wrap\" data-src=\"http:\/\/51.68.119.59\/ElodieDeneuve\/Insolite\/wp-content\/uploads\/2025\/03\/Cuisine-locale-scaled.jpg\" data-img-on-hover=\"\"  data-src-secondary=\"\"><img decoding=\"async\" data-no-lazy=\"1\" src=\"http:\/\/51.68.119.59\/ElodieDeneuve\/Insolite\/wp-content\/uploads\/2025\/03\/Cuisine-locale-scaled.jpg\" alt=\"Plongez dans un s\u00e9jour culinaire unique\" class=\"wpr-anim-timing-ease-default\"><\/div><div class=\"wpr-grid-media-hover wpr-animation-wrap\"><div class=\"wpr-grid-media-hover-bg  wpr-overlay-fade-in wpr-anim-size-large wpr-anim-timing-ease-default wpr-anim-transparency\" data-url=\"http:\/\/51.68.119.59\/ElodieDeneuve\/Insolite\/index.php\/2025\/03\/21\/plongez-dans-un-sejour-culinaire-unique\/\"><\/div><\/div><\/div><div class=\"wpr-grid-item-below-content elementor-clearfix\"><h2 class=\"wpr-grid-item-title elementor-repeater-item-593da07 wpr-grid-item-display-block wpr-grid-item-align-left wpr-pointer-none wpr-pointer-line-fx wpr-pointer-fx-fade\"><div class=\"inner-block\"><a target=\"_self\"  href=\"http:\/\/51.68.119.59\/ElodieDeneuve\/Insolite\/index.php\/2025\/03\/21\/plongez-dans-un-sejour-culinaire-unique\/\">Plongez dans un s\u00e9jour culinaire unique<\/a><\/div><\/h2><div class=\"wpr-grid-item-date elementor-repeater-item-4d2bd7d wpr-grid-item-display-inline wpr-grid-item-align-left\"><div class=\"inner-block\"><span>21 mars 2025<span class=\"wpr-grid-extra-text-right\">\/<\/span><\/span><\/div><\/div><div class=\"wpr-grid-item-excerpt elementor-repeater-item-2bb2996 wpr-grid-item-display-block wpr-grid-item-align-left\"><div class=\"inner-block\"><p>D\u00e9couvrir un terroir \u00e0 travers ses saveurs : plongez dans un s\u00e9jour culinaire uniqueEt si vos vacances devenaient une exp\u00e9rience\u2026<\/p><\/div><\/div><div class=\"wpr-grid-item-read-more elementor-repeater-item-7b404f1 wpr-grid-item-display-block wpr-grid-item-align-right\"><div class=\"inner-block\"><a target=\"_self\" href=\"http:\/\/51.68.119.59\/ElodieDeneuve\/Insolite\/index.php\/2025\/03\/21\/plongez-dans-un-sejour-culinaire-unique\/\" class=\"wpr-button-effect wpr-button-none\"><span>Lire la suite<\/span><\/a><\/div><\/div><\/div><\/div><\/article><article class=\"wpr-grid-item elementor-clearfix post-175 post type-post status-publish format-standard has-post-thumbnail hentry category-randonnee\"><div class=\"wpr-grid-item-inner\"><div class=\"wpr-grid-media-wrap wpr-effect-size-medium \" data-overlay-link=\"yes\"><div class=\"wpr-grid-image-wrap\" data-src=\"http:\/\/51.68.119.59\/ElodieDeneuve\/Insolite\/wp-content\/uploads\/2025\/03\/Grands-marcheurs.jpg\" data-img-on-hover=\"\"  data-src-secondary=\"\"><img decoding=\"async\" data-no-lazy=\"1\" src=\"http:\/\/51.68.119.59\/ElodieDeneuve\/Insolite\/wp-content\/uploads\/2025\/03\/Grands-marcheurs.jpg\" alt=\"Grands marcheurs\" class=\"wpr-anim-timing-ease-default\"><\/div><div class=\"wpr-grid-media-hover wpr-animation-wrap\"><div class=\"wpr-grid-media-hover-bg  wpr-overlay-fade-in wpr-anim-size-large wpr-anim-timing-ease-default wpr-anim-transparency\" data-url=\"http:\/\/51.68.119.59\/ElodieDeneuve\/Insolite\/index.php\/2025\/03\/21\/grands-marcheurs\/\"><\/div><\/div><\/div><div class=\"wpr-grid-item-below-content elementor-clearfix\"><h2 class=\"wpr-grid-item-title elementor-repeater-item-593da07 wpr-grid-item-display-block wpr-grid-item-align-left wpr-pointer-none wpr-pointer-line-fx wpr-pointer-fx-fade\"><div class=\"inner-block\"><a target=\"_self\"  href=\"http:\/\/51.68.119.59\/ElodieDeneuve\/Insolite\/index.php\/2025\/03\/21\/grands-marcheurs\/\">Grands marcheurs<\/a><\/div><\/h2><div class=\"wpr-grid-item-date elementor-repeater-item-4d2bd7d wpr-grid-item-display-inline wpr-grid-item-align-left\"><div class=\"inner-block\"><span>21 mars 2025<span class=\"wpr-grid-extra-text-right\">\/<\/span><\/span><\/div><\/div><div class=\"wpr-grid-item-excerpt elementor-repeater-item-2bb2996 wpr-grid-item-display-block wpr-grid-item-align-left\"><div class=\"inner-block\"><p>\u00a0 La randonn\u00e9e : bien plus qu&rsquo;un simple loisir, une v\u00e9ritable philosophie de vie Pour les grands marcheurs, la randonn\u00e9e\u2026<\/p><\/div><\/div><div class=\"wpr-grid-item-read-more elementor-repeater-item-7b404f1 wpr-grid-item-display-block wpr-grid-item-align-right\"><div class=\"inner-block\"><a target=\"_self\" href=\"http:\/\/51.68.119.59\/ElodieDeneuve\/Insolite\/index.php\/2025\/03\/21\/grands-marcheurs\/\" class=\"wpr-button-effect wpr-button-none\"><span>Lire la suite<\/span><\/a><\/div><\/div><\/div><\/div><\/article><article class=\"wpr-grid-item elementor-clearfix post-1 post type-post status-publish format-standard has-post-thumbnail hentry category-nature\"><div class=\"wpr-grid-item-inner\"><div class=\"wpr-grid-media-wrap wpr-effect-size-medium \" data-overlay-link=\"yes\"><div class=\"wpr-grid-image-wrap\" data-src=\"http:\/\/51.68.119.59\/ElodieDeneuve\/Insolite\/wp-content\/uploads\/2025\/03\/Farniente-scaled.jpg\" data-img-on-hover=\"\"  data-src-secondary=\"\"><img decoding=\"async\" data-no-lazy=\"1\" src=\"http:\/\/51.68.119.59\/ElodieDeneuve\/Insolite\/wp-content\/uploads\/2025\/03\/Farniente-scaled.jpg\" alt=\"Young man relax on bed and enjoying mountain view.\" class=\"wpr-anim-timing-ease-default\"><\/div><div class=\"wpr-grid-media-hover wpr-animation-wrap\"><div class=\"wpr-grid-media-hover-bg  wpr-overlay-fade-in wpr-anim-size-large wpr-anim-timing-ease-default wpr-anim-transparency\" data-url=\"http:\/\/51.68.119.59\/ElodieDeneuve\/Insolite\/index.php\/2025\/03\/18\/bonjour-tout-le-monde\/\"><\/div><\/div><\/div><div class=\"wpr-grid-item-below-content elementor-clearfix\"><h2 class=\"wpr-grid-item-title elementor-repeater-item-593da07 wpr-grid-item-display-block wpr-grid-item-align-left wpr-pointer-none wpr-pointer-line-fx wpr-pointer-fx-fade\"><div class=\"inner-block\"><a target=\"_self\"  href=\"http:\/\/51.68.119.59\/ElodieDeneuve\/Insolite\/index.php\/2025\/03\/18\/bonjour-tout-le-monde\/\">Farniente : l&rsquo;art de se ressourcer en toute simplicit\u00e9<\/a><\/div><\/h2><div class=\"wpr-grid-item-date elementor-repeater-item-4d2bd7d wpr-grid-item-display-inline wpr-grid-item-align-left\"><div class=\"inner-block\"><span>18 mars 2025<span class=\"wpr-grid-extra-text-right\">\/<\/span><\/span><\/div><\/div><div class=\"wpr-grid-item-excerpt elementor-repeater-item-2bb2996 wpr-grid-item-display-block wpr-grid-item-align-left\"><div class=\"inner-block\"><p>Farniente : savourez le luxe du repos et la douceur des vacancesLaissez-vous tenter par une pause bien m\u00e9rit\u00e9e o\u00f9 le\u2026<\/p><\/div><\/div><div class=\"wpr-grid-item-read-more elementor-repeater-item-7b404f1 wpr-grid-item-display-block wpr-grid-item-align-right\"><div class=\"inner-block\"><a target=\"_self\" href=\"http:\/\/51.68.119.59\/ElodieDeneuve\/Insolite\/index.php\/2025\/03\/18\/bonjour-tout-le-monde\/\" class=\"wpr-button-effect wpr-button-none\"><span>Lire la suite<\/span><\/a><\/div><\/div><\/div><\/div><\/article><\/section>\t\t\t\t<\/div>\n\t\t\t\t<\/div>\n\t\t\t\t\t<\/div>\n\t\t\t\t<\/div>\n\t\t\t\t<\/div>\n\t\t","protected":false},"excerpt":{"rendered":"<p>All Posts Bien-\u00eatre Cuisine locale Nature Randonn\u00e9e Balade \u00e0 cheval : une connexion unique entre nature et libert\u00e9 21 mars 2025\/ \u00c9vadez-vous le temps d\u2019un instant hors du commun en optant pour une balade \u00e0 cheval. Que vous soyez un cavalier\u2026 Lire la suite Les soins : l&rsquo;art du cocooning 21 mars 2025\/ \u00c9vadez-vous le temps d&rsquo;une escapade bien-\u00eatre dans un spa d&rsquo;exceptionParfois, il suffit de s&rsquo;\u00e9loigner du quotidien pour se recentrer sur\u2026 Lire la suite Plongez dans un s\u00e9jour culinaire unique 21 mars 2025\/ D\u00e9couvrir un terroir \u00e0 travers ses saveurs : plongez dans un s\u00e9jour culinaire uniqueEt si vos vacances devenaient une exp\u00e9rience\u2026 Lire la suite Grands marcheurs 21 mars 2025\/ \u00a0 La randonn\u00e9e : bien plus qu&rsquo;un simple loisir, une v\u00e9ritable philosophie de vie Pour les grands marcheurs, la randonn\u00e9e\u2026 Lire la suite Farniente : l&rsquo;art de se ressourcer en toute simplicit\u00e9 18 mars 2025\/ Farniente : savourez le luxe du repos et la douceur des vacancesLaissez-vous tenter par une pause bien m\u00e9rit\u00e9e o\u00f9 le\u2026 Lire la suite<\/p>\n","protected":false},"author":1,"featured_media":0,"parent":0,"menu_order":0,"comment_status":"closed","ping_status":"closed","template":"","meta":{"site-sidebar-layout":"no-sidebar","site-content-layout":"","ast-site-content-layout":"full-width-container","site-content-style":"default","site-sidebar-style":"default","ast-global-header-display":"","ast-banner-title-visibility":"","ast-main-header-display":"","ast-hfb-above-header-display":"","ast-hfb-below-header-display":"","ast-hfb-mobile-header-display":"","site-post-title":"disabled","ast-breadcrumbs-content":"","ast-featured-img":"disabled","footer-sml-layout":"","theme-transparent-header-meta":"","adv-header-id-meta":"","stick-header-meta":"","header-above-stick-meta":"","header-main-stick-meta":"","header-below-stick-meta":"","astra-migrate-meta-layouts":"default","ast-page-background-enabled":"default","ast-page-background-meta":{"desktop":{"background-color":"var(--ast-global-color-5)","background-image":"","background-repeat":"repeat","background-position":"center center","background-size":"auto","background-attachment":"scroll","background-type":"","background-media":"","overlay-type":"","overlay-color":"","overlay-opacity":"","overlay-gradient":""},"tablet":{"background-color":"","background-image":"","background-repeat":"repeat","background-position":"center center","background-size":"auto","background-attachment":"scroll","background-type":"","background-media":"","overlay-type":"","overlay-color":"","overlay-opacity":"","overlay-gradient":""},"mobile":{"background-color":"","background-image":"","background-repeat":"repeat","background-position":"center center","background-size":"auto","background-attachment":"scroll","background-type":"","background-media":"","overlay-type":"","overlay-color":"","overlay-opacity":"","overlay-gradient":""}},"ast-content-background-meta":{"desktop":{"background-color":"var(--ast-global-color-4)","background-image":"","background-repeat":"repeat","background-position":"center center","background-size":"auto","background-attachment":"scroll","background-type":"","background-media":"","overlay-type":"","overlay-color":"","overlay-opacity":"","overlay-gradient":""},"tablet":{"background-color":"var(--ast-global-color-4)","background-image":"","background-repeat":"repeat","background-position":"center center","background-size":"auto","background-attachment":"scroll","background-type":"","background-media":"","overlay-type":"","overlay-color":"","overlay-opacity":"","overlay-gradient":""},"mobile":{"background-color":"var(--ast-global-color-4)","background-image":"","background-repeat":"repeat","background-position":"center center","background-size":"auto","background-attachment":"scroll","background-type":"","background-media":"","overlay-type":"","overlay-color":"","overlay-opacity":"","overlay-gradient":""}},"footnotes":""},"class_list":["post-295","page","type-page","status-publish","hentry"],"_links":{"self":[{"href":"http:\/\/51.68.119.59\/ElodieDeneuve\/Insolite\/index.php\/wp-json\/wp\/v2\/pages\/295","targetHints":{"allow":["GET"]}}],"collection":[{"href":"http:\/\/51.68.119.59\/ElodieDeneuve\/Insolite\/index.php\/wp-json\/wp\/v2\/pages"}],"about":[{"href":"http:\/\/51.68.119.59\/ElodieDeneuve\/Insolite\/index.php\/wp-json\/wp\/v2\/types\/page"}],"author":[{"embeddable":true,"href":"http:\/\/51.68.119.59\/ElodieDeneuve\/Insolite\/index.php\/wp-json\/wp\/v2\/users\/1"}],"replies":[{"embeddable":true,"href":"http:\/\/51.68.119.59\/ElodieDeneuve\/Insolite\/index.php\/wp-json\/wp\/v2\/comments?post=295"}],"version-history":[{"count":7,"href":"http:\/\/51.68.119.59\/ElodieDeneuve\/Insolite\/index.php\/wp-json\/wp\/v2\/pages\/295\/revisions"}],"predecessor-version":[{"id":303,"href":"http:\/\/51.68.119.59\/ElodieDeneuve\/Insolite\/index.php\/wp-json\/wp\/v2\/pages\/295\/revisions\/303"}],"wp:attachment":[{"href":"http:\/\/51.68.119.59\/ElodieDeneuve\/Insolite\/index.php\/wp-json\/wp\/v2\/media?parent=295"}],"curies":[{"name":"wp","href":"https:\/\/api.w.org\/{rel}","templated":true}]}}