{"id":193,"date":"2025-03-20T16:48:26","date_gmt":"2025-03-20T15:48:26","guid":{"rendered":"http:\/\/51.68.119.59\/EmmanuelleValtat\/Insolite\/?page_id=193"},"modified":"2025-03-24T09:58:58","modified_gmt":"2025-03-24T08:58:58","slug":"inspirations","status":"publish","type":"page","link":"http:\/\/51.68.119.59\/EmmanuelleValtat\/Insolite\/index.php\/inspirations\/","title":{"rendered":"INSPIRATIONS"},"content":{"rendered":"\t\t<div data-elementor-type=\"wp-page\" data-elementor-id=\"193\" class=\"elementor elementor-193\">\n\t\t\t\t<div class=\"elementor-element elementor-element-8d36621 e-flex e-con-boxed wpr-particle-no wpr-jarallax-no wpr-parallax-no wpr-sticky-section-no e-con e-parent\" data-id=\"8d36621\" data-element_type=\"container\">\n\t\t\t\t\t<div class=\"e-con-inner\">\n\t\t<div class=\"elementor-element elementor-element-de0a844 e-con-full e-flex wpr-particle-no wpr-jarallax-no wpr-parallax-no wpr-sticky-section-no e-con e-child\" data-id=\"de0a844\" data-element_type=\"container\">\n\t\t<div class=\"elementor-element elementor-element-501b2f2 e-con-full e-flex wpr-particle-no wpr-jarallax-no wpr-parallax-no wpr-sticky-section-no e-con e-child\" data-id=\"501b2f2\" data-element_type=\"container\">\n\t\t\t\t<div class=\"elementor-element elementor-element-73123ac elementor-widget__width-initial elementor-widget elementor-widget-image\" data-id=\"73123ac\" data-element_type=\"widget\" data-widget_type=\"image.default\">\n\t\t\t\t<div class=\"elementor-widget-container\">\n\t\t\t\t\t\t\t\t\t\t\t\t\t\t\t<img fetchpriority=\"high\" decoding=\"async\" width=\"768\" height=\"512\" src=\"http:\/\/51.68.119.59\/EmmanuelleValtat\/Insolite\/wp-content\/uploads\/2025\/03\/Farniente-1-768x512.jpg\" class=\"attachment-medium_large size-medium_large wp-image-195\" alt=\"\" srcset=\"http:\/\/51.68.119.59\/EmmanuelleValtat\/Insolite\/wp-content\/uploads\/2025\/03\/Farniente-1-768x512.jpg 768w, http:\/\/51.68.119.59\/EmmanuelleValtat\/Insolite\/wp-content\/uploads\/2025\/03\/Farniente-1-300x200.jpg 300w, http:\/\/51.68.119.59\/EmmanuelleValtat\/Insolite\/wp-content\/uploads\/2025\/03\/Farniente-1-1024x683.jpg 1024w, http:\/\/51.68.119.59\/EmmanuelleValtat\/Insolite\/wp-content\/uploads\/2025\/03\/Farniente-1-1536x1024.jpg 1536w, http:\/\/51.68.119.59\/EmmanuelleValtat\/Insolite\/wp-content\/uploads\/2025\/03\/Farniente-1-2048x1365.jpg 2048w, http:\/\/51.68.119.59\/EmmanuelleValtat\/Insolite\/wp-content\/uploads\/2025\/03\/Farniente-1-1200x800.jpg 1200w, http:\/\/51.68.119.59\/EmmanuelleValtat\/Insolite\/wp-content\/uploads\/2025\/03\/Farniente-1-600x400.jpg 600w\" sizes=\"(max-width: 768px) 100vw, 768px\" \/>\t\t\t\t\t\t\t\t\t\t\t\t\t\t\t<\/div>\n\t\t\t\t<\/div>\n\t\t\t\t<div class=\"elementor-element elementor-element-d5fce8e elementor-widget__width-initial elementor-widget elementor-widget-heading\" data-id=\"d5fce8e\" data-element_type=\"widget\" data-widget_type=\"heading.default\">\n\t\t\t\t<div class=\"elementor-widget-container\">\n\t\t\t\t\t<h3 class=\"elementor-heading-title elementor-size-default\">FARNIENTE<\/h3>\t\t\t\t<\/div>\n\t\t\t\t<\/div>\n\t\t\t\t<div class=\"elementor-element elementor-element-8b666a9 elementor-widget__width-initial elementor-widget elementor-widget-text-editor\" data-id=\"8b666a9\" data-element_type=\"widget\" data-widget_type=\"text-editor.default\">\n\t\t\t\t<div class=\"elementor-widget-container\">\n\t\t\t\t\t\t\t\t\t<p><span style=\"color: #ffffff;\">Farniente : L&rsquo;art de se pr\u00e9lasser en toute tranquillit\u00e9.<\/span><br \/><span style=\"color: #ffffff;\">Profitez d&rsquo;un h\u00e9bergement o\u00f9 le temps semble s&rsquo;arr\u00eater, <\/span><br \/><span style=\"color: #ffffff;\">pour vous ressourcer dans un cocon de douceur et de s\u00e9r\u00e9nit\u00e9.<\/span><\/p>\t\t\t\t\t\t\t\t<\/div>\n\t\t\t\t<\/div>\n\t\t\t\t<\/div>\n\t\t\t\t<\/div>\n\t\t<div class=\"elementor-element elementor-element-0bab088 e-con-full e-flex wpr-particle-no wpr-jarallax-no wpr-parallax-no wpr-sticky-section-no e-con e-child\" data-id=\"0bab088\" data-element_type=\"container\">\n\t\t<div class=\"elementor-element elementor-element-61f1604 e-con-full e-flex wpr-particle-no wpr-jarallax-no wpr-parallax-no wpr-sticky-section-no e-con e-child\" data-id=\"61f1604\" data-element_type=\"container\">\n\t\t\t\t<div class=\"elementor-element elementor-element-380000a elementor-widget elementor-widget-image\" data-id=\"380000a\" data-element_type=\"widget\" data-widget_type=\"image.default\">\n\t\t\t\t<div class=\"elementor-widget-container\">\n\t\t\t\t\t\t\t\t\t\t\t\t\t\t\t<img decoding=\"async\" width=\"800\" height=\"534\" src=\"http:\/\/51.68.119.59\/EmmanuelleValtat\/Insolite\/wp-content\/uploads\/2025\/03\/Grands-marcheurs-1-1024x683.jpg\" class=\"attachment-large size-large wp-image-203\" alt=\"\" srcset=\"http:\/\/51.68.119.59\/EmmanuelleValtat\/Insolite\/wp-content\/uploads\/2025\/03\/Grands-marcheurs-1-1024x683.jpg 1024w, http:\/\/51.68.119.59\/EmmanuelleValtat\/Insolite\/wp-content\/uploads\/2025\/03\/Grands-marcheurs-1-300x200.jpg 300w, http:\/\/51.68.119.59\/EmmanuelleValtat\/Insolite\/wp-content\/uploads\/2025\/03\/Grands-marcheurs-1-768x512.jpg 768w, http:\/\/51.68.119.59\/EmmanuelleValtat\/Insolite\/wp-content\/uploads\/2025\/03\/Grands-marcheurs-1-1536x1024.jpg 1536w, http:\/\/51.68.119.59\/EmmanuelleValtat\/Insolite\/wp-content\/uploads\/2025\/03\/Grands-marcheurs-1-2048x1365.jpg 2048w, http:\/\/51.68.119.59\/EmmanuelleValtat\/Insolite\/wp-content\/uploads\/2025\/03\/Grands-marcheurs-1-1200x800.jpg 1200w, http:\/\/51.68.119.59\/EmmanuelleValtat\/Insolite\/wp-content\/uploads\/2025\/03\/Grands-marcheurs-1-600x400.jpg 600w\" sizes=\"(max-width: 800px) 100vw, 800px\" \/>\t\t\t\t\t\t\t\t\t\t\t\t\t\t\t<\/div>\n\t\t\t\t<\/div>\n\t\t\t\t<div class=\"elementor-element elementor-element-c024b93 elementor-widget elementor-widget-heading\" data-id=\"c024b93\" data-element_type=\"widget\" data-widget_type=\"heading.default\">\n\t\t\t\t<div class=\"elementor-widget-container\">\n\t\t\t\t\t<h3 class=\"elementor-heading-title elementor-size-default\">GRANDS MARCHEURS<\/h3>\t\t\t\t<\/div>\n\t\t\t\t<\/div>\n\t\t\t\t<div class=\"elementor-element elementor-element-2082d7b elementor-widget elementor-widget-text-editor\" data-id=\"2082d7b\" data-element_type=\"widget\" data-widget_type=\"text-editor.default\">\n\t\t\t\t<div class=\"elementor-widget-container\">\n\t\t\t\t\t\t\t\t\t<p><span style=\"color: #ffffff;\">L&rsquo;art de se pr\u00e9lasser en toute tranquillit\u00e9.<\/span><br \/><span style=\"color: #ffffff;\">Profitez d&rsquo;un h\u00e9bergement o\u00f9 le temps semble s&rsquo;arr\u00eater, <\/span><br \/><span style=\"color: #ffffff;\">pour vous ressourcer dans un cocon de douceur et de s\u00e9r\u00e9nit\u00e9.<\/span><\/p>\t\t\t\t\t\t\t\t<\/div>\n\t\t\t\t<\/div>\n\t\t\t\t<\/div>\n\t\t\t\t<\/div>\n\t\t\t\t\t<\/div>\n\t\t\t\t<\/div>\n\t\t<div class=\"elementor-element elementor-element-3bca893 e-flex e-con-boxed wpr-particle-no wpr-jarallax-no wpr-parallax-no wpr-sticky-section-no e-con e-parent\" data-id=\"3bca893\" data-element_type=\"container\">\n\t\t\t\t\t<div class=\"e-con-inner\">\n\t\t<div class=\"elementor-element elementor-element-bc8976c e-con-full e-flex wpr-particle-no wpr-jarallax-no wpr-parallax-no wpr-sticky-section-no e-con e-child\" data-id=\"bc8976c\" data-element_type=\"container\">\n\t\t<div class=\"elementor-element elementor-element-29b2e35 e-con-full e-flex wpr-particle-no wpr-jarallax-no wpr-parallax-no wpr-sticky-section-no e-con e-child\" data-id=\"29b2e35\" data-element_type=\"container\">\n\t\t\t\t<div class=\"elementor-element elementor-element-8a78183 elementor-widget__width-initial elementor-widget elementor-widget-image\" data-id=\"8a78183\" data-element_type=\"widget\" data-widget_type=\"image.default\">\n\t\t\t\t<div class=\"elementor-widget-container\">\n\t\t\t\t\t\t\t\t\t\t\t\t\t\t\t<img decoding=\"async\" width=\"1200\" height=\"800\" src=\"http:\/\/51.68.119.59\/EmmanuelleValtat\/Insolite\/wp-content\/uploads\/2025\/03\/parcours-aventure-1-1200x800.jpg\" class=\"attachment-post_slider_layout_landscape_large size-post_slider_layout_landscape_large wp-image-204\" alt=\"\" srcset=\"http:\/\/51.68.119.59\/EmmanuelleValtat\/Insolite\/wp-content\/uploads\/2025\/03\/parcours-aventure-1-1200x800.jpg 1200w, http:\/\/51.68.119.59\/EmmanuelleValtat\/Insolite\/wp-content\/uploads\/2025\/03\/parcours-aventure-1-600x400.jpg 600w\" sizes=\"(max-width: 1200px) 100vw, 1200px\" \/>\t\t\t\t\t\t\t\t\t\t\t\t\t\t\t<\/div>\n\t\t\t\t<\/div>\n\t\t\t\t<div class=\"elementor-element elementor-element-e8af189 elementor-widget__width-initial elementor-widget elementor-widget-heading\" data-id=\"e8af189\" data-element_type=\"widget\" data-widget_type=\"heading.default\">\n\t\t\t\t<div class=\"elementor-widget-container\">\n\t\t\t\t\t<h3 class=\"elementor-heading-title elementor-size-default\">PARCOURS AVENTURES<\/h3>\t\t\t\t<\/div>\n\t\t\t\t<\/div>\n\t\t\t\t<div class=\"elementor-element elementor-element-ac49199 elementor-widget__width-initial elementor-widget elementor-widget-text-editor\" data-id=\"ac49199\" data-element_type=\"widget\" data-widget_type=\"text-editor.default\">\n\t\t\t\t<div class=\"elementor-widget-container\">\n\t\t\t\t\t\t\t\t\t<p><span style=\"color: #ffffff;\">Farniente : L&rsquo;art de se pr\u00e9lasser en toute tranquillit\u00e9.<\/span><br \/><span style=\"color: #ffffff;\">Profitez d&rsquo;un h\u00e9bergement o\u00f9 le temps semble s&rsquo;arr\u00eater, <\/span><br \/><span style=\"color: #ffffff;\">pour vous ressourcer dans un cocon de douceur et de s\u00e9r\u00e9nit\u00e9.<\/span><\/p>\t\t\t\t\t\t\t\t<\/div>\n\t\t\t\t<\/div>\n\t\t\t\t<\/div>\n\t\t\t\t<\/div>\n\t\t<div class=\"elementor-element elementor-element-21078ec e-con-full e-flex wpr-particle-no wpr-jarallax-no wpr-parallax-no wpr-sticky-section-no e-con e-child\" data-id=\"21078ec\" data-element_type=\"container\">\n\t\t<div class=\"elementor-element elementor-element-59a15ba e-con-full e-flex wpr-particle-no wpr-jarallax-no wpr-parallax-no wpr-sticky-section-no e-con e-child\" data-id=\"59a15ba\" data-element_type=\"container\">\n\t\t\t\t<div class=\"elementor-element elementor-element-55b56c5 elementor-widget elementor-widget-image\" data-id=\"55b56c5\" data-element_type=\"widget\" data-widget_type=\"image.default\">\n\t\t\t\t<div class=\"elementor-widget-container\">\n\t\t\t\t\t\t\t\t\t\t\t\t\t\t\t<img loading=\"lazy\" decoding=\"async\" width=\"800\" height=\"534\" src=\"http:\/\/51.68.119.59\/EmmanuelleValtat\/Insolite\/wp-content\/uploads\/2025\/03\/Thalasso-1-1024x683.jpg\" class=\"attachment-large size-large wp-image-205\" alt=\"\" srcset=\"http:\/\/51.68.119.59\/EmmanuelleValtat\/Insolite\/wp-content\/uploads\/2025\/03\/Thalasso-1-1024x683.jpg 1024w, http:\/\/51.68.119.59\/EmmanuelleValtat\/Insolite\/wp-content\/uploads\/2025\/03\/Thalasso-1-300x200.jpg 300w, http:\/\/51.68.119.59\/EmmanuelleValtat\/Insolite\/wp-content\/uploads\/2025\/03\/Thalasso-1-768x512.jpg 768w, http:\/\/51.68.119.59\/EmmanuelleValtat\/Insolite\/wp-content\/uploads\/2025\/03\/Thalasso-1-1536x1024.jpg 1536w, http:\/\/51.68.119.59\/EmmanuelleValtat\/Insolite\/wp-content\/uploads\/2025\/03\/Thalasso-1-2048x1365.jpg 2048w, http:\/\/51.68.119.59\/EmmanuelleValtat\/Insolite\/wp-content\/uploads\/2025\/03\/Thalasso-1-1200x800.jpg 1200w, http:\/\/51.68.119.59\/EmmanuelleValtat\/Insolite\/wp-content\/uploads\/2025\/03\/Thalasso-1-600x400.jpg 600w\" sizes=\"(max-width: 800px) 100vw, 800px\" \/>\t\t\t\t\t\t\t\t\t\t\t\t\t\t\t<\/div>\n\t\t\t\t<\/div>\n\t\t\t\t<div class=\"elementor-element elementor-element-38d1a86 elementor-widget elementor-widget-heading\" data-id=\"38d1a86\" data-element_type=\"widget\" data-widget_type=\"heading.default\">\n\t\t\t\t<div class=\"elementor-widget-container\">\n\t\t\t\t\t<h3 class=\"elementor-heading-title elementor-size-default\">THALASSO<\/h3>\t\t\t\t<\/div>\n\t\t\t\t<\/div>\n\t\t\t\t<div class=\"elementor-element elementor-element-2c3ef88 elementor-widget elementor-widget-text-editor\" data-id=\"2c3ef88\" data-element_type=\"widget\" data-widget_type=\"text-editor.default\">\n\t\t\t\t<div class=\"elementor-widget-container\">\n\t\t\t\t\t\t\t\t\t<p><span style=\"color: #ffffff;\">L&rsquo;art de se pr\u00e9lasser en toute tranquillit\u00e9.<\/span><br \/><span style=\"color: #ffffff;\">Profitez d&rsquo;un h\u00e9bergement o\u00f9 le temps semble s&rsquo;arr\u00eater, <\/span><br \/><span style=\"color: #ffffff;\">pour vous ressourcer dans un cocon de douceur et de s\u00e9r\u00e9nit\u00e9.<\/span><\/p>\t\t\t\t\t\t\t\t<\/div>\n\t\t\t\t<\/div>\n\t\t\t\t<\/div>\n\t\t\t\t<\/div>\n\t\t\t\t\t<\/div>\n\t\t\t\t<\/div>\n\t\t<div class=\"elementor-element elementor-element-b62669d e-flex e-con-boxed wpr-particle-no wpr-jarallax-no wpr-parallax-no wpr-sticky-section-no e-con e-parent\" data-id=\"b62669d\" data-element_type=\"container\">\n\t\t\t\t\t<div class=\"e-con-inner\">\n\t\t<div class=\"elementor-element elementor-element-13c2911 e-con-full e-flex wpr-particle-no wpr-jarallax-no wpr-parallax-no wpr-sticky-section-no e-con e-child\" data-id=\"13c2911\" data-element_type=\"container\">\n\t\t<div class=\"elementor-element elementor-element-f69458a e-con-full e-flex wpr-particle-no wpr-jarallax-no wpr-parallax-no wpr-sticky-section-no e-con e-child\" data-id=\"f69458a\" data-element_type=\"container\">\n\t\t\t\t<div class=\"elementor-element elementor-element-1b9187f elementor-widget elementor-widget-image\" data-id=\"1b9187f\" data-element_type=\"widget\" data-widget_type=\"image.default\">\n\t\t\t\t<div class=\"elementor-widget-container\">\n\t\t\t\t\t\t\t\t\t\t\t\t\t\t\t<img loading=\"lazy\" decoding=\"async\" width=\"1200\" height=\"800\" src=\"http:\/\/51.68.119.59\/EmmanuelleValtat\/Insolite\/wp-content\/uploads\/2025\/03\/vacances-culturelles-1-1200x800.jpg\" class=\"attachment-post_slider_layout_landscape_large size-post_slider_layout_landscape_large wp-image-206\" alt=\"\" srcset=\"http:\/\/51.68.119.59\/EmmanuelleValtat\/Insolite\/wp-content\/uploads\/2025\/03\/vacances-culturelles-1-1200x800.jpg 1200w, http:\/\/51.68.119.59\/EmmanuelleValtat\/Insolite\/wp-content\/uploads\/2025\/03\/vacances-culturelles-1-600x400.jpg 600w\" sizes=\"(max-width: 1200px) 100vw, 1200px\" \/>\t\t\t\t\t\t\t\t\t\t\t\t\t\t\t<\/div>\n\t\t\t\t<\/div>\n\t\t\t\t<div class=\"elementor-element elementor-element-b35120b elementor-widget elementor-widget-heading\" data-id=\"b35120b\" data-element_type=\"widget\" data-widget_type=\"heading.default\">\n\t\t\t\t<div class=\"elementor-widget-container\">\n\t\t\t\t\t<h3 class=\"elementor-heading-title elementor-size-default\">VANCANCES CULTURELLES<\/h3>\t\t\t\t<\/div>\n\t\t\t\t<\/div>\n\t\t\t\t<div class=\"elementor-element elementor-element-492621c elementor-widget elementor-widget-text-editor\" data-id=\"492621c\" data-element_type=\"widget\" data-widget_type=\"text-editor.default\">\n\t\t\t\t<div class=\"elementor-widget-container\">\n\t\t\t\t\t\t\t\t\t<p><span style=\"color: #ffffff;\">Farniente : L&rsquo;art de se pr\u00e9lasser en toute tranquillit\u00e9.<\/span><br \/><span style=\"color: #ffffff;\">Profitez d&rsquo;un h\u00e9bergement o\u00f9 le temps semble s&rsquo;arr\u00eater, <\/span><br \/><span style=\"color: #ffffff;\">pour vous ressourcer dans un cocon de douceur et de s\u00e9r\u00e9nit\u00e9.<\/span><\/p>\t\t\t\t\t\t\t\t<\/div>\n\t\t\t\t<\/div>\n\t\t\t\t<\/div>\n\t\t\t\t<\/div>\n\t\t<div class=\"elementor-element elementor-element-c9b8366 e-con-full e-flex wpr-particle-no wpr-jarallax-no wpr-parallax-no wpr-sticky-section-no e-con e-child\" data-id=\"c9b8366\" data-element_type=\"container\">\n\t\t<div class=\"elementor-element elementor-element-5713bfa e-con-full e-flex wpr-particle-no wpr-jarallax-no wpr-parallax-no wpr-sticky-section-no e-con e-child\" data-id=\"5713bfa\" data-element_type=\"container\">\n\t\t\t\t<div class=\"elementor-element elementor-element-17d6b11 elementor-widget elementor-widget-image\" data-id=\"17d6b11\" data-element_type=\"widget\" data-widget_type=\"image.default\">\n\t\t\t\t<div class=\"elementor-widget-container\">\n\t\t\t\t\t\t\t\t\t\t\t\t\t\t\t<img loading=\"lazy\" decoding=\"async\" width=\"800\" height=\"534\" src=\"http:\/\/51.68.119.59\/EmmanuelleValtat\/Insolite\/wp-content\/uploads\/2025\/03\/vacances-sportives-1-1024x683.jpg\" class=\"attachment-large size-large wp-image-207\" alt=\"\" srcset=\"http:\/\/51.68.119.59\/EmmanuelleValtat\/Insolite\/wp-content\/uploads\/2025\/03\/vacances-sportives-1-1024x683.jpg 1024w, http:\/\/51.68.119.59\/EmmanuelleValtat\/Insolite\/wp-content\/uploads\/2025\/03\/vacances-sportives-1-300x200.jpg 300w, http:\/\/51.68.119.59\/EmmanuelleValtat\/Insolite\/wp-content\/uploads\/2025\/03\/vacances-sportives-1-768x512.jpg 768w, http:\/\/51.68.119.59\/EmmanuelleValtat\/Insolite\/wp-content\/uploads\/2025\/03\/vacances-sportives-1-1536x1024.jpg 1536w, http:\/\/51.68.119.59\/EmmanuelleValtat\/Insolite\/wp-content\/uploads\/2025\/03\/vacances-sportives-1-2048x1366.jpg 2048w, http:\/\/51.68.119.59\/EmmanuelleValtat\/Insolite\/wp-content\/uploads\/2025\/03\/vacances-sportives-1-1200x800.jpg 1200w, http:\/\/51.68.119.59\/EmmanuelleValtat\/Insolite\/wp-content\/uploads\/2025\/03\/vacances-sportives-1-600x400.jpg 600w\" sizes=\"(max-width: 800px) 100vw, 800px\" \/>\t\t\t\t\t\t\t\t\t\t\t\t\t\t\t<\/div>\n\t\t\t\t<\/div>\n\t\t\t\t<div class=\"elementor-element elementor-element-9afe11b elementor-widget elementor-widget-heading\" data-id=\"9afe11b\" data-element_type=\"widget\" data-widget_type=\"heading.default\">\n\t\t\t\t<div class=\"elementor-widget-container\">\n\t\t\t\t\t<h3 class=\"elementor-heading-title elementor-size-default\">VANCANCES SPORTIVES<\/h3>\t\t\t\t<\/div>\n\t\t\t\t<\/div>\n\t\t\t\t<div class=\"elementor-element elementor-element-6e1aa9c elementor-widget elementor-widget-text-editor\" data-id=\"6e1aa9c\" data-element_type=\"widget\" data-widget_type=\"text-editor.default\">\n\t\t\t\t<div class=\"elementor-widget-container\">\n\t\t\t\t\t\t\t\t\t<p><span style=\"color: #ffffff;\">L&rsquo;art de se pr\u00e9lasser en toute tranquillit\u00e9.<\/span><br \/><span style=\"color: #ffffff;\">Profitez d&rsquo;un h\u00e9bergement o\u00f9 le temps semble s&rsquo;arr\u00eater, <\/span><br \/><span style=\"color: #ffffff;\">pour vous ressourcer dans un cocon de douceur et de s\u00e9r\u00e9nit\u00e9.<\/span><\/p>\t\t\t\t\t\t\t\t<\/div>\n\t\t\t\t<\/div>\n\t\t\t\t<\/div>\n\t\t\t\t<\/div>\n\t\t\t\t\t<\/div>\n\t\t\t\t<\/div>\n\t\t\t\t<\/div>\n\t\t","protected":false},"excerpt":{"rendered":"<p>FARNIENTE Farniente : L&rsquo;art de se pr\u00e9lasser en toute tranquillit\u00e9.Profitez d&rsquo;un h\u00e9bergement o\u00f9 le temps semble s&rsquo;arr\u00eater, pour vous ressourcer dans un cocon de douceur et de s\u00e9r\u00e9nit\u00e9. GRANDS MARCHEURS L&rsquo;art de se pr\u00e9lasser en toute tranquillit\u00e9.Profitez d&rsquo;un h\u00e9bergement o\u00f9 le temps semble s&rsquo;arr\u00eater, pour vous ressourcer dans un cocon de douceur et de s\u00e9r\u00e9nit\u00e9. PARCOURS AVENTURES Farniente : L&rsquo;art de se pr\u00e9lasser en toute tranquillit\u00e9.Profitez d&rsquo;un h\u00e9bergement o\u00f9 le temps semble s&rsquo;arr\u00eater, pour vous ressourcer dans un cocon de douceur et de s\u00e9r\u00e9nit\u00e9. THALASSO L&rsquo;art de se pr\u00e9lasser en toute tranquillit\u00e9.Profitez d&rsquo;un h\u00e9bergement o\u00f9 le temps semble s&rsquo;arr\u00eater, pour vous ressourcer dans un cocon de douceur et de s\u00e9r\u00e9nit\u00e9. VANCANCES CULTURELLES Farniente : L&rsquo;art de se pr\u00e9lasser en toute tranquillit\u00e9.Profitez d&rsquo;un h\u00e9bergement o\u00f9 le temps semble s&rsquo;arr\u00eater, pour vous ressourcer dans un cocon de douceur et de s\u00e9r\u00e9nit\u00e9. VANCANCES SPORTIVES L&rsquo;art de se pr\u00e9lasser en toute tranquillit\u00e9.Profitez d&rsquo;un h\u00e9bergement o\u00f9 le temps semble s&rsquo;arr\u00eater, pour vous ressourcer dans un cocon de douceur et de s\u00e9r\u00e9nit\u00e9.<\/p>\n","protected":false},"author":1,"featured_media":0,"parent":0,"menu_order":0,"comment_status":"closed","ping_status":"closed","template":"","meta":{"_regular_price":[],"currency_symbol":[],"footnotes":""},"class_list":["post-193","page","type-page","status-publish","hentry"],"post_slider_layout_featured_media_urls":{"thumbnail":"","post_slider_layout_landscape_large":"","post_slider_layout_portrait_large":"","post_slider_layout_square_large":"","post_slider_layout_landscape":"","post_slider_layout_portrait":"","post_slider_layout_square":"","full":""},"_links":{"self":[{"href":"http:\/\/51.68.119.59\/EmmanuelleValtat\/Insolite\/index.php\/wp-json\/wp\/v2\/pages\/193","targetHints":{"allow":["GET"]}}],"collection":[{"href":"http:\/\/51.68.119.59\/EmmanuelleValtat\/Insolite\/index.php\/wp-json\/wp\/v2\/pages"}],"about":[{"href":"http:\/\/51.68.119.59\/EmmanuelleValtat\/Insolite\/index.php\/wp-json\/wp\/v2\/types\/page"}],"author":[{"embeddable":true,"href":"http:\/\/51.68.119.59\/EmmanuelleValtat\/Insolite\/index.php\/wp-json\/wp\/v2\/users\/1"}],"replies":[{"embeddable":true,"href":"http:\/\/51.68.119.59\/EmmanuelleValtat\/Insolite\/index.php\/wp-json\/wp\/v2\/comments?post=193"}],"version-history":[{"count":16,"href":"http:\/\/51.68.119.59\/EmmanuelleValtat\/Insolite\/index.php\/wp-json\/wp\/v2\/pages\/193\/revisions"}],"predecessor-version":[{"id":268,"href":"http:\/\/51.68.119.59\/EmmanuelleValtat\/Insolite\/index.php\/wp-json\/wp\/v2\/pages\/193\/revisions\/268"}],"wp:attachment":[{"href":"http:\/\/51.68.119.59\/EmmanuelleValtat\/Insolite\/index.php\/wp-json\/wp\/v2\/media?parent=193"}],"curies":[{"name":"wp","href":"https:\/\/api.w.org\/{rel}","templated":true}]}}