{"id":1218,"date":"2024-12-17T10:49:17","date_gmt":"2024-12-17T09:49:17","guid":{"rendered":"http:\/\/51.68.119.59\/Floreane\/FagesDujardinDahman\/?page_id=1218"},"modified":"2024-12-19T11:08:02","modified_gmt":"2024-12-19T10:08:02","slug":"nos-tarifs-de-negiciation-immobiliere","status":"publish","type":"page","link":"http:\/\/51.68.119.59\/Floreane\/FagesDujardinDahman\/index.php\/nos-tarifs-de-negiciation-immobiliere\/","title":{"rendered":"Nos tarifs de n\u00e9giciation immobili\u00e8re"},"content":{"rendered":"\t\t<div data-elementor-type=\"wp-page\" data-elementor-id=\"1218\" class=\"elementor elementor-1218\" data-elementor-post-type=\"page\">\n\t\t\t\t<div class=\"elementor-element elementor-element-71d907c0 e-flex e-con-boxed e-con e-parent\" data-id=\"71d907c0\" data-element_type=\"container\">\n\t\t\t\t\t<div class=\"e-con-inner\">\n\t\t\t\t\t<\/div>\n\t\t\t\t<\/div>\n\t\t<div class=\"elementor-element elementor-element-831d898 e-flex e-con-boxed e-con e-parent\" data-id=\"831d898\" data-element_type=\"container\">\n\t\t\t\t\t<div class=\"e-con-inner\">\n\t\t<div class=\"elementor-element elementor-element-8a84651 e-con-full e-flex e-con e-child\" data-id=\"8a84651\" data-element_type=\"container\">\n\t\t\t\t<div class=\"elementor-element elementor-element-e1def97 elementor-widget__width-initial elementor-widget elementor-widget-text-editor\" data-id=\"e1def97\" data-element_type=\"widget\" data-widget_type=\"text-editor.default\">\n\t\t\t\t<div class=\"elementor-widget-container\">\n\t\t\t\t\t\t\t\t\t<p>Depuis le 1er avril 2017, les interm\u00e9diaires dans les transactions immobili\u00e8res doivent afficher leurs honoraires.<\/p><p>Pour les biens confi\u00e9s \u00e0 la vente, les tarifs de l&rsquo;office de Me Fanny Farges-Dujardin et de Me Hanna Dahmane, notaires \u00e0 Rouen, sont les suivants :<\/p>\t\t\t\t\t\t\t\t<\/div>\n\t\t\t\t<\/div>\n\t\t\t\t<\/div>\n\t\t\t\t\t<\/div>\n\t\t\t\t<\/div>\n\t\t<div class=\"elementor-element elementor-element-c9d3467 e-flex e-con-boxed e-con e-parent\" data-id=\"c9d3467\" data-element_type=\"container\">\n\t\t\t\t\t<div class=\"e-con-inner\">\n\t\t<div class=\"elementor-element elementor-element-d08add6 e-con-full e-flex e-con e-child\" data-id=\"d08add6\" data-element_type=\"container\" data-settings=\"{&quot;background_background&quot;:&quot;classic&quot;}\">\n\t\t<div class=\"elementor-element elementor-element-ece571f e-con-full e-flex e-con e-child\" data-id=\"ece571f\" data-element_type=\"container\">\n\t\t\t\t<div class=\"elementor-element elementor-element-7f763e5 elementor-widget__width-initial elementor-widget-mobile__width-initial elementor-widget elementor-widget-text-editor\" data-id=\"7f763e5\" data-element_type=\"widget\" data-widget_type=\"text-editor.default\">\n\t\t\t\t<div class=\"elementor-widget-container\">\n\t\t\t\t\t\t\t\t\t<p>Biens dont le prix est compris entre 1 et 149 999 euros<\/p>\t\t\t\t\t\t\t\t<\/div>\n\t\t\t\t<\/div>\n\t\t\t\t<div class=\"elementor-element elementor-element-e052af1 elementor-widget elementor-widget-text-editor\" data-id=\"e052af1\" data-element_type=\"widget\" data-widget_type=\"text-editor.default\">\n\t\t\t\t<div class=\"elementor-widget-container\">\n\t\t\t\t\t\t\t\t\t<p>6,74 % TTC<\/p>\t\t\t\t\t\t\t\t<\/div>\n\t\t\t\t<\/div>\n\t\t\t\t<\/div>\n\t\t<div class=\"elementor-element elementor-element-9d37b16 e-con-full e-flex e-con e-child\" data-id=\"9d37b16\" data-element_type=\"container\" data-settings=\"{&quot;background_background&quot;:&quot;classic&quot;}\">\n\t\t\t\t<div class=\"elementor-element elementor-element-e32fd11 elementor-widget__width-initial elementor-widget-mobile__width-initial elementor-widget elementor-widget-text-editor\" data-id=\"e32fd11\" data-element_type=\"widget\" data-widget_type=\"text-editor.default\">\n\t\t\t\t<div class=\"elementor-widget-container\">\n\t\t\t\t\t\t\t\t\t<p>De 150 000 euros \u00e0 249 999 euros<\/p>\t\t\t\t\t\t\t\t<\/div>\n\t\t\t\t<\/div>\n\t\t\t\t<div class=\"elementor-element elementor-element-e3c761c elementor-widget elementor-widget-text-editor\" data-id=\"e3c761c\" data-element_type=\"widget\" data-widget_type=\"text-editor.default\">\n\t\t\t\t<div class=\"elementor-widget-container\">\n\t\t\t\t\t\t\t\t\t<p>6,23 % TTC<\/p>\t\t\t\t\t\t\t\t<\/div>\n\t\t\t\t<\/div>\n\t\t\t\t<\/div>\n\t\t<div class=\"elementor-element elementor-element-de958f3 e-con-full e-flex e-con e-child\" data-id=\"de958f3\" data-element_type=\"container\">\n\t\t\t\t<div class=\"elementor-element elementor-element-4745477 elementor-widget__width-initial elementor-widget-mobile__width-initial elementor-widget elementor-widget-text-editor\" data-id=\"4745477\" data-element_type=\"widget\" data-widget_type=\"text-editor.default\">\n\t\t\t\t<div class=\"elementor-widget-container\">\n\t\t\t\t\t\t\t\t\t<p>De 150 000 euros \u00e0 249 999 euros<\/p>\t\t\t\t\t\t\t\t<\/div>\n\t\t\t\t<\/div>\n\t\t\t\t<div class=\"elementor-element elementor-element-93c8ebf elementor-widget elementor-widget-text-editor\" data-id=\"93c8ebf\" data-element_type=\"widget\" data-widget_type=\"text-editor.default\">\n\t\t\t\t<div class=\"elementor-widget-container\">\n\t\t\t\t\t\t\t\t\t<p>6,23 % TTC<\/p>\t\t\t\t\t\t\t\t<\/div>\n\t\t\t\t<\/div>\n\t\t\t\t<\/div>\n\t\t<div class=\"elementor-element elementor-element-c08b13c e-con-full e-flex e-con e-child\" data-id=\"c08b13c\" data-element_type=\"container\" data-settings=\"{&quot;background_background&quot;:&quot;classic&quot;}\">\n\t\t\t\t<div class=\"elementor-element elementor-element-9a19cde elementor-widget__width-initial elementor-widget-mobile__width-initial elementor-widget elementor-widget-text-editor\" data-id=\"9a19cde\" data-element_type=\"widget\" data-widget_type=\"text-editor.default\">\n\t\t\t\t<div class=\"elementor-widget-container\">\n\t\t\t\t\t\t\t\t\t<p>De 250 000 euros \u00e0 299 999 euros<\/p>\t\t\t\t\t\t\t\t<\/div>\n\t\t\t\t<\/div>\n\t\t\t\t<div class=\"elementor-element elementor-element-46e4648 elementor-widget elementor-widget-text-editor\" data-id=\"46e4648\" data-element_type=\"widget\" data-widget_type=\"text-editor.default\">\n\t\t\t\t<div class=\"elementor-widget-container\">\n\t\t\t\t\t\t\t\t\t<p>5,18 % TTC<\/p>\t\t\t\t\t\t\t\t<\/div>\n\t\t\t\t<\/div>\n\t\t\t\t<\/div>\n\t\t<div class=\"elementor-element elementor-element-626c21d e-con-full e-flex e-con e-child\" data-id=\"626c21d\" data-element_type=\"container\">\n\t\t\t\t<div class=\"elementor-element elementor-element-661e64f elementor-widget__width-initial elementor-widget-mobile__width-initial elementor-widget elementor-widget-text-editor\" data-id=\"661e64f\" data-element_type=\"widget\" data-widget_type=\"text-editor.default\">\n\t\t\t\t<div class=\"elementor-widget-container\">\n\t\t\t\t\t\t\t\t\t<p>De 300 000 euros \u00e0 349 999 euros<\/p>\t\t\t\t\t\t\t\t<\/div>\n\t\t\t\t<\/div>\n\t\t\t\t<div class=\"elementor-element elementor-element-f78a06e elementor-widget elementor-widget-text-editor\" data-id=\"f78a06e\" data-element_type=\"widget\" data-widget_type=\"text-editor.default\">\n\t\t\t\t<div class=\"elementor-widget-container\">\n\t\t\t\t\t\t\t\t\t<p>3,69 % TTC<\/p>\t\t\t\t\t\t\t\t<\/div>\n\t\t\t\t<\/div>\n\t\t\t\t<\/div>\n\t\t<div class=\"elementor-element elementor-element-6a9ad27 e-con-full e-flex e-con e-child\" data-id=\"6a9ad27\" data-element_type=\"container\" data-settings=\"{&quot;background_background&quot;:&quot;classic&quot;}\">\n\t\t\t\t<div class=\"elementor-element elementor-element-3a2e30a elementor-widget__width-initial elementor-widget-mobile__width-initial elementor-widget elementor-widget-text-editor\" data-id=\"3a2e30a\" data-element_type=\"widget\" data-widget_type=\"text-editor.default\">\n\t\t\t\t<div class=\"elementor-widget-container\">\n\t\t\t\t\t\t\t\t\t<p>Sup\u00e9rieur \u00e0 350 000 euros<\/p>\t\t\t\t\t\t\t\t<\/div>\n\t\t\t\t<\/div>\n\t\t\t\t<div class=\"elementor-element elementor-element-2d34b41 elementor-widget elementor-widget-text-editor\" data-id=\"2d34b41\" data-element_type=\"widget\" data-widget_type=\"text-editor.default\">\n\t\t\t\t<div class=\"elementor-widget-container\">\n\t\t\t\t\t\t\t\t\t<p>3,47 % TTC<\/p>\t\t\t\t\t\t\t\t<\/div>\n\t\t\t\t<\/div>\n\t\t\t\t<\/div>\n\t\t<div class=\"elementor-element elementor-element-15f963d e-con-full e-flex e-con e-child\" data-id=\"15f963d\" data-element_type=\"container\">\n\t\t\t\t<div class=\"elementor-element elementor-element-ddc7a28 elementor-widget__width-initial elementor-widget-mobile__width-initial elementor-widget elementor-widget-text-editor\" data-id=\"ddc7a28\" data-element_type=\"widget\" data-widget_type=\"text-editor.default\">\n\t\t\t\t<div class=\"elementor-widget-container\">\n\t\t\t\t\t\t\t\t\t<p>Location<\/p>\t\t\t\t\t\t\t\t<\/div>\n\t\t\t\t<\/div>\n\t\t\t\t<div class=\"elementor-element elementor-element-d8703d6 elementor-widget-mobile__width-initial elementor-widget elementor-widget-text-editor\" data-id=\"d8703d6\" data-element_type=\"widget\" data-widget_type=\"text-editor.default\">\n\t\t\t\t<div class=\"elementor-widget-container\">\n\t\t\t\t\t\t\t\t\t<p>1 mois de loyer hors charges<\/p>\t\t\t\t\t\t\t\t<\/div>\n\t\t\t\t<\/div>\n\t\t\t\t<\/div>\n\t\t\t\t<\/div>\n\t\t<div class=\"elementor-element elementor-element-9bcdbad e-con-full e-flex e-con e-child\" data-id=\"9bcdbad\" data-element_type=\"container\">\n\t\t\t\t<div class=\"elementor-element elementor-element-c3065bb elementor-widget__width-initial elementor-widget elementor-widget-text-editor\" data-id=\"c3065bb\" data-element_type=\"widget\" data-widget_type=\"text-editor.default\">\n\t\t\t\t<div class=\"elementor-widget-container\">\n\t\t\t\t\t\t\t\t\t<p>Vous souhaitez en savoir plus sur les p\u00f4les de comp\u00e9tences de l\u2019\u00e9tude ou prendre un rendez-vous avec un professionnel ?<\/p>\t\t\t\t\t\t\t\t<\/div>\n\t\t\t\t<\/div>\n\t\t\t\t<div class=\"elementor-element elementor-element-ec3fa00 elementor-align-center elementor-widget elementor-widget-button\" data-id=\"ec3fa00\" data-element_type=\"widget\" data-widget_type=\"button.default\">\n\t\t\t\t<div class=\"elementor-widget-container\">\n\t\t\t\t\t\t\t\t\t<div class=\"elementor-button-wrapper\">\n\t\t\t\t\t<a class=\"elementor-button elementor-button-link elementor-size-sm\" href=\"http:\/\/51.68.119.59\/Floreane\/FagesDujardinDahman\/index.php\/contact\/\">\n\t\t\t\t\t\t<span class=\"elementor-button-content-wrapper\">\n\t\t\t\t\t\t\t\t\t<span class=\"elementor-button-text\">Nous contacter<\/span>\n\t\t\t\t\t<\/span>\n\t\t\t\t\t<\/a>\n\t\t\t\t<\/div>\n\t\t\t\t\t\t\t\t<\/div>\n\t\t\t\t<\/div>\n\t\t\t\t<\/div>\n\t\t\t\t<div class=\"elementor-element elementor-element-6512ff4 elementor-widget elementor-widget-spacer\" data-id=\"6512ff4\" data-element_type=\"widget\" data-widget_type=\"spacer.default\">\n\t\t\t\t<div class=\"elementor-widget-container\">\n\t\t\t\t\t\t\t<div class=\"elementor-spacer\">\n\t\t\t<div class=\"elementor-spacer-inner\"><\/div>\n\t\t<\/div>\n\t\t\t\t\t\t<\/div>\n\t\t\t\t<\/div>\n\t\t\t\t\t<\/div>\n\t\t\t\t<\/div>\n\t\t\t\t<\/div>\n\t\t","protected":false},"excerpt":{"rendered":"<p>Depuis le 1er avril 2017, les interm\u00e9diaires dans les transactions immobili\u00e8res doivent afficher leurs honoraires. Pour les biens confi\u00e9s \u00e0 [&hellip;]<\/p>\n","protected":false},"author":1,"featured_media":0,"parent":0,"menu_order":0,"comment_status":"closed","ping_status":"closed","template":"","meta":{"_acf_changed":false,"site-sidebar-layout":"no-sidebar","site-content-layout":"","ast-site-content-layout":"full-width-container","site-content-style":"default","site-sidebar-style":"default","ast-global-header-display":"","ast-banner-title-visibility":"","ast-main-header-display":"","ast-hfb-above-header-display":"","ast-hfb-below-header-display":"","ast-hfb-mobile-header-display":"","site-post-title":"disabled","ast-breadcrumbs-content":"","ast-featured-img":"disabled","footer-sml-layout":"","theme-transparent-header-meta":"","adv-header-id-meta":"","stick-header-meta":"","header-above-stick-meta":"","header-main-stick-meta":"","header-below-stick-meta":"","astra-migrate-meta-layouts":"default","ast-page-background-enabled":"default","ast-page-background-meta":{"desktop":{"background-color":"var(--ast-global-color-4)","background-image":"","background-repeat":"repeat","background-position":"center center","background-size":"auto","background-attachment":"scroll","background-type":"","background-media":"","overlay-type":"","overlay-color":"","overlay-opacity":"","overlay-gradient":""},"tablet":{"background-color":"","background-image":"","background-repeat":"repeat","background-position":"center center","background-size":"auto","background-attachment":"scroll","background-type":"","background-media":"","overlay-type":"","overlay-color":"","overlay-opacity":"","overlay-gradient":""},"mobile":{"background-color":"","background-image":"","background-repeat":"repeat","background-position":"center center","background-size":"auto","background-attachment":"scroll","background-type":"","background-media":"","overlay-type":"","overlay-color":"","overlay-opacity":"","overlay-gradient":""}},"ast-content-background-meta":{"desktop":{"background-color":"var(--ast-global-color-5)","background-image":"","background-repeat":"repeat","background-position":"center center","background-size":"auto","background-attachment":"scroll","background-type":"","background-media":"","overlay-type":"","overlay-color":"","overlay-opacity":"","overlay-gradient":""},"tablet":{"background-color":"var(--ast-global-color-5)","background-image":"","background-repeat":"repeat","background-position":"center center","background-size":"auto","background-attachment":"scroll","background-type":"","background-media":"","overlay-type":"","overlay-color":"","overlay-opacity":"","overlay-gradient":""},"mobile":{"background-color":"var(--ast-global-color-5)","background-image":"","background-repeat":"repeat","background-position":"center center","background-size":"auto","background-attachment":"scroll","background-type":"","background-media":"","overlay-type":"","overlay-color":"","overlay-opacity":"","overlay-gradient":""}},"footnotes":""},"class_list":["post-1218","page","type-page","status-publish","hentry"],"acf":[],"yoast_head":"<!-- This site is optimized with the Yoast SEO plugin v24.2 - https:\/\/yoast.com\/wordpress\/plugins\/seo\/ -->\n<title>Nos tarifs de n\u00e9giciation immobili\u00e8re - Fanny Farges-Dujardin et Hanna Dahmane notaires Rouen<\/title>\n<meta name=\"robots\" content=\"noindex, follow, max-snippet:-1, max-image-preview:large, max-video-preview:-1\" \/>\n<meta property=\"og:locale\" content=\"fr_FR\" \/>\n<meta property=\"og:type\" content=\"article\" \/>\n<meta property=\"og:title\" content=\"Nos tarifs de n\u00e9giciation immobili\u00e8re - Fanny Farges-Dujardin et Hanna Dahmane notaires Rouen\" \/>\n<meta property=\"og:description\" content=\"Depuis le 1er avril 2017, les interm\u00e9diaires dans les transactions immobili\u00e8res doivent afficher leurs honoraires. Pour les biens confi\u00e9s \u00e0 [&hellip;]\" \/>\n<meta property=\"og:url\" content=\"http:\/\/51.68.119.59\/Floreane\/FagesDujardinDahman\/index.php\/nos-tarifs-de-negiciation-immobiliere\/\" \/>\n<meta property=\"og:site_name\" content=\"Fanny Farges-Dujardin et Hanna Dahmane notaires Rouen\" \/>\n<meta property=\"article:publisher\" content=\"https:\/\/www.facebook.com\/p\/F-Farges-Dujardin-et-JP-Assaud-Notaires-associs--Rouen-100066520373687\/?_rdr\" \/>\n<meta property=\"article:modified_time\" content=\"2024-12-19T10:08:02+00:00\" \/>\n<meta name=\"twitter:card\" content=\"summary_large_image\" \/>\n<meta name=\"twitter:label1\" content=\"Dur\u00e9e de lecture estim\u00e9e\" \/>\n\t<meta name=\"twitter:data1\" content=\"1 minute\" \/>\n<script type=\"application\/ld+json\" class=\"yoast-schema-graph\">{\"@context\":\"https:\/\/schema.org\",\"@graph\":[{\"@type\":\"WebPage\",\"@id\":\"http:\/\/51.68.119.59\/Floreane\/FagesDujardinDahman\/index.php\/nos-tarifs-de-negiciation-immobiliere\/\",\"url\":\"http:\/\/51.68.119.59\/Floreane\/FagesDujardinDahman\/index.php\/nos-tarifs-de-negiciation-immobiliere\/\",\"name\":\"Nos tarifs de n\u00e9giciation immobili\u00e8re - Fanny Farges-Dujardin et Hanna Dahmane notaires Rouen\",\"isPartOf\":{\"@id\":\"http:\/\/51.68.119.59\/Floreane\/FagesDujardinDahman\/#website\"},\"datePublished\":\"2024-12-17T09:49:17+00:00\",\"dateModified\":\"2024-12-19T10:08:02+00:00\",\"breadcrumb\":{\"@id\":\"http:\/\/51.68.119.59\/Floreane\/FagesDujardinDahman\/index.php\/nos-tarifs-de-negiciation-immobiliere\/#breadcrumb\"},\"inLanguage\":\"fr-FR\",\"potentialAction\":[{\"@type\":\"ReadAction\",\"target\":[\"http:\/\/51.68.119.59\/Floreane\/FagesDujardinDahman\/index.php\/nos-tarifs-de-negiciation-immobiliere\/\"]}]},{\"@type\":\"BreadcrumbList\",\"@id\":\"http:\/\/51.68.119.59\/Floreane\/FagesDujardinDahman\/index.php\/nos-tarifs-de-negiciation-immobiliere\/#breadcrumb\",\"itemListElement\":[{\"@type\":\"ListItem\",\"position\":1,\"name\":\"Accueil\",\"item\":\"http:\/\/51.68.119.59\/Floreane\/FagesDujardinDahman\/\"},{\"@type\":\"ListItem\",\"position\":2,\"name\":\"Nos tarifs de n\u00e9giciation immobili\u00e8re\"}]},{\"@type\":\"WebSite\",\"@id\":\"http:\/\/51.68.119.59\/Floreane\/FagesDujardinDahman\/#website\",\"url\":\"http:\/\/51.68.119.59\/Floreane\/FagesDujardinDahman\/\",\"name\":\"Fanny Farges-Dujardin et Hanna Dahmane notaires \u00e0 Rouen\",\"description\":\"\",\"publisher\":{\"@id\":\"http:\/\/51.68.119.59\/Floreane\/FagesDujardinDahman\/#organization\"},\"potentialAction\":[{\"@type\":\"SearchAction\",\"target\":{\"@type\":\"EntryPoint\",\"urlTemplate\":\"http:\/\/51.68.119.59\/Floreane\/FagesDujardinDahman\/?s={search_term_string}\"},\"query-input\":{\"@type\":\"PropertyValueSpecification\",\"valueRequired\":true,\"valueName\":\"search_term_string\"}}],\"inLanguage\":\"fr-FR\"},{\"@type\":\"Organization\",\"@id\":\"http:\/\/51.68.119.59\/Floreane\/FagesDujardinDahman\/#organization\",\"name\":\"SCP Fanny Farges-Dujardin et Hanna Dahmane\",\"url\":\"http:\/\/51.68.119.59\/Floreane\/FagesDujardinDahman\/\",\"logo\":{\"@type\":\"ImageObject\",\"inLanguage\":\"fr-FR\",\"@id\":\"http:\/\/51.68.119.59\/Floreane\/FagesDujardinDahman\/#\/schema\/logo\/image\/\",\"url\":\"http:\/\/51.68.119.59\/Floreane\/FagesDujardinDahman\/wp-content\/uploads\/2024\/12\/logo-paysage-1.png\",\"contentUrl\":\"http:\/\/51.68.119.59\/Floreane\/FagesDujardinDahman\/wp-content\/uploads\/2024\/12\/logo-paysage-1.png\",\"width\":2590,\"height\":869,\"caption\":\"SCP Fanny Farges-Dujardin et Hanna Dahmane\"},\"image\":{\"@id\":\"http:\/\/51.68.119.59\/Floreane\/FagesDujardinDahman\/#\/schema\/logo\/image\/\"},\"sameAs\":[\"https:\/\/www.facebook.com\/p\/F-Farges-Dujardin-et-JP-Assaud-Notaires-associs--Rouen-100066520373687\/?_rdr\",\"https:\/\/www.instagram.com\/notaires_fargesdujardindahmane\/\"]}]}<\/script>\n<!-- \/ Yoast SEO plugin. -->","yoast_head_json":{"title":"Nos tarifs de n\u00e9giciation immobili\u00e8re - Fanny Farges-Dujardin et Hanna Dahmane notaires Rouen","robots":{"index":"noindex","follow":"follow","max-snippet":"max-snippet:-1","max-image-preview":"max-image-preview:large","max-video-preview":"max-video-preview:-1"},"og_locale":"fr_FR","og_type":"article","og_title":"Nos tarifs de n\u00e9giciation immobili\u00e8re - Fanny Farges-Dujardin et Hanna Dahmane notaires Rouen","og_description":"Depuis le 1er avril 2017, les interm\u00e9diaires dans les transactions immobili\u00e8res doivent afficher leurs honoraires. Pour les biens confi\u00e9s \u00e0 [&hellip;]","og_url":"http:\/\/51.68.119.59\/Floreane\/FagesDujardinDahman\/index.php\/nos-tarifs-de-negiciation-immobiliere\/","og_site_name":"Fanny Farges-Dujardin et Hanna Dahmane notaires Rouen","article_publisher":"https:\/\/www.facebook.com\/p\/F-Farges-Dujardin-et-JP-Assaud-Notaires-associs--Rouen-100066520373687\/?_rdr","article_modified_time":"2024-12-19T10:08:02+00:00","twitter_card":"summary_large_image","twitter_misc":{"Dur\u00e9e de lecture estim\u00e9e":"1 minute"},"schema":{"@context":"https:\/\/schema.org","@graph":[{"@type":"WebPage","@id":"http:\/\/51.68.119.59\/Floreane\/FagesDujardinDahman\/index.php\/nos-tarifs-de-negiciation-immobiliere\/","url":"http:\/\/51.68.119.59\/Floreane\/FagesDujardinDahman\/index.php\/nos-tarifs-de-negiciation-immobiliere\/","name":"Nos tarifs de n\u00e9giciation immobili\u00e8re - Fanny Farges-Dujardin et Hanna Dahmane notaires Rouen","isPartOf":{"@id":"http:\/\/51.68.119.59\/Floreane\/FagesDujardinDahman\/#website"},"datePublished":"2024-12-17T09:49:17+00:00","dateModified":"2024-12-19T10:08:02+00:00","breadcrumb":{"@id":"http:\/\/51.68.119.59\/Floreane\/FagesDujardinDahman\/index.php\/nos-tarifs-de-negiciation-immobiliere\/#breadcrumb"},"inLanguage":"fr-FR","potentialAction":[{"@type":"ReadAction","target":["http:\/\/51.68.119.59\/Floreane\/FagesDujardinDahman\/index.php\/nos-tarifs-de-negiciation-immobiliere\/"]}]},{"@type":"BreadcrumbList","@id":"http:\/\/51.68.119.59\/Floreane\/FagesDujardinDahman\/index.php\/nos-tarifs-de-negiciation-immobiliere\/#breadcrumb","itemListElement":[{"@type":"ListItem","position":1,"name":"Accueil","item":"http:\/\/51.68.119.59\/Floreane\/FagesDujardinDahman\/"},{"@type":"ListItem","position":2,"name":"Nos tarifs de n\u00e9giciation immobili\u00e8re"}]},{"@type":"WebSite","@id":"http:\/\/51.68.119.59\/Floreane\/FagesDujardinDahman\/#website","url":"http:\/\/51.68.119.59\/Floreane\/FagesDujardinDahman\/","name":"Fanny Farges-Dujardin et Hanna Dahmane notaires \u00e0 Rouen","description":"","publisher":{"@id":"http:\/\/51.68.119.59\/Floreane\/FagesDujardinDahman\/#organization"},"potentialAction":[{"@type":"SearchAction","target":{"@type":"EntryPoint","urlTemplate":"http:\/\/51.68.119.59\/Floreane\/FagesDujardinDahman\/?s={search_term_string}"},"query-input":{"@type":"PropertyValueSpecification","valueRequired":true,"valueName":"search_term_string"}}],"inLanguage":"fr-FR"},{"@type":"Organization","@id":"http:\/\/51.68.119.59\/Floreane\/FagesDujardinDahman\/#organization","name":"SCP Fanny Farges-Dujardin et Hanna Dahmane","url":"http:\/\/51.68.119.59\/Floreane\/FagesDujardinDahman\/","logo":{"@type":"ImageObject","inLanguage":"fr-FR","@id":"http:\/\/51.68.119.59\/Floreane\/FagesDujardinDahman\/#\/schema\/logo\/image\/","url":"http:\/\/51.68.119.59\/Floreane\/FagesDujardinDahman\/wp-content\/uploads\/2024\/12\/logo-paysage-1.png","contentUrl":"http:\/\/51.68.119.59\/Floreane\/FagesDujardinDahman\/wp-content\/uploads\/2024\/12\/logo-paysage-1.png","width":2590,"height":869,"caption":"SCP Fanny Farges-Dujardin et Hanna Dahmane"},"image":{"@id":"http:\/\/51.68.119.59\/Floreane\/FagesDujardinDahman\/#\/schema\/logo\/image\/"},"sameAs":["https:\/\/www.facebook.com\/p\/F-Farges-Dujardin-et-JP-Assaud-Notaires-associs--Rouen-100066520373687\/?_rdr","https:\/\/www.instagram.com\/notaires_fargesdujardindahmane\/"]}]}},"_links":{"self":[{"href":"http:\/\/51.68.119.59\/Floreane\/FagesDujardinDahman\/index.php\/wp-json\/wp\/v2\/pages\/1218","targetHints":{"allow":["GET"]}}],"collection":[{"href":"http:\/\/51.68.119.59\/Floreane\/FagesDujardinDahman\/index.php\/wp-json\/wp\/v2\/pages"}],"about":[{"href":"http:\/\/51.68.119.59\/Floreane\/FagesDujardinDahman\/index.php\/wp-json\/wp\/v2\/types\/page"}],"author":[{"embeddable":true,"href":"http:\/\/51.68.119.59\/Floreane\/FagesDujardinDahman\/index.php\/wp-json\/wp\/v2\/users\/1"}],"replies":[{"embeddable":true,"href":"http:\/\/51.68.119.59\/Floreane\/FagesDujardinDahman\/index.php\/wp-json\/wp\/v2\/comments?post=1218"}],"version-history":[{"count":37,"href":"http:\/\/51.68.119.59\/Floreane\/FagesDujardinDahman\/index.php\/wp-json\/wp\/v2\/pages\/1218\/revisions"}],"predecessor-version":[{"id":1621,"href":"http:\/\/51.68.119.59\/Floreane\/FagesDujardinDahman\/index.php\/wp-json\/wp\/v2\/pages\/1218\/revisions\/1621"}],"wp:attachment":[{"href":"http:\/\/51.68.119.59\/Floreane\/FagesDujardinDahman\/index.php\/wp-json\/wp\/v2\/media?parent=1218"}],"curies":[{"name":"wp","href":"https:\/\/api.w.org\/{rel}","templated":true}]}}