{"id":1480,"date":"2024-12-18T16:11:30","date_gmt":"2024-12-18T15:11:30","guid":{"rendered":"http:\/\/51.68.119.59\/Floreane\/FagesDujardinDahman\/?page_id=1480"},"modified":"2024-12-18T16:23:03","modified_gmt":"2024-12-18T15:23:03","slug":"collectivites-locales-et-entreprises","status":"publish","type":"page","link":"http:\/\/51.68.119.59\/Floreane\/FagesDujardinDahman\/index.php\/collectivites-locales-et-entreprises\/","title":{"rendered":"Collectivit\u00e9s locales et entreprises"},"content":{"rendered":"\t\t<div data-elementor-type=\"wp-page\" data-elementor-id=\"1480\" class=\"elementor elementor-1480\" data-elementor-post-type=\"page\">\n\t\t\t\t<div class=\"elementor-element elementor-element-71d907c0 e-flex e-con-boxed e-con e-parent\" data-id=\"71d907c0\" data-element_type=\"container\">\n\t\t\t\t\t<div class=\"e-con-inner\">\n\t\t\t\t\t<\/div>\n\t\t\t\t<\/div>\n\t\t<div class=\"elementor-element elementor-element-831d898 e-flex e-con-boxed e-con e-parent\" data-id=\"831d898\" data-element_type=\"container\">\n\t\t\t\t\t<div class=\"e-con-inner\">\n\t\t<div class=\"elementor-element elementor-element-8a84651 e-con-full e-flex e-con e-child\" data-id=\"8a84651\" data-element_type=\"container\">\n\t\t\t\t<div class=\"elementor-element elementor-element-e1def97 elementor-widget__width-initial elementor-widget elementor-widget-text-editor\" data-id=\"e1def97\" data-element_type=\"widget\" data-widget_type=\"text-editor.default\">\n\t\t\t\t<div class=\"elementor-widget-container\">\n\t\t\t\t\t\t\t\t\t<p>Une des vocations premi\u00e8res de l&rsquo;\u00e9tude de Me Fanny Farges-Dujardin et de Me Hanna Dahmane, notaires \u00e0\u00a0<strong>Rouen<\/strong>\u00a0est l&rsquo;<strong>accompagnement des collectivit\u00e9s et des entreprises<\/strong>.<\/p><p>L&rsquo;office a re\u00e7u le\u00a0<strong>label NOTAIRE CONSEIL DES PERSONNES PUBLIQUES<\/strong>\u00a0d\u00e9cern\u00e9 par le Conseil Sup\u00e9rieur du Notariat<\/p>\t\t\t\t\t\t\t\t<\/div>\n\t\t\t\t<\/div>\n\t\t<div class=\"elementor-element elementor-element-49b09d5 e-con-full e-flex e-con e-child\" data-id=\"49b09d5\" data-element_type=\"container\">\n\t\t\t\t<div class=\"elementor-element elementor-element-93ff48b elementor-widget__width-initial elementor-widget-tablet__width-initial elementor-widget-mobile__width-initial elementor-widget elementor-widget-image\" data-id=\"93ff48b\" data-element_type=\"widget\" data-widget_type=\"image.default\">\n\t\t\t\t<div class=\"elementor-widget-container\">\n\t\t\t\t\t\t\t\t\t\t\t\t\t\t\t<img fetchpriority=\"high\" decoding=\"async\" width=\"944\" height=\"1024\" src=\"http:\/\/51.68.119.59\/Floreane\/FagesDujardinDahman\/wp-content\/uploads\/2024\/12\/IMG151a4-944x1024.jpeg\" class=\"attachment-large size-large wp-image-1488\" alt=\"\" srcset=\"http:\/\/51.68.119.59\/Floreane\/FagesDujardinDahman\/wp-content\/uploads\/2024\/12\/IMG151a4-944x1024.jpeg 944w, http:\/\/51.68.119.59\/Floreane\/FagesDujardinDahman\/wp-content\/uploads\/2024\/12\/IMG151a4-277x300.jpeg 277w, http:\/\/51.68.119.59\/Floreane\/FagesDujardinDahman\/wp-content\/uploads\/2024\/12\/IMG151a4-768x833.jpeg 768w, http:\/\/51.68.119.59\/Floreane\/FagesDujardinDahman\/wp-content\/uploads\/2024\/12\/IMG151a4-1416x1536.jpeg 1416w, http:\/\/51.68.119.59\/Floreane\/FagesDujardinDahman\/wp-content\/uploads\/2024\/12\/IMG151a4.jpeg 1600w\" sizes=\"(max-width: 944px) 100vw, 944px\" \/>\t\t\t\t\t\t\t\t\t\t\t\t\t\t\t<\/div>\n\t\t\t\t<\/div>\n\t\t\t\t<div class=\"elementor-element elementor-element-e4969b9 elementor-widget-mobile__width-initial elementor-widget elementor-widget-heading\" data-id=\"e4969b9\" data-element_type=\"widget\" data-widget_type=\"heading.default\">\n\t\t\t\t<div class=\"elementor-widget-container\">\n\t\t\t\t\t<h2 class=\"elementor-heading-title elementor-size-default\">Acteurs publics et am\u00e9nagements<\/h2>\t\t\t\t<\/div>\n\t\t\t\t<\/div>\n\t\t\t\t<\/div>\n\t\t\t\t<div class=\"elementor-element elementor-element-1318441 elementor-widget__width-initial elementor-widget elementor-widget-text-editor\" data-id=\"1318441\" data-element_type=\"widget\" data-widget_type=\"text-editor.default\">\n\t\t\t\t<div class=\"elementor-widget-container\">\n\t\t\t\t\t\t\t\t\t<p>Dans ce domaine, la notori\u00e9t\u00e9 de l&rsquo;office de Me Fanny Farges-Dujardin et de Me Hanna Dahmane, notaires \u00e0 Rouen, est tr\u00e8s ancienne du fait de sa pr\u00e9sence depuis toujours aux c\u00f4t\u00e9s d\u2019importants acteurs publics, collectivit\u00e9s locales, soci\u00e9t\u00e9 d\u2019\u00e9conomie mixte et bailleurs sociaux.<\/p><p>Notre office a toujours accompagn\u00e9 les professionnels et institutionnels publics, semi-publics et priv\u00e9s dans la mise en place de leurs op\u00e9rations immobili\u00e8res complexes.<\/p><p>Ces op\u00e9rations couvrent tous les types de biens (terrains \u00e0 b\u00e2tir, volumes, lots de copropri\u00e9t\u00e9\u2026) parfois dans le cadre de r\u00e9glementations particuli\u00e8res tant au regard de leur exploitation (urbanisme commercial, installations class\u00e9es\u2026), que de leur affectation (immeuble \u00e0 usage d\u2019habitation, logement social, commerces ou bureaux, domaine public).<\/p><p>Nos comp\u00e9tences internes peuvent vous renseigner sur toutes les questions d\u2019urbanisme, droit public et de l\u2019environnement.<\/p>\t\t\t\t\t\t\t\t<\/div>\n\t\t\t\t<\/div>\n\t\t\t\t<\/div>\n\t\t\t\t\t<\/div>\n\t\t\t\t<\/div>\n\t\t<div class=\"elementor-element elementor-element-38b6c23 e-flex e-con-boxed e-con e-parent\" data-id=\"38b6c23\" data-element_type=\"container\" data-settings=\"{&quot;background_background&quot;:&quot;classic&quot;}\">\n\t\t\t\t\t<div class=\"e-con-inner\">\n\t\t\t\t<div class=\"elementor-element elementor-element-5ec825d elementor-widget-tablet__width-initial elementor-widget elementor-widget-heading\" data-id=\"5ec825d\" data-element_type=\"widget\" data-widget_type=\"heading.default\">\n\t\t\t\t<div class=\"elementor-widget-container\">\n\t\t\t\t\t<h2 class=\"elementor-heading-title elementor-size-default\">Immobilier institutionnel<\/h2>\t\t\t\t<\/div>\n\t\t\t\t<\/div>\n\t\t\t\t<div class=\"elementor-element elementor-element-6f0a02f elementor-widget__width-initial elementor-widget elementor-widget-text-editor\" data-id=\"6f0a02f\" data-element_type=\"widget\" data-widget_type=\"text-editor.default\">\n\t\t\t\t<div class=\"elementor-widget-container\">\n\t\t\t\t\t\t\t\t\t<p>Notre office intervient aupr\u00e8s des investisseurs institutionnels, bailleurs sociaux, banques, marchands de biens, et plus g\u00e9n\u00e9ralement tous professionnels de l&rsquo;immobilier pour leurs op\u00e9rations immobili\u00e8res en France.<\/p><p>Notre objectif prioritaire est de r\u00e9pondre \u00e0 la demande de forte disponibilit\u00e9 de ces clients et des d\u00e9lais parfois tr\u00e8s courts exig\u00e9s pour le rendu du travail et notamment des audits juridiques n\u00e9cessaires \u00e0 l&rsquo;aide \u00e0 la d\u00e9cision d&rsquo;investissement.<\/p>\t\t\t\t\t\t\t\t<\/div>\n\t\t\t\t<\/div>\n\t\t\t\t\t<\/div>\n\t\t\t\t<\/div>\n\t\t<div class=\"elementor-element elementor-element-d47e774 e-flex e-con-boxed e-con e-parent\" data-id=\"d47e774\" data-element_type=\"container\" data-settings=\"{&quot;background_background&quot;:&quot;classic&quot;}\">\n\t\t\t\t\t<div class=\"e-con-inner\">\n\t\t\t\t<div class=\"elementor-element elementor-element-21a9d92 elementor-widget-tablet__width-initial elementor-widget elementor-widget-heading\" data-id=\"21a9d92\" data-element_type=\"widget\" data-widget_type=\"heading.default\">\n\t\t\t\t<div class=\"elementor-widget-container\">\n\t\t\t\t\t<h3 class=\"elementor-heading-title elementor-size-default\">Soci\u00e9t\u00e9s<\/h3>\t\t\t\t<\/div>\n\t\t\t\t<\/div>\n\t\t\t\t<div class=\"elementor-element elementor-element-5f0594f elementor-widget__width-initial elementor-widget elementor-widget-text-editor\" data-id=\"5f0594f\" data-element_type=\"widget\" data-widget_type=\"text-editor.default\">\n\t\t\t\t<div class=\"elementor-widget-container\">\n\t\t\t\t\t\t\t\t\t<p>La soci\u00e9t\u00e9 est un contrat entre deux ou plusieurs personnes qui conviennent d\u2019affecter \u00e0 une entreprise commune, des biens ou leur industrie, en vue de partager les b\u00e9n\u00e9fices ou de profiter de l\u2019\u00e9conomie qui pourra en r\u00e9sulter (article 1832 du code civil).<\/p><p>Les associ\u00e9s ont la volont\u00e9 de collaborer, ensemble, de mani\u00e8re int\u00e9ress\u00e9e, sur un pied d\u2019\u00e9galit\u00e9, \u00e0 une entreprise commune : on parle d\u2019affectio societatis. La soci\u00e9t\u00e9 est soumise aux r\u00e8gles g\u00e9n\u00e9rales des contrats, en mati\u00e8re de validit\u00e9 et de preuve. Par ailleurs, la soci\u00e9t\u00e9 est dot\u00e9e de la personnalit\u00e9 juridique : elle a son patrimoine propre, des organes de repr\u00e9sentation&#8230;<\/p><p>Son fonctionnement est organis\u00e9 par la loi et par les statuts. Notre office est disponible pour vous guider dans le choix d\u2019une forme sociale, dans la r\u00e9daction des statuts, pour le suivi des formalit\u00e9s et pour le secr\u00e9tariat juridique. L\u2019\u00e9tude de Me Fanny FARGES-DUJARDIN et de Me Hanna DAHMANE, Notaires \u00e0 Rouen vous accompagne \u00e9galement dans vos projets de cession ou de transmission.<\/p>\t\t\t\t\t\t\t\t<\/div>\n\t\t\t\t<\/div>\n\t\t<div class=\"elementor-element elementor-element-9bcdbad e-con-full e-flex e-con e-child\" data-id=\"9bcdbad\" data-element_type=\"container\">\n\t\t\t\t<div class=\"elementor-element elementor-element-ec3fa00 elementor-align-center elementor-widget elementor-widget-button\" data-id=\"ec3fa00\" data-element_type=\"widget\" data-widget_type=\"button.default\">\n\t\t\t\t<div class=\"elementor-widget-container\">\n\t\t\t\t\t\t\t\t\t<div class=\"elementor-button-wrapper\">\n\t\t\t\t\t<a class=\"elementor-button elementor-button-link elementor-size-sm\" href=\"http:\/\/51.68.119.59\/Floreane\/FagesDujardinDahman\/index.php\/contact\/\">\n\t\t\t\t\t\t<span class=\"elementor-button-content-wrapper\">\n\t\t\t\t\t\t\t\t\t<span class=\"elementor-button-text\">Nous contacter<\/span>\n\t\t\t\t\t<\/span>\n\t\t\t\t\t<\/a>\n\t\t\t\t<\/div>\n\t\t\t\t\t\t\t\t<\/div>\n\t\t\t\t<\/div>\n\t\t\t\t<div class=\"elementor-element elementor-element-bb9dc7a elementor-align-center elementor-widget elementor-widget-button\" data-id=\"bb9dc7a\" data-element_type=\"widget\" data-widget_type=\"button.default\">\n\t\t\t\t<div class=\"elementor-widget-container\">\n\t\t\t\t\t\t\t\t\t<div class=\"elementor-button-wrapper\">\n\t\t\t\t\t<a class=\"elementor-button elementor-button-link elementor-size-sm\" href=\"http:\/\/51.68.119.59\/Floreane\/FagesDujardinDahman\/index.php\/expertise\/\">\n\t\t\t\t\t\t<span class=\"elementor-button-content-wrapper\">\n\t\t\t\t\t\t\t\t\t<span class=\"elementor-button-text\">Voir les autres sp\u00e9cialit\u00e9s<\/span>\n\t\t\t\t\t<\/span>\n\t\t\t\t\t<\/a>\n\t\t\t\t<\/div>\n\t\t\t\t\t\t\t\t<\/div>\n\t\t\t\t<\/div>\n\t\t\t\t<\/div>\n\t\t\t\t<div class=\"elementor-element elementor-element-7ef4716 elementor-widget elementor-widget-spacer\" data-id=\"7ef4716\" data-element_type=\"widget\" data-widget_type=\"spacer.default\">\n\t\t\t\t<div class=\"elementor-widget-container\">\n\t\t\t\t\t\t\t<div class=\"elementor-spacer\">\n\t\t\t<div class=\"elementor-spacer-inner\"><\/div>\n\t\t<\/div>\n\t\t\t\t\t\t<\/div>\n\t\t\t\t<\/div>\n\t\t\t\t\t<\/div>\n\t\t\t\t<\/div>\n\t\t\t\t<\/div>\n\t\t","protected":false},"excerpt":{"rendered":"<p>Une des vocations premi\u00e8res de l&rsquo;\u00e9tude de Me Fanny Farges-Dujardin et de Me Hanna Dahmane, notaires \u00e0\u00a0Rouen\u00a0est l&rsquo;accompagnement des collectivit\u00e9s [&hellip;]<\/p>\n","protected":false},"author":1,"featured_media":0,"parent":0,"menu_order":0,"comment_status":"closed","ping_status":"closed","template":"","meta":{"_acf_changed":false,"site-sidebar-layout":"no-sidebar","site-content-layout":"","ast-site-content-layout":"full-width-container","site-content-style":"default","site-sidebar-style":"default","ast-global-header-display":"","ast-banner-title-visibility":"","ast-main-header-display":"","ast-hfb-above-header-display":"","ast-hfb-below-header-display":"","ast-hfb-mobile-header-display":"","site-post-title":"disabled","ast-breadcrumbs-content":"","ast-featured-img":"disabled","footer-sml-layout":"","theme-transparent-header-meta":"","adv-header-id-meta":"","stick-header-meta":"","header-above-stick-meta":"","header-main-stick-meta":"","header-below-stick-meta":"","astra-migrate-meta-layouts":"default","ast-page-background-enabled":"default","ast-page-background-meta":{"desktop":{"background-color":"var(--ast-global-color-4)","background-image":"","background-repeat":"repeat","background-position":"center center","background-size":"auto","background-attachment":"scroll","background-type":"","background-media":"","overlay-type":"","overlay-color":"","overlay-opacity":"","overlay-gradient":""},"tablet":{"background-color":"","background-image":"","background-repeat":"repeat","background-position":"center center","background-size":"auto","background-attachment":"scroll","background-type":"","background-media":"","overlay-type":"","overlay-color":"","overlay-opacity":"","overlay-gradient":""},"mobile":{"background-color":"","background-image":"","background-repeat":"repeat","background-position":"center center","background-size":"auto","background-attachment":"scroll","background-type":"","background-media":"","overlay-type":"","overlay-color":"","overlay-opacity":"","overlay-gradient":""}},"ast-content-background-meta":{"desktop":{"background-color":"var(--ast-global-color-5)","background-image":"","background-repeat":"repeat","background-position":"center center","background-size":"auto","background-attachment":"scroll","background-type":"","background-media":"","overlay-type":"","overlay-color":"","overlay-opacity":"","overlay-gradient":""},"tablet":{"background-color":"var(--ast-global-color-5)","background-image":"","background-repeat":"repeat","background-position":"center center","background-size":"auto","background-attachment":"scroll","background-type":"","background-media":"","overlay-type":"","overlay-color":"","overlay-opacity":"","overlay-gradient":""},"mobile":{"background-color":"var(--ast-global-color-5)","background-image":"","background-repeat":"repeat","background-position":"center center","background-size":"auto","background-attachment":"scroll","background-type":"","background-media":"","overlay-type":"","overlay-color":"","overlay-opacity":"","overlay-gradient":""}},"footnotes":""},"class_list":["post-1480","page","type-page","status-publish","hentry"],"acf":[],"yoast_head":"<!-- This site is optimized with the Yoast SEO plugin v24.2 - https:\/\/yoast.com\/wordpress\/plugins\/seo\/ -->\n<title>Collectivit\u00e9s locales et entreprises - Fanny Farges-Dujardin et Hanna Dahmane notaires Rouen<\/title>\n<meta name=\"robots\" content=\"noindex, follow, max-snippet:-1, max-image-preview:large, max-video-preview:-1\" \/>\n<meta property=\"og:locale\" content=\"fr_FR\" \/>\n<meta property=\"og:type\" content=\"article\" \/>\n<meta property=\"og:title\" content=\"Collectivit\u00e9s locales et entreprises - Fanny Farges-Dujardin et Hanna Dahmane notaires Rouen\" \/>\n<meta property=\"og:description\" content=\"Une des vocations premi\u00e8res de l&rsquo;\u00e9tude de Me Fanny Farges-Dujardin et de Me Hanna Dahmane, notaires \u00e0\u00a0Rouen\u00a0est l&rsquo;accompagnement des collectivit\u00e9s [&hellip;]\" \/>\n<meta property=\"og:url\" content=\"http:\/\/51.68.119.59\/Floreane\/FagesDujardinDahman\/index.php\/collectivites-locales-et-entreprises\/\" \/>\n<meta property=\"og:site_name\" content=\"Fanny Farges-Dujardin et Hanna Dahmane notaires Rouen\" \/>\n<meta property=\"article:publisher\" content=\"https:\/\/www.facebook.com\/p\/F-Farges-Dujardin-et-JP-Assaud-Notaires-associs--Rouen-100066520373687\/?_rdr\" \/>\n<meta property=\"article:modified_time\" content=\"2024-12-18T15:23:03+00:00\" \/>\n<meta property=\"og:image\" content=\"http:\/\/51.68.119.59\/Floreane\/FagesDujardinDahman\/wp-content\/uploads\/2024\/12\/IMG151a4-944x1024.jpeg\" \/>\n<meta name=\"twitter:card\" content=\"summary_large_image\" \/>\n<meta name=\"twitter:label1\" content=\"Dur\u00e9e de lecture estim\u00e9e\" \/>\n\t<meta name=\"twitter:data1\" content=\"3 minutes\" \/>\n<script type=\"application\/ld+json\" class=\"yoast-schema-graph\">{\"@context\":\"https:\/\/schema.org\",\"@graph\":[{\"@type\":\"WebPage\",\"@id\":\"http:\/\/51.68.119.59\/Floreane\/FagesDujardinDahman\/index.php\/collectivites-locales-et-entreprises\/\",\"url\":\"http:\/\/51.68.119.59\/Floreane\/FagesDujardinDahman\/index.php\/collectivites-locales-et-entreprises\/\",\"name\":\"Collectivit\u00e9s locales et entreprises - Fanny Farges-Dujardin et Hanna Dahmane notaires Rouen\",\"isPartOf\":{\"@id\":\"http:\/\/51.68.119.59\/Floreane\/FagesDujardinDahman\/#website\"},\"primaryImageOfPage\":{\"@id\":\"http:\/\/51.68.119.59\/Floreane\/FagesDujardinDahman\/index.php\/collectivites-locales-et-entreprises\/#primaryimage\"},\"image\":{\"@id\":\"http:\/\/51.68.119.59\/Floreane\/FagesDujardinDahman\/index.php\/collectivites-locales-et-entreprises\/#primaryimage\"},\"thumbnailUrl\":\"http:\/\/51.68.119.59\/Floreane\/FagesDujardinDahman\/wp-content\/uploads\/2024\/12\/IMG151a4-944x1024.jpeg\",\"datePublished\":\"2024-12-18T15:11:30+00:00\",\"dateModified\":\"2024-12-18T15:23:03+00:00\",\"breadcrumb\":{\"@id\":\"http:\/\/51.68.119.59\/Floreane\/FagesDujardinDahman\/index.php\/collectivites-locales-et-entreprises\/#breadcrumb\"},\"inLanguage\":\"fr-FR\",\"potentialAction\":[{\"@type\":\"ReadAction\",\"target\":[\"http:\/\/51.68.119.59\/Floreane\/FagesDujardinDahman\/index.php\/collectivites-locales-et-entreprises\/\"]}]},{\"@type\":\"ImageObject\",\"inLanguage\":\"fr-FR\",\"@id\":\"http:\/\/51.68.119.59\/Floreane\/FagesDujardinDahman\/index.php\/collectivites-locales-et-entreprises\/#primaryimage\",\"url\":\"http:\/\/51.68.119.59\/Floreane\/FagesDujardinDahman\/wp-content\/uploads\/2024\/12\/IMG151a4.jpeg\",\"contentUrl\":\"http:\/\/51.68.119.59\/Floreane\/FagesDujardinDahman\/wp-content\/uploads\/2024\/12\/IMG151a4.jpeg\",\"width\":1600,\"height\":1735},{\"@type\":\"BreadcrumbList\",\"@id\":\"http:\/\/51.68.119.59\/Floreane\/FagesDujardinDahman\/index.php\/collectivites-locales-et-entreprises\/#breadcrumb\",\"itemListElement\":[{\"@type\":\"ListItem\",\"position\":1,\"name\":\"Accueil\",\"item\":\"http:\/\/51.68.119.59\/Floreane\/FagesDujardinDahman\/\"},{\"@type\":\"ListItem\",\"position\":2,\"name\":\"Collectivit\u00e9s locales et entreprises\"}]},{\"@type\":\"WebSite\",\"@id\":\"http:\/\/51.68.119.59\/Floreane\/FagesDujardinDahman\/#website\",\"url\":\"http:\/\/51.68.119.59\/Floreane\/FagesDujardinDahman\/\",\"name\":\"Fanny Farges-Dujardin et Hanna Dahmane notaires \u00e0 Rouen\",\"description\":\"\",\"publisher\":{\"@id\":\"http:\/\/51.68.119.59\/Floreane\/FagesDujardinDahman\/#organization\"},\"potentialAction\":[{\"@type\":\"SearchAction\",\"target\":{\"@type\":\"EntryPoint\",\"urlTemplate\":\"http:\/\/51.68.119.59\/Floreane\/FagesDujardinDahman\/?s={search_term_string}\"},\"query-input\":{\"@type\":\"PropertyValueSpecification\",\"valueRequired\":true,\"valueName\":\"search_term_string\"}}],\"inLanguage\":\"fr-FR\"},{\"@type\":\"Organization\",\"@id\":\"http:\/\/51.68.119.59\/Floreane\/FagesDujardinDahman\/#organization\",\"name\":\"SCP Fanny Farges-Dujardin et Hanna Dahmane\",\"url\":\"http:\/\/51.68.119.59\/Floreane\/FagesDujardinDahman\/\",\"logo\":{\"@type\":\"ImageObject\",\"inLanguage\":\"fr-FR\",\"@id\":\"http:\/\/51.68.119.59\/Floreane\/FagesDujardinDahman\/#\/schema\/logo\/image\/\",\"url\":\"http:\/\/51.68.119.59\/Floreane\/FagesDujardinDahman\/wp-content\/uploads\/2024\/12\/logo-paysage-1.png\",\"contentUrl\":\"http:\/\/51.68.119.59\/Floreane\/FagesDujardinDahman\/wp-content\/uploads\/2024\/12\/logo-paysage-1.png\",\"width\":2590,\"height\":869,\"caption\":\"SCP Fanny Farges-Dujardin et Hanna Dahmane\"},\"image\":{\"@id\":\"http:\/\/51.68.119.59\/Floreane\/FagesDujardinDahman\/#\/schema\/logo\/image\/\"},\"sameAs\":[\"https:\/\/www.facebook.com\/p\/F-Farges-Dujardin-et-JP-Assaud-Notaires-associs--Rouen-100066520373687\/?_rdr\",\"https:\/\/www.instagram.com\/notaires_fargesdujardindahmane\/\"]}]}<\/script>\n<!-- \/ Yoast SEO plugin. -->","yoast_head_json":{"title":"Collectivit\u00e9s locales et entreprises - Fanny Farges-Dujardin et Hanna Dahmane notaires Rouen","robots":{"index":"noindex","follow":"follow","max-snippet":"max-snippet:-1","max-image-preview":"max-image-preview:large","max-video-preview":"max-video-preview:-1"},"og_locale":"fr_FR","og_type":"article","og_title":"Collectivit\u00e9s locales et entreprises - Fanny Farges-Dujardin et Hanna Dahmane notaires Rouen","og_description":"Une des vocations premi\u00e8res de l&rsquo;\u00e9tude de Me Fanny Farges-Dujardin et de Me Hanna Dahmane, notaires \u00e0\u00a0Rouen\u00a0est l&rsquo;accompagnement des collectivit\u00e9s [&hellip;]","og_url":"http:\/\/51.68.119.59\/Floreane\/FagesDujardinDahman\/index.php\/collectivites-locales-et-entreprises\/","og_site_name":"Fanny Farges-Dujardin et Hanna Dahmane notaires Rouen","article_publisher":"https:\/\/www.facebook.com\/p\/F-Farges-Dujardin-et-JP-Assaud-Notaires-associs--Rouen-100066520373687\/?_rdr","article_modified_time":"2024-12-18T15:23:03+00:00","og_image":[{"url":"http:\/\/51.68.119.59\/Floreane\/FagesDujardinDahman\/wp-content\/uploads\/2024\/12\/IMG151a4-944x1024.jpeg","type":"","width":"","height":""}],"twitter_card":"summary_large_image","twitter_misc":{"Dur\u00e9e de lecture estim\u00e9e":"3 minutes"},"schema":{"@context":"https:\/\/schema.org","@graph":[{"@type":"WebPage","@id":"http:\/\/51.68.119.59\/Floreane\/FagesDujardinDahman\/index.php\/collectivites-locales-et-entreprises\/","url":"http:\/\/51.68.119.59\/Floreane\/FagesDujardinDahman\/index.php\/collectivites-locales-et-entreprises\/","name":"Collectivit\u00e9s locales et entreprises - Fanny Farges-Dujardin et Hanna Dahmane notaires Rouen","isPartOf":{"@id":"http:\/\/51.68.119.59\/Floreane\/FagesDujardinDahman\/#website"},"primaryImageOfPage":{"@id":"http:\/\/51.68.119.59\/Floreane\/FagesDujardinDahman\/index.php\/collectivites-locales-et-entreprises\/#primaryimage"},"image":{"@id":"http:\/\/51.68.119.59\/Floreane\/FagesDujardinDahman\/index.php\/collectivites-locales-et-entreprises\/#primaryimage"},"thumbnailUrl":"http:\/\/51.68.119.59\/Floreane\/FagesDujardinDahman\/wp-content\/uploads\/2024\/12\/IMG151a4-944x1024.jpeg","datePublished":"2024-12-18T15:11:30+00:00","dateModified":"2024-12-18T15:23:03+00:00","breadcrumb":{"@id":"http:\/\/51.68.119.59\/Floreane\/FagesDujardinDahman\/index.php\/collectivites-locales-et-entreprises\/#breadcrumb"},"inLanguage":"fr-FR","potentialAction":[{"@type":"ReadAction","target":["http:\/\/51.68.119.59\/Floreane\/FagesDujardinDahman\/index.php\/collectivites-locales-et-entreprises\/"]}]},{"@type":"ImageObject","inLanguage":"fr-FR","@id":"http:\/\/51.68.119.59\/Floreane\/FagesDujardinDahman\/index.php\/collectivites-locales-et-entreprises\/#primaryimage","url":"http:\/\/51.68.119.59\/Floreane\/FagesDujardinDahman\/wp-content\/uploads\/2024\/12\/IMG151a4.jpeg","contentUrl":"http:\/\/51.68.119.59\/Floreane\/FagesDujardinDahman\/wp-content\/uploads\/2024\/12\/IMG151a4.jpeg","width":1600,"height":1735},{"@type":"BreadcrumbList","@id":"http:\/\/51.68.119.59\/Floreane\/FagesDujardinDahman\/index.php\/collectivites-locales-et-entreprises\/#breadcrumb","itemListElement":[{"@type":"ListItem","position":1,"name":"Accueil","item":"http:\/\/51.68.119.59\/Floreane\/FagesDujardinDahman\/"},{"@type":"ListItem","position":2,"name":"Collectivit\u00e9s locales et entreprises"}]},{"@type":"WebSite","@id":"http:\/\/51.68.119.59\/Floreane\/FagesDujardinDahman\/#website","url":"http:\/\/51.68.119.59\/Floreane\/FagesDujardinDahman\/","name":"Fanny Farges-Dujardin et Hanna Dahmane notaires \u00e0 Rouen","description":"","publisher":{"@id":"http:\/\/51.68.119.59\/Floreane\/FagesDujardinDahman\/#organization"},"potentialAction":[{"@type":"SearchAction","target":{"@type":"EntryPoint","urlTemplate":"http:\/\/51.68.119.59\/Floreane\/FagesDujardinDahman\/?s={search_term_string}"},"query-input":{"@type":"PropertyValueSpecification","valueRequired":true,"valueName":"search_term_string"}}],"inLanguage":"fr-FR"},{"@type":"Organization","@id":"http:\/\/51.68.119.59\/Floreane\/FagesDujardinDahman\/#organization","name":"SCP Fanny Farges-Dujardin et Hanna Dahmane","url":"http:\/\/51.68.119.59\/Floreane\/FagesDujardinDahman\/","logo":{"@type":"ImageObject","inLanguage":"fr-FR","@id":"http:\/\/51.68.119.59\/Floreane\/FagesDujardinDahman\/#\/schema\/logo\/image\/","url":"http:\/\/51.68.119.59\/Floreane\/FagesDujardinDahman\/wp-content\/uploads\/2024\/12\/logo-paysage-1.png","contentUrl":"http:\/\/51.68.119.59\/Floreane\/FagesDujardinDahman\/wp-content\/uploads\/2024\/12\/logo-paysage-1.png","width":2590,"height":869,"caption":"SCP Fanny Farges-Dujardin et Hanna Dahmane"},"image":{"@id":"http:\/\/51.68.119.59\/Floreane\/FagesDujardinDahman\/#\/schema\/logo\/image\/"},"sameAs":["https:\/\/www.facebook.com\/p\/F-Farges-Dujardin-et-JP-Assaud-Notaires-associs--Rouen-100066520373687\/?_rdr","https:\/\/www.instagram.com\/notaires_fargesdujardindahmane\/"]}]}},"_links":{"self":[{"href":"http:\/\/51.68.119.59\/Floreane\/FagesDujardinDahman\/index.php\/wp-json\/wp\/v2\/pages\/1480","targetHints":{"allow":["GET"]}}],"collection":[{"href":"http:\/\/51.68.119.59\/Floreane\/FagesDujardinDahman\/index.php\/wp-json\/wp\/v2\/pages"}],"about":[{"href":"http:\/\/51.68.119.59\/Floreane\/FagesDujardinDahman\/index.php\/wp-json\/wp\/v2\/types\/page"}],"author":[{"embeddable":true,"href":"http:\/\/51.68.119.59\/Floreane\/FagesDujardinDahman\/index.php\/wp-json\/wp\/v2\/users\/1"}],"replies":[{"embeddable":true,"href":"http:\/\/51.68.119.59\/Floreane\/FagesDujardinDahman\/index.php\/wp-json\/wp\/v2\/comments?post=1480"}],"version-history":[{"count":9,"href":"http:\/\/51.68.119.59\/Floreane\/FagesDujardinDahman\/index.php\/wp-json\/wp\/v2\/pages\/1480\/revisions"}],"predecessor-version":[{"id":1498,"href":"http:\/\/51.68.119.59\/Floreane\/FagesDujardinDahman\/index.php\/wp-json\/wp\/v2\/pages\/1480\/revisions\/1498"}],"wp:attachment":[{"href":"http:\/\/51.68.119.59\/Floreane\/FagesDujardinDahman\/index.php\/wp-json\/wp\/v2\/media?parent=1480"}],"curies":[{"name":"wp","href":"https:\/\/api.w.org\/{rel}","templated":true}]}}