{"id":399,"date":"2024-12-10T11:29:48","date_gmt":"2024-12-10T10:29:48","guid":{"rendered":"http:\/\/51.68.119.59\/Floreane\/FagesDujardinDahman\/?page_id=399"},"modified":"2024-12-18T14:09:29","modified_gmt":"2024-12-18T13:09:29","slug":"modalites-de-paiement","status":"publish","type":"page","link":"http:\/\/51.68.119.59\/Floreane\/FagesDujardinDahman\/index.php\/modalites-de-paiement\/","title":{"rendered":"Modalit\u00e9s de paiement"},"content":{"rendered":"\t\t<div data-elementor-type=\"wp-page\" data-elementor-id=\"399\" class=\"elementor elementor-399\" data-elementor-post-type=\"page\">\n\t\t\t\t<div class=\"elementor-element elementor-element-c78bc5b e-flex e-con-boxed e-con e-parent\" data-id=\"c78bc5b\" data-element_type=\"container\">\n\t\t\t\t\t<div class=\"e-con-inner\">\n\t\t<div class=\"elementor-element elementor-element-69be355 e-con-full e-flex e-con e-child\" data-id=\"69be355\" data-element_type=\"container\">\n\t\t\t\t<\/div>\n\t\t\t\t<div class=\"elementor-element elementor-element-376b452 elementor-widget elementor-widget-text-editor\" data-id=\"376b452\" data-element_type=\"widget\" data-widget_type=\"text-editor.default\">\n\t\t\t\t<div class=\"elementor-widget-container\">\n\t\t\t\t\t\t\t\t\t<p>Tous les paiements, d\u2019un montant sup\u00e9rieur \u00e0 un plafond d\u00e9termin\u00e9 par d\u00e9cret, qui sont re\u00e7us ou \u00e9mis par un notaire doivent \u00eatre r\u00e9alis\u00e9s par virement bancaire.<\/p><p>Cette mesure s\u2019applique dans toutes les \u00e9tudes notariales de France depuis le 1er avril 2013 (sauf cas particuliers : Nouvelle Cal\u00e9donie et Wallis et Futuna).<\/p><p>Depuis le 1er janvier 2015, ce montant est de 3.000 euros (il \u00e9tait de 10.000 \u20ac du 1er avril 2013 au 31 d\u00e9cembre 2014). Le seuil est fonction du montant total de la prestation vis\u00e9e, quel que soit le nombre de versements.<\/p>\t\t\t\t\t\t\t\t<\/div>\n\t\t\t\t<\/div>\n\t\t\t\t<div class=\"elementor-element elementor-element-296977a elementor-widget elementor-widget-heading\" data-id=\"296977a\" data-element_type=\"widget\" data-widget_type=\"heading.default\">\n\t\t\t\t<div class=\"elementor-widget-container\">\n\t\t\t\t\t<h3 class=\"elementor-heading-title elementor-size-default\">Quels sont les textes l\u00e9gaux applicables ?<\/h3>\t\t\t\t<\/div>\n\t\t\t\t<\/div>\n\t\t\t\t<div class=\"elementor-element elementor-element-7d46884 elementor-widget elementor-widget-text-editor\" data-id=\"7d46884\" data-element_type=\"widget\" data-widget_type=\"text-editor.default\">\n\t\t\t\t<div class=\"elementor-widget-container\">\n\t\t\t\t\t\t\t\t\t<p>L\u2019article 112-6-1 du Code mon\u00e9taire et financier\u00a0pr\u00e9voit que tout paiement effectu\u00e9 ou re\u00e7u par un notaire pour le compte d\u2019une partie \u00e0 un acte \u00e9tabli en la forme\u00a0authentique\u00a0(acte notari\u00e9) et destin\u00e9 \u00e0 \u00eatre publi\u00e9 au service charg\u00e9 de publicit\u00e9 fonci\u00e8re (anciennement appel\u00e9 Conservation des Hypoth\u00e8ques), doit \u00eatre assur\u00e9 par virement bancaire.<br \/>\u2028Le\u00a0d\u00e9cret du 20 mars 2013 (publi\u00e9 au Journal Officiel du 22 mars 2013)\u00a0pr\u00e9cise les modalit\u00e9s d\u2019application de cet article : seuils, actes vis\u00e9s, sanctions\u2026<\/p>\t\t\t\t\t\t\t\t<\/div>\n\t\t\t\t<\/div>\n\t\t\t\t<div class=\"elementor-element elementor-element-8cb1a37 elementor-widget elementor-widget-heading\" data-id=\"8cb1a37\" data-element_type=\"widget\" data-widget_type=\"heading.default\">\n\t\t\t\t<div class=\"elementor-widget-container\">\n\t\t\t\t\t<h3 class=\"elementor-heading-title elementor-size-default\">Quels sont les actes vis\u00e9s ?<\/h3>\t\t\t\t<\/div>\n\t\t\t\t<\/div>\n\t\t\t\t<div class=\"elementor-element elementor-element-9447a31 elementor-widget elementor-widget-text-editor\" data-id=\"9447a31\" data-element_type=\"widget\" data-widget_type=\"text-editor.default\">\n\t\t\t\t<div class=\"elementor-widget-container\">\n\t\t\t\t\t\t\t\t\t<p>Cette\u00a0obligation\u00a0s\u2019applique \u00e0 tous les actes destin\u00e9s \u00e0 \u00eatre publi\u00e9s aupr\u00e8s du Service charg\u00e9 de publicit\u00e9 fonci\u00e8re. Il s\u2019agit notamment des actes notari\u00e9s suivants :<br \/>\u2028\u2022 les ventes immobili\u00e8res (de maisons, d\u2019appartements, de terrains\u2026) et les actes pr\u00e9paratoires ;\u2028\u2022 les attestations de propri\u00e9t\u00e9 \u00e9tablies lors des successions ;\u2028\u2022 les donations de biens immobiliers (donations simples, donations-partages, donations avec r\u00e9serve d\u2019usufruit\u2026) ;\u2028\u2022 l\u2019\u00e9tablissement ou la modification des r\u00e8glements de copropri\u00e9t\u00e9 ou des cahiers des charges \u00e9tablis lors de la cr\u00e9ation de lotissements\u2026<\/p>\t\t\t\t\t\t\t\t<\/div>\n\t\t\t\t<\/div>\n\t\t\t\t<div class=\"elementor-element elementor-element-3cef054 elementor-widget elementor-widget-heading\" data-id=\"3cef054\" data-element_type=\"widget\" data-widget_type=\"heading.default\">\n\t\t\t\t<div class=\"elementor-widget-container\">\n\t\t\t\t\t<h3 class=\"elementor-heading-title elementor-size-default\">Quel est l\u2019objectif de cette r\u00e8gle ?<\/h3>\t\t\t\t<\/div>\n\t\t\t\t<\/div>\n\t\t\t\t<div class=\"elementor-element elementor-element-dbafce0 elementor-widget elementor-widget-text-editor\" data-id=\"dbafce0\" data-element_type=\"widget\" data-widget_type=\"text-editor.default\">\n\t\t\t\t<div class=\"elementor-widget-container\">\n\t\t\t\t\t\t\t\t\t<p>Cette nouvelle r\u00e8gle participe \u00e0 la modernisation, \u00e0 la s\u00e9curisation et \u00e0 la d\u00e9mat\u00e9rialisation des \u00e9changes entre les professionnels (banques, notaires\u2026), les pouvoirs publics et les particuliers.<\/p><p><strong>Remarque :<\/strong><br \/>A compter du 1er septembre 2015, les personnes domicili\u00e9es en France ou agissant pour les besoins de leur profession ne pourront plus r\u00e9gler en esp\u00e8ces des sommes exc\u00e9dant 1 000 \u20ac,\u2028(3 000 \u20ac jusqu\u2019alors).<\/p>\t\t\t\t\t\t\t\t<\/div>\n\t\t\t\t<\/div>\n\t\t\t\t<div class=\"elementor-element elementor-element-fba04f6 elementor-widget elementor-widget-text-editor\" data-id=\"fba04f6\" data-element_type=\"widget\" data-widget_type=\"text-editor.default\">\n\t\t\t\t<div class=\"elementor-widget-container\">\n\t\t\t\t\t\t\t\t\t<p><em><strong>source :<\/strong> <a href=\"https:\/\/paris.notaires.fr\/fr\/actualites\/le-virement-bancaire-obligatoire-dans-les-etudes-notariales-au-dela-de-3000-euros\">https:\/\/paris.notaires.fr\/fr\/actualites\/le-virement-bancaire-obligatoire-dans-les-etudes-notariales-au-dela-de-3000-euros<\/a><\/em><\/p>\t\t\t\t\t\t\t\t<\/div>\n\t\t\t\t<\/div>\n\t\t\t\t\t<\/div>\n\t\t\t\t<\/div>\n\t\t\t\t<\/div>\n\t\t","protected":false},"excerpt":{"rendered":"<p>Tous les paiements, d\u2019un montant sup\u00e9rieur \u00e0 un plafond d\u00e9termin\u00e9 par d\u00e9cret, qui sont re\u00e7us ou \u00e9mis par un notaire [&hellip;]<\/p>\n","protected":false},"author":1,"featured_media":0,"parent":0,"menu_order":0,"comment_status":"closed","ping_status":"closed","template":"","meta":{"_acf_changed":false,"site-sidebar-layout":"no-sidebar","site-content-layout":"","ast-site-content-layout":"full-width-container","site-content-style":"default","site-sidebar-style":"default","ast-global-header-display":"","ast-banner-title-visibility":"","ast-main-header-display":"","ast-hfb-above-header-display":"","ast-hfb-below-header-display":"","ast-hfb-mobile-header-display":"","site-post-title":"disabled","ast-breadcrumbs-content":"","ast-featured-img":"disabled","footer-sml-layout":"","theme-transparent-header-meta":"","adv-header-id-meta":"","stick-header-meta":"","header-above-stick-meta":"","header-main-stick-meta":"","header-below-stick-meta":"","astra-migrate-meta-layouts":"default","ast-page-background-enabled":"default","ast-page-background-meta":{"desktop":{"background-color":"var(--ast-global-color-4)","background-image":"","background-repeat":"repeat","background-position":"center center","background-size":"auto","background-attachment":"scroll","background-type":"","background-media":"","overlay-type":"","overlay-color":"","overlay-opacity":"","overlay-gradient":""},"tablet":{"background-color":"","background-image":"","background-repeat":"repeat","background-position":"center center","background-size":"auto","background-attachment":"scroll","background-type":"","background-media":"","overlay-type":"","overlay-color":"","overlay-opacity":"","overlay-gradient":""},"mobile":{"background-color":"","background-image":"","background-repeat":"repeat","background-position":"center center","background-size":"auto","background-attachment":"scroll","background-type":"","background-media":"","overlay-type":"","overlay-color":"","overlay-opacity":"","overlay-gradient":""}},"ast-content-background-meta":{"desktop":{"background-color":"var(--ast-global-color-5)","background-image":"","background-repeat":"repeat","background-position":"center center","background-size":"auto","background-attachment":"scroll","background-type":"","background-media":"","overlay-type":"","overlay-color":"","overlay-opacity":"","overlay-gradient":""},"tablet":{"background-color":"var(--ast-global-color-5)","background-image":"","background-repeat":"repeat","background-position":"center center","background-size":"auto","background-attachment":"scroll","background-type":"","background-media":"","overlay-type":"","overlay-color":"","overlay-opacity":"","overlay-gradient":""},"mobile":{"background-color":"var(--ast-global-color-5)","background-image":"","background-repeat":"repeat","background-position":"center center","background-size":"auto","background-attachment":"scroll","background-type":"","background-media":"","overlay-type":"","overlay-color":"","overlay-opacity":"","overlay-gradient":""}},"footnotes":""},"class_list":["post-399","page","type-page","status-publish","hentry"],"acf":[],"yoast_head":"<!-- This site is optimized with the Yoast SEO plugin v24.2 - https:\/\/yoast.com\/wordpress\/plugins\/seo\/ -->\n<title>Modalit\u00e9s de paiement - Fanny Farges-Dujardin et Hanna Dahmane notaires Rouen<\/title>\n<meta name=\"robots\" content=\"noindex, follow, max-snippet:-1, max-image-preview:large, max-video-preview:-1\" \/>\n<meta property=\"og:locale\" content=\"fr_FR\" \/>\n<meta property=\"og:type\" content=\"article\" \/>\n<meta property=\"og:title\" content=\"Modalit\u00e9s de paiement - Fanny Farges-Dujardin et Hanna Dahmane notaires Rouen\" \/>\n<meta property=\"og:description\" content=\"Tous les paiements, d\u2019un montant sup\u00e9rieur \u00e0 un plafond d\u00e9termin\u00e9 par d\u00e9cret, qui sont re\u00e7us ou \u00e9mis par un notaire [&hellip;]\" \/>\n<meta property=\"og:url\" content=\"http:\/\/51.68.119.59\/Floreane\/FagesDujardinDahman\/index.php\/modalites-de-paiement\/\" \/>\n<meta property=\"og:site_name\" content=\"Fanny Farges-Dujardin et Hanna Dahmane notaires Rouen\" \/>\n<meta property=\"article:publisher\" content=\"https:\/\/www.facebook.com\/p\/F-Farges-Dujardin-et-JP-Assaud-Notaires-associs--Rouen-100066520373687\/?_rdr\" \/>\n<meta property=\"article:modified_time\" content=\"2024-12-18T13:09:29+00:00\" \/>\n<meta name=\"twitter:card\" content=\"summary_large_image\" \/>\n<meta name=\"twitter:label1\" content=\"Dur\u00e9e de lecture estim\u00e9e\" \/>\n\t<meta name=\"twitter:data1\" content=\"2 minutes\" \/>\n<script type=\"application\/ld+json\" class=\"yoast-schema-graph\">{\"@context\":\"https:\/\/schema.org\",\"@graph\":[{\"@type\":\"WebPage\",\"@id\":\"http:\/\/51.68.119.59\/Floreane\/FagesDujardinDahman\/index.php\/modalites-de-paiement\/\",\"url\":\"http:\/\/51.68.119.59\/Floreane\/FagesDujardinDahman\/index.php\/modalites-de-paiement\/\",\"name\":\"Modalit\u00e9s de paiement - Fanny Farges-Dujardin et Hanna Dahmane notaires Rouen\",\"isPartOf\":{\"@id\":\"http:\/\/51.68.119.59\/Floreane\/FagesDujardinDahman\/#website\"},\"datePublished\":\"2024-12-10T10:29:48+00:00\",\"dateModified\":\"2024-12-18T13:09:29+00:00\",\"breadcrumb\":{\"@id\":\"http:\/\/51.68.119.59\/Floreane\/FagesDujardinDahman\/index.php\/modalites-de-paiement\/#breadcrumb\"},\"inLanguage\":\"fr-FR\",\"potentialAction\":[{\"@type\":\"ReadAction\",\"target\":[\"http:\/\/51.68.119.59\/Floreane\/FagesDujardinDahman\/index.php\/modalites-de-paiement\/\"]}]},{\"@type\":\"BreadcrumbList\",\"@id\":\"http:\/\/51.68.119.59\/Floreane\/FagesDujardinDahman\/index.php\/modalites-de-paiement\/#breadcrumb\",\"itemListElement\":[{\"@type\":\"ListItem\",\"position\":1,\"name\":\"Accueil\",\"item\":\"http:\/\/51.68.119.59\/Floreane\/FagesDujardinDahman\/\"},{\"@type\":\"ListItem\",\"position\":2,\"name\":\"Modalit\u00e9s de paiement\"}]},{\"@type\":\"WebSite\",\"@id\":\"http:\/\/51.68.119.59\/Floreane\/FagesDujardinDahman\/#website\",\"url\":\"http:\/\/51.68.119.59\/Floreane\/FagesDujardinDahman\/\",\"name\":\"Fanny Farges-Dujardin et Hanna Dahmane notaires \u00e0 Rouen\",\"description\":\"\",\"publisher\":{\"@id\":\"http:\/\/51.68.119.59\/Floreane\/FagesDujardinDahman\/#organization\"},\"potentialAction\":[{\"@type\":\"SearchAction\",\"target\":{\"@type\":\"EntryPoint\",\"urlTemplate\":\"http:\/\/51.68.119.59\/Floreane\/FagesDujardinDahman\/?s={search_term_string}\"},\"query-input\":{\"@type\":\"PropertyValueSpecification\",\"valueRequired\":true,\"valueName\":\"search_term_string\"}}],\"inLanguage\":\"fr-FR\"},{\"@type\":\"Organization\",\"@id\":\"http:\/\/51.68.119.59\/Floreane\/FagesDujardinDahman\/#organization\",\"name\":\"SCP Fanny Farges-Dujardin et Hanna Dahmane\",\"url\":\"http:\/\/51.68.119.59\/Floreane\/FagesDujardinDahman\/\",\"logo\":{\"@type\":\"ImageObject\",\"inLanguage\":\"fr-FR\",\"@id\":\"http:\/\/51.68.119.59\/Floreane\/FagesDujardinDahman\/#\/schema\/logo\/image\/\",\"url\":\"http:\/\/51.68.119.59\/Floreane\/FagesDujardinDahman\/wp-content\/uploads\/2024\/12\/logo-paysage-1.png\",\"contentUrl\":\"http:\/\/51.68.119.59\/Floreane\/FagesDujardinDahman\/wp-content\/uploads\/2024\/12\/logo-paysage-1.png\",\"width\":2590,\"height\":869,\"caption\":\"SCP Fanny Farges-Dujardin et Hanna Dahmane\"},\"image\":{\"@id\":\"http:\/\/51.68.119.59\/Floreane\/FagesDujardinDahman\/#\/schema\/logo\/image\/\"},\"sameAs\":[\"https:\/\/www.facebook.com\/p\/F-Farges-Dujardin-et-JP-Assaud-Notaires-associs--Rouen-100066520373687\/?_rdr\",\"https:\/\/www.instagram.com\/notaires_fargesdujardindahmane\/\"]}]}<\/script>\n<!-- \/ Yoast SEO plugin. -->","yoast_head_json":{"title":"Modalit\u00e9s de paiement - Fanny Farges-Dujardin et Hanna Dahmane notaires Rouen","robots":{"index":"noindex","follow":"follow","max-snippet":"max-snippet:-1","max-image-preview":"max-image-preview:large","max-video-preview":"max-video-preview:-1"},"og_locale":"fr_FR","og_type":"article","og_title":"Modalit\u00e9s de paiement - Fanny Farges-Dujardin et Hanna Dahmane notaires Rouen","og_description":"Tous les paiements, d\u2019un montant sup\u00e9rieur \u00e0 un plafond d\u00e9termin\u00e9 par d\u00e9cret, qui sont re\u00e7us ou \u00e9mis par un notaire [&hellip;]","og_url":"http:\/\/51.68.119.59\/Floreane\/FagesDujardinDahman\/index.php\/modalites-de-paiement\/","og_site_name":"Fanny Farges-Dujardin et Hanna Dahmane notaires Rouen","article_publisher":"https:\/\/www.facebook.com\/p\/F-Farges-Dujardin-et-JP-Assaud-Notaires-associs--Rouen-100066520373687\/?_rdr","article_modified_time":"2024-12-18T13:09:29+00:00","twitter_card":"summary_large_image","twitter_misc":{"Dur\u00e9e de lecture estim\u00e9e":"2 minutes"},"schema":{"@context":"https:\/\/schema.org","@graph":[{"@type":"WebPage","@id":"http:\/\/51.68.119.59\/Floreane\/FagesDujardinDahman\/index.php\/modalites-de-paiement\/","url":"http:\/\/51.68.119.59\/Floreane\/FagesDujardinDahman\/index.php\/modalites-de-paiement\/","name":"Modalit\u00e9s de paiement - Fanny Farges-Dujardin et Hanna Dahmane notaires Rouen","isPartOf":{"@id":"http:\/\/51.68.119.59\/Floreane\/FagesDujardinDahman\/#website"},"datePublished":"2024-12-10T10:29:48+00:00","dateModified":"2024-12-18T13:09:29+00:00","breadcrumb":{"@id":"http:\/\/51.68.119.59\/Floreane\/FagesDujardinDahman\/index.php\/modalites-de-paiement\/#breadcrumb"},"inLanguage":"fr-FR","potentialAction":[{"@type":"ReadAction","target":["http:\/\/51.68.119.59\/Floreane\/FagesDujardinDahman\/index.php\/modalites-de-paiement\/"]}]},{"@type":"BreadcrumbList","@id":"http:\/\/51.68.119.59\/Floreane\/FagesDujardinDahman\/index.php\/modalites-de-paiement\/#breadcrumb","itemListElement":[{"@type":"ListItem","position":1,"name":"Accueil","item":"http:\/\/51.68.119.59\/Floreane\/FagesDujardinDahman\/"},{"@type":"ListItem","position":2,"name":"Modalit\u00e9s de paiement"}]},{"@type":"WebSite","@id":"http:\/\/51.68.119.59\/Floreane\/FagesDujardinDahman\/#website","url":"http:\/\/51.68.119.59\/Floreane\/FagesDujardinDahman\/","name":"Fanny Farges-Dujardin et Hanna Dahmane notaires \u00e0 Rouen","description":"","publisher":{"@id":"http:\/\/51.68.119.59\/Floreane\/FagesDujardinDahman\/#organization"},"potentialAction":[{"@type":"SearchAction","target":{"@type":"EntryPoint","urlTemplate":"http:\/\/51.68.119.59\/Floreane\/FagesDujardinDahman\/?s={search_term_string}"},"query-input":{"@type":"PropertyValueSpecification","valueRequired":true,"valueName":"search_term_string"}}],"inLanguage":"fr-FR"},{"@type":"Organization","@id":"http:\/\/51.68.119.59\/Floreane\/FagesDujardinDahman\/#organization","name":"SCP Fanny Farges-Dujardin et Hanna Dahmane","url":"http:\/\/51.68.119.59\/Floreane\/FagesDujardinDahman\/","logo":{"@type":"ImageObject","inLanguage":"fr-FR","@id":"http:\/\/51.68.119.59\/Floreane\/FagesDujardinDahman\/#\/schema\/logo\/image\/","url":"http:\/\/51.68.119.59\/Floreane\/FagesDujardinDahman\/wp-content\/uploads\/2024\/12\/logo-paysage-1.png","contentUrl":"http:\/\/51.68.119.59\/Floreane\/FagesDujardinDahman\/wp-content\/uploads\/2024\/12\/logo-paysage-1.png","width":2590,"height":869,"caption":"SCP Fanny Farges-Dujardin et Hanna Dahmane"},"image":{"@id":"http:\/\/51.68.119.59\/Floreane\/FagesDujardinDahman\/#\/schema\/logo\/image\/"},"sameAs":["https:\/\/www.facebook.com\/p\/F-Farges-Dujardin-et-JP-Assaud-Notaires-associs--Rouen-100066520373687\/?_rdr","https:\/\/www.instagram.com\/notaires_fargesdujardindahmane\/"]}]}},"_links":{"self":[{"href":"http:\/\/51.68.119.59\/Floreane\/FagesDujardinDahman\/index.php\/wp-json\/wp\/v2\/pages\/399","targetHints":{"allow":["GET"]}}],"collection":[{"href":"http:\/\/51.68.119.59\/Floreane\/FagesDujardinDahman\/index.php\/wp-json\/wp\/v2\/pages"}],"about":[{"href":"http:\/\/51.68.119.59\/Floreane\/FagesDujardinDahman\/index.php\/wp-json\/wp\/v2\/types\/page"}],"author":[{"embeddable":true,"href":"http:\/\/51.68.119.59\/Floreane\/FagesDujardinDahman\/index.php\/wp-json\/wp\/v2\/users\/1"}],"replies":[{"embeddable":true,"href":"http:\/\/51.68.119.59\/Floreane\/FagesDujardinDahman\/index.php\/wp-json\/wp\/v2\/comments?post=399"}],"version-history":[{"count":16,"href":"http:\/\/51.68.119.59\/Floreane\/FagesDujardinDahman\/index.php\/wp-json\/wp\/v2\/pages\/399\/revisions"}],"predecessor-version":[{"id":1449,"href":"http:\/\/51.68.119.59\/Floreane\/FagesDujardinDahman\/index.php\/wp-json\/wp\/v2\/pages\/399\/revisions\/1449"}],"wp:attachment":[{"href":"http:\/\/51.68.119.59\/Floreane\/FagesDujardinDahman\/index.php\/wp-json\/wp\/v2\/media?parent=399"}],"curies":[{"name":"wp","href":"https:\/\/api.w.org\/{rel}","templated":true}]}}