{"id":1818,"date":"2025-04-16T15:02:38","date_gmt":"2025-04-16T13:02:38","guid":{"rendered":"http:\/\/51.68.119.59\/JustineLefebvre\/les-creations-de-justine\/?page_id=1818"},"modified":"2025-04-16T15:05:30","modified_gmt":"2025-04-16T13:05:30","slug":"politique-de-remboursement","status":"publish","type":"page","link":"http:\/\/51.68.119.59\/JustineLefebvre\/les-creations-de-justine\/?page_id=1818","title":{"rendered":"politique de remboursement"},"content":{"rendered":"\t\t<div data-elementor-type=\"wp-page\" data-elementor-id=\"1818\" class=\"elementor elementor-1818\">\n\t\t\t\t<div class=\"elementor-element elementor-element-7b9c3ef e-flex e-con-boxed e-con e-parent\" data-id=\"7b9c3ef\" data-element_type=\"container\" data-settings=\"{&quot;background_background&quot;:&quot;classic&quot;}\">\n\t\t\t\t\t<div class=\"e-con-inner\">\n\t\t\t\t\t<\/div>\n\t\t\t\t<\/div>\n\t\t<div class=\"elementor-element elementor-element-15e579f e-flex e-con-boxed e-con e-parent\" data-id=\"15e579f\" data-element_type=\"container\">\n\t\t\t\t\t<div class=\"e-con-inner\">\n\t\t\t\t<div class=\"elementor-element elementor-element-653fe87 elementor-widget elementor-widget-heading\" data-id=\"653fe87\" data-element_type=\"widget\" data-widget_type=\"heading.default\">\n\t\t\t\t<div class=\"elementor-widget-container\">\n\t\t\t\t\t<h3 class=\"elementor-heading-title elementor-size-default\">POLITIQUE DE REMBOURSEMENT<\/h3>\t\t\t\t<\/div>\n\t\t\t\t<\/div>\n\t\t\t\t<div class=\"elementor-element elementor-element-2fbfb57 elementor-widget elementor-widget-text-editor\" data-id=\"2fbfb57\" data-element_type=\"widget\" data-widget_type=\"text-editor.default\">\n\t\t\t\t<div class=\"elementor-widget-container\">\n\t\t\t\t\t\t\t\t\t<p class=\"\" data-start=\"237\" data-end=\"375\">Chaque cr\u00e9ation est r\u00e9alis\u00e9e \u00e0 la main avec soin. Cependant, si un probl\u00e8me survient, voici les conditions de retour et de remboursement :<\/p><p class=\"\" data-start=\"377\" data-end=\"660\"><strong data-start=\"377\" data-end=\"399\">Demandes de retour<\/strong><br data-start=\"399\" data-end=\"402\" \/>Vous disposez d\u2019un d\u00e9lai de <strong data-start=\"430\" data-end=\"458\">14 jours apr\u00e8s r\u00e9ception<\/strong> de votre commande pour me contacter si vous souhaitez demander un retour ou un \u00e9change.<br data-start=\"546\" data-end=\"549\" \/>Merci d\u2019envoyer un e-mail \u00e0 <strong data-start=\"577\" data-end=\"599\">jstudia@outlook.fr<\/strong> avec votre num\u00e9ro de commande et la raison de votre demande.<\/p><p class=\"\" data-start=\"662\" data-end=\"695\"><strong data-start=\"662\" data-end=\"693\">Conditions de remboursement<\/strong><\/p><ul data-start=\"696\" data-end=\"943\"><li class=\"\" data-start=\"696\" data-end=\"810\"><p class=\"\" data-start=\"698\" data-end=\"810\">Les articles doivent \u00eatre retourn\u00e9s <strong data-start=\"734\" data-end=\"762\">dans leur \u00e9tat d\u2019origine<\/strong>, non utilis\u00e9s, dans leur emballage d\u2019origine.<\/p><\/li><\/ul><p class=\"\" data-start=\"945\" data-end=\"1094\"><strong data-start=\"945\" data-end=\"964\">Frais de retour<\/strong><br data-start=\"964\" data-end=\"967\" \/>Les frais de retour sont \u00e0 la charge de l\u2019acheteur, sauf si l&rsquo;article est endommag\u00e9 ou s\u2019il y a eu une erreur dans la commande.<\/p><p class=\"\" data-start=\"1096\" data-end=\"1286\"><strong data-start=\"1096\" data-end=\"1123\">Dommages \u00e0 la r\u00e9ception<\/strong><br data-start=\"1123\" data-end=\"1126\" \/>Si votre commande arrive endommag\u00e9e, merci de me contacter sous <strong data-start=\"1190\" data-end=\"1197\">48h<\/strong> avec des photos \u00e0 l\u2019appui. Une solution sera propos\u00e9e : remboursement, \u00e9change ou avoir.<\/p><p class=\"\" data-start=\"1288\" data-end=\"1494\"><strong data-start=\"1288\" data-end=\"1314\">D\u00e9lai de remboursement<\/strong><br data-start=\"1314\" data-end=\"1317\" \/>Une fois l\u2019article retourn\u00e9 et inspect\u00e9, le remboursement sera effectu\u00e9 dans un d\u00e9lai de <strong data-start=\"1406\" data-end=\"1424\">7 jours ouvr\u00e9s<\/strong>, via le m\u00eame moyen de paiement que celui utilis\u00e9 lors de la commande.<\/p>\t\t\t\t\t\t\t\t<\/div>\n\t\t\t\t<\/div>\n\t\t\t\t\t<\/div>\n\t\t\t\t<\/div>\n\t\t\t\t<\/div>\n\t\t","protected":false},"excerpt":{"rendered":"<p>POLITIQUE DE REMBOURSEMENT Chaque cr\u00e9ation est r\u00e9alis\u00e9e \u00e0 la main avec soin. Cependant, si un probl\u00e8me survient, voici les conditions de retour et de remboursement : Demandes de retourVous disposez d\u2019un d\u00e9lai de 14 jours apr\u00e8s r\u00e9ception de votre commande pour me contacter si vous souhaitez demander un retour ou un \u00e9change.Merci d\u2019envoyer un e-mail [&hellip;]<\/p>\n","protected":false},"author":1,"featured_media":0,"parent":0,"menu_order":0,"comment_status":"closed","ping_status":"closed","template":"","meta":{"site-sidebar-layout":"no-sidebar","site-content-layout":"page-builder","ast-site-content-layout":"full-width-container","site-content-style":"default","site-sidebar-style":"default","ast-global-header-display":"","ast-banner-title-visibility":"","ast-main-header-display":"","ast-hfb-above-header-display":"","ast-hfb-below-header-display":"","ast-hfb-mobile-header-display":"","site-post-title":"disabled","ast-breadcrumbs-content":"","ast-featured-img":"disabled","footer-sml-layout":"","theme-transparent-header-meta":"","adv-header-id-meta":"","stick-header-meta":"","header-above-stick-meta":"","header-main-stick-meta":"","header-below-stick-meta":"","astra-migrate-meta-layouts":"set","ast-page-background-enabled":"default","ast-page-background-meta":{"desktop":{"background-color":"","background-image":"","background-repeat":"repeat","background-position":"center center","background-size":"auto","background-attachment":"scroll","background-type":"","background-media":"","overlay-type":"","overlay-color":"","overlay-opacity":"","overlay-gradient":""},"tablet":{"background-color":"","background-image":"","background-repeat":"repeat","background-position":"center center","background-size":"auto","background-attachment":"scroll","background-type":"","background-media":"","overlay-type":"","overlay-color":"","overlay-opacity":"","overlay-gradient":""},"mobile":{"background-color":"","background-image":"","background-repeat":"repeat","background-position":"center center","background-size":"auto","background-attachment":"scroll","background-type":"","background-media":"","overlay-type":"","overlay-color":"","overlay-opacity":"","overlay-gradient":""}},"ast-content-background-meta":{"desktop":{"background-color":"var(--ast-global-color-5)","background-image":"","background-repeat":"repeat","background-position":"center center","background-size":"auto","background-attachment":"scroll","background-type":"","background-media":"","overlay-type":"","overlay-color":"","overlay-opacity":"","overlay-gradient":""},"tablet":{"background-color":"var(--ast-global-color-5)","background-image":"","background-repeat":"repeat","background-position":"center center","background-size":"auto","background-attachment":"scroll","background-type":"","background-media":"","overlay-type":"","overlay-color":"","overlay-opacity":"","overlay-gradient":""},"mobile":{"background-color":"var(--ast-global-color-5)","background-image":"","background-repeat":"repeat","background-position":"center center","background-size":"auto","background-attachment":"scroll","background-type":"","background-media":"","overlay-type":"","overlay-color":"","overlay-opacity":"","overlay-gradient":""}},"footnotes":""},"class_list":["post-1818","page","type-page","status-publish","hentry"],"_links":{"self":[{"href":"http:\/\/51.68.119.59\/JustineLefebvre\/les-creations-de-justine\/index.php?rest_route=\/wp\/v2\/pages\/1818","targetHints":{"allow":["GET"]}}],"collection":[{"href":"http:\/\/51.68.119.59\/JustineLefebvre\/les-creations-de-justine\/index.php?rest_route=\/wp\/v2\/pages"}],"about":[{"href":"http:\/\/51.68.119.59\/JustineLefebvre\/les-creations-de-justine\/index.php?rest_route=\/wp\/v2\/types\/page"}],"author":[{"embeddable":true,"href":"http:\/\/51.68.119.59\/JustineLefebvre\/les-creations-de-justine\/index.php?rest_route=\/wp\/v2\/users\/1"}],"replies":[{"embeddable":true,"href":"http:\/\/51.68.119.59\/JustineLefebvre\/les-creations-de-justine\/index.php?rest_route=%2Fwp%2Fv2%2Fcomments&post=1818"}],"version-history":[{"count":4,"href":"http:\/\/51.68.119.59\/JustineLefebvre\/les-creations-de-justine\/index.php?rest_route=\/wp\/v2\/pages\/1818\/revisions"}],"predecessor-version":[{"id":1822,"href":"http:\/\/51.68.119.59\/JustineLefebvre\/les-creations-de-justine\/index.php?rest_route=\/wp\/v2\/pages\/1818\/revisions\/1822"}],"wp:attachment":[{"href":"http:\/\/51.68.119.59\/JustineLefebvre\/les-creations-de-justine\/index.php?rest_route=%2Fwp%2Fv2%2Fmedia&parent=1818"}],"curies":[{"name":"wp","href":"https:\/\/api.w.org\/{rel}","templated":true}]}}