{"id":802,"date":"2025-04-14T09:59:41","date_gmt":"2025-04-14T07:59:41","guid":{"rendered":"http:\/\/51.68.119.59\/Justine%20Lefebvre\/les-creations-de-justine\/index.php\/about\/"},"modified":"2025-04-18T09:09:35","modified_gmt":"2025-04-18T07:09:35","slug":"about","status":"publish","type":"page","link":"http:\/\/51.68.119.59\/JustineLefebvre\/les-creations-de-justine\/?page_id=802","title":{"rendered":"\u00c0 propos"},"content":{"rendered":"\t\t<div data-elementor-type=\"wp-page\" data-elementor-id=\"802\" class=\"elementor elementor-802\">\n\t\t\t\t<div class=\"elementor-element elementor-element-83006c1 e-flex e-con-boxed e-con e-parent\" data-id=\"83006c1\" data-element_type=\"container\" data-settings=\"{&quot;background_background&quot;:&quot;classic&quot;}\">\n\t\t\t\t\t<div class=\"e-con-inner\">\n\t\t\t\t<div class=\"elementor-element elementor-element-7c72999 elementor-align-center elementor-widget elementor-widget-button\" data-id=\"7c72999\" data-element_type=\"widget\" data-widget_type=\"button.default\">\n\t\t\t\t<div class=\"elementor-widget-container\">\n\t\t\t\t\t\t\t\t\t<div class=\"elementor-button-wrapper\">\n\t\t\t\t\t<a class=\"elementor-button elementor-button-link elementor-size-sm\" href=\"http:\/\/51.68.119.59\/JustineLefebvre\/les-creations-de-justine\/?page_id=1415\">\n\t\t\t\t\t\t<span class=\"elementor-button-content-wrapper\">\n\t\t\t\t\t\t\t\t\t<span class=\"elementor-button-text\">D\u00e9couvrir la boutique<\/span>\n\t\t\t\t\t<\/span>\n\t\t\t\t\t<\/a>\n\t\t\t\t<\/div>\n\t\t\t\t\t\t\t\t<\/div>\n\t\t\t\t<\/div>\n\t\t\t\t\t<\/div>\n\t\t\t\t<\/div>\n\t\t<div class=\"elementor-element elementor-element-940da07 e-flex e-con-boxed e-con e-parent\" data-id=\"940da07\" data-element_type=\"container\" data-settings=\"{&quot;background_background&quot;:&quot;classic&quot;}\">\n\t\t\t\t\t<div class=\"e-con-inner\">\n\t\t\t\t<div class=\"elementor-element elementor-element-21069fe elementor-widget elementor-widget-heading\" data-id=\"21069fe\" data-element_type=\"widget\" data-widget_type=\"heading.default\">\n\t\t\t\t<div class=\"elementor-widget-container\">\n\t\t\t\t\t<h3 class=\"elementor-heading-title elementor-size-default\">Moi, c'est Justine ! \ud83d\ude4b\ud83c\udffb\u200d\u2640\ufe0f <\/h3>\t\t\t\t<\/div>\n\t\t\t\t<\/div>\n\t\t\t\t<div class=\"elementor-element elementor-element-017fc33 elementor-widget elementor-widget-text-editor\" data-id=\"017fc33\" data-element_type=\"widget\" data-widget_type=\"text-editor.default\">\n\t\t\t\t<div class=\"elementor-widget-container\">\n\t\t\t\t\t\t\t\t\t<p class=\"\" data-start=\"214\" data-end=\"518\">Et je suis anim\u00e9e depuis toujours par une passion profonde pour la cr\u00e9ation et le design. Mon univers s\u2019exprime \u00e0 travers des objets d\u00e9coratifs en <strong data-start=\"387\" data-end=\"397\">raysin<\/strong>, un mat\u00e9riau que j\u2019aime pour sa texture douce, son aspect min\u00e9ral et sa capacit\u00e9 \u00e0 sublimer les formes les plus simples.<\/p><p class=\"\" data-start=\"520\" data-end=\"756\">Mon style est r\u00e9solument <strong data-start=\"545\" data-end=\"569\">minimaliste et \u00e9pur\u00e9<\/strong> : j\u2019aime cr\u00e9er des pi\u00e8ces qui respirent la douceur, la simplicit\u00e9 et l\u2019harmonie. Chaque cr\u00e9ation est pens\u00e9e pour trouver sa place dans un int\u00e9rieur calme, apaisant et plein de caract\u00e8re.<\/p><p class=\"\" data-start=\"758\" data-end=\"1050\">Toutes mes pi\u00e8ces sont <strong data-start=\"781\" data-end=\"801\">faites \u00e0 la main<\/strong>, dans mon appartement en Normandie, avec soin, patience et une attention particuli\u00e8re port\u00e9e aux d\u00e9tails. J\u2019adopte une <strong data-start=\"914\" data-end=\"941\">d\u00e9marche \u00e9coresponsable<\/strong>, en s\u00e9lectionnant des mat\u00e9riaux plus respectueux de l\u2019environnement et en limitant le gaspillage au maximum.<\/p><p class=\"\" data-start=\"1052\" data-end=\"1244\">\u00c0 travers mon travail, je cherche \u00e0 cr\u00e9er des objets uniques, durables, et porteurs de sens \u2014 des pi\u00e8ces qui racontent une histoire, tout en apportant une touche de s\u00e9r\u00e9nit\u00e9 \u00e0 votre int\u00e9rieur.<\/p>\t\t\t\t\t\t\t\t<\/div>\n\t\t\t\t<\/div>\n\t\t\t\t\t<\/div>\n\t\t\t\t<\/div>\n\t\t<div class=\"elementor-element elementor-element-97e4322 e-flex e-con-boxed e-con e-parent\" data-id=\"97e4322\" data-element_type=\"container\" data-settings=\"{&quot;background_background&quot;:&quot;classic&quot;}\">\n\t\t\t\t\t<div class=\"e-con-inner\">\n\t\t<div class=\"elementor-element elementor-element-04666ae e-con-full e-flex e-con e-child\" data-id=\"04666ae\" data-element_type=\"container\">\n\t\t\t\t<div class=\"elementor-element elementor-element-1361506 elementor-widget elementor-widget-heading\" data-id=\"1361506\" data-element_type=\"widget\" data-widget_type=\"heading.default\">\n\t\t\t\t<div class=\"elementor-widget-container\">\n\t\t\t\t\t<h3 class=\"elementor-heading-title elementor-size-default\">QU'EST CE QUE Le RAYSIN ?<\/h3>\t\t\t\t<\/div>\n\t\t\t\t<\/div>\n\t\t\t\t<div class=\"elementor-element elementor-element-4e23ecd elementor-widget elementor-widget-text-editor\" data-id=\"4e23ecd\" data-element_type=\"widget\" data-widget_type=\"text-editor.default\">\n\t\t\t\t<div class=\"elementor-widget-container\">\n\t\t\t\t\t\t\t\t\t<p>Le raysin est une <strong>poudre min\u00e9rale<\/strong> principalement compos\u00e9e de gypse (sulfate de calcium dihydrat\u00e9).<br \/>Elle est con\u00e7ue pour la cr\u00e9ation d&rsquo;objets d\u00e9coratifs par moulage.<\/p>\t\t\t\t\t\t\t\t<\/div>\n\t\t\t\t<\/div>\n\t\t\t\t<div class=\"elementor-element elementor-element-6c4848d elementor-widget elementor-widget-heading\" data-id=\"6c4848d\" data-element_type=\"widget\" data-widget_type=\"heading.default\">\n\t\t\t\t<div class=\"elementor-widget-container\">\n\t\t\t\t\t<h4 class=\"elementor-heading-title elementor-size-default\">SES AVANTAGES<\/h4>\t\t\t\t<\/div>\n\t\t\t\t<\/div>\n\t\t\t\t<div class=\"elementor-element elementor-element-6e3bfc9 elementor-icon-list--layout-traditional elementor-list-item-link-full_width elementor-widget elementor-widget-icon-list\" data-id=\"6e3bfc9\" data-element_type=\"widget\" data-widget_type=\"icon-list.default\">\n\t\t\t\t<div class=\"elementor-widget-container\">\n\t\t\t\t\t\t\t<ul class=\"elementor-icon-list-items\">\n\t\t\t\t\t\t\t<li class=\"elementor-icon-list-item\">\n\t\t\t\t\t\t\t\t\t\t\t<span class=\"elementor-icon-list-icon\">\n\t\t\t\t\t\t\t<svg aria-hidden=\"true\" class=\"e-font-icon-svg e-fas-caret-right\" viewBox=\"0 0 192 512\" xmlns=\"http:\/\/www.w3.org\/2000\/svg\"><path d=\"M0 384.662V127.338c0-17.818 21.543-26.741 34.142-14.142l128.662 128.662c7.81 7.81 7.81 20.474 0 28.284L34.142 398.804C21.543 411.404 0 402.48 0 384.662z\"><\/path><\/svg>\t\t\t\t\t\t<\/span>\n\t\t\t\t\t\t\t\t\t\t<span class=\"elementor-icon-list-text\">Sans r\u00e9sine ni plastique : elle ne contient pas de composants p\u00e9trochimiques<\/span>\n\t\t\t\t\t\t\t\t\t<\/li>\n\t\t\t\t\t\t\t\t<li class=\"elementor-icon-list-item\">\n\t\t\t\t\t\t\t\t\t\t\t<span class=\"elementor-icon-list-icon\">\n\t\t\t\t\t\t\t<svg aria-hidden=\"true\" class=\"e-font-icon-svg e-fas-caret-right\" viewBox=\"0 0 192 512\" xmlns=\"http:\/\/www.w3.org\/2000\/svg\"><path d=\"M0 384.662V127.338c0-17.818 21.543-26.741 34.142-14.142l128.662 128.662c7.81 7.81 7.81 20.474 0 28.284L34.142 398.804C21.543 411.404 0 402.48 0 384.662z\"><\/path><\/svg>\t\t\t\t\t\t<\/span>\n\t\t\t\t\t\t\t\t\t\t<span class=\"elementor-icon-list-text\">Non toxique et sans solvant : elle est donc sans danger pour l'environnement<\/span>\n\t\t\t\t\t\t\t\t\t<\/li>\n\t\t\t\t\t\t\t\t<li class=\"elementor-icon-list-item\">\n\t\t\t\t\t\t\t\t\t\t\t<span class=\"elementor-icon-list-icon\">\n\t\t\t\t\t\t\t<svg aria-hidden=\"true\" class=\"e-font-icon-svg e-fas-caret-right\" viewBox=\"0 0 192 512\" xmlns=\"http:\/\/www.w3.org\/2000\/svg\"><path d=\"M0 384.662V127.338c0-17.818 21.543-26.741 34.142-14.142l128.662 128.662c7.81 7.81 7.81 20.474 0 28.284L34.142 398.804C21.543 411.404 0 402.48 0 384.662z\"><\/path><\/svg>\t\t\t\t\t\t<\/span>\n\t\t\t\t\t\t\t\t\t\t<span class=\"elementor-icon-list-text\">D\u00e9gradable naturellement : elle peut se d\u00e9sagrager avec le temps et retourner \u00e0 l'\u00e9tat de poussi\u00e8re min\u00e9rale<\/span>\n\t\t\t\t\t\t\t\t\t<\/li>\n\t\t\t\t\t\t<\/ul>\n\t\t\t\t\t\t<\/div>\n\t\t\t\t<\/div>\n\t\t\t\t<\/div>\n\t\t<div class=\"elementor-element elementor-element-4c10c64 e-con-full e-flex e-con e-child\" data-id=\"4c10c64\" data-element_type=\"container\">\n\t\t\t\t<div class=\"elementor-element elementor-element-e5a6af8 elementor-widget elementor-widget-image\" data-id=\"e5a6af8\" data-element_type=\"widget\" data-widget_type=\"image.default\">\n\t\t\t\t<div class=\"elementor-widget-container\">\n\t\t\t\t\t\t\t\t\t\t\t\t\t\t\t<img fetchpriority=\"high\" decoding=\"async\" width=\"1200\" height=\"800\" src=\"http:\/\/51.68.119.59\/JustineLefebvre\/les-creations-de-justine\/wp-content\/uploads\/2025\/04\/41d23cbc2361f49d369cf6692ebf2b2c.jpg\" class=\"attachment-full size-full wp-image-1309\" alt=\"\" srcset=\"http:\/\/51.68.119.59\/JustineLefebvre\/les-creations-de-justine\/wp-content\/uploads\/2025\/04\/41d23cbc2361f49d369cf6692ebf2b2c.jpg 1200w, http:\/\/51.68.119.59\/JustineLefebvre\/les-creations-de-justine\/wp-content\/uploads\/2025\/04\/41d23cbc2361f49d369cf6692ebf2b2c-600x400.jpg 600w, http:\/\/51.68.119.59\/JustineLefebvre\/les-creations-de-justine\/wp-content\/uploads\/2025\/04\/41d23cbc2361f49d369cf6692ebf2b2c-300x200.jpg 300w, http:\/\/51.68.119.59\/JustineLefebvre\/les-creations-de-justine\/wp-content\/uploads\/2025\/04\/41d23cbc2361f49d369cf6692ebf2b2c-1024x683.jpg 1024w, http:\/\/51.68.119.59\/JustineLefebvre\/les-creations-de-justine\/wp-content\/uploads\/2025\/04\/41d23cbc2361f49d369cf6692ebf2b2c-768x512.jpg 768w\" sizes=\"(max-width: 1200px) 100vw, 1200px\" \/>\t\t\t\t\t\t\t\t\t\t\t\t\t\t\t<\/div>\n\t\t\t\t<\/div>\n\t\t\t\t<\/div>\n\t\t\t\t\t<\/div>\n\t\t\t\t<\/div>\n\t\t<div class=\"elementor-element elementor-element-c036683 e-flex e-con-boxed e-con e-parent\" data-id=\"c036683\" data-element_type=\"container\" data-settings=\"{&quot;background_background&quot;:&quot;classic&quot;}\">\n\t\t\t\t\t<div class=\"e-con-inner\">\n\t\t<div class=\"elementor-element elementor-element-d71017e e-con-full e-flex e-con e-child\" data-id=\"d71017e\" data-element_type=\"container\">\n\t\t\t\t<\/div>\n\t\t<div class=\"elementor-element elementor-element-e98d529 e-con-full e-flex e-con e-child\" data-id=\"e98d529\" data-element_type=\"container\">\n\t\t\t\t<div class=\"elementor-element elementor-element-a4dadf1 elementor-widget elementor-widget-heading\" data-id=\"a4dadf1\" data-element_type=\"widget\" data-widget_type=\"heading.default\">\n\t\t\t\t<div class=\"elementor-widget-container\">\n\t\t\t\t\t<h3 class=\"elementor-heading-title elementor-size-default\">Le processus de cr\u00e9ation<\/h3>\t\t\t\t<\/div>\n\t\t\t\t<\/div>\n\t\t\t\t<div class=\"elementor-element elementor-element-5e885cc elementor-widget elementor-widget-text-editor\" data-id=\"5e885cc\" data-element_type=\"widget\" data-widget_type=\"text-editor.default\">\n\t\t\t\t<div class=\"elementor-widget-container\">\n\t\t\t\t\t\t\t\t\t<p>Cette <strong>poudre min\u00e9rale<\/strong> se m\u00e9lange uniquement avec de l&rsquo;<strong>eau<\/strong>, ce qui la rend plus \u00e9cologique et s\u00fbre pour l&rsquo;artisanat. Lorsqu&rsquo;elle est m\u00e9lang\u00e9e, <strong>une r\u00e9action chimique<\/strong> se forme (formation de cristaux), ce qui permet de <strong>durcir<\/strong> et de se <strong>solidifier<\/strong>.\u00a0<\/p>\t\t\t\t\t\t\t\t<\/div>\n\t\t\t\t<\/div>\n\t\t\t\t<div class=\"elementor-element elementor-element-8f9ce32 elementor-widget elementor-widget-heading\" data-id=\"8f9ce32\" data-element_type=\"widget\" data-widget_type=\"heading.default\">\n\t\t\t\t<div class=\"elementor-widget-container\">\n\t\t\t\t\t<h4 class=\"elementor-heading-title elementor-size-default\">SES AVANTAGES<\/h4>\t\t\t\t<\/div>\n\t\t\t\t<\/div>\n\t\t\t\t<div class=\"elementor-element elementor-element-8cdf16e elementor-icon-list--layout-traditional elementor-list-item-link-full_width elementor-widget elementor-widget-icon-list\" data-id=\"8cdf16e\" data-element_type=\"widget\" data-widget_type=\"icon-list.default\">\n\t\t\t\t<div class=\"elementor-widget-container\">\n\t\t\t\t\t\t\t<ul class=\"elementor-icon-list-items\">\n\t\t\t\t\t\t\t<li class=\"elementor-icon-list-item\">\n\t\t\t\t\t\t\t\t\t\t\t<span class=\"elementor-icon-list-icon\">\n\t\t\t\t\t\t\t<svg aria-hidden=\"true\" class=\"e-font-icon-svg e-fas-caret-right\" viewBox=\"0 0 192 512\" xmlns=\"http:\/\/www.w3.org\/2000\/svg\"><path d=\"M0 384.662V127.338c0-17.818 21.543-26.741 34.142-14.142l128.662 128.662c7.81 7.81 7.81 20.474 0 28.284L34.142 398.804C21.543 411.404 0 402.48 0 384.662z\"><\/path><\/svg>\t\t\t\t\t\t<\/span>\n\t\t\t\t\t\t\t\t\t\t<span class=\"elementor-icon-list-text\">Facilit\u00e9 de manipulation : Puisque le m\u00e9lange avec de l'eau est tr\u00e8s simple et naturel, il permet une grande flexibilit\u00e9 dans la cr\u00e9ation de pi\u00e8ces personnalis\u00e9es<\/span>\n\t\t\t\t\t\t\t\t\t<\/li>\n\t\t\t\t\t\t\t\t<li class=\"elementor-icon-list-item\">\n\t\t\t\t\t\t\t\t\t\t\t<span class=\"elementor-icon-list-icon\">\n\t\t\t\t\t\t\t<svg aria-hidden=\"true\" class=\"e-font-icon-svg e-fas-caret-right\" viewBox=\"0 0 192 512\" xmlns=\"http:\/\/www.w3.org\/2000\/svg\"><path d=\"M0 384.662V127.338c0-17.818 21.543-26.741 34.142-14.142l128.662 128.662c7.81 7.81 7.81 20.474 0 28.284L34.142 398.804C21.543 411.404 0 402.48 0 384.662z\"><\/path><\/svg>\t\t\t\t\t\t<\/span>\n\t\t\t\t\t\t\t\t\t\t<span class=\"elementor-icon-list-text\">Prise rapide et r\u00e9sistante : Une fois que l'eau est m\u00e9lang\u00e9e, la p\u00e2te durcit en quelques heures et devient tr\u00e8s r\u00e9sistante<\/span>\n\t\t\t\t\t\t\t\t\t<\/li>\n\t\t\t\t\t\t\t\t<li class=\"elementor-icon-list-item\">\n\t\t\t\t\t\t\t\t\t\t\t<span class=\"elementor-icon-list-icon\">\n\t\t\t\t\t\t\t<svg aria-hidden=\"true\" class=\"e-font-icon-svg e-fas-caret-right\" viewBox=\"0 0 192 512\" xmlns=\"http:\/\/www.w3.org\/2000\/svg\"><path d=\"M0 384.662V127.338c0-17.818 21.543-26.741 34.142-14.142l128.662 128.662c7.81 7.81 7.81 20.474 0 28.284L34.142 398.804C21.543 411.404 0 402.48 0 384.662z\"><\/path><\/svg>\t\t\t\t\t\t<\/span>\n\t\t\t\t\t\t\t\t\t\t<span class=\"elementor-icon-list-text\">S\u00e9curis\u00e9 et \u00e9cologique : L'absence de produits chimiques complexes, comme des solvants ou des r\u00e9sines, rend la Raysin relativement plus \u00e9cologique et s\u00fbre pour l'artisanat<\/span>\n\t\t\t\t\t\t\t\t\t<\/li>\n\t\t\t\t\t\t<\/ul>\n\t\t\t\t\t\t<\/div>\n\t\t\t\t<\/div>\n\t\t\t\t<\/div>\n\t\t\t\t\t<\/div>\n\t\t\t\t<\/div>\n\t\t<div class=\"elementor-element elementor-element-5836625 e-flex e-con-boxed e-con e-parent\" data-id=\"5836625\" data-element_type=\"container\" data-settings=\"{&quot;background_background&quot;:&quot;classic&quot;}\">\n\t\t\t\t\t<div class=\"e-con-inner\">\n\t\t\t\t<div class=\"elementor-element elementor-element-f9f3815 elementor-widget elementor-widget-heading\" data-id=\"f9f3815\" data-element_type=\"widget\" data-widget_type=\"heading.default\">\n\t\t\t\t<div class=\"elementor-widget-container\">\n\t\t\t\t\t<h3 class=\"elementor-heading-title elementor-size-default\">Comment entretenir ma cr\u00e9ation ?<\/h3>\t\t\t\t<\/div>\n\t\t\t\t<\/div>\n\t\t\t\t<div class=\"elementor-element elementor-element-a30f324 elementor-widget elementor-widget-text-editor\" data-id=\"a30f324\" data-element_type=\"widget\" data-widget_type=\"text-editor.default\">\n\t\t\t\t<div class=\"elementor-widget-container\">\n\t\t\t\t\t\t\t\t\t<p class=\"\" data-start=\"237\" data-end=\"397\">Les objets d\u00e9coratifs en <strong data-start=\"262\" data-end=\"272\">raysin<\/strong> sont solides, durables et demandent peu d\u2019entretien. Pour pr\u00e9server leur aspect d\u2019origine, voici quelques conseils simples :<\/p>\n<ul data-start=\"399\" data-end=\"1056\">\n<li class=\"\" data-start=\"399\" data-end=\"560\">\n<p class=\"\" data-start=\"401\" data-end=\"560\"><strong data-start=\"401\" data-end=\"414\">Nettoyage<\/strong> : utilisez un chiffon doux, sec ou l\u00e9g\u00e8rement humide. \u00c9vitez les produits chimiques agressifs, les \u00e9ponges abrasives ou les d\u00e9tergents puissants.<\/p><\/li><li class=\"\" data-start=\"399\" data-end=\"560\"><p class=\"\" data-start=\"401\" data-end=\"560\"><strong data-start=\"563\" data-end=\"594\" style=\"font-style: inherit;\">\u00c9vitez l\u2019humidit\u00e9 excessive<\/strong><span style=\"font-style: inherit; font-weight: inherit;\"> : bien que le raysin soit r\u00e9sistant, il est pr\u00e9f\u00e9rable de ne pas exposer vos cr\u00e9ations \u00e0 l\u2019eau stagnante ou \u00e0 une humidit\u00e9 prolong\u00e9e.<\/span><\/p><\/li>\n<li class=\"\" data-start=\"729\" data-end=\"889\">\n<p class=\"\" data-start=\"731\" data-end=\"889\"><strong data-start=\"731\" data-end=\"747\">Manipulation<\/strong> : les pi\u00e8ces en raysin peuvent \u00eatre sensibles aux chocs. Manipulez-les avec soin, surtout si elles comportent des formes fines ou d\u00e9taill\u00e9es.<\/p>\n<\/li>\n<li class=\"\" data-start=\"890\" data-end=\"1056\">\n<p class=\"\" data-start=\"892\" data-end=\"1056\"><strong data-start=\"892\" data-end=\"911\">Usage int\u00e9rieur<\/strong> : pour garantir leur long\u00e9vit\u00e9, il est recommand\u00e9 de conserver vos objets en raysin \u00e0 l\u2019int\u00e9rieur, \u00e0 l\u2019abri du soleil direct et des intemp\u00e9ries.<\/p>\n<\/li>\n<\/ul>\n<p class=\"\" data-start=\"1058\" data-end=\"1182\">Chaque pi\u00e8ce \u00e9tant faite \u00e0 la main, elle m\u00e9rite une attention particuli\u00e8re pour conserver toute sa beaut\u00e9 au fil du temps \ud83e\udd0d<\/p>\t\t\t\t\t\t\t\t<\/div>\n\t\t\t\t<\/div>\n\t\t\t\t\t<\/div>\n\t\t\t\t<\/div>\n\t\t\t\t<\/div>\n\t\t","protected":false},"excerpt":{"rendered":"<p>D\u00e9couvrir la boutique Moi, c&rsquo;est Justine ! \ud83d\ude4b\ud83c\udffb\u200d\u2640\ufe0f Et je suis anim\u00e9e depuis toujours par une passion profonde pour la cr\u00e9ation et le design. Mon univers s\u2019exprime \u00e0 travers des objets d\u00e9coratifs en raysin, un mat\u00e9riau que j\u2019aime pour sa texture douce, son aspect min\u00e9ral et sa capacit\u00e9 \u00e0 sublimer les formes les plus simples. [&hellip;]<\/p>\n","protected":false},"author":1,"featured_media":0,"parent":0,"menu_order":0,"comment_status":"closed","ping_status":"closed","template":"","meta":{"site-sidebar-layout":"no-sidebar","site-content-layout":"page-builder","ast-site-content-layout":"full-width-container","site-content-style":"unboxed","site-sidebar-style":"unboxed","ast-global-header-display":"","ast-banner-title-visibility":"","ast-main-header-display":"","ast-hfb-above-header-display":"","ast-hfb-below-header-display":"","ast-hfb-mobile-header-display":"","site-post-title":"disabled","ast-breadcrumbs-content":"disabled","ast-featured-img":"disabled","footer-sml-layout":"","theme-transparent-header-meta":"default","adv-header-id-meta":"","stick-header-meta":"","header-above-stick-meta":"","header-main-stick-meta":"","header-below-stick-meta":"","astra-migrate-meta-layouts":"set","ast-page-background-enabled":"default","ast-page-background-meta":{"desktop":{"background-color":"","background-image":"","background-repeat":"repeat","background-position":"center center","background-size":"auto","background-attachment":"scroll","background-type":"","background-media":"","overlay-type":"","overlay-color":"","overlay-opacity":"","overlay-gradient":""},"tablet":{"background-color":"","background-image":"","background-repeat":"repeat","background-position":"center center","background-size":"auto","background-attachment":"scroll","background-type":"","background-media":"","overlay-type":"","overlay-color":"","overlay-opacity":"","overlay-gradient":""},"mobile":{"background-color":"","background-image":"","background-repeat":"repeat","background-position":"center center","background-size":"auto","background-attachment":"scroll","background-type":"","background-media":"","overlay-type":"","overlay-color":"","overlay-opacity":"","overlay-gradient":""}},"ast-content-background-meta":{"desktop":{"background-color":"var(--ast-global-color-5)","background-image":"","background-repeat":"repeat","background-position":"center center","background-size":"auto","background-attachment":"scroll","background-type":"","background-media":"","overlay-type":"","overlay-color":"","overlay-opacity":"","overlay-gradient":""},"tablet":{"background-color":"var(--ast-global-color-5)","background-image":"","background-repeat":"repeat","background-position":"center center","background-size":"auto","background-attachment":"scroll","background-type":"","background-media":"","overlay-type":"","overlay-color":"","overlay-opacity":"","overlay-gradient":""},"mobile":{"background-color":"var(--ast-global-color-5)","background-image":"","background-repeat":"repeat","background-position":"center center","background-size":"auto","background-attachment":"scroll","background-type":"","background-media":"","overlay-type":"","overlay-color":"","overlay-opacity":"","overlay-gradient":""}},"footnotes":""},"class_list":["post-802","page","type-page","status-publish","hentry"],"_links":{"self":[{"href":"http:\/\/51.68.119.59\/JustineLefebvre\/les-creations-de-justine\/index.php?rest_route=\/wp\/v2\/pages\/802","targetHints":{"allow":["GET"]}}],"collection":[{"href":"http:\/\/51.68.119.59\/JustineLefebvre\/les-creations-de-justine\/index.php?rest_route=\/wp\/v2\/pages"}],"about":[{"href":"http:\/\/51.68.119.59\/JustineLefebvre\/les-creations-de-justine\/index.php?rest_route=\/wp\/v2\/types\/page"}],"author":[{"embeddable":true,"href":"http:\/\/51.68.119.59\/JustineLefebvre\/les-creations-de-justine\/index.php?rest_route=\/wp\/v2\/users\/1"}],"replies":[{"embeddable":true,"href":"http:\/\/51.68.119.59\/JustineLefebvre\/les-creations-de-justine\/index.php?rest_route=%2Fwp%2Fv2%2Fcomments&post=802"}],"version-history":[{"count":100,"href":"http:\/\/51.68.119.59\/JustineLefebvre\/les-creations-de-justine\/index.php?rest_route=\/wp\/v2\/pages\/802\/revisions"}],"predecessor-version":[{"id":1928,"href":"http:\/\/51.68.119.59\/JustineLefebvre\/les-creations-de-justine\/index.php?rest_route=\/wp\/v2\/pages\/802\/revisions\/1928"}],"wp:attachment":[{"href":"http:\/\/51.68.119.59\/JustineLefebvre\/les-creations-de-justine\/index.php?rest_route=%2Fwp%2Fv2%2Fmedia&parent=802"}],"curies":[{"name":"wp","href":"https:\/\/api.w.org\/{rel}","templated":true}]}}