{"id":1433,"date":"2025-04-14T17:00:46","date_gmt":"2025-04-14T15:00:46","guid":{"rendered":"http:\/\/51.68.119.59\/JustineLefebvre\/les-creations-de-justine\/?post_type=product&#038;p=1433"},"modified":"2025-04-18T14:18:40","modified_gmt":"2025-04-18T12:18:40","slug":"vide-poche-bubble-xl","status":"publish","type":"product","link":"http:\/\/51.68.119.59\/JustineLefebvre\/les-creations-de-justine\/?product=vide-poche-bubble-xl","title":{"rendered":"Vide-poche bubble XL"},"content":{"rendered":"","protected":false},"excerpt":{"rendered":"<p>Apportez une touche de <strong>raffinement<\/strong> et d&rsquo;<strong>originalit\u00e9<\/strong> \u00e0 votre int\u00e9rieur avec ce plateau vide-poche en <strong>raysin<\/strong>. Parfait pour sublimer une console d&rsquo;entr\u00e9e, une coiffeuse ou une table de nuit, il accueille avec \u00e9l\u00e9gance vos petits essentiels : cl\u00e9s, bijoux, pi\u00e8ces ou accessoires.<\/p>\n<p>Chaque pi\u00e8ce est enti\u00e8rement faite \u00e0 la main, avec soin et passion, ce qui en fait un objet <strong>unique<\/strong>.<\/p>\n<ul>\n<li><b>Diam\u00e8tre:\u00a0<\/b>13,8cm<\/li>\n<\/ul>\n","protected":false},"featured_media":1441,"comment_status":"closed","ping_status":"closed","template":"","meta":{"site-sidebar-layout":"default","site-content-layout":"","ast-site-content-layout":"default","site-content-style":"default","site-sidebar-style":"default","ast-global-header-display":"","ast-banner-title-visibility":"","ast-main-header-display":"","ast-hfb-above-header-display":"","ast-hfb-below-header-display":"","ast-hfb-mobile-header-display":"","site-post-title":"","ast-breadcrumbs-content":"","ast-featured-img":"","footer-sml-layout":"","theme-transparent-header-meta":"default","adv-header-id-meta":"","stick-header-meta":"","header-above-stick-meta":"","header-main-stick-meta":"","header-below-stick-meta":"","astra-migrate-meta-layouts":"set","ast-page-background-enabled":"default","ast-page-background-meta":{"desktop":{"background-color":"","background-image":"","background-repeat":"repeat","background-position":"center center","background-size":"auto","background-attachment":"scroll","background-type":"","background-media":"","overlay-type":"","overlay-color":"","overlay-opacity":"","overlay-gradient":""},"tablet":{"background-color":"","background-image":"","background-repeat":"repeat","background-position":"center center","background-size":"auto","background-attachment":"scroll","background-type":"","background-media":"","overlay-type":"","overlay-color":"","overlay-opacity":"","overlay-gradient":""},"mobile":{"background-color":"","background-image":"","background-repeat":"repeat","background-position":"center center","background-size":"auto","background-attachment":"scroll","background-type":"","background-media":"","overlay-type":"","overlay-color":"","overlay-opacity":"","overlay-gradient":""}},"ast-content-background-meta":{"desktop":{"background-color":"var(--ast-global-color-5)","background-image":"","background-repeat":"repeat","background-position":"center center","background-size":"auto","background-attachment":"scroll","background-type":"","background-media":"","overlay-type":"","overlay-color":"","overlay-opacity":"","overlay-gradient":""},"tablet":{"background-color":"var(--ast-global-color-5)","background-image":"","background-repeat":"repeat","background-position":"center center","background-size":"auto","background-attachment":"scroll","background-type":"","background-media":"","overlay-type":"","overlay-color":"","overlay-opacity":"","overlay-gradient":""},"mobile":{"background-color":"var(--ast-global-color-5)","background-image":"","background-repeat":"repeat","background-position":"center center","background-size":"auto","background-attachment":"scroll","background-type":"","background-media":"","overlay-type":"","overlay-color":"","overlay-opacity":"","overlay-gradient":""}}},"product_brand":[],"product_cat":[34],"product_tag":[],"class_list":{"0":"post-1433","1":"product","2":"type-product","3":"status-publish","4":"has-post-thumbnail","6":"product_cat-vide-poche","7":"product_shipping_class-1kg","8":"desktop-align-left","9":"tablet-align-left","10":"mobile-align-left","12":"first","13":"instock","14":"shipping-taxable","15":"purchasable","16":"product-type-variable","17":"has-default-attributes"},"_links":{"self":[{"href":"http:\/\/51.68.119.59\/JustineLefebvre\/les-creations-de-justine\/index.php?rest_route=\/wp\/v2\/product\/1433","targetHints":{"allow":["GET"]}}],"collection":[{"href":"http:\/\/51.68.119.59\/JustineLefebvre\/les-creations-de-justine\/index.php?rest_route=\/wp\/v2\/product"}],"about":[{"href":"http:\/\/51.68.119.59\/JustineLefebvre\/les-creations-de-justine\/index.php?rest_route=\/wp\/v2\/types\/product"}],"replies":[{"embeddable":true,"href":"http:\/\/51.68.119.59\/JustineLefebvre\/les-creations-de-justine\/index.php?rest_route=%2Fwp%2Fv2%2Fcomments&post=1433"}],"wp:featuredmedia":[{"embeddable":true,"href":"http:\/\/51.68.119.59\/JustineLefebvre\/les-creations-de-justine\/index.php?rest_route=\/wp\/v2\/media\/1441"}],"wp:attachment":[{"href":"http:\/\/51.68.119.59\/JustineLefebvre\/les-creations-de-justine\/index.php?rest_route=%2Fwp%2Fv2%2Fmedia&parent=1433"}],"wp:term":[{"taxonomy":"product_brand","embeddable":true,"href":"http:\/\/51.68.119.59\/JustineLefebvre\/les-creations-de-justine\/index.php?rest_route=%2Fwp%2Fv2%2Fproduct_brand&post=1433"},{"taxonomy":"product_cat","embeddable":true,"href":"http:\/\/51.68.119.59\/JustineLefebvre\/les-creations-de-justine\/index.php?rest_route=%2Fwp%2Fv2%2Fproduct_cat&post=1433"},{"taxonomy":"product_tag","embeddable":true,"href":"http:\/\/51.68.119.59\/JustineLefebvre\/les-creations-de-justine\/index.php?rest_route=%2Fwp%2Fv2%2Fproduct_tag&post=1433"}],"curies":[{"name":"wp","href":"https:\/\/api.w.org\/{rel}","templated":true}]}}