{"id":1463,"date":"2025-04-15T09:52:43","date_gmt":"2025-04-15T07:52:43","guid":{"rendered":"http:\/\/51.68.119.59\/JustineLefebvre\/les-creations-de-justine\/?post_type=product&#038;p=1463"},"modified":"2025-04-18T11:12:06","modified_gmt":"2025-04-18T09:12:06","slug":"vase-spirale","status":"publish","type":"product","link":"http:\/\/51.68.119.59\/JustineLefebvre\/les-creations-de-justine\/?product=vase-spirale","title":{"rendered":"Vase spirale"},"content":{"rendered":"","protected":false},"excerpt":{"rendered":"<p>Apportez une touche de <strong>minimalisme<\/strong> \u00e0 votre int\u00e9rieur avec ce vase en raysin au design chic et intemporel. Son design <strong>\u00e9pur\u00e9e<\/strong> et sa texture <strong>moderne<\/strong> en font un incontournable pour rehausser votre d\u00e9co.<\/p>\n<p>L\u00e9ger mais solide, il s&rsquo;adapte \u00e0 toutes vos envies : fleurs s\u00e9ch\u00e9es, bouquets color\u00e9s ou simplement en pi\u00e8ce ma\u00eetresse sur une table ou une \u00e9tag\u00e8re.<\/p>\n<p>Chaque pi\u00e8ce est enti\u00e8rement faite \u00e0 la main, avec soin et passion, ce qui en fait un objet <strong>unique<\/strong>.<\/p>\n<ul>\n<li><strong>Hauteur<\/strong>: 10cm<\/li>\n<li><strong>Diam\u00e8tre<\/strong>: 6,5cm<\/li>\n<\/ul>\n","protected":false},"featured_media":1438,"comment_status":"closed","ping_status":"closed","template":"","meta":{"site-sidebar-layout":"default","site-content-layout":"","ast-site-content-layout":"default","site-content-style":"default","site-sidebar-style":"default","ast-global-header-display":"","ast-banner-title-visibility":"","ast-main-header-display":"","ast-hfb-above-header-display":"","ast-hfb-below-header-display":"","ast-hfb-mobile-header-display":"","site-post-title":"","ast-breadcrumbs-content":"","ast-featured-img":"","footer-sml-layout":"","theme-transparent-header-meta":"default","adv-header-id-meta":"","stick-header-meta":"","header-above-stick-meta":"","header-main-stick-meta":"","header-below-stick-meta":"","astra-migrate-meta-layouts":"set","ast-page-background-enabled":"default","ast-page-background-meta":{"desktop":{"background-color":"","background-image":"","background-repeat":"repeat","background-position":"center center","background-size":"auto","background-attachment":"scroll","background-type":"","background-media":"","overlay-type":"","overlay-color":"","overlay-opacity":"","overlay-gradient":""},"tablet":{"background-color":"","background-image":"","background-repeat":"repeat","background-position":"center center","background-size":"auto","background-attachment":"scroll","background-type":"","background-media":"","overlay-type":"","overlay-color":"","overlay-opacity":"","overlay-gradient":""},"mobile":{"background-color":"","background-image":"","background-repeat":"repeat","background-position":"center center","background-size":"auto","background-attachment":"scroll","background-type":"","background-media":"","overlay-type":"","overlay-color":"","overlay-opacity":"","overlay-gradient":""}},"ast-content-background-meta":{"desktop":{"background-color":"var(--ast-global-color-5)","background-image":"","background-repeat":"repeat","background-position":"center center","background-size":"auto","background-attachment":"scroll","background-type":"","background-media":"","overlay-type":"","overlay-color":"","overlay-opacity":"","overlay-gradient":""},"tablet":{"background-color":"var(--ast-global-color-5)","background-image":"","background-repeat":"repeat","background-position":"center center","background-size":"auto","background-attachment":"scroll","background-type":"","background-media":"","overlay-type":"","overlay-color":"","overlay-opacity":"","overlay-gradient":""},"mobile":{"background-color":"var(--ast-global-color-5)","background-image":"","background-repeat":"repeat","background-position":"center center","background-size":"auto","background-attachment":"scroll","background-type":"","background-media":"","overlay-type":"","overlay-color":"","overlay-opacity":"","overlay-gradient":""}}},"product_brand":[],"product_cat":[37],"product_tag":[],"class_list":{"0":"post-1463","1":"product","2":"type-product","3":"status-publish","4":"has-post-thumbnail","6":"product_cat-vase","7":"product_shipping_class-1kg","8":"desktop-align-left","9":"tablet-align-left","10":"mobile-align-left","12":"first","13":"instock","14":"shipping-taxable","15":"purchasable","16":"product-type-variable","17":"has-default-attributes"},"_links":{"self":[{"href":"http:\/\/51.68.119.59\/JustineLefebvre\/les-creations-de-justine\/index.php?rest_route=\/wp\/v2\/product\/1463","targetHints":{"allow":["GET"]}}],"collection":[{"href":"http:\/\/51.68.119.59\/JustineLefebvre\/les-creations-de-justine\/index.php?rest_route=\/wp\/v2\/product"}],"about":[{"href":"http:\/\/51.68.119.59\/JustineLefebvre\/les-creations-de-justine\/index.php?rest_route=\/wp\/v2\/types\/product"}],"replies":[{"embeddable":true,"href":"http:\/\/51.68.119.59\/JustineLefebvre\/les-creations-de-justine\/index.php?rest_route=%2Fwp%2Fv2%2Fcomments&post=1463"}],"wp:featuredmedia":[{"embeddable":true,"href":"http:\/\/51.68.119.59\/JustineLefebvre\/les-creations-de-justine\/index.php?rest_route=\/wp\/v2\/media\/1438"}],"wp:attachment":[{"href":"http:\/\/51.68.119.59\/JustineLefebvre\/les-creations-de-justine\/index.php?rest_route=%2Fwp%2Fv2%2Fmedia&parent=1463"}],"wp:term":[{"taxonomy":"product_brand","embeddable":true,"href":"http:\/\/51.68.119.59\/JustineLefebvre\/les-creations-de-justine\/index.php?rest_route=%2Fwp%2Fv2%2Fproduct_brand&post=1463"},{"taxonomy":"product_cat","embeddable":true,"href":"http:\/\/51.68.119.59\/JustineLefebvre\/les-creations-de-justine\/index.php?rest_route=%2Fwp%2Fv2%2Fproduct_cat&post=1463"},{"taxonomy":"product_tag","embeddable":true,"href":"http:\/\/51.68.119.59\/JustineLefebvre\/les-creations-de-justine\/index.php?rest_route=%2Fwp%2Fv2%2Fproduct_tag&post=1463"}],"curies":[{"name":"wp","href":"https:\/\/api.w.org\/{rel}","templated":true}]}}