{"id":1667,"date":"2025-04-15T14:50:47","date_gmt":"2025-04-15T12:50:47","guid":{"rendered":"http:\/\/51.68.119.59\/JustineLefebvre\/les-creations-de-justine\/?post_type=product&#038;p=1667"},"modified":"2025-04-18T11:06:21","modified_gmt":"2025-04-18T09:06:21","slug":"boite-a-bijoux","status":"publish","type":"product","link":"http:\/\/51.68.119.59\/JustineLefebvre\/les-creations-de-justine\/?product=boite-a-bijoux","title":{"rendered":"Bo\u00eete \u00e0 bijoux"},"content":{"rendered":"","protected":false},"excerpt":{"rendered":"<p>Conservez vos tr\u00e9sors avec style gr\u00e2ce \u00e0 cette bo\u00eete \u00e0 bijoux en <strong>raysin<\/strong>, enti\u00e8rement r\u00e9alis\u00e9e \u00e0 la main. Chaque pi\u00e8ce est pens\u00e9e comme un \u00e9crin <strong>raffin\u00e9<\/strong>, m\u00ealant <strong>modernit\u00e9\u00a0<\/strong>et\u00a0<strong>d\u00e9licatesse,\u00a0<\/strong>pour accueillir vos bagues, boucles d&rsquo;oreilles, colliers ou petits objets pr\u00e9cieux.<\/p>\n<p>Parfaite sur une coiffeuse, une \u00e9tag\u00e8re ou comme id\u00e9e cadeau \u00e9l\u00e9gante.<\/p>\n<p>Chaque pi\u00e8ce est enti\u00e8rement faite \u00e0 la main, avec soin et passion, ce qui en fait un objet <strong>unique<\/strong>.<\/p>\n<ul>\n<li><strong>Hauteur de la boite:\u00a0<\/strong>8cm<\/li>\n<li><strong>Diam\u00e8tre de la boite:\u00a0<\/strong>8,2cm<\/li>\n<\/ul>\n","protected":false},"featured_media":1671,"comment_status":"closed","ping_status":"closed","template":"","meta":{"site-sidebar-layout":"default","site-content-layout":"","ast-site-content-layout":"default","site-content-style":"default","site-sidebar-style":"default","ast-global-header-display":"","ast-banner-title-visibility":"","ast-main-header-display":"","ast-hfb-above-header-display":"","ast-hfb-below-header-display":"","ast-hfb-mobile-header-display":"","site-post-title":"","ast-breadcrumbs-content":"","ast-featured-img":"","footer-sml-layout":"","theme-transparent-header-meta":"default","adv-header-id-meta":"","stick-header-meta":"","header-above-stick-meta":"","header-main-stick-meta":"","header-below-stick-meta":"","astra-migrate-meta-layouts":"set","ast-page-background-enabled":"default","ast-page-background-meta":{"desktop":{"background-color":"","background-image":"","background-repeat":"repeat","background-position":"center center","background-size":"auto","background-attachment":"scroll","background-type":"","background-media":"","overlay-type":"","overlay-color":"","overlay-opacity":"","overlay-gradient":""},"tablet":{"background-color":"","background-image":"","background-repeat":"repeat","background-position":"center center","background-size":"auto","background-attachment":"scroll","background-type":"","background-media":"","overlay-type":"","overlay-color":"","overlay-opacity":"","overlay-gradient":""},"mobile":{"background-color":"","background-image":"","background-repeat":"repeat","background-position":"center center","background-size":"auto","background-attachment":"scroll","background-type":"","background-media":"","overlay-type":"","overlay-color":"","overlay-opacity":"","overlay-gradient":""}},"ast-content-background-meta":{"desktop":{"background-color":"var(--ast-global-color-5)","background-image":"","background-repeat":"repeat","background-position":"center center","background-size":"auto","background-attachment":"scroll","background-type":"","background-media":"","overlay-type":"","overlay-color":"","overlay-opacity":"","overlay-gradient":""},"tablet":{"background-color":"var(--ast-global-color-5)","background-image":"","background-repeat":"repeat","background-position":"center center","background-size":"auto","background-attachment":"scroll","background-type":"","background-media":"","overlay-type":"","overlay-color":"","overlay-opacity":"","overlay-gradient":""},"mobile":{"background-color":"var(--ast-global-color-5)","background-image":"","background-repeat":"repeat","background-position":"center center","background-size":"auto","background-attachment":"scroll","background-type":"","background-media":"","overlay-type":"","overlay-color":"","overlay-opacity":"","overlay-gradient":""}}},"product_brand":[],"product_cat":[36],"product_tag":[],"class_list":{"0":"post-1667","1":"product","2":"type-product","3":"status-publish","4":"has-post-thumbnail","6":"product_cat-boite-a-bijoux","7":"product_shipping_class-1kg","8":"desktop-align-left","9":"tablet-align-left","10":"mobile-align-left","12":"first","13":"instock","14":"shipping-taxable","15":"purchasable","16":"product-type-variable","17":"has-default-attributes"},"_links":{"self":[{"href":"http:\/\/51.68.119.59\/JustineLefebvre\/les-creations-de-justine\/index.php?rest_route=\/wp\/v2\/product\/1667","targetHints":{"allow":["GET"]}}],"collection":[{"href":"http:\/\/51.68.119.59\/JustineLefebvre\/les-creations-de-justine\/index.php?rest_route=\/wp\/v2\/product"}],"about":[{"href":"http:\/\/51.68.119.59\/JustineLefebvre\/les-creations-de-justine\/index.php?rest_route=\/wp\/v2\/types\/product"}],"replies":[{"embeddable":true,"href":"http:\/\/51.68.119.59\/JustineLefebvre\/les-creations-de-justine\/index.php?rest_route=%2Fwp%2Fv2%2Fcomments&post=1667"}],"wp:featuredmedia":[{"embeddable":true,"href":"http:\/\/51.68.119.59\/JustineLefebvre\/les-creations-de-justine\/index.php?rest_route=\/wp\/v2\/media\/1671"}],"wp:attachment":[{"href":"http:\/\/51.68.119.59\/JustineLefebvre\/les-creations-de-justine\/index.php?rest_route=%2Fwp%2Fv2%2Fmedia&parent=1667"}],"wp:term":[{"taxonomy":"product_brand","embeddable":true,"href":"http:\/\/51.68.119.59\/JustineLefebvre\/les-creations-de-justine\/index.php?rest_route=%2Fwp%2Fv2%2Fproduct_brand&post=1667"},{"taxonomy":"product_cat","embeddable":true,"href":"http:\/\/51.68.119.59\/JustineLefebvre\/les-creations-de-justine\/index.php?rest_route=%2Fwp%2Fv2%2Fproduct_cat&post=1667"},{"taxonomy":"product_tag","embeddable":true,"href":"http:\/\/51.68.119.59\/JustineLefebvre\/les-creations-de-justine\/index.php?rest_route=%2Fwp%2Fv2%2Fproduct_tag&post=1667"}],"curies":[{"name":"wp","href":"https:\/\/api.w.org\/{rel}","templated":true}]}}