{"id":1672,"date":"2025-04-15T15:04:07","date_gmt":"2025-04-15T13:04:07","guid":{"rendered":"http:\/\/51.68.119.59\/JustineLefebvre\/les-creations-de-justine\/?post_type=product&#038;p=1672"},"modified":"2025-04-18T11:06:13","modified_gmt":"2025-04-18T09:06:13","slug":"lotus","status":"publish","type":"product","link":"http:\/\/51.68.119.59\/JustineLefebvre\/les-creations-de-justine\/?product=lotus","title":{"rendered":"Lotus"},"content":{"rendered":"","protected":false},"excerpt":{"rendered":"<p>Apportez une touche <strong>unique<\/strong> et <strong>chaleureuse<\/strong> \u00e0 votre d\u00e9coration avec ce magnifique bougeoir en raysin. Fabriqu\u00e9 avec soin, il allie <strong>esth\u00e9tisme<\/strong> et <strong>durabilit\u00e9<\/strong>, parfait pour sublimer vos soir\u00e9es ou cr\u00e9er une ambiance apaisante dans votre int\u00e9rieur.<\/p>\n<p>Id\u00e9al pour mettre en valeur une bougie chauffe-plat ou une petite bougie parfum\u00e9e, il trouve sa place aussi bien sur une table basse, une \u00e9tag\u00e8re ou une table de chevet.<\/p>\n<p>Chaque pi\u00e8ce est enti\u00e8rement faite \u00e0 la main, avec soin et passion, ce qui en fait un objet <strong>unique<\/strong>.<\/p>\n<ul>\n<li><strong>Hauteur:\u00a0<\/strong>3cm<\/li>\n<li><strong>Diam\u00e8tre:\u00a0<\/strong>10cm<\/li>\n<\/ul>\n","protected":false},"featured_media":1680,"comment_status":"closed","ping_status":"closed","template":"","meta":{"site-sidebar-layout":"default","site-content-layout":"","ast-site-content-layout":"default","site-content-style":"default","site-sidebar-style":"default","ast-global-header-display":"","ast-banner-title-visibility":"","ast-main-header-display":"","ast-hfb-above-header-display":"","ast-hfb-below-header-display":"","ast-hfb-mobile-header-display":"","site-post-title":"","ast-breadcrumbs-content":"","ast-featured-img":"","footer-sml-layout":"","theme-transparent-header-meta":"default","adv-header-id-meta":"","stick-header-meta":"","header-above-stick-meta":"","header-main-stick-meta":"","header-below-stick-meta":"","astra-migrate-meta-layouts":"set","ast-page-background-enabled":"default","ast-page-background-meta":{"desktop":{"background-color":"","background-image":"","background-repeat":"repeat","background-position":"center center","background-size":"auto","background-attachment":"scroll","background-type":"","background-media":"","overlay-type":"","overlay-color":"","overlay-opacity":"","overlay-gradient":""},"tablet":{"background-color":"","background-image":"","background-repeat":"repeat","background-position":"center center","background-size":"auto","background-attachment":"scroll","background-type":"","background-media":"","overlay-type":"","overlay-color":"","overlay-opacity":"","overlay-gradient":""},"mobile":{"background-color":"","background-image":"","background-repeat":"repeat","background-position":"center center","background-size":"auto","background-attachment":"scroll","background-type":"","background-media":"","overlay-type":"","overlay-color":"","overlay-opacity":"","overlay-gradient":""}},"ast-content-background-meta":{"desktop":{"background-color":"var(--ast-global-color-5)","background-image":"","background-repeat":"repeat","background-position":"center center","background-size":"auto","background-attachment":"scroll","background-type":"","background-media":"","overlay-type":"","overlay-color":"","overlay-opacity":"","overlay-gradient":""},"tablet":{"background-color":"var(--ast-global-color-5)","background-image":"","background-repeat":"repeat","background-position":"center center","background-size":"auto","background-attachment":"scroll","background-type":"","background-media":"","overlay-type":"","overlay-color":"","overlay-opacity":"","overlay-gradient":""},"mobile":{"background-color":"var(--ast-global-color-5)","background-image":"","background-repeat":"repeat","background-position":"center center","background-size":"auto","background-attachment":"scroll","background-type":"","background-media":"","overlay-type":"","overlay-color":"","overlay-opacity":"","overlay-gradient":""}}},"product_brand":[],"product_cat":[38],"product_tag":[],"class_list":{"0":"post-1672","1":"product","2":"type-product","3":"status-publish","4":"has-post-thumbnail","6":"product_cat-bougeoir","7":"product_shipping_class-1kg","8":"desktop-align-left","9":"tablet-align-left","10":"mobile-align-left","12":"first","13":"instock","14":"shipping-taxable","15":"purchasable","16":"product-type-variable","17":"has-default-attributes"},"_links":{"self":[{"href":"http:\/\/51.68.119.59\/JustineLefebvre\/les-creations-de-justine\/index.php?rest_route=\/wp\/v2\/product\/1672","targetHints":{"allow":["GET"]}}],"collection":[{"href":"http:\/\/51.68.119.59\/JustineLefebvre\/les-creations-de-justine\/index.php?rest_route=\/wp\/v2\/product"}],"about":[{"href":"http:\/\/51.68.119.59\/JustineLefebvre\/les-creations-de-justine\/index.php?rest_route=\/wp\/v2\/types\/product"}],"replies":[{"embeddable":true,"href":"http:\/\/51.68.119.59\/JustineLefebvre\/les-creations-de-justine\/index.php?rest_route=%2Fwp%2Fv2%2Fcomments&post=1672"}],"wp:featuredmedia":[{"embeddable":true,"href":"http:\/\/51.68.119.59\/JustineLefebvre\/les-creations-de-justine\/index.php?rest_route=\/wp\/v2\/media\/1680"}],"wp:attachment":[{"href":"http:\/\/51.68.119.59\/JustineLefebvre\/les-creations-de-justine\/index.php?rest_route=%2Fwp%2Fv2%2Fmedia&parent=1672"}],"wp:term":[{"taxonomy":"product_brand","embeddable":true,"href":"http:\/\/51.68.119.59\/JustineLefebvre\/les-creations-de-justine\/index.php?rest_route=%2Fwp%2Fv2%2Fproduct_brand&post=1672"},{"taxonomy":"product_cat","embeddable":true,"href":"http:\/\/51.68.119.59\/JustineLefebvre\/les-creations-de-justine\/index.php?rest_route=%2Fwp%2Fv2%2Fproduct_cat&post=1672"},{"taxonomy":"product_tag","embeddable":true,"href":"http:\/\/51.68.119.59\/JustineLefebvre\/les-creations-de-justine\/index.php?rest_route=%2Fwp%2Fv2%2Fproduct_tag&post=1672"}],"curies":[{"name":"wp","href":"https:\/\/api.w.org\/{rel}","templated":true}]}}