{"id":84,"date":"2025-04-24T14:10:19","date_gmt":"2025-04-24T14:10:19","guid":{"rendered":"http:\/\/51.68.119.59\/Kama\/Woocommerce\/?post_type=product&#038;p=84"},"modified":"2025-04-24T14:56:13","modified_gmt":"2025-04-24T14:56:13","slug":"body-comme-papa","status":"publish","type":"product","link":"http:\/\/51.68.119.59\/Kama\/Woocommerce\/?product=body-comme-papa","title":{"rendered":"Body Comme Papa"},"content":{"rendered":"<ul>\n<li>3 Boutons pression sans nickel \u00e0 l\u2019entrejambe<\/li>\n<li>Tissu r\u00e9sistant : 200g\/m\u00b2<\/li>\n<li>Composition : 100 % coton bio (gris chin\u00e9 : 85 % coton bio, 15 % viscose)<\/li>\n<\/ul>\n","protected":false},"excerpt":{"rendered":"<h4 class=\"western\">Body B\u00e9b\u00e9 bio manches courtes<\/h4>\n<p>De l\u2019air frais pour les petits bras : Body B\u00e9b\u00e9 \u00e0 manches courtes pour les beaux jours. L\u2019habillage comme le d\u00e9shabillage s\u2019effectuent rapidement, et tout en douceur gr\u00e2ce aux coutures \u00e9lastiques au col s\u2019\u00e9largissant sans effort.<\/p>\n","protected":false},"featured_media":85,"comment_status":"open","ping_status":"closed","template":"","meta":[],"product_brand":[],"product_cat":[28],"product_tag":[],"class_list":{"0":"post-84","1":"product","2":"type-product","3":"status-publish","4":"has-post-thumbnail","6":"product_cat-bodies","8":"first","9":"instock","10":"taxable","11":"shipping-taxable","12":"purchasable","13":"product-type-variable"},"_links":{"self":[{"href":"http:\/\/51.68.119.59\/Kama\/Woocommerce\/index.php?rest_route=\/wp\/v2\/product\/84","targetHints":{"allow":["GET"]}}],"collection":[{"href":"http:\/\/51.68.119.59\/Kama\/Woocommerce\/index.php?rest_route=\/wp\/v2\/product"}],"about":[{"href":"http:\/\/51.68.119.59\/Kama\/Woocommerce\/index.php?rest_route=\/wp\/v2\/types\/product"}],"replies":[{"embeddable":true,"href":"http:\/\/51.68.119.59\/Kama\/Woocommerce\/index.php?rest_route=%2Fwp%2Fv2%2Fcomments&post=84"}],"wp:featuredmedia":[{"embeddable":true,"href":"http:\/\/51.68.119.59\/Kama\/Woocommerce\/index.php?rest_route=\/wp\/v2\/media\/85"}],"wp:attachment":[{"href":"http:\/\/51.68.119.59\/Kama\/Woocommerce\/index.php?rest_route=%2Fwp%2Fv2%2Fmedia&parent=84"}],"wp:term":[{"taxonomy":"product_brand","embeddable":true,"href":"http:\/\/51.68.119.59\/Kama\/Woocommerce\/index.php?rest_route=%2Fwp%2Fv2%2Fproduct_brand&post=84"},{"taxonomy":"product_cat","embeddable":true,"href":"http:\/\/51.68.119.59\/Kama\/Woocommerce\/index.php?rest_route=%2Fwp%2Fv2%2Fproduct_cat&post=84"},{"taxonomy":"product_tag","embeddable":true,"href":"http:\/\/51.68.119.59\/Kama\/Woocommerce\/index.php?rest_route=%2Fwp%2Fv2%2Fproduct_tag&post=84"}],"curies":[{"name":"wp","href":"https:\/\/api.w.org\/{rel}","templated":true}]}}