{"id":204,"date":"2025-04-22T19:55:39","date_gmt":"2025-04-22T19:55:39","guid":{"rendered":"http:\/\/51.68.119.59\/NasseraMazouz\/UnMondeSurPause\/?page_id=204"},"modified":"2025-05-21T10:04:13","modified_gmt":"2025-05-21T10:04:13","slug":"paiement-securise","status":"publish","type":"page","link":"http:\/\/51.68.119.59\/NasseraMazouz\/UnMondeSurPause\/?page_id=204","title":{"rendered":"Paiement s\u00e9curis\u00e9"},"content":{"rendered":"\t\t<div data-elementor-type=\"wp-page\" data-elementor-id=\"204\" class=\"elementor elementor-204\">\n\t\t\t\t<div class=\"elementor-element elementor-element-4344b08 e-flex e-con-boxed e-con e-parent\" data-id=\"4344b08\" data-element_type=\"container\" data-settings=\"{&quot;background_background&quot;:&quot;classic&quot;}\">\n\t\t\t\t\t<div class=\"e-con-inner\">\n\t\t\t\t<div class=\"elementor-element elementor-element-ea13d62 elementor-widget elementor-widget-heading\" data-id=\"ea13d62\" data-element_type=\"widget\" data-widget_type=\"heading.default\">\n\t\t\t\t<div class=\"elementor-widget-container\">\n\t\t\t\t\t<h2 class=\"elementor-heading-title elementor-size-default\">Paiement s\u00e9curis\u00e9<\/h2>\t\t\t\t<\/div>\n\t\t\t\t<\/div>\n\t\t\t\t\t<\/div>\n\t\t\t\t<\/div>\n\t\t<div class=\"elementor-element elementor-element-195981d e-flex e-con-boxed e-con e-parent\" data-id=\"195981d\" data-element_type=\"container\" data-settings=\"{&quot;background_background&quot;:&quot;classic&quot;}\">\n\t\t\t\t\t<div class=\"e-con-inner\">\n\t\t\t\t<div class=\"elementor-element elementor-element-7997cf3 elementor-widget elementor-widget-text-editor\" data-id=\"7997cf3\" data-element_type=\"widget\" data-widget_type=\"text-editor.default\">\n\t\t\t\t<div class=\"elementor-widget-container\">\n\t\t\t\t\t\t\t\t\t<p style=\"text-align: center;\">Chez Un monde sur Pause\u00ae, la s\u00e9curit\u00e9 de vos donn\u00e9es et de vos transactions sont une priorit\u00e9.<\/p><p style=\"text-align: center;\">Afin de vous garantir une exp\u00e9rience d\u2019achat en ligne fiable et sereine, nous mettons tout en \u0153uvre pour s\u00e9curiser vos paiements.<\/p>\t\t\t\t\t\t\t\t<\/div>\n\t\t\t\t<\/div>\n\t\t\t\t\t<\/div>\n\t\t\t\t<\/div>\n\t\t<div class=\"elementor-element elementor-element-67101dd e-flex e-con-boxed e-con e-parent\" data-id=\"67101dd\" data-element_type=\"container\" data-settings=\"{&quot;background_background&quot;:&quot;classic&quot;}\">\n\t\t\t\t\t<div class=\"e-con-inner\">\n\t\t\t\t<div class=\"elementor-element elementor-element-7f098e5 elementor-widget elementor-widget-image\" data-id=\"7f098e5\" data-element_type=\"widget\" data-widget_type=\"image.default\">\n\t\t\t\t<div class=\"elementor-widget-container\">\n\t\t\t\t\t\t\t\t\t\t\t\t\t\t\t<img decoding=\"async\" src=\"http:\/\/51.68.119.59\/NasseraMazouz\/UnMondeSurPause\/wp-content\/uploads\/elementor\/thumbs\/cropped-cropped-cropped-Capture-chat-1-2-r50hj9cjto3nw9bvoh792helxepsvn4xso7gvivuvc.jpg\" title=\"cropped-cropped-cropped-Capture-chat-1-2.jpg\" alt=\"Un Monde sur Pause\" loading=\"lazy\" \/>\t\t\t\t\t\t\t\t\t\t\t\t\t\t\t<\/div>\n\t\t\t\t<\/div>\n\t\t\t\t\t<\/div>\n\t\t\t\t<\/div>\n\t\t<div class=\"elementor-element elementor-element-3efdf12 e-flex e-con-boxed e-con e-parent\" data-id=\"3efdf12\" data-element_type=\"container\" data-settings=\"{&quot;background_background&quot;:&quot;classic&quot;,&quot;shape_divider_bottom&quot;:&quot;triangle&quot;,&quot;shape_divider_bottom_negative&quot;:&quot;yes&quot;}\">\n\t\t\t\t\t<div class=\"e-con-inner\">\n\t\t\t\t<div class=\"elementor-shape elementor-shape-bottom\" data-negative=\"true\">\n\t\t\t<svg xmlns=\"http:\/\/www.w3.org\/2000\/svg\" viewBox=\"0 0 1000 100\" preserveAspectRatio=\"none\">\n\t<path class=\"elementor-shape-fill\" d=\"M500.2,94.7L0,0v100h1000V0L500.2,94.7z\"\/>\n<\/svg>\t\t<\/div>\n\t\t\t\t<div class=\"elementor-element elementor-element-77e7374 elementor-widget elementor-widget-text-editor\" data-id=\"77e7374\" data-element_type=\"widget\" data-widget_type=\"text-editor.default\">\n\t\t\t\t<div class=\"elementor-widget-container\">\n\t\t\t\t\t\t\t\t\t<p><strong>Paiement 100 % s\u00e9curis\u00e9<\/strong><\/p><p>Les transactions effectu\u00e9es sur notre site sont enti\u00e8rement s\u00e9curis\u00e9es gr\u00e2ce \u00e0 des protocoles de cryptage SSL (Secure Socket Layer). Ce syst\u00e8me vous garantit que toutes les informations transmises sont crypt\u00e9es et prot\u00e9g\u00e9es lors de leur saisie et de leur transfert.<\/p><p>Aucune donn\u00e9e bancaire ne transite directement par notre site. Vos informations de paiement sont trait\u00e9es de mani\u00e8re s\u00e9curis\u00e9e par des plateformes de paiement reconnues.<\/p><p>\u00a0<\/p><p><strong>Moyens de paiement<\/strong><strong> accept\u00e9s <\/strong><\/p><p>Vous avez le choix parmi plusieurs solutions de paiement :<\/p><p>Virement bancaire<\/p><p>Application Lydia<\/p><p>Carte bancaire (via la plateforme s\u00e9curis\u00e9e Paypal \u2013 sans obligation de cr\u00e9er un compte)<\/p><p>Compte Paypal<\/p><p>\u00a0<\/p><p><img decoding=\"async\" class=\"emoji\" role=\"img\" draggable=\"false\" src=\"https:\/\/s.w.org\/images\/core\/emoji\/15.1.0\/svg\/27a1.svg\" alt=\"\u27a1\ufe0f\" \/> \u00c0 noter : Si vous ne poss\u00e9dez pas de compte Paypal, vous pouvez tout de m\u00eame r\u00e9gler par carte bancaire via leur interface, en choisissant l\u2019option \u201cPayer sans compte\u201d.<\/p><p>\u00a0<\/p><p><strong>Modalit\u00e9s de r\u00e8glement<\/strong><br \/>Le paiement est exigible imm\u00e9diatement au moment de la commande, y compris pour les produits en pr\u00e9commande.<\/p><p>En cas de commande non r\u00e9gl\u00e9e, celle-ci ne pourra pas \u00eatre pr\u00e9par\u00e9e ni exp\u00e9di\u00e9e.<\/p><p>Le transfert de propri\u00e9t\u00e9 des articles intervient uniquement apr\u00e8s le paiement int\u00e9gral de la commande.<\/p><p>\u00a0<\/p><p><strong>Besoin d\u2019aide ?<\/strong><br \/>Si vous avez la moindre question concernant un mode de paiement, n\u2019h\u00e9sitez pas \u00e0 nous contacter via notre <a href=\"http:\/\/localhost:10004\/?page_id=13\"><span style=\"text-decoration: underline;\">formulaire de contact<\/span><\/a>. Nous sommes \u00e0 votre \u00e9coute et nous nous ferons un plaisir de vous accompagner dans votre commande.<\/p>\t\t\t\t\t\t\t\t<\/div>\n\t\t\t\t<\/div>\n\t\t\t\t\t<\/div>\n\t\t\t\t<\/div>\n\t\t\t\t<\/div>\n\t\t","protected":false},"excerpt":{"rendered":"<p>Paiement s\u00e9curis\u00e9 Chez Un monde sur Pause\u00ae, la s\u00e9curit\u00e9 de vos donn\u00e9es et de vos transactions sont une priorit\u00e9. Afin de vous garantir une exp\u00e9rience d\u2019achat en ligne fiable et sereine, nous mettons tout en \u0153uvre pour s\u00e9curiser vos paiements. Paiement 100 % s\u00e9curis\u00e9 Les transactions effectu\u00e9es sur notre site sont enti\u00e8rement s\u00e9curis\u00e9es gr\u00e2ce \u00e0 [&hellip;]<\/p>\n","protected":false},"author":1,"featured_media":0,"parent":0,"menu_order":0,"comment_status":"closed","ping_status":"closed","template":"","meta":{"ocean_post_layout":"","ocean_both_sidebars_style":"","ocean_both_sidebars_content_width":0,"ocean_both_sidebars_sidebars_width":0,"ocean_sidebar":"","ocean_second_sidebar":"","ocean_disable_margins":"enable","ocean_add_body_class":"","ocean_shortcode_before_top_bar":"","ocean_shortcode_after_top_bar":"","ocean_shortcode_before_header":"","ocean_shortcode_after_header":"","ocean_has_shortcode":"","ocean_shortcode_after_title":"","ocean_shortcode_before_footer_widgets":"","ocean_shortcode_after_footer_widgets":"","ocean_shortcode_before_footer_bottom":"","ocean_shortcode_after_footer_bottom":"","ocean_display_top_bar":"default","ocean_display_header":"default","ocean_header_style":"","ocean_center_header_left_menu":"","ocean_custom_header_template":"","ocean_custom_logo":0,"ocean_custom_retina_logo":0,"ocean_custom_logo_max_width":0,"ocean_custom_logo_tablet_max_width":0,"ocean_custom_logo_mobile_max_width":0,"ocean_custom_logo_max_height":0,"ocean_custom_logo_tablet_max_height":0,"ocean_custom_logo_mobile_max_height":0,"ocean_header_custom_menu":"","ocean_menu_typo_font_family":"","ocean_menu_typo_font_subset":"","ocean_menu_typo_font_size":0,"ocean_menu_typo_font_size_tablet":0,"ocean_menu_typo_font_size_mobile":0,"ocean_menu_typo_font_size_unit":"px","ocean_menu_typo_font_weight":"","ocean_menu_typo_font_weight_tablet":"","ocean_menu_typo_font_weight_mobile":"","ocean_menu_typo_transform":"","ocean_menu_typo_transform_tablet":"","ocean_menu_typo_transform_mobile":"","ocean_menu_typo_line_height":0,"ocean_menu_typo_line_height_tablet":0,"ocean_menu_typo_line_height_mobile":0,"ocean_menu_typo_line_height_unit":"","ocean_menu_typo_spacing":0,"ocean_menu_typo_spacing_tablet":0,"ocean_menu_typo_spacing_mobile":0,"ocean_menu_typo_spacing_unit":"","ocean_menu_link_color":"","ocean_menu_link_color_hover":"","ocean_menu_link_color_active":"","ocean_menu_link_background":"","ocean_menu_link_hover_background":"","ocean_menu_link_active_background":"","ocean_menu_social_links_bg":"","ocean_menu_social_hover_links_bg":"","ocean_menu_social_links_color":"","ocean_menu_social_hover_links_color":"","ocean_disable_title":"default","ocean_disable_heading":"default","ocean_post_title":"","ocean_post_subheading":"","ocean_post_title_style":"","ocean_post_title_background_color":"","ocean_post_title_background":0,"ocean_post_title_bg_image_position":"","ocean_post_title_bg_image_attachment":"","ocean_post_title_bg_image_repeat":"","ocean_post_title_bg_image_size":"","ocean_post_title_height":0,"ocean_post_title_bg_overlay":0.5,"ocean_post_title_bg_overlay_color":"","ocean_disable_breadcrumbs":"default","ocean_breadcrumbs_color":"","ocean_breadcrumbs_separator_color":"","ocean_breadcrumbs_links_color":"","ocean_breadcrumbs_links_hover_color":"","ocean_display_footer_widgets":"default","ocean_display_footer_bottom":"default","ocean_custom_footer_template":"","footnotes":""},"class_list":["post-204","page","type-page","status-publish","hentry","entry","owp-thumbs-layout-horizontal","owp-btn-normal","owp-tabs-layout-horizontal","has-no-thumbnails","has-product-nav","circle-sale"],"yoast_head":"<!-- This site is optimized with the Yoast SEO plugin v24.9 - https:\/\/yoast.com\/wordpress\/plugins\/seo\/ -->\n<title>Paiement s\u00e9curis\u00e9 - Un Monde sur Pause\u00ae<\/title>\n<meta name=\"robots\" content=\"index, follow, max-snippet:-1, max-image-preview:large, max-video-preview:-1\" \/>\n<link rel=\"canonical\" href=\"http:\/\/51.68.119.59\/NasseraMazouz\/UnMondeSurPause\/?page_id=204\" \/>\n<meta property=\"og:locale\" content=\"fr_FR\" \/>\n<meta property=\"og:type\" content=\"article\" \/>\n<meta property=\"og:title\" content=\"Paiement s\u00e9curis\u00e9 - Un Monde sur Pause\u00ae\" \/>\n<meta property=\"og:description\" content=\"Paiement s\u00e9curis\u00e9 Chez Un monde sur Pause\u00ae, la s\u00e9curit\u00e9 de vos donn\u00e9es et de vos transactions sont une priorit\u00e9. Afin de vous garantir une exp\u00e9rience d\u2019achat en ligne fiable et sereine, nous mettons tout en \u0153uvre pour s\u00e9curiser vos paiements. Paiement 100 % s\u00e9curis\u00e9 Les transactions effectu\u00e9es sur notre site sont enti\u00e8rement s\u00e9curis\u00e9es gr\u00e2ce \u00e0 [&hellip;]\" \/>\n<meta property=\"og:url\" content=\"http:\/\/51.68.119.59\/NasseraMazouz\/UnMondeSurPause\/?page_id=204\" \/>\n<meta property=\"og:site_name\" content=\"Un Monde sur Pause\u00ae\" \/>\n<meta property=\"article:modified_time\" content=\"2025-05-21T10:04:13+00:00\" \/>\n<meta property=\"og:image\" content=\"http:\/\/51.68.119.59\/NasseraMazouz\/UnMondeSurPause\/wp-content\/uploads\/elementor\/thumbs\/cropped-cropped-cropped-Capture-chat-1-2-r50hj9cjto3nw9bvoh792helxepsvn4xso7gvivuvc.jpg\" \/>\n<meta name=\"twitter:card\" content=\"summary_large_image\" \/>\n<meta name=\"twitter:label1\" content=\"Dur\u00e9e de lecture estim\u00e9e\" \/>\n\t<meta name=\"twitter:data1\" content=\"2 minutes\" \/>\n<script type=\"application\/ld+json\" class=\"yoast-schema-graph\">{\"@context\":\"https:\/\/schema.org\",\"@graph\":[{\"@type\":\"WebPage\",\"@id\":\"http:\/\/51.68.119.59\/NasseraMazouz\/UnMondeSurPause\/?page_id=204\",\"url\":\"http:\/\/51.68.119.59\/NasseraMazouz\/UnMondeSurPause\/?page_id=204\",\"name\":\"Paiement s\u00e9curis\u00e9 - Un Monde sur Pause\u00ae\",\"isPartOf\":{\"@id\":\"http:\/\/51.68.119.59\/NasseraMazouz\/UnMondeSurPause\/#website\"},\"primaryImageOfPage\":{\"@id\":\"http:\/\/51.68.119.59\/NasseraMazouz\/UnMondeSurPause\/?page_id=204#primaryimage\"},\"image\":{\"@id\":\"http:\/\/51.68.119.59\/NasseraMazouz\/UnMondeSurPause\/?page_id=204#primaryimage\"},\"thumbnailUrl\":\"http:\/\/51.68.119.59\/NasseraMazouz\/UnMondeSurPause\/wp-content\/uploads\/elementor\/thumbs\/cropped-cropped-cropped-Capture-chat-1-2-r50hj9cjto3nw9bvoh792helxepsvn4xso7gvivuvc.jpg\",\"datePublished\":\"2025-04-22T19:55:39+00:00\",\"dateModified\":\"2025-05-21T10:04:13+00:00\",\"breadcrumb\":{\"@id\":\"http:\/\/51.68.119.59\/NasseraMazouz\/UnMondeSurPause\/?page_id=204#breadcrumb\"},\"inLanguage\":\"fr-FR\",\"potentialAction\":[{\"@type\":\"ReadAction\",\"target\":[\"http:\/\/51.68.119.59\/NasseraMazouz\/UnMondeSurPause\/?page_id=204\"]}]},{\"@type\":\"ImageObject\",\"inLanguage\":\"fr-FR\",\"@id\":\"http:\/\/51.68.119.59\/NasseraMazouz\/UnMondeSurPause\/?page_id=204#primaryimage\",\"url\":\"http:\/\/51.68.119.59\/NasseraMazouz\/UnMondeSurPause\/wp-content\/uploads\/elementor\/thumbs\/cropped-cropped-cropped-Capture-chat-1-2-r50hj9cjto3nw9bvoh792helxepsvn4xso7gvivuvc.jpg\",\"contentUrl\":\"http:\/\/51.68.119.59\/NasseraMazouz\/UnMondeSurPause\/wp-content\/uploads\/elementor\/thumbs\/cropped-cropped-cropped-Capture-chat-1-2-r50hj9cjto3nw9bvoh792helxepsvn4xso7gvivuvc.jpg\"},{\"@type\":\"BreadcrumbList\",\"@id\":\"http:\/\/51.68.119.59\/NasseraMazouz\/UnMondeSurPause\/?page_id=204#breadcrumb\",\"itemListElement\":[{\"@type\":\"ListItem\",\"position\":1,\"name\":\"Accueil\",\"item\":\"http:\/\/51.68.119.59\/NasseraMazouz\/UnMondeSurPause\/\"},{\"@type\":\"ListItem\",\"position\":2,\"name\":\"Paiement s\u00e9curis\u00e9\"}]},{\"@type\":\"WebSite\",\"@id\":\"http:\/\/51.68.119.59\/NasseraMazouz\/UnMondeSurPause\/#website\",\"url\":\"http:\/\/51.68.119.59\/NasseraMazouz\/UnMondeSurPause\/\",\"name\":\"Un Monde sur Pause\u00ae\",\"description\":\"Ici tout commence !\",\"potentialAction\":[{\"@type\":\"SearchAction\",\"target\":{\"@type\":\"EntryPoint\",\"urlTemplate\":\"http:\/\/51.68.119.59\/NasseraMazouz\/UnMondeSurPause\/?s={search_term_string}\"},\"query-input\":{\"@type\":\"PropertyValueSpecification\",\"valueRequired\":true,\"valueName\":\"search_term_string\"}}],\"inLanguage\":\"fr-FR\"}]}<\/script>\n<!-- \/ Yoast SEO plugin. -->","yoast_head_json":{"title":"Paiement s\u00e9curis\u00e9 - Un Monde sur Pause\u00ae","robots":{"index":"index","follow":"follow","max-snippet":"max-snippet:-1","max-image-preview":"max-image-preview:large","max-video-preview":"max-video-preview:-1"},"canonical":"http:\/\/51.68.119.59\/NasseraMazouz\/UnMondeSurPause\/?page_id=204","og_locale":"fr_FR","og_type":"article","og_title":"Paiement s\u00e9curis\u00e9 - Un Monde sur Pause\u00ae","og_description":"Paiement s\u00e9curis\u00e9 Chez Un monde sur Pause\u00ae, la s\u00e9curit\u00e9 de vos donn\u00e9es et de vos transactions sont une priorit\u00e9. Afin de vous garantir une exp\u00e9rience d\u2019achat en ligne fiable et sereine, nous mettons tout en \u0153uvre pour s\u00e9curiser vos paiements. Paiement 100 % s\u00e9curis\u00e9 Les transactions effectu\u00e9es sur notre site sont enti\u00e8rement s\u00e9curis\u00e9es gr\u00e2ce \u00e0 [&hellip;]","og_url":"http:\/\/51.68.119.59\/NasseraMazouz\/UnMondeSurPause\/?page_id=204","og_site_name":"Un Monde sur Pause\u00ae","article_modified_time":"2025-05-21T10:04:13+00:00","og_image":[{"url":"http:\/\/51.68.119.59\/NasseraMazouz\/UnMondeSurPause\/wp-content\/uploads\/elementor\/thumbs\/cropped-cropped-cropped-Capture-chat-1-2-r50hj9cjto3nw9bvoh792helxepsvn4xso7gvivuvc.jpg","type":"","width":"","height":""}],"twitter_card":"summary_large_image","twitter_misc":{"Dur\u00e9e de lecture estim\u00e9e":"2 minutes"},"schema":{"@context":"https:\/\/schema.org","@graph":[{"@type":"WebPage","@id":"http:\/\/51.68.119.59\/NasseraMazouz\/UnMondeSurPause\/?page_id=204","url":"http:\/\/51.68.119.59\/NasseraMazouz\/UnMondeSurPause\/?page_id=204","name":"Paiement s\u00e9curis\u00e9 - Un Monde sur Pause\u00ae","isPartOf":{"@id":"http:\/\/51.68.119.59\/NasseraMazouz\/UnMondeSurPause\/#website"},"primaryImageOfPage":{"@id":"http:\/\/51.68.119.59\/NasseraMazouz\/UnMondeSurPause\/?page_id=204#primaryimage"},"image":{"@id":"http:\/\/51.68.119.59\/NasseraMazouz\/UnMondeSurPause\/?page_id=204#primaryimage"},"thumbnailUrl":"http:\/\/51.68.119.59\/NasseraMazouz\/UnMondeSurPause\/wp-content\/uploads\/elementor\/thumbs\/cropped-cropped-cropped-Capture-chat-1-2-r50hj9cjto3nw9bvoh792helxepsvn4xso7gvivuvc.jpg","datePublished":"2025-04-22T19:55:39+00:00","dateModified":"2025-05-21T10:04:13+00:00","breadcrumb":{"@id":"http:\/\/51.68.119.59\/NasseraMazouz\/UnMondeSurPause\/?page_id=204#breadcrumb"},"inLanguage":"fr-FR","potentialAction":[{"@type":"ReadAction","target":["http:\/\/51.68.119.59\/NasseraMazouz\/UnMondeSurPause\/?page_id=204"]}]},{"@type":"ImageObject","inLanguage":"fr-FR","@id":"http:\/\/51.68.119.59\/NasseraMazouz\/UnMondeSurPause\/?page_id=204#primaryimage","url":"http:\/\/51.68.119.59\/NasseraMazouz\/UnMondeSurPause\/wp-content\/uploads\/elementor\/thumbs\/cropped-cropped-cropped-Capture-chat-1-2-r50hj9cjto3nw9bvoh792helxepsvn4xso7gvivuvc.jpg","contentUrl":"http:\/\/51.68.119.59\/NasseraMazouz\/UnMondeSurPause\/wp-content\/uploads\/elementor\/thumbs\/cropped-cropped-cropped-Capture-chat-1-2-r50hj9cjto3nw9bvoh792helxepsvn4xso7gvivuvc.jpg"},{"@type":"BreadcrumbList","@id":"http:\/\/51.68.119.59\/NasseraMazouz\/UnMondeSurPause\/?page_id=204#breadcrumb","itemListElement":[{"@type":"ListItem","position":1,"name":"Accueil","item":"http:\/\/51.68.119.59\/NasseraMazouz\/UnMondeSurPause\/"},{"@type":"ListItem","position":2,"name":"Paiement s\u00e9curis\u00e9"}]},{"@type":"WebSite","@id":"http:\/\/51.68.119.59\/NasseraMazouz\/UnMondeSurPause\/#website","url":"http:\/\/51.68.119.59\/NasseraMazouz\/UnMondeSurPause\/","name":"Un Monde sur Pause\u00ae","description":"Ici tout commence !","potentialAction":[{"@type":"SearchAction","target":{"@type":"EntryPoint","urlTemplate":"http:\/\/51.68.119.59\/NasseraMazouz\/UnMondeSurPause\/?s={search_term_string}"},"query-input":{"@type":"PropertyValueSpecification","valueRequired":true,"valueName":"search_term_string"}}],"inLanguage":"fr-FR"}]}},"_links":{"self":[{"href":"http:\/\/51.68.119.59\/NasseraMazouz\/UnMondeSurPause\/index.php?rest_route=\/wp\/v2\/pages\/204","targetHints":{"allow":["GET"]}}],"collection":[{"href":"http:\/\/51.68.119.59\/NasseraMazouz\/UnMondeSurPause\/index.php?rest_route=\/wp\/v2\/pages"}],"about":[{"href":"http:\/\/51.68.119.59\/NasseraMazouz\/UnMondeSurPause\/index.php?rest_route=\/wp\/v2\/types\/page"}],"author":[{"embeddable":true,"href":"http:\/\/51.68.119.59\/NasseraMazouz\/UnMondeSurPause\/index.php?rest_route=\/wp\/v2\/users\/1"}],"replies":[{"embeddable":true,"href":"http:\/\/51.68.119.59\/NasseraMazouz\/UnMondeSurPause\/index.php?rest_route=%2Fwp%2Fv2%2Fcomments&post=204"}],"version-history":[{"count":46,"href":"http:\/\/51.68.119.59\/NasseraMazouz\/UnMondeSurPause\/index.php?rest_route=\/wp\/v2\/pages\/204\/revisions"}],"predecessor-version":[{"id":1837,"href":"http:\/\/51.68.119.59\/NasseraMazouz\/UnMondeSurPause\/index.php?rest_route=\/wp\/v2\/pages\/204\/revisions\/1837"}],"wp:attachment":[{"href":"http:\/\/51.68.119.59\/NasseraMazouz\/UnMondeSurPause\/index.php?rest_route=%2Fwp%2Fv2%2Fmedia&parent=204"}],"curies":[{"name":"wp","href":"https:\/\/api.w.org\/{rel}","templated":true}]}}