{"id":763,"date":"2025-05-07T07:28:54","date_gmt":"2025-05-07T07:28:54","guid":{"rendered":"http:\/\/51.68.119.59\/NasseraMazouz\/UnMondeSurPause\/?page_id=763"},"modified":"2025-05-18T20:20:39","modified_gmt":"2025-05-18T20:20:39","slug":"code-de-deontologie","status":"publish","type":"page","link":"http:\/\/51.68.119.59\/NasseraMazouz\/UnMondeSurPause\/?page_id=763","title":{"rendered":"Code de d\u00e9ontologie"},"content":{"rendered":"\t\t<div data-elementor-type=\"wp-page\" data-elementor-id=\"763\" class=\"elementor elementor-763\">\n\t\t\t\t<div class=\"elementor-element elementor-element-b3783b7 e-flex e-con-boxed e-con e-parent\" data-id=\"b3783b7\" data-element_type=\"container\" data-settings=\"{&quot;background_background&quot;:&quot;classic&quot;}\">\n\t\t\t\t\t<div class=\"e-con-inner\">\n\t\t\t\t<div class=\"elementor-element elementor-element-7b1d95a elementor-widget elementor-widget-text-editor\" data-id=\"7b1d95a\" data-element_type=\"widget\" data-widget_type=\"text-editor.default\">\n\t\t\t\t<div class=\"elementor-widget-container\">\n\t\t\t\t\t\t\t\t\t<h2 style=\"text-align: center;\"><strong>Bien que non soumis \u00e0 une r\u00e9glementation stricte, le th\u00e9rapeute a un devoir moral et <\/strong><br \/><strong>professionnel de garantir des accompagnements respectueux et s\u00e9curisants. <\/strong><br \/><strong>Elle vise \u00e0 prot\u00e9ger le patient tout en renfor\u00e7ant la cr\u00e9dibilit\u00e9 et le s\u00e9rieux du th\u00e9rapeute.<\/strong><\/h2>\t\t\t\t\t\t\t\t<\/div>\n\t\t\t\t<\/div>\n\t\t\t\t\t<\/div>\n\t\t\t\t<\/div>\n\t\t<div class=\"elementor-element elementor-element-c8cf15d e-flex e-con-boxed e-con e-parent\" data-id=\"c8cf15d\" data-element_type=\"container\" data-settings=\"{&quot;background_background&quot;:&quot;classic&quot;,&quot;shape_divider_bottom&quot;:&quot;triangle&quot;,&quot;shape_divider_bottom_negative&quot;:&quot;yes&quot;}\">\n\t\t\t\t\t<div class=\"e-con-inner\">\n\t\t\t\t<div class=\"elementor-shape elementor-shape-bottom\" data-negative=\"true\">\n\t\t\t<svg xmlns=\"http:\/\/www.w3.org\/2000\/svg\" viewBox=\"0 0 1000 100\" preserveAspectRatio=\"none\">\n\t<path class=\"elementor-shape-fill\" d=\"M500.2,94.7L0,0v100h1000V0L500.2,94.7z\"\/>\n<\/svg>\t\t<\/div>\n\t\t\t\t<div class=\"elementor-element elementor-element-fc96752 elementor-widget elementor-widget-text-editor\" data-id=\"fc96752\" data-element_type=\"widget\" data-widget_type=\"text-editor.default\">\n\t\t\t\t<div class=\"elementor-widget-container\">\n\t\t\t\t\t\t\t\t\t<h2 style=\"text-align: center;\">Voici certains principes fondamentaux qui s&rsquo;appliquent selon moi<\/h2><p>\u00a0<\/p><p><strong>Respect de la personne<\/strong> <br \/>Le th\u00e9rapeute s\u2019engage \u00e0 respecter la dignit\u00e9, les droits fondamentaux, et l\u2019int\u00e9grit\u00e9 des personnes qu\u2019il accompagne.<\/p><p>\u00a0<\/p><p><strong>Non-discrimination<\/strong><\/p><p>\u00a0Aucun patient ne doit \u00eatre exclu ou trait\u00e9 diff\u00e9remment en raison de son \u00e2ge, sexe, orientation sexuelle, origine ethnique, croyances religieuses, ou situation sociale.<\/p><p>\u00a0<\/p><p><strong>Consentement \u00e9c<\/strong><strong>lair\u00e9<\/strong><\/p><p>Le patient doit \u00eatre pleinement inform\u00e9 des m\u00e9thodes utilis\u00e9es, de leurs limites, et de leurs objectifs avant d\u2019engager un accompagnement. Il peut arr\u00eater \u00e0 tout moment le suivi sans justification.<\/p><p>\u00a0<\/p><p><strong>Confidentialit\u00e9<\/strong> <br \/>Toutes les informations partag\u00e9es par le patient doivent rester strictement confidentielles, sauf en cas de danger grave pour le patient ou pour autrui.<\/p><p>\u00a0<\/p><p><strong>Protection des donn\u00e9es<\/strong> <br \/>Les donn\u00e9es personnelles ou sensibles doivent \u00eatre collect\u00e9es, stock\u00e9es et trait\u00e9es en conformit\u00e9 avec les lois en vigueur (comme le RGPD dans l\u2019Union Europ\u00e9enne).<\/p><p>\u00a0<\/p><p><strong>Comp\u00e9tence et formation<\/strong> <br \/>Le th\u00e9rapeute doit s\u2019assurer que ses comp\u00e9tences sont \u00e0 jour en suivant r\u00e9guli\u00e8rement des formations ou en approfondissant ses connaissances. <br \/>Il doit exercer uniquement dans les domaines pour lesquels il est form\u00e9 et comp\u00e9tent. Si une probl\u00e9matique d\u00e9passe ses capacit\u00e9s, il doit orienter le patient vers un professionnel qualifi\u00e9.<\/p><p>\u00a0<\/p><p><strong>Absence de pratiques dangereuses<\/strong> <br \/>Le th\u00e9rapeute s\u2019interdit toute pratique pouvant mettre en danger la sant\u00e9 physique ou mentale du patient.<\/p><p>\u00a0<\/p><p><strong>Transparence<\/strong> <br \/>Le th\u00e9rapeute doit informer clairement qu\u2019il exerce une activit\u00e9 non r\u00e9glement\u00e9e. Il ne doit pas laisser croire qu\u2019il est affili\u00e9 \u00e0 une profession r\u00e9glement\u00e9e s\u2019il ne l\u2019est pas (par exemple, psychologue ou m\u00e9decin).<\/p><p>\u00a0<\/p><p><strong>Modalit\u00e9s et tarifs<\/strong> <br \/>Les modalit\u00e9s de l\u2019accompagnement (dur\u00e9e, objectifs, m\u00e9thodes) ainsi que les tarifs doivent \u00eatre explicit\u00e9s avant le d\u00e9but du suivi.<\/p><p>\u00a0<\/p><p><strong>Publicit\u00e9 \u00e9thique<\/strong> <br \/>Toute communication ou publicit\u00e9 doit \u00eatre honn\u00eate, sans exag\u00e9rer les r\u00e9sultats ou induire en erreur sur les promesses de l\u2019accompagnement.<\/p><p>\u00a0<\/p><p><strong>Neutralit\u00e9 et bienveillance<\/strong> <br \/>Le th\u00e9rapeute doit rester neutre et bienveillant, quelle que soit la situation ou les choix de vie du patient.<\/p><p>\u00a0<\/p><p><strong>\u00c9viter les conflits d\u2019int\u00e9r\u00eats<\/strong> <br \/>Il ne doit pas utiliser sa position pour tirer des avantages personnels ou financiers autres que ceux pr\u00e9vus dans le cadre du suivi.<\/p>\t\t\t\t\t\t\t\t<\/div>\n\t\t\t\t<\/div>\n\t\t\t\t\t<\/div>\n\t\t\t\t<\/div>\n\t\t<div class=\"elementor-element elementor-element-a3d390a e-flex e-con-boxed e-con e-parent\" data-id=\"a3d390a\" data-element_type=\"container\">\n\t\t\t\t\t<div class=\"e-con-inner\">\n\t\t\t\t<div class=\"elementor-element elementor-element-729847f elementor-widget elementor-widget-heading\" data-id=\"729847f\" data-element_type=\"widget\" data-widget_type=\"heading.default\">\n\t\t\t\t<div class=\"elementor-widget-container\">\n\t\t\t\t\t<h2 class=\"elementor-heading-title elementor-size-default\"><h2 class=\"elementor-heading-title elementor-size-default elementor-inline-editing pen\" data-elementor-setting-key=\"title\" data-pen-placeholder=\"\u00c9crivez ici...\" style=\"font-variant-ligatures: normal; font-variant-caps: normal; font-family: &quot;Open Sans&quot;, sans-serif; font-style: normal; text-align: center;\">Retrouves-moi sur les r\u00e9seaux<\/h2><\/h2>\t\t\t\t<\/div>\n\t\t\t\t<\/div>\n\t\t\t\t<div class=\"elementor-element elementor-element-bb4164d elementor-shape-circle elementor-grid-0 e-grid-align-center elementor-widget elementor-widget-social-icons\" data-id=\"bb4164d\" data-element_type=\"widget\" data-widget_type=\"social-icons.default\">\n\t\t\t\t<div class=\"elementor-widget-container\">\n\t\t\t\t\t\t\t<div class=\"elementor-social-icons-wrapper elementor-grid\">\n\t\t\t\t\t\t\t<span class=\"elementor-grid-item\">\n\t\t\t\t\t<a class=\"elementor-icon elementor-social-icon elementor-social-icon-facebook elementor-repeater-item-7f04581\" href=\"https:\/\/www.facebook.com\/people\/Les-Subtiles-P%C3%A9pites\/61574979497602\/\" target=\"_blank\">\n\t\t\t\t\t\t<span class=\"elementor-screen-only\">Facebook<\/span>\n\t\t\t\t\t\t<svg class=\"e-font-icon-svg e-fab-facebook\" viewBox=\"0 0 512 512\" xmlns=\"http:\/\/www.w3.org\/2000\/svg\"><path d=\"M504 256C504 119 393 8 256 8S8 119 8 256c0 123.78 90.69 226.38 209.25 245V327.69h-63V256h63v-54.64c0-62.15 37-96.48 93.67-96.48 27.14 0 55.52 4.84 55.52 4.84v61h-31.28c-30.8 0-40.41 19.12-40.41 38.73V256h68.78l-11 71.69h-57.78V501C413.31 482.38 504 379.78 504 256z\"><\/path><\/svg>\t\t\t\t\t<\/a>\n\t\t\t\t<\/span>\n\t\t\t\t\t\t\t<span class=\"elementor-grid-item\">\n\t\t\t\t\t<a class=\"elementor-icon elementor-social-icon elementor-social-icon-instagram elementor-repeater-item-38ab981\" href=\"https:\/\/www.instagram.com\/un_monde_sur_pause?igsh=aWa5weTFncnJpeXFn\" target=\"_blank\">\n\t\t\t\t\t\t<span class=\"elementor-screen-only\">Instagram<\/span>\n\t\t\t\t\t\t<svg class=\"e-font-icon-svg e-fab-instagram\" viewBox=\"0 0 448 512\" xmlns=\"http:\/\/www.w3.org\/2000\/svg\"><path d=\"M224.1 141c-63.6 0-114.9 51.3-114.9 114.9s51.3 114.9 114.9 114.9S339 319.5 339 255.9 287.7 141 224.1 141zm0 189.6c-41.1 0-74.7-33.5-74.7-74.7s33.5-74.7 74.7-74.7 74.7 33.5 74.7 74.7-33.6 74.7-74.7 74.7zm146.4-194.3c0 14.9-12 26.8-26.8 26.8-14.9 0-26.8-12-26.8-26.8s12-26.8 26.8-26.8 26.8 12 26.8 26.8zm76.1 27.2c-1.7-35.9-9.9-67.7-36.2-93.9-26.2-26.2-58-34.4-93.9-36.2-37-2.1-147.9-2.1-184.9 0-35.8 1.7-67.6 9.9-93.9 36.1s-34.4 58-36.2 93.9c-2.1 37-2.1 147.9 0 184.9 1.7 35.9 9.9 67.7 36.2 93.9s58 34.4 93.9 36.2c37 2.1 147.9 2.1 184.9 0 35.9-1.7 67.7-9.9 93.9-36.2 26.2-26.2 34.4-58 36.2-93.9 2.1-37 2.1-147.8 0-184.8zM398.8 388c-7.8 19.6-22.9 34.7-42.6 42.6-29.5 11.7-99.5 9-132.1 9s-102.7 2.6-132.1-9c-19.6-7.8-34.7-22.9-42.6-42.6-11.7-29.5-9-99.5-9-132.1s-2.6-102.7 9-132.1c7.8-19.6 22.9-34.7 42.6-42.6 29.5-11.7 99.5-9 132.1-9s102.7-2.6 132.1 9c19.6 7.8 34.7 22.9 42.6 42.6 11.7 29.5 9 99.5 9 132.1s2.7 102.7-9 132.1z\"><\/path><\/svg>\t\t\t\t\t<\/a>\n\t\t\t\t<\/span>\n\t\t\t\t\t<\/div>\n\t\t\t\t\t\t<\/div>\n\t\t\t\t<\/div>\n\t\t\t\t\t<\/div>\n\t\t\t\t<\/div>\n\t\t\t\t<\/div>\n\t\t","protected":false},"excerpt":{"rendered":"<p>Bien que non soumis \u00e0 une r\u00e9glementation stricte, le th\u00e9rapeute a un devoir moral et professionnel de garantir des accompagnements respectueux et s\u00e9curisants. Elle vise \u00e0 prot\u00e9ger le patient tout en renfor\u00e7ant la cr\u00e9dibilit\u00e9 et le s\u00e9rieux du th\u00e9rapeute. Voici certains principes fondamentaux qui s&rsquo;appliquent selon moi \u00a0 Respect de la personne Le th\u00e9rapeute s\u2019engage [&hellip;]<\/p>\n","protected":false},"author":1,"featured_media":0,"parent":11,"menu_order":0,"comment_status":"closed","ping_status":"closed","template":"","meta":{"ocean_post_layout":"","ocean_both_sidebars_style":"","ocean_both_sidebars_content_width":0,"ocean_both_sidebars_sidebars_width":0,"ocean_sidebar":"","ocean_second_sidebar":"","ocean_disable_margins":"enable","ocean_add_body_class":"","ocean_shortcode_before_top_bar":"","ocean_shortcode_after_top_bar":"","ocean_shortcode_before_header":"","ocean_shortcode_after_header":"","ocean_has_shortcode":"","ocean_shortcode_after_title":"","ocean_shortcode_before_footer_widgets":"","ocean_shortcode_after_footer_widgets":"","ocean_shortcode_before_footer_bottom":"","ocean_shortcode_after_footer_bottom":"","ocean_display_top_bar":"default","ocean_display_header":"default","ocean_header_style":"","ocean_center_header_left_menu":"","ocean_custom_header_template":"","ocean_custom_logo":0,"ocean_custom_retina_logo":0,"ocean_custom_logo_max_width":0,"ocean_custom_logo_tablet_max_width":0,"ocean_custom_logo_mobile_max_width":0,"ocean_custom_logo_max_height":0,"ocean_custom_logo_tablet_max_height":0,"ocean_custom_logo_mobile_max_height":0,"ocean_header_custom_menu":"","ocean_menu_typo_font_family":"","ocean_menu_typo_font_subset":"","ocean_menu_typo_font_size":0,"ocean_menu_typo_font_size_tablet":0,"ocean_menu_typo_font_size_mobile":0,"ocean_menu_typo_font_size_unit":"px","ocean_menu_typo_font_weight":"","ocean_menu_typo_font_weight_tablet":"","ocean_menu_typo_font_weight_mobile":"","ocean_menu_typo_transform":"","ocean_menu_typo_transform_tablet":"","ocean_menu_typo_transform_mobile":"","ocean_menu_typo_line_height":0,"ocean_menu_typo_line_height_tablet":0,"ocean_menu_typo_line_height_mobile":0,"ocean_menu_typo_line_height_unit":"","ocean_menu_typo_spacing":0,"ocean_menu_typo_spacing_tablet":0,"ocean_menu_typo_spacing_mobile":0,"ocean_menu_typo_spacing_unit":"","ocean_menu_link_color":"","ocean_menu_link_color_hover":"","ocean_menu_link_color_active":"","ocean_menu_link_background":"","ocean_menu_link_hover_background":"","ocean_menu_link_active_background":"","ocean_menu_social_links_bg":"","ocean_menu_social_hover_links_bg":"","ocean_menu_social_links_color":"","ocean_menu_social_hover_links_color":"","ocean_disable_title":"default","ocean_disable_heading":"default","ocean_post_title":"","ocean_post_subheading":"","ocean_post_title_style":"","ocean_post_title_background_color":"","ocean_post_title_background":0,"ocean_post_title_bg_image_position":"","ocean_post_title_bg_image_attachment":"","ocean_post_title_bg_image_repeat":"","ocean_post_title_bg_image_size":"","ocean_post_title_height":0,"ocean_post_title_bg_overlay":0.5,"ocean_post_title_bg_overlay_color":"","ocean_disable_breadcrumbs":"default","ocean_breadcrumbs_color":"","ocean_breadcrumbs_separator_color":"","ocean_breadcrumbs_links_color":"","ocean_breadcrumbs_links_hover_color":"","ocean_display_footer_widgets":"default","ocean_display_footer_bottom":"default","ocean_custom_footer_template":"","footnotes":""},"class_list":["post-763","page","type-page","status-publish","hentry","entry","owp-thumbs-layout-horizontal","owp-btn-normal","owp-tabs-layout-horizontal","has-no-thumbnails","has-product-nav","circle-sale"],"yoast_head":"<!-- This site is optimized with the Yoast SEO plugin v24.9 - https:\/\/yoast.com\/wordpress\/plugins\/seo\/ -->\n<title>Code de d\u00e9ontologie - Un Monde sur Pause\u00ae<\/title>\n<meta name=\"robots\" content=\"index, follow, max-snippet:-1, max-image-preview:large, max-video-preview:-1\" \/>\n<link rel=\"canonical\" href=\"http:\/\/51.68.119.59\/NasseraMazouz\/UnMondeSurPause\/?page_id=763\" \/>\n<meta property=\"og:locale\" content=\"fr_FR\" \/>\n<meta property=\"og:type\" content=\"article\" \/>\n<meta property=\"og:title\" content=\"Code de d\u00e9ontologie - Un Monde sur Pause\u00ae\" \/>\n<meta property=\"og:description\" content=\"Bien que non soumis \u00e0 une r\u00e9glementation stricte, le th\u00e9rapeute a un devoir moral et professionnel de garantir des accompagnements respectueux et s\u00e9curisants. Elle vise \u00e0 prot\u00e9ger le patient tout en renfor\u00e7ant la cr\u00e9dibilit\u00e9 et le s\u00e9rieux du th\u00e9rapeute. Voici certains principes fondamentaux qui s&rsquo;appliquent selon moi \u00a0 Respect de la personne Le th\u00e9rapeute s\u2019engage [&hellip;]\" \/>\n<meta property=\"og:url\" content=\"http:\/\/51.68.119.59\/NasseraMazouz\/UnMondeSurPause\/?page_id=763\" \/>\n<meta property=\"og:site_name\" content=\"Un Monde sur Pause\u00ae\" \/>\n<meta property=\"article:modified_time\" content=\"2025-05-18T20:20:39+00:00\" \/>\n<meta name=\"twitter:card\" content=\"summary_large_image\" \/>\n<meta name=\"twitter:label1\" content=\"Dur\u00e9e de lecture estim\u00e9e\" \/>\n\t<meta name=\"twitter:data1\" content=\"2 minutes\" \/>\n<script type=\"application\/ld+json\" class=\"yoast-schema-graph\">{\"@context\":\"https:\/\/schema.org\",\"@graph\":[{\"@type\":\"WebPage\",\"@id\":\"http:\/\/51.68.119.59\/NasseraMazouz\/UnMondeSurPause\/?page_id=763\",\"url\":\"http:\/\/51.68.119.59\/NasseraMazouz\/UnMondeSurPause\/?page_id=763\",\"name\":\"Code de d\u00e9ontologie - Un Monde sur Pause\u00ae\",\"isPartOf\":{\"@id\":\"http:\/\/51.68.119.59\/NasseraMazouz\/UnMondeSurPause\/#website\"},\"datePublished\":\"2025-05-07T07:28:54+00:00\",\"dateModified\":\"2025-05-18T20:20:39+00:00\",\"breadcrumb\":{\"@id\":\"http:\/\/51.68.119.59\/NasseraMazouz\/UnMondeSurPause\/?page_id=763#breadcrumb\"},\"inLanguage\":\"fr-FR\",\"potentialAction\":[{\"@type\":\"ReadAction\",\"target\":[\"http:\/\/51.68.119.59\/NasseraMazouz\/UnMondeSurPause\/?page_id=763\"]}]},{\"@type\":\"BreadcrumbList\",\"@id\":\"http:\/\/51.68.119.59\/NasseraMazouz\/UnMondeSurPause\/?page_id=763#breadcrumb\",\"itemListElement\":[{\"@type\":\"ListItem\",\"position\":1,\"name\":\"Accueil\",\"item\":\"http:\/\/51.68.119.59\/NasseraMazouz\/UnMondeSurPause\/\"},{\"@type\":\"ListItem\",\"position\":2,\"name\":\"Coaching &amp; Th\u00e9rapies Br\u00e8ves\",\"item\":\"http:\/\/51.68.119.59\/NasseraMazouz\/UnMondeSurPause\/?page_id=11\"},{\"@type\":\"ListItem\",\"position\":3,\"name\":\"Code de d\u00e9ontologie\"}]},{\"@type\":\"WebSite\",\"@id\":\"http:\/\/51.68.119.59\/NasseraMazouz\/UnMondeSurPause\/#website\",\"url\":\"http:\/\/51.68.119.59\/NasseraMazouz\/UnMondeSurPause\/\",\"name\":\"Un Monde sur Pause\u00ae\",\"description\":\"Ici tout commence !\",\"potentialAction\":[{\"@type\":\"SearchAction\",\"target\":{\"@type\":\"EntryPoint\",\"urlTemplate\":\"http:\/\/51.68.119.59\/NasseraMazouz\/UnMondeSurPause\/?s={search_term_string}\"},\"query-input\":{\"@type\":\"PropertyValueSpecification\",\"valueRequired\":true,\"valueName\":\"search_term_string\"}}],\"inLanguage\":\"fr-FR\"}]}<\/script>\n<!-- \/ Yoast SEO plugin. -->","yoast_head_json":{"title":"Code de d\u00e9ontologie - Un Monde sur Pause\u00ae","robots":{"index":"index","follow":"follow","max-snippet":"max-snippet:-1","max-image-preview":"max-image-preview:large","max-video-preview":"max-video-preview:-1"},"canonical":"http:\/\/51.68.119.59\/NasseraMazouz\/UnMondeSurPause\/?page_id=763","og_locale":"fr_FR","og_type":"article","og_title":"Code de d\u00e9ontologie - Un Monde sur Pause\u00ae","og_description":"Bien que non soumis \u00e0 une r\u00e9glementation stricte, le th\u00e9rapeute a un devoir moral et professionnel de garantir des accompagnements respectueux et s\u00e9curisants. Elle vise \u00e0 prot\u00e9ger le patient tout en renfor\u00e7ant la cr\u00e9dibilit\u00e9 et le s\u00e9rieux du th\u00e9rapeute. Voici certains principes fondamentaux qui s&rsquo;appliquent selon moi \u00a0 Respect de la personne Le th\u00e9rapeute s\u2019engage [&hellip;]","og_url":"http:\/\/51.68.119.59\/NasseraMazouz\/UnMondeSurPause\/?page_id=763","og_site_name":"Un Monde sur Pause\u00ae","article_modified_time":"2025-05-18T20:20:39+00:00","twitter_card":"summary_large_image","twitter_misc":{"Dur\u00e9e de lecture estim\u00e9e":"2 minutes"},"schema":{"@context":"https:\/\/schema.org","@graph":[{"@type":"WebPage","@id":"http:\/\/51.68.119.59\/NasseraMazouz\/UnMondeSurPause\/?page_id=763","url":"http:\/\/51.68.119.59\/NasseraMazouz\/UnMondeSurPause\/?page_id=763","name":"Code de d\u00e9ontologie - Un Monde sur Pause\u00ae","isPartOf":{"@id":"http:\/\/51.68.119.59\/NasseraMazouz\/UnMondeSurPause\/#website"},"datePublished":"2025-05-07T07:28:54+00:00","dateModified":"2025-05-18T20:20:39+00:00","breadcrumb":{"@id":"http:\/\/51.68.119.59\/NasseraMazouz\/UnMondeSurPause\/?page_id=763#breadcrumb"},"inLanguage":"fr-FR","potentialAction":[{"@type":"ReadAction","target":["http:\/\/51.68.119.59\/NasseraMazouz\/UnMondeSurPause\/?page_id=763"]}]},{"@type":"BreadcrumbList","@id":"http:\/\/51.68.119.59\/NasseraMazouz\/UnMondeSurPause\/?page_id=763#breadcrumb","itemListElement":[{"@type":"ListItem","position":1,"name":"Accueil","item":"http:\/\/51.68.119.59\/NasseraMazouz\/UnMondeSurPause\/"},{"@type":"ListItem","position":2,"name":"Coaching &amp; Th\u00e9rapies Br\u00e8ves","item":"http:\/\/51.68.119.59\/NasseraMazouz\/UnMondeSurPause\/?page_id=11"},{"@type":"ListItem","position":3,"name":"Code de d\u00e9ontologie"}]},{"@type":"WebSite","@id":"http:\/\/51.68.119.59\/NasseraMazouz\/UnMondeSurPause\/#website","url":"http:\/\/51.68.119.59\/NasseraMazouz\/UnMondeSurPause\/","name":"Un Monde sur Pause\u00ae","description":"Ici tout commence !","potentialAction":[{"@type":"SearchAction","target":{"@type":"EntryPoint","urlTemplate":"http:\/\/51.68.119.59\/NasseraMazouz\/UnMondeSurPause\/?s={search_term_string}"},"query-input":{"@type":"PropertyValueSpecification","valueRequired":true,"valueName":"search_term_string"}}],"inLanguage":"fr-FR"}]}},"_links":{"self":[{"href":"http:\/\/51.68.119.59\/NasseraMazouz\/UnMondeSurPause\/index.php?rest_route=\/wp\/v2\/pages\/763","targetHints":{"allow":["GET"]}}],"collection":[{"href":"http:\/\/51.68.119.59\/NasseraMazouz\/UnMondeSurPause\/index.php?rest_route=\/wp\/v2\/pages"}],"about":[{"href":"http:\/\/51.68.119.59\/NasseraMazouz\/UnMondeSurPause\/index.php?rest_route=\/wp\/v2\/types\/page"}],"author":[{"embeddable":true,"href":"http:\/\/51.68.119.59\/NasseraMazouz\/UnMondeSurPause\/index.php?rest_route=\/wp\/v2\/users\/1"}],"replies":[{"embeddable":true,"href":"http:\/\/51.68.119.59\/NasseraMazouz\/UnMondeSurPause\/index.php?rest_route=%2Fwp%2Fv2%2Fcomments&post=763"}],"version-history":[{"count":49,"href":"http:\/\/51.68.119.59\/NasseraMazouz\/UnMondeSurPause\/index.php?rest_route=\/wp\/v2\/pages\/763\/revisions"}],"predecessor-version":[{"id":1659,"href":"http:\/\/51.68.119.59\/NasseraMazouz\/UnMondeSurPause\/index.php?rest_route=\/wp\/v2\/pages\/763\/revisions\/1659"}],"up":[{"embeddable":true,"href":"http:\/\/51.68.119.59\/NasseraMazouz\/UnMondeSurPause\/index.php?rest_route=\/wp\/v2\/pages\/11"}],"wp:attachment":[{"href":"http:\/\/51.68.119.59\/NasseraMazouz\/UnMondeSurPause\/index.php?rest_route=%2Fwp%2Fv2%2Fmedia&parent=763"}],"curies":[{"name":"wp","href":"https:\/\/api.w.org\/{rel}","templated":true}]}}