{"id":135,"date":"2024-11-19T22:24:42","date_gmt":"2024-11-19T21:24:42","guid":{"rendered":"http:\/\/51.68.119.59\/Seo\/gogojuiceband\/?page_id=135"},"modified":"2024-11-26T23:33:12","modified_gmt":"2024-11-26T22:33:12","slug":"presse","status":"publish","type":"page","link":"http:\/\/51.68.119.59\/Seo\/gogojuiceband\/index.php\/presse\/","title":{"rendered":"Presse"},"content":{"rendered":"\t\t<div data-elementor-type=\"wp-page\" data-elementor-id=\"135\" class=\"elementor elementor-135\">\n\t\t\t\t<div class=\"elementor-element elementor-element-fa50271 e-flex e-con-boxed e-con e-parent\" data-id=\"fa50271\" data-element_type=\"container\" data-settings=\"{&quot;background_background&quot;:&quot;slideshow&quot;,&quot;background_slideshow_gallery&quot;:[{&quot;id&quot;:139,&quot;url&quot;:&quot;http:\\\/\\\/51.68.119.59\\\/Seo\\\/gogojuiceband\\\/wp-content\\\/uploads\\\/2024\\\/10\\\/Gogo-Juice-09011-web.jpg&quot;}],&quot;background_slideshow_loop&quot;:&quot;yes&quot;,&quot;background_slideshow_slide_duration&quot;:5000,&quot;background_slideshow_slide_transition&quot;:&quot;fade&quot;,&quot;background_slideshow_transition_duration&quot;:500}\">\n\t\t\t\t\t<div class=\"e-con-inner\">\n\t\t\t\t<div class=\"elementor-element elementor-element-6a3d1c7 elementor-widget elementor-widget-heading\" data-id=\"6a3d1c7\" data-element_type=\"widget\" data-widget_type=\"heading.default\">\n\t\t\t\t<div class=\"elementor-widget-container\">\n\t\t\t<h1 class=\"elementor-heading-title elementor-size-default\">Presse<\/h1>\t\t<\/div>\n\t\t\t\t<\/div>\n\t\t\t\t\t<\/div>\n\t\t\t\t<\/div>\n\t\t<div class=\"elementor-element elementor-element-ce817b7 e-flex e-con-boxed e-con e-parent\" data-id=\"ce817b7\" data-element_type=\"container\" data-settings=\"{&quot;background_background&quot;:&quot;classic&quot;}\">\n\t\t\t\t\t<div class=\"e-con-inner\">\n\t\t<div class=\"elementor-element elementor-element-d3ef0be e-grid e-con-full elementor-hidden-desktop elementor-hidden-tablet e-con e-child\" data-id=\"d3ef0be\" data-element_type=\"container\">\n\t\t<div class=\"elementor-element elementor-element-f052259 e-con-full e-flex e-con e-child\" data-id=\"f052259\" data-element_type=\"container\" data-settings=\"{&quot;background_background&quot;:&quot;classic&quot;}\">\n\t\t<div class=\"elementor-element elementor-element-7ac0ccb e-con-full e-flex e-con e-child\" data-id=\"7ac0ccb\" data-element_type=\"container\">\n\t\t\t\t<div class=\"elementor-element elementor-element-827f0e1 elementor-widget__width-initial elementor-widget elementor-widget-image\" data-id=\"827f0e1\" data-element_type=\"widget\" data-widget_type=\"image.default\">\n\t\t\t\t<div class=\"elementor-widget-container\">\n\t\t\t\t\t\t\t\t\t\t\t\t\t<img decoding=\"async\" width=\"198\" height=\"198\" src=\"http:\/\/51.68.119.59\/Seo\/gogojuiceband\/wp-content\/uploads\/2024\/11\/358723288_763616665769010_3892099392694103860_n.jpg\" class=\"attachment-full size-full wp-image-371\" alt=\"\" srcset=\"http:\/\/51.68.119.59\/Seo\/gogojuiceband\/wp-content\/uploads\/2024\/11\/358723288_763616665769010_3892099392694103860_n.jpg 198w, http:\/\/51.68.119.59\/Seo\/gogojuiceband\/wp-content\/uploads\/2024\/11\/358723288_763616665769010_3892099392694103860_n-150x150.jpg 150w, http:\/\/51.68.119.59\/Seo\/gogojuiceband\/wp-content\/uploads\/2024\/11\/358723288_763616665769010_3892099392694103860_n-100x100.jpg 100w, http:\/\/51.68.119.59\/Seo\/gogojuiceband\/wp-content\/uploads\/2024\/11\/elementor\/thumbs\/358723288_763616665769010_3892099392694103860_n-150x150.jpg 250w, http:\/\/51.68.119.59\/Seo\/gogojuiceband\/wp-content\/uploads\/2024\/11\/elementor\/thumbs\/358723288_763616665769010_3892099392694103860_n-150x150.jpg 300w, http:\/\/51.68.119.59\/Seo\/gogojuiceband\/wp-content\/uploads\/2024\/11\/elementor\/thumbs\/358723288_763616665769010_3892099392694103860_n-150x150.jpg 500w\" sizes=\"(max-width: 198px) 100vw, 198px\" \/>\t\t\t\t\t\t\t\t\t\t\t\t\t<\/div>\n\t\t\t\t<\/div>\n\t\t<div class=\"elementor-element elementor-element-5e13b94 e-con-full e-flex e-con e-child\" data-id=\"5e13b94\" data-element_type=\"container\">\n\t\t<div class=\"elementor-element elementor-element-a098d4f e-con-full e-flex e-con e-child\" data-id=\"a098d4f\" data-element_type=\"container\" data-settings=\"{&quot;background_background&quot;:&quot;classic&quot;}\">\n\t\t\t\t<div class=\"elementor-element elementor-element-f4ae341 elementor-widget elementor-widget-heading\" data-id=\"f4ae341\" data-element_type=\"widget\" data-widget_type=\"heading.default\">\n\t\t\t\t<div class=\"elementor-widget-container\">\n\t\t\t<h3 class=\"elementor-heading-title elementor-size-default\">Longueurs d'Ondes n\u00b0102<\/h3>\t\t<\/div>\n\t\t\t\t<\/div>\n\t\t\t\t<\/div>\n\t\t<div class=\"elementor-element elementor-element-a9f8d5f e-con-full e-flex e-con e-child\" data-id=\"a9f8d5f\" data-element_type=\"container\" data-settings=\"{&quot;background_background&quot;:&quot;classic&quot;}\">\n\t\t\t\t<div class=\"elementor-element elementor-element-92e4379 elementor-widget elementor-widget-heading\" data-id=\"92e4379\" data-element_type=\"widget\" data-widget_type=\"heading.default\">\n\t\t\t\t<div class=\"elementor-widget-container\">\n\t\t\t<h3 class=\"elementor-heading-title elementor-size-default\">07.2024<\/h3>\t\t<\/div>\n\t\t\t\t<\/div>\n\t\t\t\t<\/div>\n\t\t\t\t<\/div>\n\t\t\t\t<\/div>\n\t\t<div class=\"elementor-element elementor-element-82fced7 e-con-full e-flex e-con e-child\" data-id=\"82fced7\" data-element_type=\"container\" data-settings=\"{&quot;background_background&quot;:&quot;classic&quot;}\">\n\t\t\t\t<div class=\"elementor-element elementor-element-8f46553 elementor-widget elementor-widget-text-editor\" data-id=\"8f46553\" data-element_type=\"widget\" data-widget_type=\"text-editor.default\">\n\t\t\t\t<div class=\"elementor-widget-container\">\n\t\t\t\t\t\t\t<p>Let\u2019s dance<br \/><br \/>\u00abPas facile d\u2019exister aujourd\u2019hui dans la d\u00e9ferlante post-punk hexagonale, pourtant depuis Rouen, GogoJuice captive avec son penchant danssant et tonique, sa vitalit\u00e9, sa soif de cr\u00e9er et d\u2019inventer, \u00e0 quelques mois de l\u2019arriv\u00e9e de son premier album.<br \/><br \/>Ils sont quatre copains, formant un combo g\u00e9n\u00e9reux et vibrant, loin du plan de carri\u00e8re et du calcul. Sasha : \u00abOn ne se prend pas trop au s\u00e9rieux. Notre musique est aussi \u00e9chappatoire pour tromper la morosit\u00e9 de nos angoisses personnelles. Ces derni\u00e8res d\u00e9cennies ont vu passer un renouveau du post-punk ; nous, c\u2019est plut\u00f4t le c\u00f4t\u00e9 dansant !\u00bb Leurs derniers singles sont de g\u00e9niaux pop songs qui rev\u00eatent un c\u00f4t\u00e9 sale et bruitiste, le groupe assumant parfaitement ce contraste aussi saisissant que jouissif comme explique Nathan : \u00abLa pop, par d\u00e9finition, c\u2019est ce qui est accessible au plus grand nombre, mais on y apporte un twist, une explosion qui passe par le bruit.\u00bb Nelson : \u00abOn aime bien cramer des prises de voix par exemple ! Il faut que nos morceaux d\u00e9bordent dans le mixage final.\u00bb<br \/><br \/>Il y a chez eux, un m\u00e9lange de candeur et de maturit\u00e9, qui les rend aussi attachants que captivants, notamment quand ils \u00e9voquent leur relation \u00e0 la pop culture. Nathan : \u00abElle a une \u00e9norme influence sur nous. Il y a un rapport \u00e0 l\u2019enfance qui fait aussi \u00e9cho en chacun de nous&#8230; Dans le clip de \u00abKnock Knock Kncok\u00bb, on d\u00e9tourne des images de pubs, ennuyeuses, car elles promeuvent et d\u00e9truisent la culture en m\u00eame temps. Qu\u2019on le veuille ou non, elles envahissent notre quotidien, \u00e0 nous de nous les r\u00e9approprier pour les alt\u00e9rer.\u00bb Musicalement, l\u2019identit\u00e9 du groupe<br \/>est la r\u00e9sultante d\u2019une alchimie complice. Sasha : \u00abNous avons chacun de grosses influences. Moi rap, hyperpop ; Nathan, country ; Martin, house ; Nelson, rock. Il n\u2019y a pas d\u2019influence qui va prendre le dessus. On fait converger ces styles dans une sorte de gros \u00abgloubiboulga\u00bb. \u00c7a donne des morceaux int\u00e9ressants\u00bb.<br \/><br \/>C\u2019est vraiment le cas avec \u00abFrantic\u00bb, leur dernier single imm\u00e9diat et vif, compos\u00e9 par Nathan : \u00abJe voulais cr\u00e9er un morceau comme une autoroute, avec une ligne de basse d\u00e9finissant les accords. Il parle de chaos et d\u2019agitation, en immersion dans les pens\u00e9es angoiss\u00e9es du narrateur qui s\u2019entoure de peurs et de myst\u00e8re. Les paroles de nos chansons contrastent parfois avec l\u2019\u00e9nergie de la musique, pouvant \u00eatre \u00e0 la fois absurdes ou tristes alors que les m\u00e9lodies sont dansantes ou vivves comme une bonne claque dans la gueule !\u00bb De quoi se projeter d\u00e9j\u00e0 sur un premier album, mix\u00e9 par Adrian D\u2019\u00c9pinay, chanteur et guitariste de MNNQNS. Sasha : \u00abIl n\u2019est pas encore totalement achev\u00e9 et on aura mis un an pour le terminer. C\u2019est un peu une le\u00e7on. On a fait les erreurs qu\u2019il fallait faire et on a appris.\u00bb Et a Nelson de conclure : \u00abCet album est la somme de toute la maturation sonore que l\u2019on a eue depuis nos d\u00e9buts. L\u2019opportunit\u00e9 de proposer enfin un vrai produit fini coh\u00e9rent, le fruit de notre \u00e9volution musicale.\u00bb<\/p>\t\t\t\t\t\t<\/div>\n\t\t\t\t<\/div>\n\t\t\t\t<\/div>\n\t\t\t\t<\/div>\n\t\t\t\t<\/div>\n\t\t<div class=\"elementor-element elementor-element-aaba5ff e-grid e-con-full e-con e-child\" data-id=\"aaba5ff\" data-element_type=\"container\">\n\t\t<div class=\"elementor-element elementor-element-c58c7f6 e-con-full e-flex e-con e-child\" data-id=\"c58c7f6\" data-element_type=\"container\" data-settings=\"{&quot;background_background&quot;:&quot;classic&quot;}\">\n\t\t<div class=\"elementor-element elementor-element-a0c5ef9 e-con-full e-flex e-con e-child\" data-id=\"a0c5ef9\" data-element_type=\"container\">\n\t\t\t\t<div class=\"elementor-element elementor-element-7bc12c3 elementor-widget elementor-widget-image\" data-id=\"7bc12c3\" data-element_type=\"widget\" data-widget_type=\"image.default\">\n\t\t\t\t<div class=\"elementor-widget-container\">\n\t\t\t\t\t\t\t\t\t\t\t\t\t<img decoding=\"async\" src=\"http:\/\/51.68.119.59\/Seo\/gogojuiceband\/wp-content\/uploads\/elementor\/thumbs\/2_0-qvxquzjhrtjha0wizevrygckb1qd89c6qz5elp20jo.webp\" title=\"2_0\" alt=\"\" loading=\"lazy\" \/>\t\t\t\t\t\t\t\t\t\t\t\t\t<\/div>\n\t\t\t\t<\/div>\n\t\t<div class=\"elementor-element elementor-element-bdb632c e-con-full e-flex e-con e-child\" data-id=\"bdb632c\" data-element_type=\"container\">\n\t\t<div class=\"elementor-element elementor-element-d5f2502 e-con-full e-flex e-con e-child\" data-id=\"d5f2502\" data-element_type=\"container\" data-settings=\"{&quot;background_background&quot;:&quot;classic&quot;}\">\n\t\t\t\t<div class=\"elementor-element elementor-element-2bf5528 elementor-widget elementor-widget-heading\" data-id=\"2bf5528\" data-element_type=\"widget\" data-widget_type=\"heading.default\">\n\t\t\t\t<div class=\"elementor-widget-container\">\n\t\t\t<h3 class=\"elementor-heading-title elementor-size-default\">Radionysos<\/h3>\t\t<\/div>\n\t\t\t\t<\/div>\n\t\t\t\t<\/div>\n\t\t<div class=\"elementor-element elementor-element-fb65140 e-con-full e-flex e-con e-child\" data-id=\"fb65140\" data-element_type=\"container\" data-settings=\"{&quot;background_background&quot;:&quot;classic&quot;}\">\n\t\t\t\t<div class=\"elementor-element elementor-element-6c4e9f7 elementor-widget elementor-widget-heading\" data-id=\"6c4e9f7\" data-element_type=\"widget\" data-widget_type=\"heading.default\">\n\t\t\t\t<div class=\"elementor-widget-container\">\n\t\t\t<h3 class=\"elementor-heading-title elementor-size-default\">15.05.2023<\/h3>\t\t<\/div>\n\t\t\t\t<\/div>\n\t\t\t\t<\/div>\n\t\t\t\t<\/div>\n\t\t\t\t<\/div>\n\t\t<div class=\"elementor-element elementor-element-bfa5745 e-con-full e-flex e-con e-child\" data-id=\"bfa5745\" data-element_type=\"container\" data-settings=\"{&quot;background_background&quot;:&quot;classic&quot;}\">\n\t\t\t\t<div class=\"elementor-element elementor-element-299ad5f elementor-widget elementor-widget-text-editor\" data-id=\"299ad5f\" data-element_type=\"widget\" data-widget_type=\"text-editor.default\">\n\t\t\t\t<div class=\"elementor-widget-container\">\n\t\t\t\t\t\t\t<p>\u00ab Gogojuice a sorti un nouvel EP, et c\u2019est une petite explosion dans les oreilles et dans le cerveau (et dans le coeur).<br \/>\u00ab New Values \u00bb est fac\u00e9tieux et sautillant, et me fait penser aux d\u00e9buts surexcit\u00e9s de Franz Ferdinand, crois\u00e9 avec un jeune Radiohead \u2013 p\u00e9riode \u00abMy Iron Lung\u00bb &#8211; fougueux, avec un soup\u00e7on de shoegaze.<br \/>J\u2019adore cette diversit\u00e9 de guitares, tout est tr\u00e8s beau et tr\u00e8s r\u00e9ussi, un r\u00e9gal !<\/p>\t\t\t\t\t\t<\/div>\n\t\t\t\t<\/div>\n\t\t\t\t<\/div>\n\t\t\t\t<\/div>\n\t\t\t\t<\/div>\n\t\t<div class=\"elementor-element elementor-element-7fcfdf7 e-grid e-con-full e-con e-child\" data-id=\"7fcfdf7\" data-element_type=\"container\">\n\t\t<div class=\"elementor-element elementor-element-30a985f e-con-full e-flex e-con e-child\" data-id=\"30a985f\" data-element_type=\"container\" data-settings=\"{&quot;background_background&quot;:&quot;classic&quot;}\">\n\t\t<div class=\"elementor-element elementor-element-afb77dc e-con-full e-flex e-con e-child\" data-id=\"afb77dc\" data-element_type=\"container\">\n\t\t\t\t<div class=\"elementor-element elementor-element-a7ee647 elementor-widget__width-initial elementor-widget elementor-widget-image\" data-id=\"a7ee647\" data-element_type=\"widget\" data-widget_type=\"image.default\">\n\t\t\t\t<div class=\"elementor-widget-container\">\n\t\t\t\t\t\t\t\t\t\t\t\t\t<img decoding=\"async\" width=\"160\" height=\"160\" src=\"http:\/\/51.68.119.59\/Seo\/gogojuiceband\/wp-content\/uploads\/2024\/11\/photo_large.jpg\" class=\"attachment-medium size-medium wp-image-373\" alt=\"\" srcset=\"http:\/\/51.68.119.59\/Seo\/gogojuiceband\/wp-content\/uploads\/2024\/11\/photo_large.jpg 160w, http:\/\/51.68.119.59\/Seo\/gogojuiceband\/wp-content\/uploads\/2024\/11\/photo_large-150x150.jpg 150w, http:\/\/51.68.119.59\/Seo\/gogojuiceband\/wp-content\/uploads\/2024\/11\/photo_large-100x100.jpg 100w, http:\/\/51.68.119.59\/Seo\/gogojuiceband\/wp-content\/uploads\/2024\/11\/elementor\/thumbs\/photo_large-150x150.jpg 250w, http:\/\/51.68.119.59\/Seo\/gogojuiceband\/wp-content\/uploads\/2024\/11\/elementor\/thumbs\/photo_large-150x150.jpg 500w, http:\/\/51.68.119.59\/Seo\/gogojuiceband\/wp-content\/uploads\/2024\/11\/elementor\/thumbs\/photo_large-150x150.jpg 700w, http:\/\/51.68.119.59\/Seo\/gogojuiceband\/wp-content\/uploads\/2024\/11\/elementor\/thumbs\/photo_large-150x150.jpg 1000w\" sizes=\"(max-width: 160px) 100vw, 160px\" \/>\t\t\t\t\t\t\t\t\t\t\t\t\t<\/div>\n\t\t\t\t<\/div>\n\t\t<div class=\"elementor-element elementor-element-bfa12f6 e-con-full e-flex e-con e-child\" data-id=\"bfa12f6\" data-element_type=\"container\">\n\t\t<div class=\"elementor-element elementor-element-3189465 e-con-full e-flex e-con e-child\" data-id=\"3189465\" data-element_type=\"container\" data-settings=\"{&quot;background_background&quot;:&quot;classic&quot;}\">\n\t\t\t\t<div class=\"elementor-element elementor-element-b7b8bc7 elementor-widget elementor-widget-heading\" data-id=\"b7b8bc7\" data-element_type=\"widget\" data-widget_type=\"heading.default\">\n\t\t\t\t<div class=\"elementor-widget-container\">\n\t\t\t<h3 class=\"elementor-heading-title elementor-size-default\">Lacarne<\/h3>\t\t<\/div>\n\t\t\t\t<\/div>\n\t\t\t\t<\/div>\n\t\t<div class=\"elementor-element elementor-element-f14338e e-con-full e-flex e-con e-child\" data-id=\"f14338e\" data-element_type=\"container\" data-settings=\"{&quot;background_background&quot;:&quot;classic&quot;}\">\n\t\t\t\t<div class=\"elementor-element elementor-element-78ffe47 elementor-widget elementor-widget-heading\" data-id=\"78ffe47\" data-element_type=\"widget\" data-widget_type=\"heading.default\">\n\t\t\t\t<div class=\"elementor-widget-container\">\n\t\t\t<h3 class=\"elementor-heading-title elementor-size-default\">06.03.2023<\/h3>\t\t<\/div>\n\t\t\t\t<\/div>\n\t\t\t\t<\/div>\n\t\t\t\t<\/div>\n\t\t\t\t<\/div>\n\t\t<div class=\"elementor-element elementor-element-9963322 e-con-full e-flex e-con e-child\" data-id=\"9963322\" data-element_type=\"container\" data-settings=\"{&quot;background_background&quot;:&quot;classic&quot;}\">\n\t\t\t\t<div class=\"elementor-element elementor-element-c766844 elementor-widget elementor-widget-text-editor\" data-id=\"c766844\" data-element_type=\"widget\" data-widget_type=\"text-editor.default\">\n\t\t\t\t<div class=\"elementor-widget-container\">\n\t\t\t\t\t\t\t<p>\u00ab Ils sont ambitieux, simples, minimalistes, psych\u00e9d\u00e9liques et amoureux du rock. Voil\u00e0 ce qu\u2019est Gogojuice.<br \/>Un groupe extr\u00eamement jeune, avec un seul album \u00e0 son actif, qui refl\u00e8te clairement le plaisir que l\u2019on avait dans les ann\u00e9es 60.<br \/>Avant que la musique ne devienne un business, il y avait des gens qui aimaient jouer juste pour le plaisir. Et cette \u00e9motion est captur\u00e9e par ces jeunes gens joyeux, et ils me font croire \u00e0 nouveau que le plaisir de faire de la musique n\u2019est pas li\u00e9 \u00e0 l\u2019argent. \u00bb<\/p>\t\t\t\t\t\t<\/div>\n\t\t\t\t<\/div>\n\t\t\t\t<\/div>\n\t\t\t\t<\/div>\n\t\t\t\t<\/div>\n\t\t<div class=\"elementor-element elementor-element-3b5a3fc e-grid e-con-full e-con e-child\" data-id=\"3b5a3fc\" data-element_type=\"container\">\n\t\t<div class=\"elementor-element elementor-element-c4c3abc e-con-full e-flex e-con e-child\" data-id=\"c4c3abc\" data-element_type=\"container\" data-settings=\"{&quot;background_background&quot;:&quot;classic&quot;}\">\n\t\t<div class=\"elementor-element elementor-element-26e0b1b e-con-full e-flex e-con e-child\" data-id=\"26e0b1b\" data-element_type=\"container\">\n\t\t\t\t<div class=\"elementor-element elementor-element-4210ad4 elementor-widget__width-initial elementor-widget elementor-widget-image\" data-id=\"4210ad4\" data-element_type=\"widget\" data-widget_type=\"image.default\">\n\t\t\t\t<div class=\"elementor-widget-container\">\n\t\t\t\t\t\t\t\t\t\t\t\t\t<img fetchpriority=\"high\" decoding=\"async\" width=\"225\" height=\"225\" src=\"http:\/\/51.68.119.59\/Seo\/gogojuiceband\/wp-content\/uploads\/2024\/11\/images-2.png\" class=\"attachment-medium size-medium wp-image-374\" alt=\"\" srcset=\"http:\/\/51.68.119.59\/Seo\/gogojuiceband\/wp-content\/uploads\/2024\/11\/images-2.png 225w, http:\/\/51.68.119.59\/Seo\/gogojuiceband\/wp-content\/uploads\/2024\/11\/images-2-150x150.png 150w, http:\/\/51.68.119.59\/Seo\/gogojuiceband\/wp-content\/uploads\/2024\/11\/images-2-100x100.png 100w, http:\/\/51.68.119.59\/Seo\/gogojuiceband\/wp-content\/uploads\/2024\/11\/elementor\/thumbs\/images-2-150x150.png 250w\" sizes=\"(max-width: 225px) 100vw, 225px\" \/>\t\t\t\t\t\t\t\t\t\t\t\t\t<\/div>\n\t\t\t\t<\/div>\n\t\t<div class=\"elementor-element elementor-element-88d741d e-con-full e-flex e-con e-child\" data-id=\"88d741d\" data-element_type=\"container\">\n\t\t<div class=\"elementor-element elementor-element-b051bef e-con-full e-flex e-con e-child\" data-id=\"b051bef\" data-element_type=\"container\" data-settings=\"{&quot;background_background&quot;:&quot;classic&quot;}\">\n\t\t\t\t<div class=\"elementor-element elementor-element-01661c7 elementor-widget elementor-widget-heading\" data-id=\"01661c7\" data-element_type=\"widget\" data-widget_type=\"heading.default\">\n\t\t\t\t<div class=\"elementor-widget-container\">\n\t\t\t<h3 class=\"elementor-heading-title elementor-size-default\">RSTLSS Radio \/ Live Supersonic<\/h3>\t\t<\/div>\n\t\t\t\t<\/div>\n\t\t\t\t<\/div>\n\t\t<div class=\"elementor-element elementor-element-df1536d e-con-full e-flex e-con e-child\" data-id=\"df1536d\" data-element_type=\"container\" data-settings=\"{&quot;background_background&quot;:&quot;classic&quot;}\">\n\t\t\t\t<div class=\"elementor-element elementor-element-a75cb8f elementor-widget elementor-widget-heading\" data-id=\"a75cb8f\" data-element_type=\"widget\" data-widget_type=\"heading.default\">\n\t\t\t\t<div class=\"elementor-widget-container\">\n\t\t\t<h3 class=\"elementor-heading-title elementor-size-default\">05.2022<\/h3>\t\t<\/div>\n\t\t\t\t<\/div>\n\t\t\t\t<\/div>\n\t\t\t\t<\/div>\n\t\t\t\t<\/div>\n\t\t<div class=\"elementor-element elementor-element-4d359c6 e-con-full e-flex e-con e-child\" data-id=\"4d359c6\" data-element_type=\"container\" data-settings=\"{&quot;background_background&quot;:&quot;classic&quot;}\">\n\t\t\t\t<div class=\"elementor-element elementor-element-960c1ef elementor-widget elementor-widget-text-editor\" data-id=\"960c1ef\" data-element_type=\"widget\" data-widget_type=\"text-editor.default\">\n\t\t\t\t<div class=\"elementor-widget-container\">\n\t\t\t\t\t\t\t<p>\u00ab Le quatuor rouennais n\u2019en finit pas de bousculer les lignes Alternativ\u2019 \u00e0 chacune de ces prestations sc\u00e9niques et nous ravit une fois de plus de son enthousiasme, de sa fr\u00e9n\u00e9sie, de ses compositions rockeuses et tr\u00e8s da santes que l\u2019on peut retrouver dans leur 1er EP DEFENSES. \u00bb<\/p>\t\t\t\t\t\t<\/div>\n\t\t\t\t<\/div>\n\t\t\t\t<\/div>\n\t\t\t\t<\/div>\n\t\t\t\t<\/div>\n\t\t\t\t\t<\/div>\n\t\t\t\t<\/div>\n\t\t\t\t<\/div>\n\t\t","protected":false},"excerpt":{"rendered":"<p>Presse Longueurs d&rsquo;Ondes n\u00b0102 07.2024 Let\u2019s dance \u00abPas facile d\u2019exister aujourd\u2019hui dans la d\u00e9ferlante post-punk hexagonale, pourtant depuis Rouen, GogoJuice [&hellip;]<\/p>\n","protected":false},"author":1,"featured_media":0,"parent":0,"menu_order":0,"comment_status":"closed","ping_status":"closed","template":"","meta":{"site-sidebar-layout":"no-sidebar","site-content-layout":"","ast-site-content-layout":"full-width-container","site-content-style":"default","site-sidebar-style":"default","ast-global-header-display":"","ast-banner-title-visibility":"","ast-main-header-display":"","ast-hfb-above-header-display":"","ast-hfb-below-header-display":"","ast-hfb-mobile-header-display":"","site-post-title":"disabled","ast-breadcrumbs-content":"","ast-featured-img":"disabled","footer-sml-layout":"","theme-transparent-header-meta":"","adv-header-id-meta":"","stick-header-meta":"","header-above-stick-meta":"","header-main-stick-meta":"","header-below-stick-meta":"","astra-migrate-meta-layouts":"default","ast-page-background-enabled":"default","ast-page-background-meta":{"desktop":{"background-color":"var(--ast-global-color-4)","background-image":"","background-repeat":"repeat","background-position":"center center","background-size":"auto","background-attachment":"scroll","background-type":"","background-media":"","overlay-type":"","overlay-color":"","overlay-opacity":"","overlay-gradient":""},"tablet":{"background-color":"","background-image":"","background-repeat":"repeat","background-position":"center center","background-size":"auto","background-attachment":"scroll","background-type":"","background-media":"","overlay-type":"","overlay-color":"","overlay-opacity":"","overlay-gradient":""},"mobile":{"background-color":"","background-image":"","background-repeat":"repeat","background-position":"center center","background-size":"auto","background-attachment":"scroll","background-type":"","background-media":"","overlay-type":"","overlay-color":"","overlay-opacity":"","overlay-gradient":""}},"ast-content-background-meta":{"desktop":{"background-color":"var(--ast-global-color-5)","background-image":"","background-repeat":"repeat","background-position":"center center","background-size":"auto","background-attachment":"scroll","background-type":"","background-media":"","overlay-type":"","overlay-color":"","overlay-opacity":"","overlay-gradient":""},"tablet":{"background-color":"var(--ast-global-color-5)","background-image":"","background-repeat":"repeat","background-position":"center center","background-size":"auto","background-attachment":"scroll","background-type":"","background-media":"","overlay-type":"","overlay-color":"","overlay-opacity":"","overlay-gradient":""},"mobile":{"background-color":"var(--ast-global-color-5)","background-image":"","background-repeat":"repeat","background-position":"center center","background-size":"auto","background-attachment":"scroll","background-type":"","background-media":"","overlay-type":"","overlay-color":"","overlay-opacity":"","overlay-gradient":""}},"footnotes":""},"class_list":["post-135","page","type-page","status-publish","hentry"],"_links":{"self":[{"href":"http:\/\/51.68.119.59\/Seo\/gogojuiceband\/index.php\/wp-json\/wp\/v2\/pages\/135"}],"collection":[{"href":"http:\/\/51.68.119.59\/Seo\/gogojuiceband\/index.php\/wp-json\/wp\/v2\/pages"}],"about":[{"href":"http:\/\/51.68.119.59\/Seo\/gogojuiceband\/index.php\/wp-json\/wp\/v2\/types\/page"}],"author":[{"embeddable":true,"href":"http:\/\/51.68.119.59\/Seo\/gogojuiceband\/index.php\/wp-json\/wp\/v2\/users\/1"}],"replies":[{"embeddable":true,"href":"http:\/\/51.68.119.59\/Seo\/gogojuiceband\/index.php\/wp-json\/wp\/v2\/comments?post=135"}],"version-history":[{"count":37,"href":"http:\/\/51.68.119.59\/Seo\/gogojuiceband\/index.php\/wp-json\/wp\/v2\/pages\/135\/revisions"}],"predecessor-version":[{"id":554,"href":"http:\/\/51.68.119.59\/Seo\/gogojuiceband\/index.php\/wp-json\/wp\/v2\/pages\/135\/revisions\/554"}],"wp:attachment":[{"href":"http:\/\/51.68.119.59\/Seo\/gogojuiceband\/index.php\/wp-json\/wp\/v2\/media?parent=135"}],"curies":[{"name":"wp","href":"https:\/\/api.w.org\/{rel}","templated":true}]}}