{"id":1122,"date":"2024-11-11T20:34:31","date_gmt":"2024-11-11T20:34:31","guid":{"rendered":"http:\/\/51.68.119.59\/Shahinaze\/Issyu\/?post_type=product&#038;p=1122"},"modified":"2024-11-11T20:35:14","modified_gmt":"2024-11-11T20:35:14","slug":"quartz-aqua-aura","status":"publish","type":"product","link":"http:\/\/51.68.119.59\/Shahinaze\/Issyu\/?product=quartz-aqua-aura","title":{"rendered":"Quartz Aqua Aura"},"content":{"rendered":"<h2><strong>Descriptif produit :<\/strong><\/h2>\n<p>Le Quartz Aqua Aura est un quartz naturel qui a \u00e9t\u00e9 infus\u00e9 avec de l\u2019or ou d\u2019autres m\u00e9taux pr\u00e9cieux, ce qui lui conf\u00e8re cette magnifique couleur bleu vif et des reflets iridescents. Ce processus cr\u00e9e une pierre d&rsquo;une \u00e9nergie unique, utilis\u00e9e en lithoth\u00e9rapie pour ses propri\u00e9t\u00e9s amplificatrices et purificatrices. Le Quartz Aqua Aura est r\u00e9put\u00e9 pour \u00e9lever les vibrations et aider \u00e0 la gu\u00e9rison \u00e9motionnelle, en apportant calme et clart\u00e9.<\/p>\n<hr \/>\n<h3><strong>Bienfaits \u00e9motionnels et mentaux :<\/strong><\/h3>\n<p>Le Quartz Aqua Aura est une pierre id\u00e9ale pour apaiser l\u2019esprit et calmer les \u00e9motions. Elle aide \u00e0 dissiper les pens\u00e9es n\u00e9gatives et \u00e0 encourager un sentiment de paix int\u00e9rieure. Cette pierre favorise \u00e9galement la clart\u00e9 mentale, ce qui la rend utile pour ceux qui cherchent \u00e0 am\u00e9liorer leur concentration et leur capacit\u00e9 de prise de d\u00e9cision.<\/p>\n<hr \/>\n<h3><strong>Bienfaits physiques :<\/strong><\/h3>\n<p>Sur le plan physique, le Quartz Aqua Aura est souvent utilis\u00e9 pour soutenir le syst\u00e8me immunitaire et renforcer la vitalit\u00e9. En lithoth\u00e9rapie, il est aussi appr\u00e9ci\u00e9 pour son soutien respiratoire, ce qui en fait une pierre pr\u00e9cieuse pour ceux qui cherchent \u00e0 \u00e9quilibrer et harmoniser leurs \u00e9nergies physiques.<\/p>\n<hr \/>\n<h3><strong>Bienfaits spirituels et \u00e9nerg\u00e9tiques :<\/strong><\/h3>\n<p>Le Quartz Aqua Aura est une pierre puissante de connexion spirituelle et de protection \u00e9nerg\u00e9tique. Il est souvent associ\u00e9 au chakra de la gorge et du troisi\u00e8me \u0153il, favorisant ainsi la communication et l&rsquo;intuition. C\u2019est une pierre id\u00e9ale pour la m\u00e9ditation et pour ceux qui souhaitent explorer des dimensions spirituelles plus profondes, tout en restant prot\u00e9g\u00e9s des \u00e9nergies n\u00e9gatives.<\/p>\n<hr \/>\n<h3><strong>Purification et Rechargement :<\/strong><\/h3>\n<p>Le Quartz Aqua Aura est assez r\u00e9sistant et peut \u00eatre purifi\u00e9 et recharg\u00e9 r\u00e9guli\u00e8rement pour conserver ses propri\u00e9t\u00e9s \u00e9nerg\u00e9tiques.<\/p>\n<ul>\n<li><strong>Purification<\/strong> : Purifiez-le en utilisant de la fum\u00e9e d\u2019encens ou en le pla\u00e7ant sur un amas de quartz. \u00c9vitez l\u2019eau prolong\u00e9e pour pr\u00e9server la couleur vibrante.<\/li>\n<li><strong>Rechargement<\/strong> : Rechargez le Quartz Aqua Aura en le pla\u00e7ant \u00e0 la lumi\u00e8re douce du soleil ou de la lune.<\/li>\n<\/ul>\n","protected":false},"excerpt":{"rendered":"<h3><strong>Caract\u00e9ristiques :<\/strong><\/h3>\n<ul>\n<li><strong>Type de produit<\/strong> : G\u00e9ode de Quartz Aqua Aura<\/li>\n<li><strong>Couleur<\/strong> : Bleu iridescent<\/li>\n<li><strong>Provenance<\/strong> : Quartz naturel trait\u00e9 (souvent provenant du Br\u00e9sil ou des \u00c9tats-Unis)<\/li>\n<li><strong>Qualit\u00e9<\/strong> : AA<\/li>\n<li><strong>Forme<\/strong> : G\u00e9ode<\/li>\n<li><strong>Poids<\/strong> : 200 g<\/li>\n<li><strong>Prix<\/strong> : 40 \u20ac<\/li>\n<li><strong>Chakra associ\u00e9<\/strong> : Gorge (5\u00e8me chakra), Troisi\u00e8me \u0152il (6\u00e8me chakra)<\/li>\n<li><strong>Purification<\/strong> : Encens, amas de quartz (\u00e9viter l\u2019eau prolong\u00e9e)<\/li>\n<li><strong>Usage<\/strong> : Clart\u00e9 mentale, protection \u00e9nerg\u00e9tique, \u00e9quilibre \u00e9motionnel, m\u00e9ditation<\/li>\n<\/ul>\n","protected":false},"featured_media":1124,"comment_status":"open","ping_status":"closed","template":"","meta":{"_eb_attr":"","site-sidebar-layout":"default","site-content-layout":"","ast-site-content-layout":"default","site-content-style":"default","site-sidebar-style":"default","ast-global-header-display":"","ast-banner-title-visibility":"","ast-main-header-display":"","ast-hfb-above-header-display":"","ast-hfb-below-header-display":"","ast-hfb-mobile-header-display":"","site-post-title":"","ast-breadcrumbs-content":"","ast-featured-img":"","footer-sml-layout":"","theme-transparent-header-meta":"default","adv-header-id-meta":"","stick-header-meta":"","header-above-stick-meta":"","header-main-stick-meta":"","header-below-stick-meta":"","astra-migrate-meta-layouts":"set","ast-page-background-enabled":"default","ast-page-background-meta":{"desktop":{"background-color":"var(--ast-global-color-4)","background-image":"","background-repeat":"repeat","background-position":"center center","background-size":"auto","background-attachment":"scroll","background-type":"","background-media":"","overlay-type":"","overlay-color":"","overlay-opacity":"","overlay-gradient":""},"tablet":{"background-color":"","background-image":"","background-repeat":"repeat","background-position":"center center","background-size":"auto","background-attachment":"scroll","background-type":"","background-media":"","overlay-type":"","overlay-color":"","overlay-opacity":"","overlay-gradient":""},"mobile":{"background-color":"","background-image":"","background-repeat":"repeat","background-position":"center center","background-size":"auto","background-attachment":"scroll","background-type":"","background-media":"","overlay-type":"","overlay-color":"","overlay-opacity":"","overlay-gradient":""}},"ast-content-background-meta":{"desktop":{"background-color":"var(--ast-global-color-5)","background-image":"","background-repeat":"repeat","background-position":"center center","background-size":"auto","background-attachment":"scroll","background-type":"","background-media":"","overlay-type":"","overlay-color":"","overlay-opacity":"","overlay-gradient":""},"tablet":{"background-color":"var(--ast-global-color-5)","background-image":"","background-repeat":"repeat","background-position":"center center","background-size":"auto","background-attachment":"scroll","background-type":"","background-media":"","overlay-type":"","overlay-color":"","overlay-opacity":"","overlay-gradient":""},"mobile":{"background-color":"var(--ast-global-color-5)","background-image":"","background-repeat":"repeat","background-position":"center center","background-size":"auto","background-attachment":"scroll","background-type":"","background-media":"","overlay-type":"","overlay-color":"","overlay-opacity":"","overlay-gradient":""}}},"product_cat":[50,156],"product_tag":[],"class_list":{"0":"post-1122","1":"product","2":"type-product","3":"status-publish","4":"has-post-thumbnail","6":"product_cat-geodes","7":"product_cat-mineraux","8":"desktop-align-center","9":"tablet-align-left","10":"mobile-align-left","12":"first","13":"instock","14":"shipping-taxable","15":"purchasable","16":"product-type-simple"},"yoast_head":"<!-- This site is optimized with the Yoast SEO plugin v23.9 - https:\/\/yoast.com\/wordpress\/plugins\/seo\/ -->\n<title>Quartz Aqua Aura -<\/title>\n<meta name=\"robots\" content=\"index, follow, max-snippet:-1, max-image-preview:large, max-video-preview:-1\" \/>\n<link rel=\"canonical\" href=\"http:\/\/51.68.119.59\/Shahinaze\/Issyu\/?product=quartz-aqua-aura\" \/>\n<meta property=\"og:locale\" content=\"fr_FR\" \/>\n<meta property=\"og:type\" content=\"article\" \/>\n<meta property=\"og:title\" content=\"Quartz Aqua Aura -\" \/>\n<meta property=\"og:description\" content=\"Caract\u00e9ristiques :   Type de produit : G\u00e9ode de Quartz Aqua Aura  Couleur : Bleu iridescent  Provenance : Quartz naturel trait\u00e9 (souvent provenant du Br\u00e9sil ou des \u00c9tats-Unis)  Qualit\u00e9 : AA  Forme : G\u00e9ode  Poids : 200 g  Prix : 40 \u20ac  Chakra associ\u00e9 : Gorge (5\u00e8me chakra), Troisi\u00e8me \u0152il (6\u00e8me chakra)  Purification : Encens, amas de quartz (\u00e9viter l\u2019eau prolong\u00e9e)  Usage : Clart\u00e9 mentale, protection \u00e9nerg\u00e9tique, \u00e9quilibre \u00e9motionnel, m\u00e9ditation\" \/>\n<meta property=\"og:url\" content=\"http:\/\/51.68.119.59\/Shahinaze\/Issyu\/?product=quartz-aqua-aura\" \/>\n<meta property=\"article:publisher\" content=\"http:\/\/issyu.com\/\/\" \/>\n<meta property=\"article:modified_time\" content=\"2024-11-11T20:35:14+00:00\" \/>\n<meta property=\"og:image\" content=\"http:\/\/51.68.119.59\/Shahinaze\/Issyu\/wp-content\/uploads\/2024\/11\/clido-delua-5tYc5-gSrD8-unsplash.png\" \/>\n\t<meta property=\"og:image:width\" content=\"500\" \/>\n\t<meta property=\"og:image:height\" content=\"500\" \/>\n\t<meta property=\"og:image:type\" content=\"image\/png\" \/>\n<meta name=\"twitter:card\" content=\"summary_large_image\" \/>\n<meta name=\"twitter:label1\" content=\"Dur\u00e9e de lecture estim\u00e9e\" \/>\n\t<meta name=\"twitter:data1\" content=\"2 minutes\" \/>\n<script type=\"application\/ld+json\" class=\"yoast-schema-graph\">{\"@context\":\"https:\/\/schema.org\",\"@graph\":[{\"@type\":\"WebPage\",\"@id\":\"http:\/\/51.68.119.59\/Shahinaze\/Issyu\/?product=quartz-aqua-aura\",\"url\":\"http:\/\/51.68.119.59\/Shahinaze\/Issyu\/?product=quartz-aqua-aura\",\"name\":\"Quartz Aqua Aura -\",\"isPartOf\":{\"@id\":\"http:\/\/51.68.119.59\/Shahinaze\/Issyu\/#website\"},\"primaryImageOfPage\":{\"@id\":\"http:\/\/51.68.119.59\/Shahinaze\/Issyu\/?product=quartz-aqua-aura#primaryimage\"},\"image\":{\"@id\":\"http:\/\/51.68.119.59\/Shahinaze\/Issyu\/?product=quartz-aqua-aura#primaryimage\"},\"thumbnailUrl\":\"http:\/\/51.68.119.59\/Shahinaze\/Issyu\/wp-content\/uploads\/2024\/11\/clido-delua-5tYc5-gSrD8-unsplash.png\",\"datePublished\":\"2024-11-11T20:34:31+00:00\",\"dateModified\":\"2024-11-11T20:35:14+00:00\",\"breadcrumb\":{\"@id\":\"http:\/\/51.68.119.59\/Shahinaze\/Issyu\/?product=quartz-aqua-aura#breadcrumb\"},\"inLanguage\":\"fr-FR\",\"potentialAction\":[{\"@type\":\"ReadAction\",\"target\":[\"http:\/\/51.68.119.59\/Shahinaze\/Issyu\/?product=quartz-aqua-aura\"]}]},{\"@type\":\"ImageObject\",\"inLanguage\":\"fr-FR\",\"@id\":\"http:\/\/51.68.119.59\/Shahinaze\/Issyu\/?product=quartz-aqua-aura#primaryimage\",\"url\":\"http:\/\/51.68.119.59\/Shahinaze\/Issyu\/wp-content\/uploads\/2024\/11\/clido-delua-5tYc5-gSrD8-unsplash.png\",\"contentUrl\":\"http:\/\/51.68.119.59\/Shahinaze\/Issyu\/wp-content\/uploads\/2024\/11\/clido-delua-5tYc5-gSrD8-unsplash.png\",\"width\":500,\"height\":500},{\"@type\":\"BreadcrumbList\",\"@id\":\"http:\/\/51.68.119.59\/Shahinaze\/Issyu\/?product=quartz-aqua-aura#breadcrumb\",\"itemListElement\":[{\"@type\":\"ListItem\",\"position\":1,\"name\":\"Accueil\",\"item\":\"http:\/\/51.68.119.59\/Shahinaze\/Issyu\/\"},{\"@type\":\"ListItem\",\"position\":2,\"name\":\"Privacy Policy\",\"item\":\"http:\/\/51.68.119.59\/Shahinaze\/Issyu\/?page_id=3\"},{\"@type\":\"ListItem\",\"position\":3,\"name\":\"Quartz Aqua Aura\"}]},{\"@type\":\"WebSite\",\"@id\":\"http:\/\/51.68.119.59\/Shahinaze\/Issyu\/#website\",\"url\":\"http:\/\/51.68.119.59\/Shahinaze\/Issyu\/\",\"name\":\"Issyu\",\"description\":\"\",\"publisher\":{\"@id\":\"http:\/\/51.68.119.59\/Shahinaze\/Issyu\/#organization\"},\"potentialAction\":[{\"@type\":\"SearchAction\",\"target\":{\"@type\":\"EntryPoint\",\"urlTemplate\":\"http:\/\/51.68.119.59\/Shahinaze\/Issyu\/?s={search_term_string}\"},\"query-input\":{\"@type\":\"PropertyValueSpecification\",\"valueRequired\":true,\"valueName\":\"search_term_string\"}}],\"inLanguage\":\"fr-FR\"},{\"@type\":\"Organization\",\"@id\":\"http:\/\/51.68.119.59\/Shahinaze\/Issyu\/#organization\",\"name\":\"Issyu\",\"url\":\"http:\/\/51.68.119.59\/Shahinaze\/Issyu\/\",\"logo\":{\"@type\":\"ImageObject\",\"inLanguage\":\"fr-FR\",\"@id\":\"http:\/\/51.68.119.59\/Shahinaze\/Issyu\/#\/schema\/logo\/image\/\",\"url\":\"http:\/\/51.68.119.59\/Shahinaze\/Issyu\/wp-content\/uploads\/2024\/11\/logo-vectorise-2.png\",\"contentUrl\":\"http:\/\/51.68.119.59\/Shahinaze\/Issyu\/wp-content\/uploads\/2024\/11\/logo-vectorise-2.png\",\"width\":195,\"height\":215,\"caption\":\"Issyu\"},\"image\":{\"@id\":\"http:\/\/51.68.119.59\/Shahinaze\/Issyu\/#\/schema\/logo\/image\/\"},\"sameAs\":[\"http:\/\/issyu.com\/\/\"]}]}<\/script>\n<!-- \/ Yoast SEO plugin. -->","yoast_head_json":{"title":"Quartz Aqua Aura -","robots":{"index":"index","follow":"follow","max-snippet":"max-snippet:-1","max-image-preview":"max-image-preview:large","max-video-preview":"max-video-preview:-1"},"canonical":"http:\/\/51.68.119.59\/Shahinaze\/Issyu\/?product=quartz-aqua-aura","og_locale":"fr_FR","og_type":"article","og_title":"Quartz Aqua Aura -","og_description":"Caract\u00e9ristiques :   Type de produit : G\u00e9ode de Quartz Aqua Aura  Couleur : Bleu iridescent  Provenance : Quartz naturel trait\u00e9 (souvent provenant du Br\u00e9sil ou des \u00c9tats-Unis)  Qualit\u00e9 : AA  Forme : G\u00e9ode  Poids : 200 g  Prix : 40 \u20ac  Chakra associ\u00e9 : Gorge (5\u00e8me chakra), Troisi\u00e8me \u0152il (6\u00e8me chakra)  Purification : Encens, amas de quartz (\u00e9viter l\u2019eau prolong\u00e9e)  Usage : Clart\u00e9 mentale, protection \u00e9nerg\u00e9tique, \u00e9quilibre \u00e9motionnel, m\u00e9ditation","og_url":"http:\/\/51.68.119.59\/Shahinaze\/Issyu\/?product=quartz-aqua-aura","article_publisher":"http:\/\/issyu.com\/\/","article_modified_time":"2024-11-11T20:35:14+00:00","og_image":[{"width":500,"height":500,"url":"http:\/\/51.68.119.59\/Shahinaze\/Issyu\/wp-content\/uploads\/2024\/11\/clido-delua-5tYc5-gSrD8-unsplash.png","type":"image\/png"}],"twitter_card":"summary_large_image","twitter_misc":{"Dur\u00e9e de lecture estim\u00e9e":"2 minutes"},"schema":{"@context":"https:\/\/schema.org","@graph":[{"@type":"WebPage","@id":"http:\/\/51.68.119.59\/Shahinaze\/Issyu\/?product=quartz-aqua-aura","url":"http:\/\/51.68.119.59\/Shahinaze\/Issyu\/?product=quartz-aqua-aura","name":"Quartz Aqua Aura -","isPartOf":{"@id":"http:\/\/51.68.119.59\/Shahinaze\/Issyu\/#website"},"primaryImageOfPage":{"@id":"http:\/\/51.68.119.59\/Shahinaze\/Issyu\/?product=quartz-aqua-aura#primaryimage"},"image":{"@id":"http:\/\/51.68.119.59\/Shahinaze\/Issyu\/?product=quartz-aqua-aura#primaryimage"},"thumbnailUrl":"http:\/\/51.68.119.59\/Shahinaze\/Issyu\/wp-content\/uploads\/2024\/11\/clido-delua-5tYc5-gSrD8-unsplash.png","datePublished":"2024-11-11T20:34:31+00:00","dateModified":"2024-11-11T20:35:14+00:00","breadcrumb":{"@id":"http:\/\/51.68.119.59\/Shahinaze\/Issyu\/?product=quartz-aqua-aura#breadcrumb"},"inLanguage":"fr-FR","potentialAction":[{"@type":"ReadAction","target":["http:\/\/51.68.119.59\/Shahinaze\/Issyu\/?product=quartz-aqua-aura"]}]},{"@type":"ImageObject","inLanguage":"fr-FR","@id":"http:\/\/51.68.119.59\/Shahinaze\/Issyu\/?product=quartz-aqua-aura#primaryimage","url":"http:\/\/51.68.119.59\/Shahinaze\/Issyu\/wp-content\/uploads\/2024\/11\/clido-delua-5tYc5-gSrD8-unsplash.png","contentUrl":"http:\/\/51.68.119.59\/Shahinaze\/Issyu\/wp-content\/uploads\/2024\/11\/clido-delua-5tYc5-gSrD8-unsplash.png","width":500,"height":500},{"@type":"BreadcrumbList","@id":"http:\/\/51.68.119.59\/Shahinaze\/Issyu\/?product=quartz-aqua-aura#breadcrumb","itemListElement":[{"@type":"ListItem","position":1,"name":"Accueil","item":"http:\/\/51.68.119.59\/Shahinaze\/Issyu\/"},{"@type":"ListItem","position":2,"name":"Privacy Policy","item":"http:\/\/51.68.119.59\/Shahinaze\/Issyu\/?page_id=3"},{"@type":"ListItem","position":3,"name":"Quartz Aqua Aura"}]},{"@type":"WebSite","@id":"http:\/\/51.68.119.59\/Shahinaze\/Issyu\/#website","url":"http:\/\/51.68.119.59\/Shahinaze\/Issyu\/","name":"Issyu","description":"","publisher":{"@id":"http:\/\/51.68.119.59\/Shahinaze\/Issyu\/#organization"},"potentialAction":[{"@type":"SearchAction","target":{"@type":"EntryPoint","urlTemplate":"http:\/\/51.68.119.59\/Shahinaze\/Issyu\/?s={search_term_string}"},"query-input":{"@type":"PropertyValueSpecification","valueRequired":true,"valueName":"search_term_string"}}],"inLanguage":"fr-FR"},{"@type":"Organization","@id":"http:\/\/51.68.119.59\/Shahinaze\/Issyu\/#organization","name":"Issyu","url":"http:\/\/51.68.119.59\/Shahinaze\/Issyu\/","logo":{"@type":"ImageObject","inLanguage":"fr-FR","@id":"http:\/\/51.68.119.59\/Shahinaze\/Issyu\/#\/schema\/logo\/image\/","url":"http:\/\/51.68.119.59\/Shahinaze\/Issyu\/wp-content\/uploads\/2024\/11\/logo-vectorise-2.png","contentUrl":"http:\/\/51.68.119.59\/Shahinaze\/Issyu\/wp-content\/uploads\/2024\/11\/logo-vectorise-2.png","width":195,"height":215,"caption":"Issyu"},"image":{"@id":"http:\/\/51.68.119.59\/Shahinaze\/Issyu\/#\/schema\/logo\/image\/"},"sameAs":["http:\/\/issyu.com\/\/"]}]}},"jetpack_sharing_enabled":true,"_links":{"self":[{"href":"http:\/\/51.68.119.59\/Shahinaze\/Issyu\/index.php?rest_route=\/wp\/v2\/product\/1122"}],"collection":[{"href":"http:\/\/51.68.119.59\/Shahinaze\/Issyu\/index.php?rest_route=\/wp\/v2\/product"}],"about":[{"href":"http:\/\/51.68.119.59\/Shahinaze\/Issyu\/index.php?rest_route=\/wp\/v2\/types\/product"}],"replies":[{"embeddable":true,"href":"http:\/\/51.68.119.59\/Shahinaze\/Issyu\/index.php?rest_route=%2Fwp%2Fv2%2Fcomments&post=1122"}],"version-history":[{"count":1,"href":"http:\/\/51.68.119.59\/Shahinaze\/Issyu\/index.php?rest_route=\/wp\/v2\/product\/1122\/revisions"}],"predecessor-version":[{"id":1125,"href":"http:\/\/51.68.119.59\/Shahinaze\/Issyu\/index.php?rest_route=\/wp\/v2\/product\/1122\/revisions\/1125"}],"wp:featuredmedia":[{"embeddable":true,"href":"http:\/\/51.68.119.59\/Shahinaze\/Issyu\/index.php?rest_route=\/wp\/v2\/media\/1124"}],"wp:attachment":[{"href":"http:\/\/51.68.119.59\/Shahinaze\/Issyu\/index.php?rest_route=%2Fwp%2Fv2%2Fmedia&parent=1122"}],"wp:term":[{"taxonomy":"product_cat","embeddable":true,"href":"http:\/\/51.68.119.59\/Shahinaze\/Issyu\/index.php?rest_route=%2Fwp%2Fv2%2Fproduct_cat&post=1122"},{"taxonomy":"product_tag","embeddable":true,"href":"http:\/\/51.68.119.59\/Shahinaze\/Issyu\/index.php?rest_route=%2Fwp%2Fv2%2Fproduct_tag&post=1122"}],"curies":[{"name":"wp","href":"https:\/\/api.w.org\/{rel}","templated":true}]}}