{"id":1175,"date":"2024-11-12T08:38:53","date_gmt":"2024-11-12T08:38:53","guid":{"rendered":"http:\/\/51.68.119.59\/Shahinaze\/Issyu\/?post_type=product&#038;p=1175"},"modified":"2024-11-12T08:42:06","modified_gmt":"2024-11-12T08:42:06","slug":"fluorite","status":"publish","type":"product","link":"http:\/\/51.68.119.59\/Shahinaze\/Issyu\/?product=fluorite","title":{"rendered":"Fluorite"},"content":{"rendered":"<h2><strong>Descriptif produit :<\/strong><\/h2>\n<p>La Fluorite est une pierre d&rsquo;une beaut\u00e9 remarquable, arborant des nuances de vert, de violet et parfois de bleu. En lithoth\u00e9rapie, elle est reconnue pour ses propri\u00e9t\u00e9s de concentration et de protection. Cette pierre est id\u00e9ale pour ceux qui souhaitent d\u00e9velopper leur intuition et maintenir un esprit clair. Elle est particuli\u00e8rement b\u00e9n\u00e9fique pour ceux en qu\u00eate d&rsquo;\u00e9quilibre \u00e9motionnel et de discernement.<\/p>\n<hr \/>\n<h3><strong>Bienfaits \u00e9motionnels et mentaux :<\/strong><\/h3>\n<p>La Fluorite est une pierre de clart\u00e9 mentale qui aide \u00e0 apaiser les pens\u00e9es confuses et favorise la concentration. Elle permet de lib\u00e9rer l&rsquo;esprit du stress mental et aide \u00e0 structurer les id\u00e9es. C\u2019est une pierre id\u00e9ale pour les p\u00e9riodes d&rsquo;\u00e9tudes, de m\u00e9ditation ou de prises de d\u00e9cisions importantes.<\/p>\n<hr \/>\n<h3><strong>Bienfaits physiques :<\/strong><\/h3>\n<p>Sur le plan physique, la Fluorite est souvent associ\u00e9e \u00e0 la revitalisation de l&rsquo;\u00e9nergie corporelle et \u00e0 la r\u00e9gulation du syst\u00e8me immunitaire. Elle est \u00e9galement connue pour ses effets b\u00e9n\u00e9fiques sur les voies respiratoires et le syst\u00e8me nerveux, procurant un apaisement g\u00e9n\u00e9ral au corps.<\/p>\n<hr \/>\n<h3><strong>Bienfaits spirituels et \u00e9nerg\u00e9tiques :<\/strong><\/h3>\n<p>La Fluorite est li\u00e9e au chakra du troisi\u00e8me \u0153il, ce qui en fait une pierre puissante pour l\u2019intuition et le d\u00e9veloppement spirituel. Elle favorise la connexion \u00e0 soi et aide \u00e0 percevoir avec plus de lucidit\u00e9. La Fluorite est \u00e9galement utilis\u00e9e pour se prot\u00e9ger des influences ext\u00e9rieures et pour renforcer l&rsquo;aura.<\/p>\n<hr \/>\n<h3><strong>Purification et Rechargement :<\/strong><\/h3>\n<p>La Fluorite est une pierre d\u00e9licate qui n\u00e9cessite une purification et un rechargement r\u00e9guliers.<\/p>\n<ul>\n<li><strong>Purification<\/strong> : Utilisez de la fum\u00e9e d\u2019encens ou placez-la sur un amas de quartz pour la purifier.<\/li>\n<li><strong>Rechargement<\/strong> : Rechargez la Fluorite \u00e0 la lumi\u00e8re de la lune, en \u00e9vitant l\u2019exposition prolong\u00e9e au soleil pour pr\u00e9server ses couleurs.<\/li>\n<\/ul>\n","protected":false},"excerpt":{"rendered":"<h3><strong>Caract\u00e9ristiques :<\/strong><\/h3>\n<ul>\n<li><strong>Type de produit<\/strong> : Pierre brute de Fluorite<\/li>\n<li><strong>Couleur<\/strong> : Nuances de vert, violet, et parfois bleu<\/li>\n<li><strong>Provenance<\/strong> : Chine, Mexique, Afrique du Sud<\/li>\n<li><strong>Qualit\u00e9<\/strong> : A, AA<\/li>\n<li><strong>Forme<\/strong> : Pierre brute<\/li>\n<li><strong>Poids<\/strong> : 50 g<\/li>\n<li><strong>Prix<\/strong> : 10 \u20ac<\/li>\n<li><strong>Chakra associ\u00e9<\/strong> : Troisi\u00e8me \u0153il (6\u00e8me chakra)<\/li>\n<li><strong>Purification<\/strong> : Encens, amas de quartz (\u00e9viter l\u2019eau)<\/li>\n<li><strong>Usage<\/strong> : Concentration, protection, d\u00e9veloppement spirituel, m\u00e9ditation<\/li>\n<\/ul>\n","protected":false},"featured_media":1180,"comment_status":"open","ping_status":"closed","template":"","meta":{"_eb_attr":"","site-sidebar-layout":"default","site-content-layout":"","ast-site-content-layout":"default","site-content-style":"default","site-sidebar-style":"default","ast-global-header-display":"","ast-banner-title-visibility":"","ast-main-header-display":"","ast-hfb-above-header-display":"","ast-hfb-below-header-display":"","ast-hfb-mobile-header-display":"","site-post-title":"","ast-breadcrumbs-content":"","ast-featured-img":"","footer-sml-layout":"","theme-transparent-header-meta":"default","adv-header-id-meta":"","stick-header-meta":"","header-above-stick-meta":"","header-main-stick-meta":"","header-below-stick-meta":"","astra-migrate-meta-layouts":"set","ast-page-background-enabled":"default","ast-page-background-meta":{"desktop":{"background-color":"var(--ast-global-color-4)","background-image":"","background-repeat":"repeat","background-position":"center center","background-size":"auto","background-attachment":"scroll","background-type":"","background-media":"","overlay-type":"","overlay-color":"","overlay-opacity":"","overlay-gradient":""},"tablet":{"background-color":"","background-image":"","background-repeat":"repeat","background-position":"center center","background-size":"auto","background-attachment":"scroll","background-type":"","background-media":"","overlay-type":"","overlay-color":"","overlay-opacity":"","overlay-gradient":""},"mobile":{"background-color":"","background-image":"","background-repeat":"repeat","background-position":"center center","background-size":"auto","background-attachment":"scroll","background-type":"","background-media":"","overlay-type":"","overlay-color":"","overlay-opacity":"","overlay-gradient":""}},"ast-content-background-meta":{"desktop":{"background-color":"var(--ast-global-color-5)","background-image":"","background-repeat":"repeat","background-position":"center center","background-size":"auto","background-attachment":"scroll","background-type":"","background-media":"","overlay-type":"","overlay-color":"","overlay-opacity":"","overlay-gradient":""},"tablet":{"background-color":"var(--ast-global-color-5)","background-image":"","background-repeat":"repeat","background-position":"center center","background-size":"auto","background-attachment":"scroll","background-type":"","background-media":"","overlay-type":"","overlay-color":"","overlay-opacity":"","overlay-gradient":""},"mobile":{"background-color":"var(--ast-global-color-5)","background-image":"","background-repeat":"repeat","background-position":"center center","background-size":"auto","background-attachment":"scroll","background-type":"","background-media":"","overlay-type":"","overlay-color":"","overlay-opacity":"","overlay-gradient":""}}},"product_cat":[58,156],"product_tag":[],"class_list":{"0":"post-1175","1":"product","2":"type-product","3":"status-publish","4":"has-post-thumbnail","6":"product_cat-brutes","7":"product_cat-mineraux","8":"desktop-align-center","9":"tablet-align-left","10":"mobile-align-left","12":"first","13":"instock","14":"shipping-taxable","15":"purchasable","16":"product-type-simple"},"yoast_head":"<!-- This site is optimized with the Yoast SEO plugin v23.9 - https:\/\/yoast.com\/wordpress\/plugins\/seo\/ -->\n<title>Fluorite -<\/title>\n<meta name=\"robots\" content=\"index, follow, max-snippet:-1, max-image-preview:large, max-video-preview:-1\" \/>\n<link rel=\"canonical\" href=\"http:\/\/51.68.119.59\/Shahinaze\/Issyu\/?product=fluorite\" \/>\n<meta property=\"og:locale\" content=\"fr_FR\" \/>\n<meta property=\"og:type\" content=\"article\" \/>\n<meta property=\"og:title\" content=\"Fluorite -\" \/>\n<meta property=\"og:description\" content=\"Caract\u00e9ristiques :   Type de produit : Pierre brute de Fluorite  Couleur : Nuances de vert, violet, et parfois bleu  Provenance : Chine, Mexique, Afrique du Sud  Qualit\u00e9 : A, AA  Forme : Pierre brute  Poids : 50 g  Prix : 10 \u20ac  Chakra associ\u00e9 : Troisi\u00e8me \u0153il (6\u00e8me chakra)  Purification : Encens, amas de quartz (\u00e9viter l\u2019eau)  Usage : Concentration, protection, d\u00e9veloppement spirituel, m\u00e9ditation\" \/>\n<meta property=\"og:url\" content=\"http:\/\/51.68.119.59\/Shahinaze\/Issyu\/?product=fluorite\" \/>\n<meta property=\"article:publisher\" content=\"http:\/\/issyu.com\/\/\" \/>\n<meta property=\"article:modified_time\" content=\"2024-11-12T08:42:06+00:00\" \/>\n<meta property=\"og:image\" content=\"http:\/\/51.68.119.59\/Shahinaze\/Issyu\/wp-content\/uploads\/2024\/11\/fluorite-brute.png\" \/>\n\t<meta property=\"og:image:width\" content=\"500\" \/>\n\t<meta property=\"og:image:height\" content=\"500\" \/>\n\t<meta property=\"og:image:type\" content=\"image\/png\" \/>\n<meta name=\"twitter:card\" content=\"summary_large_image\" \/>\n<meta name=\"twitter:label1\" content=\"Dur\u00e9e de lecture estim\u00e9e\" \/>\n\t<meta name=\"twitter:data1\" content=\"2 minutes\" \/>\n<script type=\"application\/ld+json\" class=\"yoast-schema-graph\">{\"@context\":\"https:\/\/schema.org\",\"@graph\":[{\"@type\":\"WebPage\",\"@id\":\"http:\/\/51.68.119.59\/Shahinaze\/Issyu\/?product=fluorite\",\"url\":\"http:\/\/51.68.119.59\/Shahinaze\/Issyu\/?product=fluorite\",\"name\":\"Fluorite -\",\"isPartOf\":{\"@id\":\"http:\/\/51.68.119.59\/Shahinaze\/Issyu\/#website\"},\"primaryImageOfPage\":{\"@id\":\"http:\/\/51.68.119.59\/Shahinaze\/Issyu\/?product=fluorite#primaryimage\"},\"image\":{\"@id\":\"http:\/\/51.68.119.59\/Shahinaze\/Issyu\/?product=fluorite#primaryimage\"},\"thumbnailUrl\":\"http:\/\/51.68.119.59\/Shahinaze\/Issyu\/wp-content\/uploads\/2024\/11\/fluorite-brute.png\",\"datePublished\":\"2024-11-12T08:38:53+00:00\",\"dateModified\":\"2024-11-12T08:42:06+00:00\",\"breadcrumb\":{\"@id\":\"http:\/\/51.68.119.59\/Shahinaze\/Issyu\/?product=fluorite#breadcrumb\"},\"inLanguage\":\"fr-FR\",\"potentialAction\":[{\"@type\":\"ReadAction\",\"target\":[\"http:\/\/51.68.119.59\/Shahinaze\/Issyu\/?product=fluorite\"]}]},{\"@type\":\"ImageObject\",\"inLanguage\":\"fr-FR\",\"@id\":\"http:\/\/51.68.119.59\/Shahinaze\/Issyu\/?product=fluorite#primaryimage\",\"url\":\"http:\/\/51.68.119.59\/Shahinaze\/Issyu\/wp-content\/uploads\/2024\/11\/fluorite-brute.png\",\"contentUrl\":\"http:\/\/51.68.119.59\/Shahinaze\/Issyu\/wp-content\/uploads\/2024\/11\/fluorite-brute.png\",\"width\":500,\"height\":500},{\"@type\":\"BreadcrumbList\",\"@id\":\"http:\/\/51.68.119.59\/Shahinaze\/Issyu\/?product=fluorite#breadcrumb\",\"itemListElement\":[{\"@type\":\"ListItem\",\"position\":1,\"name\":\"Accueil\",\"item\":\"http:\/\/51.68.119.59\/Shahinaze\/Issyu\/\"},{\"@type\":\"ListItem\",\"position\":2,\"name\":\"Privacy Policy\",\"item\":\"http:\/\/51.68.119.59\/Shahinaze\/Issyu\/?page_id=3\"},{\"@type\":\"ListItem\",\"position\":3,\"name\":\"Fluorite\"}]},{\"@type\":\"WebSite\",\"@id\":\"http:\/\/51.68.119.59\/Shahinaze\/Issyu\/#website\",\"url\":\"http:\/\/51.68.119.59\/Shahinaze\/Issyu\/\",\"name\":\"Issyu\",\"description\":\"\",\"publisher\":{\"@id\":\"http:\/\/51.68.119.59\/Shahinaze\/Issyu\/#organization\"},\"potentialAction\":[{\"@type\":\"SearchAction\",\"target\":{\"@type\":\"EntryPoint\",\"urlTemplate\":\"http:\/\/51.68.119.59\/Shahinaze\/Issyu\/?s={search_term_string}\"},\"query-input\":{\"@type\":\"PropertyValueSpecification\",\"valueRequired\":true,\"valueName\":\"search_term_string\"}}],\"inLanguage\":\"fr-FR\"},{\"@type\":\"Organization\",\"@id\":\"http:\/\/51.68.119.59\/Shahinaze\/Issyu\/#organization\",\"name\":\"Issyu\",\"url\":\"http:\/\/51.68.119.59\/Shahinaze\/Issyu\/\",\"logo\":{\"@type\":\"ImageObject\",\"inLanguage\":\"fr-FR\",\"@id\":\"http:\/\/51.68.119.59\/Shahinaze\/Issyu\/#\/schema\/logo\/image\/\",\"url\":\"http:\/\/51.68.119.59\/Shahinaze\/Issyu\/wp-content\/uploads\/2024\/11\/logo-vectorise-2.png\",\"contentUrl\":\"http:\/\/51.68.119.59\/Shahinaze\/Issyu\/wp-content\/uploads\/2024\/11\/logo-vectorise-2.png\",\"width\":195,\"height\":215,\"caption\":\"Issyu\"},\"image\":{\"@id\":\"http:\/\/51.68.119.59\/Shahinaze\/Issyu\/#\/schema\/logo\/image\/\"},\"sameAs\":[\"http:\/\/issyu.com\/\/\"]}]}<\/script>\n<!-- \/ Yoast SEO plugin. -->","yoast_head_json":{"title":"Fluorite -","robots":{"index":"index","follow":"follow","max-snippet":"max-snippet:-1","max-image-preview":"max-image-preview:large","max-video-preview":"max-video-preview:-1"},"canonical":"http:\/\/51.68.119.59\/Shahinaze\/Issyu\/?product=fluorite","og_locale":"fr_FR","og_type":"article","og_title":"Fluorite -","og_description":"Caract\u00e9ristiques :   Type de produit : Pierre brute de Fluorite  Couleur : Nuances de vert, violet, et parfois bleu  Provenance : Chine, Mexique, Afrique du Sud  Qualit\u00e9 : A, AA  Forme : Pierre brute  Poids : 50 g  Prix : 10 \u20ac  Chakra associ\u00e9 : Troisi\u00e8me \u0153il (6\u00e8me chakra)  Purification : Encens, amas de quartz (\u00e9viter l\u2019eau)  Usage : Concentration, protection, d\u00e9veloppement spirituel, m\u00e9ditation","og_url":"http:\/\/51.68.119.59\/Shahinaze\/Issyu\/?product=fluorite","article_publisher":"http:\/\/issyu.com\/\/","article_modified_time":"2024-11-12T08:42:06+00:00","og_image":[{"width":500,"height":500,"url":"http:\/\/51.68.119.59\/Shahinaze\/Issyu\/wp-content\/uploads\/2024\/11\/fluorite-brute.png","type":"image\/png"}],"twitter_card":"summary_large_image","twitter_misc":{"Dur\u00e9e de lecture estim\u00e9e":"2 minutes"},"schema":{"@context":"https:\/\/schema.org","@graph":[{"@type":"WebPage","@id":"http:\/\/51.68.119.59\/Shahinaze\/Issyu\/?product=fluorite","url":"http:\/\/51.68.119.59\/Shahinaze\/Issyu\/?product=fluorite","name":"Fluorite -","isPartOf":{"@id":"http:\/\/51.68.119.59\/Shahinaze\/Issyu\/#website"},"primaryImageOfPage":{"@id":"http:\/\/51.68.119.59\/Shahinaze\/Issyu\/?product=fluorite#primaryimage"},"image":{"@id":"http:\/\/51.68.119.59\/Shahinaze\/Issyu\/?product=fluorite#primaryimage"},"thumbnailUrl":"http:\/\/51.68.119.59\/Shahinaze\/Issyu\/wp-content\/uploads\/2024\/11\/fluorite-brute.png","datePublished":"2024-11-12T08:38:53+00:00","dateModified":"2024-11-12T08:42:06+00:00","breadcrumb":{"@id":"http:\/\/51.68.119.59\/Shahinaze\/Issyu\/?product=fluorite#breadcrumb"},"inLanguage":"fr-FR","potentialAction":[{"@type":"ReadAction","target":["http:\/\/51.68.119.59\/Shahinaze\/Issyu\/?product=fluorite"]}]},{"@type":"ImageObject","inLanguage":"fr-FR","@id":"http:\/\/51.68.119.59\/Shahinaze\/Issyu\/?product=fluorite#primaryimage","url":"http:\/\/51.68.119.59\/Shahinaze\/Issyu\/wp-content\/uploads\/2024\/11\/fluorite-brute.png","contentUrl":"http:\/\/51.68.119.59\/Shahinaze\/Issyu\/wp-content\/uploads\/2024\/11\/fluorite-brute.png","width":500,"height":500},{"@type":"BreadcrumbList","@id":"http:\/\/51.68.119.59\/Shahinaze\/Issyu\/?product=fluorite#breadcrumb","itemListElement":[{"@type":"ListItem","position":1,"name":"Accueil","item":"http:\/\/51.68.119.59\/Shahinaze\/Issyu\/"},{"@type":"ListItem","position":2,"name":"Privacy Policy","item":"http:\/\/51.68.119.59\/Shahinaze\/Issyu\/?page_id=3"},{"@type":"ListItem","position":3,"name":"Fluorite"}]},{"@type":"WebSite","@id":"http:\/\/51.68.119.59\/Shahinaze\/Issyu\/#website","url":"http:\/\/51.68.119.59\/Shahinaze\/Issyu\/","name":"Issyu","description":"","publisher":{"@id":"http:\/\/51.68.119.59\/Shahinaze\/Issyu\/#organization"},"potentialAction":[{"@type":"SearchAction","target":{"@type":"EntryPoint","urlTemplate":"http:\/\/51.68.119.59\/Shahinaze\/Issyu\/?s={search_term_string}"},"query-input":{"@type":"PropertyValueSpecification","valueRequired":true,"valueName":"search_term_string"}}],"inLanguage":"fr-FR"},{"@type":"Organization","@id":"http:\/\/51.68.119.59\/Shahinaze\/Issyu\/#organization","name":"Issyu","url":"http:\/\/51.68.119.59\/Shahinaze\/Issyu\/","logo":{"@type":"ImageObject","inLanguage":"fr-FR","@id":"http:\/\/51.68.119.59\/Shahinaze\/Issyu\/#\/schema\/logo\/image\/","url":"http:\/\/51.68.119.59\/Shahinaze\/Issyu\/wp-content\/uploads\/2024\/11\/logo-vectorise-2.png","contentUrl":"http:\/\/51.68.119.59\/Shahinaze\/Issyu\/wp-content\/uploads\/2024\/11\/logo-vectorise-2.png","width":195,"height":215,"caption":"Issyu"},"image":{"@id":"http:\/\/51.68.119.59\/Shahinaze\/Issyu\/#\/schema\/logo\/image\/"},"sameAs":["http:\/\/issyu.com\/\/"]}]}},"jetpack_sharing_enabled":true,"_links":{"self":[{"href":"http:\/\/51.68.119.59\/Shahinaze\/Issyu\/index.php?rest_route=\/wp\/v2\/product\/1175"}],"collection":[{"href":"http:\/\/51.68.119.59\/Shahinaze\/Issyu\/index.php?rest_route=\/wp\/v2\/product"}],"about":[{"href":"http:\/\/51.68.119.59\/Shahinaze\/Issyu\/index.php?rest_route=\/wp\/v2\/types\/product"}],"replies":[{"embeddable":true,"href":"http:\/\/51.68.119.59\/Shahinaze\/Issyu\/index.php?rest_route=%2Fwp%2Fv2%2Fcomments&post=1175"}],"version-history":[{"count":2,"href":"http:\/\/51.68.119.59\/Shahinaze\/Issyu\/index.php?rest_route=\/wp\/v2\/product\/1175\/revisions"}],"predecessor-version":[{"id":1182,"href":"http:\/\/51.68.119.59\/Shahinaze\/Issyu\/index.php?rest_route=\/wp\/v2\/product\/1175\/revisions\/1182"}],"wp:featuredmedia":[{"embeddable":true,"href":"http:\/\/51.68.119.59\/Shahinaze\/Issyu\/index.php?rest_route=\/wp\/v2\/media\/1180"}],"wp:attachment":[{"href":"http:\/\/51.68.119.59\/Shahinaze\/Issyu\/index.php?rest_route=%2Fwp%2Fv2%2Fmedia&parent=1175"}],"wp:term":[{"taxonomy":"product_cat","embeddable":true,"href":"http:\/\/51.68.119.59\/Shahinaze\/Issyu\/index.php?rest_route=%2Fwp%2Fv2%2Fproduct_cat&post=1175"},{"taxonomy":"product_tag","embeddable":true,"href":"http:\/\/51.68.119.59\/Shahinaze\/Issyu\/index.php?rest_route=%2Fwp%2Fv2%2Fproduct_tag&post=1175"}],"curies":[{"name":"wp","href":"https:\/\/api.w.org\/{rel}","templated":true}]}}