{"id":1183,"date":"2024-11-12T08:53:49","date_gmt":"2024-11-12T08:53:49","guid":{"rendered":"http:\/\/51.68.119.59\/Shahinaze\/Issyu\/?post_type=product&#038;p=1183"},"modified":"2024-11-12T08:53:51","modified_gmt":"2024-11-12T08:53:51","slug":"howlite","status":"publish","type":"product","link":"http:\/\/51.68.119.59\/Shahinaze\/Issyu\/?product=howlite","title":{"rendered":"Howlite"},"content":{"rendered":"<h3><strong>Descriptif produit :<\/strong><\/h3>\n<p>La Howlite est une pierre blanche aux veines grises distinctives, connue pour ses propri\u00e9t\u00e9s apaisantes et relaxantes. En lithoth\u00e9rapie, elle est utilis\u00e9e pour favoriser le calme int\u00e9rieur, r\u00e9duire le stress, et aider \u00e0 la gestion des \u00e9motions. La Howlite est id\u00e9ale pour les personnes qui souhaitent am\u00e9liorer leur patience et trouver la paix int\u00e9rieure.<\/p>\n<hr \/>\n<h3><strong>Bienfaits \u00e9motionnels et mentaux :<\/strong><\/h3>\n<p>La Howlite est une pierre de s\u00e9r\u00e9nit\u00e9 qui aide \u00e0 apaiser les \u00e9motions et \u00e0 lib\u00e9rer les tensions. Elle est parfaite pour les p\u00e9riodes de stress intense ou les moments de frustration, aidant \u00e0 calmer l\u2019esprit et \u00e0 apporter un sentiment de tranquillit\u00e9. C\u2019est une pierre id\u00e9ale pour d\u00e9velopper la patience et le contr\u00f4le \u00e9motionnel.<\/p>\n<hr \/>\n<h3><strong>Bienfaits physiques :<\/strong><\/h3>\n<p>Sur le plan physique, la Howlite est souvent utilis\u00e9e pour ses effets apaisants sur le syst\u00e8me nerveux. Elle est \u00e9galement associ\u00e9e au soutien des os et des dents, aidant \u00e0 renforcer la structure osseuse et \u00e0 att\u00e9nuer les douleurs li\u00e9es aux articulations.<\/p>\n<hr \/>\n<h3><strong>Bienfaits spirituels et \u00e9nerg\u00e9tiques :<\/strong><\/h3>\n<p>La Howlite est li\u00e9e au chakra de la couronne, ce qui favorise la connexion spirituelle et l\u2019ouverture d\u2019esprit. Elle est utilis\u00e9e pour aider \u00e0 \u00e9lever la conscience, \u00e0 stimuler les r\u00eaves et \u00e0 favoriser une meilleure compr\u00e9hension de soi.<\/p>\n<hr \/>\n<h3><strong>Purification et Rechargement :<\/strong><\/h3>\n<p>La Howlite est une pierre d\u00e9licate qui doit \u00eatre purifi\u00e9e avec douceur.<\/p>\n<ul>\n<li><strong>Purification<\/strong> : Utilisez de la fum\u00e9e d\u2019encens ou placez-la sur un amas de quartz pour la purifier.<\/li>\n<li><strong>Rechargement<\/strong> : Rechargez la Howlite \u00e0 la lumi\u00e8re de la lune, en \u00e9vitant l\u2019exposition prolong\u00e9e au soleil pour pr\u00e9server sa couleur.<\/li>\n<\/ul>\n","protected":false},"excerpt":{"rendered":"<h3><strong>Caract\u00e9ristiques :<\/strong><\/h3>\n<ul>\n<li><strong>Type de produit<\/strong> : Pierre brute de Howlite<\/li>\n<li><strong>Couleur<\/strong> : Blanc avec des veines grises<\/li>\n<li><strong>Provenance<\/strong> : Canada, \u00c9tats-Unis, Turquie<\/li>\n<li><strong>Qualit\u00e9<\/strong> :\u00a0 AA<\/li>\n<li><strong>Forme<\/strong> : Pierre brute<\/li>\n<li><strong>Poids<\/strong> :110 g<\/li>\n<li><strong>Prix<\/strong> :12 \u20ac<\/li>\n<li><strong>Chakra associ\u00e9<\/strong> : Couronne (7\u00e8me chakra)<\/li>\n<li><strong>Purification<\/strong> : Encens, amas de quartz (\u00e9viter l\u2019eau)<\/li>\n<li><strong>Usage<\/strong> : Apaisement, gestion des \u00e9motions, m\u00e9ditation, \u00e9l\u00e9vation spirituelle<\/li>\n<\/ul>\n","protected":false},"featured_media":1185,"comment_status":"open","ping_status":"closed","template":"","meta":{"_eb_attr":"","site-sidebar-layout":"default","site-content-layout":"","ast-site-content-layout":"default","site-content-style":"default","site-sidebar-style":"default","ast-global-header-display":"","ast-banner-title-visibility":"","ast-main-header-display":"","ast-hfb-above-header-display":"","ast-hfb-below-header-display":"","ast-hfb-mobile-header-display":"","site-post-title":"","ast-breadcrumbs-content":"","ast-featured-img":"","footer-sml-layout":"","theme-transparent-header-meta":"default","adv-header-id-meta":"","stick-header-meta":"","header-above-stick-meta":"","header-main-stick-meta":"","header-below-stick-meta":"","astra-migrate-meta-layouts":"set","ast-page-background-enabled":"default","ast-page-background-meta":{"desktop":{"background-color":"var(--ast-global-color-4)","background-image":"","background-repeat":"repeat","background-position":"center center","background-size":"auto","background-attachment":"scroll","background-type":"","background-media":"","overlay-type":"","overlay-color":"","overlay-opacity":"","overlay-gradient":""},"tablet":{"background-color":"","background-image":"","background-repeat":"repeat","background-position":"center center","background-size":"auto","background-attachment":"scroll","background-type":"","background-media":"","overlay-type":"","overlay-color":"","overlay-opacity":"","overlay-gradient":""},"mobile":{"background-color":"","background-image":"","background-repeat":"repeat","background-position":"center center","background-size":"auto","background-attachment":"scroll","background-type":"","background-media":"","overlay-type":"","overlay-color":"","overlay-opacity":"","overlay-gradient":""}},"ast-content-background-meta":{"desktop":{"background-color":"var(--ast-global-color-5)","background-image":"","background-repeat":"repeat","background-position":"center center","background-size":"auto","background-attachment":"scroll","background-type":"","background-media":"","overlay-type":"","overlay-color":"","overlay-opacity":"","overlay-gradient":""},"tablet":{"background-color":"var(--ast-global-color-5)","background-image":"","background-repeat":"repeat","background-position":"center center","background-size":"auto","background-attachment":"scroll","background-type":"","background-media":"","overlay-type":"","overlay-color":"","overlay-opacity":"","overlay-gradient":""},"mobile":{"background-color":"var(--ast-global-color-5)","background-image":"","background-repeat":"repeat","background-position":"center center","background-size":"auto","background-attachment":"scroll","background-type":"","background-media":"","overlay-type":"","overlay-color":"","overlay-opacity":"","overlay-gradient":""}}},"product_cat":[58,156],"product_tag":[],"class_list":{"0":"post-1183","1":"product","2":"type-product","3":"status-publish","4":"has-post-thumbnail","6":"product_cat-brutes","7":"product_cat-mineraux","8":"desktop-align-center","9":"tablet-align-left","10":"mobile-align-left","12":"first","13":"instock","14":"shipping-taxable","15":"purchasable","16":"product-type-simple"},"yoast_head":"<!-- This site is optimized with the Yoast SEO plugin v23.9 - https:\/\/yoast.com\/wordpress\/plugins\/seo\/ -->\n<title>Howlite -<\/title>\n<meta name=\"robots\" content=\"index, follow, max-snippet:-1, max-image-preview:large, max-video-preview:-1\" \/>\n<link rel=\"canonical\" href=\"http:\/\/51.68.119.59\/Shahinaze\/Issyu\/?product=howlite\" \/>\n<meta property=\"og:locale\" content=\"fr_FR\" \/>\n<meta property=\"og:type\" content=\"article\" \/>\n<meta property=\"og:title\" content=\"Howlite -\" \/>\n<meta property=\"og:description\" content=\"Caract\u00e9ristiques :   Type de produit : Pierre brute de Howlite  Couleur : Blanc avec des veines grises  Provenance : Canada, \u00c9tats-Unis, Turquie  Qualit\u00e9 :\u00a0 AA  Forme : Pierre brute  Poids :110 g  Prix :12 \u20ac  Chakra associ\u00e9 : Couronne (7\u00e8me chakra)  Purification : Encens, amas de quartz (\u00e9viter l\u2019eau)  Usage : Apaisement, gestion des \u00e9motions, m\u00e9ditation, \u00e9l\u00e9vation spirituelle\" \/>\n<meta property=\"og:url\" content=\"http:\/\/51.68.119.59\/Shahinaze\/Issyu\/?product=howlite\" \/>\n<meta property=\"article:publisher\" content=\"http:\/\/issyu.com\/\/\" \/>\n<meta property=\"article:modified_time\" content=\"2024-11-12T08:53:51+00:00\" \/>\n<meta property=\"og:image\" content=\"http:\/\/51.68.119.59\/Shahinaze\/Issyu\/wp-content\/uploads\/2024\/11\/howlite-brute.png\" \/>\n\t<meta property=\"og:image:width\" content=\"500\" \/>\n\t<meta property=\"og:image:height\" content=\"500\" \/>\n\t<meta property=\"og:image:type\" content=\"image\/png\" \/>\n<meta name=\"twitter:card\" content=\"summary_large_image\" \/>\n<meta name=\"twitter:label1\" content=\"Dur\u00e9e de lecture estim\u00e9e\" \/>\n\t<meta name=\"twitter:data1\" content=\"1 minute\" \/>\n<script type=\"application\/ld+json\" class=\"yoast-schema-graph\">{\"@context\":\"https:\/\/schema.org\",\"@graph\":[{\"@type\":\"WebPage\",\"@id\":\"http:\/\/51.68.119.59\/Shahinaze\/Issyu\/?product=howlite\",\"url\":\"http:\/\/51.68.119.59\/Shahinaze\/Issyu\/?product=howlite\",\"name\":\"Howlite -\",\"isPartOf\":{\"@id\":\"http:\/\/51.68.119.59\/Shahinaze\/Issyu\/#website\"},\"primaryImageOfPage\":{\"@id\":\"http:\/\/51.68.119.59\/Shahinaze\/Issyu\/?product=howlite#primaryimage\"},\"image\":{\"@id\":\"http:\/\/51.68.119.59\/Shahinaze\/Issyu\/?product=howlite#primaryimage\"},\"thumbnailUrl\":\"http:\/\/51.68.119.59\/Shahinaze\/Issyu\/wp-content\/uploads\/2024\/11\/howlite-brute.png\",\"datePublished\":\"2024-11-12T08:53:49+00:00\",\"dateModified\":\"2024-11-12T08:53:51+00:00\",\"breadcrumb\":{\"@id\":\"http:\/\/51.68.119.59\/Shahinaze\/Issyu\/?product=howlite#breadcrumb\"},\"inLanguage\":\"fr-FR\",\"potentialAction\":[{\"@type\":\"ReadAction\",\"target\":[\"http:\/\/51.68.119.59\/Shahinaze\/Issyu\/?product=howlite\"]}]},{\"@type\":\"ImageObject\",\"inLanguage\":\"fr-FR\",\"@id\":\"http:\/\/51.68.119.59\/Shahinaze\/Issyu\/?product=howlite#primaryimage\",\"url\":\"http:\/\/51.68.119.59\/Shahinaze\/Issyu\/wp-content\/uploads\/2024\/11\/howlite-brute.png\",\"contentUrl\":\"http:\/\/51.68.119.59\/Shahinaze\/Issyu\/wp-content\/uploads\/2024\/11\/howlite-brute.png\",\"width\":500,\"height\":500},{\"@type\":\"BreadcrumbList\",\"@id\":\"http:\/\/51.68.119.59\/Shahinaze\/Issyu\/?product=howlite#breadcrumb\",\"itemListElement\":[{\"@type\":\"ListItem\",\"position\":1,\"name\":\"Accueil\",\"item\":\"http:\/\/51.68.119.59\/Shahinaze\/Issyu\/\"},{\"@type\":\"ListItem\",\"position\":2,\"name\":\"Privacy Policy\",\"item\":\"http:\/\/51.68.119.59\/Shahinaze\/Issyu\/?page_id=3\"},{\"@type\":\"ListItem\",\"position\":3,\"name\":\"Howlite\"}]},{\"@type\":\"WebSite\",\"@id\":\"http:\/\/51.68.119.59\/Shahinaze\/Issyu\/#website\",\"url\":\"http:\/\/51.68.119.59\/Shahinaze\/Issyu\/\",\"name\":\"Issyu\",\"description\":\"\",\"publisher\":{\"@id\":\"http:\/\/51.68.119.59\/Shahinaze\/Issyu\/#organization\"},\"potentialAction\":[{\"@type\":\"SearchAction\",\"target\":{\"@type\":\"EntryPoint\",\"urlTemplate\":\"http:\/\/51.68.119.59\/Shahinaze\/Issyu\/?s={search_term_string}\"},\"query-input\":{\"@type\":\"PropertyValueSpecification\",\"valueRequired\":true,\"valueName\":\"search_term_string\"}}],\"inLanguage\":\"fr-FR\"},{\"@type\":\"Organization\",\"@id\":\"http:\/\/51.68.119.59\/Shahinaze\/Issyu\/#organization\",\"name\":\"Issyu\",\"url\":\"http:\/\/51.68.119.59\/Shahinaze\/Issyu\/\",\"logo\":{\"@type\":\"ImageObject\",\"inLanguage\":\"fr-FR\",\"@id\":\"http:\/\/51.68.119.59\/Shahinaze\/Issyu\/#\/schema\/logo\/image\/\",\"url\":\"http:\/\/51.68.119.59\/Shahinaze\/Issyu\/wp-content\/uploads\/2024\/11\/logo-vectorise-2.png\",\"contentUrl\":\"http:\/\/51.68.119.59\/Shahinaze\/Issyu\/wp-content\/uploads\/2024\/11\/logo-vectorise-2.png\",\"width\":195,\"height\":215,\"caption\":\"Issyu\"},\"image\":{\"@id\":\"http:\/\/51.68.119.59\/Shahinaze\/Issyu\/#\/schema\/logo\/image\/\"},\"sameAs\":[\"http:\/\/issyu.com\/\/\"]}]}<\/script>\n<!-- \/ Yoast SEO plugin. -->","yoast_head_json":{"title":"Howlite -","robots":{"index":"index","follow":"follow","max-snippet":"max-snippet:-1","max-image-preview":"max-image-preview:large","max-video-preview":"max-video-preview:-1"},"canonical":"http:\/\/51.68.119.59\/Shahinaze\/Issyu\/?product=howlite","og_locale":"fr_FR","og_type":"article","og_title":"Howlite -","og_description":"Caract\u00e9ristiques :   Type de produit : Pierre brute de Howlite  Couleur : Blanc avec des veines grises  Provenance : Canada, \u00c9tats-Unis, Turquie  Qualit\u00e9 :\u00a0 AA  Forme : Pierre brute  Poids :110 g  Prix :12 \u20ac  Chakra associ\u00e9 : Couronne (7\u00e8me chakra)  Purification : Encens, amas de quartz (\u00e9viter l\u2019eau)  Usage : Apaisement, gestion des \u00e9motions, m\u00e9ditation, \u00e9l\u00e9vation spirituelle","og_url":"http:\/\/51.68.119.59\/Shahinaze\/Issyu\/?product=howlite","article_publisher":"http:\/\/issyu.com\/\/","article_modified_time":"2024-11-12T08:53:51+00:00","og_image":[{"width":500,"height":500,"url":"http:\/\/51.68.119.59\/Shahinaze\/Issyu\/wp-content\/uploads\/2024\/11\/howlite-brute.png","type":"image\/png"}],"twitter_card":"summary_large_image","twitter_misc":{"Dur\u00e9e de lecture estim\u00e9e":"1 minute"},"schema":{"@context":"https:\/\/schema.org","@graph":[{"@type":"WebPage","@id":"http:\/\/51.68.119.59\/Shahinaze\/Issyu\/?product=howlite","url":"http:\/\/51.68.119.59\/Shahinaze\/Issyu\/?product=howlite","name":"Howlite -","isPartOf":{"@id":"http:\/\/51.68.119.59\/Shahinaze\/Issyu\/#website"},"primaryImageOfPage":{"@id":"http:\/\/51.68.119.59\/Shahinaze\/Issyu\/?product=howlite#primaryimage"},"image":{"@id":"http:\/\/51.68.119.59\/Shahinaze\/Issyu\/?product=howlite#primaryimage"},"thumbnailUrl":"http:\/\/51.68.119.59\/Shahinaze\/Issyu\/wp-content\/uploads\/2024\/11\/howlite-brute.png","datePublished":"2024-11-12T08:53:49+00:00","dateModified":"2024-11-12T08:53:51+00:00","breadcrumb":{"@id":"http:\/\/51.68.119.59\/Shahinaze\/Issyu\/?product=howlite#breadcrumb"},"inLanguage":"fr-FR","potentialAction":[{"@type":"ReadAction","target":["http:\/\/51.68.119.59\/Shahinaze\/Issyu\/?product=howlite"]}]},{"@type":"ImageObject","inLanguage":"fr-FR","@id":"http:\/\/51.68.119.59\/Shahinaze\/Issyu\/?product=howlite#primaryimage","url":"http:\/\/51.68.119.59\/Shahinaze\/Issyu\/wp-content\/uploads\/2024\/11\/howlite-brute.png","contentUrl":"http:\/\/51.68.119.59\/Shahinaze\/Issyu\/wp-content\/uploads\/2024\/11\/howlite-brute.png","width":500,"height":500},{"@type":"BreadcrumbList","@id":"http:\/\/51.68.119.59\/Shahinaze\/Issyu\/?product=howlite#breadcrumb","itemListElement":[{"@type":"ListItem","position":1,"name":"Accueil","item":"http:\/\/51.68.119.59\/Shahinaze\/Issyu\/"},{"@type":"ListItem","position":2,"name":"Privacy Policy","item":"http:\/\/51.68.119.59\/Shahinaze\/Issyu\/?page_id=3"},{"@type":"ListItem","position":3,"name":"Howlite"}]},{"@type":"WebSite","@id":"http:\/\/51.68.119.59\/Shahinaze\/Issyu\/#website","url":"http:\/\/51.68.119.59\/Shahinaze\/Issyu\/","name":"Issyu","description":"","publisher":{"@id":"http:\/\/51.68.119.59\/Shahinaze\/Issyu\/#organization"},"potentialAction":[{"@type":"SearchAction","target":{"@type":"EntryPoint","urlTemplate":"http:\/\/51.68.119.59\/Shahinaze\/Issyu\/?s={search_term_string}"},"query-input":{"@type":"PropertyValueSpecification","valueRequired":true,"valueName":"search_term_string"}}],"inLanguage":"fr-FR"},{"@type":"Organization","@id":"http:\/\/51.68.119.59\/Shahinaze\/Issyu\/#organization","name":"Issyu","url":"http:\/\/51.68.119.59\/Shahinaze\/Issyu\/","logo":{"@type":"ImageObject","inLanguage":"fr-FR","@id":"http:\/\/51.68.119.59\/Shahinaze\/Issyu\/#\/schema\/logo\/image\/","url":"http:\/\/51.68.119.59\/Shahinaze\/Issyu\/wp-content\/uploads\/2024\/11\/logo-vectorise-2.png","contentUrl":"http:\/\/51.68.119.59\/Shahinaze\/Issyu\/wp-content\/uploads\/2024\/11\/logo-vectorise-2.png","width":195,"height":215,"caption":"Issyu"},"image":{"@id":"http:\/\/51.68.119.59\/Shahinaze\/Issyu\/#\/schema\/logo\/image\/"},"sameAs":["http:\/\/issyu.com\/\/"]}]}},"jetpack_sharing_enabled":true,"_links":{"self":[{"href":"http:\/\/51.68.119.59\/Shahinaze\/Issyu\/index.php?rest_route=\/wp\/v2\/product\/1183"}],"collection":[{"href":"http:\/\/51.68.119.59\/Shahinaze\/Issyu\/index.php?rest_route=\/wp\/v2\/product"}],"about":[{"href":"http:\/\/51.68.119.59\/Shahinaze\/Issyu\/index.php?rest_route=\/wp\/v2\/types\/product"}],"replies":[{"embeddable":true,"href":"http:\/\/51.68.119.59\/Shahinaze\/Issyu\/index.php?rest_route=%2Fwp%2Fv2%2Fcomments&post=1183"}],"version-history":[{"count":1,"href":"http:\/\/51.68.119.59\/Shahinaze\/Issyu\/index.php?rest_route=\/wp\/v2\/product\/1183\/revisions"}],"predecessor-version":[{"id":1186,"href":"http:\/\/51.68.119.59\/Shahinaze\/Issyu\/index.php?rest_route=\/wp\/v2\/product\/1183\/revisions\/1186"}],"wp:featuredmedia":[{"embeddable":true,"href":"http:\/\/51.68.119.59\/Shahinaze\/Issyu\/index.php?rest_route=\/wp\/v2\/media\/1185"}],"wp:attachment":[{"href":"http:\/\/51.68.119.59\/Shahinaze\/Issyu\/index.php?rest_route=%2Fwp%2Fv2%2Fmedia&parent=1183"}],"wp:term":[{"taxonomy":"product_cat","embeddable":true,"href":"http:\/\/51.68.119.59\/Shahinaze\/Issyu\/index.php?rest_route=%2Fwp%2Fv2%2Fproduct_cat&post=1183"},{"taxonomy":"product_tag","embeddable":true,"href":"http:\/\/51.68.119.59\/Shahinaze\/Issyu\/index.php?rest_route=%2Fwp%2Fv2%2Fproduct_tag&post=1183"}],"curies":[{"name":"wp","href":"https:\/\/api.w.org\/{rel}","templated":true}]}}