{"id":2177,"date":"2024-11-27T18:54:40","date_gmt":"2024-11-27T18:54:40","guid":{"rendered":"http:\/\/51.68.119.59\/Shahinaze\/Issyu\/?post_type=product&#038;p=2177"},"modified":"2024-11-27T18:54:43","modified_gmt":"2024-11-27T18:54:43","slug":"encens-dragons-blood","status":"publish","type":"product","link":"http:\/\/51.68.119.59\/Shahinaze\/Issyu\/?product=encens-dragons-blood","title":{"rendered":"Encens Dragon&rsquo;s blood"},"content":{"rendered":"<h4><strong>Bienfaits<\/strong><\/h4>\n<p>L&rsquo;encens Dragon&rsquo;s Blood est reconnu pour ses puissantes propri\u00e9t\u00e9s protectrices et \u00e9nerg\u00e9tiques. Il est id\u00e9al pour cr\u00e9er une barri\u00e8re \u00e9nerg\u00e9tique, renforcer l\u2019aura, attirer la chance et intensifier les pratiques spirituelles. Cet encens favorise \u00e9galement la m\u00e9ditation et aide \u00e0 \u00e9liminer les \u00e9nergies n\u00e9gatives tout en apportant une sensation de s\u00e9curit\u00e9.<\/p>\n<h4><strong>Conseils d\u2019utilisation<\/strong><\/h4>\n<p>Allumez l\u2019extr\u00e9mit\u00e9 d\u2019un b\u00e2ton d\u2019encens, laissez-le br\u00fbler quelques secondes, puis soufflez doucement pour \u00e9teindre la flamme. Placez l&rsquo;encens sur un porte-encens stable. Laissez sa fum\u00e9e envelopper la pi\u00e8ce pour profiter de ses propri\u00e9t\u00e9s protectrices et purifiantes. Utilisez dans un espace bien ventil\u00e9.<\/p>\n<p><strong>\u00c0 noter :<\/strong> \u00c9teignez compl\u00e8tement l\u2019encens apr\u00e8s chaque utilisation pour \u00e9viter tout risque.<\/p>\n<p><strong>\u00c9levez votre \u00e9nergie et transformez votre espace en sanctuaire.<\/strong><\/p>\n","protected":false},"excerpt":{"rendered":"<h4><strong>Caract\u00e9ristiques<\/strong><\/h4>\n<ul>\n<li><strong>Senteur :<\/strong> Une fragrance chaude et r\u00e9sineuse, avec des notes \u00e9pic\u00e9es et bois\u00e9es.<\/li>\n<li><strong>Dur\u00e9e de combustion :<\/strong> Environ 30 minutes par b\u00e2ton.<\/li>\n<li><strong>Quantit\u00e9 :<\/strong> 12 \u00e0 15 b\u00e2tons par bo\u00eete (environ).<\/li>\n<\/ul>\n","protected":false},"featured_media":2160,"comment_status":"open","ping_status":"closed","template":"","meta":{"_eb_attr":"","site-sidebar-layout":"default","site-content-layout":"","ast-site-content-layout":"default","site-content-style":"default","site-sidebar-style":"default","ast-global-header-display":"","ast-banner-title-visibility":"","ast-main-header-display":"","ast-hfb-above-header-display":"","ast-hfb-below-header-display":"","ast-hfb-mobile-header-display":"","site-post-title":"","ast-breadcrumbs-content":"","ast-featured-img":"","footer-sml-layout":"","theme-transparent-header-meta":"default","adv-header-id-meta":"","stick-header-meta":"","header-above-stick-meta":"","header-main-stick-meta":"","header-below-stick-meta":"","astra-migrate-meta-layouts":"set","ast-page-background-enabled":"default","ast-page-background-meta":{"desktop":{"background-color":"var(--ast-global-color-4)","background-image":"","background-repeat":"repeat","background-position":"center center","background-size":"auto","background-attachment":"scroll","background-type":"","background-media":"","overlay-type":"","overlay-color":"","overlay-opacity":"","overlay-gradient":""},"tablet":{"background-color":"","background-image":"","background-repeat":"repeat","background-position":"center center","background-size":"auto","background-attachment":"scroll","background-type":"","background-media":"","overlay-type":"","overlay-color":"","overlay-opacity":"","overlay-gradient":""},"mobile":{"background-color":"","background-image":"","background-repeat":"repeat","background-position":"center center","background-size":"auto","background-attachment":"scroll","background-type":"","background-media":"","overlay-type":"","overlay-color":"","overlay-opacity":"","overlay-gradient":""}},"ast-content-background-meta":{"desktop":{"background-color":"var(--ast-global-color-5)","background-image":"","background-repeat":"repeat","background-position":"center center","background-size":"auto","background-attachment":"scroll","background-type":"","background-media":"","overlay-type":"","overlay-color":"","overlay-opacity":"","overlay-gradient":""},"tablet":{"background-color":"var(--ast-global-color-5)","background-image":"","background-repeat":"repeat","background-position":"center center","background-size":"auto","background-attachment":"scroll","background-type":"","background-media":"","overlay-type":"","overlay-color":"","overlay-opacity":"","overlay-gradient":""},"mobile":{"background-color":"var(--ast-global-color-5)","background-image":"","background-repeat":"repeat","background-position":"center center","background-size":"auto","background-attachment":"scroll","background-type":"","background-media":"","overlay-type":"","overlay-color":"","overlay-opacity":"","overlay-gradient":""}}},"product_cat":[159,174],"product_tag":[],"class_list":{"0":"post-2177","1":"product","2":"type-product","3":"status-publish","4":"has-post-thumbnail","6":"product_cat-encens","7":"product_cat-fumigation","8":"desktop-align-center","9":"tablet-align-left","10":"mobile-align-left","12":"first","13":"instock","14":"shipping-taxable","15":"purchasable","16":"product-type-simple"},"yoast_head":"<!-- This site is optimized with the Yoast SEO plugin v23.9 - https:\/\/yoast.com\/wordpress\/plugins\/seo\/ -->\n<title>Encens Dragon&#039;s blood -<\/title>\n<meta name=\"robots\" content=\"index, follow, max-snippet:-1, max-image-preview:large, max-video-preview:-1\" \/>\n<link rel=\"canonical\" href=\"http:\/\/51.68.119.59\/Shahinaze\/Issyu\/?product=encens-dragons-blood\" \/>\n<meta property=\"og:locale\" content=\"fr_FR\" \/>\n<meta property=\"og:type\" content=\"article\" \/>\n<meta property=\"og:title\" content=\"Encens Dragon&#039;s blood -\" \/>\n<meta property=\"og:description\" content=\"Caract\u00e9ristiques   Senteur : Une fragrance chaude et r\u00e9sineuse, avec des notes \u00e9pic\u00e9es et bois\u00e9es.  Dur\u00e9e de combustion : Environ 30 minutes par b\u00e2ton.  Quantit\u00e9 : 12 \u00e0 15 b\u00e2tons par bo\u00eete (environ).\" \/>\n<meta property=\"og:url\" content=\"http:\/\/51.68.119.59\/Shahinaze\/Issyu\/?product=encens-dragons-blood\" \/>\n<meta property=\"article:publisher\" content=\"http:\/\/issyu.com\/\/\" \/>\n<meta property=\"article:modified_time\" content=\"2024-11-27T18:54:43+00:00\" \/>\n<meta property=\"og:image\" content=\"http:\/\/51.68.119.59\/Shahinaze\/Issyu\/wp-content\/uploads\/2024\/11\/dragonblood.png\" \/>\n\t<meta property=\"og:image:width\" content=\"500\" \/>\n\t<meta property=\"og:image:height\" content=\"500\" \/>\n\t<meta property=\"og:image:type\" content=\"image\/png\" \/>\n<meta name=\"twitter:card\" content=\"summary_large_image\" \/>\n<meta name=\"twitter:label1\" content=\"Dur\u00e9e de lecture estim\u00e9e\" \/>\n\t<meta name=\"twitter:data1\" content=\"1 minute\" \/>\n<script type=\"application\/ld+json\" class=\"yoast-schema-graph\">{\"@context\":\"https:\/\/schema.org\",\"@graph\":[{\"@type\":\"WebPage\",\"@id\":\"http:\/\/51.68.119.59\/Shahinaze\/Issyu\/?product=encens-dragons-blood\",\"url\":\"http:\/\/51.68.119.59\/Shahinaze\/Issyu\/?product=encens-dragons-blood\",\"name\":\"Encens Dragon's blood -\",\"isPartOf\":{\"@id\":\"http:\/\/51.68.119.59\/Shahinaze\/Issyu\/#website\"},\"primaryImageOfPage\":{\"@id\":\"http:\/\/51.68.119.59\/Shahinaze\/Issyu\/?product=encens-dragons-blood#primaryimage\"},\"image\":{\"@id\":\"http:\/\/51.68.119.59\/Shahinaze\/Issyu\/?product=encens-dragons-blood#primaryimage\"},\"thumbnailUrl\":\"http:\/\/51.68.119.59\/Shahinaze\/Issyu\/wp-content\/uploads\/2024\/11\/dragonblood.png\",\"datePublished\":\"2024-11-27T18:54:40+00:00\",\"dateModified\":\"2024-11-27T18:54:43+00:00\",\"breadcrumb\":{\"@id\":\"http:\/\/51.68.119.59\/Shahinaze\/Issyu\/?product=encens-dragons-blood#breadcrumb\"},\"inLanguage\":\"fr-FR\",\"potentialAction\":[{\"@type\":\"ReadAction\",\"target\":[\"http:\/\/51.68.119.59\/Shahinaze\/Issyu\/?product=encens-dragons-blood\"]}]},{\"@type\":\"ImageObject\",\"inLanguage\":\"fr-FR\",\"@id\":\"http:\/\/51.68.119.59\/Shahinaze\/Issyu\/?product=encens-dragons-blood#primaryimage\",\"url\":\"http:\/\/51.68.119.59\/Shahinaze\/Issyu\/wp-content\/uploads\/2024\/11\/dragonblood.png\",\"contentUrl\":\"http:\/\/51.68.119.59\/Shahinaze\/Issyu\/wp-content\/uploads\/2024\/11\/dragonblood.png\",\"width\":500,\"height\":500},{\"@type\":\"BreadcrumbList\",\"@id\":\"http:\/\/51.68.119.59\/Shahinaze\/Issyu\/?product=encens-dragons-blood#breadcrumb\",\"itemListElement\":[{\"@type\":\"ListItem\",\"position\":1,\"name\":\"Accueil\",\"item\":\"http:\/\/51.68.119.59\/Shahinaze\/Issyu\/\"},{\"@type\":\"ListItem\",\"position\":2,\"name\":\"Privacy Policy\",\"item\":\"http:\/\/51.68.119.59\/Shahinaze\/Issyu\/?page_id=3\"},{\"@type\":\"ListItem\",\"position\":3,\"name\":\"Encens Dragon&rsquo;s blood\"}]},{\"@type\":\"WebSite\",\"@id\":\"http:\/\/51.68.119.59\/Shahinaze\/Issyu\/#website\",\"url\":\"http:\/\/51.68.119.59\/Shahinaze\/Issyu\/\",\"name\":\"Issyu\",\"description\":\"\",\"publisher\":{\"@id\":\"http:\/\/51.68.119.59\/Shahinaze\/Issyu\/#organization\"},\"potentialAction\":[{\"@type\":\"SearchAction\",\"target\":{\"@type\":\"EntryPoint\",\"urlTemplate\":\"http:\/\/51.68.119.59\/Shahinaze\/Issyu\/?s={search_term_string}\"},\"query-input\":{\"@type\":\"PropertyValueSpecification\",\"valueRequired\":true,\"valueName\":\"search_term_string\"}}],\"inLanguage\":\"fr-FR\"},{\"@type\":\"Organization\",\"@id\":\"http:\/\/51.68.119.59\/Shahinaze\/Issyu\/#organization\",\"name\":\"Issyu\",\"url\":\"http:\/\/51.68.119.59\/Shahinaze\/Issyu\/\",\"logo\":{\"@type\":\"ImageObject\",\"inLanguage\":\"fr-FR\",\"@id\":\"http:\/\/51.68.119.59\/Shahinaze\/Issyu\/#\/schema\/logo\/image\/\",\"url\":\"http:\/\/51.68.119.59\/Shahinaze\/Issyu\/wp-content\/uploads\/2024\/11\/logo-vectorise-2.png\",\"contentUrl\":\"http:\/\/51.68.119.59\/Shahinaze\/Issyu\/wp-content\/uploads\/2024\/11\/logo-vectorise-2.png\",\"width\":195,\"height\":215,\"caption\":\"Issyu\"},\"image\":{\"@id\":\"http:\/\/51.68.119.59\/Shahinaze\/Issyu\/#\/schema\/logo\/image\/\"},\"sameAs\":[\"http:\/\/issyu.com\/\/\"]}]}<\/script>\n<!-- \/ Yoast SEO plugin. -->","yoast_head_json":{"title":"Encens Dragon's blood -","robots":{"index":"index","follow":"follow","max-snippet":"max-snippet:-1","max-image-preview":"max-image-preview:large","max-video-preview":"max-video-preview:-1"},"canonical":"http:\/\/51.68.119.59\/Shahinaze\/Issyu\/?product=encens-dragons-blood","og_locale":"fr_FR","og_type":"article","og_title":"Encens Dragon's blood -","og_description":"Caract\u00e9ristiques   Senteur : Une fragrance chaude et r\u00e9sineuse, avec des notes \u00e9pic\u00e9es et bois\u00e9es.  Dur\u00e9e de combustion : Environ 30 minutes par b\u00e2ton.  Quantit\u00e9 : 12 \u00e0 15 b\u00e2tons par bo\u00eete (environ).","og_url":"http:\/\/51.68.119.59\/Shahinaze\/Issyu\/?product=encens-dragons-blood","article_publisher":"http:\/\/issyu.com\/\/","article_modified_time":"2024-11-27T18:54:43+00:00","og_image":[{"width":500,"height":500,"url":"http:\/\/51.68.119.59\/Shahinaze\/Issyu\/wp-content\/uploads\/2024\/11\/dragonblood.png","type":"image\/png"}],"twitter_card":"summary_large_image","twitter_misc":{"Dur\u00e9e de lecture estim\u00e9e":"1 minute"},"schema":{"@context":"https:\/\/schema.org","@graph":[{"@type":"WebPage","@id":"http:\/\/51.68.119.59\/Shahinaze\/Issyu\/?product=encens-dragons-blood","url":"http:\/\/51.68.119.59\/Shahinaze\/Issyu\/?product=encens-dragons-blood","name":"Encens Dragon's blood -","isPartOf":{"@id":"http:\/\/51.68.119.59\/Shahinaze\/Issyu\/#website"},"primaryImageOfPage":{"@id":"http:\/\/51.68.119.59\/Shahinaze\/Issyu\/?product=encens-dragons-blood#primaryimage"},"image":{"@id":"http:\/\/51.68.119.59\/Shahinaze\/Issyu\/?product=encens-dragons-blood#primaryimage"},"thumbnailUrl":"http:\/\/51.68.119.59\/Shahinaze\/Issyu\/wp-content\/uploads\/2024\/11\/dragonblood.png","datePublished":"2024-11-27T18:54:40+00:00","dateModified":"2024-11-27T18:54:43+00:00","breadcrumb":{"@id":"http:\/\/51.68.119.59\/Shahinaze\/Issyu\/?product=encens-dragons-blood#breadcrumb"},"inLanguage":"fr-FR","potentialAction":[{"@type":"ReadAction","target":["http:\/\/51.68.119.59\/Shahinaze\/Issyu\/?product=encens-dragons-blood"]}]},{"@type":"ImageObject","inLanguage":"fr-FR","@id":"http:\/\/51.68.119.59\/Shahinaze\/Issyu\/?product=encens-dragons-blood#primaryimage","url":"http:\/\/51.68.119.59\/Shahinaze\/Issyu\/wp-content\/uploads\/2024\/11\/dragonblood.png","contentUrl":"http:\/\/51.68.119.59\/Shahinaze\/Issyu\/wp-content\/uploads\/2024\/11\/dragonblood.png","width":500,"height":500},{"@type":"BreadcrumbList","@id":"http:\/\/51.68.119.59\/Shahinaze\/Issyu\/?product=encens-dragons-blood#breadcrumb","itemListElement":[{"@type":"ListItem","position":1,"name":"Accueil","item":"http:\/\/51.68.119.59\/Shahinaze\/Issyu\/"},{"@type":"ListItem","position":2,"name":"Privacy Policy","item":"http:\/\/51.68.119.59\/Shahinaze\/Issyu\/?page_id=3"},{"@type":"ListItem","position":3,"name":"Encens Dragon&rsquo;s blood"}]},{"@type":"WebSite","@id":"http:\/\/51.68.119.59\/Shahinaze\/Issyu\/#website","url":"http:\/\/51.68.119.59\/Shahinaze\/Issyu\/","name":"Issyu","description":"","publisher":{"@id":"http:\/\/51.68.119.59\/Shahinaze\/Issyu\/#organization"},"potentialAction":[{"@type":"SearchAction","target":{"@type":"EntryPoint","urlTemplate":"http:\/\/51.68.119.59\/Shahinaze\/Issyu\/?s={search_term_string}"},"query-input":{"@type":"PropertyValueSpecification","valueRequired":true,"valueName":"search_term_string"}}],"inLanguage":"fr-FR"},{"@type":"Organization","@id":"http:\/\/51.68.119.59\/Shahinaze\/Issyu\/#organization","name":"Issyu","url":"http:\/\/51.68.119.59\/Shahinaze\/Issyu\/","logo":{"@type":"ImageObject","inLanguage":"fr-FR","@id":"http:\/\/51.68.119.59\/Shahinaze\/Issyu\/#\/schema\/logo\/image\/","url":"http:\/\/51.68.119.59\/Shahinaze\/Issyu\/wp-content\/uploads\/2024\/11\/logo-vectorise-2.png","contentUrl":"http:\/\/51.68.119.59\/Shahinaze\/Issyu\/wp-content\/uploads\/2024\/11\/logo-vectorise-2.png","width":195,"height":215,"caption":"Issyu"},"image":{"@id":"http:\/\/51.68.119.59\/Shahinaze\/Issyu\/#\/schema\/logo\/image\/"},"sameAs":["http:\/\/issyu.com\/\/"]}]}},"jetpack_sharing_enabled":true,"_links":{"self":[{"href":"http:\/\/51.68.119.59\/Shahinaze\/Issyu\/index.php?rest_route=\/wp\/v2\/product\/2177"}],"collection":[{"href":"http:\/\/51.68.119.59\/Shahinaze\/Issyu\/index.php?rest_route=\/wp\/v2\/product"}],"about":[{"href":"http:\/\/51.68.119.59\/Shahinaze\/Issyu\/index.php?rest_route=\/wp\/v2\/types\/product"}],"replies":[{"embeddable":true,"href":"http:\/\/51.68.119.59\/Shahinaze\/Issyu\/index.php?rest_route=%2Fwp%2Fv2%2Fcomments&post=2177"}],"version-history":[{"count":1,"href":"http:\/\/51.68.119.59\/Shahinaze\/Issyu\/index.php?rest_route=\/wp\/v2\/product\/2177\/revisions"}],"predecessor-version":[{"id":2178,"href":"http:\/\/51.68.119.59\/Shahinaze\/Issyu\/index.php?rest_route=\/wp\/v2\/product\/2177\/revisions\/2178"}],"wp:featuredmedia":[{"embeddable":true,"href":"http:\/\/51.68.119.59\/Shahinaze\/Issyu\/index.php?rest_route=\/wp\/v2\/media\/2160"}],"wp:attachment":[{"href":"http:\/\/51.68.119.59\/Shahinaze\/Issyu\/index.php?rest_route=%2Fwp%2Fv2%2Fmedia&parent=2177"}],"wp:term":[{"taxonomy":"product_cat","embeddable":true,"href":"http:\/\/51.68.119.59\/Shahinaze\/Issyu\/index.php?rest_route=%2Fwp%2Fv2%2Fproduct_cat&post=2177"},{"taxonomy":"product_tag","embeddable":true,"href":"http:\/\/51.68.119.59\/Shahinaze\/Issyu\/index.php?rest_route=%2Fwp%2Fv2%2Fproduct_tag&post=2177"}],"curies":[{"name":"wp","href":"https:\/\/api.w.org\/{rel}","templated":true}]}}