{"id":793,"date":"2024-11-06T08:20:16","date_gmt":"2024-11-06T08:20:16","guid":{"rendered":"http:\/\/51.68.119.59\/Shahinaze\/Issyu\/?post_type=product&#038;p=793"},"modified":"2024-11-11T18:03:49","modified_gmt":"2024-11-11T18:03:49","slug":"amethyste-2","status":"publish","type":"product","link":"http:\/\/51.68.119.59\/Shahinaze\/Issyu\/?product=amethyste-2","title":{"rendered":"Am\u00e9thyste"},"content":{"rendered":"<h3><strong>Description produit :<\/strong><\/h3>\n<p>L&rsquo;<strong>Am\u00e9thyste<\/strong> est l\u2019une des pierres les plus pris\u00e9es en lithoth\u00e9rapie, notamment pour ses effets calmants et ses bienfaits spirituels puissants. Avec ses teintes allant du violet clair au violet profond, cette pierre sublime apporte \u00e0 la fois <strong>paix int\u00e9rieure<\/strong> et <strong>\u00e9l\u00e9vation spirituelle<\/strong>. Utilis\u00e9e depuis des si\u00e8cles pour favoriser l\u2019<strong>introspection<\/strong>, la <strong>gu\u00e9rison \u00e9motionnelle<\/strong>, et l&rsquo;<strong>\u00e9quilibre \u00e9nerg\u00e9tique<\/strong>, l\u2019Am\u00e9thyste est une alli\u00e9e pr\u00e9cieuse pour ceux qui cherchent \u00e0 <strong>apaiser leur esprit<\/strong> et \u00e0 se reconnecter \u00e0 des niveaux de conscience plus \u00e9lev\u00e9s.<\/p>\n<h4><strong>Bienfaits \u00e9motionnels et mentaux :<\/strong><\/h4>\n<p>L&rsquo;<strong>Am\u00e9thyste<\/strong> est une pierre particuli\u00e8rement recommand\u00e9e pour apaiser les <strong>stress<\/strong> et les <strong>tensions mentales<\/strong>. Elle aide \u00e0 <strong>calmer l&rsquo;anxi\u00e9t\u00e9<\/strong>, \u00e0 dissiper les <strong>pens\u00e9es n\u00e9gatives<\/strong> et \u00e0 apporter un sentiment de <strong>s\u00e9r\u00e9nit\u00e9<\/strong>. Parfaitement adapt\u00e9e pour ceux qui souffrent d\u2019<strong>insomnie<\/strong> ou de <strong>troubles du sommeil<\/strong>, elle favorise un <strong>repos r\u00e9parateur<\/strong>. L\u2019Am\u00e9thyste est \u00e9galement utile pour lib\u00e9rer les <strong>blessures \u00e9motionnelles<\/strong> et les <strong>traumatismes<\/strong> du pass\u00e9. Elle encourage la <strong>gu\u00e9rison \u00e9motionnelle<\/strong>, en permettant \u00e0 l\u2019esprit de <strong>rel\u00e2cher<\/strong> les douleurs et les peurs accumul\u00e9es au fil du temps.<\/p>\n<h4><strong>Bienfaits physiques :<\/strong><\/h4>\n<p>Sur le plan physique, l\u2019Am\u00e9thyste est souvent utilis\u00e9e pour soulager les <strong>maux de t\u00eate<\/strong> et les <strong>migraines<\/strong>. Elle est \u00e9galement b\u00e9n\u00e9fique pour les probl\u00e8mes li\u00e9s au <strong>syst\u00e8me nerveux<\/strong> et au <strong>stress<\/strong>. Cette pierre peut \u00eatre plac\u00e9e sur le <strong>front<\/strong> ou le <strong>troisi\u00e8me \u0153il<\/strong> pour favoriser l\u2019\u00e9quilibre du corps et de l&rsquo;esprit. L&rsquo;Am\u00e9thyste aide \u00e0 <strong>\u00e9quilibrer les fluides corporels<\/strong>, et elle soutient aussi la <strong>d\u00e9sintoxication<\/strong> et la <strong>purification<\/strong> du corps, en stimulant les <strong>fonctions du foie<\/strong> et des <strong>reins<\/strong>.<\/p>\n<h4><strong>Bienfaits spirituels et \u00e9nerg\u00e9tiques :<\/strong><\/h4>\n<p>L\u2019<strong>Am\u00e9thyste<\/strong> est la pierre id\u00e9ale pour les <strong>pratiques spirituelles<\/strong> et la <strong>m\u00e9ditation<\/strong>. Elle ouvre et active le <strong>chakra de la couronne<\/strong>, ce qui permet une meilleure <strong>connexion spirituelle<\/strong> et un acc\u00e8s facilit\u00e9 aux <strong>\u00e9nergies sup\u00e9rieures<\/strong>. Cette pierre favorise \u00e9galement l&rsquo;\u00e9veil du <strong>chakra du troisi\u00e8me \u0153il<\/strong>, stimulant ainsi l&rsquo;<strong>intuition<\/strong> et la <strong>clairvoyance<\/strong>. L\u2019Am\u00e9thyste est souvent utilis\u00e9e pour la <strong>protection spirituelle<\/strong>, cr\u00e9ant un <strong>bouclier \u00e9nerg\u00e9tique<\/strong> contre les \u00e9nergies n\u00e9gatives, les influences ext\u00e9rieures nuisibles et les vibrations de faible fr\u00e9quence.<\/p>\n<h4><strong>Astuce d\u2019utilisation :<\/strong><\/h4>\n<p>L&rsquo;Am\u00e9thyste peut \u00eatre plac\u00e9e \u00e0 c\u00f4t\u00e9 de votre lit pour favoriser un sommeil <strong>paisible<\/strong> et r\u00e9parateur. Elle est \u00e9galement id\u00e9ale lors de <strong>m\u00e9ditations profondes<\/strong>, o\u00f9 elle aide \u00e0 acc\u00e9der \u00e0 des \u00e9tats de <strong>conscience sup\u00e9rieure<\/strong>. Utilisez-la \u00e9galement sur votre <strong>chakra du troisi\u00e8me \u0153il<\/strong> (au niveau du front) pour stimuler l\u2019intuition, ou sur votre <strong>chakra couronne<\/strong> pour renforcer votre <strong>connexion spirituelle<\/strong>. En portant de l\u2019Am\u00e9thyste en bijou (pendentif ou bracelet), vous pourrez b\u00e9n\u00e9ficier de ses <strong>effets apaisants<\/strong> tout au long de la journ\u00e9e.<\/p>\n<hr \/>\n<h3><strong>Bienfaits principaux :<\/strong><\/h3>\n<ul>\n<li><strong>Apaisement mental et \u00e9motionnel<\/strong> : Aide \u00e0 calmer l\u2019anxi\u00e9t\u00e9, r\u00e9duire le stress et favoriser un \u00e9tat de <strong>s\u00e9r\u00e9nit\u00e9<\/strong> durable.<\/li>\n<li><strong>Gu\u00e9rison \u00e9motionnelle<\/strong> : Permet de <strong>lib\u00e9rer les \u00e9motions refoul\u00e9es<\/strong> et de gu\u00e9rir les <strong>blessures \u00e9motionnelles<\/strong> du pass\u00e9.<\/li>\n<li><strong>Am\u00e9lioration du sommeil<\/strong> : Favorise un <strong>sommeil profond<\/strong> et r\u00e9parateur, utile contre l\u2019insomnie.<\/li>\n<li><strong>Protection \u00e9nerg\u00e9tique<\/strong> : Cr\u00e9e un <strong>bouclier contre les \u00e9nergies n\u00e9gatives<\/strong>, les attaques psychiques et les influences perturbatrices.<\/li>\n<li><strong>D\u00e9veloppement spirituel<\/strong> : Active les <strong>chakras sup\u00e9rieurs<\/strong> pour stimuler l\u2019intuition, la clairvoyance et la connexion spirituelle.<\/li>\n<\/ul>\n<hr \/>\n<h3><strong>Pourquoi choisir l\u2019Am\u00e9thyste ?<\/strong><\/h3>\n<ul>\n<li><strong>Pierre de paix et de calme<\/strong>, id\u00e9ale pour ceux qui souhaitent r\u00e9duire le stress et les tensions dans leur quotidien.<\/li>\n<li>Un <strong>outil puissant<\/strong> pour les personnes cherchant \u00e0 <strong>d\u00e9velopper leur spiritualit\u00e9<\/strong>, am\u00e9liorer leur intuition et leur connexion avec des \u00e9nergies sup\u00e9rieures.<\/li>\n<li><strong>Protection spirituelle<\/strong> parfaite pour <strong>prot\u00e9ger son espace \u00e9nerg\u00e9tique<\/strong> et maintenir une aura <strong>positive<\/strong>.<\/li>\n<li>Id\u00e9ale pour les <strong>troubles du sommeil<\/strong> et les <strong>d\u00e9s\u00e9quilibres \u00e9motionnels<\/strong>, l\u2019Am\u00e9thyste cr\u00e9e un environnement harmonieux, propice \u00e0 la <strong>gu\u00e9rison<\/strong>.<\/li>\n<\/ul>\n<hr \/>\n<h3>Mots-cl\u00e9s optimis\u00e9s pour SEO :<\/h3>\n<ul>\n<li>Am\u00e9thyste<\/li>\n<li>Lithoth\u00e9rapie Am\u00e9thyste<\/li>\n<li>Gu\u00e9rison \u00e9motionnelle Am\u00e9thyste<\/li>\n<li>Pierre de protection \u00e9nerg\u00e9tique<\/li>\n<li>Chakra couronne et troisi\u00e8me \u0153il<\/li>\n<li>M\u00e9ditation avec Am\u00e9thyste<\/li>\n<li>Bienfaits de l\u2019Am\u00e9thyste<\/li>\n<li>Apaisement du stress avec Am\u00e9thyste<\/li>\n<li>Sommeil r\u00e9parateur Am\u00e9thyste<\/li>\n<li>Intuition et spiritualit\u00e9 Am\u00e9thyste<\/li>\n<\/ul>\n","protected":false},"excerpt":{"rendered":"<h3><strong>Caract\u00e9ristiques :<\/strong><\/h3>\n<ul>\n<li><strong>Type de produit<\/strong> : G\u00e9ode d&rsquo;Am\u00e9thyste<\/li>\n<li><strong>Poids<\/strong> : 150 grammes<\/li>\n<li><strong>Couleur<\/strong> : Violet profond avec des nuances claires<\/li>\n<li><strong>Provenance<\/strong> : Br\u00e9sil<\/li>\n<li><strong>Qualit\u00e9<\/strong> : Cristaux bien form\u00e9s, puret\u00e9 \u00e9lev\u00e9e<\/li>\n<li><strong>Forme<\/strong> : G\u00e9ode brute, ouverte pour exposer les cristaux<\/li>\n<li><strong>Chakra associ\u00e9<\/strong> : Chakra du Troisi\u00e8me \u0152il et Couronne<\/li>\n<li><strong>Purification<\/strong> : Purification par fumigation, eau ou amas de quartz<\/li>\n<li><strong>Usage<\/strong> : M\u00e9ditation, relaxation, harmonisation \u00e9nerg\u00e9tique<\/li>\n<\/ul>\n","protected":false},"featured_media":794,"comment_status":"open","ping_status":"closed","template":"","meta":{"_eb_attr":"","site-sidebar-layout":"default","site-content-layout":"","ast-site-content-layout":"default","site-content-style":"default","site-sidebar-style":"default","ast-global-header-display":"","ast-banner-title-visibility":"","ast-main-header-display":"","ast-hfb-above-header-display":"","ast-hfb-below-header-display":"","ast-hfb-mobile-header-display":"","site-post-title":"","ast-breadcrumbs-content":"","ast-featured-img":"","footer-sml-layout":"","theme-transparent-header-meta":"default","adv-header-id-meta":"","stick-header-meta":"","header-above-stick-meta":"","header-main-stick-meta":"","header-below-stick-meta":"","astra-migrate-meta-layouts":"set","ast-page-background-enabled":"default","ast-page-background-meta":{"desktop":{"background-color":"var(--ast-global-color-4)","background-image":"","background-repeat":"repeat","background-position":"center center","background-size":"auto","background-attachment":"scroll","background-type":"","background-media":"","overlay-type":"","overlay-color":"","overlay-opacity":"","overlay-gradient":""},"tablet":{"background-color":"","background-image":"","background-repeat":"repeat","background-position":"center center","background-size":"auto","background-attachment":"scroll","background-type":"","background-media":"","overlay-type":"","overlay-color":"","overlay-opacity":"","overlay-gradient":""},"mobile":{"background-color":"","background-image":"","background-repeat":"repeat","background-position":"center center","background-size":"auto","background-attachment":"scroll","background-type":"","background-media":"","overlay-type":"","overlay-color":"","overlay-opacity":"","overlay-gradient":""}},"ast-content-background-meta":{"desktop":{"background-color":"var(--ast-global-color-5)","background-image":"","background-repeat":"repeat","background-position":"center center","background-size":"auto","background-attachment":"scroll","background-type":"","background-media":"","overlay-type":"","overlay-color":"","overlay-opacity":"","overlay-gradient":""},"tablet":{"background-color":"var(--ast-global-color-5)","background-image":"","background-repeat":"repeat","background-position":"center center","background-size":"auto","background-attachment":"scroll","background-type":"","background-media":"","overlay-type":"","overlay-color":"","overlay-opacity":"","overlay-gradient":""},"mobile":{"background-color":"var(--ast-global-color-5)","background-image":"","background-repeat":"repeat","background-position":"center center","background-size":"auto","background-attachment":"scroll","background-type":"","background-media":"","overlay-type":"","overlay-color":"","overlay-opacity":"","overlay-gradient":""}}},"product_cat":[50,156],"product_tag":[74,68,59,44,73,65,75,63,76,77],"class_list":{"0":"post-793","1":"product","2":"type-product","3":"status-publish","4":"has-post-thumbnail","6":"product_cat-geodes","7":"product_cat-mineraux","8":"product_tag-bouclier-energetique","9":"product_tag-chakra-couronne","10":"product_tag-clairvoyance","11":"product_tag-guerison-emotionelle","12":"product_tag-insomnie","13":"product_tag-intuition","14":"product_tag-meditaiton-chakra-3-oeil","15":"product_tag-serenite","16":"product_tag-stress","17":"product_tag-violet","18":"desktop-align-center","19":"tablet-align-left","20":"mobile-align-left","22":"first","23":"instock","24":"shipping-taxable","25":"purchasable","26":"product-type-simple"},"yoast_head":"<!-- This site is optimized with the Yoast SEO plugin v23.9 - https:\/\/yoast.com\/wordpress\/plugins\/seo\/ -->\n<title>Am\u00e9thyste -<\/title>\n<meta name=\"robots\" content=\"index, follow, max-snippet:-1, max-image-preview:large, max-video-preview:-1\" \/>\n<link rel=\"canonical\" href=\"http:\/\/51.68.119.59\/Shahinaze\/Issyu\/?product=amethyste-2\" \/>\n<meta property=\"og:locale\" content=\"fr_FR\" \/>\n<meta property=\"og:type\" content=\"article\" \/>\n<meta property=\"og:title\" content=\"Am\u00e9thyste -\" \/>\n<meta property=\"og:description\" content=\"Caract\u00e9ristiques :   Type de produit : G\u00e9ode d&#039;Am\u00e9thyste  Poids : 150 grammes  Couleur : Violet profond avec des nuances claires  Provenance : Br\u00e9sil  Qualit\u00e9 : Cristaux bien form\u00e9s, puret\u00e9 \u00e9lev\u00e9e  Forme : G\u00e9ode brute, ouverte pour exposer les cristaux  Chakra associ\u00e9 : Chakra du Troisi\u00e8me \u0152il et Couronne  Purification : Purification par fumigation, eau ou amas de quartz  Usage : M\u00e9ditation, relaxation, harmonisation \u00e9nerg\u00e9tique\" \/>\n<meta property=\"og:url\" content=\"http:\/\/51.68.119.59\/Shahinaze\/Issyu\/?product=amethyste-2\" \/>\n<meta property=\"article:publisher\" content=\"http:\/\/issyu.com\/\/\" \/>\n<meta property=\"article:modified_time\" content=\"2024-11-11T18:03:49+00:00\" \/>\n<meta property=\"og:image\" content=\"http:\/\/51.68.119.59\/Shahinaze\/Issyu\/wp-content\/uploads\/2024\/11\/esther-verdu-nUgPZ6YxMSM-unsplash.png\" \/>\n\t<meta property=\"og:image:width\" content=\"500\" \/>\n\t<meta property=\"og:image:height\" content=\"500\" \/>\n\t<meta property=\"og:image:type\" content=\"image\/png\" \/>\n<meta name=\"twitter:card\" content=\"summary_large_image\" \/>\n<meta name=\"twitter:label1\" content=\"Dur\u00e9e de lecture estim\u00e9e\" \/>\n\t<meta name=\"twitter:data1\" content=\"4 minutes\" \/>\n<script type=\"application\/ld+json\" class=\"yoast-schema-graph\">{\"@context\":\"https:\/\/schema.org\",\"@graph\":[{\"@type\":\"WebPage\",\"@id\":\"http:\/\/51.68.119.59\/Shahinaze\/Issyu\/?product=amethyste-2\",\"url\":\"http:\/\/51.68.119.59\/Shahinaze\/Issyu\/?product=amethyste-2\",\"name\":\"Am\u00e9thyste -\",\"isPartOf\":{\"@id\":\"http:\/\/51.68.119.59\/Shahinaze\/Issyu\/#website\"},\"primaryImageOfPage\":{\"@id\":\"http:\/\/51.68.119.59\/Shahinaze\/Issyu\/?product=amethyste-2#primaryimage\"},\"image\":{\"@id\":\"http:\/\/51.68.119.59\/Shahinaze\/Issyu\/?product=amethyste-2#primaryimage\"},\"thumbnailUrl\":\"http:\/\/51.68.119.59\/Shahinaze\/Issyu\/wp-content\/uploads\/2024\/11\/esther-verdu-nUgPZ6YxMSM-unsplash.png\",\"datePublished\":\"2024-11-06T08:20:16+00:00\",\"dateModified\":\"2024-11-11T18:03:49+00:00\",\"breadcrumb\":{\"@id\":\"http:\/\/51.68.119.59\/Shahinaze\/Issyu\/?product=amethyste-2#breadcrumb\"},\"inLanguage\":\"fr-FR\",\"potentialAction\":[{\"@type\":\"ReadAction\",\"target\":[\"http:\/\/51.68.119.59\/Shahinaze\/Issyu\/?product=amethyste-2\"]}]},{\"@type\":\"ImageObject\",\"inLanguage\":\"fr-FR\",\"@id\":\"http:\/\/51.68.119.59\/Shahinaze\/Issyu\/?product=amethyste-2#primaryimage\",\"url\":\"http:\/\/51.68.119.59\/Shahinaze\/Issyu\/wp-content\/uploads\/2024\/11\/esther-verdu-nUgPZ6YxMSM-unsplash.png\",\"contentUrl\":\"http:\/\/51.68.119.59\/Shahinaze\/Issyu\/wp-content\/uploads\/2024\/11\/esther-verdu-nUgPZ6YxMSM-unsplash.png\",\"width\":500,\"height\":500},{\"@type\":\"BreadcrumbList\",\"@id\":\"http:\/\/51.68.119.59\/Shahinaze\/Issyu\/?product=amethyste-2#breadcrumb\",\"itemListElement\":[{\"@type\":\"ListItem\",\"position\":1,\"name\":\"Accueil\",\"item\":\"http:\/\/51.68.119.59\/Shahinaze\/Issyu\/\"},{\"@type\":\"ListItem\",\"position\":2,\"name\":\"Privacy Policy\",\"item\":\"http:\/\/51.68.119.59\/Shahinaze\/Issyu\/?page_id=3\"},{\"@type\":\"ListItem\",\"position\":3,\"name\":\"Am\u00e9thyste\"}]},{\"@type\":\"WebSite\",\"@id\":\"http:\/\/51.68.119.59\/Shahinaze\/Issyu\/#website\",\"url\":\"http:\/\/51.68.119.59\/Shahinaze\/Issyu\/\",\"name\":\"Issyu\",\"description\":\"\",\"publisher\":{\"@id\":\"http:\/\/51.68.119.59\/Shahinaze\/Issyu\/#organization\"},\"potentialAction\":[{\"@type\":\"SearchAction\",\"target\":{\"@type\":\"EntryPoint\",\"urlTemplate\":\"http:\/\/51.68.119.59\/Shahinaze\/Issyu\/?s={search_term_string}\"},\"query-input\":{\"@type\":\"PropertyValueSpecification\",\"valueRequired\":true,\"valueName\":\"search_term_string\"}}],\"inLanguage\":\"fr-FR\"},{\"@type\":\"Organization\",\"@id\":\"http:\/\/51.68.119.59\/Shahinaze\/Issyu\/#organization\",\"name\":\"Issyu\",\"url\":\"http:\/\/51.68.119.59\/Shahinaze\/Issyu\/\",\"logo\":{\"@type\":\"ImageObject\",\"inLanguage\":\"fr-FR\",\"@id\":\"http:\/\/51.68.119.59\/Shahinaze\/Issyu\/#\/schema\/logo\/image\/\",\"url\":\"http:\/\/51.68.119.59\/Shahinaze\/Issyu\/wp-content\/uploads\/2024\/11\/logo-vectorise-2.png\",\"contentUrl\":\"http:\/\/51.68.119.59\/Shahinaze\/Issyu\/wp-content\/uploads\/2024\/11\/logo-vectorise-2.png\",\"width\":195,\"height\":215,\"caption\":\"Issyu\"},\"image\":{\"@id\":\"http:\/\/51.68.119.59\/Shahinaze\/Issyu\/#\/schema\/logo\/image\/\"},\"sameAs\":[\"http:\/\/issyu.com\/\/\"]}]}<\/script>\n<!-- \/ Yoast SEO plugin. -->","yoast_head_json":{"title":"Am\u00e9thyste -","robots":{"index":"index","follow":"follow","max-snippet":"max-snippet:-1","max-image-preview":"max-image-preview:large","max-video-preview":"max-video-preview:-1"},"canonical":"http:\/\/51.68.119.59\/Shahinaze\/Issyu\/?product=amethyste-2","og_locale":"fr_FR","og_type":"article","og_title":"Am\u00e9thyste -","og_description":"Caract\u00e9ristiques :   Type de produit : G\u00e9ode d'Am\u00e9thyste  Poids : 150 grammes  Couleur : Violet profond avec des nuances claires  Provenance : Br\u00e9sil  Qualit\u00e9 : Cristaux bien form\u00e9s, puret\u00e9 \u00e9lev\u00e9e  Forme : G\u00e9ode brute, ouverte pour exposer les cristaux  Chakra associ\u00e9 : Chakra du Troisi\u00e8me \u0152il et Couronne  Purification : Purification par fumigation, eau ou amas de quartz  Usage : M\u00e9ditation, relaxation, harmonisation \u00e9nerg\u00e9tique","og_url":"http:\/\/51.68.119.59\/Shahinaze\/Issyu\/?product=amethyste-2","article_publisher":"http:\/\/issyu.com\/\/","article_modified_time":"2024-11-11T18:03:49+00:00","og_image":[{"width":500,"height":500,"url":"http:\/\/51.68.119.59\/Shahinaze\/Issyu\/wp-content\/uploads\/2024\/11\/esther-verdu-nUgPZ6YxMSM-unsplash.png","type":"image\/png"}],"twitter_card":"summary_large_image","twitter_misc":{"Dur\u00e9e de lecture estim\u00e9e":"4 minutes"},"schema":{"@context":"https:\/\/schema.org","@graph":[{"@type":"WebPage","@id":"http:\/\/51.68.119.59\/Shahinaze\/Issyu\/?product=amethyste-2","url":"http:\/\/51.68.119.59\/Shahinaze\/Issyu\/?product=amethyste-2","name":"Am\u00e9thyste -","isPartOf":{"@id":"http:\/\/51.68.119.59\/Shahinaze\/Issyu\/#website"},"primaryImageOfPage":{"@id":"http:\/\/51.68.119.59\/Shahinaze\/Issyu\/?product=amethyste-2#primaryimage"},"image":{"@id":"http:\/\/51.68.119.59\/Shahinaze\/Issyu\/?product=amethyste-2#primaryimage"},"thumbnailUrl":"http:\/\/51.68.119.59\/Shahinaze\/Issyu\/wp-content\/uploads\/2024\/11\/esther-verdu-nUgPZ6YxMSM-unsplash.png","datePublished":"2024-11-06T08:20:16+00:00","dateModified":"2024-11-11T18:03:49+00:00","breadcrumb":{"@id":"http:\/\/51.68.119.59\/Shahinaze\/Issyu\/?product=amethyste-2#breadcrumb"},"inLanguage":"fr-FR","potentialAction":[{"@type":"ReadAction","target":["http:\/\/51.68.119.59\/Shahinaze\/Issyu\/?product=amethyste-2"]}]},{"@type":"ImageObject","inLanguage":"fr-FR","@id":"http:\/\/51.68.119.59\/Shahinaze\/Issyu\/?product=amethyste-2#primaryimage","url":"http:\/\/51.68.119.59\/Shahinaze\/Issyu\/wp-content\/uploads\/2024\/11\/esther-verdu-nUgPZ6YxMSM-unsplash.png","contentUrl":"http:\/\/51.68.119.59\/Shahinaze\/Issyu\/wp-content\/uploads\/2024\/11\/esther-verdu-nUgPZ6YxMSM-unsplash.png","width":500,"height":500},{"@type":"BreadcrumbList","@id":"http:\/\/51.68.119.59\/Shahinaze\/Issyu\/?product=amethyste-2#breadcrumb","itemListElement":[{"@type":"ListItem","position":1,"name":"Accueil","item":"http:\/\/51.68.119.59\/Shahinaze\/Issyu\/"},{"@type":"ListItem","position":2,"name":"Privacy Policy","item":"http:\/\/51.68.119.59\/Shahinaze\/Issyu\/?page_id=3"},{"@type":"ListItem","position":3,"name":"Am\u00e9thyste"}]},{"@type":"WebSite","@id":"http:\/\/51.68.119.59\/Shahinaze\/Issyu\/#website","url":"http:\/\/51.68.119.59\/Shahinaze\/Issyu\/","name":"Issyu","description":"","publisher":{"@id":"http:\/\/51.68.119.59\/Shahinaze\/Issyu\/#organization"},"potentialAction":[{"@type":"SearchAction","target":{"@type":"EntryPoint","urlTemplate":"http:\/\/51.68.119.59\/Shahinaze\/Issyu\/?s={search_term_string}"},"query-input":{"@type":"PropertyValueSpecification","valueRequired":true,"valueName":"search_term_string"}}],"inLanguage":"fr-FR"},{"@type":"Organization","@id":"http:\/\/51.68.119.59\/Shahinaze\/Issyu\/#organization","name":"Issyu","url":"http:\/\/51.68.119.59\/Shahinaze\/Issyu\/","logo":{"@type":"ImageObject","inLanguage":"fr-FR","@id":"http:\/\/51.68.119.59\/Shahinaze\/Issyu\/#\/schema\/logo\/image\/","url":"http:\/\/51.68.119.59\/Shahinaze\/Issyu\/wp-content\/uploads\/2024\/11\/logo-vectorise-2.png","contentUrl":"http:\/\/51.68.119.59\/Shahinaze\/Issyu\/wp-content\/uploads\/2024\/11\/logo-vectorise-2.png","width":195,"height":215,"caption":"Issyu"},"image":{"@id":"http:\/\/51.68.119.59\/Shahinaze\/Issyu\/#\/schema\/logo\/image\/"},"sameAs":["http:\/\/issyu.com\/\/"]}]}},"jetpack_sharing_enabled":true,"_links":{"self":[{"href":"http:\/\/51.68.119.59\/Shahinaze\/Issyu\/index.php?rest_route=\/wp\/v2\/product\/793"}],"collection":[{"href":"http:\/\/51.68.119.59\/Shahinaze\/Issyu\/index.php?rest_route=\/wp\/v2\/product"}],"about":[{"href":"http:\/\/51.68.119.59\/Shahinaze\/Issyu\/index.php?rest_route=\/wp\/v2\/types\/product"}],"replies":[{"embeddable":true,"href":"http:\/\/51.68.119.59\/Shahinaze\/Issyu\/index.php?rest_route=%2Fwp%2Fv2%2Fcomments&post=793"}],"version-history":[{"count":2,"href":"http:\/\/51.68.119.59\/Shahinaze\/Issyu\/index.php?rest_route=\/wp\/v2\/product\/793\/revisions"}],"predecessor-version":[{"id":1083,"href":"http:\/\/51.68.119.59\/Shahinaze\/Issyu\/index.php?rest_route=\/wp\/v2\/product\/793\/revisions\/1083"}],"wp:featuredmedia":[{"embeddable":true,"href":"http:\/\/51.68.119.59\/Shahinaze\/Issyu\/index.php?rest_route=\/wp\/v2\/media\/794"}],"wp:attachment":[{"href":"http:\/\/51.68.119.59\/Shahinaze\/Issyu\/index.php?rest_route=%2Fwp%2Fv2%2Fmedia&parent=793"}],"wp:term":[{"taxonomy":"product_cat","embeddable":true,"href":"http:\/\/51.68.119.59\/Shahinaze\/Issyu\/index.php?rest_route=%2Fwp%2Fv2%2Fproduct_cat&post=793"},{"taxonomy":"product_tag","embeddable":true,"href":"http:\/\/51.68.119.59\/Shahinaze\/Issyu\/index.php?rest_route=%2Fwp%2Fv2%2Fproduct_tag&post=793"}],"curies":[{"name":"wp","href":"https:\/\/api.w.org\/{rel}","templated":true}]}}