{"id":815,"date":"2024-11-06T09:42:03","date_gmt":"2024-11-06T09:42:03","guid":{"rendered":"http:\/\/51.68.119.59\/Shahinaze\/Issyu\/?post_type=product&#038;p=815"},"modified":"2024-11-11T19:47:06","modified_gmt":"2024-11-11T19:47:06","slug":"celestine","status":"publish","type":"product","link":"http:\/\/51.68.119.59\/Shahinaze\/Issyu\/?product=celestine","title":{"rendered":"C\u00e9l\u00e9stine"},"content":{"rendered":"<h3><strong>Description produit :<\/strong><\/h3>\n<p>La <strong>C\u00e9lestine<\/strong> est une pierre <strong>lumineuse<\/strong> et <strong>apaisante<\/strong>, d\u2019un bleu doux rappelant le ciel. Tr\u00e8s pris\u00e9e en lithoth\u00e9rapie, elle est connue pour ses effets b\u00e9n\u00e9fiques sur la <strong>communication<\/strong> et l&rsquo;<strong>intuition spirituelle<\/strong>. Elle est particuli\u00e8rement adapt\u00e9e \u00e0 ceux qui cherchent \u00e0 <strong>r\u00e9duire le stress<\/strong>, \u00e0 <strong>am\u00e9liorer la clart\u00e9 mentale<\/strong>, ou \u00e0 <strong>renforcer leur connexion spirituelle<\/strong>.<\/p>\n<h4><strong>Bienfaits \u00e9motionnels et mentaux :<\/strong><\/h4>\n<p>La <strong>C\u00e9lestine<\/strong> est une pierre parfaite pour <strong>apaiser l\u2019esprit<\/strong> et r\u00e9duire l&rsquo;<strong>anxi\u00e9t\u00e9<\/strong>. Elle aide \u00e0 calmer les pens\u00e9es agit\u00e9es, apporte de la <strong>s\u00e9r\u00e9nit\u00e9<\/strong> et favorise un sentiment de <strong>paix int\u00e9rieure<\/strong>. Elle est particuli\u00e8rement utile pour ceux qui cherchent \u00e0 <strong>dissiper le stress<\/strong> et \u00e0 <strong>renouer avec leur bien-\u00eatre \u00e9motionnel<\/strong>. En m\u00e9ditation, elle <strong>ouvre le chakra de la gorge<\/strong>, favorisant une <strong>communication claire<\/strong> et un meilleur <strong>dialogue int\u00e9rieur<\/strong>.<\/p>\n<h4><strong>Bienfaits physiques :<\/strong><\/h4>\n<p>Sur le plan physique, la C\u00e9lestine est souvent utilis\u00e9e pour ses effets b\u00e9n\u00e9fiques sur la <strong>respiration<\/strong> et la <strong>circulation de l\u2019\u00e9nergie<\/strong> dans le corps. Elle aide \u00e0 apaiser les <strong>tensions musculaires<\/strong> et \u00e0 <strong>favoriser la d\u00e9tente<\/strong>. Elle est \u00e9galement connue pour ses effets apaisants sur les <strong>maux de t\u00eate<\/strong> et les <strong>probl\u00e8mes de stress chronique<\/strong>.<\/p>\n<h4><strong>Bienfaits spirituels et \u00e9nerg\u00e9tiques :<\/strong><\/h4>\n<p>Spirituellement, la <strong>C\u00e9lestine<\/strong> est une pierre tr\u00e8s <strong>spirituelle<\/strong>, id\u00e9ale pour ceux qui cherchent \u00e0 se connecter \u00e0 des \u00e9nergies sup\u00e9rieures ou \u00e0 <strong>d\u00e9velopper leur intuition<\/strong>. Elle aide \u00e0 ouvrir le <strong>chakra du troisi\u00e8me \u0153il<\/strong>, favorisant des exp\u00e9riences de <strong>clairvoyance<\/strong> et de <strong>vision int\u00e9rieure<\/strong>. Elle stimule \u00e9galement la <strong>r\u00e9flexion profonde<\/strong> et l\u2019<strong>expression spirituelle<\/strong>.<\/p>\n<hr \/>\n<h3><strong>Purification et Rechargement<\/strong> :<\/h3>\n<p>La <strong>C\u00e9lestine<\/strong> \u00e9tant une pierre <strong>tr\u00e8s spirituelle et d\u00e9licate<\/strong>, il est important de la purifier et de la recharger r\u00e9guli\u00e8rement pour pr\u00e9server ses propri\u00e9t\u00e9s \u00e9nerg\u00e9tiques. Voici les m\u00e9thodes les plus recommand\u00e9es :<\/p>\n<ul>\n<li><strong>Purification<\/strong> : La purification de la C\u00e9lestine peut \u00eatre r\u00e9alis\u00e9e \u00e0 l\u2019eau claire (sans sel), ou en la pla\u00e7ant dans un <strong>amas de quartz<\/strong>. Vous pouvez \u00e9galement utiliser de l&rsquo;<strong>encens<\/strong> (comme la sauge ou le palo santo) pour nettoyer l&rsquo;\u00e9nergie de la pierre. \u00c9vitez de la purifier dans de l\u2019eau sal\u00e9e, car cela pourrait alt\u00e9rer sa structure d\u00e9licate.<\/li>\n<li><strong>Rechargement<\/strong> : La C\u00e9lestine se recharge en \u00e9tant plac\u00e9e sous la <strong>lumi\u00e8re de la lune<\/strong>, de pr\u00e9f\u00e9rence lors de la <strong>lune pleine<\/strong>. Cette lumi\u00e8re douce et apaisante lui permettra de retrouver toute sa puissance \u00e9nerg\u00e9tique. Il est aussi possible de la recharger en la pla\u00e7ant \u00e0 c\u00f4t\u00e9 d\u2019un <strong>cristal de quartz clair<\/strong>.<\/li>\n<\/ul>\n<hr \/>\n<h3><strong>Bienfaits principaux :<\/strong><\/h3>\n<ul>\n<li><strong>Apaisement \u00e9motionnel<\/strong> : Aide \u00e0 <strong>r\u00e9duire l\u2019anxi\u00e9t\u00e9<\/strong> et \u00e0 apporter un <strong>calme int\u00e9rieur<\/strong>.<\/li>\n<li><strong>Am\u00e9lioration de la communication<\/strong> : Ouvre le <strong>chakra de la gorge<\/strong>, favorisant une <strong>communication claire<\/strong> et authentique.<\/li>\n<li><strong>Stimulation de l\u2019intuition<\/strong> : Ouvre le <strong>chakra du troisi\u00e8me \u0153il<\/strong>, facilitant la <strong>clairvoyance<\/strong> et les <strong>visions intuitives<\/strong>.<\/li>\n<li><strong>D\u00e9tente physique<\/strong> : Aide \u00e0 apaiser les <strong>tensions musculaires<\/strong> et \u00e0 favoriser la <strong>circulation \u00e9nerg\u00e9tique<\/strong> dans le corps.<\/li>\n<li><strong>Connexion spirituelle<\/strong> : Favorise une <strong>connexion \u00e9lev\u00e9e<\/strong> avec des \u00e9nergies sup\u00e9rieures et un <strong>d\u00e9veloppement spirituel<\/strong>.<\/li>\n<\/ul>\n<hr \/>\n<h3><strong>Pourquoi choisir la C\u00e9lestine ?<\/strong><\/h3>\n<ul>\n<li><strong>Pierre de s\u00e9r\u00e9nit\u00e9<\/strong>, id\u00e9ale pour ceux qui cherchent \u00e0 apaiser leurs <strong>\u00e9motions<\/strong> et \u00e0 r\u00e9duire le <strong>stress<\/strong>.<\/li>\n<li><strong>Pierre de communication spirituelle<\/strong> id\u00e9ale pour les personnes qui veulent ouvrir leur <strong>chakra de la gorge<\/strong> et <strong>exprimer leur v\u00e9rit\u00e9<\/strong>.<\/li>\n<li>Utile pour les personnes en qu\u00eate de <strong>clairvoyance<\/strong> et de <strong>connexion spirituelle<\/strong>.<\/li>\n<li><strong>Pierre de m\u00e9ditation<\/strong> qui soutient la <strong>r\u00e9flexion int\u00e9rieure<\/strong> et la <strong>r\u00e9v\u00e9lation spirituelle<\/strong>.<\/li>\n<\/ul>\n","protected":false},"excerpt":{"rendered":"<h3><strong>Caract\u00e9ristiques :<\/strong><\/h3>\n<ul>\n<li><strong>Type de produit<\/strong> : G\u00e9ode de C\u00e9lestine<\/li>\n<li><strong>Couleur<\/strong> : Bleu ciel, <strong>bleu clair<\/strong>, <strong>translucide<\/strong><\/li>\n<li><strong>Provenance<\/strong> : Madagascar, Br\u00e9sil, P\u00e9rou, etc.<\/li>\n<li><strong>Qualit\u00e9<\/strong> : AA<\/li>\n<li><strong>Forme<\/strong> : G\u00e9ode<\/li>\n<li><strong>Chakra associ\u00e9<\/strong> : <strong>Chakra de la Gorge<\/strong> (5\u00e8me chakra), <strong>Chakra du Troisi\u00e8me \u0152il<\/strong> (6\u00e8me chakra)<\/li>\n<li><strong>Purification<\/strong> : Purification par eau, encens ou amas de quartz, rechargement \u00e0 la lumi\u00e8re de la lune<\/li>\n<li><strong>Usage<\/strong> : M\u00e9ditation, ouverture du chakra de la gorge, communication spirituelle, relaxation et apaisement \u00e9motionnel<\/li>\n<\/ul>\n","protected":false},"featured_media":816,"comment_status":"open","ping_status":"closed","template":"","meta":{"_eb_attr":"","site-sidebar-layout":"default","site-content-layout":"","ast-site-content-layout":"default","site-content-style":"default","site-sidebar-style":"default","ast-global-header-display":"","ast-banner-title-visibility":"","ast-main-header-display":"","ast-hfb-above-header-display":"","ast-hfb-below-header-display":"","ast-hfb-mobile-header-display":"","site-post-title":"","ast-breadcrumbs-content":"","ast-featured-img":"","footer-sml-layout":"","theme-transparent-header-meta":"default","adv-header-id-meta":"","stick-header-meta":"","header-above-stick-meta":"","header-main-stick-meta":"","header-below-stick-meta":"","astra-migrate-meta-layouts":"set","ast-page-background-enabled":"default","ast-page-background-meta":{"desktop":{"background-color":"var(--ast-global-color-4)","background-image":"","background-repeat":"repeat","background-position":"center center","background-size":"auto","background-attachment":"scroll","background-type":"","background-media":"","overlay-type":"","overlay-color":"","overlay-opacity":"","overlay-gradient":""},"tablet":{"background-color":"","background-image":"","background-repeat":"repeat","background-position":"center center","background-size":"auto","background-attachment":"scroll","background-type":"","background-media":"","overlay-type":"","overlay-color":"","overlay-opacity":"","overlay-gradient":""},"mobile":{"background-color":"","background-image":"","background-repeat":"repeat","background-position":"center center","background-size":"auto","background-attachment":"scroll","background-type":"","background-media":"","overlay-type":"","overlay-color":"","overlay-opacity":"","overlay-gradient":""}},"ast-content-background-meta":{"desktop":{"background-color":"var(--ast-global-color-5)","background-image":"","background-repeat":"repeat","background-position":"center center","background-size":"auto","background-attachment":"scroll","background-type":"","background-media":"","overlay-type":"","overlay-color":"","overlay-opacity":"","overlay-gradient":""},"tablet":{"background-color":"var(--ast-global-color-5)","background-image":"","background-repeat":"repeat","background-position":"center center","background-size":"auto","background-attachment":"scroll","background-type":"","background-media":"","overlay-type":"","overlay-color":"","overlay-opacity":"","overlay-gradient":""},"mobile":{"background-color":"var(--ast-global-color-5)","background-image":"","background-repeat":"repeat","background-position":"center center","background-size":"auto","background-attachment":"scroll","background-type":"","background-media":"","overlay-type":"","overlay-color":"","overlay-opacity":"","overlay-gradient":""}}},"product_cat":[50,156],"product_tag":[56,49,98,59,89,101,54,100,33,69,31,99],"class_list":{"0":"post-815","1":"product","2":"type-product","3":"status-publish","4":"has-post-thumbnail","6":"product_cat-geodes","7":"product_cat-mineraux","8":"product_tag-bleu","9":"product_tag-chakra-gorge","10":"product_tag-circulation-de-lenergie","11":"product_tag-clairvoyance","12":"product_tag-communication","13":"product_tag-communication-spirituelle","14":"product_tag-connexion-spirituelle","15":"product_tag-detente","16":"product_tag-geodes","17":"product_tag-maux-de-tete","18":"product_tag-meditation","19":"product_tag-tension-musculaire","20":"desktop-align-center","21":"tablet-align-left","22":"mobile-align-left","24":"first","25":"instock","26":"shipping-taxable","27":"purchasable","28":"product-type-simple"},"yoast_head":"<!-- This site is optimized with the Yoast SEO plugin v23.9 - https:\/\/yoast.com\/wordpress\/plugins\/seo\/ -->\n<title>C\u00e9l\u00e9stine -<\/title>\n<meta name=\"robots\" content=\"index, follow, max-snippet:-1, max-image-preview:large, max-video-preview:-1\" \/>\n<link rel=\"canonical\" href=\"http:\/\/51.68.119.59\/Shahinaze\/Issyu\/?product=celestine\" \/>\n<meta property=\"og:locale\" content=\"fr_FR\" \/>\n<meta property=\"og:type\" content=\"article\" \/>\n<meta property=\"og:title\" content=\"C\u00e9l\u00e9stine -\" \/>\n<meta property=\"og:description\" content=\"Caract\u00e9ristiques :   Type de produit : G\u00e9ode de C\u00e9lestine  Couleur : Bleu ciel, bleu clair, translucide  Provenance : Madagascar, Br\u00e9sil, P\u00e9rou, etc.  Qualit\u00e9 : AA  Forme : G\u00e9ode  Chakra associ\u00e9 : Chakra de la Gorge (5\u00e8me chakra), Chakra du Troisi\u00e8me \u0152il (6\u00e8me chakra)  Purification : Purification par eau, encens ou amas de quartz, rechargement \u00e0 la lumi\u00e8re de la lune  Usage : M\u00e9ditation, ouverture du chakra de la gorge, communication spirituelle, relaxation et apaisement \u00e9motionnel\" \/>\n<meta property=\"og:url\" content=\"http:\/\/51.68.119.59\/Shahinaze\/Issyu\/?product=celestine\" \/>\n<meta property=\"article:publisher\" content=\"http:\/\/issyu.com\/\/\" \/>\n<meta property=\"article:modified_time\" content=\"2024-11-11T19:47:06+00:00\" \/>\n<meta property=\"og:image\" content=\"http:\/\/51.68.119.59\/Shahinaze\/Issyu\/wp-content\/uploads\/2024\/11\/carole-smile-5z0OzAxsmpc-unsplash.png\" \/>\n\t<meta property=\"og:image:width\" content=\"500\" \/>\n\t<meta property=\"og:image:height\" content=\"500\" \/>\n\t<meta property=\"og:image:type\" content=\"image\/png\" \/>\n<meta name=\"twitter:card\" content=\"summary_large_image\" \/>\n<meta name=\"twitter:label1\" content=\"Dur\u00e9e de lecture estim\u00e9e\" \/>\n\t<meta name=\"twitter:data1\" content=\"3 minutes\" \/>\n<script type=\"application\/ld+json\" class=\"yoast-schema-graph\">{\"@context\":\"https:\/\/schema.org\",\"@graph\":[{\"@type\":\"WebPage\",\"@id\":\"http:\/\/51.68.119.59\/Shahinaze\/Issyu\/?product=celestine\",\"url\":\"http:\/\/51.68.119.59\/Shahinaze\/Issyu\/?product=celestine\",\"name\":\"C\u00e9l\u00e9stine -\",\"isPartOf\":{\"@id\":\"http:\/\/51.68.119.59\/Shahinaze\/Issyu\/#website\"},\"primaryImageOfPage\":{\"@id\":\"http:\/\/51.68.119.59\/Shahinaze\/Issyu\/?product=celestine#primaryimage\"},\"image\":{\"@id\":\"http:\/\/51.68.119.59\/Shahinaze\/Issyu\/?product=celestine#primaryimage\"},\"thumbnailUrl\":\"http:\/\/51.68.119.59\/Shahinaze\/Issyu\/wp-content\/uploads\/2024\/11\/carole-smile-5z0OzAxsmpc-unsplash.png\",\"datePublished\":\"2024-11-06T09:42:03+00:00\",\"dateModified\":\"2024-11-11T19:47:06+00:00\",\"breadcrumb\":{\"@id\":\"http:\/\/51.68.119.59\/Shahinaze\/Issyu\/?product=celestine#breadcrumb\"},\"inLanguage\":\"fr-FR\",\"potentialAction\":[{\"@type\":\"ReadAction\",\"target\":[\"http:\/\/51.68.119.59\/Shahinaze\/Issyu\/?product=celestine\"]}]},{\"@type\":\"ImageObject\",\"inLanguage\":\"fr-FR\",\"@id\":\"http:\/\/51.68.119.59\/Shahinaze\/Issyu\/?product=celestine#primaryimage\",\"url\":\"http:\/\/51.68.119.59\/Shahinaze\/Issyu\/wp-content\/uploads\/2024\/11\/carole-smile-5z0OzAxsmpc-unsplash.png\",\"contentUrl\":\"http:\/\/51.68.119.59\/Shahinaze\/Issyu\/wp-content\/uploads\/2024\/11\/carole-smile-5z0OzAxsmpc-unsplash.png\",\"width\":500,\"height\":500},{\"@type\":\"BreadcrumbList\",\"@id\":\"http:\/\/51.68.119.59\/Shahinaze\/Issyu\/?product=celestine#breadcrumb\",\"itemListElement\":[{\"@type\":\"ListItem\",\"position\":1,\"name\":\"Accueil\",\"item\":\"http:\/\/51.68.119.59\/Shahinaze\/Issyu\/\"},{\"@type\":\"ListItem\",\"position\":2,\"name\":\"Privacy Policy\",\"item\":\"http:\/\/51.68.119.59\/Shahinaze\/Issyu\/?page_id=3\"},{\"@type\":\"ListItem\",\"position\":3,\"name\":\"C\u00e9l\u00e9stine\"}]},{\"@type\":\"WebSite\",\"@id\":\"http:\/\/51.68.119.59\/Shahinaze\/Issyu\/#website\",\"url\":\"http:\/\/51.68.119.59\/Shahinaze\/Issyu\/\",\"name\":\"Issyu\",\"description\":\"\",\"publisher\":{\"@id\":\"http:\/\/51.68.119.59\/Shahinaze\/Issyu\/#organization\"},\"potentialAction\":[{\"@type\":\"SearchAction\",\"target\":{\"@type\":\"EntryPoint\",\"urlTemplate\":\"http:\/\/51.68.119.59\/Shahinaze\/Issyu\/?s={search_term_string}\"},\"query-input\":{\"@type\":\"PropertyValueSpecification\",\"valueRequired\":true,\"valueName\":\"search_term_string\"}}],\"inLanguage\":\"fr-FR\"},{\"@type\":\"Organization\",\"@id\":\"http:\/\/51.68.119.59\/Shahinaze\/Issyu\/#organization\",\"name\":\"Issyu\",\"url\":\"http:\/\/51.68.119.59\/Shahinaze\/Issyu\/\",\"logo\":{\"@type\":\"ImageObject\",\"inLanguage\":\"fr-FR\",\"@id\":\"http:\/\/51.68.119.59\/Shahinaze\/Issyu\/#\/schema\/logo\/image\/\",\"url\":\"http:\/\/51.68.119.59\/Shahinaze\/Issyu\/wp-content\/uploads\/2024\/11\/logo-vectorise-2.png\",\"contentUrl\":\"http:\/\/51.68.119.59\/Shahinaze\/Issyu\/wp-content\/uploads\/2024\/11\/logo-vectorise-2.png\",\"width\":195,\"height\":215,\"caption\":\"Issyu\"},\"image\":{\"@id\":\"http:\/\/51.68.119.59\/Shahinaze\/Issyu\/#\/schema\/logo\/image\/\"},\"sameAs\":[\"http:\/\/issyu.com\/\/\"]}]}<\/script>\n<!-- \/ Yoast SEO plugin. -->","yoast_head_json":{"title":"C\u00e9l\u00e9stine -","robots":{"index":"index","follow":"follow","max-snippet":"max-snippet:-1","max-image-preview":"max-image-preview:large","max-video-preview":"max-video-preview:-1"},"canonical":"http:\/\/51.68.119.59\/Shahinaze\/Issyu\/?product=celestine","og_locale":"fr_FR","og_type":"article","og_title":"C\u00e9l\u00e9stine -","og_description":"Caract\u00e9ristiques :   Type de produit : G\u00e9ode de C\u00e9lestine  Couleur : Bleu ciel, bleu clair, translucide  Provenance : Madagascar, Br\u00e9sil, P\u00e9rou, etc.  Qualit\u00e9 : AA  Forme : G\u00e9ode  Chakra associ\u00e9 : Chakra de la Gorge (5\u00e8me chakra), Chakra du Troisi\u00e8me \u0152il (6\u00e8me chakra)  Purification : Purification par eau, encens ou amas de quartz, rechargement \u00e0 la lumi\u00e8re de la lune  Usage : M\u00e9ditation, ouverture du chakra de la gorge, communication spirituelle, relaxation et apaisement \u00e9motionnel","og_url":"http:\/\/51.68.119.59\/Shahinaze\/Issyu\/?product=celestine","article_publisher":"http:\/\/issyu.com\/\/","article_modified_time":"2024-11-11T19:47:06+00:00","og_image":[{"width":500,"height":500,"url":"http:\/\/51.68.119.59\/Shahinaze\/Issyu\/wp-content\/uploads\/2024\/11\/carole-smile-5z0OzAxsmpc-unsplash.png","type":"image\/png"}],"twitter_card":"summary_large_image","twitter_misc":{"Dur\u00e9e de lecture estim\u00e9e":"3 minutes"},"schema":{"@context":"https:\/\/schema.org","@graph":[{"@type":"WebPage","@id":"http:\/\/51.68.119.59\/Shahinaze\/Issyu\/?product=celestine","url":"http:\/\/51.68.119.59\/Shahinaze\/Issyu\/?product=celestine","name":"C\u00e9l\u00e9stine -","isPartOf":{"@id":"http:\/\/51.68.119.59\/Shahinaze\/Issyu\/#website"},"primaryImageOfPage":{"@id":"http:\/\/51.68.119.59\/Shahinaze\/Issyu\/?product=celestine#primaryimage"},"image":{"@id":"http:\/\/51.68.119.59\/Shahinaze\/Issyu\/?product=celestine#primaryimage"},"thumbnailUrl":"http:\/\/51.68.119.59\/Shahinaze\/Issyu\/wp-content\/uploads\/2024\/11\/carole-smile-5z0OzAxsmpc-unsplash.png","datePublished":"2024-11-06T09:42:03+00:00","dateModified":"2024-11-11T19:47:06+00:00","breadcrumb":{"@id":"http:\/\/51.68.119.59\/Shahinaze\/Issyu\/?product=celestine#breadcrumb"},"inLanguage":"fr-FR","potentialAction":[{"@type":"ReadAction","target":["http:\/\/51.68.119.59\/Shahinaze\/Issyu\/?product=celestine"]}]},{"@type":"ImageObject","inLanguage":"fr-FR","@id":"http:\/\/51.68.119.59\/Shahinaze\/Issyu\/?product=celestine#primaryimage","url":"http:\/\/51.68.119.59\/Shahinaze\/Issyu\/wp-content\/uploads\/2024\/11\/carole-smile-5z0OzAxsmpc-unsplash.png","contentUrl":"http:\/\/51.68.119.59\/Shahinaze\/Issyu\/wp-content\/uploads\/2024\/11\/carole-smile-5z0OzAxsmpc-unsplash.png","width":500,"height":500},{"@type":"BreadcrumbList","@id":"http:\/\/51.68.119.59\/Shahinaze\/Issyu\/?product=celestine#breadcrumb","itemListElement":[{"@type":"ListItem","position":1,"name":"Accueil","item":"http:\/\/51.68.119.59\/Shahinaze\/Issyu\/"},{"@type":"ListItem","position":2,"name":"Privacy Policy","item":"http:\/\/51.68.119.59\/Shahinaze\/Issyu\/?page_id=3"},{"@type":"ListItem","position":3,"name":"C\u00e9l\u00e9stine"}]},{"@type":"WebSite","@id":"http:\/\/51.68.119.59\/Shahinaze\/Issyu\/#website","url":"http:\/\/51.68.119.59\/Shahinaze\/Issyu\/","name":"Issyu","description":"","publisher":{"@id":"http:\/\/51.68.119.59\/Shahinaze\/Issyu\/#organization"},"potentialAction":[{"@type":"SearchAction","target":{"@type":"EntryPoint","urlTemplate":"http:\/\/51.68.119.59\/Shahinaze\/Issyu\/?s={search_term_string}"},"query-input":{"@type":"PropertyValueSpecification","valueRequired":true,"valueName":"search_term_string"}}],"inLanguage":"fr-FR"},{"@type":"Organization","@id":"http:\/\/51.68.119.59\/Shahinaze\/Issyu\/#organization","name":"Issyu","url":"http:\/\/51.68.119.59\/Shahinaze\/Issyu\/","logo":{"@type":"ImageObject","inLanguage":"fr-FR","@id":"http:\/\/51.68.119.59\/Shahinaze\/Issyu\/#\/schema\/logo\/image\/","url":"http:\/\/51.68.119.59\/Shahinaze\/Issyu\/wp-content\/uploads\/2024\/11\/logo-vectorise-2.png","contentUrl":"http:\/\/51.68.119.59\/Shahinaze\/Issyu\/wp-content\/uploads\/2024\/11\/logo-vectorise-2.png","width":195,"height":215,"caption":"Issyu"},"image":{"@id":"http:\/\/51.68.119.59\/Shahinaze\/Issyu\/#\/schema\/logo\/image\/"},"sameAs":["http:\/\/issyu.com\/\/"]}]}},"jetpack_sharing_enabled":true,"_links":{"self":[{"href":"http:\/\/51.68.119.59\/Shahinaze\/Issyu\/index.php?rest_route=\/wp\/v2\/product\/815"}],"collection":[{"href":"http:\/\/51.68.119.59\/Shahinaze\/Issyu\/index.php?rest_route=\/wp\/v2\/product"}],"about":[{"href":"http:\/\/51.68.119.59\/Shahinaze\/Issyu\/index.php?rest_route=\/wp\/v2\/types\/product"}],"replies":[{"embeddable":true,"href":"http:\/\/51.68.119.59\/Shahinaze\/Issyu\/index.php?rest_route=%2Fwp%2Fv2%2Fcomments&post=815"}],"version-history":[{"count":2,"href":"http:\/\/51.68.119.59\/Shahinaze\/Issyu\/index.php?rest_route=\/wp\/v2\/product\/815\/revisions"}],"predecessor-version":[{"id":858,"href":"http:\/\/51.68.119.59\/Shahinaze\/Issyu\/index.php?rest_route=\/wp\/v2\/product\/815\/revisions\/858"}],"wp:featuredmedia":[{"embeddable":true,"href":"http:\/\/51.68.119.59\/Shahinaze\/Issyu\/index.php?rest_route=\/wp\/v2\/media\/816"}],"wp:attachment":[{"href":"http:\/\/51.68.119.59\/Shahinaze\/Issyu\/index.php?rest_route=%2Fwp%2Fv2%2Fmedia&parent=815"}],"wp:term":[{"taxonomy":"product_cat","embeddable":true,"href":"http:\/\/51.68.119.59\/Shahinaze\/Issyu\/index.php?rest_route=%2Fwp%2Fv2%2Fproduct_cat&post=815"},{"taxonomy":"product_tag","embeddable":true,"href":"http:\/\/51.68.119.59\/Shahinaze\/Issyu\/index.php?rest_route=%2Fwp%2Fv2%2Fproduct_tag&post=815"}],"curies":[{"name":"wp","href":"https:\/\/api.w.org\/{rel}","templated":true}]}}