{"id":402,"date":"2024-06-24T15:03:42","date_gmt":"2024-06-24T15:03:42","guid":{"rendered":"http:\/\/51.68.119.59\/herve\/?page_id=402"},"modified":"2024-07-16T14:31:09","modified_gmt":"2024-07-16T14:31:09","slug":"les-services","status":"publish","type":"page","link":"http:\/\/51.68.119.59\/herve\/?page_id=402","title":{"rendered":"Les services"},"content":{"rendered":"\n<div class=\"wp-block-columns is-layout-flex wp-container-core-columns-is-layout-1 wp-block-columns-is-layout-flex\">\n<div class=\"wp-block-column is-layout-flow wp-block-column-is-layout-flow\" style=\"flex-basis:100%\">\n<style type=\"text\/css\"> .skt-blocks-block-8659003c-6a27-4174-92e4-416304f5032a .skt-blocks-ifb-cta-button {\n background-color: transparent; border-color: #333; }\n .skt-blocks-block-8659003c-6a27-4174-92e4-416304f5032a .skt-blocks-ifb-cta-button .skt-blocks-inline-editing{\n color: #333; }\n .skt-blocks-block-8659003c-6a27-4174-92e4-416304f5032a .skt-blocks-ifb-cta-button:hover {\n background-color: transparent; border-color: #333; }\n .skt-blocks-block-8659003c-6a27-4174-92e4-416304f5032a .skt-blocks-ifb-cta-button .skt-blocks-inline-editing:hover{\n color: #333; }\n .skt-blocks-block-8659003c-6a27-4174-92e4-416304f5032a .skt-blocks-ifb-icon svg{\n fill: #3a3a3a; }\n .skt-blocks-block-8659003c-6a27-4174-92e4-416304f5032a .skt-blocks-ifb-icon:hover svg{\n fill: #3a3a3a; }\n .skt-blocks-block-8659003c-6a27-4174-92e4-416304f5032a .skt-blocks-ifb-image-content img{\n opacity: 1 }\n<\/style><style type=\"text\/css\">\n@media only screen and (min-width: 976px){\n\n.skt-blocks-block-8659003c-6a27-4174-92e4-416304f5032a.skt-blocks-infobox__content-wrap .skt-blocks-ifb-title {\n font-size: undefinedpx !important; }\n .skt-blocks-block-8659003c-6a27-4174-92e4-416304f5032a.skt-blocks-infobox__content-wrap .skt-blocks-ifb-desc {\n font-size: undefinedpx !important; }\n .skt-blocks-block-8659003c-6a27-4174-92e4-416304f5032a .skt-blocks-ifb-image-content img {\n width: 569px; }\n}\n\n@media only screen and (max-width: 976px){\n\n.skt-blocks-block-8659003c-6a27-4174-92e4-416304f5032a.skt-blocks-infobox__content-wrap .skt-blocks-ifb-title {\n font-size: undefinedpx; }\n .skt-blocks-block-8659003c-6a27-4174-92e4-416304f5032a.skt-blocks-infobox__content-wrap .skt-blocks-ifb-desc {\n font-size: undefinedpx !important; }\n .skt-blocks-block-8659003c-6a27-4174-92e4-416304f5032a .skt-blocks-ifb-image-content img {\n width: undefinedpx; }\n}\n\n@media only screen and (max-width: 767px){\n .skt-blocks-block-8659003c-6a27-4174-92e4-416304f5032a.skt-blocks-infobox__content-wrap .skt-blocks-ifb-title {\n font-size: undefinedpx; }\n .skt-blocks-block-8659003c-6a27-4174-92e4-416304f5032a.skt-blocks-infobox__content-wrap .skt-blocks-ifb-desc {\n font-size: undefinedpx !important; }\n .skt-blocks-block-8659003c-6a27-4174-92e4-416304f5032a .skt-blocks-ifb-image-content img {\n width: undefinedpx; }\n}\n<\/style><style type=\"text\/css\"> .skt-blocks-block-8659003c-6a27-4174-92e4-416304f5032a.skt-blocks-infobox__content-wrap {\n text-align: center; }\n<\/style><div class=\"skt-blocks-infobox__outer-wrap responsive-blocks-block-team\" style=\"border-width:1px;background-color:rgba(255, 255, 255, 1);padding:0;border-style:none;box-shadow:0px 0px   undefined \"><div class=\"skt-blocks-block-8659003c-6a27-4174-92e4-416304f5032a skt-blocks-infobox__content-wrap skt-blocks-infobox skt-blocks-infobox-has-image skt-blocks-infobox-icon-above-title skt-blocks-infobox-image-valign-top skt-blocks-infobox-enable-border-radius \"><div class=\"skt-blocks-ifb-left-right-wrap\"><div class=\"skt-blocks-ifb-content\"><div class=\"skt-blocks-ifb-image-icon-content skt-blocks-ifb-imgicon-wrap\" style=\"margin-bottom:5px;margin-top:5px;margin-left:0;margin-right:0\"><div class=\"skt-blocks-ifb-image\"><div class=\"skt-blocks-ifb-image-content\"><img decoding=\"async\" class=\"\" src=\"http:\/\/51.68.119.59\/herve\/wp-content\/uploads\/2024\/07\/tombe-entretien-nettoyage-pierre-tombale-quel-produit-nettoyer-marbre-sepulture-toutpratique-1.jpg\" alt=\"\" style=\"border-color:#333;border-radius:0;border-width:2px;border-style:none;box-shadow:0px 0px   undefined \"\/><\/div><\/div><\/div><div class=\"skt-blocks-ifb-title-wrap\"><span class=\"skt-blocks-ifb-title-prefix\" style=\"margin-bottom:5px\">Nettoyage de tombes <\/span><h3 class=\"skt-blocks-ifb-title\" style=\"font-weight:700;margin-bottom:10px\">Services + <\/h3><\/div><div class=\"skt-blocks-ifb-separator-parent\"><div class=\"skt-blocks-ifb-separator\" style=\"border-width:2px;border-top-style:solid;width:30%;margin-bottom:10px\"><\/div><\/div><div class=\"skt-blocks-ifb-text-wrap\"><p class=\"skt-blocks-ifb-desc\" style=\"font-weight:100;margin-bottom:10px\">Nous utilisons des produits de nettoyage soucieux de l&#8217;environnement et beaucoup d&#8217;huile de coude !<\/p><div class=\"skt-blocks-ifb-cta skt-blocks-infobox-cta-link-style\"><\/div><\/div><\/div><\/div><\/div><\/div>\n<\/div>\n\n\n\n<div class=\"wp-block-column is-layout-flow wp-block-column-is-layout-flow\" style=\"flex-basis:100%\">\n<style type=\"text\/css\"> .skt-blocks-block-baaaaeca-dd92-41b5-8cca-07a97d2ec96e .skt-blocks-ifb-cta-button {\n background-color: transparent; border-color: #333; }\n .skt-blocks-block-baaaaeca-dd92-41b5-8cca-07a97d2ec96e .skt-blocks-ifb-cta-button .skt-blocks-inline-editing{\n color: #333; }\n .skt-blocks-block-baaaaeca-dd92-41b5-8cca-07a97d2ec96e .skt-blocks-ifb-cta-button:hover {\n background-color: transparent; border-color: #333; }\n .skt-blocks-block-baaaaeca-dd92-41b5-8cca-07a97d2ec96e .skt-blocks-ifb-cta-button .skt-blocks-inline-editing:hover{\n color: #333; }\n .skt-blocks-block-baaaaeca-dd92-41b5-8cca-07a97d2ec96e .skt-blocks-ifb-icon svg{\n fill: #3a3a3a; }\n .skt-blocks-block-baaaaeca-dd92-41b5-8cca-07a97d2ec96e .skt-blocks-ifb-icon:hover svg{\n fill: #3a3a3a; }\n .skt-blocks-block-baaaaeca-dd92-41b5-8cca-07a97d2ec96e .skt-blocks-ifb-image-content img{\n opacity: 1 }\n<\/style><style type=\"text\/css\">\n@media only screen and (min-width: 976px){\n\n.skt-blocks-block-baaaaeca-dd92-41b5-8cca-07a97d2ec96e.skt-blocks-infobox__content-wrap .skt-blocks-ifb-title {\n font-size: undefinedpx !important; }\n .skt-blocks-block-baaaaeca-dd92-41b5-8cca-07a97d2ec96e.skt-blocks-infobox__content-wrap .skt-blocks-ifb-desc {\n font-size: undefinedpx !important; }\n .skt-blocks-block-baaaaeca-dd92-41b5-8cca-07a97d2ec96e .skt-blocks-ifb-image-content img {\n width: 212px; }\n}\n\n@media only screen and (max-width: 976px){\n\n.skt-blocks-block-baaaaeca-dd92-41b5-8cca-07a97d2ec96e.skt-blocks-infobox__content-wrap .skt-blocks-ifb-title {\n font-size: undefinedpx; }\n .skt-blocks-block-baaaaeca-dd92-41b5-8cca-07a97d2ec96e.skt-blocks-infobox__content-wrap .skt-blocks-ifb-desc {\n font-size: undefinedpx !important; }\n .skt-blocks-block-baaaaeca-dd92-41b5-8cca-07a97d2ec96e .skt-blocks-ifb-image-content img {\n width: 661px; }\n}\n\n@media only screen and (max-width: 767px){\n .skt-blocks-block-baaaaeca-dd92-41b5-8cca-07a97d2ec96e.skt-blocks-infobox__content-wrap .skt-blocks-ifb-title {\n font-size: undefinedpx; }\n .skt-blocks-block-baaaaeca-dd92-41b5-8cca-07a97d2ec96e.skt-blocks-infobox__content-wrap .skt-blocks-ifb-desc {\n font-size: undefinedpx !important; }\n .skt-blocks-block-baaaaeca-dd92-41b5-8cca-07a97d2ec96e .skt-blocks-ifb-image-content img {\n width: undefinedpx; }\n}\n<\/style><style type=\"text\/css\"> .skt-blocks-block-baaaaeca-dd92-41b5-8cca-07a97d2ec96e.skt-blocks-infobox__content-wrap {\n text-align: center; }\n<\/style><div class=\"skt-blocks-infobox__outer-wrap responsive-blocks-block-team\" style=\"border-width:1px;background-color:rgba(255, 255, 255, 1);padding:0;border-style:none;box-shadow:0px 0px   undefined \"><div class=\"skt-blocks-block-baaaaeca-dd92-41b5-8cca-07a97d2ec96e skt-blocks-infobox__content-wrap skt-blocks-infobox skt-blocks-infobox-has-image skt-blocks-infobox-icon-above-title skt-blocks-infobox-image-valign-top skt-blocks-infobox-enable-border-radius \"><div class=\"skt-blocks-ifb-left-right-wrap\"><div class=\"skt-blocks-ifb-content\"><div class=\"skt-blocks-ifb-image-icon-content skt-blocks-ifb-imgicon-wrap\" style=\"margin-bottom:5px;margin-top:5px;margin-left:0;margin-right:0\"><div class=\"skt-blocks-ifb-image\"><div class=\"skt-blocks-ifb-image-content\"><img decoding=\"async\" class=\"\" src=\"http:\/\/51.68.119.59\/herve\/wp-content\/uploads\/2024\/07\/sepultures-fleurissement-entretien-tombe-caveau.jpg\" alt=\"\" style=\"border-color:#333;border-radius:0;border-width:2px;border-style:none;box-shadow:0px 0px   undefined \"\/><\/div><\/div><\/div><div class=\"skt-blocks-ifb-title-wrap\"><span class=\"skt-blocks-ifb-title-prefix\" style=\"margin-bottom:5px\">Fleurissement des tombes <\/span><h3 class=\"skt-blocks-ifb-title\" style=\"font-weight:700;margin-bottom:10px\">Services + <\/h3><\/div><div class=\"skt-blocks-ifb-separator-parent\"><div class=\"skt-blocks-ifb-separator\" style=\"border-width:2px;border-top-style:solid;width:30%;margin-bottom:10px\"><\/div><\/div><div class=\"skt-blocks-ifb-text-wrap\"><p class=\"skt-blocks-ifb-desc\" style=\"font-weight:100;margin-bottom:10px\">Bouquets de fleurs de saisons ou avec des chrysanth\u00e8mes, ou avec des plantes fleuries racin\u00e9es, possibilit\u00e9 d&#8217;y ajouter une plaque comm\u00e9morative<\/p><div class=\"skt-blocks-ifb-cta skt-blocks-infobox-cta-link-style\"><\/div><\/div><\/div><\/div><\/div><\/div>\n<\/div>\n\n\n\n<div class=\"wp-block-column is-layout-flow wp-block-column-is-layout-flow\" style=\"flex-basis:100%\">\n<style type=\"text\/css\"> .skt-blocks-block-4a64df5b-a0f5-4c34-8018-2d0a3dc06847 .skt-blocks-ifb-cta-button {\n background-color: transparent; border-color: #333; }\n .skt-blocks-block-4a64df5b-a0f5-4c34-8018-2d0a3dc06847 .skt-blocks-ifb-cta-button .skt-blocks-inline-editing{\n color: #333; }\n .skt-blocks-block-4a64df5b-a0f5-4c34-8018-2d0a3dc06847 .skt-blocks-ifb-cta-button:hover {\n background-color: transparent; border-color: #333; }\n .skt-blocks-block-4a64df5b-a0f5-4c34-8018-2d0a3dc06847 .skt-blocks-ifb-cta-button .skt-blocks-inline-editing:hover{\n color: #333; }\n .skt-blocks-block-4a64df5b-a0f5-4c34-8018-2d0a3dc06847 .skt-blocks-ifb-icon svg{\n fill: #3a3a3a; }\n .skt-blocks-block-4a64df5b-a0f5-4c34-8018-2d0a3dc06847 .skt-blocks-ifb-icon:hover svg{\n fill: #3a3a3a; }\n .skt-blocks-block-4a64df5b-a0f5-4c34-8018-2d0a3dc06847 .skt-blocks-ifb-image-content img{\n opacity: 1 }\n<\/style><style type=\"text\/css\">\n@media only screen and (min-width: 976px){\n\n.skt-blocks-block-4a64df5b-a0f5-4c34-8018-2d0a3dc06847.skt-blocks-infobox__content-wrap .skt-blocks-ifb-title {\n font-size: undefinedpx !important; }\n .skt-blocks-block-4a64df5b-a0f5-4c34-8018-2d0a3dc06847.skt-blocks-infobox__content-wrap .skt-blocks-ifb-desc {\n font-size: undefinedpx !important; }\n .skt-blocks-block-4a64df5b-a0f5-4c34-8018-2d0a3dc06847 .skt-blocks-ifb-image-content img {\n width: 559px; }\n}\n\n@media only screen and (max-width: 976px){\n\n.skt-blocks-block-4a64df5b-a0f5-4c34-8018-2d0a3dc06847.skt-blocks-infobox__content-wrap .skt-blocks-ifb-title {\n font-size: undefinedpx; }\n .skt-blocks-block-4a64df5b-a0f5-4c34-8018-2d0a3dc06847.skt-blocks-infobox__content-wrap .skt-blocks-ifb-desc {\n font-size: undefinedpx !important; }\n .skt-blocks-block-4a64df5b-a0f5-4c34-8018-2d0a3dc06847 .skt-blocks-ifb-image-content img {\n width: 661px; }\n}\n\n@media only screen and (max-width: 767px){\n .skt-blocks-block-4a64df5b-a0f5-4c34-8018-2d0a3dc06847.skt-blocks-infobox__content-wrap .skt-blocks-ifb-title {\n font-size: undefinedpx; }\n .skt-blocks-block-4a64df5b-a0f5-4c34-8018-2d0a3dc06847.skt-blocks-infobox__content-wrap .skt-blocks-ifb-desc {\n font-size: undefinedpx !important; }\n .skt-blocks-block-4a64df5b-a0f5-4c34-8018-2d0a3dc06847 .skt-blocks-ifb-image-content img {\n width: undefinedpx; }\n}\n<\/style><style type=\"text\/css\"> .skt-blocks-block-4a64df5b-a0f5-4c34-8018-2d0a3dc06847.skt-blocks-infobox__content-wrap {\n text-align: center; }\n<\/style><div class=\"skt-blocks-infobox__outer-wrap responsive-blocks-block-team\" style=\"border-width:1px;background-color:rgba(255, 255, 255, 1);padding:0;border-style:none;box-shadow:0px 0px   undefined \"><div class=\"skt-blocks-block-4a64df5b-a0f5-4c34-8018-2d0a3dc06847 skt-blocks-infobox__content-wrap skt-blocks-infobox skt-blocks-infobox-has-image skt-blocks-infobox-icon-above-title skt-blocks-infobox-image-valign-top skt-blocks-infobox-enable-border-radius \"><div class=\"skt-blocks-ifb-left-right-wrap\"><div class=\"skt-blocks-ifb-content\"><div class=\"skt-blocks-ifb-image-icon-content skt-blocks-ifb-imgicon-wrap\" style=\"margin-bottom:5px;margin-top:5px;margin-left:0;margin-right:0\"><div class=\"skt-blocks-ifb-image\"><div class=\"skt-blocks-ifb-image-content\"><img decoding=\"async\" class=\"\" src=\"http:\/\/51.68.119.59\/herve\/wp-content\/uploads\/2024\/07\/entretien-des-plantes.jpg\" alt=\"\" style=\"border-color:#333;border-radius:0;border-width:2px;border-style:none;box-shadow:0px 0px   undefined \"\/><\/div><\/div><\/div><div class=\"skt-blocks-ifb-title-wrap\"><span class=\"skt-blocks-ifb-title-prefix\" style=\"margin-bottom:5px\">Entretien des plantes <\/span><h3 class=\"skt-blocks-ifb-title\" style=\"font-weight:700;margin-bottom:10px\">Services + <\/h3><\/div><div class=\"skt-blocks-ifb-separator-parent\"><div class=\"skt-blocks-ifb-separator\" style=\"border-width:2px;border-top-style:solid;width:30%;margin-bottom:10px\"><\/div><\/div><div class=\"skt-blocks-ifb-text-wrap\"><p class=\"skt-blocks-ifb-desc\" style=\"font-weight:100;margin-bottom:10px\">Vous vous absentez pendant des p\u00e9riodes courtes ou longues, vous d\u00e9sirez que l&#8217;on arrose vos plantes<br>\u00e0 l&#8217;ext\u00e9rieur ou \u00e0 l&#8217;int\u00e9rieur de votre domicile, alors nous sommes l\u00e0 <\/p><div class=\"skt-blocks-ifb-cta skt-blocks-infobox-cta-link-style\"><\/div><\/div><\/div><\/div><\/div><\/div>\n<\/div>\n<\/div>\n\n\n<a class=\"wp-block-read-more\" href=\"http:\/\/51.68.119.59\/herve\/?page_id=402\" target=\"_self\">Pour transmettre votre besoin : <span class=\"screen-reader-text\">\u00a0: Les services<\/span><\/a>\n\n\n<div class=\"forminator-guttenberg\"><div class=\"forminator-ui forminator-custom-form forminator-custom-form-459 forminator-design--default  forminator_ajax\" data-forminator-render=\"0\" data-form=\"forminator-module-459\" data-uid=\"69dfb1b75a11f\"><br\/><\/div><form\n\t\t\t\tid=\"forminator-module-459\"\n\t\t\t\tclass=\"forminator-ui forminator-custom-form forminator-custom-form-459 forminator-design--default  forminator_ajax\"\n\t\t\t\tmethod=\"post\"\n\t\t\t\tdata-forminator-render=\"0\"\n\t\t\t\tdata-form-id=\"459\"\n\t\t\t\t\n\t\t\t\tdata-design=\"default\"\n\t\t\t\t\n\t\t\t\t\n\t\t\t\t\n\t\t\t\tdata-grid=\"open\"\n\t\t\t\t\n\t\t\t\t\n\t\t\t\tstyle=\"display: none;\"\n\t\t\t\t\n\t\t\t\tdata-uid=\"69dfb1b75a11f\"\n\t\t\t><div role=\"alert\" aria-live=\"polite\" class=\"forminator-response-message forminator-error\" aria-hidden=\"true\"><\/div><div class=\"forminator-row\"><div id=\"checkbox-3\" class=\"forminator-field-checkbox forminator-col forminator-col-12 \"><div role=\"group\" class=\"forminator-field\" aria-labelledby=\"forminator-checkbox-group-69dfb1b75a11f-label\"><span id=\"forminator-checkbox-group-69dfb1b75a11f-label\" class=\"forminator-label\">Choix de la prestation<\/span><label id=\"forminator-field-checkbox-3-1-69dfb1b75a11f-label\" for=\"forminator-field-checkbox-3-1-69dfb1b75a11f\" class=\"forminator-checkbox\" title=\"Nettoyage des tombes : 20 euros \/ heure\"><input type=\"checkbox\" name=\"checkbox-3[]\" value=\"one\" id=\"forminator-field-checkbox-3-1-69dfb1b75a11f\" aria-labelledby=\"forminator-field-checkbox-3-1-69dfb1b75a11f-label\" data-calculation=\"0\"   data-hidden-behavior=\"zero\"\/><span class=\"forminator-checkbox-box\" aria-hidden=\"true\"><\/span><span class=\"forminator-checkbox-label\">Nettoyage des tombes : 20 euros \/ heure<\/span><\/label><label id=\"forminator-field-checkbox-3-2-69dfb1b75a11f-label\" for=\"forminator-field-checkbox-3-2-69dfb1b75a11f\" class=\"forminator-checkbox\" title=\"Fleurissement des tombes: 20 euros\"><input type=\"checkbox\" name=\"checkbox-3[]\" value=\"two\" id=\"forminator-field-checkbox-3-2-69dfb1b75a11f\" aria-labelledby=\"forminator-field-checkbox-3-2-69dfb1b75a11f-label\" data-calculation=\"0\"   data-hidden-behavior=\"zero\"\/><span class=\"forminator-checkbox-box\" aria-hidden=\"true\"><\/span><span class=\"forminator-checkbox-label\">Fleurissement des tombes: 20 euros<\/span><\/label><label id=\"forminator-field-checkbox-3-3-69dfb1b75a11f-label\" for=\"forminator-field-checkbox-3-3-69dfb1b75a11f\" class=\"forminator-checkbox\" title=\"Entretien des  plantes : 20 euros\"><input type=\"checkbox\" name=\"checkbox-3[]\" value=\"Entretien-des-plantes\" id=\"forminator-field-checkbox-3-3-69dfb1b75a11f\" aria-labelledby=\"forminator-field-checkbox-3-3-69dfb1b75a11f-label\" data-calculation=\"0\"   data-hidden-behavior=\"zero\"\/><span class=\"forminator-checkbox-box\" aria-hidden=\"true\"><\/span><span class=\"forminator-checkbox-label\">Entretien des  plantes : 20 euros<\/span><\/label><\/div><\/div><\/div><div class=\"forminator-row\"><div id=\"textarea-1\" class=\"forminator-field-textarea forminator-col forminator-col-12 \"><div class=\"forminator-field\"><label for=\"forminator-field-textarea-1_69dfb1b75a11f\" id=\"forminator-field-textarea-1_69dfb1b75a11f-label\" class=\"forminator-label\">Notes compl\u00e9mentaires<\/label><textarea name=\"textarea-1\" placeholder=\"\" id=\"forminator-field-textarea-1_69dfb1b75a11f\" class=\"forminator-textarea\" rows=\"6\" style=\"min-height:140px;\" maxlength=\"180\" ><\/textarea><span id=\"forminator-field-textarea-1_69dfb1b75a11f-description\" class=\"forminator-description\"><span data-limit=\"180\" data-type=\"characters\">0 \/ 180<\/span><\/span><\/div><\/div><\/div><div class=\"forminator-row\"><div id=\"name-1\" class=\"forminator-field-name forminator-col forminator-col-12 \"><div class=\"forminator-row forminator-no-margin\" data-multiple=\"true\"><div class=\"forminator-col forminator-col-md-6\"><div class=\"forminator-field\"><label for=\"forminator-field-459__field--name-1_69dfb1b75a11f\" id=\"forminator-field-459__field--name-1_69dfb1b75a11f-label\" class=\"forminator-label\">Pr\u00e9fixe<\/label><select name=\"name-1-prefix\" id=\"forminator-field-459__field--name-1_69dfb1b75a11f\" class=\"forminator-select2\" data-multi=\"1\" aria-labelledby=\"forminator-field-459__field--name-1_69dfb1b75a11f-label\" data-default-value=\"\"><option value=\"Mr\" >M.<\/option><option value=\"Mrs\" >Mme<\/option><option value=\"Ms\" >Mme<\/option><option value=\"Mx\" >Mx<\/option><option value=\"Miss\" >Mlle<\/option><option value=\"Dr\" >Dr.<\/option><option value=\"Prof\" >Prof.<\/option><\/select><\/div><\/div><div class=\"forminator-col forminator-col-md-6\"><div class=\"forminator-field\"><label for=\"forminator-field-first-name-1_69dfb1b75a11f\" id=\"forminator-field-first-name-1_69dfb1b75a11f-label\" class=\"forminator-label\">Pr\u00e9nom <span class=\"forminator-required\">*<\/span><\/label><input type=\"text\" name=\"name-1-first-name\" placeholder=\"Par exemple\u00a0: Jean\" id=\"forminator-field-first-name-1_69dfb1b75a11f\" class=\"forminator-input\" aria-required=\"true\" data-multi=\"1\" value=\"\" \/><\/div><\/div><div class=\"forminator-col forminator-col-md-6\"><div class=\"forminator-field\"><label for=\"forminator-field-middle-name-1_69dfb1b75a11f\" id=\"forminator-field-middle-name-1_69dfb1b75a11f-label\" class=\"forminator-label\">Deuxi\u00e8me pr\u00e9nom<\/label><input type=\"text\" name=\"name-1-middle-name\" placeholder=\"Par exemple\u00a0: Dupont\" id=\"forminator-field-middle-name-1_69dfb1b75a11f\" class=\"forminator-input\" aria-required=\"false\" data-multi=\"1\" value=\"\" \/><\/div><\/div><div class=\"forminator-col forminator-col-md-6\"><div class=\"forminator-field\"><label for=\"forminator-field-last-name-1_69dfb1b75a11f\" id=\"forminator-field-last-name-1_69dfb1b75a11f-label\" class=\"forminator-label\">Nom de famille <span class=\"forminator-required\">*<\/span><\/label><input type=\"text\" name=\"name-1-last-name\" placeholder=\"Par exemple\u00a0: Durand\" id=\"forminator-field-last-name-1_69dfb1b75a11f\" class=\"forminator-input\" aria-required=\"true\" data-multi=\"1\" value=\"\" \/><\/div><\/div><\/div><\/div><\/div><div class=\"forminator-row\"><div id=\"email-1\" class=\"forminator-field-email forminator-col forminator-col-12 \"><div class=\"forminator-field\"><label for=\"forminator-field-email-1_69dfb1b75a11f\" id=\"forminator-field-email-1_69dfb1b75a11f-label\" class=\"forminator-label\">Adresse de messagerie <span class=\"forminator-required\">*<\/span><\/label><input type=\"email\" name=\"email-1\" value=\"\" placeholder=\"Par exemple\u00a0: jacques@martin.com\" id=\"forminator-field-email-1_69dfb1b75a11f\" class=\"forminator-input forminator-email--field\" data-required=\"true\" aria-required=\"true\" \/><\/div><\/div><\/div><div class=\"forminator-row\"><div id=\"phone-1\" class=\"forminator-field-phone forminator-col forminator-col-12 \"><div class=\"forminator-field\"><label for=\"forminator-field-phone-1_69dfb1b75a11f\" id=\"forminator-field-phone-1_69dfb1b75a11f-label\" class=\"forminator-label\">Num\u00e9ro de t\u00e9l\u00e9phone <span class=\"forminator-required\">*<\/span><\/label><input type=\"text\" name=\"phone-1\" value=\"\" placeholder=\"Par exemple\u00a0: +1 02 03 04 05\" id=\"forminator-field-phone-1_69dfb1b75a11f\" class=\"forminator-input forminator-field--phone\" data-required=\"1\" aria-required=\"true\" autocomplete=\"off\" data-validation=\"1\" \/><\/div><\/div><\/div><input type=\"hidden\" name=\"referer_url\" value=\"\" \/><div class=\"forminator-row forminator-row-last\"><div class=\"forminator-col\"><div class=\"forminator-field\"><button class=\"forminator-button forminator-button-submit\">Demander un devis<\/button><\/div><\/div><\/div><input type=\"hidden\" id=\"forminator_nonce\" name=\"forminator_nonce\" value=\"8630d703c5\" \/><input type=\"hidden\" name=\"_wp_http_referer\" value=\"\/herve\/index.php?rest_route=%2Fwp%2Fv2%2Fpages%2F402\" \/><input type=\"hidden\" name=\"form_id\" value=\"459\"><input type=\"hidden\" name=\"page_id\" value=\"402\"><input type=\"hidden\" name=\"form_type\" value=\"default\"><input type=\"hidden\" name=\"current_url\" value=\"http:\/\/51.68.119.59\/herve\/?page_id=402\"><input type=\"hidden\" name=\"render_id\" value=\"0\"><input type=\"hidden\" name=\"action\" value=\"forminator_submit_form_custom-forms\"><\/form><\/div>\n","protected":false},"excerpt":{"rendered":"","protected":false},"author":1,"featured_media":433,"parent":0,"menu_order":0,"comment_status":"closed","ping_status":"closed","template":"","meta":{"footnotes":""},"class_list":["post-402","page","type-page","status-publish","has-post-thumbnail","hentry"],"featured_image_src":"http:\/\/51.68.119.59\/herve\/wp-content\/uploads\/2024\/07\/tombe-entretien-nettoyage-pierre-tombale-quel-produit-nettoyer-marbre-sepulture-toutpratique-1.jpg","featured_image_src_square":"http:\/\/51.68.119.59\/herve\/wp-content\/uploads\/2024\/07\/tombe-entretien-nettoyage-pierre-tombale-quel-produit-nettoyer-marbre-sepulture-toutpratique-1.jpg","rbea_author_info":{"display_name":"Herve","author_link":"http:\/\/51.68.119.59\/herve\/?author=1"},"rbea_excerpt_info":null,"_links":{"self":[{"href":"http:\/\/51.68.119.59\/herve\/index.php?rest_route=\/wp\/v2\/pages\/402"}],"collection":[{"href":"http:\/\/51.68.119.59\/herve\/index.php?rest_route=\/wp\/v2\/pages"}],"about":[{"href":"http:\/\/51.68.119.59\/herve\/index.php?rest_route=\/wp\/v2\/types\/page"}],"author":[{"embeddable":true,"href":"http:\/\/51.68.119.59\/herve\/index.php?rest_route=\/wp\/v2\/users\/1"}],"replies":[{"embeddable":true,"href":"http:\/\/51.68.119.59\/herve\/index.php?rest_route=%2Fwp%2Fv2%2Fcomments&post=402"}],"version-history":[{"count":9,"href":"http:\/\/51.68.119.59\/herve\/index.php?rest_route=\/wp\/v2\/pages\/402\/revisions"}],"predecessor-version":[{"id":493,"href":"http:\/\/51.68.119.59\/herve\/index.php?rest_route=\/wp\/v2\/pages\/402\/revisions\/493"}],"wp:featuredmedia":[{"embeddable":true,"href":"http:\/\/51.68.119.59\/herve\/index.php?rest_route=\/wp\/v2\/media\/433"}],"wp:attachment":[{"href":"http:\/\/51.68.119.59\/herve\/index.php?rest_route=%2Fwp%2Fv2%2Fmedia&parent=402"}],"curies":[{"name":"wp","href":"https:\/\/api.w.org\/{rel}","templated":true}]}}