{"id":507,"date":"2024-07-30T15:01:44","date_gmt":"2024-07-30T15:01:44","guid":{"rendered":"http:\/\/51.68.119.59\/herve\/?page_id=507"},"modified":"2024-07-30T15:03:59","modified_gmt":"2024-07-30T15:03:59","slug":"les-conseils","status":"publish","type":"page","link":"http:\/\/51.68.119.59\/herve\/?page_id=507","title":{"rendered":"Les conseils"},"content":{"rendered":"<section class=\"block-id-0fb390c9 skt-blocks-block-post-grid featuredpost aligncenter\"><div class=\"skt-blocks-post-grid-items is-grid columns-2\">\r\n\t\t<style type=\"text\/css\">\r\n\t\t\t.block-id-0fb390c9.skt-blocks-block-post-grid .skt-blocks-block-post-grid-image img {\r\n\t\t\t\tborder-radius: px;\r\n\t\t\t}\r\n\t\t\t.block-id-0fb390c9.skt-blocks-block-post-grid header .skt-blocks-block-post-grid-title {\r\n\t\t\t\tmargin-bottom: px;\r\n\t\t\t}\r\n\t\t\t.block-id-0fb390c9.skt-blocks-block-post-grid .skt-blocks-block-post-grid-byline {\r\n\t\t\t\tmargin-bottom: px;\r\n\t\t\t}\r\n\t\t\t.block-id-0fb390c9.skt-blocks-block-post-grid .skt-blocks-block-post-grid-text .skt-blocks-block-post-grid-excerpt a{\r\n\t\t\t\tmargin-top: px;\r\n\t\t\t}\r\n\t\t\t.block-id-0fb390c9.skt-blocks-block-post-grid .skt-blocks-post-pagination-wrap > * {\r\n\t\t\t    border:px solid #e4e4e4;\r\n\t\t\t    background-color:transparent;\r\n\t\t\t    border-radius:px;\r\n\t\t\t    color: !important;\r\n\t\t\t    margin-right:10px;\r\n\t\t\t    padding:0.5em;\r\n\t\t\t}\r\n\t\t\t.block-id-0fb390c9.skt-blocks-block-post-grid .skt-blocks-post-pagination-wrap > *:last-child {\r\n\t\t\t    margin-right:0;\r\n\t\t\t}\r\n\t\t\t.block-id-0fb390c9.skt-blocks-block-post-grid .skt-blocks-post-pagination-wrap > span {\r\n\t\t\t    border:px solid ;\r\n\t\t\t    background-color:transparent;\r\n\t\t\t    color:!important;\r\n\t\t\t}\r\n\r\n\t\t\t.block-id-0fb390c9.skt-blocks-block-post-grid .skt-blocks-post-grid-items article, .page-template-gutenberg-fullwidth .block-id-0fb390c9.skt-blocks-block-post-grid .skt-blocks-post-grid-items article {\r\n\t\t\t    padding:30px;\r\n\t\t\t}\r\n\r\n.block-id-0fb390c9.skt-blocks-block-post-grid .skt-blocks-block-post-grid-text {\r\ntext-align: left;\r\npadding:0px;\r\n}\r\n\t\t\t@media (max-width:768px){\r\n\t\t\t    .block-id-0fb390c9.skt-blocks-block-post-grid .skt-blocks-post-grid-items article {\r\n\t\t\t        padding:10px;\r\n\t\t\t        text-align: left;\r\n\t\t\t    }\r\n\t\t\t}@media (min-width:976px){\r\n\t\t\t    .block-id-0fb390c9.skt-blocks-block-post-grid header .skt-blocks-block-post-grid-title{\r\n\t\t\t        font-size:px;\r\n\t\t\t    }\r\n\t\t\t    .block-id-0fb390c9.skt-blocks-block-post-grid .skt-blocks-post-grid-item {\r\nmargin-bottom: px;\r\n}\r\n\t\t\t}@media (max-width:976px){\r\n\t\t\t    .block-id-0fb390c9.skt-blocks-block-post-grid header .skt-blocks-block-post-grid-title {\r\n\t\t\t        font-size:px;\r\n\t\t\t    }\r\n\t\t\t    .block-id-0fb390c9.skt-blocks-block-post-grid .skt-blocks-post-grid-item {\r\nmargin-bottom: px;\r\n}\r\n\t\t\t}@media (max-width:767px){\r\n\t\t\t    .block-id-0fb390c9.skt-blocks-block-post-grid header .skt-blocks-block-post-grid-title\r\n\t\t\t     {\r\n\t\t\t        font-size:px;\r\n\t\t\t    }\r\n\t\t\t    .block-id-0fb390c9.skt-blocks-block-post-grid .skt-blocks-post-grid-item {\r\nmargin-bottom: px;\r\n}\r\n\t\t\t    .skt-blocks-block-post-grid .is-list article {\r\n\t\t\t        grid-template-columns: 1fr\r\n\t\t\t    }\r\n\t\t\t}\r\n\t\t\t.block-id-0fb390c9.skt-blocks-block-post-grid header .skt-blocks-block-post-grid-title a\r\n\t\t\t     {\r\n\t\t\t        color:#444444;\r\n\t\t\t    }\r\n\t\t\t    .block-id-0fb390c9 .skt-blocks-block-post-grid-more-link, .block-id-0fb390c9 .read-more a{\r\n\t\t\t        display: block;\r\n\t\t\t    }\r\n\t\t\t   \r\n\t\t\t.block-id-0fb390c9 .skt-blocks-block-post-grid-more-link, .block-id-0fb390c9 .read-more a\r\n\t\t\t     {\r\n\t\t\t        color:#0066cc;\r\n\t\t\t        font-size:px;\r\n\t\t\t        font-weight:;\r\n\t\t\t        line-height:;\r\n\t\t\t        text-transform:;\r\n\t\t\t    }\r\n\t\t\t.block-id-0fb390c9.skt-blocks-block-post-grid header .skt-blocks-block-post-grid-title a:hover\r\n\t\t\t     {\r\n\t\t\t        color:#444444;\r\n\t\t\t    }\r\n\t\t\t    .block-id-0fb390c9.skt-blocks-block-post-grid article\r\n\t\t\t     {\r\n\t\t\t        box-shadow: 0px 0px 0px 0px  ;\r\n\t\t\t    }\r\n\t\t.block-id-0fb390c9.skt-blocks-block-post-grid article:hover\r\n\t\t\t     {\r\n\t\t\t        box-shadow: 0px 0px 6px 1px #cccccc ;\r\n\t\t\t    }\r\n\t\t\r\n\t\t<\/style><article id=\"post-406\" class=\"skt-blocks-post-grid-item post-406 post type-post status-publish format-standard hentry category-conseils\" style=\"background-color:#e4e4e4;border-style:none;border-color:#333;border-radius:0px;border-width:0px;margin-left:10px;margin-right:10px;background-image:none;height:auto\"><div class=\"skt-blocks-block-post-grid-text\"><header class=\"skt-blocks-block-post-grid-header\"><h3 class=\"skt-blocks-block-post-grid-title\"><a href=\"http:\/\/51.68.119.59\/herve\/?p=406\" rel=\"bookmark\"  style=\"line-height:;font-weight:;font-family:;text-transform:\">Conseils<\/a><\/h3><div class=\"skt-blocks-block-post-grid-byline\" style=\"color:#444444;font-size:px;line-height:;font-weight:;font-family:;text-transform:;margin-bottom:\"><\/div><\/header><div class=\"skt-blocks-block-post-grid-excerpt\" style=\"color:#444444;font-size:px;line-height:;font-weight:;font-family:;text-transform:\"><p>1er conseil : Ne pas trop arroser! Ne pas laisser de l&#8217;eau stagnante !!!<\/p>\n<\/div><p><a class=\"skt-blocks-block-post-grid-more-link skt-blocks-text-link\" href=\"http:\/\/51.68.119.59\/herve\/?p=406\" rel=\"bookmark\">Read More \u00bb <span class=\"screen-reader-text\">Conseils<\/span><\/a><\/p><\/div><\/article>\n<article id=\"post-416\" class=\"skt-blocks-post-grid-item post-416 post type-post status-publish format-standard has-post-thumbnail hentry category-conseils\" style=\"background-color:#e4e4e4;border-style:none;border-color:#333;border-radius:0px;border-width:0px;margin-left:10px;margin-right:10px;background-image:none;height:auto\"><div class=\"skt-blocks-block-post-grid-image\"><a href=\"http:\/\/51.68.119.59\/herve\/?p=416\" rel=\"bookmark\" aria-hidden=\"true\" tabindex=\"-1\"><img loading=\"lazy\" decoding=\"async\" width=\"2560\" height=\"1920\" src=\"http:\/\/51.68.119.59\/herve\/wp-content\/uploads\/2024\/06\/La-pouponniere-scaled.jpg\" class=\"attachment-full size-full\" alt=\"\" srcset=\"http:\/\/51.68.119.59\/herve\/wp-content\/uploads\/2024\/06\/La-pouponniere-scaled.jpg 2560w, http:\/\/51.68.119.59\/herve\/wp-content\/uploads\/2024\/06\/La-pouponniere-300x225.jpg 300w, http:\/\/51.68.119.59\/herve\/wp-content\/uploads\/2024\/06\/La-pouponniere-1024x768.jpg 1024w, http:\/\/51.68.119.59\/herve\/wp-content\/uploads\/2024\/06\/La-pouponniere-768x576.jpg 768w, http:\/\/51.68.119.59\/herve\/wp-content\/uploads\/2024\/06\/La-pouponniere-1536x1152.jpg 1536w, http:\/\/51.68.119.59\/herve\/wp-content\/uploads\/2024\/06\/La-pouponniere-2048x1536.jpg 2048w, http:\/\/51.68.119.59\/herve\/wp-content\/uploads\/2024\/06\/La-pouponniere-1320x990.jpg 1320w, http:\/\/51.68.119.59\/herve\/wp-content\/uploads\/2024\/06\/La-pouponniere-600x450.jpg 600w\" sizes=\"(max-width: 2560px) 100vw, 2560px\" \/><\/a><\/div><div class=\"skt-blocks-block-post-grid-text\"><header class=\"skt-blocks-block-post-grid-header\"><h3 class=\"skt-blocks-block-post-grid-title\"><a href=\"http:\/\/51.68.119.59\/herve\/?p=416\" rel=\"bookmark\"  style=\"line-height:;font-weight:;font-family:;text-transform:\">2\u00e8me conseil<\/a><\/h3><div class=\"skt-blocks-block-post-grid-byline\" style=\"color:#444444;font-size:px;line-height:;font-weight:;font-family:;text-transform:;margin-bottom:\"><\/div><\/header><div class=\"skt-blocks-block-post-grid-excerpt\" style=\"color:#444444;font-size:px;line-height:;font-weight:;font-family:;text-transform:\"><p>Placer votre plante proche de la lumi\u00e8re et \u00e9viter le plein soleil comme la pleine obscurit\u00e9 !!!<\/p>\n<\/div><p><a class=\"skt-blocks-block-post-grid-more-link skt-blocks-text-link\" href=\"http:\/\/51.68.119.59\/herve\/?p=416\" rel=\"bookmark\">Read More \u00bb <span class=\"screen-reader-text\">2\u00e8me conseil<\/span><\/a><\/p><\/div><\/article>\n<\/div><\/section>\n\n\n<p><\/p>\n","protected":false},"excerpt":{"rendered":"","protected":false},"author":1,"featured_media":0,"parent":0,"menu_order":0,"comment_status":"closed","ping_status":"closed","template":"","meta":{"footnotes":""},"class_list":["post-507","page","type-page","status-publish","hentry"],"featured_image_src":false,"featured_image_src_square":false,"rbea_author_info":{"display_name":"Herve","author_link":"http:\/\/51.68.119.59\/herve\/?author=1"},"rbea_excerpt_info":null,"_links":{"self":[{"href":"http:\/\/51.68.119.59\/herve\/index.php?rest_route=\/wp\/v2\/pages\/507"}],"collection":[{"href":"http:\/\/51.68.119.59\/herve\/index.php?rest_route=\/wp\/v2\/pages"}],"about":[{"href":"http:\/\/51.68.119.59\/herve\/index.php?rest_route=\/wp\/v2\/types\/page"}],"author":[{"embeddable":true,"href":"http:\/\/51.68.119.59\/herve\/index.php?rest_route=\/wp\/v2\/users\/1"}],"replies":[{"embeddable":true,"href":"http:\/\/51.68.119.59\/herve\/index.php?rest_route=%2Fwp%2Fv2%2Fcomments&post=507"}],"version-history":[{"count":3,"href":"http:\/\/51.68.119.59\/herve\/index.php?rest_route=\/wp\/v2\/pages\/507\/revisions"}],"predecessor-version":[{"id":510,"href":"http:\/\/51.68.119.59\/herve\/index.php?rest_route=\/wp\/v2\/pages\/507\/revisions\/510"}],"wp:attachment":[{"href":"http:\/\/51.68.119.59\/herve\/index.php?rest_route=%2Fwp%2Fv2%2Fmedia&parent=507"}],"curies":[{"name":"wp","href":"https:\/\/api.w.org\/{rel}","templated":true}]}}