{"id":365,"date":"2024-06-24T12:24:13","date_gmt":"2024-06-24T12:24:13","guid":{"rendered":"http:\/\/51.68.119.59\/herve\/?post_type=product&#038;p=365"},"modified":"2024-06-24T12:27:32","modified_gmt":"2024-06-24T12:27:32","slug":"bouquets-fetes-des-meres","status":"publish","type":"product","link":"http:\/\/51.68.119.59\/herve\/?product=bouquets-fetes-des-meres","title":{"rendered":"Bouquets f\u00eates des m\u00e8res"},"content":{"rendered":"<p>Vous souhaitez un bouquet de fleurs pour la personne la plus ch\u00e8re \u00e0 vos yeux <\/p>\n","protected":false},"excerpt":{"rendered":"<p>Sp\u00e9cial dans les couleurs camaieux, votre m\u00e8re sera la plus heureuse des mamans !!<\/p>\n","protected":false},"featured_media":372,"comment_status":"open","ping_status":"closed","template":"","meta":[],"product_cat":[42],"product_tag":[],"class_list":{"0":"post-365","1":"product","2":"type-product","3":"status-publish","4":"has-post-thumbnail","6":"product_cat-bouquet-de-fleurs","8":"first","9":"instock","10":"shipping-taxable","11":"purchasable","12":"product-type-simple"},"_links":{"self":[{"href":"http:\/\/51.68.119.59\/herve\/index.php?rest_route=\/wp\/v2\/product\/365"}],"collection":[{"href":"http:\/\/51.68.119.59\/herve\/index.php?rest_route=\/wp\/v2\/product"}],"about":[{"href":"http:\/\/51.68.119.59\/herve\/index.php?rest_route=\/wp\/v2\/types\/product"}],"replies":[{"embeddable":true,"href":"http:\/\/51.68.119.59\/herve\/index.php?rest_route=%2Fwp%2Fv2%2Fcomments&post=365"}],"wp:featuredmedia":[{"embeddable":true,"href":"http:\/\/51.68.119.59\/herve\/index.php?rest_route=\/wp\/v2\/media\/372"}],"wp:attachment":[{"href":"http:\/\/51.68.119.59\/herve\/index.php?rest_route=%2Fwp%2Fv2%2Fmedia&parent=365"}],"wp:term":[{"taxonomy":"product_cat","embeddable":true,"href":"http:\/\/51.68.119.59\/herve\/index.php?rest_route=%2Fwp%2Fv2%2Fproduct_cat&post=365"},{"taxonomy":"product_tag","embeddable":true,"href":"http:\/\/51.68.119.59\/herve\/index.php?rest_route=%2Fwp%2Fv2%2Fproduct_tag&post=365"}],"curies":[{"name":"wp","href":"https:\/\/api.w.org\/{rel}","templated":true}]}}