{"id":366,"date":"2024-06-24T08:30:01","date_gmt":"2024-06-24T08:30:01","guid":{"rendered":"http:\/\/51.68.119.59\/herve\/?post_type=product&#038;p=366"},"modified":"2024-07-15T09:30:18","modified_gmt":"2024-07-15T09:30:18","slug":"bouquet-printanier","status":"publish","type":"product","link":"http:\/\/51.68.119.59\/herve\/?product=bouquet-printanier","title":{"rendered":"Bouquet printanier"},"content":{"rendered":"<p>C&#8217;est un bouquet de plus bel effet, compos\u00e9 de fleurs d&#8217;Hortensia , de gypsophiles, de germini, il \u00e9gaiera votre table ainsi que celle de vos invit\u00e9s<\/p>\n","protected":false},"excerpt":{"rendered":"<p>Bouquet printanier, on aime le charme de ce bouquet qui devrait vous ravir pendant plusieurs jours<\/p>\n","protected":false},"featured_media":367,"comment_status":"open","ping_status":"closed","template":"","meta":[],"product_cat":[42],"product_tag":[],"class_list":{"0":"post-366","1":"product","2":"type-product","3":"status-publish","4":"has-post-thumbnail","6":"product_cat-bouquet-de-fleurs","8":"first","9":"instock","10":"shipping-taxable","11":"purchasable","12":"product-type-simple"},"_links":{"self":[{"href":"http:\/\/51.68.119.59\/herve\/index.php?rest_route=\/wp\/v2\/product\/366"}],"collection":[{"href":"http:\/\/51.68.119.59\/herve\/index.php?rest_route=\/wp\/v2\/product"}],"about":[{"href":"http:\/\/51.68.119.59\/herve\/index.php?rest_route=\/wp\/v2\/types\/product"}],"replies":[{"embeddable":true,"href":"http:\/\/51.68.119.59\/herve\/index.php?rest_route=%2Fwp%2Fv2%2Fcomments&post=366"}],"wp:featuredmedia":[{"embeddable":true,"href":"http:\/\/51.68.119.59\/herve\/index.php?rest_route=\/wp\/v2\/media\/367"}],"wp:attachment":[{"href":"http:\/\/51.68.119.59\/herve\/index.php?rest_route=%2Fwp%2Fv2%2Fmedia&parent=366"}],"wp:term":[{"taxonomy":"product_cat","embeddable":true,"href":"http:\/\/51.68.119.59\/herve\/index.php?rest_route=%2Fwp%2Fv2%2Fproduct_cat&post=366"},{"taxonomy":"product_tag","embeddable":true,"href":"http:\/\/51.68.119.59\/herve\/index.php?rest_route=%2Fwp%2Fv2%2Fproduct_tag&post=366"}],"curies":[{"name":"wp","href":"https:\/\/api.w.org\/{rel}","templated":true}]}}