{"id":11,"date":"2023-05-25T10:10:11","date_gmt":"2023-05-25T08:10:11","guid":{"rendered":"http:\/\/51.68.119.59\/jessica-d\/spreadshirt-jd\/?post_type=product&#038;p=11"},"modified":"2023-05-25T11:09:23","modified_gmt":"2023-05-25T09:09:23","slug":"comme-papa","status":"publish","type":"product","link":"http:\/\/51.68.119.59\/jessica-d\/spreadshirt-jd\/index.php\/produit\/comme-papa\/","title":{"rendered":"Comme Papa"},"content":{"rendered":"<h4>Bavoir B\u00e9b\u00e9<\/h4>\n<p>&nbsp;<\/p>\n<p>L\u2019important, c\u2019est le go\u00fbt. Mais sans bavoir, attention aux d\u00e9g\u00e2ts. Prot\u00e9gez les v\u00eatements de b\u00e9b\u00e9 des taches avec ce joli petit bavoir. Ce produit a \u00e9t\u00e9 con\u00e7u \u00e0 la main en Turquie avec du coton 100 % bio.<\/p>\n<ul>\n<li>Encolure ajustable<\/li>\n<li>Tissu r\u00e9sistant\u00a0: 200 g\/m\u00b2<\/li>\n<li>Composition : 100 % coton bio<\/li>\n<li>Marque : Spreadshirt<\/li>\n<\/ul>\n","protected":false},"excerpt":{"rendered":"<p>Bavoir B\u00e9b\u00e9 &nbsp; L\u2019important, c\u2019est le go\u00fbt. Mais sans bavoir, attention aux d\u00e9g\u00e2ts. Prot\u00e9gez les v\u00eatements de b\u00e9b\u00e9 des taches&hellip;<\/p>\n","protected":false},"featured_media":12,"comment_status":"open","ping_status":"closed","template":"","meta":[],"product_cat":[22,21],"product_tag":[],"_links":{"self":[{"href":"http:\/\/51.68.119.59\/jessica-d\/spreadshirt-jd\/index.php\/wp-json\/wp\/v2\/product\/11"}],"collection":[{"href":"http:\/\/51.68.119.59\/jessica-d\/spreadshirt-jd\/index.php\/wp-json\/wp\/v2\/product"}],"about":[{"href":"http:\/\/51.68.119.59\/jessica-d\/spreadshirt-jd\/index.php\/wp-json\/wp\/v2\/types\/product"}],"replies":[{"embeddable":true,"href":"http:\/\/51.68.119.59\/jessica-d\/spreadshirt-jd\/index.php\/wp-json\/wp\/v2\/comments?post=11"}],"wp:featuredmedia":[{"embeddable":true,"href":"http:\/\/51.68.119.59\/jessica-d\/spreadshirt-jd\/index.php\/wp-json\/wp\/v2\/media\/12"}],"wp:attachment":[{"href":"http:\/\/51.68.119.59\/jessica-d\/spreadshirt-jd\/index.php\/wp-json\/wp\/v2\/media?parent=11"}],"wp:term":[{"taxonomy":"product_cat","embeddable":true,"href":"http:\/\/51.68.119.59\/jessica-d\/spreadshirt-jd\/index.php\/wp-json\/wp\/v2\/product_cat?post=11"},{"taxonomy":"product_tag","embeddable":true,"href":"http:\/\/51.68.119.59\/jessica-d\/spreadshirt-jd\/index.php\/wp-json\/wp\/v2\/product_tag?post=11"}],"curies":[{"name":"wp","href":"https:\/\/api.w.org\/{rel}","templated":true}]}}