{"id":52,"date":"2023-05-25T10:53:06","date_gmt":"2023-05-25T08:53:06","guid":{"rendered":"http:\/\/51.68.119.59\/jessica-d\/spreadshirt-jd\/?post_type=product&#038;p=52"},"modified":"2023-05-25T10:53:07","modified_gmt":"2023-05-25T08:53:07","slug":"jpeux-pas-jai-betise","status":"publish","type":"product","link":"http:\/\/51.68.119.59\/jessica-d\/spreadshirt-jd\/index.php\/produit\/jpeux-pas-jai-betise\/","title":{"rendered":"J&rsquo;peux pas j&rsquo;ai B\u00eatise"},"content":{"rendered":"<h4>Body B\u00e9b\u00e9 bio manches courtes<\/h4>\n<p>&nbsp;<\/p>\n<p>De l\u2019air frais pour les petits bras : Body B\u00e9b\u00e9 \u00e0 manches courtes pour les beaux jours. L\u2019habillage comme le d\u00e9shabillage s\u2019effectuent rapidement, et tout en douceur gr\u00e2ce aux coutures \u00e9lastiques au col s\u2019\u00e9largissant sans effort.<\/p>\n<ul>\n<li>3 Boutons pression sans nickel \u00e0 l\u2019entrejambe<\/li>\n<li>Tissu r\u00e9sistant : 200g\/m\u00b2<\/li>\n<li>Composition : 100 % coton bio (gris chin\u00e9 : 85 % coton bio, 15 % viscose)<\/li>\n<\/ul>\n","protected":false},"excerpt":{"rendered":"<p>Body B\u00e9b\u00e9 bio manches courtes &nbsp; De l\u2019air frais pour les petits bras : Body B\u00e9b\u00e9 \u00e0 manches courtes pour&hellip;<\/p>\n","protected":false},"featured_media":53,"comment_status":"open","ping_status":"closed","template":"","meta":[],"product_cat":[21,23],"product_tag":[],"_links":{"self":[{"href":"http:\/\/51.68.119.59\/jessica-d\/spreadshirt-jd\/index.php\/wp-json\/wp\/v2\/product\/52"}],"collection":[{"href":"http:\/\/51.68.119.59\/jessica-d\/spreadshirt-jd\/index.php\/wp-json\/wp\/v2\/product"}],"about":[{"href":"http:\/\/51.68.119.59\/jessica-d\/spreadshirt-jd\/index.php\/wp-json\/wp\/v2\/types\/product"}],"replies":[{"embeddable":true,"href":"http:\/\/51.68.119.59\/jessica-d\/spreadshirt-jd\/index.php\/wp-json\/wp\/v2\/comments?post=52"}],"wp:featuredmedia":[{"embeddable":true,"href":"http:\/\/51.68.119.59\/jessica-d\/spreadshirt-jd\/index.php\/wp-json\/wp\/v2\/media\/53"}],"wp:attachment":[{"href":"http:\/\/51.68.119.59\/jessica-d\/spreadshirt-jd\/index.php\/wp-json\/wp\/v2\/media?parent=52"}],"wp:term":[{"taxonomy":"product_cat","embeddable":true,"href":"http:\/\/51.68.119.59\/jessica-d\/spreadshirt-jd\/index.php\/wp-json\/wp\/v2\/product_cat?post=52"},{"taxonomy":"product_tag","embeddable":true,"href":"http:\/\/51.68.119.59\/jessica-d\/spreadshirt-jd\/index.php\/wp-json\/wp\/v2\/product_tag?post=52"}],"curies":[{"name":"wp","href":"https:\/\/api.w.org\/{rel}","templated":true}]}}