{"id":69,"date":"2023-05-25T11:07:14","date_gmt":"2023-05-25T09:07:14","guid":{"rendered":"http:\/\/51.68.119.59\/jessica-d\/spreadshirt-jd\/?post_type=product&#038;p=69"},"modified":"2023-05-25T11:07:15","modified_gmt":"2023-05-25T09:07:15","slug":"pirates-brides","status":"publish","type":"product","link":"http:\/\/51.68.119.59\/jessica-d\/spreadshirt-jd\/index.php\/produit\/pirates-brides\/","title":{"rendered":"Pirates-Brides"},"content":{"rendered":"<h4>T-shirt bio Femme<\/h4>\n<p>&nbsp;<\/p>\n<p>Bon pour vous et pour l\u2019environnement\u00a0: En coton bio, ce t-shirt fait partie de la collection de Continental Clothing nomm\u00e9e \u00ab\u00a0EarthPositive\u00a0\u00bb. Il a \u00e9t\u00e9 produit en utilisant exclusivement des sources d\u2019\u00e9nergie renouvelable.<\/p>\n<ul>\n<li>Taille petit. Veuillez donc jeter un \u0153il sur le tableau des mesures.<\/li>\n<li>Coupe pr\u00e8s du corps et col rond montant<\/li>\n<li>Tissu r\u00e9sistant\u00a0: 155\u00a0g\/m\u00b2<\/li>\n<li>Composition\u00a0: 100\u00a0% coton bio<\/li>\n<\/ul>\n<p>Remarque :Le produit a \u00e9t\u00e9 l\u00e9g\u00e8rement modifi\u00e9 par le fabricant (coutures). Votre commande peut contenir des articles avec l\u2019ancienne et la nouvelle version du produit.<\/p>\n","protected":false},"excerpt":{"rendered":"<p>T-shirt bio Femme &nbsp; Bon pour vous et pour l\u2019environnement\u00a0: En coton bio, ce t-shirt fait partie de la collection&hellip;<\/p>\n","protected":false},"featured_media":70,"comment_status":"open","ping_status":"closed","template":"","meta":[],"product_cat":[16,17],"product_tag":[],"_links":{"self":[{"href":"http:\/\/51.68.119.59\/jessica-d\/spreadshirt-jd\/index.php\/wp-json\/wp\/v2\/product\/69"}],"collection":[{"href":"http:\/\/51.68.119.59\/jessica-d\/spreadshirt-jd\/index.php\/wp-json\/wp\/v2\/product"}],"about":[{"href":"http:\/\/51.68.119.59\/jessica-d\/spreadshirt-jd\/index.php\/wp-json\/wp\/v2\/types\/product"}],"replies":[{"embeddable":true,"href":"http:\/\/51.68.119.59\/jessica-d\/spreadshirt-jd\/index.php\/wp-json\/wp\/v2\/comments?post=69"}],"wp:featuredmedia":[{"embeddable":true,"href":"http:\/\/51.68.119.59\/jessica-d\/spreadshirt-jd\/index.php\/wp-json\/wp\/v2\/media\/70"}],"wp:attachment":[{"href":"http:\/\/51.68.119.59\/jessica-d\/spreadshirt-jd\/index.php\/wp-json\/wp\/v2\/media?parent=69"}],"wp:term":[{"taxonomy":"product_cat","embeddable":true,"href":"http:\/\/51.68.119.59\/jessica-d\/spreadshirt-jd\/index.php\/wp-json\/wp\/v2\/product_cat?post=69"},{"taxonomy":"product_tag","embeddable":true,"href":"http:\/\/51.68.119.59\/jessica-d\/spreadshirt-jd\/index.php\/wp-json\/wp\/v2\/product_tag?post=69"}],"curies":[{"name":"wp","href":"https:\/\/api.w.org\/{rel}","templated":true}]}}