{"id":81,"date":"2023-05-25T11:22:55","date_gmt":"2023-05-25T09:22:55","guid":{"rendered":"http:\/\/51.68.119.59\/jessica-d\/spreadshirt-jd\/?post_type=product&#038;p=81"},"modified":"2023-05-25T11:22:56","modified_gmt":"2023-05-25T09:22:56","slug":"hamburger-vynile","status":"publish","type":"product","link":"http:\/\/51.68.119.59\/jessica-d\/spreadshirt-jd\/index.php\/produit\/hamburger-vynile\/","title":{"rendered":"Hamburger Vynile"},"content":{"rendered":"<h4>T-shirt Homme<\/h4>\n<p>&nbsp;<\/p>\n<p>Il n\u2019est pas \u00e9tonnant que ce T-shirt soit notre meilleur vendeur : avec sa coupe impeccable, d\u00e9contract\u00e9e et ultra confortable, tu auras fi\u00e8re allure en portant ce v\u00eatement classique et durable.<\/p>\n<ul>\n<li>Finitions haut de gamme avec doubles coutures<\/li>\n<li>En tailles 3XL et 4XL, seules les couleurs suivantes sont propos\u00e9es par le fabricant : blanc, noir, bleu marine, gris chin\u00e9, bleu roi, rouge, vert irlandais et jaune<\/li>\n<li>Coupe droite<\/li>\n<li>Tissu doux : 153 g\/m\u00b2 (blanc : 144 g\/m\u00b2)<\/li>\n<li>Composition : 100\u00a0% coton (gris chin\u00e9 : 90 % coton, 10 % polyester)<\/li>\n<li>Nouveau fabricant : Votre commande peut contenir des articles avec l\u2019ancienne et la nouvelle version du produit.<\/li>\n<\/ul>\n","protected":false},"excerpt":{"rendered":"<p>T-shirt Homme &nbsp; Il n\u2019est pas \u00e9tonnant que ce T-shirt soit notre meilleur vendeur : avec sa coupe impeccable, d\u00e9contract\u00e9e&hellip;<\/p>\n","protected":false},"featured_media":82,"comment_status":"open","ping_status":"closed","template":"","meta":[],"product_cat":[18,19],"product_tag":[],"_links":{"self":[{"href":"http:\/\/51.68.119.59\/jessica-d\/spreadshirt-jd\/index.php\/wp-json\/wp\/v2\/product\/81"}],"collection":[{"href":"http:\/\/51.68.119.59\/jessica-d\/spreadshirt-jd\/index.php\/wp-json\/wp\/v2\/product"}],"about":[{"href":"http:\/\/51.68.119.59\/jessica-d\/spreadshirt-jd\/index.php\/wp-json\/wp\/v2\/types\/product"}],"replies":[{"embeddable":true,"href":"http:\/\/51.68.119.59\/jessica-d\/spreadshirt-jd\/index.php\/wp-json\/wp\/v2\/comments?post=81"}],"wp:featuredmedia":[{"embeddable":true,"href":"http:\/\/51.68.119.59\/jessica-d\/spreadshirt-jd\/index.php\/wp-json\/wp\/v2\/media\/82"}],"wp:attachment":[{"href":"http:\/\/51.68.119.59\/jessica-d\/spreadshirt-jd\/index.php\/wp-json\/wp\/v2\/media?parent=81"}],"wp:term":[{"taxonomy":"product_cat","embeddable":true,"href":"http:\/\/51.68.119.59\/jessica-d\/spreadshirt-jd\/index.php\/wp-json\/wp\/v2\/product_cat?post=81"},{"taxonomy":"product_tag","embeddable":true,"href":"http:\/\/51.68.119.59\/jessica-d\/spreadshirt-jd\/index.php\/wp-json\/wp\/v2\/product_tag?post=81"}],"curies":[{"name":"wp","href":"https:\/\/api.w.org\/{rel}","templated":true}]}}