{"id":790,"date":"2025-11-20T12:10:21","date_gmt":"2025-11-20T11:10:21","guid":{"rendered":"http:\/\/51.68.119.59\/laetitia\/krame\/index.php\/790-2\/"},"modified":"2025-11-24T14:08:55","modified_gmt":"2025-11-24T13:08:55","slug":"mon-panier","status":"publish","type":"page","link":"http:\/\/51.68.119.59\/laetitia\/krame\/index.php\/mon-panier\/","title":{"rendered":"LE PANIER KRAM\u00c9"},"content":{"rendered":"\t\t<div data-elementor-type=\"wp-page\" data-elementor-id=\"790\" class=\"elementor elementor-790\">\n\t\t\t\t<div class=\"elementor-element elementor-element-2a4b407b e-flex e-con-boxed wpr-particle-no wpr-jarallax-no wpr-parallax-no wpr-sticky-section-no e-con e-parent\" data-id=\"2a4b407b\" data-element_type=\"container\">\n\t\t\t\t\t<div class=\"e-con-inner\">\n\t\t\t\t<div class=\"elementor-element elementor-element-1d6514b elementor-widget elementor-widget-shortcode\" data-id=\"1d6514b\" data-element_type=\"widget\" data-widget_type=\"shortcode.default\">\n\t\t\t\t\t\t\t<div class=\"elementor-shortcode\"><\/div>\n\t\t\t\t\t\t<\/div>\n\t\t\t\t\t<\/div>\n\t\t\t\t<\/div>\n\t\t\t\t<\/div>\n\t\t","protected":false},"excerpt":{"rendered":"","protected":false},"author":1,"featured_media":0,"parent":0,"menu_order":0,"comment_status":"closed","ping_status":"closed","template":"","meta":{"site-sidebar-layout":"default","site-content-layout":"","ast-site-content-layout":"default","site-content-style":"default","site-sidebar-style":"default","ast-global-header-display":"","ast-banner-title-visibility":"","ast-main-header-display":"","ast-hfb-above-header-display":"","ast-hfb-below-header-display":"","ast-hfb-mobile-header-display":"","site-post-title":"","ast-breadcrumbs-content":"","ast-featured-img":"","footer-sml-layout":"","theme-transparent-header-meta":"","adv-header-id-meta":"","stick-header-meta":"","header-above-stick-meta":"","header-main-stick-meta":"","header-below-stick-meta":"","astra-migrate-meta-layouts":"default","ast-page-background-enabled":"default","ast-page-background-meta":{"desktop":{"background-color":"var(--ast-global-color-5)","background-image":"","background-repeat":"repeat","background-position":"center center","background-size":"auto","background-attachment":"scroll","background-type":"","background-media":"","overlay-type":"","overlay-color":"","overlay-opacity":"","overlay-gradient":""},"tablet":{"background-color":"","background-image":"","background-repeat":"repeat","background-position":"center center","background-size":"auto","background-attachment":"scroll","background-type":"","background-media":"","overlay-type":"","overlay-color":"","overlay-opacity":"","overlay-gradient":""},"mobile":{"background-color":"","background-image":"","background-repeat":"repeat","background-position":"center center","background-size":"auto","background-attachment":"scroll","background-type":"","background-media":"","overlay-type":"","overlay-color":"","overlay-opacity":"","overlay-gradient":""}},"ast-content-background-meta":{"desktop":{"background-color":"var(--ast-global-color-4)","background-image":"","background-repeat":"repeat","background-position":"center center","background-size":"auto","background-attachment":"scroll","background-type":"","background-media":"","overlay-type":"","overlay-color":"","overlay-opacity":"","overlay-gradient":""},"tablet":{"background-color":"var(--ast-global-color-4)","background-image":"","background-repeat":"repeat","background-position":"center center","background-size":"auto","background-attachment":"scroll","background-type":"","background-media":"","overlay-type":"","overlay-color":"","overlay-opacity":"","overlay-gradient":""},"mobile":{"background-color":"var(--ast-global-color-4)","background-image":"","background-repeat":"repeat","background-position":"center center","background-size":"auto","background-attachment":"scroll","background-type":"","background-media":"","overlay-type":"","overlay-color":"","overlay-opacity":"","overlay-gradient":""}},"footnotes":""},"class_list":["post-790","page","type-page","status-publish","hentry"],"yoast_head":"<!-- This site is optimized with the Yoast SEO plugin v26.4 - https:\/\/yoast.com\/wordpress\/plugins\/seo\/ -->\n<title>LE PANIER KRAM\u00c9 - KRAM\u00c9<\/title>\n<meta name=\"description\" content=\"Le panier KRAM\u00c9 retrouvez vos achats.\" \/>\n<meta name=\"robots\" content=\"noindex, follow, max-snippet:-1, max-image-preview:large, max-video-preview:-1\" \/>\n<meta property=\"og:locale\" content=\"fr_FR\" \/>\n<meta property=\"og:type\" content=\"article\" \/>\n<meta property=\"og:title\" content=\"LE PANIER KRAM\u00c9 - KRAM\u00c9\" \/>\n<meta property=\"og:description\" content=\"Le panier KRAM\u00c9 retrouvez vos achats.\" \/>\n<meta property=\"og:url\" content=\"http:\/\/51.68.119.59\/laetitia\/krame\/index.php\/mon-panier\/\" \/>\n<meta property=\"og:site_name\" content=\"KRAM\u00c9\" \/>\n<meta property=\"article:modified_time\" content=\"2025-11-24T13:08:55+00:00\" \/>\n<meta name=\"twitter:card\" content=\"summary_large_image\" \/>\n<meta name=\"twitter:label1\" content=\"Dur\u00e9e de lecture estim\u00e9e\" \/>\n\t<meta name=\"twitter:data1\" content=\"1 minute\" \/>\n<script type=\"application\/ld+json\" class=\"yoast-schema-graph\">{\"@context\":\"https:\/\/schema.org\",\"@graph\":[{\"@type\":\"WebPage\",\"@id\":\"http:\/\/51.68.119.59\/laetitia\/krame\/index.php\/mon-panier\/\",\"url\":\"http:\/\/51.68.119.59\/laetitia\/krame\/index.php\/mon-panier\/\",\"name\":\"LE PANIER KRAM\u00c9 - KRAM\u00c9\",\"isPartOf\":{\"@id\":\"http:\/\/51.68.119.59\/laetitia\/krame\/#website\"},\"datePublished\":\"2025-11-20T11:10:21+00:00\",\"dateModified\":\"2025-11-24T13:08:55+00:00\",\"description\":\"Le panier KRAM\u00c9 retrouvez vos achats.\",\"breadcrumb\":{\"@id\":\"http:\/\/51.68.119.59\/laetitia\/krame\/index.php\/mon-panier\/#breadcrumb\"},\"inLanguage\":\"fr-FR\",\"potentialAction\":[{\"@type\":\"ReadAction\",\"target\":[\"http:\/\/51.68.119.59\/laetitia\/krame\/index.php\/mon-panier\/\"]}]},{\"@type\":\"BreadcrumbList\",\"@id\":\"http:\/\/51.68.119.59\/laetitia\/krame\/index.php\/mon-panier\/#breadcrumb\",\"itemListElement\":[{\"@type\":\"ListItem\",\"position\":1,\"name\":\"Accueil\",\"item\":\"http:\/\/51.68.119.59\/laetitia\/krame\/\"},{\"@type\":\"ListItem\",\"position\":2,\"name\":\"LE PANIER KRAM\u00c9\"}]},{\"@type\":\"WebSite\",\"@id\":\"http:\/\/51.68.119.59\/laetitia\/krame\/#website\",\"url\":\"http:\/\/51.68.119.59\/laetitia\/krame\/\",\"name\":\"krame.com\",\"description\":\"Kram\u00e9 \u2013 cr\u00e9ativit\u00e9 d\u00e9jant\u00e9e, identit\u00e9 visuelle puissante\",\"publisher\":{\"@id\":\"http:\/\/51.68.119.59\/laetitia\/krame\/#organization\"},\"potentialAction\":[{\"@type\":\"SearchAction\",\"target\":{\"@type\":\"EntryPoint\",\"urlTemplate\":\"http:\/\/51.68.119.59\/laetitia\/krame\/?s={search_term_string}\"},\"query-input\":{\"@type\":\"PropertyValueSpecification\",\"valueRequired\":true,\"valueName\":\"search_term_string\"}}],\"inLanguage\":\"fr-FR\"},{\"@type\":\"Organization\",\"@id\":\"http:\/\/51.68.119.59\/laetitia\/krame\/#organization\",\"name\":\"kram\u00e9-astral-k'lair\",\"url\":\"http:\/\/51.68.119.59\/laetitia\/krame\/\",\"logo\":{\"@type\":\"ImageObject\",\"inLanguage\":\"fr-FR\",\"@id\":\"http:\/\/51.68.119.59\/laetitia\/krame\/#\/schema\/logo\/image\/\",\"url\":\"http:\/\/51.68.119.59\/laetitia\/krame\/wp-content\/uploads\/2025\/11\/Logo-ss-nom-marge-non-affichee.png\",\"contentUrl\":\"http:\/\/51.68.119.59\/laetitia\/krame\/wp-content\/uploads\/2025\/11\/Logo-ss-nom-marge-non-affichee.png\",\"width\":336,\"height\":374,\"caption\":\"kram\u00e9-astral-k'lair\"},\"image\":{\"@id\":\"http:\/\/51.68.119.59\/laetitia\/krame\/#\/schema\/logo\/image\/\"},\"sameAs\":[\"https:\/\/www.instagram.com\/klair_artworks\/?hl=hu\",\"https:\/\/www.instagram.com\/astral_lamia\/\",\"https:\/\/fr.linkedin.com\/in\/loraine-bechade-querr-2ba3131a3\",\"https:\/\/fr.linkedin.com\/in\/nathan-lair-246469206\"]}]}<\/script>\n<!-- \/ Yoast SEO plugin. -->","yoast_head_json":{"title":"LE PANIER KRAM\u00c9 - KRAM\u00c9","description":"Le panier KRAM\u00c9 retrouvez vos achats.","robots":{"index":"noindex","follow":"follow","max-snippet":"max-snippet:-1","max-image-preview":"max-image-preview:large","max-video-preview":"max-video-preview:-1"},"og_locale":"fr_FR","og_type":"article","og_title":"LE PANIER KRAM\u00c9 - KRAM\u00c9","og_description":"Le panier KRAM\u00c9 retrouvez vos achats.","og_url":"http:\/\/51.68.119.59\/laetitia\/krame\/index.php\/mon-panier\/","og_site_name":"KRAM\u00c9","article_modified_time":"2025-11-24T13:08:55+00:00","twitter_card":"summary_large_image","twitter_misc":{"Dur\u00e9e de lecture estim\u00e9e":"1 minute"},"schema":{"@context":"https:\/\/schema.org","@graph":[{"@type":"WebPage","@id":"http:\/\/51.68.119.59\/laetitia\/krame\/index.php\/mon-panier\/","url":"http:\/\/51.68.119.59\/laetitia\/krame\/index.php\/mon-panier\/","name":"LE PANIER KRAM\u00c9 - KRAM\u00c9","isPartOf":{"@id":"http:\/\/51.68.119.59\/laetitia\/krame\/#website"},"datePublished":"2025-11-20T11:10:21+00:00","dateModified":"2025-11-24T13:08:55+00:00","description":"Le panier KRAM\u00c9 retrouvez vos achats.","breadcrumb":{"@id":"http:\/\/51.68.119.59\/laetitia\/krame\/index.php\/mon-panier\/#breadcrumb"},"inLanguage":"fr-FR","potentialAction":[{"@type":"ReadAction","target":["http:\/\/51.68.119.59\/laetitia\/krame\/index.php\/mon-panier\/"]}]},{"@type":"BreadcrumbList","@id":"http:\/\/51.68.119.59\/laetitia\/krame\/index.php\/mon-panier\/#breadcrumb","itemListElement":[{"@type":"ListItem","position":1,"name":"Accueil","item":"http:\/\/51.68.119.59\/laetitia\/krame\/"},{"@type":"ListItem","position":2,"name":"LE PANIER KRAM\u00c9"}]},{"@type":"WebSite","@id":"http:\/\/51.68.119.59\/laetitia\/krame\/#website","url":"http:\/\/51.68.119.59\/laetitia\/krame\/","name":"krame.com","description":"Kram\u00e9 \u2013 cr\u00e9ativit\u00e9 d\u00e9jant\u00e9e, identit\u00e9 visuelle puissante","publisher":{"@id":"http:\/\/51.68.119.59\/laetitia\/krame\/#organization"},"potentialAction":[{"@type":"SearchAction","target":{"@type":"EntryPoint","urlTemplate":"http:\/\/51.68.119.59\/laetitia\/krame\/?s={search_term_string}"},"query-input":{"@type":"PropertyValueSpecification","valueRequired":true,"valueName":"search_term_string"}}],"inLanguage":"fr-FR"},{"@type":"Organization","@id":"http:\/\/51.68.119.59\/laetitia\/krame\/#organization","name":"kram\u00e9-astral-k'lair","url":"http:\/\/51.68.119.59\/laetitia\/krame\/","logo":{"@type":"ImageObject","inLanguage":"fr-FR","@id":"http:\/\/51.68.119.59\/laetitia\/krame\/#\/schema\/logo\/image\/","url":"http:\/\/51.68.119.59\/laetitia\/krame\/wp-content\/uploads\/2025\/11\/Logo-ss-nom-marge-non-affichee.png","contentUrl":"http:\/\/51.68.119.59\/laetitia\/krame\/wp-content\/uploads\/2025\/11\/Logo-ss-nom-marge-non-affichee.png","width":336,"height":374,"caption":"kram\u00e9-astral-k'lair"},"image":{"@id":"http:\/\/51.68.119.59\/laetitia\/krame\/#\/schema\/logo\/image\/"},"sameAs":["https:\/\/www.instagram.com\/klair_artworks\/?hl=hu","https:\/\/www.instagram.com\/astral_lamia\/","https:\/\/fr.linkedin.com\/in\/loraine-bechade-querr-2ba3131a3","https:\/\/fr.linkedin.com\/in\/nathan-lair-246469206"]}]}},"_links":{"self":[{"href":"http:\/\/51.68.119.59\/laetitia\/krame\/index.php\/wp-json\/wp\/v2\/pages\/790","targetHints":{"allow":["GET"]}}],"collection":[{"href":"http:\/\/51.68.119.59\/laetitia\/krame\/index.php\/wp-json\/wp\/v2\/pages"}],"about":[{"href":"http:\/\/51.68.119.59\/laetitia\/krame\/index.php\/wp-json\/wp\/v2\/types\/page"}],"author":[{"embeddable":true,"href":"http:\/\/51.68.119.59\/laetitia\/krame\/index.php\/wp-json\/wp\/v2\/users\/1"}],"replies":[{"embeddable":true,"href":"http:\/\/51.68.119.59\/laetitia\/krame\/index.php\/wp-json\/wp\/v2\/comments?post=790"}],"version-history":[{"count":8,"href":"http:\/\/51.68.119.59\/laetitia\/krame\/index.php\/wp-json\/wp\/v2\/pages\/790\/revisions"}],"predecessor-version":[{"id":1084,"href":"http:\/\/51.68.119.59\/laetitia\/krame\/index.php\/wp-json\/wp\/v2\/pages\/790\/revisions\/1084"}],"wp:attachment":[{"href":"http:\/\/51.68.119.59\/laetitia\/krame\/index.php\/wp-json\/wp\/v2\/media?parent=790"}],"curies":[{"name":"wp","href":"https:\/\/api.w.org\/{rel}","templated":true}]}}