{"id":850,"date":"2025-11-20T13:33:17","date_gmt":"2025-11-20T12:33:17","guid":{"rendered":"http:\/\/51.68.119.59\/laetitia\/krame\/?post_type=product&#038;p=850"},"modified":"2025-11-20T13:33:35","modified_gmt":"2025-11-20T12:33:35","slug":"la-jeune-femme-ala-rose","status":"publish","type":"product","link":"http:\/\/51.68.119.59\/laetitia\/krame\/index.php\/produit\/la-jeune-femme-ala-rose\/","title":{"rendered":"JEUNE FEMME \u00c0 LA ROSE"},"content":{"rendered":"","protected":false},"excerpt":{"rendered":"<p>BY K&rsquo;LAIR<\/p>\n","protected":false},"featured_media":167,"comment_status":"open","ping_status":"closed","template":"","meta":{"site-sidebar-layout":"default","site-content-layout":"","ast-site-content-layout":"default","site-content-style":"default","site-sidebar-style":"default","ast-global-header-display":"","ast-banner-title-visibility":"","ast-main-header-display":"","ast-hfb-above-header-display":"","ast-hfb-below-header-display":"","ast-hfb-mobile-header-display":"","site-post-title":"","ast-breadcrumbs-content":"","ast-featured-img":"","footer-sml-layout":"","theme-transparent-header-meta":"default","adv-header-id-meta":"","stick-header-meta":"","header-above-stick-meta":"","header-main-stick-meta":"","header-below-stick-meta":"","astra-migrate-meta-layouts":"set","ast-page-background-enabled":"default","ast-page-background-meta":{"desktop":{"background-color":"var(--ast-global-color-5)","background-image":"","background-repeat":"repeat","background-position":"center center","background-size":"auto","background-attachment":"scroll","background-type":"","background-media":"","overlay-type":"","overlay-color":"","overlay-opacity":"","overlay-gradient":""},"tablet":{"background-color":"","background-image":"","background-repeat":"repeat","background-position":"center center","background-size":"auto","background-attachment":"scroll","background-type":"","background-media":"","overlay-type":"","overlay-color":"","overlay-opacity":"","overlay-gradient":""},"mobile":{"background-color":"","background-image":"","background-repeat":"repeat","background-position":"center center","background-size":"auto","background-attachment":"scroll","background-type":"","background-media":"","overlay-type":"","overlay-color":"","overlay-opacity":"","overlay-gradient":""}},"ast-content-background-meta":{"desktop":{"background-color":"var(--ast-global-color-4)","background-image":"","background-repeat":"repeat","background-position":"center center","background-size":"auto","background-attachment":"scroll","background-type":"","background-media":"","overlay-type":"","overlay-color":"","overlay-opacity":"","overlay-gradient":""},"tablet":{"background-color":"var(--ast-global-color-4)","background-image":"","background-repeat":"repeat","background-position":"center center","background-size":"auto","background-attachment":"scroll","background-type":"","background-media":"","overlay-type":"","overlay-color":"","overlay-opacity":"","overlay-gradient":""},"mobile":{"background-color":"var(--ast-global-color-4)","background-image":"","background-repeat":"repeat","background-position":"center center","background-size":"auto","background-attachment":"scroll","background-type":"","background-media":"","overlay-type":"","overlay-color":"","overlay-opacity":"","overlay-gradient":""}}},"product_brand":[],"product_cat":[25],"product_tag":[],"class_list":{"0":"post-850","1":"product","2":"type-product","3":"status-publish","4":"has-post-thumbnail","6":"product_cat-illustration","7":"desktop-align-left","8":"tablet-align-left","9":"mobile-align-left","11":"first","12":"instock","13":"downloadable","14":"shipping-taxable","15":"purchasable","16":"product-type-simple"},"yoast_head":"<!-- This site is optimized with the Yoast SEO plugin v26.4 - https:\/\/yoast.com\/wordpress\/plugins\/seo\/ -->\n<title>JEUNE FEMME \u00c0 LA ROSE - KRAM\u00c9<\/title>\n<meta name=\"robots\" content=\"noindex, follow, max-snippet:-1, max-image-preview:large, max-video-preview:-1\" \/>\n<meta property=\"og:locale\" content=\"fr_FR\" \/>\n<meta property=\"og:type\" content=\"article\" \/>\n<meta property=\"og:title\" content=\"JEUNE FEMME \u00c0 LA ROSE - KRAM\u00c9\" \/>\n<meta property=\"og:description\" content=\"BY K&#039;LAIR\" \/>\n<meta property=\"og:url\" content=\"http:\/\/51.68.119.59\/laetitia\/krame\/index.php\/produit\/la-jeune-femme-ala-rose\/\" \/>\n<meta property=\"og:site_name\" content=\"KRAM\u00c9\" \/>\n<meta property=\"article:modified_time\" content=\"2025-11-20T12:33:35+00:00\" \/>\n<meta property=\"og:image\" content=\"http:\/\/51.68.119.59\/laetitia\/krame\/wp-content\/uploads\/2025\/11\/femme-rose-illus.jpg\" \/>\n\t<meta property=\"og:image:width\" content=\"259\" \/>\n\t<meta property=\"og:image:height\" content=\"343\" \/>\n\t<meta property=\"og:image:type\" content=\"image\/jpeg\" \/>\n<meta name=\"twitter:card\" content=\"summary_large_image\" \/>\n<script type=\"application\/ld+json\" class=\"yoast-schema-graph\">{\"@context\":\"https:\/\/schema.org\",\"@graph\":[{\"@type\":\"WebPage\",\"@id\":\"http:\/\/51.68.119.59\/laetitia\/krame\/index.php\/produit\/la-jeune-femme-ala-rose\/\",\"url\":\"http:\/\/51.68.119.59\/laetitia\/krame\/index.php\/produit\/la-jeune-femme-ala-rose\/\",\"name\":\"JEUNE FEMME \u00c0 LA ROSE - KRAM\u00c9\",\"isPartOf\":{\"@id\":\"http:\/\/51.68.119.59\/laetitia\/krame\/#website\"},\"primaryImageOfPage\":{\"@id\":\"http:\/\/51.68.119.59\/laetitia\/krame\/index.php\/produit\/la-jeune-femme-ala-rose\/#primaryimage\"},\"image\":{\"@id\":\"http:\/\/51.68.119.59\/laetitia\/krame\/index.php\/produit\/la-jeune-femme-ala-rose\/#primaryimage\"},\"thumbnailUrl\":\"http:\/\/51.68.119.59\/laetitia\/krame\/wp-content\/uploads\/2025\/11\/femme-rose-illus.jpg\",\"datePublished\":\"2025-11-20T12:33:17+00:00\",\"dateModified\":\"2025-11-20T12:33:35+00:00\",\"breadcrumb\":{\"@id\":\"http:\/\/51.68.119.59\/laetitia\/krame\/index.php\/produit\/la-jeune-femme-ala-rose\/#breadcrumb\"},\"inLanguage\":\"fr-FR\",\"potentialAction\":[{\"@type\":\"ReadAction\",\"target\":[\"http:\/\/51.68.119.59\/laetitia\/krame\/index.php\/produit\/la-jeune-femme-ala-rose\/\"]}]},{\"@type\":\"ImageObject\",\"inLanguage\":\"fr-FR\",\"@id\":\"http:\/\/51.68.119.59\/laetitia\/krame\/index.php\/produit\/la-jeune-femme-ala-rose\/#primaryimage\",\"url\":\"http:\/\/51.68.119.59\/laetitia\/krame\/wp-content\/uploads\/2025\/11\/femme-rose-illus.jpg\",\"contentUrl\":\"http:\/\/51.68.119.59\/laetitia\/krame\/wp-content\/uploads\/2025\/11\/femme-rose-illus.jpg\",\"width\":259,\"height\":343,\"caption\":\"illustration d'une jeune femme assise adoss\u00e9 \u00e0 un voilage, \u00e9paule gauche d\u00e9couverte observant une rose tenue d\u00e9licarement par sa main droite\"},{\"@type\":\"BreadcrumbList\",\"@id\":\"http:\/\/51.68.119.59\/laetitia\/krame\/index.php\/produit\/la-jeune-femme-ala-rose\/#breadcrumb\",\"itemListElement\":[{\"@type\":\"ListItem\",\"position\":1,\"name\":\"Accueil\",\"item\":\"http:\/\/51.68.119.59\/laetitia\/krame\/\"},{\"@type\":\"ListItem\",\"position\":2,\"name\":\"Produits\",\"item\":\"http:\/\/51.68.119.59\/laetitia\/krame\/index.php\/shop\/\"},{\"@type\":\"ListItem\",\"position\":3,\"name\":\"JEUNE FEMME \u00c0 LA ROSE\"}]},{\"@type\":\"WebSite\",\"@id\":\"http:\/\/51.68.119.59\/laetitia\/krame\/#website\",\"url\":\"http:\/\/51.68.119.59\/laetitia\/krame\/\",\"name\":\"krame.com\",\"description\":\"Kram\u00e9 \u2013 cr\u00e9ativit\u00e9 d\u00e9jant\u00e9e, identit\u00e9 visuelle puissante\",\"publisher\":{\"@id\":\"http:\/\/51.68.119.59\/laetitia\/krame\/#organization\"},\"potentialAction\":[{\"@type\":\"SearchAction\",\"target\":{\"@type\":\"EntryPoint\",\"urlTemplate\":\"http:\/\/51.68.119.59\/laetitia\/krame\/?s={search_term_string}\"},\"query-input\":{\"@type\":\"PropertyValueSpecification\",\"valueRequired\":true,\"valueName\":\"search_term_string\"}}],\"inLanguage\":\"fr-FR\"},{\"@type\":\"Organization\",\"@id\":\"http:\/\/51.68.119.59\/laetitia\/krame\/#organization\",\"name\":\"kram\u00e9-astral-k'lair\",\"url\":\"http:\/\/51.68.119.59\/laetitia\/krame\/\",\"logo\":{\"@type\":\"ImageObject\",\"inLanguage\":\"fr-FR\",\"@id\":\"http:\/\/51.68.119.59\/laetitia\/krame\/#\/schema\/logo\/image\/\",\"url\":\"http:\/\/51.68.119.59\/laetitia\/krame\/wp-content\/uploads\/2025\/11\/Logo-ss-nom-marge-non-affichee.png\",\"contentUrl\":\"http:\/\/51.68.119.59\/laetitia\/krame\/wp-content\/uploads\/2025\/11\/Logo-ss-nom-marge-non-affichee.png\",\"width\":336,\"height\":374,\"caption\":\"kram\u00e9-astral-k'lair\"},\"image\":{\"@id\":\"http:\/\/51.68.119.59\/laetitia\/krame\/#\/schema\/logo\/image\/\"},\"sameAs\":[\"https:\/\/www.instagram.com\/klair_artworks\/?hl=hu\",\"https:\/\/www.instagram.com\/astral_lamia\/\",\"https:\/\/fr.linkedin.com\/in\/loraine-bechade-querr-2ba3131a3\",\"https:\/\/fr.linkedin.com\/in\/nathan-lair-246469206\"]}]}<\/script>\n<!-- \/ Yoast SEO plugin. -->","yoast_head_json":{"title":"JEUNE FEMME \u00c0 LA ROSE - KRAM\u00c9","robots":{"index":"noindex","follow":"follow","max-snippet":"max-snippet:-1","max-image-preview":"max-image-preview:large","max-video-preview":"max-video-preview:-1"},"og_locale":"fr_FR","og_type":"article","og_title":"JEUNE FEMME \u00c0 LA ROSE - KRAM\u00c9","og_description":"BY K'LAIR","og_url":"http:\/\/51.68.119.59\/laetitia\/krame\/index.php\/produit\/la-jeune-femme-ala-rose\/","og_site_name":"KRAM\u00c9","article_modified_time":"2025-11-20T12:33:35+00:00","og_image":[{"width":259,"height":343,"url":"http:\/\/51.68.119.59\/laetitia\/krame\/wp-content\/uploads\/2025\/11\/femme-rose-illus.jpg","type":"image\/jpeg"}],"twitter_card":"summary_large_image","schema":{"@context":"https:\/\/schema.org","@graph":[{"@type":"WebPage","@id":"http:\/\/51.68.119.59\/laetitia\/krame\/index.php\/produit\/la-jeune-femme-ala-rose\/","url":"http:\/\/51.68.119.59\/laetitia\/krame\/index.php\/produit\/la-jeune-femme-ala-rose\/","name":"JEUNE FEMME \u00c0 LA ROSE - KRAM\u00c9","isPartOf":{"@id":"http:\/\/51.68.119.59\/laetitia\/krame\/#website"},"primaryImageOfPage":{"@id":"http:\/\/51.68.119.59\/laetitia\/krame\/index.php\/produit\/la-jeune-femme-ala-rose\/#primaryimage"},"image":{"@id":"http:\/\/51.68.119.59\/laetitia\/krame\/index.php\/produit\/la-jeune-femme-ala-rose\/#primaryimage"},"thumbnailUrl":"http:\/\/51.68.119.59\/laetitia\/krame\/wp-content\/uploads\/2025\/11\/femme-rose-illus.jpg","datePublished":"2025-11-20T12:33:17+00:00","dateModified":"2025-11-20T12:33:35+00:00","breadcrumb":{"@id":"http:\/\/51.68.119.59\/laetitia\/krame\/index.php\/produit\/la-jeune-femme-ala-rose\/#breadcrumb"},"inLanguage":"fr-FR","potentialAction":[{"@type":"ReadAction","target":["http:\/\/51.68.119.59\/laetitia\/krame\/index.php\/produit\/la-jeune-femme-ala-rose\/"]}]},{"@type":"ImageObject","inLanguage":"fr-FR","@id":"http:\/\/51.68.119.59\/laetitia\/krame\/index.php\/produit\/la-jeune-femme-ala-rose\/#primaryimage","url":"http:\/\/51.68.119.59\/laetitia\/krame\/wp-content\/uploads\/2025\/11\/femme-rose-illus.jpg","contentUrl":"http:\/\/51.68.119.59\/laetitia\/krame\/wp-content\/uploads\/2025\/11\/femme-rose-illus.jpg","width":259,"height":343,"caption":"illustration d'une jeune femme assise adoss\u00e9 \u00e0 un voilage, \u00e9paule gauche d\u00e9couverte observant une rose tenue d\u00e9licarement par sa main droite"},{"@type":"BreadcrumbList","@id":"http:\/\/51.68.119.59\/laetitia\/krame\/index.php\/produit\/la-jeune-femme-ala-rose\/#breadcrumb","itemListElement":[{"@type":"ListItem","position":1,"name":"Accueil","item":"http:\/\/51.68.119.59\/laetitia\/krame\/"},{"@type":"ListItem","position":2,"name":"Produits","item":"http:\/\/51.68.119.59\/laetitia\/krame\/index.php\/shop\/"},{"@type":"ListItem","position":3,"name":"JEUNE FEMME \u00c0 LA ROSE"}]},{"@type":"WebSite","@id":"http:\/\/51.68.119.59\/laetitia\/krame\/#website","url":"http:\/\/51.68.119.59\/laetitia\/krame\/","name":"krame.com","description":"Kram\u00e9 \u2013 cr\u00e9ativit\u00e9 d\u00e9jant\u00e9e, identit\u00e9 visuelle puissante","publisher":{"@id":"http:\/\/51.68.119.59\/laetitia\/krame\/#organization"},"potentialAction":[{"@type":"SearchAction","target":{"@type":"EntryPoint","urlTemplate":"http:\/\/51.68.119.59\/laetitia\/krame\/?s={search_term_string}"},"query-input":{"@type":"PropertyValueSpecification","valueRequired":true,"valueName":"search_term_string"}}],"inLanguage":"fr-FR"},{"@type":"Organization","@id":"http:\/\/51.68.119.59\/laetitia\/krame\/#organization","name":"kram\u00e9-astral-k'lair","url":"http:\/\/51.68.119.59\/laetitia\/krame\/","logo":{"@type":"ImageObject","inLanguage":"fr-FR","@id":"http:\/\/51.68.119.59\/laetitia\/krame\/#\/schema\/logo\/image\/","url":"http:\/\/51.68.119.59\/laetitia\/krame\/wp-content\/uploads\/2025\/11\/Logo-ss-nom-marge-non-affichee.png","contentUrl":"http:\/\/51.68.119.59\/laetitia\/krame\/wp-content\/uploads\/2025\/11\/Logo-ss-nom-marge-non-affichee.png","width":336,"height":374,"caption":"kram\u00e9-astral-k'lair"},"image":{"@id":"http:\/\/51.68.119.59\/laetitia\/krame\/#\/schema\/logo\/image\/"},"sameAs":["https:\/\/www.instagram.com\/klair_artworks\/?hl=hu","https:\/\/www.instagram.com\/astral_lamia\/","https:\/\/fr.linkedin.com\/in\/loraine-bechade-querr-2ba3131a3","https:\/\/fr.linkedin.com\/in\/nathan-lair-246469206"]}]}},"_links":{"self":[{"href":"http:\/\/51.68.119.59\/laetitia\/krame\/index.php\/wp-json\/wp\/v2\/product\/850","targetHints":{"allow":["GET"]}}],"collection":[{"href":"http:\/\/51.68.119.59\/laetitia\/krame\/index.php\/wp-json\/wp\/v2\/product"}],"about":[{"href":"http:\/\/51.68.119.59\/laetitia\/krame\/index.php\/wp-json\/wp\/v2\/types\/product"}],"replies":[{"embeddable":true,"href":"http:\/\/51.68.119.59\/laetitia\/krame\/index.php\/wp-json\/wp\/v2\/comments?post=850"}],"wp:featuredmedia":[{"embeddable":true,"href":"http:\/\/51.68.119.59\/laetitia\/krame\/index.php\/wp-json\/wp\/v2\/media\/167"}],"wp:attachment":[{"href":"http:\/\/51.68.119.59\/laetitia\/krame\/index.php\/wp-json\/wp\/v2\/media?parent=850"}],"wp:term":[{"taxonomy":"product_brand","embeddable":true,"href":"http:\/\/51.68.119.59\/laetitia\/krame\/index.php\/wp-json\/wp\/v2\/product_brand?post=850"},{"taxonomy":"product_cat","embeddable":true,"href":"http:\/\/51.68.119.59\/laetitia\/krame\/index.php\/wp-json\/wp\/v2\/product_cat?post=850"},{"taxonomy":"product_tag","embeddable":true,"href":"http:\/\/51.68.119.59\/laetitia\/krame\/index.php\/wp-json\/wp\/v2\/product_tag?post=850"}],"curies":[{"name":"wp","href":"https:\/\/api.w.org\/{rel}","templated":true}]}}