{"id":12,"date":"2025-07-02T09:34:45","date_gmt":"2025-07-02T07:34:45","guid":{"rendered":"http:\/\/51.68.119.59\/lea-dubois\/?page_id=12"},"modified":"2025-07-09T16:38:56","modified_gmt":"2025-07-09T14:38:56","slug":"a-propos","status":"publish","type":"page","link":"http:\/\/51.68.119.59\/lea-dubois\/index.php\/a-propos\/","title":{"rendered":"\u00c0 propos"},"content":{"rendered":"\t\t<div data-elementor-type=\"wp-page\" data-elementor-id=\"12\" class=\"elementor elementor-12\">\n\t\t\t\t<div class=\"elementor-element elementor-element-eee63e5 e-con-full e-flex e-con e-parent\" data-id=\"eee63e5\" data-element_type=\"container\">\n\t\t\t\t<div class=\"elementor-element elementor-element-fe1d63a elementor-widget elementor-widget-heading\" data-id=\"fe1d63a\" data-element_type=\"widget\" data-widget_type=\"heading.default\">\n\t\t\t\t\t<h2 class=\"elementor-heading-title elementor-size-default\">\u2726 \u00c0 propos \u2726<\/h2>\t\t\t\t<\/div>\n\t\t\t\t<\/div>\n\t\t<div class=\"elementor-element elementor-element-e9c0aaf e-flex e-con-boxed e-con e-parent\" data-id=\"e9c0aaf\" data-element_type=\"container\">\n\t\t\t\t\t<div class=\"e-con-inner\">\n\t\t\t\t<div class=\"elementor-element elementor-element-a5fdef3 elementor-widget-divider--view-line elementor-widget elementor-widget-divider\" data-id=\"a5fdef3\" data-element_type=\"widget\" data-widget_type=\"divider.default\">\n\t\t\t\t\t\t\t<div class=\"elementor-divider\">\n\t\t\t<span class=\"elementor-divider-separator\">\n\t\t\t\t\t\t<\/span>\n\t\t<\/div>\n\t\t\t\t\t\t<\/div>\n\t\t\t\t\t<\/div>\n\t\t\t\t<\/div>\n\t\t<div class=\"elementor-element elementor-element-b806160 e-flex e-con-boxed e-con e-parent\" data-id=\"b806160\" data-element_type=\"container\">\n\t\t\t\t\t<div class=\"e-con-inner\">\n\t\t<div class=\"elementor-element elementor-element-5abff4a e-con-full e-flex e-con e-child\" data-id=\"5abff4a\" data-element_type=\"container\">\n\t\t\t\t<div class=\"elementor-element elementor-element-d3b3d37 elementor-widget elementor-widget-heading\" data-id=\"d3b3d37\" data-element_type=\"widget\" data-widget_type=\"heading.default\">\n\t\t\t\t\t<h2 class=\"elementor-heading-title elementor-size-default\">Qui suis-je ?<\/h2>\t\t\t\t<\/div>\n\t\t\t\t<div class=\"elementor-element elementor-element-8ed8c13 elementor-widget elementor-widget-text-editor\" data-id=\"8ed8c13\" data-element_type=\"widget\" data-widget_type=\"text-editor.default\">\n\t\t\t\t\t\t\t\t\t<p>Je m&rsquo;appelle Dubois L\u00e9a, titulaire d\u2019un master en marketing et communication digitale et passionn\u00e9e par la communication visuelle.C\u2019est ce qui m\u2019a pouss\u00e9e \u00e0 entreprendre une formation d\u2019infographiste metteur en page, afin de ma\u00eetriser les outils Adobe et de donner forme \u00e0 mes id\u00e9es de mani\u00e8re cr\u00e9ative et impactante.<\/p>\t\t\t\t\t\t\t\t<\/div>\n\t\t\t\t<\/div>\n\t\t<div class=\"elementor-element elementor-element-7aec5d3 e-con-full e-flex e-con e-child\" data-id=\"7aec5d3\" data-element_type=\"container\">\n\t\t\t\t<div class=\"elementor-element elementor-element-a9ed9bf elementor-widget elementor-widget-image\" data-id=\"a9ed9bf\" data-element_type=\"widget\" data-widget_type=\"image.default\">\n\t\t\t\t\t\t\t\t\t\t\t\t\t\t\t<img fetchpriority=\"high\" decoding=\"async\" width=\"529\" height=\"545\" src=\"http:\/\/51.68.119.59\/lea-dubois\/wp-content\/uploads\/2025\/07\/Capture-decran-2025-07-02-151143-e1751462131759.jpg\" class=\"attachment-1536x1536 size-1536x1536 wp-image-120\" alt=\"\" srcset=\"http:\/\/51.68.119.59\/lea-dubois\/wp-content\/uploads\/2025\/07\/Capture-decran-2025-07-02-151143-e1751462131759.jpg 529w, http:\/\/51.68.119.59\/lea-dubois\/wp-content\/uploads\/2025\/07\/Capture-decran-2025-07-02-151143-e1751462131759-291x300.jpg 291w\" sizes=\"(max-width: 529px) 100vw, 529px\" \/>\t\t\t\t\t\t\t\t\t\t\t\t\t\t\t<\/div>\n\t\t\t\t<\/div>\n\t\t\t\t\t<\/div>\n\t\t\t\t<\/div>\n\t\t<div class=\"elementor-element elementor-element-6bd831c e-flex e-con-boxed e-con e-parent\" data-id=\"6bd831c\" data-element_type=\"container\">\n\t\t\t\t\t<div class=\"e-con-inner\">\n\t\t<div class=\"elementor-element elementor-element-39e7b4c e-con-full e-flex e-con e-child\" data-id=\"39e7b4c\" data-element_type=\"container\">\n\t\t\t\t<div class=\"elementor-element elementor-element-9ef80a1 elementor-widget elementor-widget-image\" data-id=\"9ef80a1\" data-element_type=\"widget\" data-widget_type=\"image.default\">\n\t\t\t\t\t\t\t\t\t\t\t\t\t\t\t<img decoding=\"async\" width=\"395\" height=\"351\" src=\"http:\/\/51.68.119.59\/lea-dubois\/wp-content\/uploads\/2025\/07\/ordinateur-e1751464743572.png\" class=\"attachment-large size-large wp-image-123\" alt=\"\" srcset=\"http:\/\/51.68.119.59\/lea-dubois\/wp-content\/uploads\/2025\/07\/ordinateur-e1751464743572.png 395w, http:\/\/51.68.119.59\/lea-dubois\/wp-content\/uploads\/2025\/07\/ordinateur-e1751464743572-300x267.png 300w\" sizes=\"(max-width: 395px) 100vw, 395px\" \/>\t\t\t\t\t\t\t\t\t\t\t\t\t\t\t<\/div>\n\t\t\t\t<\/div>\n\t\t<div class=\"elementor-element elementor-element-34dbb2d e-con-full e-flex e-con e-child\" data-id=\"34dbb2d\" data-element_type=\"container\">\n\t\t\t\t<div class=\"elementor-element elementor-element-c00914b elementor-widget elementor-widget-heading\" data-id=\"c00914b\" data-element_type=\"widget\" data-widget_type=\"heading.default\">\n\t\t\t\t\t<h2 class=\"elementor-heading-title elementor-size-default\">Durant ma formation <\/h2>\t\t\t\t<\/div>\n\t\t<div class=\"elementor-element elementor-element-4687e61 e-con-full e-flex e-con e-child\" data-id=\"4687e61\" data-element_type=\"container\">\n\t\t\t\t<div class=\"elementor-element elementor-element-c29cd00 elementor-widget elementor-widget-text-editor\" data-id=\"c29cd00\" data-element_type=\"widget\" data-widget_type=\"text-editor.default\">\n\t\t\t\t\t\t\t\t\t<p data-start=\"545\" data-end=\"656\">J\u2019ai pu travailler sur des projets concrets et vari\u00e9s dans diff\u00e9rents secteurs :<\/p><ul data-start=\"658\" data-end=\"1073\"><li data-start=\"658\" data-end=\"776\"><p data-start=\"660\" data-end=\"776\"><strong data-start=\"660\" data-end=\"683\">Grande distribution<\/strong> : cr\u00e9ations pour <strong data-start=\"712\" data-end=\"735\">Intermarch\u00e9 Lisieux<\/strong>\u00a0<\/p><\/li><li data-start=\"777\" data-end=\"872\"><p data-start=\"779\" data-end=\"872\"><strong data-start=\"779\" data-end=\"801\">Loisirs &amp; tourisme<\/strong> : communication visuelle pour <strong data-start=\"832\" data-end=\"854\">Bowl Rouen Classic<\/strong> et <strong data-start=\"858\" data-end=\"870\">Nausicaa<\/strong><\/p><\/li><li data-start=\"873\" data-end=\"965\"><p data-start=\"875\" data-end=\"965\"><strong data-start=\"875\" data-end=\"891\">\u00c9v\u00e9nementiel<\/strong> : r\u00e9alisation de supports pour le <strong data-start=\"926\" data-end=\"950\">Festival de la Terre<\/strong>\u00a0<\/p><\/li><li data-start=\"966\" data-end=\"1073\"><p data-start=\"968\" data-end=\"1073\"><b>Infographie annim\u00e9e<\/b> : animation After Effects\u00a0<\/p><\/li><\/ul>\t\t\t\t\t\t\t\t<\/div>\n\t\t\t\t<\/div>\n\t\t\t\t<\/div>\n\t\t\t\t\t<\/div>\n\t\t\t\t<\/div>\n\t\t<div class=\"elementor-element elementor-element-bba9c0d e-flex e-con-boxed e-con e-parent\" data-id=\"bba9c0d\" data-element_type=\"container\">\n\t\t\t\t\t<div class=\"e-con-inner\">\n\t\t<div class=\"elementor-element elementor-element-c0dd510 e-con-full e-flex e-con e-child\" data-id=\"c0dd510\" data-element_type=\"container\">\n\t\t\t\t<div class=\"elementor-element elementor-element-b7124b6 elementor-widget elementor-widget-heading\" data-id=\"b7124b6\" data-element_type=\"widget\" data-widget_type=\"heading.default\">\n\t\t\t\t\t<h2 class=\"elementor-heading-title elementor-size-default\">Les outils<\/h2>\t\t\t\t<\/div>\n\t\t<div class=\"elementor-element elementor-element-d3f8223 e-con-full e-flex e-con e-child\" data-id=\"d3f8223\" data-element_type=\"container\">\n\t\t\t\t<div class=\"elementor-element elementor-element-cf605dc elementor-widget elementor-widget-text-editor\" data-id=\"cf605dc\" data-element_type=\"widget\" data-widget_type=\"text-editor.default\">\n\t\t\t\t\t\t\t\t\t<p data-start=\"1241\" data-end=\"1303\">Je travaille avec les principaux logiciels de la suite Adobe :<\/p><ul data-start=\"1305\" data-end=\"1544\"><li data-start=\"1305\" data-end=\"1346\"><p data-start=\"1307\" data-end=\"1346\"><strong data-start=\"1307\" data-end=\"1320\">Photoshop<\/strong>\u00a0<\/p><\/li><li data-start=\"1347\" data-end=\"1398\"><p data-start=\"1349\" data-end=\"1398\"><strong data-start=\"1349\" data-end=\"1364\">Illustrator<\/strong>\u00a0<\/p><\/li><li data-start=\"1399\" data-end=\"1435\"><p data-start=\"1401\" data-end=\"1435\"><strong data-start=\"1401\" data-end=\"1413\">InDesign<\/strong>\u00a0<\/p><\/li><li data-start=\"1436\" data-end=\"1467\"><p data-start=\"1438\" data-end=\"1467\"><strong data-start=\"1438\" data-end=\"1455\">After Effects<\/strong>\u00a0<\/p><\/li><li data-start=\"1468\" data-end=\"1544\"><p data-start=\"1470\" data-end=\"1544\">Et <strong data-start=\"1473\" data-end=\"1482\">Canva<\/strong>, pour Intermarch\u00e9\u00a0<\/p><\/li><\/ul>\t\t\t\t\t\t\t\t<\/div>\n\t\t\t\t<\/div>\n\t\t\t\t<\/div>\n\t\t<div class=\"elementor-element elementor-element-349c009 e-con-full e-flex e-con e-child\" data-id=\"349c009\" data-element_type=\"container\">\n\t\t\t\t<div class=\"elementor-element elementor-element-5bd8e8b elementor-widget elementor-widget-image\" data-id=\"5bd8e8b\" data-element_type=\"widget\" data-widget_type=\"image.default\">\n\t\t\t\t\t\t\t\t\t\t\t\t\t\t\t<img decoding=\"async\" width=\"818\" height=\"606\" src=\"http:\/\/51.68.119.59\/lea-dubois\/wp-content\/uploads\/2025\/07\/logooutil.png\" class=\"attachment-large size-large wp-image-130\" alt=\"\" srcset=\"http:\/\/51.68.119.59\/lea-dubois\/wp-content\/uploads\/2025\/07\/logooutil.png 818w, http:\/\/51.68.119.59\/lea-dubois\/wp-content\/uploads\/2025\/07\/logooutil-300x222.png 300w, http:\/\/51.68.119.59\/lea-dubois\/wp-content\/uploads\/2025\/07\/logooutil-768x569.png 768w\" sizes=\"(max-width: 818px) 100vw, 818px\" \/>\t\t\t\t\t\t\t\t\t\t\t\t\t\t\t<\/div>\n\t\t\t\t<\/div>\n\t\t\t\t\t<\/div>\n\t\t\t\t<\/div>\n\t\t<div class=\"elementor-element elementor-element-96f5296 e-flex e-con-boxed e-con e-parent\" data-id=\"96f5296\" data-element_type=\"container\">\n\t\t\t\t\t<div class=\"e-con-inner\">\n\t\t\t\t<div class=\"elementor-element elementor-element-064ec36 elementor-widget-divider--view-line elementor-widget elementor-widget-divider\" data-id=\"064ec36\" data-element_type=\"widget\" data-widget_type=\"divider.default\">\n\t\t\t\t\t\t\t<div class=\"elementor-divider\">\n\t\t\t<span class=\"elementor-divider-separator\">\n\t\t\t\t\t\t<\/span>\n\t\t<\/div>\n\t\t\t\t\t\t<\/div>\n\t\t\t\t\t<\/div>\n\t\t\t\t<\/div>\n\t\t\t\t<\/div>\n\t\t","protected":false},"excerpt":{"rendered":"<p>\u2726 \u00c0 propos \u2726 Qui suis-je ? Je m&rsquo;appelle Dubois L\u00e9a, titulaire d\u2019un master en marketing et communication digitale et [&hellip;]<\/p>\n","protected":false},"author":1,"featured_media":0,"parent":0,"menu_order":0,"comment_status":"closed","ping_status":"closed","template":"elementor_header_footer","meta":{"site-sidebar-layout":"no-sidebar","site-content-layout":"","ast-site-content-layout":"full-width-container","site-content-style":"default","site-sidebar-style":"default","ast-global-header-display":"","ast-banner-title-visibility":"","ast-main-header-display":"","ast-hfb-above-header-display":"","ast-hfb-below-header-display":"","ast-hfb-mobile-header-display":"","site-post-title":"disabled","ast-breadcrumbs-content":"","ast-featured-img":"disabled","footer-sml-layout":"","theme-transparent-header-meta":"","adv-header-id-meta":"","stick-header-meta":"","header-above-stick-meta":"","header-main-stick-meta":"","header-below-stick-meta":"","astra-migrate-meta-layouts":"default","ast-page-background-enabled":"default","ast-page-background-meta":{"desktop":{"background-color":"var(--ast-global-color-5)","background-image":"","background-repeat":"repeat","background-position":"center center","background-size":"auto","background-attachment":"scroll","background-type":"","background-media":"","overlay-type":"","overlay-color":"","overlay-opacity":"","overlay-gradient":""},"tablet":{"background-color":"","background-image":"","background-repeat":"repeat","background-position":"center center","background-size":"auto","background-attachment":"scroll","background-type":"","background-media":"","overlay-type":"","overlay-color":"","overlay-opacity":"","overlay-gradient":""},"mobile":{"background-color":"","background-image":"","background-repeat":"repeat","background-position":"center center","background-size":"auto","background-attachment":"scroll","background-type":"","background-media":"","overlay-type":"","overlay-color":"","overlay-opacity":"","overlay-gradient":""}},"ast-content-background-meta":{"desktop":{"background-color":"var(--ast-global-color-4)","background-image":"","background-repeat":"repeat","background-position":"center center","background-size":"auto","background-attachment":"scroll","background-type":"","background-media":"","overlay-type":"","overlay-color":"","overlay-opacity":"","overlay-gradient":""},"tablet":{"background-color":"var(--ast-global-color-4)","background-image":"","background-repeat":"repeat","background-position":"center center","background-size":"auto","background-attachment":"scroll","background-type":"","background-media":"","overlay-type":"","overlay-color":"","overlay-opacity":"","overlay-gradient":""},"mobile":{"background-color":"var(--ast-global-color-4)","background-image":"","background-repeat":"repeat","background-position":"center center","background-size":"auto","background-attachment":"scroll","background-type":"","background-media":"","overlay-type":"","overlay-color":"","overlay-opacity":"","overlay-gradient":""}},"footnotes":""},"class_list":["post-12","page","type-page","status-publish","hentry"],"_links":{"self":[{"href":"http:\/\/51.68.119.59\/lea-dubois\/index.php\/wp-json\/wp\/v2\/pages\/12","targetHints":{"allow":["GET"]}}],"collection":[{"href":"http:\/\/51.68.119.59\/lea-dubois\/index.php\/wp-json\/wp\/v2\/pages"}],"about":[{"href":"http:\/\/51.68.119.59\/lea-dubois\/index.php\/wp-json\/wp\/v2\/types\/page"}],"author":[{"embeddable":true,"href":"http:\/\/51.68.119.59\/lea-dubois\/index.php\/wp-json\/wp\/v2\/users\/1"}],"replies":[{"embeddable":true,"href":"http:\/\/51.68.119.59\/lea-dubois\/index.php\/wp-json\/wp\/v2\/comments?post=12"}],"version-history":[{"count":25,"href":"http:\/\/51.68.119.59\/lea-dubois\/index.php\/wp-json\/wp\/v2\/pages\/12\/revisions"}],"predecessor-version":[{"id":277,"href":"http:\/\/51.68.119.59\/lea-dubois\/index.php\/wp-json\/wp\/v2\/pages\/12\/revisions\/277"}],"wp:attachment":[{"href":"http:\/\/51.68.119.59\/lea-dubois\/index.php\/wp-json\/wp\/v2\/media?parent=12"}],"curies":[{"name":"wp","href":"https:\/\/api.w.org\/{rel}","templated":true}]}}