{"id":101,"date":"2025-04-30T11:36:11","date_gmt":"2025-04-30T09:36:11","guid":{"rendered":"http:\/\/51.68.119.59\/savia\/?page_id=101"},"modified":"2025-08-29T12:33:18","modified_gmt":"2025-08-29T10:33:18","slug":"portfolio-savia","status":"publish","type":"page","link":"http:\/\/51.68.119.59\/savia\/","title":{"rendered":"Accueil"},"content":{"rendered":"\t\t<div data-elementor-type=\"wp-page\" data-elementor-id=\"101\" class=\"elementor elementor-101\">\n\t\t\t\t<div class=\"elementor-element elementor-element-351cf895 animated-slow e-flex e-con-boxed elementor-invisible e-con e-parent\" data-id=\"351cf895\" data-element_type=\"container\" data-settings=\"{&quot;animation&quot;:&quot;fadeIn&quot;,&quot;background_background&quot;:&quot;classic&quot;}\">\n\t\t\t\t\t<div class=\"e-con-inner\">\n\t\t\t\t<div class=\"elementor-element elementor-element-ee72e4e elementor-widget elementor-widget-heading\" data-id=\"ee72e4e\" data-element_type=\"widget\" data-widget_type=\"heading.default\">\n\t\t\t\t<div class=\"elementor-widget-container\">\n\t\t\t\t\t<h2 class=\"elementor-heading-title elementor-size-default\">Bienvenue sur mon portfolio<\/h2>\t\t\t\t<\/div>\n\t\t\t\t<\/div>\n\t\t\t\t<div class=\"elementor-element elementor-element-47ec035 elementor-widget elementor-widget-text-editor\" data-id=\"47ec035\" data-element_type=\"widget\" data-widget_type=\"text-editor.default\">\n\t\t\t\t<div class=\"elementor-widget-container\">\n\t\t\t\t\t\t\t\t\t<p>Graphisme et artisanat d\u2019art : un aper\u00e7u de mon travail et de mon cheminement cr\u00e9atif.<\/p>\t\t\t\t\t\t\t\t<\/div>\n\t\t\t\t<\/div>\n\t\t\t\t\t<\/div>\n\t\t\t\t<\/div>\n\t\t<div class=\"elementor-element elementor-element-2719c842 animated-slow e-flex e-con-boxed elementor-invisible e-con e-parent\" data-id=\"2719c842\" data-element_type=\"container\" data-settings=\"{&quot;animation&quot;:&quot;fadeIn&quot;}\">\n\t\t\t\t\t<div class=\"e-con-inner\">\n\t\t\t\t<div class=\"elementor-element elementor-element-64d413e5 elementor-grid-eael-col-4 elementor-grid-tablet-eael-col-2 elementor-grid-mobile-eael-col-1 elementor-widget elementor-widget-eael-post-grid\" data-id=\"64d413e5\" data-element_type=\"widget\" data-settings=\"{&quot;eael_post_grid_columns&quot;:&quot;eael-col-4&quot;,&quot;eael_post_grid_columns_tablet&quot;:&quot;eael-col-2&quot;,&quot;eael_post_grid_columns_mobile&quot;:&quot;eael-col-1&quot;}\" data-widget_type=\"eael-post-grid.default\">\n\t\t\t\t<div class=\"elementor-widget-container\">\n\t\t\t\t\t<div id=\"eael-post-grid-64d413e5\" class=\"eael-post-grid-container\">\n            <div class=\"eael-post-grid eael-post-appender eael-post-appender-64d413e5 eael-post-grid-style-one\" data-layout-mode=\"grid\"><article class=\"eael-grid-post eael-post-grid-column\" data-id=\"364\">\n        <div class=\"eael-grid-post-holder\">\n            <div class=\"eael-grid-post-holder-inner\"><div class=\"eael-entry-media\"><div class=\"eael-entry-overlay fade-in\"><i class=\"fas fa-long-arrow-alt-right\" aria-hidden=\"true\"><\/i><a href=\"http:\/\/51.68.119.59\/savia\/index.php\/2025\/05\/06\/theatre\/\"><\/a><\/div><div class=\"eael-entry-thumbnail eael-image-ratio\">\n                <img fetchpriority=\"high\" decoding=\"async\" width=\"300\" height=\"169\" src=\"http:\/\/51.68.119.59\/savia\/wp-content\/uploads\/2025\/04\/c-p1150092-300x169.jpg\" class=\"attachment-medium size-medium wp-image-97\" alt=\"\" srcset=\"http:\/\/51.68.119.59\/savia\/wp-content\/uploads\/2025\/04\/c-p1150092-300x169.jpg 300w, http:\/\/51.68.119.59\/savia\/wp-content\/uploads\/2025\/04\/c-p1150092-1024x577.jpg 1024w, http:\/\/51.68.119.59\/savia\/wp-content\/uploads\/2025\/04\/c-p1150092-768x433.jpg 768w, http:\/\/51.68.119.59\/savia\/wp-content\/uploads\/2025\/04\/c-p1150092.jpg 1200w\" sizes=\"(max-width: 300px) 100vw, 300px\" \/>\n            <\/div>\n        <\/div><div class=\"eael-entry-wrapper\"><header class=\"eael-entry-header\"><p class=\"eael-entry-title\"><a\n                        class=\"eael-grid-post-link\"\n                        href=\"http:\/\/51.68.119.59\/savia\/index.php\/2025\/05\/06\/theatre\/\"\n                        title=\"Th\u00e9\u00e2tre\">Th\u00e9\u00e2tre<\/a><\/p><\/header><\/div><\/div>\n        <\/div>\n    <\/article><article class=\"eael-grid-post eael-post-grid-column\" data-id=\"259\">\n        <div class=\"eael-grid-post-holder\">\n            <div class=\"eael-grid-post-holder-inner\"><div class=\"eael-entry-media\"><div class=\"eael-entry-overlay fade-in\"><i class=\"fas fa-long-arrow-alt-right\" aria-hidden=\"true\"><\/i><a href=\"http:\/\/51.68.119.59\/savia\/index.php\/2025\/05\/05\/television\/\"><\/a><\/div><div class=\"eael-entry-thumbnail eael-image-ratio\">\n                <img decoding=\"async\" width=\"300\" height=\"169\" src=\"http:\/\/51.68.119.59\/savia\/wp-content\/uploads\/2025\/05\/Capture-decran-2024-03-04-a-23.36.24-300x169.png\" class=\"attachment-medium size-medium wp-image-263\" alt=\"\" srcset=\"http:\/\/51.68.119.59\/savia\/wp-content\/uploads\/2025\/05\/Capture-decran-2024-03-04-a-23.36.24-300x169.png 300w, http:\/\/51.68.119.59\/savia\/wp-content\/uploads\/2025\/05\/Capture-decran-2024-03-04-a-23.36.24.png 635w\" sizes=\"(max-width: 300px) 100vw, 300px\" \/>\n            <\/div>\n        <\/div><div class=\"eael-entry-wrapper\"><header class=\"eael-entry-header\"><p class=\"eael-entry-title\"><a\n                        class=\"eael-grid-post-link\"\n                        href=\"http:\/\/51.68.119.59\/savia\/index.php\/2025\/05\/05\/television\/\"\n                        title=\"T\u00e9l\u00e9visions\">T\u00e9l\u00e9visions<\/a><\/p><\/header><\/div><\/div>\n        <\/div>\n    <\/article><article class=\"eael-grid-post eael-post-grid-column\" data-id=\"376\">\n        <div class=\"eael-grid-post-holder\">\n            <div class=\"eael-grid-post-holder-inner\"><div class=\"eael-entry-media\"><div class=\"eael-entry-overlay fade-in\"><i class=\"fas fa-long-arrow-alt-right\" aria-hidden=\"true\"><\/i><a href=\"http:\/\/51.68.119.59\/savia\/index.php\/2025\/05\/06\/tapissier-garnisseur\/\"><\/a><\/div><div class=\"eael-entry-thumbnail eael-image-ratio\">\n                <img decoding=\"async\" width=\"300\" height=\"169\" src=\"http:\/\/51.68.119.59\/savia\/wp-content\/uploads\/2025\/04\/t-p1130055-300x169.jpg\" class=\"attachment-medium size-medium wp-image-76\" alt=\"\" srcset=\"http:\/\/51.68.119.59\/savia\/wp-content\/uploads\/2025\/04\/t-p1130055-300x169.jpg 300w, http:\/\/51.68.119.59\/savia\/wp-content\/uploads\/2025\/04\/t-p1130055-1024x576.jpg 1024w, http:\/\/51.68.119.59\/savia\/wp-content\/uploads\/2025\/04\/t-p1130055-768x432.jpg 768w, http:\/\/51.68.119.59\/savia\/wp-content\/uploads\/2025\/04\/t-p1130055.jpg 1200w\" sizes=\"(max-width: 300px) 100vw, 300px\" \/>\n            <\/div>\n        <\/div><div class=\"eael-entry-wrapper\"><header class=\"eael-entry-header\"><p class=\"eael-entry-title\"><a\n                        class=\"eael-grid-post-link\"\n                        href=\"http:\/\/51.68.119.59\/savia\/index.php\/2025\/05\/06\/tapissier-garnisseur\/\"\n                        title=\"Tapisserie d&rsquo;ameublement\">Tapisserie d&rsquo;ameublement<\/a><\/p><\/header><\/div><\/div>\n        <\/div>\n    <\/article><article class=\"eael-grid-post eael-post-grid-column\" data-id=\"234\">\n        <div class=\"eael-grid-post-holder\">\n            <div class=\"eael-grid-post-holder-inner\"><div class=\"eael-entry-media\"><div class=\"eael-entry-overlay fade-in\"><i class=\"fas fa-long-arrow-alt-right\" aria-hidden=\"true\"><\/i><a href=\"http:\/\/51.68.119.59\/savia\/index.php\/2025\/05\/05\/web\/\"><\/a><\/div><div class=\"eael-entry-thumbnail eael-image-ratio\">\n                <img loading=\"lazy\" decoding=\"async\" width=\"300\" height=\"213\" src=\"http:\/\/51.68.119.59\/savia\/wp-content\/uploads\/2025\/04\/g-dirno-abaquesne-_02-300x213.jpg\" class=\"attachment-medium size-medium wp-image-48\" alt=\"\" srcset=\"http:\/\/51.68.119.59\/savia\/wp-content\/uploads\/2025\/04\/g-dirno-abaquesne-_02-300x213.jpg 300w, http:\/\/51.68.119.59\/savia\/wp-content\/uploads\/2025\/04\/g-dirno-abaquesne-_02-1024x728.jpg 1024w, http:\/\/51.68.119.59\/savia\/wp-content\/uploads\/2025\/04\/g-dirno-abaquesne-_02-768x546.jpg 768w, http:\/\/51.68.119.59\/savia\/wp-content\/uploads\/2025\/04\/g-dirno-abaquesne-_02-1536x1092.jpg 1536w, http:\/\/51.68.119.59\/savia\/wp-content\/uploads\/2025\/04\/g-dirno-abaquesne-_02-2048x1456.jpg 2048w\" sizes=\"(max-width: 300px) 100vw, 300px\" \/>\n            <\/div>\n        <\/div><div class=\"eael-entry-wrapper\"><header class=\"eael-entry-header\"><p class=\"eael-entry-title\"><a\n                        class=\"eael-grid-post-link\"\n                        href=\"http:\/\/51.68.119.59\/savia\/index.php\/2025\/05\/05\/web\/\"\n                        title=\"Print\">Print<\/a><\/p><\/header><\/div><\/div>\n        <\/div>\n    <\/article><\/div>\n            <div class=\"clearfix\"><\/div>\n        <\/div>            <div class=\"eael-load-more-button-wrap eael-force-hide\">\n                <button class=\"eael-load-more-button\" id=\"eael-load-more-btn-64d413e5\" data-widget-id=\"64d413e5\" data-widget=\"64d413e5\" data-page-id=\"101\" data-template=\"{&quot;dir&quot;:&quot;lite&quot;,&quot;file_name&quot;:&quot;default.php&quot;,&quot;name&quot;:&quot;Post-Grid&quot;}\" data-class=\"Essential_Addons_Elementor\\Elements\\Post_Grid\" data-layout=\"grid\" data-page=\"1\" data-args=\"orderby=title&amp;order=desc&amp;ignore_sticky_posts=1&amp;post_status=publish&amp;posts_per_page=4&amp;offset=0&amp;post_type=post&amp;tax_query%5B0%5D%5Btaxonomy%5D=category&amp;tax_query%5B0%5D%5Bfield%5D=term_id&amp;tax_query%5B0%5D%5Bterms%5D%5B0%5D=6&amp;tax_query%5B0%5D%5Bterms%5D%5B1%5D=8&amp;tax_query%5B0%5D%5Bterms%5D%5B2%5D=10&amp;tax_query%5B0%5D%5Bterms%5D%5B3%5D=11&amp;tax_query%5Brelation%5D=AND\" data-max-page=\"2\">\n                    <span class=\"eael-btn-loader button__loader\"><\/span>\n                    <span class=\"eael_load_more_text\">Load More<\/span>\n                <\/button>\n            <\/div>\n            \t\t\t\t<\/div>\n\t\t\t\t<\/div>\n\t\t\t\t\t<\/div>\n\t\t\t\t<\/div>\n\t\t<div class=\"elementor-element elementor-element-bdf6d2c e-con-full e-flex e-con e-parent\" data-id=\"bdf6d2c\" data-element_type=\"container\">\n\t\t\t\t<div class=\"elementor-element elementor-element-3ba1bbd elementor-widget elementor-widget-heading\" data-id=\"3ba1bbd\" data-element_type=\"widget\" data-widget_type=\"heading.default\">\n\t\t\t\t<div class=\"elementor-widget-container\">\n\t\t\t\t\t<h3 class=\"elementor-heading-title elementor-size-default\">Mes coups de coeur<\/h3>\t\t\t\t<\/div>\n\t\t\t\t<\/div>\n\t\t\t\t<\/div>\n\t\t<div class=\"elementor-element elementor-element-3ec8808 e-flex e-con-boxed e-con e-parent\" data-id=\"3ec8808\" data-element_type=\"container\" data-settings=\"{&quot;background_background&quot;:&quot;classic&quot;,&quot;animation&quot;:&quot;none&quot;}\">\n\t\t\t\t\t<div class=\"e-con-inner\">\n\t\t<div class=\"elementor-element elementor-element-5aa52a9 e-con-full e-flex e-con e-child\" data-id=\"5aa52a9\" data-element_type=\"container\">\n\t\t\t\t<div class=\"elementor-element elementor-element-09e96b9 elementor-widget__width-initial animated-fast elementor-position-top elementor-invisible elementor-widget elementor-widget-image-box\" data-id=\"09e96b9\" data-element_type=\"widget\" data-settings=\"{&quot;_animation&quot;:&quot;fadeInLeft&quot;}\" data-widget_type=\"image-box.default\">\n\t\t\t\t<div class=\"elementor-widget-container\">\n\t\t\t\t\t<div class=\"elementor-image-box-wrapper\"><figure class=\"elementor-image-box-img\"><a href=\"https:\/\/fabiennepicaud.com\/\" target=\"_blank\" tabindex=\"-1\"><img loading=\"lazy\" decoding=\"async\" width=\"300\" height=\"185\" src=\"http:\/\/51.68.119.59\/savia\/wp-content\/uploads\/2025\/05\/fabiennepicaut-300x185.png\" class=\"attachment-medium size-medium wp-image-909\" alt=\"\" srcset=\"http:\/\/51.68.119.59\/savia\/wp-content\/uploads\/2025\/05\/fabiennepicaut-300x185.png 300w, http:\/\/51.68.119.59\/savia\/wp-content\/uploads\/2025\/05\/fabiennepicaut.png 520w\" sizes=\"(max-width: 300px) 100vw, 300px\" \/><\/a><\/figure><div class=\"elementor-image-box-content\"><h3 class=\"elementor-image-box-title\"><a href=\"https:\/\/fabiennepicaud.com\/\" target=\"_blank\">Fabienne Picaud<\/a><\/h3><p class=\"elementor-image-box-description\">Verre, et structures<\/p><\/div><\/div>\t\t\t\t<\/div>\n\t\t\t\t<\/div>\n\t\t\t\t<\/div>\n\t\t<div class=\"elementor-element elementor-element-99a783b e-con-full e-flex e-con e-child\" data-id=\"99a783b\" data-element_type=\"container\">\n\t\t\t\t<div class=\"elementor-element elementor-element-54a64b7 elementor-widget__width-initial animated-fast elementor-position-top elementor-invisible elementor-widget elementor-widget-image-box\" data-id=\"54a64b7\" data-element_type=\"widget\" data-settings=\"{&quot;_animation&quot;:&quot;fadeInLeft&quot;}\" data-widget_type=\"image-box.default\">\n\t\t\t\t<div class=\"elementor-widget-container\">\n\t\t\t\t\t<div class=\"elementor-image-box-wrapper\"><figure class=\"elementor-image-box-img\"><a href=\"https:\/\/satis-expo.com\/fr\/le-salon\/\" target=\"_blank\" tabindex=\"-1\"><img loading=\"lazy\" decoding=\"async\" width=\"300\" height=\"200\" src=\"http:\/\/51.68.119.59\/savia\/wp-content\/uploads\/2025\/05\/satis-300x200.jpg\" class=\"attachment-medium size-medium wp-image-1030\" alt=\"\" srcset=\"http:\/\/51.68.119.59\/savia\/wp-content\/uploads\/2025\/05\/satis-300x200.jpg 300w, http:\/\/51.68.119.59\/savia\/wp-content\/uploads\/2025\/05\/satis-1024x683.jpg 1024w, http:\/\/51.68.119.59\/savia\/wp-content\/uploads\/2025\/05\/satis-768x512.jpg 768w, http:\/\/51.68.119.59\/savia\/wp-content\/uploads\/2025\/05\/satis-1536x1024.jpg 1536w, http:\/\/51.68.119.59\/savia\/wp-content\/uploads\/2025\/05\/satis-2048x1366.jpg 2048w\" sizes=\"(max-width: 300px) 100vw, 300px\" \/><\/a><\/figure><div class=\"elementor-image-box-content\"><h3 class=\"elementor-image-box-title\"><a href=\"https:\/\/satis-expo.com\/fr\/le-salon\/\" target=\"_blank\">Salon Audiovisuel<\/a><\/h3><p class=\"elementor-image-box-description\">Le rendez-vous des professionnels<\/p><\/div><\/div>\t\t\t\t<\/div>\n\t\t\t\t<\/div>\n\t\t\t\t<\/div>\n\t\t<div class=\"elementor-element elementor-element-c7015d9 e-con-full e-flex e-con e-child\" data-id=\"c7015d9\" data-element_type=\"container\">\n\t\t\t\t<div class=\"elementor-element elementor-element-a2ce587 elementor-widget__width-initial animated-fast elementor-position-top elementor-invisible elementor-widget elementor-widget-image-box\" data-id=\"a2ce587\" data-element_type=\"widget\" data-settings=\"{&quot;_animation&quot;:&quot;fadeInRight&quot;}\" data-widget_type=\"image-box.default\">\n\t\t\t\t<div class=\"elementor-widget-container\">\n\t\t\t\t\t<div class=\"elementor-image-box-wrapper\"><figure class=\"elementor-image-box-img\"><a href=\"https:\/\/www.revelations-grandpalais.com\/exposant\/valerie-colas-des-francs\/\" target=\"_blank\" tabindex=\"-1\"><img loading=\"lazy\" decoding=\"async\" width=\"300\" height=\"200\" src=\"http:\/\/51.68.119.59\/savia\/wp-content\/uploads\/2025\/05\/valeriecolasdesfrancs-2-300x200.jpg\" class=\"attachment-medium size-medium wp-image-889\" alt=\"\" srcset=\"http:\/\/51.68.119.59\/savia\/wp-content\/uploads\/2025\/05\/valeriecolasdesfrancs-2-300x200.jpg 300w, http:\/\/51.68.119.59\/savia\/wp-content\/uploads\/2025\/05\/valeriecolasdesfrancs-2-768x511.jpg 768w, http:\/\/51.68.119.59\/savia\/wp-content\/uploads\/2025\/05\/valeriecolasdesfrancs-2.jpg 901w\" sizes=\"(max-width: 300px) 100vw, 300px\" \/><\/a><\/figure><div class=\"elementor-image-box-content\"><h3 class=\"elementor-image-box-title\"><a href=\"https:\/\/www.revelations-grandpalais.com\/exposant\/valerie-colas-des-francs\/\" target=\"_blank\">R\u00e9v\u00e9lations<\/a><\/h3><p class=\"elementor-image-box-description\">Biennale\nInternationale\nM\u00e9tiers d'Art\net Cr\u00e9ation<\/p><\/div><\/div>\t\t\t\t<\/div>\n\t\t\t\t<\/div>\n\t\t\t\t<\/div>\n\t\t\t\t\t<\/div>\n\t\t\t\t<\/div>\n\t\t\t\t<\/div>\n\t\t","protected":false},"excerpt":{"rendered":"<p>Bienvenue sur mon portfolio Graphisme et artisanat d\u2019art : un aper\u00e7u de mon travail et de mon cheminement cr\u00e9atif. Th\u00e9\u00e2tre [&hellip;]<\/p>\n","protected":false},"author":1,"featured_media":0,"parent":0,"menu_order":0,"comment_status":"closed","ping_status":"closed","template":"","meta":{"site-sidebar-layout":"no-sidebar","site-content-layout":"","ast-site-content-layout":"full-width-container","site-content-style":"default","site-sidebar-style":"default","ast-global-header-display":"","ast-banner-title-visibility":"","ast-main-header-display":"","ast-hfb-above-header-display":"","ast-hfb-below-header-display":"","ast-hfb-mobile-header-display":"","site-post-title":"disabled","ast-breadcrumbs-content":"","ast-featured-img":"disabled","footer-sml-layout":"","theme-transparent-header-meta":"","adv-header-id-meta":"","stick-header-meta":"","header-above-stick-meta":"","header-main-stick-meta":"","header-below-stick-meta":"","astra-migrate-meta-layouts":"default","ast-page-background-enabled":"default","ast-page-background-meta":{"desktop":{"background-color":"var(--ast-global-color-5)","background-image":"","background-repeat":"repeat","background-position":"center center","background-size":"auto","background-attachment":"scroll","background-type":"","background-media":"","overlay-type":"","overlay-color":"","overlay-opacity":"","overlay-gradient":""},"tablet":{"background-color":"","background-image":"","background-repeat":"repeat","background-position":"center center","background-size":"auto","background-attachment":"scroll","background-type":"","background-media":"","overlay-type":"","overlay-color":"","overlay-opacity":"","overlay-gradient":""},"mobile":{"background-color":"","background-image":"","background-repeat":"repeat","background-position":"center center","background-size":"auto","background-attachment":"scroll","background-type":"","background-media":"","overlay-type":"","overlay-color":"","overlay-opacity":"","overlay-gradient":""}},"ast-content-background-meta":{"desktop":{"background-color":"var(--ast-global-color-4)","background-image":"","background-repeat":"repeat","background-position":"center center","background-size":"auto","background-attachment":"scroll","background-type":"","background-media":"","overlay-type":"","overlay-color":"","overlay-opacity":"","overlay-gradient":""},"tablet":{"background-color":"var(--ast-global-color-4)","background-image":"","background-repeat":"repeat","background-position":"center center","background-size":"auto","background-attachment":"scroll","background-type":"","background-media":"","overlay-type":"","overlay-color":"","overlay-opacity":"","overlay-gradient":""},"mobile":{"background-color":"var(--ast-global-color-4)","background-image":"","background-repeat":"repeat","background-position":"center center","background-size":"auto","background-attachment":"scroll","background-type":"","background-media":"","overlay-type":"","overlay-color":"","overlay-opacity":"","overlay-gradient":""}},"footnotes":""},"class_list":["post-101","page","type-page","status-publish","hentry"],"_links":{"self":[{"href":"http:\/\/51.68.119.59\/savia\/index.php\/wp-json\/wp\/v2\/pages\/101","targetHints":{"allow":["GET"]}}],"collection":[{"href":"http:\/\/51.68.119.59\/savia\/index.php\/wp-json\/wp\/v2\/pages"}],"about":[{"href":"http:\/\/51.68.119.59\/savia\/index.php\/wp-json\/wp\/v2\/types\/page"}],"author":[{"embeddable":true,"href":"http:\/\/51.68.119.59\/savia\/index.php\/wp-json\/wp\/v2\/users\/1"}],"replies":[{"embeddable":true,"href":"http:\/\/51.68.119.59\/savia\/index.php\/wp-json\/wp\/v2\/comments?post=101"}],"version-history":[{"count":167,"href":"http:\/\/51.68.119.59\/savia\/index.php\/wp-json\/wp\/v2\/pages\/101\/revisions"}],"predecessor-version":[{"id":1303,"href":"http:\/\/51.68.119.59\/savia\/index.php\/wp-json\/wp\/v2\/pages\/101\/revisions\/1303"}],"wp:attachment":[{"href":"http:\/\/51.68.119.59\/savia\/index.php\/wp-json\/wp\/v2\/media?parent=101"}],"curies":[{"name":"wp","href":"https:\/\/api.w.org\/{rel}","templated":true}]}}