{"id":106,"date":"2025-04-30T11:37:10","date_gmt":"2025-04-30T09:37:10","guid":{"rendered":"http:\/\/51.68.119.59\/savia\/?page_id=106"},"modified":"2025-05-11T18:19:54","modified_gmt":"2025-05-11T16:19:54","slug":"graphisme","status":"publish","type":"page","link":"http:\/\/51.68.119.59\/savia\/index.php\/graphisme\/","title":{"rendered":"Graphisme"},"content":{"rendered":"\t\t<div data-elementor-type=\"wp-page\" data-elementor-id=\"106\" class=\"elementor elementor-106\">\n\t\t\t\t<div class=\"elementor-element elementor-element-fb6d56f e-flex e-con-boxed e-con e-parent\" data-id=\"fb6d56f\" data-element_type=\"container\">\n\t\t\t\t\t<div class=\"e-con-inner\">\n\t\t\t\t<div class=\"elementor-element elementor-element-9df279e elementor-widget elementor-widget-heading\" data-id=\"9df279e\" data-element_type=\"widget\" data-widget_type=\"heading.default\">\n\t\t\t\t<div class=\"elementor-widget-container\">\n\t\t\t\t\t<h2 class=\"elementor-heading-title elementor-size-default\">Graphisme<\/h2>\t\t\t\t<\/div>\n\t\t\t\t<\/div>\n\t\t\t\t<div class=\"elementor-element elementor-element-93c50e1 elementor-widget elementor-widget-text-editor\" data-id=\"93c50e1\" data-element_type=\"widget\" data-widget_type=\"text-editor.default\">\n\t\t\t\t<div class=\"elementor-widget-container\">\n\t\t\t\t\t\t\t\t\t<p>Ce portfolio pr\u00e9sente des projets vari\u00e9s con\u00e7us pour le <em>print,<\/em> le web et la t\u00e9l\u00e9vision. Chaque cr\u00e9ation a \u00e9t\u00e9 pens\u00e9e pour r\u00e9pondre \u00e0 des besoins pr\u00e9cis, en respectant des contraintes techniques et esth\u00e9tiques. Mon travail s\u2019appuie sur l\u2019\u00e9coute, l\u2019analyse et la recherche de solutions graphiques claires et efficaces.projets graphiques : print, web, TV (class\u00e9s par type)<\/p>\t\t\t\t\t\t\t\t<\/div>\n\t\t\t\t<\/div>\n\t\t\t\t\t<\/div>\n\t\t\t\t<\/div>\n\t\t<div class=\"elementor-element elementor-element-6a1d2ee e-flex e-con-boxed e-con e-parent\" data-id=\"6a1d2ee\" data-element_type=\"container\">\n\t\t\t\t\t<div class=\"e-con-inner\">\n\t\t\t\t<div class=\"elementor-element elementor-element-e476638 elementor-grid-eael-col-4 elementor-grid-tablet-eael-col-2 elementor-grid-mobile-eael-col-1 elementor-widget elementor-widget-eael-post-grid\" data-id=\"e476638\" data-element_type=\"widget\" data-settings=\"{&quot;eael_post_grid_columns&quot;:&quot;eael-col-4&quot;,&quot;eael_post_grid_columns_tablet&quot;:&quot;eael-col-2&quot;,&quot;eael_post_grid_columns_mobile&quot;:&quot;eael-col-1&quot;}\" data-widget_type=\"eael-post-grid.default\">\n\t\t\t\t<div class=\"elementor-widget-container\">\n\t\t\t\t\t<div id=\"eael-post-grid-e476638\" class=\"eael-post-grid-container\">\n            <div class=\"eael-post-grid eael-post-appender eael-post-appender-e476638 eael-post-grid-style-one\" data-layout-mode=\"grid\"><article class=\"eael-grid-post eael-post-grid-column\" data-id=\"253\">\n        <div class=\"eael-grid-post-holder\">\n            <div class=\"eael-grid-post-holder-inner\"><div class=\"eael-entry-media\"><div class=\"eael-entry-overlay fade-in\"><i class=\"fas fa-long-arrow-alt-right\" aria-hidden=\"true\"><\/i><a href=\"http:\/\/51.68.119.59\/savia\/index.php\/2025\/05\/05\/web-2\/\"><\/a><\/div><div class=\"eael-entry-thumbnail eael-image-ratio\">\n                <img fetchpriority=\"high\" decoding=\"async\" width=\"300\" height=\"225\" src=\"http:\/\/51.68.119.59\/savia\/wp-content\/uploads\/2025\/04\/stv-site-meteo-300x225.jpg\" class=\"attachment-medium size-medium wp-image-45\" alt=\"\" srcset=\"http:\/\/51.68.119.59\/savia\/wp-content\/uploads\/2025\/04\/stv-site-meteo-300x225.jpg 300w, http:\/\/51.68.119.59\/savia\/wp-content\/uploads\/2025\/04\/stv-site-meteo-768x576.jpg 768w, http:\/\/51.68.119.59\/savia\/wp-content\/uploads\/2025\/04\/stv-site-meteo.jpg 800w\" sizes=\"(max-width: 300px) 100vw, 300px\" \/>\n            <\/div>\n        <\/div><div class=\"eael-entry-wrapper\"><header class=\"eael-entry-header\"><h2 class=\"eael-entry-title\"><a\n                        class=\"eael-grid-post-link\"\n                        href=\"http:\/\/51.68.119.59\/savia\/index.php\/2025\/05\/05\/web-2\/\"\n                        title=\"Web\">Web<\/a><\/h2><\/header><\/div><\/div>\n        <\/div>\n    <\/article><article class=\"eael-grid-post eael-post-grid-column\" data-id=\"259\">\n        <div class=\"eael-grid-post-holder\">\n            <div class=\"eael-grid-post-holder-inner\"><div class=\"eael-entry-media\"><div class=\"eael-entry-overlay fade-in\"><i class=\"fas fa-long-arrow-alt-right\" aria-hidden=\"true\"><\/i><a href=\"http:\/\/51.68.119.59\/savia\/index.php\/2025\/05\/05\/television\/\"><\/a><\/div><div class=\"eael-entry-thumbnail eael-image-ratio\">\n                <img decoding=\"async\" width=\"300\" height=\"169\" src=\"http:\/\/51.68.119.59\/savia\/wp-content\/uploads\/2025\/05\/Capture-decran-2024-03-04-a-23.36.24-300x169.png\" class=\"attachment-medium size-medium wp-image-263\" alt=\"\" srcset=\"http:\/\/51.68.119.59\/savia\/wp-content\/uploads\/2025\/05\/Capture-decran-2024-03-04-a-23.36.24-300x169.png 300w, http:\/\/51.68.119.59\/savia\/wp-content\/uploads\/2025\/05\/Capture-decran-2024-03-04-a-23.36.24.png 635w\" sizes=\"(max-width: 300px) 100vw, 300px\" \/>\n            <\/div>\n        <\/div><div class=\"eael-entry-wrapper\"><header class=\"eael-entry-header\"><h2 class=\"eael-entry-title\"><a\n                        class=\"eael-grid-post-link\"\n                        href=\"http:\/\/51.68.119.59\/savia\/index.php\/2025\/05\/05\/television\/\"\n                        title=\"T\u00e9l\u00e9visions\">T\u00e9l\u00e9visions<\/a><\/h2><\/header><\/div><\/div>\n        <\/div>\n    <\/article><article class=\"eael-grid-post eael-post-grid-column\" data-id=\"234\">\n        <div class=\"eael-grid-post-holder\">\n            <div class=\"eael-grid-post-holder-inner\"><div class=\"eael-entry-media\"><div class=\"eael-entry-overlay fade-in\"><i class=\"fas fa-long-arrow-alt-right\" aria-hidden=\"true\"><\/i><a href=\"http:\/\/51.68.119.59\/savia\/index.php\/2025\/05\/05\/web\/\"><\/a><\/div><div class=\"eael-entry-thumbnail eael-image-ratio\">\n                <img decoding=\"async\" width=\"300\" height=\"213\" src=\"http:\/\/51.68.119.59\/savia\/wp-content\/uploads\/2025\/04\/g-dirno-abaquesne-_02-300x213.jpg\" class=\"attachment-medium size-medium wp-image-48\" alt=\"\" srcset=\"http:\/\/51.68.119.59\/savia\/wp-content\/uploads\/2025\/04\/g-dirno-abaquesne-_02-300x213.jpg 300w, http:\/\/51.68.119.59\/savia\/wp-content\/uploads\/2025\/04\/g-dirno-abaquesne-_02-1024x728.jpg 1024w, http:\/\/51.68.119.59\/savia\/wp-content\/uploads\/2025\/04\/g-dirno-abaquesne-_02-768x546.jpg 768w, http:\/\/51.68.119.59\/savia\/wp-content\/uploads\/2025\/04\/g-dirno-abaquesne-_02-1536x1092.jpg 1536w, http:\/\/51.68.119.59\/savia\/wp-content\/uploads\/2025\/04\/g-dirno-abaquesne-_02-2048x1456.jpg 2048w\" sizes=\"(max-width: 300px) 100vw, 300px\" \/>\n            <\/div>\n        <\/div><div class=\"eael-entry-wrapper\"><header class=\"eael-entry-header\"><h2 class=\"eael-entry-title\"><a\n                        class=\"eael-grid-post-link\"\n                        href=\"http:\/\/51.68.119.59\/savia\/index.php\/2025\/05\/05\/web\/\"\n                        title=\"Print\">Print<\/a><\/h2><\/header><\/div><\/div>\n        <\/div>\n    <\/article><article class=\"eael-grid-post eael-post-grid-column\" data-id=\"321\">\n        <div class=\"eael-grid-post-holder\">\n            <div class=\"eael-grid-post-holder-inner\"><div class=\"eael-entry-media\"><div class=\"eael-entry-overlay fade-in\"><i class=\"fas fa-long-arrow-alt-right\" aria-hidden=\"true\"><\/i><a href=\"http:\/\/51.68.119.59\/savia\/index.php\/2025\/05\/05\/logo\/\"><\/a><\/div><div class=\"eael-entry-thumbnail eael-image-ratio\">\n                <img loading=\"lazy\" decoding=\"async\" width=\"300\" height=\"167\" src=\"http:\/\/51.68.119.59\/savia\/wp-content\/uploads\/2025\/05\/logo2jpg-300x167.jpg\" class=\"attachment-medium size-medium wp-image-630\" alt=\"\" srcset=\"http:\/\/51.68.119.59\/savia\/wp-content\/uploads\/2025\/05\/logo2jpg-300x167.jpg 300w, http:\/\/51.68.119.59\/savia\/wp-content\/uploads\/2025\/05\/logo2jpg-768x427.jpg 768w, http:\/\/51.68.119.59\/savia\/wp-content\/uploads\/2025\/05\/logo2jpg.jpg 900w\" sizes=\"(max-width: 300px) 100vw, 300px\" \/>\n            <\/div>\n        <\/div><div class=\"eael-entry-wrapper\"><header class=\"eael-entry-header\"><h2 class=\"eael-entry-title\"><a\n                        class=\"eael-grid-post-link\"\n                        href=\"http:\/\/51.68.119.59\/savia\/index.php\/2025\/05\/05\/logo\/\"\n                        title=\"Logo\">Logo<\/a><\/h2><\/header><\/div><\/div>\n        <\/div>\n    <\/article><\/div>\n            <div class=\"clearfix\"><\/div>\n        <\/div>\t\t\t\t<\/div>\n\t\t\t\t<\/div>\n\t\t\t\t\t<\/div>\n\t\t\t\t<\/div>\n\t\t\t\t<\/div>\n\t\t","protected":false},"excerpt":{"rendered":"<p>Graphisme Ce portfolio pr\u00e9sente des projets vari\u00e9s con\u00e7us pour le print, le web et la t\u00e9l\u00e9vision. Chaque cr\u00e9ation a \u00e9t\u00e9 [&hellip;]<\/p>\n","protected":false},"author":1,"featured_media":0,"parent":0,"menu_order":0,"comment_status":"closed","ping_status":"closed","template":"","meta":{"site-sidebar-layout":"no-sidebar","site-content-layout":"","ast-site-content-layout":"full-width-container","site-content-style":"default","site-sidebar-style":"default","ast-global-header-display":"","ast-banner-title-visibility":"","ast-main-header-display":"","ast-hfb-above-header-display":"","ast-hfb-below-header-display":"","ast-hfb-mobile-header-display":"","site-post-title":"disabled","ast-breadcrumbs-content":"","ast-featured-img":"disabled","footer-sml-layout":"","theme-transparent-header-meta":"","adv-header-id-meta":"","stick-header-meta":"","header-above-stick-meta":"","header-main-stick-meta":"","header-below-stick-meta":"","astra-migrate-meta-layouts":"default","ast-page-background-enabled":"default","ast-page-background-meta":{"desktop":{"background-color":"var(--ast-global-color-5)","background-image":"","background-repeat":"repeat","background-position":"center center","background-size":"auto","background-attachment":"scroll","background-type":"","background-media":"","overlay-type":"","overlay-color":"","overlay-opacity":"","overlay-gradient":""},"tablet":{"background-color":"","background-image":"","background-repeat":"repeat","background-position":"center center","background-size":"auto","background-attachment":"scroll","background-type":"","background-media":"","overlay-type":"","overlay-color":"","overlay-opacity":"","overlay-gradient":""},"mobile":{"background-color":"","background-image":"","background-repeat":"repeat","background-position":"center center","background-size":"auto","background-attachment":"scroll","background-type":"","background-media":"","overlay-type":"","overlay-color":"","overlay-opacity":"","overlay-gradient":""}},"ast-content-background-meta":{"desktop":{"background-color":"var(--ast-global-color-4)","background-image":"","background-repeat":"repeat","background-position":"center center","background-size":"auto","background-attachment":"scroll","background-type":"","background-media":"","overlay-type":"","overlay-color":"","overlay-opacity":"","overlay-gradient":""},"tablet":{"background-color":"var(--ast-global-color-4)","background-image":"","background-repeat":"repeat","background-position":"center center","background-size":"auto","background-attachment":"scroll","background-type":"","background-media":"","overlay-type":"","overlay-color":"","overlay-opacity":"","overlay-gradient":""},"mobile":{"background-color":"var(--ast-global-color-4)","background-image":"","background-repeat":"repeat","background-position":"center center","background-size":"auto","background-attachment":"scroll","background-type":"","background-media":"","overlay-type":"","overlay-color":"","overlay-opacity":"","overlay-gradient":""}},"footnotes":""},"class_list":["post-106","page","type-page","status-publish","hentry"],"_links":{"self":[{"href":"http:\/\/51.68.119.59\/savia\/index.php\/wp-json\/wp\/v2\/pages\/106","targetHints":{"allow":["GET"]}}],"collection":[{"href":"http:\/\/51.68.119.59\/savia\/index.php\/wp-json\/wp\/v2\/pages"}],"about":[{"href":"http:\/\/51.68.119.59\/savia\/index.php\/wp-json\/wp\/v2\/types\/page"}],"author":[{"embeddable":true,"href":"http:\/\/51.68.119.59\/savia\/index.php\/wp-json\/wp\/v2\/users\/1"}],"replies":[{"embeddable":true,"href":"http:\/\/51.68.119.59\/savia\/index.php\/wp-json\/wp\/v2\/comments?post=106"}],"version-history":[{"count":50,"href":"http:\/\/51.68.119.59\/savia\/index.php\/wp-json\/wp\/v2\/pages\/106\/revisions"}],"predecessor-version":[{"id":936,"href":"http:\/\/51.68.119.59\/savia\/index.php\/wp-json\/wp\/v2\/pages\/106\/revisions\/936"}],"wp:attachment":[{"href":"http:\/\/51.68.119.59\/savia\/index.php\/wp-json\/wp\/v2\/media?parent=106"}],"curies":[{"name":"wp","href":"https:\/\/api.w.org\/{rel}","templated":true}]}}