{"id":110,"date":"2025-04-30T11:37:36","date_gmt":"2025-04-30T09:37:36","guid":{"rendered":"http:\/\/51.68.119.59\/savia\/?page_id=110"},"modified":"2025-07-07T13:57:48","modified_gmt":"2025-07-07T11:57:48","slug":"metiers-dart","status":"publish","type":"page","link":"http:\/\/51.68.119.59\/savia\/index.php\/metiers-dart\/","title":{"rendered":"M\u00e9tiers d&rsquo;art"},"content":{"rendered":"\t\t<div data-elementor-type=\"wp-page\" data-elementor-id=\"110\" class=\"elementor elementor-110\">\n\t\t\t\t<div class=\"elementor-element elementor-element-242a37dc e-flex e-con-boxed e-con e-parent\" data-id=\"242a37dc\" data-element_type=\"container\">\n\t\t\t\t\t<div class=\"e-con-inner\">\n\t\t\t\t<div class=\"elementor-element elementor-element-2d378a62 elementor-widget elementor-widget-heading\" data-id=\"2d378a62\" data-element_type=\"widget\" data-widget_type=\"heading.default\">\n\t\t\t\t<div class=\"elementor-widget-container\">\n\t\t\t\t\t<h2 class=\"elementor-heading-title elementor-size-default\">M\u00e9tiers d'art<\/h2>\t\t\t\t<\/div>\n\t\t\t\t<\/div>\n\t\t\t\t<div class=\"elementor-element elementor-element-7fde1a08 elementor-widget elementor-widget-text-editor\" data-id=\"7fde1a08\" data-element_type=\"widget\" data-widget_type=\"text-editor.default\">\n\t\t\t\t<div class=\"elementor-widget-container\">\n\t\t\t\t\t\t\t\t\t<p>Attir\u00e9e par les savoir-faire artisanaux, j\u2019ai choisi de me former aux m\u00e9tiers de \u00ab\u00a0tapissier garnisseur\u00a0\u00bb et d&rsquo;enrichir ma pratique cr\u00e9ative. <br \/>Apr\u00e8s avoir obtenu mon CAP, j\u2019ai eu l\u2019opportunit\u00e9 de travailler pour des institutions comme <a href=\"https:\/\/www.comedie-francaise.fr\/\">la Com\u00e9die-Fran\u00e7aise<\/a> et <a href=\"https:\/\/www.opera-bordeaux.com\/\">l\u2019Op\u00e9ra National de Bordeaux<\/a>, o\u00f9 j\u2019ai particip\u00e9 \u00e0 la fabrication et \u00e0 l\u2019installation de d\u00e9cors.<br \/>Ces exp\u00e9riences m\u2019ont permis d\u2019explorer l\u2019univers du spectacle vivant, o\u00f9 chaque pi\u00e8ce est pens\u00e9e pour servir une mise en sc\u00e8ne, une ambiance, une \u00e9motion. Le travail manuel, la pr\u00e9cision des gestes et la recherche de justesse visuelle m\u2019ont profond\u00e9ment marqu\u00e9e.<\/p>\t\t\t\t\t\t\t\t<\/div>\n\t\t\t\t<\/div>\n\t\t\t\t\t<\/div>\n\t\t\t\t<\/div>\n\t\t<div class=\"elementor-element elementor-element-7cffa165 e-flex e-con-boxed e-con e-parent\" data-id=\"7cffa165\" data-element_type=\"container\">\n\t\t\t\t\t<div class=\"e-con-inner\">\n\t\t\t\t<div class=\"elementor-element elementor-element-1297bad8 elementor-grid-eael-col-4 elementor-grid-tablet-eael-col-2 elementor-grid-mobile-eael-col-1 elementor-widget elementor-widget-eael-post-grid\" data-id=\"1297bad8\" data-element_type=\"widget\" data-settings=\"{&quot;eael_post_grid_columns&quot;:&quot;eael-col-4&quot;,&quot;eael_post_grid_columns_tablet&quot;:&quot;eael-col-2&quot;,&quot;eael_post_grid_columns_mobile&quot;:&quot;eael-col-1&quot;}\" data-widget_type=\"eael-post-grid.default\">\n\t\t\t\t<div class=\"elementor-widget-container\">\n\t\t\t\t\t<div id=\"eael-post-grid-1297bad8\" class=\"eael-post-grid-container\">\n            <div class=\"eael-post-grid eael-post-appender eael-post-appender-1297bad8 eael-post-grid-style-one\" data-layout-mode=\"grid\"><article class=\"eael-grid-post eael-post-grid-column\" data-id=\"364\">\n        <div class=\"eael-grid-post-holder\">\n            <div class=\"eael-grid-post-holder-inner\"><div class=\"eael-entry-media\"><div class=\"eael-entry-overlay fade-in\"><i class=\"fas fa-long-arrow-alt-right\" aria-hidden=\"true\"><\/i><a href=\"http:\/\/51.68.119.59\/savia\/index.php\/2025\/05\/06\/theatre\/\"><\/a><\/div><div class=\"eael-entry-thumbnail eael-image-ratio\">\n                <img fetchpriority=\"high\" decoding=\"async\" width=\"300\" height=\"169\" src=\"http:\/\/51.68.119.59\/savia\/wp-content\/uploads\/2025\/04\/c-p1150092-300x169.jpg\" class=\"attachment-medium size-medium wp-image-97\" alt=\"\" srcset=\"http:\/\/51.68.119.59\/savia\/wp-content\/uploads\/2025\/04\/c-p1150092-300x169.jpg 300w, http:\/\/51.68.119.59\/savia\/wp-content\/uploads\/2025\/04\/c-p1150092-1024x577.jpg 1024w, http:\/\/51.68.119.59\/savia\/wp-content\/uploads\/2025\/04\/c-p1150092-768x433.jpg 768w, http:\/\/51.68.119.59\/savia\/wp-content\/uploads\/2025\/04\/c-p1150092.jpg 1200w\" sizes=\"(max-width: 300px) 100vw, 300px\" \/>\n            <\/div>\n        <\/div><div class=\"eael-entry-wrapper\"><header class=\"eael-entry-header\"><h2 class=\"eael-entry-title\"><a\n                        class=\"eael-grid-post-link\"\n                        href=\"http:\/\/51.68.119.59\/savia\/index.php\/2025\/05\/06\/theatre\/\"\n                        title=\"Th\u00e9\u00e2tre\">Th\u00e9\u00e2tre<\/a><\/h2><\/header><\/div><\/div>\n        <\/div>\n    <\/article><article class=\"eael-grid-post eael-post-grid-column\" data-id=\"376\">\n        <div class=\"eael-grid-post-holder\">\n            <div class=\"eael-grid-post-holder-inner\"><div class=\"eael-entry-media\"><div class=\"eael-entry-overlay fade-in\"><i class=\"fas fa-long-arrow-alt-right\" aria-hidden=\"true\"><\/i><a href=\"http:\/\/51.68.119.59\/savia\/index.php\/2025\/05\/06\/tapissier-garnisseur\/\"><\/a><\/div><div class=\"eael-entry-thumbnail eael-image-ratio\">\n                <img decoding=\"async\" width=\"300\" height=\"169\" src=\"http:\/\/51.68.119.59\/savia\/wp-content\/uploads\/2025\/04\/t-p1130055-300x169.jpg\" class=\"attachment-medium size-medium wp-image-76\" alt=\"\" srcset=\"http:\/\/51.68.119.59\/savia\/wp-content\/uploads\/2025\/04\/t-p1130055-300x169.jpg 300w, http:\/\/51.68.119.59\/savia\/wp-content\/uploads\/2025\/04\/t-p1130055-1024x576.jpg 1024w, http:\/\/51.68.119.59\/savia\/wp-content\/uploads\/2025\/04\/t-p1130055-768x432.jpg 768w, http:\/\/51.68.119.59\/savia\/wp-content\/uploads\/2025\/04\/t-p1130055.jpg 1200w\" sizes=\"(max-width: 300px) 100vw, 300px\" \/>\n            <\/div>\n        <\/div><div class=\"eael-entry-wrapper\"><header class=\"eael-entry-header\"><h2 class=\"eael-entry-title\"><a\n                        class=\"eael-grid-post-link\"\n                        href=\"http:\/\/51.68.119.59\/savia\/index.php\/2025\/05\/06\/tapissier-garnisseur\/\"\n                        title=\"Tapisserie d&rsquo;ameublement\">Tapisserie d&rsquo;ameublement<\/a><\/h2><\/header><\/div><\/div>\n        <\/div>\n    <\/article><article class=\"eael-grid-post eael-post-grid-column\" data-id=\"385\">\n        <div class=\"eael-grid-post-holder\">\n            <div class=\"eael-grid-post-holder-inner\"><div class=\"eael-entry-media\"><div class=\"eael-entry-overlay fade-in\"><i class=\"fas fa-long-arrow-alt-right\" aria-hidden=\"true\"><\/i><a href=\"http:\/\/51.68.119.59\/savia\/index.php\/2025\/05\/06\/petite-maroquinerie\/\"><\/a><\/div><div class=\"eael-entry-thumbnail eael-image-ratio\">\n                <img decoding=\"async\" width=\"300\" height=\"225\" src=\"http:\/\/51.68.119.59\/savia\/wp-content\/uploads\/2025\/04\/img_5742-300x225.jpg\" class=\"attachment-medium size-medium wp-image-93\" alt=\"\" srcset=\"http:\/\/51.68.119.59\/savia\/wp-content\/uploads\/2025\/04\/img_5742-300x225.jpg 300w, http:\/\/51.68.119.59\/savia\/wp-content\/uploads\/2025\/04\/img_5742-1024x768.jpg 1024w, http:\/\/51.68.119.59\/savia\/wp-content\/uploads\/2025\/04\/img_5742-768x576.jpg 768w, http:\/\/51.68.119.59\/savia\/wp-content\/uploads\/2025\/04\/img_5742.jpg 1200w\" sizes=\"(max-width: 300px) 100vw, 300px\" \/>\n            <\/div>\n        <\/div><div class=\"eael-entry-wrapper\"><header class=\"eael-entry-header\"><h2 class=\"eael-entry-title\"><a\n                        class=\"eael-grid-post-link\"\n                        href=\"http:\/\/51.68.119.59\/savia\/index.php\/2025\/05\/06\/petite-maroquinerie\/\"\n                        title=\"Petite maroquinerie\">Petite maroquinerie<\/a><\/h2><\/header><\/div><\/div>\n        <\/div>\n    <\/article><article class=\"eael-grid-post eael-post-grid-column\" data-id=\"398\">\n        <div class=\"eael-grid-post-holder\">\n            <div class=\"eael-grid-post-holder-inner\"><div class=\"eael-entry-media\"><div class=\"eael-entry-overlay fade-in\"><i class=\"fas fa-long-arrow-alt-right\" aria-hidden=\"true\"><\/i><a href=\"http:\/\/51.68.119.59\/savia\/index.php\/2025\/05\/06\/marqueterie\/\"><\/a><\/div><div class=\"eael-entry-thumbnail eael-image-ratio\">\n                <img loading=\"lazy\" decoding=\"async\" width=\"300\" height=\"225\" src=\"http:\/\/51.68.119.59\/savia\/wp-content\/uploads\/2025\/04\/m-img_2462-300x225.jpg\" class=\"attachment-medium size-medium wp-image-89\" alt=\"\" srcset=\"http:\/\/51.68.119.59\/savia\/wp-content\/uploads\/2025\/04\/m-img_2462-300x225.jpg 300w, http:\/\/51.68.119.59\/savia\/wp-content\/uploads\/2025\/04\/m-img_2462-1024x768.jpg 1024w, http:\/\/51.68.119.59\/savia\/wp-content\/uploads\/2025\/04\/m-img_2462-768x576.jpg 768w, http:\/\/51.68.119.59\/savia\/wp-content\/uploads\/2025\/04\/m-img_2462.jpg 1200w\" sizes=\"(max-width: 300px) 100vw, 300px\" \/>\n            <\/div>\n        <\/div><div class=\"eael-entry-wrapper\"><header class=\"eael-entry-header\"><h2 class=\"eael-entry-title\"><a\n                        class=\"eael-grid-post-link\"\n                        href=\"http:\/\/51.68.119.59\/savia\/index.php\/2025\/05\/06\/marqueterie\/\"\n                        title=\"Marqueterie\">Marqueterie<\/a><\/h2><\/header><\/div><\/div>\n        <\/div>\n    <\/article><\/div>\n            <div class=\"clearfix\"><\/div>\n        <\/div>\t\t\t\t<\/div>\n\t\t\t\t<\/div>\n\t\t\t\t\t<\/div>\n\t\t\t\t<\/div>\n\t\t\t\t<\/div>\n\t\t","protected":false},"excerpt":{"rendered":"<p>M\u00e9tiers d&rsquo;art Attir\u00e9e par les savoir-faire artisanaux, j\u2019ai choisi de me former aux m\u00e9tiers de \u00ab\u00a0tapissier garnisseur\u00a0\u00bb et d&rsquo;enrichir ma [&hellip;]<\/p>\n","protected":false},"author":1,"featured_media":0,"parent":0,"menu_order":0,"comment_status":"closed","ping_status":"closed","template":"","meta":{"site-sidebar-layout":"no-sidebar","site-content-layout":"","ast-site-content-layout":"full-width-container","site-content-style":"default","site-sidebar-style":"default","ast-global-header-display":"","ast-banner-title-visibility":"","ast-main-header-display":"","ast-hfb-above-header-display":"","ast-hfb-below-header-display":"","ast-hfb-mobile-header-display":"","site-post-title":"disabled","ast-breadcrumbs-content":"","ast-featured-img":"disabled","footer-sml-layout":"","theme-transparent-header-meta":"","adv-header-id-meta":"","stick-header-meta":"","header-above-stick-meta":"","header-main-stick-meta":"","header-below-stick-meta":"","astra-migrate-meta-layouts":"default","ast-page-background-enabled":"default","ast-page-background-meta":{"desktop":{"background-color":"var(--ast-global-color-5)","background-image":"","background-repeat":"repeat","background-position":"center center","background-size":"auto","background-attachment":"scroll","background-type":"","background-media":"","overlay-type":"","overlay-color":"","overlay-opacity":"","overlay-gradient":""},"tablet":{"background-color":"","background-image":"","background-repeat":"repeat","background-position":"center center","background-size":"auto","background-attachment":"scroll","background-type":"","background-media":"","overlay-type":"","overlay-color":"","overlay-opacity":"","overlay-gradient":""},"mobile":{"background-color":"","background-image":"","background-repeat":"repeat","background-position":"center center","background-size":"auto","background-attachment":"scroll","background-type":"","background-media":"","overlay-type":"","overlay-color":"","overlay-opacity":"","overlay-gradient":""}},"ast-content-background-meta":{"desktop":{"background-color":"var(--ast-global-color-4)","background-image":"","background-repeat":"repeat","background-position":"center center","background-size":"auto","background-attachment":"scroll","background-type":"","background-media":"","overlay-type":"","overlay-color":"","overlay-opacity":"","overlay-gradient":""},"tablet":{"background-color":"var(--ast-global-color-4)","background-image":"","background-repeat":"repeat","background-position":"center center","background-size":"auto","background-attachment":"scroll","background-type":"","background-media":"","overlay-type":"","overlay-color":"","overlay-opacity":"","overlay-gradient":""},"mobile":{"background-color":"var(--ast-global-color-4)","background-image":"","background-repeat":"repeat","background-position":"center center","background-size":"auto","background-attachment":"scroll","background-type":"","background-media":"","overlay-type":"","overlay-color":"","overlay-opacity":"","overlay-gradient":""}},"footnotes":""},"class_list":["post-110","page","type-page","status-publish","hentry"],"_links":{"self":[{"href":"http:\/\/51.68.119.59\/savia\/index.php\/wp-json\/wp\/v2\/pages\/110","targetHints":{"allow":["GET"]}}],"collection":[{"href":"http:\/\/51.68.119.59\/savia\/index.php\/wp-json\/wp\/v2\/pages"}],"about":[{"href":"http:\/\/51.68.119.59\/savia\/index.php\/wp-json\/wp\/v2\/types\/page"}],"author":[{"embeddable":true,"href":"http:\/\/51.68.119.59\/savia\/index.php\/wp-json\/wp\/v2\/users\/1"}],"replies":[{"embeddable":true,"href":"http:\/\/51.68.119.59\/savia\/index.php\/wp-json\/wp\/v2\/comments?post=110"}],"version-history":[{"count":64,"href":"http:\/\/51.68.119.59\/savia\/index.php\/wp-json\/wp\/v2\/pages\/110\/revisions"}],"predecessor-version":[{"id":1272,"href":"http:\/\/51.68.119.59\/savia\/index.php\/wp-json\/wp\/v2\/pages\/110\/revisions\/1272"}],"wp:attachment":[{"href":"http:\/\/51.68.119.59\/savia\/index.php\/wp-json\/wp\/v2\/media?parent=110"}],"curies":[{"name":"wp","href":"https:\/\/api.w.org\/{rel}","templated":true}]}}