{"id":235,"date":"2022-11-28T14:51:43","date_gmt":"2022-11-28T13:51:43","guid":{"rendered":"http:\/\/51.68.119.59\/stephanie\/axel\/?post_type=product&#038;p=235"},"modified":"2022-12-16T14:58:05","modified_gmt":"2022-12-16T13:58:05","slug":"niv-vert-video-2","status":"publish","type":"product","link":"http:\/\/51.68.119.59\/stephanie\/axel\/index.php\/produit\/niv-vert-video-2\/","title":{"rendered":"Niv vert &#8211; Vid\u00e9o 2"},"content":{"rendered":"<figure id=\"attachment_432\" aria-describedby=\"caption-attachment-432\" style=\"width: 300px\" class=\"wp-caption alignnone\"><img decoding=\"async\" loading=\"lazy\" class=\"size-medium wp-image-432\" src=\"http:\/\/51.68.119.59\/stephanie\/axel\/wp-content\/uploads\/2022\/11\/soccer-player-action-on-the-stadium-300x200.jpg\" alt=\"\" width=\"300\" height=\"200\" srcset=\"http:\/\/51.68.119.59\/stephanie\/axel\/wp-content\/uploads\/2022\/11\/soccer-player-action-on-the-stadium-300x200.jpg 300w, http:\/\/51.68.119.59\/stephanie\/axel\/wp-content\/uploads\/2022\/11\/soccer-player-action-on-the-stadium-scaled-600x401.jpg 600w, http:\/\/51.68.119.59\/stephanie\/axel\/wp-content\/uploads\/2022\/11\/soccer-player-action-on-the-stadium-1024x683.jpg 1024w, http:\/\/51.68.119.59\/stephanie\/axel\/wp-content\/uploads\/2022\/11\/soccer-player-action-on-the-stadium-768x513.jpg 768w, http:\/\/51.68.119.59\/stephanie\/axel\/wp-content\/uploads\/2022\/11\/soccer-player-action-on-the-stadium-1536x1025.jpg 1536w, http:\/\/51.68.119.59\/stephanie\/axel\/wp-content\/uploads\/2022\/11\/soccer-player-action-on-the-stadium-2048x1367.jpg 2048w\" sizes=\"(max-width: 300px) 100vw, 300px\" \/><figcaption id=\"caption-attachment-432\" class=\"wp-caption-text\">t\u00e9l\u00e9charger cette vid\u00e9o afin d&#8217;acqu\u00e9rir les comp\u00e9tences &#8230;<\/figcaption><\/figure>\n","protected":false},"excerpt":{"rendered":"<p>Cette vid\u00e9o d&#8217;une dur\u00e9e de 45 mn vous explique comment &#8230;.<\/p>\n","protected":false},"featured_media":432,"comment_status":"open","ping_status":"closed","template":"","meta":{"site-sidebar-layout":"default","site-content-layout":"default","ast-global-header-display":"","ast-main-header-display":"","ast-hfb-above-header-display":"","ast-hfb-below-header-display":"","ast-hfb-mobile-header-display":"","site-post-title":"","ast-breadcrumbs-content":"","ast-featured-img":"","footer-sml-layout":"","theme-transparent-header-meta":"default","adv-header-id-meta":"","stick-header-meta":"","header-above-stick-meta":"","header-main-stick-meta":"","header-below-stick-meta":""},"product_cat":[18],"product_tag":[],"_links":{"self":[{"href":"http:\/\/51.68.119.59\/stephanie\/axel\/index.php\/wp-json\/wp\/v2\/product\/235"}],"collection":[{"href":"http:\/\/51.68.119.59\/stephanie\/axel\/index.php\/wp-json\/wp\/v2\/product"}],"about":[{"href":"http:\/\/51.68.119.59\/stephanie\/axel\/index.php\/wp-json\/wp\/v2\/types\/product"}],"replies":[{"embeddable":true,"href":"http:\/\/51.68.119.59\/stephanie\/axel\/index.php\/wp-json\/wp\/v2\/comments?post=235"}],"wp:featuredmedia":[{"embeddable":true,"href":"http:\/\/51.68.119.59\/stephanie\/axel\/index.php\/wp-json\/wp\/v2\/media\/432"}],"wp:attachment":[{"href":"http:\/\/51.68.119.59\/stephanie\/axel\/index.php\/wp-json\/wp\/v2\/media?parent=235"}],"wp:term":[{"taxonomy":"product_cat","embeddable":true,"href":"http:\/\/51.68.119.59\/stephanie\/axel\/index.php\/wp-json\/wp\/v2\/product_cat?post=235"},{"taxonomy":"product_tag","embeddable":true,"href":"http:\/\/51.68.119.59\/stephanie\/axel\/index.php\/wp-json\/wp\/v2\/product_tag?post=235"}],"curies":[{"name":"wp","href":"https:\/\/api.w.org\/{rel}","templated":true}]}}