{"id":239,"date":"2022-11-28T14:57:52","date_gmt":"2022-11-28T13:57:52","guid":{"rendered":"http:\/\/51.68.119.59\/stephanie\/axel\/?post_type=product&#038;p=239"},"modified":"2022-12-16T14:56:21","modified_gmt":"2022-12-16T13:56:21","slug":"niveau-vert","status":"publish","type":"product","link":"http:\/\/51.68.119.59\/stephanie\/axel\/index.php\/produit\/niveau-vert\/","title":{"rendered":"Niveau Vert"},"content":{"rendered":"<p>T\u00e9l\u00e9charger les 4 vid\u00e9os de ce niveau vert afin d&#8217;acqu\u00e9rir :<\/p>\n<ul>\n<li>les geste de bases 1<\/li>\n<li>les geste de bases 2<\/li>\n<li>les geste de bases 3<\/li>\n<li>les geste de bases 4<\/li>\n<\/ul>\n","protected":false},"excerpt":{"rendered":"<p>T\u00e9l\u00e9charger les 4 vid\u00e9os de ce niveau vert afin d&#8217;acqu\u00e9rir : les geste de bases 1 les geste de bases 2 les geste de bases 3 les geste de bases 4<\/p>\n","protected":false},"featured_media":0,"comment_status":"open","ping_status":"closed","template":"","meta":{"site-sidebar-layout":"default","site-content-layout":"default","ast-global-header-display":"","ast-main-header-display":"","ast-hfb-above-header-display":"","ast-hfb-below-header-display":"","ast-hfb-mobile-header-display":"","site-post-title":"","ast-breadcrumbs-content":"","ast-featured-img":"","footer-sml-layout":"","theme-transparent-header-meta":"default","adv-header-id-meta":"","stick-header-meta":"","header-above-stick-meta":"","header-main-stick-meta":"","header-below-stick-meta":""},"product_cat":[18],"product_tag":[],"_links":{"self":[{"href":"http:\/\/51.68.119.59\/stephanie\/axel\/index.php\/wp-json\/wp\/v2\/product\/239"}],"collection":[{"href":"http:\/\/51.68.119.59\/stephanie\/axel\/index.php\/wp-json\/wp\/v2\/product"}],"about":[{"href":"http:\/\/51.68.119.59\/stephanie\/axel\/index.php\/wp-json\/wp\/v2\/types\/product"}],"replies":[{"embeddable":true,"href":"http:\/\/51.68.119.59\/stephanie\/axel\/index.php\/wp-json\/wp\/v2\/comments?post=239"}],"wp:attachment":[{"href":"http:\/\/51.68.119.59\/stephanie\/axel\/index.php\/wp-json\/wp\/v2\/media?parent=239"}],"wp:term":[{"taxonomy":"product_cat","embeddable":true,"href":"http:\/\/51.68.119.59\/stephanie\/axel\/index.php\/wp-json\/wp\/v2\/product_cat?post=239"},{"taxonomy":"product_tag","embeddable":true,"href":"http:\/\/51.68.119.59\/stephanie\/axel\/index.php\/wp-json\/wp\/v2\/product_tag?post=239"}],"curies":[{"name":"wp","href":"https:\/\/api.w.org\/{rel}","templated":true}]}}