{"id":5334,"date":"2024-09-13T14:02:02","date_gmt":"2024-09-13T12:02:02","guid":{"rendered":"http:\/\/51.68.119.59\/sylvaine\/lefil-dessaisons\/index.php\/about\/"},"modified":"2024-10-01T15:02:30","modified_gmt":"2024-10-01T13:02:30","slug":"about","status":"publish","type":"page","link":"http:\/\/51.68.119.59\/sylvaine\/lefil-dessaisons\/?page_id=5334","title":{"rendered":"About"},"content":{"rendered":"\t\t<div data-elementor-type=\"wp-post\" data-elementor-id=\"5334\" class=\"elementor elementor-5334\">\n\t\t\t\t<div class=\"elementor-element elementor-element-dfdc5a6 e-flex e-con-boxed e-con e-parent\" data-id=\"dfdc5a6\" data-element_type=\"container\" data-settings=\"{&quot;background_background&quot;:&quot;classic&quot;}\">\n\t\t\t\t\t<div class=\"e-con-inner\">\n\t\t<div class=\"elementor-element elementor-element-1eaf493 e-con-full e-flex e-con e-child\" data-id=\"1eaf493\" data-element_type=\"container\">\n\t\t\t\t<div class=\"elementor-element elementor-element-2ea6a7d elementor-widget elementor-widget-heading\" data-id=\"2ea6a7d\" data-element_type=\"widget\" data-widget_type=\"heading.default\">\n\t\t\t\t<div class=\"elementor-widget-container\">\n\t\t\t<h1 class=\"elementor-heading-title elementor-size-default\">QUI SOMMES NOUS?<\/h1>\t\t<\/div>\n\t\t\t\t<\/div>\n\t\t\t\t<\/div>\n\t\t\t\t\t<\/div>\n\t\t\t\t<\/div>\n\t\t<div class=\"elementor-element elementor-element-6578245 e-flex e-con-boxed e-con e-parent\" data-id=\"6578245\" data-element_type=\"container\">\n\t\t\t\t\t<div class=\"e-con-inner\">\n\t\t<div class=\"elementor-element elementor-element-625da73 e-con-full e-flex e-con e-child\" data-id=\"625da73\" data-element_type=\"container\">\n\t\t\t\t<div class=\"elementor-element elementor-element-d62b39a elementor-widget elementor-widget-image\" data-id=\"d62b39a\" data-element_type=\"widget\" data-widget_type=\"image.default\">\n\t\t\t\t<div class=\"elementor-widget-container\">\n\t\t\t\t\t\t\t\t\t\t\t\t\t<img decoding=\"async\" width=\"209\" height=\"90\" src=\"http:\/\/51.68.119.59\/sylvaine\/lefil-dessaisons\/wp-content\/uploads\/2021\/03\/basil-leaf.png\" class=\"attachment-full size-full wp-image-4204\" alt=\"\" \/>\t\t\t\t\t\t\t\t\t\t\t\t\t<\/div>\n\t\t\t\t<\/div>\n\t\t\t\t<\/div>\n\t\t\t\t\t<\/div>\n\t\t\t\t<\/div>\n\t\t<div class=\"elementor-element elementor-element-748980c e-flex e-con-boxed e-con e-parent\" data-id=\"748980c\" data-element_type=\"container\">\n\t\t\t\t\t<div class=\"e-con-inner\">\n\t\t<div class=\"elementor-element elementor-element-9945606 e-con-full e-flex e-con e-child\" data-id=\"9945606\" data-element_type=\"container\">\n\t\t\t\t<div class=\"elementor-element elementor-element-2c7a0f8 elementor-widget elementor-widget-image-box\" data-id=\"2c7a0f8\" data-element_type=\"widget\" data-widget_type=\"image-box.default\">\n\t\t\t\t<div class=\"elementor-widget-container\">\n\t\t\t<div class=\"elementor-image-box-wrapper\"><div class=\"elementor-image-box-content\"><h2 class=\"elementor-image-box-title\">LE FIL DES SAISONS<\/h2><p class=\"elementor-image-box-description\">Petite entreprise familiale cr\u00e9e en 2022, en tant que primeur bio.<br>Nous s\u00e9lectionnons pour vous les meilleurs produits de qualit\u00e9 afin de vous les pr\u00e9sentez sur nos diff\u00e9rents \u00e9tals de march\u00e9.\n<\/p><\/div><\/div>\t\t<\/div>\n\t\t\t\t<\/div>\n\t\t\t\t<\/div>\n\t\t<div class=\"elementor-element elementor-element-f499284 e-con-full e-flex e-con e-child\" data-id=\"f499284\" data-element_type=\"container\">\n\t\t\t\t<div class=\"elementor-element elementor-element-12d7e03 elementor-widget elementor-widget-image\" data-id=\"12d7e03\" data-element_type=\"widget\" data-widget_type=\"image.default\">\n\t\t\t\t<div class=\"elementor-widget-container\">\n\t\t\t\t\t\t\t\t\t\t\t\t\t<img decoding=\"async\" src=\"http:\/\/51.68.119.59\/sylvaine\/lefil-dessaisons\/wp-content\/uploads\/2020\/01\/banner-01.jpg\" title=\"\" alt=\"\" loading=\"lazy\" \/>\t\t\t\t\t\t\t\t\t\t\t\t\t<\/div>\n\t\t\t\t<\/div>\n\t\t\t\t<\/div>\n\t\t\t\t\t<\/div>\n\t\t\t\t<\/div>\n\t\t<div class=\"elementor-element elementor-element-908f10a e-flex e-con-boxed e-con e-parent\" data-id=\"908f10a\" data-element_type=\"container\" data-settings=\"{&quot;background_background&quot;:&quot;gradient&quot;}\">\n\t\t\t\t\t<div class=\"e-con-inner\">\n\t\t<div class=\"elementor-element elementor-element-ad51ed6 e-con-full e-flex e-con e-child\" data-id=\"ad51ed6\" data-element_type=\"container\" data-settings=\"{&quot;background_background&quot;:&quot;classic&quot;}\">\n\t\t\t\t<div class=\"elementor-element elementor-element-e64521b elementor-widget elementor-widget-image-carousel\" data-id=\"e64521b\" data-element_type=\"widget\" data-settings=\"{&quot;slides_to_show&quot;:&quot;1&quot;,&quot;navigation&quot;:&quot;none&quot;,&quot;autoplay_speed&quot;:&quot;3000&quot;,&quot;autoplay&quot;:&quot;yes&quot;,&quot;pause_on_hover&quot;:&quot;yes&quot;,&quot;pause_on_interaction&quot;:&quot;yes&quot;,&quot;infinite&quot;:&quot;yes&quot;,&quot;effect&quot;:&quot;slide&quot;,&quot;speed&quot;:500}\" data-widget_type=\"image-carousel.default\">\n\t\t\t\t<div class=\"elementor-widget-container\">\n\t\t\t\t\t<div class=\"elementor-image-carousel-wrapper swiper\" dir=\"ltr\">\n\t\t\t<div class=\"elementor-image-carousel swiper-wrapper\" aria-live=\"off\">\n\t\t\t\t\t\t\t\t<div class=\"swiper-slide\" role=\"group\" aria-roledescription=\"slide\" aria-label=\"1 sur 2\"><figure class=\"swiper-slide-inner\"><img decoding=\"async\" class=\"swiper-slide-image\" src=\"http:\/\/51.68.119.59\/sylvaine\/lefil-dessaisons\/wp-content\/uploads\/elementor\/thumbs\/farming04-free-img-qu1p684e59d1gczmep5zvsio64k989hgngp1f7mrk8.jpg\" alt=\"farming04-free-img\" \/><\/figure><\/div><div class=\"swiper-slide\" role=\"group\" aria-roledescription=\"slide\" aria-label=\"2 sur 2\"><figure class=\"swiper-slide-inner\"><img decoding=\"async\" class=\"swiper-slide-image\" src=\"http:\/\/51.68.119.59\/sylvaine\/lefil-dessaisons\/wp-content\/uploads\/elementor\/thumbs\/image-02-qu1p6igm8fr702klqbmw57wqpd5akxmicvvdp97fns.jpg\" alt=\"image-02\" \/><\/figure><\/div>\t\t\t<\/div>\n\t\t\t\t\t\t\t\n\t\t\t\t\t\t\t\t\t<\/div>\n\t\t\t\t<\/div>\n\t\t\t\t<\/div>\n\t\t\t\t<div class=\"elementor-element elementor-element-c615431 elementor-star-rating--align-center elementor--star-style-star_fontawesome elementor-widget elementor-widget-star-rating\" data-id=\"c615431\" data-element_type=\"widget\" data-widget_type=\"star-rating.default\">\n\t\t\t\t<div class=\"elementor-widget-container\">\n\t\t\t\n\t\t<div class=\"elementor-star-rating__wrapper\">\n\t\t\t\t\t\t<div class=\"elementor-star-rating\" title=\"5\/5\" itemtype=\"http:\/\/schema.org\/Rating\" itemscope=\"\" itemprop=\"reviewRating\"><i class=\"elementor-star-full\">&#xE934;<\/i><i class=\"elementor-star-full\">&#xE934;<\/i><i class=\"elementor-star-full\">&#xE934;<\/i><i class=\"elementor-star-full\">&#xE934;<\/i><i class=\"elementor-star-full\">&#xE934;<\/i> <span itemprop=\"ratingValue\" class=\"elementor-screen-only\">5\/5<\/span><\/div>\t\t<\/div>\n\t\t\t\t<\/div>\n\t\t\t\t<\/div>\n\t\t\t\t<div class=\"elementor-element elementor-element-b9c89f3 elementor-widget elementor-widget-testimonial\" data-id=\"b9c89f3\" data-element_type=\"widget\" data-widget_type=\"testimonial.default\">\n\t\t\t\t<div class=\"elementor-widget-container\">\n\t\t\t\t\t<div class=\"elementor-testimonial-wrapper\">\n\t\t\t\t\t\t\t<div class=\"elementor-testimonial-content\">Tous les produits de saison seront pr\u00e9sents sur nos diff\u00e9rents march\u00e9s tout au long de l'ann\u00e9e.<\/div>\n\t\t\t\n\t\t\t\t\t<\/div>\n\t\t\t\t<\/div>\n\t\t\t\t<\/div>\n\t\t\t\t<\/div>\n\t\t<div class=\"elementor-element elementor-element-b18acd9 e-con-full e-flex e-con e-child\" data-id=\"b18acd9\" data-element_type=\"container\">\n\t\t\t\t<div class=\"elementor-element elementor-element-237c245 elementor-position-left elementor-vertical-align-top elementor-widget elementor-widget-image-box\" data-id=\"237c245\" data-element_type=\"widget\" data-widget_type=\"image-box.default\">\n\t\t\t\t<div class=\"elementor-widget-container\">\n\t\t\t<div class=\"elementor-image-box-wrapper\"><figure class=\"elementor-image-box-img\"><img decoding=\"async\" width=\"200\" height=\"84\" src=\"http:\/\/51.68.119.59\/sylvaine\/lefil-dessaisons\/wp-content\/uploads\/2024\/10\/logo_bio_eurofeuille-1.png\" class=\"attachment-full size-full wp-image-5747\" alt=\"\" \/><\/figure><div class=\"elementor-image-box-content\"><h3 class=\"elementor-image-box-title\">Certifi\u00e9 ECOCERT<\/h3><p class=\"elementor-image-box-description\">Tous nos produits sont contr\u00f4l\u00e9s et 100% bio<\/p><\/div><\/div>\t\t<\/div>\n\t\t\t\t<\/div>\n\t\t\t\t<div class=\"elementor-element elementor-element-5a6d4b3 elementor-widget elementor-widget-image\" data-id=\"5a6d4b3\" data-element_type=\"widget\" data-widget_type=\"image.default\">\n\t\t\t\t<div class=\"elementor-widget-container\">\n\t\t\t\t\t\t\t\t\t\t\t\t\t<img decoding=\"async\" width=\"75\" height=\"33\" src=\"http:\/\/51.68.119.59\/sylvaine\/lefil-dessaisons\/wp-content\/uploads\/2019\/07\/logo-leaf-new.png\" class=\"attachment-large size-large wp-image-2518\" alt=\"\" \/>\t\t\t\t\t\t\t\t\t\t\t\t\t<\/div>\n\t\t\t\t<\/div>\n\t\t<div class=\"elementor-element elementor-element-29bc312 e-con-full e-flex e-con e-child\" data-id=\"29bc312\" data-element_type=\"container\">\n\t\t<div class=\"elementor-element elementor-element-5574807 e-con-full e-flex e-con e-child\" data-id=\"5574807\" data-element_type=\"container\">\n\t\t\t\t<\/div>\n\t\t\t\t<\/div>\n\t\t\t\t<\/div>\n\t\t\t\t\t<\/div>\n\t\t\t\t<\/div>\n\t\t\t\t<\/div>\n\t\t","protected":false},"excerpt":{"rendered":"<p>QUI SOMMES NOUS? LE FIL DES SAISONS Petite entreprise familiale cr\u00e9e en 2022, en tant que primeur bio.Nous s\u00e9lectionnons pour vous les meilleurs produits de qualit\u00e9 afin de vous les pr\u00e9sentez sur nos diff\u00e9rents \u00e9tals de march\u00e9. &#xE934;&#xE934;&#xE934;&#xE934;&#xE934; 5\/5 Tous les produits de saison seront pr\u00e9sents sur nos diff\u00e9rents march\u00e9s tout au long de l&rsquo;ann\u00e9e. [&hellip;]<\/p>\n","protected":false},"author":1,"featured_media":0,"parent":0,"menu_order":0,"comment_status":"closed","ping_status":"closed","template":"","meta":{"site-sidebar-layout":"no-sidebar","site-content-layout":"page-builder","ast-site-content-layout":"","site-content-style":"default","site-sidebar-style":"default","ast-global-header-display":"","ast-banner-title-visibility":"","ast-main-header-display":"","ast-hfb-above-header-display":"","ast-hfb-below-header-display":"","ast-hfb-mobile-header-display":"","site-post-title":"disabled","ast-breadcrumbs-content":"","ast-featured-img":"disabled","footer-sml-layout":"","theme-transparent-header-meta":"enabled","adv-header-id-meta":"","stick-header-meta":"","header-above-stick-meta":"","header-main-stick-meta":"","header-below-stick-meta":"","astra-migrate-meta-layouts":"default","ast-page-background-enabled":"default","ast-page-background-meta":{"desktop":{"background-color":"","background-image":"","background-repeat":"repeat","background-position":"center center","background-size":"auto","background-attachment":"scroll","background-type":"","background-media":"","overlay-type":"","overlay-color":"","overlay-opacity":"","overlay-gradient":""},"tablet":{"background-color":"","background-image":"","background-repeat":"repeat","background-position":"center center","background-size":"auto","background-attachment":"scroll","background-type":"","background-media":"","overlay-type":"","overlay-color":"","overlay-opacity":"","overlay-gradient":""},"mobile":{"background-color":"","background-image":"","background-repeat":"repeat","background-position":"center center","background-size":"auto","background-attachment":"scroll","background-type":"","background-media":"","overlay-type":"","overlay-color":"","overlay-opacity":"","overlay-gradient":""}},"ast-content-background-meta":{"desktop":{"background-color":"var(--ast-global-color-5)","background-image":"","background-repeat":"repeat","background-position":"center center","background-size":"auto","background-attachment":"scroll","background-type":"","background-media":"","overlay-type":"","overlay-color":"","overlay-opacity":"","overlay-gradient":""},"tablet":{"background-color":"var(--ast-global-color-5)","background-image":"","background-repeat":"repeat","background-position":"center center","background-size":"auto","background-attachment":"scroll","background-type":"","background-media":"","overlay-type":"","overlay-color":"","overlay-opacity":"","overlay-gradient":""},"mobile":{"background-color":"var(--ast-global-color-5)","background-image":"","background-repeat":"repeat","background-position":"center center","background-size":"auto","background-attachment":"scroll","background-type":"","background-media":"","overlay-type":"","overlay-color":"","overlay-opacity":"","overlay-gradient":""}},"footnotes":""},"class_list":["post-5334","page","type-page","status-publish","hentry"],"yoast_head":"<!-- This site is optimized with the Yoast SEO plugin v23.4 - https:\/\/yoast.com\/wordpress\/plugins\/seo\/ -->\n<title>About - Le fil des saisons<\/title>\n<meta name=\"robots\" content=\"noindex, follow, max-snippet:-1, max-image-preview:large, max-video-preview:-1\" \/>\n<meta property=\"og:locale\" content=\"fr_FR\" \/>\n<meta property=\"og:type\" content=\"article\" \/>\n<meta property=\"og:title\" content=\"About - Le fil des saisons\" \/>\n<meta property=\"og:description\" content=\"QUI SOMMES NOUS? LE FIL DES SAISONS Petite entreprise familiale cr\u00e9e en 2022, en tant que primeur bio.Nous s\u00e9lectionnons pour vous les meilleurs produits de qualit\u00e9 afin de vous les pr\u00e9sentez sur nos diff\u00e9rents \u00e9tals de march\u00e9. &#xE934;&#xE934;&#xE934;&#xE934;&#xE934; 5\/5 Tous les produits de saison seront pr\u00e9sents sur nos diff\u00e9rents march\u00e9s tout au long de l&rsquo;ann\u00e9e. [&hellip;]\" \/>\n<meta property=\"og:url\" content=\"http:\/\/51.68.119.59\/sylvaine\/lefil-dessaisons\/?page_id=5334\" \/>\n<meta property=\"og:site_name\" content=\"Le fil des saisons\" \/>\n<meta property=\"article:modified_time\" content=\"2024-10-01T13:02:30+00:00\" \/>\n<meta property=\"og:image\" content=\"http:\/\/51.68.119.59\/sylvaine\/lefil-dessaisons\/wp-content\/uploads\/2021\/03\/basil-leaf.png\" \/>\n<meta name=\"twitter:card\" content=\"summary_large_image\" \/>\n<meta name=\"twitter:label1\" content=\"Dur\u00e9e de lecture estim\u00e9e\" \/>\n\t<meta name=\"twitter:data1\" content=\"2 minutes\" \/>\n<script type=\"application\/ld+json\" class=\"yoast-schema-graph\">{\"@context\":\"https:\/\/schema.org\",\"@graph\":[{\"@type\":\"WebPage\",\"@id\":\"http:\/\/51.68.119.59\/sylvaine\/lefil-dessaisons\/?page_id=5334\",\"url\":\"http:\/\/51.68.119.59\/sylvaine\/lefil-dessaisons\/?page_id=5334\",\"name\":\"About - Le fil des saisons\",\"isPartOf\":{\"@id\":\"http:\/\/51.68.119.59\/sylvaine\/lefil-dessaisons\/#website\"},\"primaryImageOfPage\":{\"@id\":\"http:\/\/51.68.119.59\/sylvaine\/lefil-dessaisons\/?page_id=5334#primaryimage\"},\"image\":{\"@id\":\"http:\/\/51.68.119.59\/sylvaine\/lefil-dessaisons\/?page_id=5334#primaryimage\"},\"thumbnailUrl\":\"http:\/\/51.68.119.59\/sylvaine\/lefil-dessaisons\/wp-content\/uploads\/2021\/03\/basil-leaf.png\",\"datePublished\":\"2024-09-13T12:02:02+00:00\",\"dateModified\":\"2024-10-01T13:02:30+00:00\",\"breadcrumb\":{\"@id\":\"http:\/\/51.68.119.59\/sylvaine\/lefil-dessaisons\/?page_id=5334#breadcrumb\"},\"inLanguage\":\"fr-FR\",\"potentialAction\":[{\"@type\":\"ReadAction\",\"target\":[\"http:\/\/51.68.119.59\/sylvaine\/lefil-dessaisons\/?page_id=5334\"]}]},{\"@type\":\"ImageObject\",\"inLanguage\":\"fr-FR\",\"@id\":\"http:\/\/51.68.119.59\/sylvaine\/lefil-dessaisons\/?page_id=5334#primaryimage\",\"url\":\"http:\/\/51.68.119.59\/sylvaine\/lefil-dessaisons\/wp-content\/uploads\/2021\/03\/basil-leaf.png\",\"contentUrl\":\"http:\/\/51.68.119.59\/sylvaine\/lefil-dessaisons\/wp-content\/uploads\/2021\/03\/basil-leaf.png\",\"width\":209,\"height\":90},{\"@type\":\"BreadcrumbList\",\"@id\":\"http:\/\/51.68.119.59\/sylvaine\/lefil-dessaisons\/?page_id=5334#breadcrumb\",\"itemListElement\":[{\"@type\":\"ListItem\",\"position\":1,\"name\":\"Accueil\",\"item\":\"http:\/\/51.68.119.59\/sylvaine\/lefil-dessaisons\/\"},{\"@type\":\"ListItem\",\"position\":2,\"name\":\"About\"}]},{\"@type\":\"WebSite\",\"@id\":\"http:\/\/51.68.119.59\/sylvaine\/lefil-dessaisons\/#website\",\"url\":\"http:\/\/51.68.119.59\/sylvaine\/lefil-dessaisons\/\",\"name\":\"Le fil des saisons\",\"description\":\"\",\"publisher\":{\"@id\":\"http:\/\/51.68.119.59\/sylvaine\/lefil-dessaisons\/#organization\"},\"potentialAction\":[{\"@type\":\"SearchAction\",\"target\":{\"@type\":\"EntryPoint\",\"urlTemplate\":\"http:\/\/51.68.119.59\/sylvaine\/lefil-dessaisons\/?s={search_term_string}\"},\"query-input\":{\"@type\":\"PropertyValueSpecification\",\"valueRequired\":true,\"valueName\":\"search_term_string\"}}],\"inLanguage\":\"fr-FR\"},{\"@type\":\"Organization\",\"@id\":\"http:\/\/51.68.119.59\/sylvaine\/lefil-dessaisons\/#organization\",\"name\":\"Le fil des saisons\",\"url\":\"http:\/\/51.68.119.59\/sylvaine\/lefil-dessaisons\/\",\"logo\":{\"@type\":\"ImageObject\",\"inLanguage\":\"fr-FR\",\"@id\":\"http:\/\/51.68.119.59\/sylvaine\/lefil-dessaisons\/#\/schema\/logo\/image\/\",\"url\":\"http:\/\/51.68.119.59\/sylvaine\/lefil-dessaisons\/wp-content\/uploads\/2024\/09\/cropped-fildessaisons-logotypeH-color-png.png\",\"contentUrl\":\"http:\/\/51.68.119.59\/sylvaine\/lefil-dessaisons\/wp-content\/uploads\/2024\/09\/cropped-fildessaisons-logotypeH-color-png.png\",\"width\":2391,\"height\":798,\"caption\":\"Le fil des saisons\"},\"image\":{\"@id\":\"http:\/\/51.68.119.59\/sylvaine\/lefil-dessaisons\/#\/schema\/logo\/image\/\"}}]}<\/script>\n<!-- \/ Yoast SEO plugin. -->","yoast_head_json":{"title":"About - Le fil des saisons","robots":{"index":"noindex","follow":"follow","max-snippet":"max-snippet:-1","max-image-preview":"max-image-preview:large","max-video-preview":"max-video-preview:-1"},"og_locale":"fr_FR","og_type":"article","og_title":"About - Le fil des saisons","og_description":"QUI SOMMES NOUS? LE FIL DES SAISONS Petite entreprise familiale cr\u00e9e en 2022, en tant que primeur bio.Nous s\u00e9lectionnons pour vous les meilleurs produits de qualit\u00e9 afin de vous les pr\u00e9sentez sur nos diff\u00e9rents \u00e9tals de march\u00e9. &#xE934;&#xE934;&#xE934;&#xE934;&#xE934; 5\/5 Tous les produits de saison seront pr\u00e9sents sur nos diff\u00e9rents march\u00e9s tout au long de l&rsquo;ann\u00e9e. [&hellip;]","og_url":"http:\/\/51.68.119.59\/sylvaine\/lefil-dessaisons\/?page_id=5334","og_site_name":"Le fil des saisons","article_modified_time":"2024-10-01T13:02:30+00:00","og_image":[{"url":"http:\/\/51.68.119.59\/sylvaine\/lefil-dessaisons\/wp-content\/uploads\/2021\/03\/basil-leaf.png"}],"twitter_card":"summary_large_image","twitter_misc":{"Dur\u00e9e de lecture estim\u00e9e":"2 minutes"},"schema":{"@context":"https:\/\/schema.org","@graph":[{"@type":"WebPage","@id":"http:\/\/51.68.119.59\/sylvaine\/lefil-dessaisons\/?page_id=5334","url":"http:\/\/51.68.119.59\/sylvaine\/lefil-dessaisons\/?page_id=5334","name":"About - Le fil des saisons","isPartOf":{"@id":"http:\/\/51.68.119.59\/sylvaine\/lefil-dessaisons\/#website"},"primaryImageOfPage":{"@id":"http:\/\/51.68.119.59\/sylvaine\/lefil-dessaisons\/?page_id=5334#primaryimage"},"image":{"@id":"http:\/\/51.68.119.59\/sylvaine\/lefil-dessaisons\/?page_id=5334#primaryimage"},"thumbnailUrl":"http:\/\/51.68.119.59\/sylvaine\/lefil-dessaisons\/wp-content\/uploads\/2021\/03\/basil-leaf.png","datePublished":"2024-09-13T12:02:02+00:00","dateModified":"2024-10-01T13:02:30+00:00","breadcrumb":{"@id":"http:\/\/51.68.119.59\/sylvaine\/lefil-dessaisons\/?page_id=5334#breadcrumb"},"inLanguage":"fr-FR","potentialAction":[{"@type":"ReadAction","target":["http:\/\/51.68.119.59\/sylvaine\/lefil-dessaisons\/?page_id=5334"]}]},{"@type":"ImageObject","inLanguage":"fr-FR","@id":"http:\/\/51.68.119.59\/sylvaine\/lefil-dessaisons\/?page_id=5334#primaryimage","url":"http:\/\/51.68.119.59\/sylvaine\/lefil-dessaisons\/wp-content\/uploads\/2021\/03\/basil-leaf.png","contentUrl":"http:\/\/51.68.119.59\/sylvaine\/lefil-dessaisons\/wp-content\/uploads\/2021\/03\/basil-leaf.png","width":209,"height":90},{"@type":"BreadcrumbList","@id":"http:\/\/51.68.119.59\/sylvaine\/lefil-dessaisons\/?page_id=5334#breadcrumb","itemListElement":[{"@type":"ListItem","position":1,"name":"Accueil","item":"http:\/\/51.68.119.59\/sylvaine\/lefil-dessaisons\/"},{"@type":"ListItem","position":2,"name":"About"}]},{"@type":"WebSite","@id":"http:\/\/51.68.119.59\/sylvaine\/lefil-dessaisons\/#website","url":"http:\/\/51.68.119.59\/sylvaine\/lefil-dessaisons\/","name":"Le fil des saisons","description":"","publisher":{"@id":"http:\/\/51.68.119.59\/sylvaine\/lefil-dessaisons\/#organization"},"potentialAction":[{"@type":"SearchAction","target":{"@type":"EntryPoint","urlTemplate":"http:\/\/51.68.119.59\/sylvaine\/lefil-dessaisons\/?s={search_term_string}"},"query-input":{"@type":"PropertyValueSpecification","valueRequired":true,"valueName":"search_term_string"}}],"inLanguage":"fr-FR"},{"@type":"Organization","@id":"http:\/\/51.68.119.59\/sylvaine\/lefil-dessaisons\/#organization","name":"Le fil des saisons","url":"http:\/\/51.68.119.59\/sylvaine\/lefil-dessaisons\/","logo":{"@type":"ImageObject","inLanguage":"fr-FR","@id":"http:\/\/51.68.119.59\/sylvaine\/lefil-dessaisons\/#\/schema\/logo\/image\/","url":"http:\/\/51.68.119.59\/sylvaine\/lefil-dessaisons\/wp-content\/uploads\/2024\/09\/cropped-fildessaisons-logotypeH-color-png.png","contentUrl":"http:\/\/51.68.119.59\/sylvaine\/lefil-dessaisons\/wp-content\/uploads\/2024\/09\/cropped-fildessaisons-logotypeH-color-png.png","width":2391,"height":798,"caption":"Le fil des saisons"},"image":{"@id":"http:\/\/51.68.119.59\/sylvaine\/lefil-dessaisons\/#\/schema\/logo\/image\/"}}]}},"_links":{"self":[{"href":"http:\/\/51.68.119.59\/sylvaine\/lefil-dessaisons\/index.php?rest_route=\/wp\/v2\/pages\/5334"}],"collection":[{"href":"http:\/\/51.68.119.59\/sylvaine\/lefil-dessaisons\/index.php?rest_route=\/wp\/v2\/pages"}],"about":[{"href":"http:\/\/51.68.119.59\/sylvaine\/lefil-dessaisons\/index.php?rest_route=\/wp\/v2\/types\/page"}],"author":[{"embeddable":true,"href":"http:\/\/51.68.119.59\/sylvaine\/lefil-dessaisons\/index.php?rest_route=\/wp\/v2\/users\/1"}],"replies":[{"embeddable":true,"href":"http:\/\/51.68.119.59\/sylvaine\/lefil-dessaisons\/index.php?rest_route=%2Fwp%2Fv2%2Fcomments&post=5334"}],"version-history":[{"count":6,"href":"http:\/\/51.68.119.59\/sylvaine\/lefil-dessaisons\/index.php?rest_route=\/wp\/v2\/pages\/5334\/revisions"}],"predecessor-version":[{"id":5756,"href":"http:\/\/51.68.119.59\/sylvaine\/lefil-dessaisons\/index.php?rest_route=\/wp\/v2\/pages\/5334\/revisions\/5756"}],"wp:attachment":[{"href":"http:\/\/51.68.119.59\/sylvaine\/lefil-dessaisons\/index.php?rest_route=%2Fwp%2Fv2%2Fmedia&parent=5334"}],"curies":[{"name":"wp","href":"https:\/\/api.w.org\/{rel}","templated":true}]}}